{"id":29338,"date":"2019-07-02T15:13:44","date_gmt":"2019-11-04T12:54:58","guid":{"rendered":"https:\/\/www.invicta.fr\/produit\/olea-lpe9-pellet-stove\/"},"modified":"2024-02-15T15:55:27","modified_gmt":"2024-02-15T14:55:27","slug":"pellet-stove-olea-ipe9","status":"publish","type":"product","link":"https:\/\/www.invicta.fr\/en\/produit\/pellet-stove-olea-ipe9\/","title":{"rendered":"Olea IPE9 Pellet Stove"},"content":{"rendered":"","protected":false},"excerpt":{"rendered":"<p>Inject softness and harmony into your home with the rounded lines of the Ol\u00e9a waterproof stove. Warm and positive vibes circulate around this model with sober colors.<\/p>\n","protected":false},"featured_media":0,"template":"","meta":{"_acf_changed":false},"product_brand":[],"product_cat":[2118,2087,6571,6687,5948,5959,5950,5961,6427,6425],"product_tag":[1302,1300,2089,2088,6574,5951,6431,2090,6827,6638,6843],"plus_produit":[2082,2084,2981,2984,2085,6842,2982,5942,3491,6634,2081],"class_list":{"1":"product","5":"product_cat-aide-au-choix-en","6":"product_cat-airtight-pellet-stoves","7":"product_cat-pellet-stoves-9-kw","8":"product_cat-pellet-stoves-waterproof-9-kw","9":"product_cat-autonomous-pellet-stoves","10":"product_cat-design-pellet-stoves","11":"product_cat-contemporary-pellet-stoves","12":"product_cat-round-pellet-stoves","13":"product_cat-pellet-stoves-wall-outlet","14":"product_cat-pellet-stoves-with-suction-outlet","15":"product_tag-flamme-verte-en","16":"product_tag-eco-design-2022-en","17":"product_tag-a-ecolabel-en-2","18":"product_tag-air-tight-connectable","19":"product_tag-remote-control-option-c02260","20":"product_tag-wifi-option-c02270-en","21":"product_tag-zone-3-suction-cup","22":"product_tag-garantie-2-ans-en","23":"product_tag-y-garantie-extension-1-an-en","24":"product_tag-z-credit-tax","25":"product_tag-z-reserve-aux-pros-en","26":"pa_autonomie-maximum-23-5-hours","27":"pa_autonomie-minimum-7-5-hours","28":"pa_capacite-de-la-tremie-16-5-kg-en","29":"pa_consommation-069-214-en","30":"pa_depart-des-fumees-arriere-en","31":"pa_diametre-de-buse-80-mm-en","32":"pa_indice-de-performance-125-en","33":"pa_modulation-de-puissance-3-1-to-9-1-kw","34":"pa_puissance-9-kw-en","35":"pa_surface-de-chauffe-35-to-110-m-en","36":"pa_taux-de-co-00070-00148-en","37":"pa_volume-de-chauffe-85-to-275-m-en","38":"plus_produit-appareil-etanche-compatible-rt2012-en","39":"plus_produit-can-be-installed-facing-front-zone-3-suction","40":"plus_produit-chrono-thermostat-programming","41":"plus_produit-combustion-control-kit-cck","42":"plus_produit-cstb-technical-assessment-no-14-2-15-2130v5","43":"plus_produit-extension-de-garantie-1-an-en-2","44":"plus_produit-optional-external-thermostat-control-not-included","45":"plus_produit-optional-wifi-kit","46":"plus_produit-standby","47":"plus_produit-ventilation-can-be-disabled","48":"plus_produit-ventilator-for-hot-air-output","50":"first","51":"instock","52":"product-type-variable"},"acf":[],"yoast_head":"<!-- This site is optimized with the Yoast SEO plugin v24.7 - https:\/\/yoast.com\/wordpress\/plugins\/seo\/ -->\n<title>Pellet stove Olea IPE9 | INVICTA<\/title>\n<meta name=\"description\" content=\"Discover the Olea IPE9 pellet stove with 9kW heating power \u2705 2-year warranty\u2705 EcoLabel A+ \u2705 Green Flame 7\u2b50 \u2705 Air-tight\u2705\" \/>\n<meta name=\"robots\" content=\"index, follow, max-snippet:-1, max-image-preview:large, max-video-preview:-1\" \/>\n<link rel=\"canonical\" href=\"https:\/\/www.invicta.fr\/en\/produit\/pellet-stove-olea-ipe9\/\" \/>\n<meta property=\"og:locale\" content=\"en_US\" \/>\n<meta property=\"og:type\" content=\"article\" \/>\n<meta property=\"og:title\" content=\"Pellet stove Olea IPE9 | INVICTA\" \/>\n<meta property=\"og:description\" content=\"Discover the Olea IPE9 pellet stove with 9kW heating power \u2705 2-year warranty\u2705 EcoLabel A+ \u2705 Green Flame 7\u2b50 \u2705 Air-tight\u2705\" \/>\n<meta property=\"og:url\" content=\"https:\/\/www.invicta.fr\/en\/produit\/pellet-stove-olea-ipe9\/\" \/>\n<meta property=\"og:site_name\" content=\"Invicta\" \/>\n<meta property=\"article:modified_time\" content=\"2024-02-15T14:55:27+00:00\" \/>\n<meta property=\"og:image\" content=\"https:\/\/www.invicta.fr\/wp-content\/uploads\/2019\/09\/OLEA_noir_1431699433.jpg\" \/>\n\t<meta property=\"og:image:width\" content=\"460\" \/>\n\t<meta property=\"og:image:height\" content=\"862\" \/>\n\t<meta property=\"og:image:type\" content=\"image\/jpeg\" \/>\n<meta name=\"twitter:card\" content=\"summary_large_image\" \/>\n<script type=\"application\/ld+json\" class=\"yoast-schema-graph\">{\"@context\":\"https:\/\/schema.org\",\"@graph\":[{\"@type\":\"WebPage\",\"@id\":\"https:\/\/www.invicta.fr\/en\/produit\/pellet-stove-olea-ipe9\/\",\"url\":\"https:\/\/www.invicta.fr\/en\/produit\/pellet-stove-olea-ipe9\/\",\"name\":\"Pellet stove Olea IPE9 | INVICTA\",\"isPartOf\":{\"@id\":\"https:\/\/www.invicta.fr\/en\/#website\"},\"datePublished\":\"2019-11-04T12:54:58+00:00\",\"dateModified\":\"2024-02-15T14:55:27+00:00\",\"description\":\"Discover the Olea IPE9 pellet stove with 9kW heating power \u2705 2-year warranty\u2705 EcoLabel A+ \u2705 Green Flame 7\u2b50 \u2705 Air-tight\u2705\",\"breadcrumb\":{\"@id\":\"https:\/\/www.invicta.fr\/en\/produit\/pellet-stove-olea-ipe9\/#breadcrumb\"},\"inLanguage\":\"en-US\",\"potentialAction\":[{\"@type\":\"ReadAction\",\"target\":[\"https:\/\/www.invicta.fr\/en\/produit\/pellet-stove-olea-ipe9\/\"]}]},{\"@type\":\"BreadcrumbList\",\"@id\":\"https:\/\/www.invicta.fr\/en\/produit\/pellet-stove-olea-ipe9\/#breadcrumb\",\"itemListElement\":[{\"@type\":\"ListItem\",\"position\":1,\"name\":\"Home\",\"item\":\"https:\/\/www.invicta.fr\/en\/\"},{\"@type\":\"ListItem\",\"position\":2,\"name\":\"Products\",\"item\":\"https:\/\/www.invicta.fr\/en\/shop\/\"},{\"@type\":\"ListItem\",\"position\":3,\"name\":\"Pellet Stoves\",\"item\":\"https:\/\/www.invicta.fr\/en\/categorie-produit\/pellet-stoves-en\/\"},{\"@type\":\"ListItem\",\"position\":4,\"name\":\"Airtight Pellet Stoves\",\"item\":\"https:\/\/www.invicta.fr\/en\/categorie-produit\/pellet-stoves-en\/airtight-pellet-stoves\/\"},{\"@type\":\"ListItem\",\"position\":5,\"name\":\"Olea IPE9 Pellet Stove\"}]},{\"@type\":\"WebSite\",\"@id\":\"https:\/\/www.invicta.fr\/en\/#website\",\"url\":\"https:\/\/www.invicta.fr\/en\/\",\"name\":\"Invicta\",\"description\":\"Fabricant fran\u00e7ais, sp\u00e9cialiste europ\u00e9en du chauffage au bois : po\u00eales \u00e0 bois et \u00e0 granul\u00e9s, chemin\u00e9es, foyers et inserts\",\"publisher\":{\"@id\":\"https:\/\/www.invicta.fr\/en\/#organization\"},\"potentialAction\":[{\"@type\":\"SearchAction\",\"target\":{\"@type\":\"EntryPoint\",\"urlTemplate\":\"https:\/\/www.invicta.fr\/en\/?s={search_term_string}\"},\"query-input\":{\"@type\":\"PropertyValueSpecification\",\"valueRequired\":true,\"valueName\":\"search_term_string\"}}],\"inLanguage\":\"en-US\"},{\"@type\":\"Organization\",\"@id\":\"https:\/\/www.invicta.fr\/en\/#organization\",\"name\":\"Invicta\",\"url\":\"https:\/\/www.invicta.fr\/en\/\",\"logo\":{\"@type\":\"ImageObject\",\"inLanguage\":\"en-US\",\"@id\":\"https:\/\/www.invicta.fr\/en\/#\/schema\/logo\/image\/\",\"url\":\"https:\/\/www.invicta.fr\/wp-content\/uploads\/2019\/06\/INVICTALOGO_RVB.png\",\"contentUrl\":\"https:\/\/www.invicta.fr\/wp-content\/uploads\/2019\/06\/INVICTALOGO_RVB.png\",\"width\":1810,\"height\":1280,\"caption\":\"Invicta\"},\"image\":{\"@id\":\"https:\/\/www.invicta.fr\/en\/#\/schema\/logo\/image\/\"}}]}<\/script>\n<!-- \/ Yoast SEO plugin. -->","yoast_head_json":{"title":"Pellet stove Olea IPE9 | INVICTA","description":"Discover the Olea IPE9 pellet stove with 9kW heating power \u2705 2-year warranty\u2705 EcoLabel A+ \u2705 Green Flame 7\u2b50 \u2705 Air-tight\u2705","robots":{"index":"index","follow":"follow","max-snippet":"max-snippet:-1","max-image-preview":"max-image-preview:large","max-video-preview":"max-video-preview:-1"},"canonical":"https:\/\/www.invicta.fr\/en\/produit\/pellet-stove-olea-ipe9\/","og_locale":"en_US","og_type":"article","og_title":"Pellet stove Olea IPE9 | INVICTA","og_description":"Discover the Olea IPE9 pellet stove with 9kW heating power \u2705 2-year warranty\u2705 EcoLabel A+ \u2705 Green Flame 7\u2b50 \u2705 Air-tight\u2705","og_url":"https:\/\/www.invicta.fr\/en\/produit\/pellet-stove-olea-ipe9\/","og_site_name":"Invicta","article_modified_time":"2024-02-15T14:55:27+00:00","og_image":[{"width":460,"height":862,"url":"https:\/\/www.invicta.fr\/wp-content\/uploads\/2019\/09\/OLEA_noir_1431699433.jpg","type":"image\/jpeg"}],"twitter_card":"summary_large_image","schema":{"@context":"https:\/\/schema.org","@graph":[{"@type":"WebPage","@id":"https:\/\/www.invicta.fr\/en\/produit\/pellet-stove-olea-ipe9\/","url":"https:\/\/www.invicta.fr\/en\/produit\/pellet-stove-olea-ipe9\/","name":"Pellet stove Olea IPE9 | INVICTA","isPartOf":{"@id":"https:\/\/www.invicta.fr\/en\/#website"},"datePublished":"2019-11-04T12:54:58+00:00","dateModified":"2024-02-15T14:55:27+00:00","description":"Discover the Olea IPE9 pellet stove with 9kW heating power \u2705 2-year warranty\u2705 EcoLabel A+ \u2705 Green Flame 7\u2b50 \u2705 Air-tight\u2705","breadcrumb":{"@id":"https:\/\/www.invicta.fr\/en\/produit\/pellet-stove-olea-ipe9\/#breadcrumb"},"inLanguage":"en-US","potentialAction":[{"@type":"ReadAction","target":["https:\/\/www.invicta.fr\/en\/produit\/pellet-stove-olea-ipe9\/"]}]},{"@type":"BreadcrumbList","@id":"https:\/\/www.invicta.fr\/en\/produit\/pellet-stove-olea-ipe9\/#breadcrumb","itemListElement":[{"@type":"ListItem","position":1,"name":"Home","item":"https:\/\/www.invicta.fr\/en\/"},{"@type":"ListItem","position":2,"name":"Products","item":"https:\/\/www.invicta.fr\/en\/shop\/"},{"@type":"ListItem","position":3,"name":"Pellet Stoves","item":"https:\/\/www.invicta.fr\/en\/categorie-produit\/pellet-stoves-en\/"},{"@type":"ListItem","position":4,"name":"Airtight Pellet Stoves","item":"https:\/\/www.invicta.fr\/en\/categorie-produit\/pellet-stoves-en\/airtight-pellet-stoves\/"},{"@type":"ListItem","position":5,"name":"Olea IPE9 Pellet Stove"}]},{"@type":"WebSite","@id":"https:\/\/www.invicta.fr\/en\/#website","url":"https:\/\/www.invicta.fr\/en\/","name":"Invicta","description":"Fabricant fran\u00e7ais, sp\u00e9cialiste europ\u00e9en du chauffage au bois : po\u00eales \u00e0 bois et \u00e0 granul\u00e9s, chemin\u00e9es, foyers et inserts","publisher":{"@id":"https:\/\/www.invicta.fr\/en\/#organization"},"potentialAction":[{"@type":"SearchAction","target":{"@type":"EntryPoint","urlTemplate":"https:\/\/www.invicta.fr\/en\/?s={search_term_string}"},"query-input":{"@type":"PropertyValueSpecification","valueRequired":true,"valueName":"search_term_string"}}],"inLanguage":"en-US"},{"@type":"Organization","@id":"https:\/\/www.invicta.fr\/en\/#organization","name":"Invicta","url":"https:\/\/www.invicta.fr\/en\/","logo":{"@type":"ImageObject","inLanguage":"en-US","@id":"https:\/\/www.invicta.fr\/en\/#\/schema\/logo\/image\/","url":"https:\/\/www.invicta.fr\/wp-content\/uploads\/2019\/06\/INVICTALOGO_RVB.png","contentUrl":"https:\/\/www.invicta.fr\/wp-content\/uploads\/2019\/06\/INVICTALOGO_RVB.png","width":1810,"height":1280,"caption":"Invicta"},"image":{"@id":"https:\/\/www.invicta.fr\/en\/#\/schema\/logo\/image\/"}}]}},"_links":{"self":[{"href":"https:\/\/www.invicta.fr\/en\/wp-json\/wp\/v2\/product\/29338","targetHints":{"allow":["GET"]}}],"collection":[{"href":"https:\/\/www.invicta.fr\/en\/wp-json\/wp\/v2\/product"}],"about":[{"href":"https:\/\/www.invicta.fr\/en\/wp-json\/wp\/v2\/types\/product"}],"wp:attachment":[{"href":"https:\/\/www.invicta.fr\/en\/wp-json\/wp\/v2\/media?parent=29338"}],"wp:term":[{"taxonomy":"product_brand","embeddable":true,"href":"https:\/\/www.invicta.fr\/en\/wp-json\/wp\/v2\/product_brand?post=29338"},{"taxonomy":"product_cat","embeddable":true,"href":"https:\/\/www.invicta.fr\/en\/wp-json\/wp\/v2\/product_cat?post=29338"},{"taxonomy":"product_tag","embeddable":true,"href":"https:\/\/www.invicta.fr\/en\/wp-json\/wp\/v2\/product_tag?post=29338"},{"taxonomy":"plus_produit","embeddable":true,"href":"https:\/\/www.invicta.fr\/en\/wp-json\/wp\/v2\/plus_produit?post=29338"}],"curies":[{"name":"wp","href":"https:\/\/api.w.org\/{rel}","templated":true}]}}