{"id":29668,"date":"2019-07-02T16:50:41","date_gmt":"2019-11-06T14:43:24","guid":{"rendered":"https:\/\/www.invicta.fr\/produit\/carolo-mix-cast-iron-stove\/"},"modified":"2023-04-26T12:03:02","modified_gmt":"2023-04-26T10:03:02","slug":"poele-carolo-mix-2","status":"publish","type":"product","link":"https:\/\/www.invicta.fr\/en\/produit\/poele-carolo-mix-2\/","title":{"rendered":"Carolo Mix Cast Iron Stove"},"content":{"rendered":"","protected":false},"excerpt":{"rendered":"<p>For those who don&#8217;t know whether to choose between a wood burning stove or a pellet stove, there&#8217;s the Carolo Mix. This stove combines the best of both types of fuel. Simple to use, it can be easily switched from one function to another. You&#8217;ll be charmed by its eye-catching design.<\/p>\n","protected":false},"featured_media":0,"template":"","meta":{"_acf_changed":false},"product_brand":[],"product_cat":[2118,2119,6096],"product_tag":[1302,1297,1300,1299,1301,1304,1305,1307,2090,6827,6638],"plus_produit":[3011,1842,6842,3417,3012,3009,3411],"class_list":{"1":"product","5":"product_cat-aide-au-choix-en","6":"product_cat-poeles-hybrides-buches-et-granules-en-2-wood-burning-stoves","7":"product_cat-7-kw-wood-stoves","8":"product_tag-flamme-verte-en","9":"product_tag-100-fonte-en","10":"product_tag-eco-design-2022-en","11":"product_tag-a-ecolabel-en","12":"product_tag-fabrication-francaise-en","13":"product_tag-mixte-buches-et-granules-en","14":"product_tag-post-combustion-en","15":"product_tag-silencieux-convection-naturelle-en","16":"product_tag-garantie-2-ans-en","17":"product_tag-y-garantie-extension-1-an-en","18":"product_tag-z-credit-tax","19":"pa_autonomie-maximum-17-hours","20":"pa_autonomie-minimum-8-hours-en","21":"pa_capacite-de-la-tremie-15-kg-en","22":"pa_depart-des-fumees-dessus-en","23":"pa_diametre-de-buse-150-mm-en","24":"pa_surface-de-chauffe-40-to-85-m","25":"pa_taux-de-co-008-en","26":"pa_volume-de-chauffe-100-210-m-en","27":"plus_produit-adjustable-secondary-air","28":"plus_produit-clean-glass-en","29":"plus_produit-extension-de-garantie-1-an-en-2","30":"plus_produit-hybrid-logs-and-pellets","31":"plus_produit-origine-france-garantie-made-in-france-guarantee","32":"plus_produit-post-combustion-system","33":"plus_produit-quiet-natural-convection-unit","35":"first","36":"instock","37":"product-type-simple"},"acf":[],"yoast_head":"<!-- This site is optimized with the Yoast SEO plugin v24.7 - https:\/\/yoast.com\/wordpress\/plugins\/seo\/ -->\n<title>Carolo Mix Cast Iron Stove - Invicta<\/title>\n<meta name=\"description\" content=\"For those who don&#039;t know whether to choose between a wood burning stove or a pellet stove, there&#039;s the Carolo Mix. This stove combines the best of both types of fuel. Simple to use, it can be easily switched from one function to another. You&#039;ll be charmed by its eye-catching design.\" \/>\n<meta name=\"robots\" content=\"index, follow, max-snippet:-1, max-image-preview:large, max-video-preview:-1\" \/>\n<link rel=\"canonical\" href=\"https:\/\/www.invicta.fr\/en\/produit\/poele-carolo-mix-2\/\" \/>\n<meta property=\"og:locale\" content=\"en_US\" \/>\n<meta property=\"og:type\" content=\"article\" \/>\n<meta property=\"og:title\" content=\"Carolo Mix Cast Iron Stove - Invicta\" \/>\n<meta property=\"og:description\" content=\"For those who don&#039;t know whether to choose between a wood burning stove or a pellet stove, there&#039;s the Carolo Mix. This stove combines the best of both types of fuel. Simple to use, it can be easily switched from one function to another. You&#039;ll be charmed by its eye-catching design.\" \/>\n<meta property=\"og:url\" content=\"https:\/\/www.invicta.fr\/en\/produit\/poele-carolo-mix-2\/\" \/>\n<meta property=\"og:site_name\" content=\"Invicta\" \/>\n<meta property=\"article:modified_time\" content=\"2023-04-26T10:03:02+00:00\" \/>\n<meta property=\"og:image\" content=\"https:\/\/www.invicta.fr\/wp-content\/uploads\/2019\/07\/new-CAROLO-MIX-FEU-1.jpg\" \/>\n\t<meta property=\"og:image:width\" content=\"555\" \/>\n\t<meta property=\"og:image:height\" content=\"539\" \/>\n\t<meta property=\"og:image:type\" content=\"image\/jpeg\" \/>\n<meta name=\"twitter:card\" content=\"summary_large_image\" \/>\n<script type=\"application\/ld+json\" class=\"yoast-schema-graph\">{\"@context\":\"https:\/\/schema.org\",\"@graph\":[{\"@type\":\"WebPage\",\"@id\":\"https:\/\/www.invicta.fr\/en\/produit\/poele-carolo-mix-2\/\",\"url\":\"https:\/\/www.invicta.fr\/en\/produit\/poele-carolo-mix-2\/\",\"name\":\"Carolo Mix Cast Iron Stove - Invicta\",\"isPartOf\":{\"@id\":\"https:\/\/www.invicta.fr\/en\/#website\"},\"datePublished\":\"2019-11-06T14:43:24+00:00\",\"dateModified\":\"2023-04-26T10:03:02+00:00\",\"description\":\"For those who don't know whether to choose between a wood burning stove or a pellet stove, there's the Carolo Mix. This stove combines the best of both types of fuel. Simple to use, it can be easily switched from one function to another. You'll be charmed by its eye-catching design.\",\"breadcrumb\":{\"@id\":\"https:\/\/www.invicta.fr\/en\/produit\/poele-carolo-mix-2\/#breadcrumb\"},\"inLanguage\":\"en-US\",\"potentialAction\":[{\"@type\":\"ReadAction\",\"target\":[\"https:\/\/www.invicta.fr\/en\/produit\/poele-carolo-mix-2\/\"]}]},{\"@type\":\"BreadcrumbList\",\"@id\":\"https:\/\/www.invicta.fr\/en\/produit\/poele-carolo-mix-2\/#breadcrumb\",\"itemListElement\":[{\"@type\":\"ListItem\",\"position\":1,\"name\":\"Home\",\"item\":\"https:\/\/www.invicta.fr\/en\/\"},{\"@type\":\"ListItem\",\"position\":2,\"name\":\"Products\",\"item\":\"https:\/\/www.invicta.fr\/en\/shop\/\"},{\"@type\":\"ListItem\",\"position\":3,\"name\":\"Wood burning stoves\",\"item\":\"https:\/\/www.invicta.fr\/en\/categorie-produit\/wood-burning-stoves\/\"},{\"@type\":\"ListItem\",\"position\":4,\"name\":\"Hybrid stoves, logs and pellets\",\"item\":\"https:\/\/www.invicta.fr\/en\/categorie-produit\/wood-burning-stoves\/poeles-hybrides-buches-et-granules-en-2-wood-burning-stoves\/\"},{\"@type\":\"ListItem\",\"position\":5,\"name\":\"Carolo Mix Cast Iron Stove\"}]},{\"@type\":\"WebSite\",\"@id\":\"https:\/\/www.invicta.fr\/en\/#website\",\"url\":\"https:\/\/www.invicta.fr\/en\/\",\"name\":\"Invicta\",\"description\":\"Fabricant fran\u00e7ais, sp\u00e9cialiste europ\u00e9en du chauffage au bois : po\u00eales \u00e0 bois et \u00e0 granul\u00e9s, chemin\u00e9es, foyers et inserts\",\"publisher\":{\"@id\":\"https:\/\/www.invicta.fr\/en\/#organization\"},\"potentialAction\":[{\"@type\":\"SearchAction\",\"target\":{\"@type\":\"EntryPoint\",\"urlTemplate\":\"https:\/\/www.invicta.fr\/en\/?s={search_term_string}\"},\"query-input\":{\"@type\":\"PropertyValueSpecification\",\"valueRequired\":true,\"valueName\":\"search_term_string\"}}],\"inLanguage\":\"en-US\"},{\"@type\":\"Organization\",\"@id\":\"https:\/\/www.invicta.fr\/en\/#organization\",\"name\":\"Invicta\",\"url\":\"https:\/\/www.invicta.fr\/en\/\",\"logo\":{\"@type\":\"ImageObject\",\"inLanguage\":\"en-US\",\"@id\":\"https:\/\/www.invicta.fr\/en\/#\/schema\/logo\/image\/\",\"url\":\"https:\/\/www.invicta.fr\/wp-content\/uploads\/2019\/06\/INVICTALOGO_RVB.png\",\"contentUrl\":\"https:\/\/www.invicta.fr\/wp-content\/uploads\/2019\/06\/INVICTALOGO_RVB.png\",\"width\":1810,\"height\":1280,\"caption\":\"Invicta\"},\"image\":{\"@id\":\"https:\/\/www.invicta.fr\/en\/#\/schema\/logo\/image\/\"}}]}<\/script>\n<!-- \/ Yoast SEO plugin. -->","yoast_head_json":{"title":"Carolo Mix Cast Iron Stove - Invicta","description":"For those who don't know whether to choose between a wood burning stove or a pellet stove, there's the Carolo Mix. This stove combines the best of both types of fuel. Simple to use, it can be easily switched from one function to another. You'll be charmed by its eye-catching design.","robots":{"index":"index","follow":"follow","max-snippet":"max-snippet:-1","max-image-preview":"max-image-preview:large","max-video-preview":"max-video-preview:-1"},"canonical":"https:\/\/www.invicta.fr\/en\/produit\/poele-carolo-mix-2\/","og_locale":"en_US","og_type":"article","og_title":"Carolo Mix Cast Iron Stove - Invicta","og_description":"For those who don't know whether to choose between a wood burning stove or a pellet stove, there's the Carolo Mix. This stove combines the best of both types of fuel. Simple to use, it can be easily switched from one function to another. You'll be charmed by its eye-catching design.","og_url":"https:\/\/www.invicta.fr\/en\/produit\/poele-carolo-mix-2\/","og_site_name":"Invicta","article_modified_time":"2023-04-26T10:03:02+00:00","og_image":[{"width":555,"height":539,"url":"https:\/\/www.invicta.fr\/wp-content\/uploads\/2019\/07\/new-CAROLO-MIX-FEU-1.jpg","type":"image\/jpeg"}],"twitter_card":"summary_large_image","schema":{"@context":"https:\/\/schema.org","@graph":[{"@type":"WebPage","@id":"https:\/\/www.invicta.fr\/en\/produit\/poele-carolo-mix-2\/","url":"https:\/\/www.invicta.fr\/en\/produit\/poele-carolo-mix-2\/","name":"Carolo Mix Cast Iron Stove - Invicta","isPartOf":{"@id":"https:\/\/www.invicta.fr\/en\/#website"},"datePublished":"2019-11-06T14:43:24+00:00","dateModified":"2023-04-26T10:03:02+00:00","description":"For those who don't know whether to choose between a wood burning stove or a pellet stove, there's the Carolo Mix. This stove combines the best of both types of fuel. Simple to use, it can be easily switched from one function to another. You'll be charmed by its eye-catching design.","breadcrumb":{"@id":"https:\/\/www.invicta.fr\/en\/produit\/poele-carolo-mix-2\/#breadcrumb"},"inLanguage":"en-US","potentialAction":[{"@type":"ReadAction","target":["https:\/\/www.invicta.fr\/en\/produit\/poele-carolo-mix-2\/"]}]},{"@type":"BreadcrumbList","@id":"https:\/\/www.invicta.fr\/en\/produit\/poele-carolo-mix-2\/#breadcrumb","itemListElement":[{"@type":"ListItem","position":1,"name":"Home","item":"https:\/\/www.invicta.fr\/en\/"},{"@type":"ListItem","position":2,"name":"Products","item":"https:\/\/www.invicta.fr\/en\/shop\/"},{"@type":"ListItem","position":3,"name":"Wood burning stoves","item":"https:\/\/www.invicta.fr\/en\/categorie-produit\/wood-burning-stoves\/"},{"@type":"ListItem","position":4,"name":"Hybrid stoves, logs and pellets","item":"https:\/\/www.invicta.fr\/en\/categorie-produit\/wood-burning-stoves\/poeles-hybrides-buches-et-granules-en-2-wood-burning-stoves\/"},{"@type":"ListItem","position":5,"name":"Carolo Mix Cast Iron Stove"}]},{"@type":"WebSite","@id":"https:\/\/www.invicta.fr\/en\/#website","url":"https:\/\/www.invicta.fr\/en\/","name":"Invicta","description":"Fabricant fran\u00e7ais, sp\u00e9cialiste europ\u00e9en du chauffage au bois : po\u00eales \u00e0 bois et \u00e0 granul\u00e9s, chemin\u00e9es, foyers et inserts","publisher":{"@id":"https:\/\/www.invicta.fr\/en\/#organization"},"potentialAction":[{"@type":"SearchAction","target":{"@type":"EntryPoint","urlTemplate":"https:\/\/www.invicta.fr\/en\/?s={search_term_string}"},"query-input":{"@type":"PropertyValueSpecification","valueRequired":true,"valueName":"search_term_string"}}],"inLanguage":"en-US"},{"@type":"Organization","@id":"https:\/\/www.invicta.fr\/en\/#organization","name":"Invicta","url":"https:\/\/www.invicta.fr\/en\/","logo":{"@type":"ImageObject","inLanguage":"en-US","@id":"https:\/\/www.invicta.fr\/en\/#\/schema\/logo\/image\/","url":"https:\/\/www.invicta.fr\/wp-content\/uploads\/2019\/06\/INVICTALOGO_RVB.png","contentUrl":"https:\/\/www.invicta.fr\/wp-content\/uploads\/2019\/06\/INVICTALOGO_RVB.png","width":1810,"height":1280,"caption":"Invicta"},"image":{"@id":"https:\/\/www.invicta.fr\/en\/#\/schema\/logo\/image\/"}}]}},"_links":{"self":[{"href":"https:\/\/www.invicta.fr\/en\/wp-json\/wp\/v2\/product\/29668","targetHints":{"allow":["GET"]}}],"collection":[{"href":"https:\/\/www.invicta.fr\/en\/wp-json\/wp\/v2\/product"}],"about":[{"href":"https:\/\/www.invicta.fr\/en\/wp-json\/wp\/v2\/types\/product"}],"wp:attachment":[{"href":"https:\/\/www.invicta.fr\/en\/wp-json\/wp\/v2\/media?parent=29668"}],"wp:term":[{"taxonomy":"product_brand","embeddable":true,"href":"https:\/\/www.invicta.fr\/en\/wp-json\/wp\/v2\/product_brand?post=29668"},{"taxonomy":"product_cat","embeddable":true,"href":"https:\/\/www.invicta.fr\/en\/wp-json\/wp\/v2\/product_cat?post=29668"},{"taxonomy":"product_tag","embeddable":true,"href":"https:\/\/www.invicta.fr\/en\/wp-json\/wp\/v2\/product_tag?post=29668"},{"taxonomy":"plus_produit","embeddable":true,"href":"https:\/\/www.invicta.fr\/en\/wp-json\/wp\/v2\/plus_produit?post=29668"}],"curies":[{"name":"wp","href":"https:\/\/api.w.org\/{rel}","templated":true}]}}