{"id":29674,"date":"2019-07-04T11:22:51","date_gmt":"2019-11-06T14:43:27","guid":{"rendered":"https:\/\/www.invicta.fr\/produit\/bassano-5-pellet-stove\/"},"modified":"2026-02-24T11:24:20","modified_gmt":"2026-02-24T10:24:20","slug":"bassano-5-2","status":"publish","type":"product","link":"https:\/\/www.invicta.fr\/en\/produit\/bassano-5-2\/","title":{"rendered":"Bassano 5 Pellet Stove"},"content":{"rendered":"","protected":false},"excerpt":{"rendered":"<p>Small and compact, Bassano is the pellet stove for small spaces and small budgets. Enjoy the best quality\/price ratio on the market!<\/p>\n<p>&nbsp;<\/p>\n","protected":false},"featured_media":29626,"template":"","meta":{"_acf_changed":false},"product_brand":[],"product_cat":[2118,3076,6635,5948,5945,5950,5947,6637,5960],"product_tag":[7106,1302,1300,2089,5951,2090,6827,6638],"plus_produit":[6842,3074,2982,5942,3488,2980,3491,3494,2081],"class_list":{"1":"product","4":"has-post-thumbnail","6":"product_cat-aide-au-choix-en","7":"product_cat-pellet-stoves-pellet-stoves-en","8":"product_cat-pellet-stoves-6-kw","9":"product_cat-autonomous-pellet-stoves","10":"product_cat-programmable-pellet-stoves","11":"product_cat-contemporary-pellet-stoves","12":"product_cat-modern-pellet-stoves","13":"product_cat-small-pellet-stoves","14":"product_cat-pellet-stoves-top-outlet","15":"product_tag-en16510-en","16":"product_tag-flamme-verte-en","17":"product_tag-eco-design-2022-en","18":"product_tag-a-ecolabel-en-2","19":"product_tag-wifi-option-c02270-en","20":"product_tag-garantie-2-ans-en","21":"product_tag-y-garantie-extension-1-an-en","22":"product_tag-z-credit-tax","23":"pa_autonomie-maximum-8-hours","24":"pa_autonomie-minimum-8-hours-en","25":"pa_capacite-de-la-tremie-8-kg-en","26":"pa_consommation-0-95-kg-hour","27":"pa_depart-des-fumees-top-or-back","28":"pa_diametre-de-buse-80-mm-en","29":"pa_indice-de-performance-123-en-2","30":"pa_options-t-connector-installation","31":"pa_puissance-4-2-kw","32":"pa_surface-de-chauffe-48-m-en","33":"pa_taux-de-co-0010-en","34":"pa_volume-de-chauffe-125-m3-en","35":"plus_produit-extension-de-garantie-1-an-en-2","36":"plus_produit-hourly-schedule","37":"plus_produit-optional-external-thermostat-control-not-included","38":"plus_produit-optional-wifi-kit","39":"plus_produit-perfect-for-tight-budgets","40":"plus_produit-power-5-or-room-temperature-control","41":"plus_produit-standby","42":"plus_produit-top-outlet","43":"plus_produit-ventilator-for-hot-air-output","45":"first","46":"instock","47":"shipping-taxable","48":"product-type-variable"},"acf":[],"yoast_head":"<!-- This site is optimized with the Yoast SEO plugin v24.7 - https:\/\/yoast.com\/wordpress\/plugins\/seo\/ -->\n<title>Bassano 5 Pellet Stove - Invicta<\/title>\n<meta name=\"description\" content=\"Small and compact, Bassano is the pellet stove for small spaces and small budgets. Enjoy the best quality\/price ratio on the market!  &nbsp;\" \/>\n<meta name=\"robots\" content=\"index, follow, max-snippet:-1, max-image-preview:large, max-video-preview:-1\" \/>\n<link rel=\"canonical\" href=\"https:\/\/www.invicta.fr\/en\/produit\/bassano-5-2\/\" \/>\n<meta property=\"og:locale\" content=\"en_US\" \/>\n<meta property=\"og:type\" content=\"article\" \/>\n<meta property=\"og:title\" content=\"Bassano 5 Pellet Stove - Invicta\" \/>\n<meta property=\"og:description\" content=\"Small and compact, Bassano is the pellet stove for small spaces and small budgets. Enjoy the best quality\/price ratio on the market!  &nbsp;\" \/>\n<meta property=\"og:url\" content=\"https:\/\/www.invicta.fr\/en\/produit\/bassano-5-2\/\" \/>\n<meta property=\"og:site_name\" content=\"Invicta\" \/>\n<meta property=\"article:modified_time\" content=\"2026-02-24T10:24:20+00:00\" \/>\n<meta name=\"twitter:card\" content=\"summary_large_image\" \/>\n<script type=\"application\/ld+json\" class=\"yoast-schema-graph\">{\"@context\":\"https:\/\/schema.org\",\"@graph\":[{\"@type\":\"WebPage\",\"@id\":\"https:\/\/www.invicta.fr\/en\/produit\/bassano-5-2\/\",\"url\":\"https:\/\/www.invicta.fr\/en\/produit\/bassano-5-2\/\",\"name\":\"Bassano 5 Pellet Stove - Invicta\",\"isPartOf\":{\"@id\":\"https:\/\/www.invicta.fr\/en\/#website\"},\"primaryImageOfPage\":{\"@id\":\"https:\/\/www.invicta.fr\/en\/produit\/bassano-5-2\/#primaryimage\"},\"image\":{\"@id\":\"https:\/\/www.invicta.fr\/en\/produit\/bassano-5-2\/#primaryimage\"},\"thumbnailUrl\":\"https:\/\/www.invicta.fr\/wp-content\/uploads\/2019\/07\/BASSANO-noir.jpg\",\"datePublished\":\"2019-11-06T14:43:27+00:00\",\"dateModified\":\"2026-02-24T10:24:20+00:00\",\"description\":\"Small and compact, Bassano is the pellet stove for small spaces and small budgets. Enjoy the best quality\/price ratio on the market! &nbsp;\",\"breadcrumb\":{\"@id\":\"https:\/\/www.invicta.fr\/en\/produit\/bassano-5-2\/#breadcrumb\"},\"inLanguage\":\"en-US\",\"potentialAction\":[{\"@type\":\"ReadAction\",\"target\":[\"https:\/\/www.invicta.fr\/en\/produit\/bassano-5-2\/\"]}]},{\"@type\":\"ImageObject\",\"inLanguage\":\"en-US\",\"@id\":\"https:\/\/www.invicta.fr\/en\/produit\/bassano-5-2\/#primaryimage\",\"url\":\"https:\/\/www.invicta.fr\/wp-content\/uploads\/2019\/07\/BASSANO-noir.jpg\",\"contentUrl\":\"https:\/\/www.invicta.fr\/wp-content\/uploads\/2019\/07\/BASSANO-noir.jpg\",\"width\":667,\"height\":998,\"caption\":\"Po\u00eale \u00e0 granul\u00e9s Invicta Bassano\"},{\"@type\":\"BreadcrumbList\",\"@id\":\"https:\/\/www.invicta.fr\/en\/produit\/bassano-5-2\/#breadcrumb\",\"itemListElement\":[{\"@type\":\"ListItem\",\"position\":1,\"name\":\"Home\",\"item\":\"https:\/\/www.invicta.fr\/en\/\"},{\"@type\":\"ListItem\",\"position\":2,\"name\":\"Products\",\"item\":\"https:\/\/www.invicta.fr\/en\/shop\/\"},{\"@type\":\"ListItem\",\"position\":3,\"name\":\"Pellet Stoves\",\"item\":\"https:\/\/www.invicta.fr\/en\/categorie-produit\/pellet-stoves-en\/\"},{\"@type\":\"ListItem\",\"position\":4,\"name\":\"Pellet Stoves\",\"item\":\"https:\/\/www.invicta.fr\/en\/categorie-produit\/pellet-stoves-en\/pellet-stoves-pellet-stoves-en\/\"},{\"@type\":\"ListItem\",\"position\":5,\"name\":\"Bassano 5 Pellet Stove\"}]},{\"@type\":\"WebSite\",\"@id\":\"https:\/\/www.invicta.fr\/en\/#website\",\"url\":\"https:\/\/www.invicta.fr\/en\/\",\"name\":\"Invicta\",\"description\":\"Fabricant fran\u00e7ais, sp\u00e9cialiste europ\u00e9en du chauffage au bois : po\u00eales \u00e0 bois et \u00e0 granul\u00e9s, chemin\u00e9es, foyers et inserts\",\"publisher\":{\"@id\":\"https:\/\/www.invicta.fr\/en\/#organization\"},\"potentialAction\":[{\"@type\":\"SearchAction\",\"target\":{\"@type\":\"EntryPoint\",\"urlTemplate\":\"https:\/\/www.invicta.fr\/en\/?s={search_term_string}\"},\"query-input\":{\"@type\":\"PropertyValueSpecification\",\"valueRequired\":true,\"valueName\":\"search_term_string\"}}],\"inLanguage\":\"en-US\"},{\"@type\":\"Organization\",\"@id\":\"https:\/\/www.invicta.fr\/en\/#organization\",\"name\":\"Invicta\",\"url\":\"https:\/\/www.invicta.fr\/en\/\",\"logo\":{\"@type\":\"ImageObject\",\"inLanguage\":\"en-US\",\"@id\":\"https:\/\/www.invicta.fr\/en\/#\/schema\/logo\/image\/\",\"url\":\"https:\/\/www.invicta.fr\/wp-content\/uploads\/2019\/06\/INVICTALOGO_RVB.png\",\"contentUrl\":\"https:\/\/www.invicta.fr\/wp-content\/uploads\/2019\/06\/INVICTALOGO_RVB.png\",\"width\":1810,\"height\":1280,\"caption\":\"Invicta\"},\"image\":{\"@id\":\"https:\/\/www.invicta.fr\/en\/#\/schema\/logo\/image\/\"}}]}<\/script>\n<!-- \/ Yoast SEO plugin. -->","yoast_head_json":{"title":"Bassano 5 Pellet Stove - Invicta","description":"Small and compact, Bassano is the pellet stove for small spaces and small budgets. Enjoy the best quality\/price ratio on the market!  &nbsp;","robots":{"index":"index","follow":"follow","max-snippet":"max-snippet:-1","max-image-preview":"max-image-preview:large","max-video-preview":"max-video-preview:-1"},"canonical":"https:\/\/www.invicta.fr\/en\/produit\/bassano-5-2\/","og_locale":"en_US","og_type":"article","og_title":"Bassano 5 Pellet Stove - Invicta","og_description":"Small and compact, Bassano is the pellet stove for small spaces and small budgets. Enjoy the best quality\/price ratio on the market!  &nbsp;","og_url":"https:\/\/www.invicta.fr\/en\/produit\/bassano-5-2\/","og_site_name":"Invicta","article_modified_time":"2026-02-24T10:24:20+00:00","twitter_card":"summary_large_image","schema":{"@context":"https:\/\/schema.org","@graph":[{"@type":"WebPage","@id":"https:\/\/www.invicta.fr\/en\/produit\/bassano-5-2\/","url":"https:\/\/www.invicta.fr\/en\/produit\/bassano-5-2\/","name":"Bassano 5 Pellet Stove - Invicta","isPartOf":{"@id":"https:\/\/www.invicta.fr\/en\/#website"},"primaryImageOfPage":{"@id":"https:\/\/www.invicta.fr\/en\/produit\/bassano-5-2\/#primaryimage"},"image":{"@id":"https:\/\/www.invicta.fr\/en\/produit\/bassano-5-2\/#primaryimage"},"thumbnailUrl":"https:\/\/www.invicta.fr\/wp-content\/uploads\/2019\/07\/BASSANO-noir.jpg","datePublished":"2019-11-06T14:43:27+00:00","dateModified":"2026-02-24T10:24:20+00:00","description":"Small and compact, Bassano is the pellet stove for small spaces and small budgets. Enjoy the best quality\/price ratio on the market! &nbsp;","breadcrumb":{"@id":"https:\/\/www.invicta.fr\/en\/produit\/bassano-5-2\/#breadcrumb"},"inLanguage":"en-US","potentialAction":[{"@type":"ReadAction","target":["https:\/\/www.invicta.fr\/en\/produit\/bassano-5-2\/"]}]},{"@type":"ImageObject","inLanguage":"en-US","@id":"https:\/\/www.invicta.fr\/en\/produit\/bassano-5-2\/#primaryimage","url":"https:\/\/www.invicta.fr\/wp-content\/uploads\/2019\/07\/BASSANO-noir.jpg","contentUrl":"https:\/\/www.invicta.fr\/wp-content\/uploads\/2019\/07\/BASSANO-noir.jpg","width":667,"height":998,"caption":"Po\u00eale \u00e0 granul\u00e9s Invicta Bassano"},{"@type":"BreadcrumbList","@id":"https:\/\/www.invicta.fr\/en\/produit\/bassano-5-2\/#breadcrumb","itemListElement":[{"@type":"ListItem","position":1,"name":"Home","item":"https:\/\/www.invicta.fr\/en\/"},{"@type":"ListItem","position":2,"name":"Products","item":"https:\/\/www.invicta.fr\/en\/shop\/"},{"@type":"ListItem","position":3,"name":"Pellet Stoves","item":"https:\/\/www.invicta.fr\/en\/categorie-produit\/pellet-stoves-en\/"},{"@type":"ListItem","position":4,"name":"Pellet Stoves","item":"https:\/\/www.invicta.fr\/en\/categorie-produit\/pellet-stoves-en\/pellet-stoves-pellet-stoves-en\/"},{"@type":"ListItem","position":5,"name":"Bassano 5 Pellet Stove"}]},{"@type":"WebSite","@id":"https:\/\/www.invicta.fr\/en\/#website","url":"https:\/\/www.invicta.fr\/en\/","name":"Invicta","description":"Fabricant fran\u00e7ais, sp\u00e9cialiste europ\u00e9en du chauffage au bois : po\u00eales \u00e0 bois et \u00e0 granul\u00e9s, chemin\u00e9es, foyers et inserts","publisher":{"@id":"https:\/\/www.invicta.fr\/en\/#organization"},"potentialAction":[{"@type":"SearchAction","target":{"@type":"EntryPoint","urlTemplate":"https:\/\/www.invicta.fr\/en\/?s={search_term_string}"},"query-input":{"@type":"PropertyValueSpecification","valueRequired":true,"valueName":"search_term_string"}}],"inLanguage":"en-US"},{"@type":"Organization","@id":"https:\/\/www.invicta.fr\/en\/#organization","name":"Invicta","url":"https:\/\/www.invicta.fr\/en\/","logo":{"@type":"ImageObject","inLanguage":"en-US","@id":"https:\/\/www.invicta.fr\/en\/#\/schema\/logo\/image\/","url":"https:\/\/www.invicta.fr\/wp-content\/uploads\/2019\/06\/INVICTALOGO_RVB.png","contentUrl":"https:\/\/www.invicta.fr\/wp-content\/uploads\/2019\/06\/INVICTALOGO_RVB.png","width":1810,"height":1280,"caption":"Invicta"},"image":{"@id":"https:\/\/www.invicta.fr\/en\/#\/schema\/logo\/image\/"}}]}},"_links":{"self":[{"href":"https:\/\/www.invicta.fr\/en\/wp-json\/wp\/v2\/product\/29674","targetHints":{"allow":["GET"]}}],"collection":[{"href":"https:\/\/www.invicta.fr\/en\/wp-json\/wp\/v2\/product"}],"about":[{"href":"https:\/\/www.invicta.fr\/en\/wp-json\/wp\/v2\/types\/product"}],"wp:featuredmedia":[{"embeddable":true,"href":"https:\/\/www.invicta.fr\/en\/wp-json\/wp\/v2\/media\/29626"}],"wp:attachment":[{"href":"https:\/\/www.invicta.fr\/en\/wp-json\/wp\/v2\/media?parent=29674"}],"wp:term":[{"taxonomy":"product_brand","embeddable":true,"href":"https:\/\/www.invicta.fr\/en\/wp-json\/wp\/v2\/product_brand?post=29674"},{"taxonomy":"product_cat","embeddable":true,"href":"https:\/\/www.invicta.fr\/en\/wp-json\/wp\/v2\/product_cat?post=29674"},{"taxonomy":"product_tag","embeddable":true,"href":"https:\/\/www.invicta.fr\/en\/wp-json\/wp\/v2\/product_tag?post=29674"},{"taxonomy":"plus_produit","embeddable":true,"href":"https:\/\/www.invicta.fr\/en\/wp-json\/wp\/v2\/plus_produit?post=29674"}],"curies":[{"name":"wp","href":"https:\/\/api.w.org\/{rel}","templated":true}]}}