{"id":29676,"date":"2019-07-02T12:01:38","date_gmt":"2019-11-06T14:43:27","guid":{"rendered":"https:\/\/www.invicta.fr\/produit\/altara-plug-in-auto-right\/"},"modified":"2023-07-31T18:12:58","modified_gmt":"2023-07-31T16:12:58","slug":"altara-plug-in-auto-right-pellet-stove","status":"publish","type":"product","link":"https:\/\/www.invicta.fr\/en\/produit\/altara-plug-in-auto-right-pellet-stove\/","title":{"rendered":"Altara Plug-IN AUTO Right &#8211; Pellet Stove"},"content":{"rendered":"<p><iframe title=\"PLUGIN 2018 - Invicta\" width=\"500\" height=\"281\" src=\"https:\/\/www.youtube.com\/embed\/6SvXiUP1vkc?feature=oembed\" frameborder=\"0\" allow=\"accelerometer; autoplay; clipboard-write; encrypted-media; gyroscope; picture-in-picture; web-share\" referrerpolicy=\"strict-origin-when-cross-origin\" allowfullscreen><\/iframe><\/p>\n","protected":false},"excerpt":{"rendered":"<p>Fully automatic, the Altara Plug-IN Auto, part of a new generation of pellet stoves, brings style and thermal comfort to your home. With its wall module concealing a 21 kg reservoir, you can enjoy the good looks and natural warmth of the Altara cast iron stove in complete peace of mind.<\/p>\n","protected":false},"featured_media":27267,"template":"","meta":{"_acf_changed":false},"product_brand":[],"product_cat":[2118,3420,5962,5948,5945,5959,5950,5947,5961,5960],"product_tag":[3421,1302,1300,2089,1301,3423,1307,5951,2090,6827,6638,6843],"plus_produit":[3011,3416,6842,3074,3418,2982,5942,2980,3411],"class_list":{"1":"product","4":"has-post-thumbnail","6":"product_cat-aide-au-choix-en","7":"product_cat-plug-in-a-new-generation-of-pellet-stoves-pellet-stoves","8":"product_cat-7-kw-pellet-stoves","9":"product_cat-autonomous-pellet-stoves","10":"product_cat-programmable-pellet-stoves","11":"product_cat-design-pellet-stoves","12":"product_cat-contemporary-pellet-stoves","13":"product_cat-modern-pellet-stoves","14":"product_cat-round-pellet-stoves","15":"product_cat-pellet-stoves-top-outlet","16":"product_tag-plug-in-en","17":"product_tag-flamme-verte-en","18":"product_tag-eco-design-2022-en","19":"product_tag-a-ecolabel-en-2","20":"product_tag-fabrication-francaise-en","21":"product_tag-fully-automatic","22":"product_tag-silencieux-convection-naturelle-en","23":"product_tag-wifi-option-c02270-en","24":"product_tag-garantie-2-ans-en","25":"product_tag-y-garantie-extension-1-an-en","26":"product_tag-z-credit-tax","27":"product_tag-z-reserve-aux-pros-en","28":"pa_autonomie-maximum-30-hours","29":"pa_autonomie-minimum-11-hours-en","30":"pa_depart-des-fumees-on-top-of-the-hopper-on-the-right","31":"pa_diametre-de-buse-80-mm-en","32":"pa_puissance-8-kw-en","33":"plus_produit-adjustable-secondary-air","34":"plus_produit-automatic-on-off","35":"plus_produit-extension-de-garantie-1-an-en-2","36":"plus_produit-hourly-schedule","37":"plus_produit-innovative-wall-module-technique","38":"plus_produit-optional-external-thermostat-control-not-included","39":"plus_produit-optional-wifi-kit","40":"plus_produit-power-5-or-room-temperature-control","41":"plus_produit-quiet-natural-convection-unit","43":"first","44":"instock","45":"product-type-simple"},"acf":[],"yoast_head":"<!-- This site is optimized with the Yoast SEO plugin v24.7 - https:\/\/yoast.com\/wordpress\/plugins\/seo\/ -->\n<title>Altara Plug-IN AUTO Right - Pellet Stove - Invicta<\/title>\n<meta name=\"description\" content=\"Fully automatic, the Altara Plug-IN Auto, part of a new generation of pellet stoves, brings style and thermal comfort to your home. With its wall module concealing a 21 kg reservoir, you can enjoy the good looks and natural warmth of the Altara cast iron stove in complete peace of mind.\" \/>\n<meta name=\"robots\" content=\"index, follow, max-snippet:-1, max-image-preview:large, max-video-preview:-1\" \/>\n<link rel=\"canonical\" href=\"https:\/\/www.invicta.fr\/en\/produit\/altara-plug-in-auto-right-pellet-stove\/\" \/>\n<meta property=\"og:locale\" content=\"en_US\" \/>\n<meta property=\"og:type\" content=\"article\" \/>\n<meta property=\"og:title\" content=\"Altara Plug-IN AUTO Right - Pellet Stove - Invicta\" \/>\n<meta property=\"og:description\" content=\"Fully automatic, the Altara Plug-IN Auto, part of a new generation of pellet stoves, brings style and thermal comfort to your home. With its wall module concealing a 21 kg reservoir, you can enjoy the good looks and natural warmth of the Altara cast iron stove in complete peace of mind.\" \/>\n<meta property=\"og:url\" content=\"https:\/\/www.invicta.fr\/en\/produit\/altara-plug-in-auto-right-pellet-stove\/\" \/>\n<meta property=\"og:site_name\" content=\"Invicta\" \/>\n<meta property=\"article:modified_time\" content=\"2023-07-31T16:12:58+00:00\" \/>\n<meta property=\"og:image\" content=\"https:\/\/www.invicta.fr\/wp-content\/uploads\/2019\/08\/plugin-Altara-inox.jpg\" \/>\n\t<meta property=\"og:image:width\" content=\"700\" \/>\n\t<meta property=\"og:image:height\" content=\"1034\" \/>\n\t<meta property=\"og:image:type\" content=\"image\/jpeg\" \/>\n<meta name=\"twitter:card\" content=\"summary_large_image\" \/>\n<script type=\"application\/ld+json\" class=\"yoast-schema-graph\">{\"@context\":\"https:\/\/schema.org\",\"@graph\":[{\"@type\":\"WebPage\",\"@id\":\"https:\/\/www.invicta.fr\/en\/produit\/altara-plug-in-auto-right-pellet-stove\/\",\"url\":\"https:\/\/www.invicta.fr\/en\/produit\/altara-plug-in-auto-right-pellet-stove\/\",\"name\":\"Altara Plug-IN AUTO Right - Pellet Stove - Invicta\",\"isPartOf\":{\"@id\":\"https:\/\/www.invicta.fr\/en\/#website\"},\"primaryImageOfPage\":{\"@id\":\"https:\/\/www.invicta.fr\/en\/produit\/altara-plug-in-auto-right-pellet-stove\/#primaryimage\"},\"image\":{\"@id\":\"https:\/\/www.invicta.fr\/en\/produit\/altara-plug-in-auto-right-pellet-stove\/#primaryimage\"},\"thumbnailUrl\":\"https:\/\/www.invicta.fr\/wp-content\/uploads\/2019\/08\/plugin-Altara-inox.jpg\",\"datePublished\":\"2019-11-06T14:43:27+00:00\",\"dateModified\":\"2023-07-31T16:12:58+00:00\",\"description\":\"Fully automatic, the Altara Plug-IN Auto, part of a new generation of pellet stoves, brings style and thermal comfort to your home. With its wall module concealing a 21 kg reservoir, you can enjoy the good looks and natural warmth of the Altara cast iron stove in complete peace of mind.\",\"breadcrumb\":{\"@id\":\"https:\/\/www.invicta.fr\/en\/produit\/altara-plug-in-auto-right-pellet-stove\/#breadcrumb\"},\"inLanguage\":\"en-US\",\"potentialAction\":[{\"@type\":\"ReadAction\",\"target\":[\"https:\/\/www.invicta.fr\/en\/produit\/altara-plug-in-auto-right-pellet-stove\/\"]}]},{\"@type\":\"ImageObject\",\"inLanguage\":\"en-US\",\"@id\":\"https:\/\/www.invicta.fr\/en\/produit\/altara-plug-in-auto-right-pellet-stove\/#primaryimage\",\"url\":\"https:\/\/www.invicta.fr\/wp-content\/uploads\/2019\/08\/plugin-Altara-inox.jpg\",\"contentUrl\":\"https:\/\/www.invicta.fr\/wp-content\/uploads\/2019\/08\/plugin-Altara-inox.jpg\",\"width\":700,\"height\":1034,\"caption\":\"Po\u00eale \u00e0 granul\u00e9s Invicta Altara Plug-IN - 8 kW\"},{\"@type\":\"BreadcrumbList\",\"@id\":\"https:\/\/www.invicta.fr\/en\/produit\/altara-plug-in-auto-right-pellet-stove\/#breadcrumb\",\"itemListElement\":[{\"@type\":\"ListItem\",\"position\":1,\"name\":\"Home\",\"item\":\"https:\/\/www.invicta.fr\/en\/\"},{\"@type\":\"ListItem\",\"position\":2,\"name\":\"Products\",\"item\":\"https:\/\/www.invicta.fr\/en\/shop\/\"},{\"@type\":\"ListItem\",\"position\":3,\"name\":\"Pellet Stoves\",\"item\":\"https:\/\/www.invicta.fr\/en\/categorie-produit\/pellet-stoves-en\/\"},{\"@type\":\"ListItem\",\"position\":4,\"name\":\"Plug-IN : design and innovation\",\"item\":\"https:\/\/www.invicta.fr\/en\/categorie-produit\/pellet-stoves-en\/plug-in-a-new-generation-of-pellet-stoves-pellet-stoves\/\"},{\"@type\":\"ListItem\",\"position\":5,\"name\":\"Altara Plug-IN AUTO Right &#8211; Pellet Stove\"}]},{\"@type\":\"WebSite\",\"@id\":\"https:\/\/www.invicta.fr\/en\/#website\",\"url\":\"https:\/\/www.invicta.fr\/en\/\",\"name\":\"Invicta\",\"description\":\"Fabricant fran\u00e7ais, sp\u00e9cialiste europ\u00e9en du chauffage au bois : po\u00eales \u00e0 bois et \u00e0 granul\u00e9s, chemin\u00e9es, foyers et inserts\",\"publisher\":{\"@id\":\"https:\/\/www.invicta.fr\/en\/#organization\"},\"potentialAction\":[{\"@type\":\"SearchAction\",\"target\":{\"@type\":\"EntryPoint\",\"urlTemplate\":\"https:\/\/www.invicta.fr\/en\/?s={search_term_string}\"},\"query-input\":{\"@type\":\"PropertyValueSpecification\",\"valueRequired\":true,\"valueName\":\"search_term_string\"}}],\"inLanguage\":\"en-US\"},{\"@type\":\"Organization\",\"@id\":\"https:\/\/www.invicta.fr\/en\/#organization\",\"name\":\"Invicta\",\"url\":\"https:\/\/www.invicta.fr\/en\/\",\"logo\":{\"@type\":\"ImageObject\",\"inLanguage\":\"en-US\",\"@id\":\"https:\/\/www.invicta.fr\/en\/#\/schema\/logo\/image\/\",\"url\":\"https:\/\/www.invicta.fr\/wp-content\/uploads\/2019\/06\/INVICTALOGO_RVB.png\",\"contentUrl\":\"https:\/\/www.invicta.fr\/wp-content\/uploads\/2019\/06\/INVICTALOGO_RVB.png\",\"width\":1810,\"height\":1280,\"caption\":\"Invicta\"},\"image\":{\"@id\":\"https:\/\/www.invicta.fr\/en\/#\/schema\/logo\/image\/\"}}]}<\/script>\n<!-- \/ Yoast SEO plugin. -->","yoast_head_json":{"title":"Altara Plug-IN AUTO Right - Pellet Stove - Invicta","description":"Fully automatic, the Altara Plug-IN Auto, part of a new generation of pellet stoves, brings style and thermal comfort to your home. With its wall module concealing a 21 kg reservoir, you can enjoy the good looks and natural warmth of the Altara cast iron stove in complete peace of mind.","robots":{"index":"index","follow":"follow","max-snippet":"max-snippet:-1","max-image-preview":"max-image-preview:large","max-video-preview":"max-video-preview:-1"},"canonical":"https:\/\/www.invicta.fr\/en\/produit\/altara-plug-in-auto-right-pellet-stove\/","og_locale":"en_US","og_type":"article","og_title":"Altara Plug-IN AUTO Right - Pellet Stove - Invicta","og_description":"Fully automatic, the Altara Plug-IN Auto, part of a new generation of pellet stoves, brings style and thermal comfort to your home. With its wall module concealing a 21 kg reservoir, you can enjoy the good looks and natural warmth of the Altara cast iron stove in complete peace of mind.","og_url":"https:\/\/www.invicta.fr\/en\/produit\/altara-plug-in-auto-right-pellet-stove\/","og_site_name":"Invicta","article_modified_time":"2023-07-31T16:12:58+00:00","og_image":[{"width":700,"height":1034,"url":"https:\/\/www.invicta.fr\/wp-content\/uploads\/2019\/08\/plugin-Altara-inox.jpg","type":"image\/jpeg"}],"twitter_card":"summary_large_image","schema":{"@context":"https:\/\/schema.org","@graph":[{"@type":"WebPage","@id":"https:\/\/www.invicta.fr\/en\/produit\/altara-plug-in-auto-right-pellet-stove\/","url":"https:\/\/www.invicta.fr\/en\/produit\/altara-plug-in-auto-right-pellet-stove\/","name":"Altara Plug-IN AUTO Right - Pellet Stove - Invicta","isPartOf":{"@id":"https:\/\/www.invicta.fr\/en\/#website"},"primaryImageOfPage":{"@id":"https:\/\/www.invicta.fr\/en\/produit\/altara-plug-in-auto-right-pellet-stove\/#primaryimage"},"image":{"@id":"https:\/\/www.invicta.fr\/en\/produit\/altara-plug-in-auto-right-pellet-stove\/#primaryimage"},"thumbnailUrl":"https:\/\/www.invicta.fr\/wp-content\/uploads\/2019\/08\/plugin-Altara-inox.jpg","datePublished":"2019-11-06T14:43:27+00:00","dateModified":"2023-07-31T16:12:58+00:00","description":"Fully automatic, the Altara Plug-IN Auto, part of a new generation of pellet stoves, brings style and thermal comfort to your home. With its wall module concealing a 21 kg reservoir, you can enjoy the good looks and natural warmth of the Altara cast iron stove in complete peace of mind.","breadcrumb":{"@id":"https:\/\/www.invicta.fr\/en\/produit\/altara-plug-in-auto-right-pellet-stove\/#breadcrumb"},"inLanguage":"en-US","potentialAction":[{"@type":"ReadAction","target":["https:\/\/www.invicta.fr\/en\/produit\/altara-plug-in-auto-right-pellet-stove\/"]}]},{"@type":"ImageObject","inLanguage":"en-US","@id":"https:\/\/www.invicta.fr\/en\/produit\/altara-plug-in-auto-right-pellet-stove\/#primaryimage","url":"https:\/\/www.invicta.fr\/wp-content\/uploads\/2019\/08\/plugin-Altara-inox.jpg","contentUrl":"https:\/\/www.invicta.fr\/wp-content\/uploads\/2019\/08\/plugin-Altara-inox.jpg","width":700,"height":1034,"caption":"Po\u00eale \u00e0 granul\u00e9s Invicta Altara Plug-IN - 8 kW"},{"@type":"BreadcrumbList","@id":"https:\/\/www.invicta.fr\/en\/produit\/altara-plug-in-auto-right-pellet-stove\/#breadcrumb","itemListElement":[{"@type":"ListItem","position":1,"name":"Home","item":"https:\/\/www.invicta.fr\/en\/"},{"@type":"ListItem","position":2,"name":"Products","item":"https:\/\/www.invicta.fr\/en\/shop\/"},{"@type":"ListItem","position":3,"name":"Pellet Stoves","item":"https:\/\/www.invicta.fr\/en\/categorie-produit\/pellet-stoves-en\/"},{"@type":"ListItem","position":4,"name":"Plug-IN : design and innovation","item":"https:\/\/www.invicta.fr\/en\/categorie-produit\/pellet-stoves-en\/plug-in-a-new-generation-of-pellet-stoves-pellet-stoves\/"},{"@type":"ListItem","position":5,"name":"Altara Plug-IN AUTO Right &#8211; Pellet Stove"}]},{"@type":"WebSite","@id":"https:\/\/www.invicta.fr\/en\/#website","url":"https:\/\/www.invicta.fr\/en\/","name":"Invicta","description":"Fabricant fran\u00e7ais, sp\u00e9cialiste europ\u00e9en du chauffage au bois : po\u00eales \u00e0 bois et \u00e0 granul\u00e9s, chemin\u00e9es, foyers et inserts","publisher":{"@id":"https:\/\/www.invicta.fr\/en\/#organization"},"potentialAction":[{"@type":"SearchAction","target":{"@type":"EntryPoint","urlTemplate":"https:\/\/www.invicta.fr\/en\/?s={search_term_string}"},"query-input":{"@type":"PropertyValueSpecification","valueRequired":true,"valueName":"search_term_string"}}],"inLanguage":"en-US"},{"@type":"Organization","@id":"https:\/\/www.invicta.fr\/en\/#organization","name":"Invicta","url":"https:\/\/www.invicta.fr\/en\/","logo":{"@type":"ImageObject","inLanguage":"en-US","@id":"https:\/\/www.invicta.fr\/en\/#\/schema\/logo\/image\/","url":"https:\/\/www.invicta.fr\/wp-content\/uploads\/2019\/06\/INVICTALOGO_RVB.png","contentUrl":"https:\/\/www.invicta.fr\/wp-content\/uploads\/2019\/06\/INVICTALOGO_RVB.png","width":1810,"height":1280,"caption":"Invicta"},"image":{"@id":"https:\/\/www.invicta.fr\/en\/#\/schema\/logo\/image\/"}}]}},"_links":{"self":[{"href":"https:\/\/www.invicta.fr\/en\/wp-json\/wp\/v2\/product\/29676","targetHints":{"allow":["GET"]}}],"collection":[{"href":"https:\/\/www.invicta.fr\/en\/wp-json\/wp\/v2\/product"}],"about":[{"href":"https:\/\/www.invicta.fr\/en\/wp-json\/wp\/v2\/types\/product"}],"wp:featuredmedia":[{"embeddable":true,"href":"https:\/\/www.invicta.fr\/en\/wp-json\/wp\/v2\/media\/27267"}],"wp:attachment":[{"href":"https:\/\/www.invicta.fr\/en\/wp-json\/wp\/v2\/media?parent=29676"}],"wp:term":[{"taxonomy":"product_brand","embeddable":true,"href":"https:\/\/www.invicta.fr\/en\/wp-json\/wp\/v2\/product_brand?post=29676"},{"taxonomy":"product_cat","embeddable":true,"href":"https:\/\/www.invicta.fr\/en\/wp-json\/wp\/v2\/product_cat?post=29676"},{"taxonomy":"product_tag","embeddable":true,"href":"https:\/\/www.invicta.fr\/en\/wp-json\/wp\/v2\/product_tag?post=29676"},{"taxonomy":"plus_produit","embeddable":true,"href":"https:\/\/www.invicta.fr\/en\/wp-json\/wp\/v2\/plus_produit?post=29676"}],"curies":[{"name":"wp","href":"https:\/\/api.w.org\/{rel}","templated":true}]}}