{"id":29745,"date":"2019-07-11T10:21:53","date_gmt":"2019-11-06T14:43:56","guid":{"rendered":"https:\/\/www.invicta.fr\/produit\/selenic-700-fireplace-with-right-side-window\/"},"modified":"2022-11-16T18:26:47","modified_gmt":"2022-11-16T17:26:47","slug":"700-selenic-right-glass-inset-stove","status":"publish","type":"product","link":"https:\/\/www.invicta.fr\/en\/produit\/700-selenic-right-glass-inset-stove\/","title":{"rendered":"700 Selenic Right Glass Inset Stove"},"content":{"rendered":"","protected":false},"excerpt":{"rendered":"<p>The magic of fire will captivate you from more than one angle. The eyes wander and break free.<\/p>\n","protected":false},"featured_media":0,"template":"","meta":{"_acf_changed":false},"product_brand":[],"product_cat":[2118,3689],"product_tag":[1302,1297,1300,1299,1301,1305,2090,6830,6638],"plus_produit":[1842,6836,3735,3708,3012,3009,3685],"class_list":{"1":"product","5":"product_cat-aide-au-choix-en","6":"product_cat-wood-burning-fireplaces-fireplaces-and-inserts","7":"product_tag-flamme-verte-en","8":"product_tag-100-fonte-en","9":"product_tag-eco-design-2022-en","10":"product_tag-a-ecolabel-en","11":"product_tag-fabrication-francaise-en","12":"product_tag-post-combustion-en","13":"product_tag-garantie-2-ans-en","14":"product_tag-y-extension-garantie-3ans-en","15":"product_tag-z-credit-tax","16":"pa_depart-des-fumees-dessus-en","17":"pa_diametre-de-buse-6758","18":"pa_indice-de-performance-100-en","19":"pa_puissance-10-kw-en","20":"pa_surface-de-chauffe-55-120-m-en","21":"pa_taux-de-co-012-en","22":"pa_volume-de-chauffe-135-300-m-en","23":"plus_produit-clean-glass-en","24":"plus_produit-3-year-extended-warranty","25":"plus_produit-flue-valve","26":"plus_produit-intermittent-and-3-hour-extended-burning","27":"plus_produit-origine-france-garantie-made-in-france-guarantee","28":"plus_produit-post-combustion-system","29":"plus_produit-superior-view-of-the-flames","31":"first","32":"instock","33":"product-type-simple"},"acf":[],"yoast_head":"<!-- This site is optimized with the Yoast SEO plugin v24.7 - https:\/\/yoast.com\/wordpress\/plugins\/seo\/ -->\n<title>700 Selenic Right Glass Inset Stove - Invicta<\/title>\n<meta name=\"description\" content=\"The magic of fire will captivate you from more than one angle. The eyes wander and break free.\" \/>\n<meta name=\"robots\" content=\"index, follow, max-snippet:-1, max-image-preview:large, max-video-preview:-1\" \/>\n<link rel=\"canonical\" href=\"https:\/\/www.invicta.fr\/en\/produit\/700-selenic-right-glass-inset-stove\/\" \/>\n<meta property=\"og:locale\" content=\"en_US\" \/>\n<meta property=\"og:type\" content=\"article\" \/>\n<meta property=\"og:title\" content=\"700 Selenic Right Glass Inset Stove - Invicta\" \/>\n<meta property=\"og:description\" content=\"The magic of fire will captivate you from more than one angle. The eyes wander and break free.\" \/>\n<meta property=\"og:url\" content=\"https:\/\/www.invicta.fr\/en\/produit\/700-selenic-right-glass-inset-stove\/\" \/>\n<meta property=\"og:site_name\" content=\"Invicta\" \/>\n<meta property=\"article:modified_time\" content=\"2022-11-16T17:26:47+00:00\" \/>\n<meta property=\"og:image\" content=\"https:\/\/www.invicta.fr\/wp-content\/uploads\/2019\/07\/SELENIC-vitre-droite-WEB.jpg\" \/>\n\t<meta property=\"og:image:width\" content=\"677\" \/>\n\t<meta property=\"og:image:height\" content=\"800\" \/>\n\t<meta property=\"og:image:type\" content=\"image\/jpeg\" \/>\n<meta name=\"twitter:card\" content=\"summary_large_image\" \/>\n<script type=\"application\/ld+json\" class=\"yoast-schema-graph\">{\"@context\":\"https:\/\/schema.org\",\"@graph\":[{\"@type\":\"WebPage\",\"@id\":\"https:\/\/www.invicta.fr\/en\/produit\/700-selenic-right-glass-inset-stove\/\",\"url\":\"https:\/\/www.invicta.fr\/en\/produit\/700-selenic-right-glass-inset-stove\/\",\"name\":\"700 Selenic Right Glass Inset Stove - Invicta\",\"isPartOf\":{\"@id\":\"https:\/\/www.invicta.fr\/en\/#website\"},\"datePublished\":\"2019-11-06T14:43:56+00:00\",\"dateModified\":\"2022-11-16T17:26:47+00:00\",\"description\":\"The magic of fire will captivate you from more than one angle. The eyes wander and break free.\",\"breadcrumb\":{\"@id\":\"https:\/\/www.invicta.fr\/en\/produit\/700-selenic-right-glass-inset-stove\/#breadcrumb\"},\"inLanguage\":\"en-US\",\"potentialAction\":[{\"@type\":\"ReadAction\",\"target\":[\"https:\/\/www.invicta.fr\/en\/produit\/700-selenic-right-glass-inset-stove\/\"]}]},{\"@type\":\"BreadcrumbList\",\"@id\":\"https:\/\/www.invicta.fr\/en\/produit\/700-selenic-right-glass-inset-stove\/#breadcrumb\",\"itemListElement\":[{\"@type\":\"ListItem\",\"position\":1,\"name\":\"Home\",\"item\":\"https:\/\/www.invicta.fr\/en\/\"},{\"@type\":\"ListItem\",\"position\":2,\"name\":\"Products\",\"item\":\"https:\/\/www.invicta.fr\/en\/shop\/\"},{\"@type\":\"ListItem\",\"position\":3,\"name\":\"Fireplaces and inserts\",\"item\":\"https:\/\/www.invicta.fr\/en\/categorie-produit\/fireplaces-and-inserts\/\"},{\"@type\":\"ListItem\",\"position\":4,\"name\":\"Wood Burning Fireplaces\",\"item\":\"https:\/\/www.invicta.fr\/en\/categorie-produit\/fireplaces-and-inserts\/wood-burning-fireplaces-fireplaces-and-inserts\/\"},{\"@type\":\"ListItem\",\"position\":5,\"name\":\"700 Selenic Right Glass Inset Stove\"}]},{\"@type\":\"WebSite\",\"@id\":\"https:\/\/www.invicta.fr\/en\/#website\",\"url\":\"https:\/\/www.invicta.fr\/en\/\",\"name\":\"Invicta\",\"description\":\"Fabricant fran\u00e7ais, sp\u00e9cialiste europ\u00e9en du chauffage au bois : po\u00eales \u00e0 bois et \u00e0 granul\u00e9s, chemin\u00e9es, foyers et inserts\",\"publisher\":{\"@id\":\"https:\/\/www.invicta.fr\/en\/#organization\"},\"potentialAction\":[{\"@type\":\"SearchAction\",\"target\":{\"@type\":\"EntryPoint\",\"urlTemplate\":\"https:\/\/www.invicta.fr\/en\/?s={search_term_string}\"},\"query-input\":{\"@type\":\"PropertyValueSpecification\",\"valueRequired\":true,\"valueName\":\"search_term_string\"}}],\"inLanguage\":\"en-US\"},{\"@type\":\"Organization\",\"@id\":\"https:\/\/www.invicta.fr\/en\/#organization\",\"name\":\"Invicta\",\"url\":\"https:\/\/www.invicta.fr\/en\/\",\"logo\":{\"@type\":\"ImageObject\",\"inLanguage\":\"en-US\",\"@id\":\"https:\/\/www.invicta.fr\/en\/#\/schema\/logo\/image\/\",\"url\":\"https:\/\/www.invicta.fr\/wp-content\/uploads\/2019\/06\/INVICTALOGO_RVB.png\",\"contentUrl\":\"https:\/\/www.invicta.fr\/wp-content\/uploads\/2019\/06\/INVICTALOGO_RVB.png\",\"width\":1810,\"height\":1280,\"caption\":\"Invicta\"},\"image\":{\"@id\":\"https:\/\/www.invicta.fr\/en\/#\/schema\/logo\/image\/\"}}]}<\/script>\n<!-- \/ Yoast SEO plugin. -->","yoast_head_json":{"title":"700 Selenic Right Glass Inset Stove - Invicta","description":"The magic of fire will captivate you from more than one angle. The eyes wander and break free.","robots":{"index":"index","follow":"follow","max-snippet":"max-snippet:-1","max-image-preview":"max-image-preview:large","max-video-preview":"max-video-preview:-1"},"canonical":"https:\/\/www.invicta.fr\/en\/produit\/700-selenic-right-glass-inset-stove\/","og_locale":"en_US","og_type":"article","og_title":"700 Selenic Right Glass Inset Stove - Invicta","og_description":"The magic of fire will captivate you from more than one angle. The eyes wander and break free.","og_url":"https:\/\/www.invicta.fr\/en\/produit\/700-selenic-right-glass-inset-stove\/","og_site_name":"Invicta","article_modified_time":"2022-11-16T17:26:47+00:00","og_image":[{"width":677,"height":800,"url":"https:\/\/www.invicta.fr\/wp-content\/uploads\/2019\/07\/SELENIC-vitre-droite-WEB.jpg","type":"image\/jpeg"}],"twitter_card":"summary_large_image","schema":{"@context":"https:\/\/schema.org","@graph":[{"@type":"WebPage","@id":"https:\/\/www.invicta.fr\/en\/produit\/700-selenic-right-glass-inset-stove\/","url":"https:\/\/www.invicta.fr\/en\/produit\/700-selenic-right-glass-inset-stove\/","name":"700 Selenic Right Glass Inset Stove - Invicta","isPartOf":{"@id":"https:\/\/www.invicta.fr\/en\/#website"},"datePublished":"2019-11-06T14:43:56+00:00","dateModified":"2022-11-16T17:26:47+00:00","description":"The magic of fire will captivate you from more than one angle. The eyes wander and break free.","breadcrumb":{"@id":"https:\/\/www.invicta.fr\/en\/produit\/700-selenic-right-glass-inset-stove\/#breadcrumb"},"inLanguage":"en-US","potentialAction":[{"@type":"ReadAction","target":["https:\/\/www.invicta.fr\/en\/produit\/700-selenic-right-glass-inset-stove\/"]}]},{"@type":"BreadcrumbList","@id":"https:\/\/www.invicta.fr\/en\/produit\/700-selenic-right-glass-inset-stove\/#breadcrumb","itemListElement":[{"@type":"ListItem","position":1,"name":"Home","item":"https:\/\/www.invicta.fr\/en\/"},{"@type":"ListItem","position":2,"name":"Products","item":"https:\/\/www.invicta.fr\/en\/shop\/"},{"@type":"ListItem","position":3,"name":"Fireplaces and inserts","item":"https:\/\/www.invicta.fr\/en\/categorie-produit\/fireplaces-and-inserts\/"},{"@type":"ListItem","position":4,"name":"Wood Burning Fireplaces","item":"https:\/\/www.invicta.fr\/en\/categorie-produit\/fireplaces-and-inserts\/wood-burning-fireplaces-fireplaces-and-inserts\/"},{"@type":"ListItem","position":5,"name":"700 Selenic Right Glass Inset Stove"}]},{"@type":"WebSite","@id":"https:\/\/www.invicta.fr\/en\/#website","url":"https:\/\/www.invicta.fr\/en\/","name":"Invicta","description":"Fabricant fran\u00e7ais, sp\u00e9cialiste europ\u00e9en du chauffage au bois : po\u00eales \u00e0 bois et \u00e0 granul\u00e9s, chemin\u00e9es, foyers et inserts","publisher":{"@id":"https:\/\/www.invicta.fr\/en\/#organization"},"potentialAction":[{"@type":"SearchAction","target":{"@type":"EntryPoint","urlTemplate":"https:\/\/www.invicta.fr\/en\/?s={search_term_string}"},"query-input":{"@type":"PropertyValueSpecification","valueRequired":true,"valueName":"search_term_string"}}],"inLanguage":"en-US"},{"@type":"Organization","@id":"https:\/\/www.invicta.fr\/en\/#organization","name":"Invicta","url":"https:\/\/www.invicta.fr\/en\/","logo":{"@type":"ImageObject","inLanguage":"en-US","@id":"https:\/\/www.invicta.fr\/en\/#\/schema\/logo\/image\/","url":"https:\/\/www.invicta.fr\/wp-content\/uploads\/2019\/06\/INVICTALOGO_RVB.png","contentUrl":"https:\/\/www.invicta.fr\/wp-content\/uploads\/2019\/06\/INVICTALOGO_RVB.png","width":1810,"height":1280,"caption":"Invicta"},"image":{"@id":"https:\/\/www.invicta.fr\/en\/#\/schema\/logo\/image\/"}}]}},"_links":{"self":[{"href":"https:\/\/www.invicta.fr\/en\/wp-json\/wp\/v2\/product\/29745","targetHints":{"allow":["GET"]}}],"collection":[{"href":"https:\/\/www.invicta.fr\/en\/wp-json\/wp\/v2\/product"}],"about":[{"href":"https:\/\/www.invicta.fr\/en\/wp-json\/wp\/v2\/types\/product"}],"wp:attachment":[{"href":"https:\/\/www.invicta.fr\/en\/wp-json\/wp\/v2\/media?parent=29745"}],"wp:term":[{"taxonomy":"product_brand","embeddable":true,"href":"https:\/\/www.invicta.fr\/en\/wp-json\/wp\/v2\/product_brand?post=29745"},{"taxonomy":"product_cat","embeddable":true,"href":"https:\/\/www.invicta.fr\/en\/wp-json\/wp\/v2\/product_cat?post=29745"},{"taxonomy":"product_tag","embeddable":true,"href":"https:\/\/www.invicta.fr\/en\/wp-json\/wp\/v2\/product_tag?post=29745"},{"taxonomy":"plus_produit","embeddable":true,"href":"https:\/\/www.invicta.fr\/en\/wp-json\/wp\/v2\/plus_produit?post=29745"}],"curies":[{"name":"wp","href":"https:\/\/api.w.org\/{rel}","templated":true}]}}