{"id":29779,"date":"2019-08-07T10:44:00","date_gmt":"2019-11-06T14:44:18","guid":{"rendered":"https:\/\/www.invicta.fr\/produit\/sedan-l-cast-iron-stove\/"},"modified":"2026-04-08T10:48:58","modified_gmt":"2026-04-08T08:48:58","slug":"poele-fonte-sedan-l-2","status":"publish","type":"product","link":"https:\/\/www.invicta.fr\/en\/produit\/poele-fonte-sedan-l-2\/","title":{"rendered":"Sedan L Cast Iron Stove"},"content":{"rendered":"","protected":false},"excerpt":{"rendered":"<p>The retro style of the Sedan L wood burning stove fits perfectly into a warm and friendly setting. A practical feature is the ability to load the logs from the side.<\/p>\n","protected":false},"featured_media":26863,"template":"","meta":{"_acf_changed":false},"product_brand":[],"product_cat":[2118,3013,6098,6216,6169],"product_tag":[7106,1302,1297,1300,1299,1301,1305,2090,6830,6638],"plus_produit":[3011,1842,6836,3012,3009,5261],"class_list":{"1":"product","4":"has-post-thumbnail","6":"product_cat-aide-au-choix-en","7":"product_cat-cast-iron-and-steel-wood-burning-stoves-wood-burning-stoves","8":"product_cat-wood-stoves-logs-50-cm","9":"product_cat-rear-exit-wood-stoves","10":"product_cat-traditional-wood-stoves","11":"product_tag-en16510-en","12":"product_tag-flamme-verte-en","13":"product_tag-100-fonte-en","14":"product_tag-eco-design-2022-en","15":"product_tag-a-ecolabel-en","16":"product_tag-fabrication-francaise-en","17":"product_tag-post-combustion-en","18":"product_tag-garantie-2-ans-en","19":"product_tag-y-extension-garantie-3ans-en","20":"product_tag-z-credit-tax","21":"pa_depart-des-fumees-top-or-back","22":"pa_diametre-de-buse-180-mm-en","23":"pa_indice-de-performance-100-en","24":"pa_puissance-optimale-12-kw-en","25":"pa_surface-de-chauffe-65-to-145-m","26":"pa_taux-de-co-012-en","27":"pa_volume-de-chauffe-160-to-360-m","28":"plus_produit-adjustable-secondary-air","29":"plus_produit-clean-glass-en","30":"plus_produit-3-year-extended-warranty","31":"plus_produit-origine-france-garantie-made-in-france-guarantee","32":"plus_produit-post-combustion-system","33":"plus_produit-side-loading","35":"first","36":"instock","37":"product-type-simple"},"acf":[],"yoast_head":"<!-- This site is optimized with the Yoast SEO plugin v24.7 - https:\/\/yoast.com\/wordpress\/plugins\/seo\/ -->\n<title>Sedan L Cast Iron Stove - Invicta<\/title>\n<meta name=\"description\" content=\"The retro style of the Sedan L wood burning stove fits perfectly into a warm and friendly setting. A practical feature is the ability to load the logs from the side.\" \/>\n<meta name=\"robots\" content=\"index, follow, max-snippet:-1, max-image-preview:large, max-video-preview:-1\" \/>\n<link rel=\"canonical\" href=\"https:\/\/www.invicta.fr\/en\/produit\/poele-fonte-sedan-l-2\/\" \/>\n<meta property=\"og:locale\" content=\"en_US\" \/>\n<meta property=\"og:type\" content=\"article\" \/>\n<meta property=\"og:title\" content=\"Sedan L Cast Iron Stove - Invicta\" \/>\n<meta property=\"og:description\" content=\"The retro style of the Sedan L wood burning stove fits perfectly into a warm and friendly setting. A practical feature is the ability to load the logs from the side.\" \/>\n<meta property=\"og:url\" content=\"https:\/\/www.invicta.fr\/en\/produit\/poele-fonte-sedan-l-2\/\" \/>\n<meta property=\"og:site_name\" content=\"Invicta\" \/>\n<meta property=\"article:modified_time\" content=\"2026-04-08T08:48:58+00:00\" \/>\n<meta name=\"twitter:card\" content=\"summary_large_image\" \/>\n<script type=\"application\/ld+json\" class=\"yoast-schema-graph\">{\"@context\":\"https:\/\/schema.org\",\"@graph\":[{\"@type\":\"WebPage\",\"@id\":\"https:\/\/www.invicta.fr\/en\/produit\/poele-fonte-sedan-l-2\/\",\"url\":\"https:\/\/www.invicta.fr\/en\/produit\/poele-fonte-sedan-l-2\/\",\"name\":\"Sedan L Cast Iron Stove - Invicta\",\"isPartOf\":{\"@id\":\"https:\/\/www.invicta.fr\/en\/#website\"},\"primaryImageOfPage\":{\"@id\":\"https:\/\/www.invicta.fr\/en\/produit\/poele-fonte-sedan-l-2\/#primaryimage\"},\"image\":{\"@id\":\"https:\/\/www.invicta.fr\/en\/produit\/poele-fonte-sedan-l-2\/#primaryimage\"},\"thumbnailUrl\":\"https:\/\/www.invicta.fr\/wp-content\/uploads\/2019\/08\/NEW-sedan-L-noir-600x647-1.jpg\",\"datePublished\":\"2019-11-06T14:44:18+00:00\",\"dateModified\":\"2026-04-08T08:48:58+00:00\",\"description\":\"The retro style of the Sedan L wood burning stove fits perfectly into a warm and friendly setting. A practical feature is the ability to load the logs from the side.\",\"breadcrumb\":{\"@id\":\"https:\/\/www.invicta.fr\/en\/produit\/poele-fonte-sedan-l-2\/#breadcrumb\"},\"inLanguage\":\"en-US\",\"potentialAction\":[{\"@type\":\"ReadAction\",\"target\":[\"https:\/\/www.invicta.fr\/en\/produit\/poele-fonte-sedan-l-2\/\"]}]},{\"@type\":\"ImageObject\",\"inLanguage\":\"en-US\",\"@id\":\"https:\/\/www.invicta.fr\/en\/produit\/poele-fonte-sedan-l-2\/#primaryimage\",\"url\":\"https:\/\/www.invicta.fr\/wp-content\/uploads\/2019\/08\/NEW-sedan-L-noir-600x647-1.jpg\",\"contentUrl\":\"https:\/\/www.invicta.fr\/wp-content\/uploads\/2019\/08\/NEW-sedan-L-noir-600x647-1.jpg\",\"width\":720,\"height\":767,\"caption\":\"Po\u00eale \u00e0 bois fonte Invicta Sedan L anthracite - 12 kW\"},{\"@type\":\"BreadcrumbList\",\"@id\":\"https:\/\/www.invicta.fr\/en\/produit\/poele-fonte-sedan-l-2\/#breadcrumb\",\"itemListElement\":[{\"@type\":\"ListItem\",\"position\":1,\"name\":\"Home\",\"item\":\"https:\/\/www.invicta.fr\/en\/\"},{\"@type\":\"ListItem\",\"position\":2,\"name\":\"Products\",\"item\":\"https:\/\/www.invicta.fr\/en\/shop\/\"},{\"@type\":\"ListItem\",\"position\":3,\"name\":\"Wood burning stoves\",\"item\":\"https:\/\/www.invicta.fr\/en\/categorie-produit\/wood-burning-stoves\/\"},{\"@type\":\"ListItem\",\"position\":4,\"name\":\"Cast iron and steel wood burning stoves\",\"item\":\"https:\/\/www.invicta.fr\/en\/categorie-produit\/wood-burning-stoves\/cast-iron-and-steel-wood-burning-stoves-wood-burning-stoves\/\"},{\"@type\":\"ListItem\",\"position\":5,\"name\":\"Sedan L Cast Iron Stove\"}]},{\"@type\":\"WebSite\",\"@id\":\"https:\/\/www.invicta.fr\/en\/#website\",\"url\":\"https:\/\/www.invicta.fr\/en\/\",\"name\":\"Invicta\",\"description\":\"Fabricant fran\u00e7ais, sp\u00e9cialiste europ\u00e9en du chauffage au bois : po\u00eales \u00e0 bois et \u00e0 granul\u00e9s, chemin\u00e9es, foyers et inserts\",\"publisher\":{\"@id\":\"https:\/\/www.invicta.fr\/en\/#organization\"},\"potentialAction\":[{\"@type\":\"SearchAction\",\"target\":{\"@type\":\"EntryPoint\",\"urlTemplate\":\"https:\/\/www.invicta.fr\/en\/?s={search_term_string}\"},\"query-input\":{\"@type\":\"PropertyValueSpecification\",\"valueRequired\":true,\"valueName\":\"search_term_string\"}}],\"inLanguage\":\"en-US\"},{\"@type\":\"Organization\",\"@id\":\"https:\/\/www.invicta.fr\/en\/#organization\",\"name\":\"Invicta\",\"url\":\"https:\/\/www.invicta.fr\/en\/\",\"logo\":{\"@type\":\"ImageObject\",\"inLanguage\":\"en-US\",\"@id\":\"https:\/\/www.invicta.fr\/en\/#\/schema\/logo\/image\/\",\"url\":\"https:\/\/www.invicta.fr\/wp-content\/uploads\/2019\/06\/INVICTALOGO_RVB.png\",\"contentUrl\":\"https:\/\/www.invicta.fr\/wp-content\/uploads\/2019\/06\/INVICTALOGO_RVB.png\",\"width\":1810,\"height\":1280,\"caption\":\"Invicta\"},\"image\":{\"@id\":\"https:\/\/www.invicta.fr\/en\/#\/schema\/logo\/image\/\"}}]}<\/script>\n<!-- \/ Yoast SEO plugin. -->","yoast_head_json":{"title":"Sedan L Cast Iron Stove - Invicta","description":"The retro style of the Sedan L wood burning stove fits perfectly into a warm and friendly setting. A practical feature is the ability to load the logs from the side.","robots":{"index":"index","follow":"follow","max-snippet":"max-snippet:-1","max-image-preview":"max-image-preview:large","max-video-preview":"max-video-preview:-1"},"canonical":"https:\/\/www.invicta.fr\/en\/produit\/poele-fonte-sedan-l-2\/","og_locale":"en_US","og_type":"article","og_title":"Sedan L Cast Iron Stove - Invicta","og_description":"The retro style of the Sedan L wood burning stove fits perfectly into a warm and friendly setting. A practical feature is the ability to load the logs from the side.","og_url":"https:\/\/www.invicta.fr\/en\/produit\/poele-fonte-sedan-l-2\/","og_site_name":"Invicta","article_modified_time":"2026-04-08T08:48:58+00:00","twitter_card":"summary_large_image","schema":{"@context":"https:\/\/schema.org","@graph":[{"@type":"WebPage","@id":"https:\/\/www.invicta.fr\/en\/produit\/poele-fonte-sedan-l-2\/","url":"https:\/\/www.invicta.fr\/en\/produit\/poele-fonte-sedan-l-2\/","name":"Sedan L Cast Iron Stove - Invicta","isPartOf":{"@id":"https:\/\/www.invicta.fr\/en\/#website"},"primaryImageOfPage":{"@id":"https:\/\/www.invicta.fr\/en\/produit\/poele-fonte-sedan-l-2\/#primaryimage"},"image":{"@id":"https:\/\/www.invicta.fr\/en\/produit\/poele-fonte-sedan-l-2\/#primaryimage"},"thumbnailUrl":"https:\/\/www.invicta.fr\/wp-content\/uploads\/2019\/08\/NEW-sedan-L-noir-600x647-1.jpg","datePublished":"2019-11-06T14:44:18+00:00","dateModified":"2026-04-08T08:48:58+00:00","description":"The retro style of the Sedan L wood burning stove fits perfectly into a warm and friendly setting. A practical feature is the ability to load the logs from the side.","breadcrumb":{"@id":"https:\/\/www.invicta.fr\/en\/produit\/poele-fonte-sedan-l-2\/#breadcrumb"},"inLanguage":"en-US","potentialAction":[{"@type":"ReadAction","target":["https:\/\/www.invicta.fr\/en\/produit\/poele-fonte-sedan-l-2\/"]}]},{"@type":"ImageObject","inLanguage":"en-US","@id":"https:\/\/www.invicta.fr\/en\/produit\/poele-fonte-sedan-l-2\/#primaryimage","url":"https:\/\/www.invicta.fr\/wp-content\/uploads\/2019\/08\/NEW-sedan-L-noir-600x647-1.jpg","contentUrl":"https:\/\/www.invicta.fr\/wp-content\/uploads\/2019\/08\/NEW-sedan-L-noir-600x647-1.jpg","width":720,"height":767,"caption":"Po\u00eale \u00e0 bois fonte Invicta Sedan L anthracite - 12 kW"},{"@type":"BreadcrumbList","@id":"https:\/\/www.invicta.fr\/en\/produit\/poele-fonte-sedan-l-2\/#breadcrumb","itemListElement":[{"@type":"ListItem","position":1,"name":"Home","item":"https:\/\/www.invicta.fr\/en\/"},{"@type":"ListItem","position":2,"name":"Products","item":"https:\/\/www.invicta.fr\/en\/shop\/"},{"@type":"ListItem","position":3,"name":"Wood burning stoves","item":"https:\/\/www.invicta.fr\/en\/categorie-produit\/wood-burning-stoves\/"},{"@type":"ListItem","position":4,"name":"Cast iron and steel wood burning stoves","item":"https:\/\/www.invicta.fr\/en\/categorie-produit\/wood-burning-stoves\/cast-iron-and-steel-wood-burning-stoves-wood-burning-stoves\/"},{"@type":"ListItem","position":5,"name":"Sedan L Cast Iron Stove"}]},{"@type":"WebSite","@id":"https:\/\/www.invicta.fr\/en\/#website","url":"https:\/\/www.invicta.fr\/en\/","name":"Invicta","description":"Fabricant fran\u00e7ais, sp\u00e9cialiste europ\u00e9en du chauffage au bois : po\u00eales \u00e0 bois et \u00e0 granul\u00e9s, chemin\u00e9es, foyers et inserts","publisher":{"@id":"https:\/\/www.invicta.fr\/en\/#organization"},"potentialAction":[{"@type":"SearchAction","target":{"@type":"EntryPoint","urlTemplate":"https:\/\/www.invicta.fr\/en\/?s={search_term_string}"},"query-input":{"@type":"PropertyValueSpecification","valueRequired":true,"valueName":"search_term_string"}}],"inLanguage":"en-US"},{"@type":"Organization","@id":"https:\/\/www.invicta.fr\/en\/#organization","name":"Invicta","url":"https:\/\/www.invicta.fr\/en\/","logo":{"@type":"ImageObject","inLanguage":"en-US","@id":"https:\/\/www.invicta.fr\/en\/#\/schema\/logo\/image\/","url":"https:\/\/www.invicta.fr\/wp-content\/uploads\/2019\/06\/INVICTALOGO_RVB.png","contentUrl":"https:\/\/www.invicta.fr\/wp-content\/uploads\/2019\/06\/INVICTALOGO_RVB.png","width":1810,"height":1280,"caption":"Invicta"},"image":{"@id":"https:\/\/www.invicta.fr\/en\/#\/schema\/logo\/image\/"}}]}},"_links":{"self":[{"href":"https:\/\/www.invicta.fr\/en\/wp-json\/wp\/v2\/product\/29779","targetHints":{"allow":["GET"]}}],"collection":[{"href":"https:\/\/www.invicta.fr\/en\/wp-json\/wp\/v2\/product"}],"about":[{"href":"https:\/\/www.invicta.fr\/en\/wp-json\/wp\/v2\/types\/product"}],"wp:featuredmedia":[{"embeddable":true,"href":"https:\/\/www.invicta.fr\/en\/wp-json\/wp\/v2\/media\/26863"}],"wp:attachment":[{"href":"https:\/\/www.invicta.fr\/en\/wp-json\/wp\/v2\/media?parent=29779"}],"wp:term":[{"taxonomy":"product_brand","embeddable":true,"href":"https:\/\/www.invicta.fr\/en\/wp-json\/wp\/v2\/product_brand?post=29779"},{"taxonomy":"product_cat","embeddable":true,"href":"https:\/\/www.invicta.fr\/en\/wp-json\/wp\/v2\/product_cat?post=29779"},{"taxonomy":"product_tag","embeddable":true,"href":"https:\/\/www.invicta.fr\/en\/wp-json\/wp\/v2\/product_tag?post=29779"},{"taxonomy":"plus_produit","embeddable":true,"href":"https:\/\/www.invicta.fr\/en\/wp-json\/wp\/v2\/plus_produit?post=29779"}],"curies":[{"name":"wp","href":"https:\/\/api.w.org\/{rel}","templated":true}]}}