{"id":29783,"date":"2019-07-11T14:49:48","date_gmt":"2019-11-06T14:44:21","guid":{"rendered":"https:\/\/www.invicta.fr\/produit\/turbo-600-insert\/"},"modified":"2026-04-09T10:45:39","modified_gmt":"2026-04-09T08:45:39","slug":"600-gv-turbo-cassette-stove","status":"publish","type":"product","link":"https:\/\/www.invicta.fr\/en\/produit\/600-gv-turbo-cassette-stove\/","title":{"rendered":"600 GV Turbo Cassette Stove"},"content":{"rendered":"","protected":false},"excerpt":{"rendered":"<p>This small-sized insert fits into narrow fireplaces and offers a high-output heating solution.<\/p>\n","protected":false},"featured_media":26907,"template":"","meta":{"_acf_changed":false},"product_brand":[],"product_cat":[2118,3751,6883],"product_tag":[7106,1302,1300,1299,7018,1301,3752,2090,6830,6638],"plus_produit":[1842,6836,3750,3708,3748,3012],"class_list":{"1":"product","4":"has-post-thumbnail","6":"product_cat-aide-au-choix-en","7":"product_cat-wood-burning-fireplace-inserts-fireplaces-and-inserts","8":"product_cat-inset-stoves","9":"product_tag-en16510-en","10":"product_tag-flamme-verte-en","11":"product_tag-eco-design-2022-en","12":"product_tag-a-ecolabel-en","13":"product_tag-4-blmschv2","14":"product_tag-fabrication-francaise-en","15":"product_tag-cast-iron-steel-housing","16":"product_tag-garantie-2-ans-en","17":"product_tag-y-extension-garantie-3ans-en","18":"product_tag-z-credit-tax","19":"pa_depart-des-fumees-dessus-en","20":"pa_diametre-de-buse-180-mm-en","21":"pa_equipement-draft-register","22":"pa_indice-de-performance-99-en","23":"pa_options-accessoires-hot-air-outlet-sleeves","24":"pa_puissance-8-kw-en","25":"pa_surface-de-chauffe-40-to-100-m","26":"pa_taux-de-co-010-en","27":"pa_volume-de-chauffe-105-to-240-m","28":"plus_produit-clean-glass-en","29":"plus_produit-3-year-extended-warranty","30":"plus_produit-hot-air-distribution-through-forced-ventilation","31":"plus_produit-intermittent-and-3-hour-extended-burning","32":"plus_produit-optional-sleeves","33":"plus_produit-origine-france-garantie-made-in-france-guarantee","35":"first","36":"instock","37":"product-type-simple"},"acf":[],"yoast_head":"<!-- This site is optimized with the Yoast SEO plugin v24.7 - https:\/\/yoast.com\/wordpress\/plugins\/seo\/ -->\n<title>600 GV Turbo Cassette Stove - Invicta<\/title>\n<meta name=\"description\" content=\"This small-sized insert fits into narrow fireplaces and offers a high-output heating solution.\" \/>\n<meta name=\"robots\" content=\"index, follow, max-snippet:-1, max-image-preview:large, max-video-preview:-1\" \/>\n<link rel=\"canonical\" href=\"https:\/\/www.invicta.fr\/en\/produit\/600-gv-turbo-cassette-stove\/\" \/>\n<meta property=\"og:locale\" content=\"en_US\" \/>\n<meta property=\"og:type\" content=\"article\" \/>\n<meta property=\"og:title\" content=\"600 GV Turbo Cassette Stove - Invicta\" \/>\n<meta property=\"og:description\" content=\"This small-sized insert fits into narrow fireplaces and offers a high-output heating solution.\" \/>\n<meta property=\"og:url\" content=\"https:\/\/www.invicta.fr\/en\/produit\/600-gv-turbo-cassette-stove\/\" \/>\n<meta property=\"og:site_name\" content=\"Invicta\" \/>\n<meta property=\"article:modified_time\" content=\"2026-04-09T08:45:39+00:00\" \/>\n<meta name=\"twitter:card\" content=\"summary_large_image\" \/>\n<script type=\"application\/ld+json\" class=\"yoast-schema-graph\">{\"@context\":\"https:\/\/schema.org\",\"@graph\":[{\"@type\":\"WebPage\",\"@id\":\"https:\/\/www.invicta.fr\/en\/produit\/600-gv-turbo-cassette-stove\/\",\"url\":\"https:\/\/www.invicta.fr\/en\/produit\/600-gv-turbo-cassette-stove\/\",\"name\":\"600 GV Turbo Cassette Stove - Invicta\",\"isPartOf\":{\"@id\":\"https:\/\/www.invicta.fr\/en\/#website\"},\"primaryImageOfPage\":{\"@id\":\"https:\/\/www.invicta.fr\/en\/produit\/600-gv-turbo-cassette-stove\/#primaryimage\"},\"image\":{\"@id\":\"https:\/\/www.invicta.fr\/en\/produit\/600-gv-turbo-cassette-stove\/#primaryimage\"},\"thumbnailUrl\":\"https:\/\/www.invicta.fr\/wp-content\/uploads\/2019\/07\/new666014.jpg\",\"datePublished\":\"2019-11-06T14:44:21+00:00\",\"dateModified\":\"2026-04-09T08:45:39+00:00\",\"description\":\"This small-sized insert fits into narrow fireplaces and offers a high-output heating solution.\",\"breadcrumb\":{\"@id\":\"https:\/\/www.invicta.fr\/en\/produit\/600-gv-turbo-cassette-stove\/#breadcrumb\"},\"inLanguage\":\"en-US\",\"potentialAction\":[{\"@type\":\"ReadAction\",\"target\":[\"https:\/\/www.invicta.fr\/en\/produit\/600-gv-turbo-cassette-stove\/\"]}]},{\"@type\":\"ImageObject\",\"inLanguage\":\"en-US\",\"@id\":\"https:\/\/www.invicta.fr\/en\/produit\/600-gv-turbo-cassette-stove\/#primaryimage\",\"url\":\"https:\/\/www.invicta.fr\/wp-content\/uploads\/2019\/07\/new666014.jpg\",\"contentUrl\":\"https:\/\/www.invicta.fr\/wp-content\/uploads\/2019\/07\/new666014.jpg\",\"width\":680,\"height\":689,\"caption\":\"Insert pour chemin\u00e9e fonte Invicta - 600 Turbo\"},{\"@type\":\"BreadcrumbList\",\"@id\":\"https:\/\/www.invicta.fr\/en\/produit\/600-gv-turbo-cassette-stove\/#breadcrumb\",\"itemListElement\":[{\"@type\":\"ListItem\",\"position\":1,\"name\":\"Home\",\"item\":\"https:\/\/www.invicta.fr\/en\/\"},{\"@type\":\"ListItem\",\"position\":2,\"name\":\"Products\",\"item\":\"https:\/\/www.invicta.fr\/en\/shop\/\"},{\"@type\":\"ListItem\",\"position\":3,\"name\":\"Fireplaces and inserts\",\"item\":\"https:\/\/www.invicta.fr\/en\/categorie-produit\/fireplaces-and-inserts\/\"},{\"@type\":\"ListItem\",\"position\":4,\"name\":\"Wood Burning Fireplace Inserts\",\"item\":\"https:\/\/www.invicta.fr\/en\/categorie-produit\/fireplaces-and-inserts\/wood-burning-fireplace-inserts-fireplaces-and-inserts\/\"},{\"@type\":\"ListItem\",\"position\":5,\"name\":\"600 GV Turbo Cassette Stove\"}]},{\"@type\":\"WebSite\",\"@id\":\"https:\/\/www.invicta.fr\/en\/#website\",\"url\":\"https:\/\/www.invicta.fr\/en\/\",\"name\":\"Invicta\",\"description\":\"Fabricant fran\u00e7ais, sp\u00e9cialiste europ\u00e9en du chauffage au bois : po\u00eales \u00e0 bois et \u00e0 granul\u00e9s, chemin\u00e9es, foyers et inserts\",\"publisher\":{\"@id\":\"https:\/\/www.invicta.fr\/en\/#organization\"},\"potentialAction\":[{\"@type\":\"SearchAction\",\"target\":{\"@type\":\"EntryPoint\",\"urlTemplate\":\"https:\/\/www.invicta.fr\/en\/?s={search_term_string}\"},\"query-input\":{\"@type\":\"PropertyValueSpecification\",\"valueRequired\":true,\"valueName\":\"search_term_string\"}}],\"inLanguage\":\"en-US\"},{\"@type\":\"Organization\",\"@id\":\"https:\/\/www.invicta.fr\/en\/#organization\",\"name\":\"Invicta\",\"url\":\"https:\/\/www.invicta.fr\/en\/\",\"logo\":{\"@type\":\"ImageObject\",\"inLanguage\":\"en-US\",\"@id\":\"https:\/\/www.invicta.fr\/en\/#\/schema\/logo\/image\/\",\"url\":\"https:\/\/www.invicta.fr\/wp-content\/uploads\/2019\/06\/INVICTALOGO_RVB.png\",\"contentUrl\":\"https:\/\/www.invicta.fr\/wp-content\/uploads\/2019\/06\/INVICTALOGO_RVB.png\",\"width\":1810,\"height\":1280,\"caption\":\"Invicta\"},\"image\":{\"@id\":\"https:\/\/www.invicta.fr\/en\/#\/schema\/logo\/image\/\"}}]}<\/script>\n<!-- \/ Yoast SEO plugin. -->","yoast_head_json":{"title":"600 GV Turbo Cassette Stove - Invicta","description":"This small-sized insert fits into narrow fireplaces and offers a high-output heating solution.","robots":{"index":"index","follow":"follow","max-snippet":"max-snippet:-1","max-image-preview":"max-image-preview:large","max-video-preview":"max-video-preview:-1"},"canonical":"https:\/\/www.invicta.fr\/en\/produit\/600-gv-turbo-cassette-stove\/","og_locale":"en_US","og_type":"article","og_title":"600 GV Turbo Cassette Stove - Invicta","og_description":"This small-sized insert fits into narrow fireplaces and offers a high-output heating solution.","og_url":"https:\/\/www.invicta.fr\/en\/produit\/600-gv-turbo-cassette-stove\/","og_site_name":"Invicta","article_modified_time":"2026-04-09T08:45:39+00:00","twitter_card":"summary_large_image","schema":{"@context":"https:\/\/schema.org","@graph":[{"@type":"WebPage","@id":"https:\/\/www.invicta.fr\/en\/produit\/600-gv-turbo-cassette-stove\/","url":"https:\/\/www.invicta.fr\/en\/produit\/600-gv-turbo-cassette-stove\/","name":"600 GV Turbo Cassette Stove - Invicta","isPartOf":{"@id":"https:\/\/www.invicta.fr\/en\/#website"},"primaryImageOfPage":{"@id":"https:\/\/www.invicta.fr\/en\/produit\/600-gv-turbo-cassette-stove\/#primaryimage"},"image":{"@id":"https:\/\/www.invicta.fr\/en\/produit\/600-gv-turbo-cassette-stove\/#primaryimage"},"thumbnailUrl":"https:\/\/www.invicta.fr\/wp-content\/uploads\/2019\/07\/new666014.jpg","datePublished":"2019-11-06T14:44:21+00:00","dateModified":"2026-04-09T08:45:39+00:00","description":"This small-sized insert fits into narrow fireplaces and offers a high-output heating solution.","breadcrumb":{"@id":"https:\/\/www.invicta.fr\/en\/produit\/600-gv-turbo-cassette-stove\/#breadcrumb"},"inLanguage":"en-US","potentialAction":[{"@type":"ReadAction","target":["https:\/\/www.invicta.fr\/en\/produit\/600-gv-turbo-cassette-stove\/"]}]},{"@type":"ImageObject","inLanguage":"en-US","@id":"https:\/\/www.invicta.fr\/en\/produit\/600-gv-turbo-cassette-stove\/#primaryimage","url":"https:\/\/www.invicta.fr\/wp-content\/uploads\/2019\/07\/new666014.jpg","contentUrl":"https:\/\/www.invicta.fr\/wp-content\/uploads\/2019\/07\/new666014.jpg","width":680,"height":689,"caption":"Insert pour chemin\u00e9e fonte Invicta - 600 Turbo"},{"@type":"BreadcrumbList","@id":"https:\/\/www.invicta.fr\/en\/produit\/600-gv-turbo-cassette-stove\/#breadcrumb","itemListElement":[{"@type":"ListItem","position":1,"name":"Home","item":"https:\/\/www.invicta.fr\/en\/"},{"@type":"ListItem","position":2,"name":"Products","item":"https:\/\/www.invicta.fr\/en\/shop\/"},{"@type":"ListItem","position":3,"name":"Fireplaces and inserts","item":"https:\/\/www.invicta.fr\/en\/categorie-produit\/fireplaces-and-inserts\/"},{"@type":"ListItem","position":4,"name":"Wood Burning Fireplace Inserts","item":"https:\/\/www.invicta.fr\/en\/categorie-produit\/fireplaces-and-inserts\/wood-burning-fireplace-inserts-fireplaces-and-inserts\/"},{"@type":"ListItem","position":5,"name":"600 GV Turbo Cassette Stove"}]},{"@type":"WebSite","@id":"https:\/\/www.invicta.fr\/en\/#website","url":"https:\/\/www.invicta.fr\/en\/","name":"Invicta","description":"Fabricant fran\u00e7ais, sp\u00e9cialiste europ\u00e9en du chauffage au bois : po\u00eales \u00e0 bois et \u00e0 granul\u00e9s, chemin\u00e9es, foyers et inserts","publisher":{"@id":"https:\/\/www.invicta.fr\/en\/#organization"},"potentialAction":[{"@type":"SearchAction","target":{"@type":"EntryPoint","urlTemplate":"https:\/\/www.invicta.fr\/en\/?s={search_term_string}"},"query-input":{"@type":"PropertyValueSpecification","valueRequired":true,"valueName":"search_term_string"}}],"inLanguage":"en-US"},{"@type":"Organization","@id":"https:\/\/www.invicta.fr\/en\/#organization","name":"Invicta","url":"https:\/\/www.invicta.fr\/en\/","logo":{"@type":"ImageObject","inLanguage":"en-US","@id":"https:\/\/www.invicta.fr\/en\/#\/schema\/logo\/image\/","url":"https:\/\/www.invicta.fr\/wp-content\/uploads\/2019\/06\/INVICTALOGO_RVB.png","contentUrl":"https:\/\/www.invicta.fr\/wp-content\/uploads\/2019\/06\/INVICTALOGO_RVB.png","width":1810,"height":1280,"caption":"Invicta"},"image":{"@id":"https:\/\/www.invicta.fr\/en\/#\/schema\/logo\/image\/"}}]}},"_links":{"self":[{"href":"https:\/\/www.invicta.fr\/en\/wp-json\/wp\/v2\/product\/29783","targetHints":{"allow":["GET"]}}],"collection":[{"href":"https:\/\/www.invicta.fr\/en\/wp-json\/wp\/v2\/product"}],"about":[{"href":"https:\/\/www.invicta.fr\/en\/wp-json\/wp\/v2\/types\/product"}],"wp:featuredmedia":[{"embeddable":true,"href":"https:\/\/www.invicta.fr\/en\/wp-json\/wp\/v2\/media\/26907"}],"wp:attachment":[{"href":"https:\/\/www.invicta.fr\/en\/wp-json\/wp\/v2\/media?parent=29783"}],"wp:term":[{"taxonomy":"product_brand","embeddable":true,"href":"https:\/\/www.invicta.fr\/en\/wp-json\/wp\/v2\/product_brand?post=29783"},{"taxonomy":"product_cat","embeddable":true,"href":"https:\/\/www.invicta.fr\/en\/wp-json\/wp\/v2\/product_cat?post=29783"},{"taxonomy":"product_tag","embeddable":true,"href":"https:\/\/www.invicta.fr\/en\/wp-json\/wp\/v2\/product_tag?post=29783"},{"taxonomy":"plus_produit","embeddable":true,"href":"https:\/\/www.invicta.fr\/en\/wp-json\/wp\/v2\/plus_produit?post=29783"}],"curies":[{"name":"wp","href":"https:\/\/api.w.org\/{rel}","templated":true}]}}