{"id":29785,"date":"2019-09-17T15:59:21","date_gmt":"2019-11-06T14:44:21","guid":{"rendered":"https:\/\/www.invicta.fr\/produit\/mirano-7-pellet-stove\/"},"modified":"2022-09-08T11:48:46","modified_gmt":"2022-09-08T09:48:46","slug":"pellet-stove-mirano-8","status":"publish","type":"product","link":"https:\/\/www.invicta.fr\/en\/produit\/pellet-stove-mirano-8\/","title":{"rendered":"Mirano 8 Wi-Fi Pellet Stove"},"content":{"rendered":"","protected":false},"excerpt":{"rendered":"<p>Affordable price, high performance, do not hesitate and enjoy the comfort of pellets!<\/p>\n","protected":false},"featured_media":0,"template":"","meta":{"_acf_changed":false},"product_brand":[],"product_cat":[2118,3076,6011,5948,5945,5950,5947],"product_tag":[1302,1300,2089,5951,2090,6638],"plus_produit":[3074,2982,5942,3488,2980,3491,2081],"class_list":{"1":"product","5":"product_cat-aide-au-choix-en","6":"product_cat-pellet-stoves-pellet-stoves-en","7":"product_cat-8-kw-pellet-stoves","8":"product_cat-autonomous-pellet-stoves","9":"product_cat-programmable-pellet-stoves","10":"product_cat-contemporary-pellet-stoves","11":"product_cat-modern-pellet-stoves","12":"product_tag-flamme-verte-en","13":"product_tag-eco-design-2022-en","14":"product_tag-a-ecolabel-en-2","15":"product_tag-wifi-option-c02270-en","16":"product_tag-garantie-2-ans-en","17":"product_tag-z-credit-tax","18":"pa_autonomie-maximum-215-en","19":"pa_autonomie-minimum-8-hours-en","20":"pa_capacite-de-la-tremie-15-kg-en","21":"pa_consommation-069-186-en","22":"pa_depart-des-fumees-arriere-en","23":"pa_diametre-de-buse-80-mm-en","24":"pa_indice-de-performance-125-en","25":"pa_modulation-de-puissance-31-8","26":"pa_puissance-8-kw-en","27":"pa_surface-de-chauffe-30-to-100-m","28":"pa_taux-de-co-00141-00236-en","29":"pa_volume-de-chauffe-75-to-240-m","30":"plus_produit-hourly-schedule","31":"plus_produit-optional-external-thermostat-control-not-included","32":"plus_produit-optional-wifi-kit","33":"plus_produit-perfect-for-tight-budgets","34":"plus_produit-power-5-or-room-temperature-control","35":"plus_produit-standby","36":"plus_produit-ventilator-for-hot-air-output","38":"first","39":"instock","40":"shipping-taxable","41":"product-type-simple"},"acf":[],"yoast_head":"<!-- This site is optimized with the Yoast SEO plugin v24.7 - https:\/\/yoast.com\/wordpress\/plugins\/seo\/ -->\n<title>Pellet stove Mirano 8 | INVICTA<\/title>\n<meta name=\"description\" content=\"Discover the Mirano 8 Pellet Stove with 8kW heating power \u2705 2-year warranty\u2705 EcoLabel A+\u2705 Green Flame 7\u2b50 \u2705\" \/>\n<meta name=\"robots\" content=\"index, follow, max-snippet:-1, max-image-preview:large, max-video-preview:-1\" \/>\n<link rel=\"canonical\" href=\"https:\/\/www.invicta.fr\/en\/produit\/pellet-stove-mirano-8\/\" \/>\n<meta property=\"og:locale\" content=\"en_US\" \/>\n<meta property=\"og:type\" content=\"article\" \/>\n<meta property=\"og:title\" content=\"Pellet stove Mirano 8 | INVICTA\" \/>\n<meta property=\"og:description\" content=\"Discover the Mirano 8 Pellet Stove with 8kW heating power \u2705 2-year warranty\u2705 EcoLabel A+\u2705 Green Flame 7\u2b50 \u2705\" \/>\n<meta property=\"og:url\" content=\"https:\/\/www.invicta.fr\/en\/produit\/pellet-stove-mirano-8\/\" \/>\n<meta property=\"og:site_name\" content=\"Invicta\" \/>\n<meta property=\"article:modified_time\" content=\"2022-09-08T09:48:46+00:00\" \/>\n<meta name=\"twitter:card\" content=\"summary_large_image\" \/>\n<script type=\"application\/ld+json\" class=\"yoast-schema-graph\">{\"@context\":\"https:\/\/schema.org\",\"@graph\":[{\"@type\":\"WebPage\",\"@id\":\"https:\/\/www.invicta.fr\/en\/produit\/pellet-stove-mirano-8\/\",\"url\":\"https:\/\/www.invicta.fr\/en\/produit\/pellet-stove-mirano-8\/\",\"name\":\"Pellet stove Mirano 8 | INVICTA\",\"isPartOf\":{\"@id\":\"https:\/\/www.invicta.fr\/en\/#website\"},\"datePublished\":\"2019-11-06T14:44:21+00:00\",\"dateModified\":\"2022-09-08T09:48:46+00:00\",\"description\":\"Discover the Mirano 8 Pellet Stove with 8kW heating power \u2705 2-year warranty\u2705 EcoLabel A+\u2705 Green Flame 7\u2b50 \u2705\",\"breadcrumb\":{\"@id\":\"https:\/\/www.invicta.fr\/en\/produit\/pellet-stove-mirano-8\/#breadcrumb\"},\"inLanguage\":\"en-US\",\"potentialAction\":[{\"@type\":\"ReadAction\",\"target\":[\"https:\/\/www.invicta.fr\/en\/produit\/pellet-stove-mirano-8\/\"]}]},{\"@type\":\"BreadcrumbList\",\"@id\":\"https:\/\/www.invicta.fr\/en\/produit\/pellet-stove-mirano-8\/#breadcrumb\",\"itemListElement\":[{\"@type\":\"ListItem\",\"position\":1,\"name\":\"Home\",\"item\":\"https:\/\/www.invicta.fr\/en\/\"},{\"@type\":\"ListItem\",\"position\":2,\"name\":\"Products\",\"item\":\"https:\/\/www.invicta.fr\/en\/shop\/\"},{\"@type\":\"ListItem\",\"position\":3,\"name\":\"Pellet Stoves\",\"item\":\"https:\/\/www.invicta.fr\/en\/categorie-produit\/pellet-stoves-en\/\"},{\"@type\":\"ListItem\",\"position\":4,\"name\":\"Pellet Stoves\",\"item\":\"https:\/\/www.invicta.fr\/en\/categorie-produit\/pellet-stoves-en\/pellet-stoves-pellet-stoves-en\/\"},{\"@type\":\"ListItem\",\"position\":5,\"name\":\"Mirano 8 Wi-Fi Pellet Stove\"}]},{\"@type\":\"WebSite\",\"@id\":\"https:\/\/www.invicta.fr\/en\/#website\",\"url\":\"https:\/\/www.invicta.fr\/en\/\",\"name\":\"Invicta\",\"description\":\"Fabricant fran\u00e7ais, sp\u00e9cialiste europ\u00e9en du chauffage au bois : po\u00eales \u00e0 bois et \u00e0 granul\u00e9s, chemin\u00e9es, foyers et inserts\",\"publisher\":{\"@id\":\"https:\/\/www.invicta.fr\/en\/#organization\"},\"potentialAction\":[{\"@type\":\"SearchAction\",\"target\":{\"@type\":\"EntryPoint\",\"urlTemplate\":\"https:\/\/www.invicta.fr\/en\/?s={search_term_string}\"},\"query-input\":{\"@type\":\"PropertyValueSpecification\",\"valueRequired\":true,\"valueName\":\"search_term_string\"}}],\"inLanguage\":\"en-US\"},{\"@type\":\"Organization\",\"@id\":\"https:\/\/www.invicta.fr\/en\/#organization\",\"name\":\"Invicta\",\"url\":\"https:\/\/www.invicta.fr\/en\/\",\"logo\":{\"@type\":\"ImageObject\",\"inLanguage\":\"en-US\",\"@id\":\"https:\/\/www.invicta.fr\/en\/#\/schema\/logo\/image\/\",\"url\":\"https:\/\/www.invicta.fr\/wp-content\/uploads\/2019\/06\/INVICTALOGO_RVB.png\",\"contentUrl\":\"https:\/\/www.invicta.fr\/wp-content\/uploads\/2019\/06\/INVICTALOGO_RVB.png\",\"width\":1810,\"height\":1280,\"caption\":\"Invicta\"},\"image\":{\"@id\":\"https:\/\/www.invicta.fr\/en\/#\/schema\/logo\/image\/\"}}]}<\/script>\n<!-- \/ Yoast SEO plugin. -->","yoast_head_json":{"title":"Pellet stove Mirano 8 | INVICTA","description":"Discover the Mirano 8 Pellet Stove with 8kW heating power \u2705 2-year warranty\u2705 EcoLabel A+\u2705 Green Flame 7\u2b50 \u2705","robots":{"index":"index","follow":"follow","max-snippet":"max-snippet:-1","max-image-preview":"max-image-preview:large","max-video-preview":"max-video-preview:-1"},"canonical":"https:\/\/www.invicta.fr\/en\/produit\/pellet-stove-mirano-8\/","og_locale":"en_US","og_type":"article","og_title":"Pellet stove Mirano 8 | INVICTA","og_description":"Discover the Mirano 8 Pellet Stove with 8kW heating power \u2705 2-year warranty\u2705 EcoLabel A+\u2705 Green Flame 7\u2b50 \u2705","og_url":"https:\/\/www.invicta.fr\/en\/produit\/pellet-stove-mirano-8\/","og_site_name":"Invicta","article_modified_time":"2022-09-08T09:48:46+00:00","twitter_card":"summary_large_image","schema":{"@context":"https:\/\/schema.org","@graph":[{"@type":"WebPage","@id":"https:\/\/www.invicta.fr\/en\/produit\/pellet-stove-mirano-8\/","url":"https:\/\/www.invicta.fr\/en\/produit\/pellet-stove-mirano-8\/","name":"Pellet stove Mirano 8 | INVICTA","isPartOf":{"@id":"https:\/\/www.invicta.fr\/en\/#website"},"datePublished":"2019-11-06T14:44:21+00:00","dateModified":"2022-09-08T09:48:46+00:00","description":"Discover the Mirano 8 Pellet Stove with 8kW heating power \u2705 2-year warranty\u2705 EcoLabel A+\u2705 Green Flame 7\u2b50 \u2705","breadcrumb":{"@id":"https:\/\/www.invicta.fr\/en\/produit\/pellet-stove-mirano-8\/#breadcrumb"},"inLanguage":"en-US","potentialAction":[{"@type":"ReadAction","target":["https:\/\/www.invicta.fr\/en\/produit\/pellet-stove-mirano-8\/"]}]},{"@type":"BreadcrumbList","@id":"https:\/\/www.invicta.fr\/en\/produit\/pellet-stove-mirano-8\/#breadcrumb","itemListElement":[{"@type":"ListItem","position":1,"name":"Home","item":"https:\/\/www.invicta.fr\/en\/"},{"@type":"ListItem","position":2,"name":"Products","item":"https:\/\/www.invicta.fr\/en\/shop\/"},{"@type":"ListItem","position":3,"name":"Pellet Stoves","item":"https:\/\/www.invicta.fr\/en\/categorie-produit\/pellet-stoves-en\/"},{"@type":"ListItem","position":4,"name":"Pellet Stoves","item":"https:\/\/www.invicta.fr\/en\/categorie-produit\/pellet-stoves-en\/pellet-stoves-pellet-stoves-en\/"},{"@type":"ListItem","position":5,"name":"Mirano 8 Wi-Fi Pellet Stove"}]},{"@type":"WebSite","@id":"https:\/\/www.invicta.fr\/en\/#website","url":"https:\/\/www.invicta.fr\/en\/","name":"Invicta","description":"Fabricant fran\u00e7ais, sp\u00e9cialiste europ\u00e9en du chauffage au bois : po\u00eales \u00e0 bois et \u00e0 granul\u00e9s, chemin\u00e9es, foyers et inserts","publisher":{"@id":"https:\/\/www.invicta.fr\/en\/#organization"},"potentialAction":[{"@type":"SearchAction","target":{"@type":"EntryPoint","urlTemplate":"https:\/\/www.invicta.fr\/en\/?s={search_term_string}"},"query-input":{"@type":"PropertyValueSpecification","valueRequired":true,"valueName":"search_term_string"}}],"inLanguage":"en-US"},{"@type":"Organization","@id":"https:\/\/www.invicta.fr\/en\/#organization","name":"Invicta","url":"https:\/\/www.invicta.fr\/en\/","logo":{"@type":"ImageObject","inLanguage":"en-US","@id":"https:\/\/www.invicta.fr\/en\/#\/schema\/logo\/image\/","url":"https:\/\/www.invicta.fr\/wp-content\/uploads\/2019\/06\/INVICTALOGO_RVB.png","contentUrl":"https:\/\/www.invicta.fr\/wp-content\/uploads\/2019\/06\/INVICTALOGO_RVB.png","width":1810,"height":1280,"caption":"Invicta"},"image":{"@id":"https:\/\/www.invicta.fr\/en\/#\/schema\/logo\/image\/"}}]}},"_links":{"self":[{"href":"https:\/\/www.invicta.fr\/en\/wp-json\/wp\/v2\/product\/29785","targetHints":{"allow":["GET"]}}],"collection":[{"href":"https:\/\/www.invicta.fr\/en\/wp-json\/wp\/v2\/product"}],"about":[{"href":"https:\/\/www.invicta.fr\/en\/wp-json\/wp\/v2\/types\/product"}],"wp:attachment":[{"href":"https:\/\/www.invicta.fr\/en\/wp-json\/wp\/v2\/media?parent=29785"}],"wp:term":[{"taxonomy":"product_brand","embeddable":true,"href":"https:\/\/www.invicta.fr\/en\/wp-json\/wp\/v2\/product_brand?post=29785"},{"taxonomy":"product_cat","embeddable":true,"href":"https:\/\/www.invicta.fr\/en\/wp-json\/wp\/v2\/product_cat?post=29785"},{"taxonomy":"product_tag","embeddable":true,"href":"https:\/\/www.invicta.fr\/en\/wp-json\/wp\/v2\/product_tag?post=29785"},{"taxonomy":"plus_produit","embeddable":true,"href":"https:\/\/www.invicta.fr\/en\/wp-json\/wp\/v2\/plus_produit?post=29785"}],"curies":[{"name":"wp","href":"https:\/\/api.w.org\/{rel}","templated":true}]}}