{"id":29796,"date":"2019-10-09T08:13:30","date_gmt":"2019-11-06T14:44:27","guid":{"rendered":"https:\/\/www.invicta.fr\/produit\/talo-11-pellet-stove\/"},"modified":"2026-02-24T13:32:30","modified_gmt":"2026-02-24T12:32:30","slug":"talo-pellet-stove-11","status":"publish","type":"product","link":"https:\/\/www.invicta.fr\/en\/produit\/talo-pellet-stove-11\/","title":{"rendered":"Talo 11 pellet stove"},"content":{"rendered":"","protected":false},"excerpt":{"rendered":"<p>Ductable and powerful, the Talo 11 pellet stove is ideal for distributing hot air in several rooms. 1 fan dedicated to the hot air duct.<\/p>\n","protected":false},"featured_media":48941,"template":"","meta":{"_acf_changed":false},"product_brand":[],"product_cat":[2118,3076,5946,5949,5948,5944,5945,5950,5947],"product_tag":[7106,1302,1300,2089,5952,3838,5951,2090,6827,6638],"plus_produit":[3837,5943,6842,3074,2982,5942,2980,3491,2081],"class_list":{"1":"product","4":"has-post-thumbnail","6":"product_cat-aide-au-choix-en","7":"product_cat-pellet-stoves-pellet-stoves-en","8":"product_cat-10-kw-pellet-stoves","9":"product_cat-11-kw-pellet-stoves","10":"product_cat-autonomous-pellet-stoves","11":"product_cat-ductable-pellet-stoves","12":"product_cat-programmable-pellet-stoves","13":"product_cat-contemporary-pellet-stoves","14":"product_cat-modern-pellet-stoves","15":"product_tag-en16510-en","16":"product_tag-flamme-verte-en","17":"product_tag-eco-design-2022-en","18":"product_tag-a-ecolabel-en-2","19":"product_tag-ductable-1-dedicated-fan","20":"product_tag-raccordable-en","21":"product_tag-wifi-option-c02270-en","22":"product_tag-garantie-2-ans-en","23":"product_tag-y-garantie-extension-1-an-en","24":"product_tag-z-credit-tax","25":"pa_autonomie-maximum-29-hours","26":"pa_autonomie-minimum-10-hours-en","27":"pa_capacite-de-la-tremie-25-kg-en","28":"pa_consommation-0-86-to-2-44-kg-h","29":"pa_depart-des-fumees-arriere-en","30":"pa_diametre-de-buse-80-mm-en","31":"pa_indice-de-performance-126-en","32":"pa_modulation-de-puissance-3-9-to-10-4-kw","33":"pa_puissance-5939","34":"pa_surface-de-chauffe-35-to-130-m","35":"pa_volume-de-chauffe-85-to-325-m","36":"plus_produit-connectable","37":"plus_produit-ductable-with-dedicated-fan","38":"plus_produit-extension-de-garantie-1-an-en-2","39":"plus_produit-hourly-schedule","40":"plus_produit-optional-external-thermostat-control-not-included","41":"plus_produit-optional-wifi-kit","42":"plus_produit-power-5-or-room-temperature-control","43":"plus_produit-standby","44":"plus_produit-ventilator-for-hot-air-output","46":"first","47":"instock","48":"shipping-taxable","49":"product-type-variable","50":"has-default-attributes"},"acf":[],"yoast_head":"<!-- This site is optimized with the Yoast SEO plugin v24.7 - https:\/\/yoast.com\/wordpress\/plugins\/seo\/ -->\n<title>Talo 11 pellet stove | INVICTA<\/title>\n<meta name=\"description\" content=\"Discover the Talo 11 pellet stove with 10.4kW heating power \u2705 2-year warranty\u2705 Green flame 7\u2b50 \u2705 EcoLabel A + \u2705 Eco Design 2022\u2705\" \/>\n<meta name=\"robots\" content=\"index, follow, max-snippet:-1, max-image-preview:large, max-video-preview:-1\" \/>\n<link rel=\"canonical\" href=\"https:\/\/www.invicta.fr\/en\/produit\/talo-pellet-stove-11\/\" \/>\n<meta property=\"og:locale\" content=\"en_US\" \/>\n<meta property=\"og:type\" content=\"article\" \/>\n<meta property=\"og:title\" content=\"Talo 11 pellet stove | INVICTA\" \/>\n<meta property=\"og:description\" content=\"Discover the Talo 11 pellet stove with 10.4kW heating power \u2705 2-year warranty\u2705 Green flame 7\u2b50 \u2705 EcoLabel A + \u2705 Eco Design 2022\u2705\" \/>\n<meta property=\"og:url\" content=\"https:\/\/www.invicta.fr\/en\/produit\/talo-pellet-stove-11\/\" \/>\n<meta property=\"og:site_name\" content=\"Invicta\" \/>\n<meta property=\"article:modified_time\" content=\"2026-02-24T12:32:30+00:00\" \/>\n<meta name=\"twitter:card\" content=\"summary_large_image\" \/>\n<script type=\"application\/ld+json\" class=\"yoast-schema-graph\">{\"@context\":\"https:\/\/schema.org\",\"@graph\":[{\"@type\":\"WebPage\",\"@id\":\"https:\/\/www.invicta.fr\/en\/produit\/talo-pellet-stove-11\/\",\"url\":\"https:\/\/www.invicta.fr\/en\/produit\/talo-pellet-stove-11\/\",\"name\":\"Talo 11 pellet stove | INVICTA\",\"isPartOf\":{\"@id\":\"https:\/\/www.invicta.fr\/en\/#website\"},\"primaryImageOfPage\":{\"@id\":\"https:\/\/www.invicta.fr\/en\/produit\/talo-pellet-stove-11\/#primaryimage\"},\"image\":{\"@id\":\"https:\/\/www.invicta.fr\/en\/produit\/talo-pellet-stove-11\/#primaryimage\"},\"thumbnailUrl\":\"https:\/\/www.invicta.fr\/wp-content\/uploads\/2022\/06\/P641414-talo11-cyclo.jpg\",\"datePublished\":\"2019-11-06T14:44:27+00:00\",\"dateModified\":\"2026-02-24T12:32:30+00:00\",\"description\":\"Discover the Talo 11 pellet stove with 10.4kW heating power \u2705 2-year warranty\u2705 Green flame 7\u2b50 \u2705 EcoLabel A + \u2705 Eco Design 2022\u2705\",\"breadcrumb\":{\"@id\":\"https:\/\/www.invicta.fr\/en\/produit\/talo-pellet-stove-11\/#breadcrumb\"},\"inLanguage\":\"en-US\",\"potentialAction\":[{\"@type\":\"ReadAction\",\"target\":[\"https:\/\/www.invicta.fr\/en\/produit\/talo-pellet-stove-11\/\"]}]},{\"@type\":\"ImageObject\",\"inLanguage\":\"en-US\",\"@id\":\"https:\/\/www.invicta.fr\/en\/produit\/talo-pellet-stove-11\/#primaryimage\",\"url\":\"https:\/\/www.invicta.fr\/wp-content\/uploads\/2022\/06\/P641414-talo11-cyclo.jpg\",\"contentUrl\":\"https:\/\/www.invicta.fr\/wp-content\/uploads\/2022\/06\/P641414-talo11-cyclo.jpg\",\"width\":513,\"height\":800,\"caption\":\"Po\u00eale \u00e0 granul\u00e9s Invicta Talo 11\"},{\"@type\":\"BreadcrumbList\",\"@id\":\"https:\/\/www.invicta.fr\/en\/produit\/talo-pellet-stove-11\/#breadcrumb\",\"itemListElement\":[{\"@type\":\"ListItem\",\"position\":1,\"name\":\"Home\",\"item\":\"https:\/\/www.invicta.fr\/en\/\"},{\"@type\":\"ListItem\",\"position\":2,\"name\":\"Products\",\"item\":\"https:\/\/www.invicta.fr\/en\/shop\/\"},{\"@type\":\"ListItem\",\"position\":3,\"name\":\"Pellet Stoves\",\"item\":\"https:\/\/www.invicta.fr\/en\/categorie-produit\/pellet-stoves-en\/\"},{\"@type\":\"ListItem\",\"position\":4,\"name\":\"Pellet Stoves\",\"item\":\"https:\/\/www.invicta.fr\/en\/categorie-produit\/pellet-stoves-en\/pellet-stoves-pellet-stoves-en\/\"},{\"@type\":\"ListItem\",\"position\":5,\"name\":\"Talo 11 pellet stove\"}]},{\"@type\":\"WebSite\",\"@id\":\"https:\/\/www.invicta.fr\/en\/#website\",\"url\":\"https:\/\/www.invicta.fr\/en\/\",\"name\":\"Invicta\",\"description\":\"Fabricant fran\u00e7ais, sp\u00e9cialiste europ\u00e9en du chauffage au bois : po\u00eales \u00e0 bois et \u00e0 granul\u00e9s, chemin\u00e9es, foyers et inserts\",\"publisher\":{\"@id\":\"https:\/\/www.invicta.fr\/en\/#organization\"},\"potentialAction\":[{\"@type\":\"SearchAction\",\"target\":{\"@type\":\"EntryPoint\",\"urlTemplate\":\"https:\/\/www.invicta.fr\/en\/?s={search_term_string}\"},\"query-input\":{\"@type\":\"PropertyValueSpecification\",\"valueRequired\":true,\"valueName\":\"search_term_string\"}}],\"inLanguage\":\"en-US\"},{\"@type\":\"Organization\",\"@id\":\"https:\/\/www.invicta.fr\/en\/#organization\",\"name\":\"Invicta\",\"url\":\"https:\/\/www.invicta.fr\/en\/\",\"logo\":{\"@type\":\"ImageObject\",\"inLanguage\":\"en-US\",\"@id\":\"https:\/\/www.invicta.fr\/en\/#\/schema\/logo\/image\/\",\"url\":\"https:\/\/www.invicta.fr\/wp-content\/uploads\/2019\/06\/INVICTALOGO_RVB.png\",\"contentUrl\":\"https:\/\/www.invicta.fr\/wp-content\/uploads\/2019\/06\/INVICTALOGO_RVB.png\",\"width\":1810,\"height\":1280,\"caption\":\"Invicta\"},\"image\":{\"@id\":\"https:\/\/www.invicta.fr\/en\/#\/schema\/logo\/image\/\"}}]}<\/script>\n<!-- \/ Yoast SEO plugin. -->","yoast_head_json":{"title":"Talo 11 pellet stove | INVICTA","description":"Discover the Talo 11 pellet stove with 10.4kW heating power \u2705 2-year warranty\u2705 Green flame 7\u2b50 \u2705 EcoLabel A + \u2705 Eco Design 2022\u2705","robots":{"index":"index","follow":"follow","max-snippet":"max-snippet:-1","max-image-preview":"max-image-preview:large","max-video-preview":"max-video-preview:-1"},"canonical":"https:\/\/www.invicta.fr\/en\/produit\/talo-pellet-stove-11\/","og_locale":"en_US","og_type":"article","og_title":"Talo 11 pellet stove | INVICTA","og_description":"Discover the Talo 11 pellet stove with 10.4kW heating power \u2705 2-year warranty\u2705 Green flame 7\u2b50 \u2705 EcoLabel A + \u2705 Eco Design 2022\u2705","og_url":"https:\/\/www.invicta.fr\/en\/produit\/talo-pellet-stove-11\/","og_site_name":"Invicta","article_modified_time":"2026-02-24T12:32:30+00:00","twitter_card":"summary_large_image","schema":{"@context":"https:\/\/schema.org","@graph":[{"@type":"WebPage","@id":"https:\/\/www.invicta.fr\/en\/produit\/talo-pellet-stove-11\/","url":"https:\/\/www.invicta.fr\/en\/produit\/talo-pellet-stove-11\/","name":"Talo 11 pellet stove | INVICTA","isPartOf":{"@id":"https:\/\/www.invicta.fr\/en\/#website"},"primaryImageOfPage":{"@id":"https:\/\/www.invicta.fr\/en\/produit\/talo-pellet-stove-11\/#primaryimage"},"image":{"@id":"https:\/\/www.invicta.fr\/en\/produit\/talo-pellet-stove-11\/#primaryimage"},"thumbnailUrl":"https:\/\/www.invicta.fr\/wp-content\/uploads\/2022\/06\/P641414-talo11-cyclo.jpg","datePublished":"2019-11-06T14:44:27+00:00","dateModified":"2026-02-24T12:32:30+00:00","description":"Discover the Talo 11 pellet stove with 10.4kW heating power \u2705 2-year warranty\u2705 Green flame 7\u2b50 \u2705 EcoLabel A + \u2705 Eco Design 2022\u2705","breadcrumb":{"@id":"https:\/\/www.invicta.fr\/en\/produit\/talo-pellet-stove-11\/#breadcrumb"},"inLanguage":"en-US","potentialAction":[{"@type":"ReadAction","target":["https:\/\/www.invicta.fr\/en\/produit\/talo-pellet-stove-11\/"]}]},{"@type":"ImageObject","inLanguage":"en-US","@id":"https:\/\/www.invicta.fr\/en\/produit\/talo-pellet-stove-11\/#primaryimage","url":"https:\/\/www.invicta.fr\/wp-content\/uploads\/2022\/06\/P641414-talo11-cyclo.jpg","contentUrl":"https:\/\/www.invicta.fr\/wp-content\/uploads\/2022\/06\/P641414-talo11-cyclo.jpg","width":513,"height":800,"caption":"Po\u00eale \u00e0 granul\u00e9s Invicta Talo 11"},{"@type":"BreadcrumbList","@id":"https:\/\/www.invicta.fr\/en\/produit\/talo-pellet-stove-11\/#breadcrumb","itemListElement":[{"@type":"ListItem","position":1,"name":"Home","item":"https:\/\/www.invicta.fr\/en\/"},{"@type":"ListItem","position":2,"name":"Products","item":"https:\/\/www.invicta.fr\/en\/shop\/"},{"@type":"ListItem","position":3,"name":"Pellet Stoves","item":"https:\/\/www.invicta.fr\/en\/categorie-produit\/pellet-stoves-en\/"},{"@type":"ListItem","position":4,"name":"Pellet Stoves","item":"https:\/\/www.invicta.fr\/en\/categorie-produit\/pellet-stoves-en\/pellet-stoves-pellet-stoves-en\/"},{"@type":"ListItem","position":5,"name":"Talo 11 pellet stove"}]},{"@type":"WebSite","@id":"https:\/\/www.invicta.fr\/en\/#website","url":"https:\/\/www.invicta.fr\/en\/","name":"Invicta","description":"Fabricant fran\u00e7ais, sp\u00e9cialiste europ\u00e9en du chauffage au bois : po\u00eales \u00e0 bois et \u00e0 granul\u00e9s, chemin\u00e9es, foyers et inserts","publisher":{"@id":"https:\/\/www.invicta.fr\/en\/#organization"},"potentialAction":[{"@type":"SearchAction","target":{"@type":"EntryPoint","urlTemplate":"https:\/\/www.invicta.fr\/en\/?s={search_term_string}"},"query-input":{"@type":"PropertyValueSpecification","valueRequired":true,"valueName":"search_term_string"}}],"inLanguage":"en-US"},{"@type":"Organization","@id":"https:\/\/www.invicta.fr\/en\/#organization","name":"Invicta","url":"https:\/\/www.invicta.fr\/en\/","logo":{"@type":"ImageObject","inLanguage":"en-US","@id":"https:\/\/www.invicta.fr\/en\/#\/schema\/logo\/image\/","url":"https:\/\/www.invicta.fr\/wp-content\/uploads\/2019\/06\/INVICTALOGO_RVB.png","contentUrl":"https:\/\/www.invicta.fr\/wp-content\/uploads\/2019\/06\/INVICTALOGO_RVB.png","width":1810,"height":1280,"caption":"Invicta"},"image":{"@id":"https:\/\/www.invicta.fr\/en\/#\/schema\/logo\/image\/"}}]}},"_links":{"self":[{"href":"https:\/\/www.invicta.fr\/en\/wp-json\/wp\/v2\/product\/29796","targetHints":{"allow":["GET"]}}],"collection":[{"href":"https:\/\/www.invicta.fr\/en\/wp-json\/wp\/v2\/product"}],"about":[{"href":"https:\/\/www.invicta.fr\/en\/wp-json\/wp\/v2\/types\/product"}],"wp:featuredmedia":[{"embeddable":true,"href":"https:\/\/www.invicta.fr\/en\/wp-json\/wp\/v2\/media\/48941"}],"wp:attachment":[{"href":"https:\/\/www.invicta.fr\/en\/wp-json\/wp\/v2\/media?parent=29796"}],"wp:term":[{"taxonomy":"product_brand","embeddable":true,"href":"https:\/\/www.invicta.fr\/en\/wp-json\/wp\/v2\/product_brand?post=29796"},{"taxonomy":"product_cat","embeddable":true,"href":"https:\/\/www.invicta.fr\/en\/wp-json\/wp\/v2\/product_cat?post=29796"},{"taxonomy":"product_tag","embeddable":true,"href":"https:\/\/www.invicta.fr\/en\/wp-json\/wp\/v2\/product_tag?post=29796"},{"taxonomy":"plus_produit","embeddable":true,"href":"https:\/\/www.invicta.fr\/en\/wp-json\/wp\/v2\/plus_produit?post=29796"}],"curies":[{"name":"wp","href":"https:\/\/api.w.org\/{rel}","templated":true}]}}