{"id":32853,"date":"2019-07-02T16:51:08","date_gmt":"2019-12-03T08:36:37","guid":{"rendered":"https:\/\/www.invicta.fr\/produit\/adjustable-gv-1100-hearth\/"},"modified":"2025-10-09T11:08:19","modified_gmt":"2025-10-09T09:08:19","slug":"1100-gv-inset-stove-guillotine-door","status":"publish","type":"product","link":"https:\/\/www.invicta.fr\/en\/produit\/1100-gv-inset-stove-guillotine-door\/","title":{"rendered":"1100 GV Inset Stove Guillotine Door"},"content":{"rendered":"<p><span data-sheets-formula-bar-text-style=\"font-size:13px;color:#000000;font-weight:normal;text-decoration:none;font-family:'Arial';font-style:normal;text-decoration-skip-ink:none;\">This large hearth offers a stunning view of its hypnotizing flames. It can be enjoyed in two ways: as a magnificent panorama with the hearth open, or more subtle with the hearth closed.<\/span><\/p>\n","protected":false},"excerpt":{"rendered":"<p>This large hearth offers a stunning view of its hypnotizing flames. It can be enjoyed in two ways: as a magnificent panorama with the hearth open, or more subtle with the hearth closed.<\/p>\n","protected":false},"featured_media":24174,"template":"","meta":{"_acf_changed":false},"product_brand":[],"product_cat":[2118,3689],"product_tag":[1297,1299,1301,1303],"plus_produit":[1842,3709,3771,3012,3683],"class_list":{"1":"product","4":"has-post-thumbnail","6":"product_cat-aide-au-choix-en","7":"product_cat-wood-burning-fireplaces-fireplaces-and-inserts","8":"product_tag-100-fonte-en","9":"product_tag-a-ecolabel-en","10":"product_tag-fabrication-francaise-en","11":"product_tag-garantie-5-ans-en","12":"pa_depart-des-fumees-top","13":"pa_diametre-de-buse-230-mm-2","14":"pa_indice-de-performance-92-en","15":"pa_modulation-de-puissance-12-27","16":"pa_puissance-6772","17":"pa_surface-de-chauffe-95-215","18":"pa_taux-de-co-026-en-2","19":"pa_volume-de-chauffe-235-535","20":"plus_produit-clean-glass-en","21":"plus_produit-double-opening-door","22":"plus_produit-great-show","23":"plus_produit-origine-france-garantie-made-in-france-guarantee","24":"plus_produit-slow-burning-night-mode","26":"first","27":"instock","28":"product-type-simple"},"acf":[],"yoast_head":"<!-- This site is optimized with the Yoast SEO plugin v24.7 - https:\/\/yoast.com\/wordpress\/plugins\/seo\/ -->\n<title>1100 GV Inset Stove Guillotine Door | INVICTA<\/title>\n<meta name=\"description\" content=\"Discover the Invicta 1100 GV Inset Stove with Guillotine Door : 18kW heat output \u2705 5-year warranty \u2705 100% Cast-iron \u2705 Made in France \u2705\" \/>\n<meta name=\"robots\" content=\"index, follow, max-snippet:-1, max-image-preview:large, max-video-preview:-1\" \/>\n<link rel=\"canonical\" href=\"https:\/\/www.invicta.fr\/en\/produit\/1100-gv-inset-stove-guillotine-door\/\" \/>\n<meta property=\"og:locale\" content=\"en_US\" \/>\n<meta property=\"og:type\" content=\"article\" \/>\n<meta property=\"og:title\" content=\"1100 GV Inset Stove Guillotine Door | INVICTA\" \/>\n<meta property=\"og:description\" content=\"Discover the Invicta 1100 GV Inset Stove with Guillotine Door : 18kW heat output \u2705 5-year warranty \u2705 100% Cast-iron \u2705 Made in France \u2705\" \/>\n<meta property=\"og:url\" content=\"https:\/\/www.invicta.fr\/en\/produit\/1100-gv-inset-stove-guillotine-door\/\" \/>\n<meta property=\"og:site_name\" content=\"Invicta\" \/>\n<meta property=\"article:modified_time\" content=\"2025-10-09T09:08:19+00:00\" \/>\n<meta property=\"og:image\" content=\"https:\/\/www.invicta.fr\/wp-content\/uploads\/2019\/09\/NEW-1100-gv-relev-6811-44_1431969543.jpg\" \/>\n\t<meta property=\"og:image:width\" content=\"600\" \/>\n\t<meta property=\"og:image:height\" content=\"689\" \/>\n\t<meta property=\"og:image:type\" content=\"image\/jpeg\" \/>\n<meta name=\"twitter:card\" content=\"summary_large_image\" \/>\n<script type=\"application\/ld+json\" class=\"yoast-schema-graph\">{\"@context\":\"https:\/\/schema.org\",\"@graph\":[{\"@type\":\"WebPage\",\"@id\":\"https:\/\/www.invicta.fr\/en\/produit\/1100-gv-inset-stove-guillotine-door\/\",\"url\":\"https:\/\/www.invicta.fr\/en\/produit\/1100-gv-inset-stove-guillotine-door\/\",\"name\":\"1100 GV Inset Stove Guillotine Door | INVICTA\",\"isPartOf\":{\"@id\":\"https:\/\/www.invicta.fr\/en\/#website\"},\"primaryImageOfPage\":{\"@id\":\"https:\/\/www.invicta.fr\/en\/produit\/1100-gv-inset-stove-guillotine-door\/#primaryimage\"},\"image\":{\"@id\":\"https:\/\/www.invicta.fr\/en\/produit\/1100-gv-inset-stove-guillotine-door\/#primaryimage\"},\"thumbnailUrl\":\"https:\/\/www.invicta.fr\/wp-content\/uploads\/2019\/09\/NEW-1100-gv-relev-6811-44_1431969543.jpg\",\"datePublished\":\"2019-12-03T08:36:37+00:00\",\"dateModified\":\"2025-10-09T09:08:19+00:00\",\"description\":\"Discover the Invicta 1100 GV Inset Stove with Guillotine Door : 18kW heat output \u2705 5-year warranty \u2705 100% Cast-iron \u2705 Made in France \u2705\",\"breadcrumb\":{\"@id\":\"https:\/\/www.invicta.fr\/en\/produit\/1100-gv-inset-stove-guillotine-door\/#breadcrumb\"},\"inLanguage\":\"en-US\",\"potentialAction\":[{\"@type\":\"ReadAction\",\"target\":[\"https:\/\/www.invicta.fr\/en\/produit\/1100-gv-inset-stove-guillotine-door\/\"]}]},{\"@type\":\"ImageObject\",\"inLanguage\":\"en-US\",\"@id\":\"https:\/\/www.invicta.fr\/en\/produit\/1100-gv-inset-stove-guillotine-door\/#primaryimage\",\"url\":\"https:\/\/www.invicta.fr\/wp-content\/uploads\/2019\/09\/NEW-1100-gv-relev-6811-44_1431969543.jpg\",\"contentUrl\":\"https:\/\/www.invicta.fr\/wp-content\/uploads\/2019\/09\/NEW-1100-gv-relev-6811-44_1431969543.jpg\",\"width\":600,\"height\":689,\"caption\":\"Foyer fonte pour chemin\u00e9e - Invicta - 1100 Grande Vision relevable\"},{\"@type\":\"BreadcrumbList\",\"@id\":\"https:\/\/www.invicta.fr\/en\/produit\/1100-gv-inset-stove-guillotine-door\/#breadcrumb\",\"itemListElement\":[{\"@type\":\"ListItem\",\"position\":1,\"name\":\"Home\",\"item\":\"https:\/\/www.invicta.fr\/en\/\"},{\"@type\":\"ListItem\",\"position\":2,\"name\":\"Products\",\"item\":\"https:\/\/www.invicta.fr\/en\/shop\/\"},{\"@type\":\"ListItem\",\"position\":3,\"name\":\"Fireplaces and inserts\",\"item\":\"https:\/\/www.invicta.fr\/en\/categorie-produit\/fireplaces-and-inserts\/\"},{\"@type\":\"ListItem\",\"position\":4,\"name\":\"Wood Burning Fireplaces\",\"item\":\"https:\/\/www.invicta.fr\/en\/categorie-produit\/fireplaces-and-inserts\/wood-burning-fireplaces-fireplaces-and-inserts\/\"},{\"@type\":\"ListItem\",\"position\":5,\"name\":\"1100 GV Inset Stove Guillotine Door\"}]},{\"@type\":\"WebSite\",\"@id\":\"https:\/\/www.invicta.fr\/en\/#website\",\"url\":\"https:\/\/www.invicta.fr\/en\/\",\"name\":\"Invicta\",\"description\":\"Fabricant fran\u00e7ais, sp\u00e9cialiste europ\u00e9en du chauffage au bois : po\u00eales \u00e0 bois et \u00e0 granul\u00e9s, chemin\u00e9es, foyers et inserts\",\"publisher\":{\"@id\":\"https:\/\/www.invicta.fr\/en\/#organization\"},\"potentialAction\":[{\"@type\":\"SearchAction\",\"target\":{\"@type\":\"EntryPoint\",\"urlTemplate\":\"https:\/\/www.invicta.fr\/en\/?s={search_term_string}\"},\"query-input\":{\"@type\":\"PropertyValueSpecification\",\"valueRequired\":true,\"valueName\":\"search_term_string\"}}],\"inLanguage\":\"en-US\"},{\"@type\":\"Organization\",\"@id\":\"https:\/\/www.invicta.fr\/en\/#organization\",\"name\":\"Invicta\",\"url\":\"https:\/\/www.invicta.fr\/en\/\",\"logo\":{\"@type\":\"ImageObject\",\"inLanguage\":\"en-US\",\"@id\":\"https:\/\/www.invicta.fr\/en\/#\/schema\/logo\/image\/\",\"url\":\"https:\/\/www.invicta.fr\/wp-content\/uploads\/2019\/06\/INVICTALOGO_RVB.png\",\"contentUrl\":\"https:\/\/www.invicta.fr\/wp-content\/uploads\/2019\/06\/INVICTALOGO_RVB.png\",\"width\":1810,\"height\":1280,\"caption\":\"Invicta\"},\"image\":{\"@id\":\"https:\/\/www.invicta.fr\/en\/#\/schema\/logo\/image\/\"}}]}<\/script>\n<!-- \/ Yoast SEO plugin. -->","yoast_head_json":{"title":"1100 GV Inset Stove Guillotine Door | INVICTA","description":"Discover the Invicta 1100 GV Inset Stove with Guillotine Door : 18kW heat output \u2705 5-year warranty \u2705 100% Cast-iron \u2705 Made in France \u2705","robots":{"index":"index","follow":"follow","max-snippet":"max-snippet:-1","max-image-preview":"max-image-preview:large","max-video-preview":"max-video-preview:-1"},"canonical":"https:\/\/www.invicta.fr\/en\/produit\/1100-gv-inset-stove-guillotine-door\/","og_locale":"en_US","og_type":"article","og_title":"1100 GV Inset Stove Guillotine Door | INVICTA","og_description":"Discover the Invicta 1100 GV Inset Stove with Guillotine Door : 18kW heat output \u2705 5-year warranty \u2705 100% Cast-iron \u2705 Made in France \u2705","og_url":"https:\/\/www.invicta.fr\/en\/produit\/1100-gv-inset-stove-guillotine-door\/","og_site_name":"Invicta","article_modified_time":"2025-10-09T09:08:19+00:00","og_image":[{"width":600,"height":689,"url":"https:\/\/www.invicta.fr\/wp-content\/uploads\/2019\/09\/NEW-1100-gv-relev-6811-44_1431969543.jpg","type":"image\/jpeg"}],"twitter_card":"summary_large_image","schema":{"@context":"https:\/\/schema.org","@graph":[{"@type":"WebPage","@id":"https:\/\/www.invicta.fr\/en\/produit\/1100-gv-inset-stove-guillotine-door\/","url":"https:\/\/www.invicta.fr\/en\/produit\/1100-gv-inset-stove-guillotine-door\/","name":"1100 GV Inset Stove Guillotine Door | INVICTA","isPartOf":{"@id":"https:\/\/www.invicta.fr\/en\/#website"},"primaryImageOfPage":{"@id":"https:\/\/www.invicta.fr\/en\/produit\/1100-gv-inset-stove-guillotine-door\/#primaryimage"},"image":{"@id":"https:\/\/www.invicta.fr\/en\/produit\/1100-gv-inset-stove-guillotine-door\/#primaryimage"},"thumbnailUrl":"https:\/\/www.invicta.fr\/wp-content\/uploads\/2019\/09\/NEW-1100-gv-relev-6811-44_1431969543.jpg","datePublished":"2019-12-03T08:36:37+00:00","dateModified":"2025-10-09T09:08:19+00:00","description":"Discover the Invicta 1100 GV Inset Stove with Guillotine Door : 18kW heat output \u2705 5-year warranty \u2705 100% Cast-iron \u2705 Made in France \u2705","breadcrumb":{"@id":"https:\/\/www.invicta.fr\/en\/produit\/1100-gv-inset-stove-guillotine-door\/#breadcrumb"},"inLanguage":"en-US","potentialAction":[{"@type":"ReadAction","target":["https:\/\/www.invicta.fr\/en\/produit\/1100-gv-inset-stove-guillotine-door\/"]}]},{"@type":"ImageObject","inLanguage":"en-US","@id":"https:\/\/www.invicta.fr\/en\/produit\/1100-gv-inset-stove-guillotine-door\/#primaryimage","url":"https:\/\/www.invicta.fr\/wp-content\/uploads\/2019\/09\/NEW-1100-gv-relev-6811-44_1431969543.jpg","contentUrl":"https:\/\/www.invicta.fr\/wp-content\/uploads\/2019\/09\/NEW-1100-gv-relev-6811-44_1431969543.jpg","width":600,"height":689,"caption":"Foyer fonte pour chemin\u00e9e - Invicta - 1100 Grande Vision relevable"},{"@type":"BreadcrumbList","@id":"https:\/\/www.invicta.fr\/en\/produit\/1100-gv-inset-stove-guillotine-door\/#breadcrumb","itemListElement":[{"@type":"ListItem","position":1,"name":"Home","item":"https:\/\/www.invicta.fr\/en\/"},{"@type":"ListItem","position":2,"name":"Products","item":"https:\/\/www.invicta.fr\/en\/shop\/"},{"@type":"ListItem","position":3,"name":"Fireplaces and inserts","item":"https:\/\/www.invicta.fr\/en\/categorie-produit\/fireplaces-and-inserts\/"},{"@type":"ListItem","position":4,"name":"Wood Burning Fireplaces","item":"https:\/\/www.invicta.fr\/en\/categorie-produit\/fireplaces-and-inserts\/wood-burning-fireplaces-fireplaces-and-inserts\/"},{"@type":"ListItem","position":5,"name":"1100 GV Inset Stove Guillotine Door"}]},{"@type":"WebSite","@id":"https:\/\/www.invicta.fr\/en\/#website","url":"https:\/\/www.invicta.fr\/en\/","name":"Invicta","description":"Fabricant fran\u00e7ais, sp\u00e9cialiste europ\u00e9en du chauffage au bois : po\u00eales \u00e0 bois et \u00e0 granul\u00e9s, chemin\u00e9es, foyers et inserts","publisher":{"@id":"https:\/\/www.invicta.fr\/en\/#organization"},"potentialAction":[{"@type":"SearchAction","target":{"@type":"EntryPoint","urlTemplate":"https:\/\/www.invicta.fr\/en\/?s={search_term_string}"},"query-input":{"@type":"PropertyValueSpecification","valueRequired":true,"valueName":"search_term_string"}}],"inLanguage":"en-US"},{"@type":"Organization","@id":"https:\/\/www.invicta.fr\/en\/#organization","name":"Invicta","url":"https:\/\/www.invicta.fr\/en\/","logo":{"@type":"ImageObject","inLanguage":"en-US","@id":"https:\/\/www.invicta.fr\/en\/#\/schema\/logo\/image\/","url":"https:\/\/www.invicta.fr\/wp-content\/uploads\/2019\/06\/INVICTALOGO_RVB.png","contentUrl":"https:\/\/www.invicta.fr\/wp-content\/uploads\/2019\/06\/INVICTALOGO_RVB.png","width":1810,"height":1280,"caption":"Invicta"},"image":{"@id":"https:\/\/www.invicta.fr\/en\/#\/schema\/logo\/image\/"}}]}},"_links":{"self":[{"href":"https:\/\/www.invicta.fr\/en\/wp-json\/wp\/v2\/product\/32853","targetHints":{"allow":["GET"]}}],"collection":[{"href":"https:\/\/www.invicta.fr\/en\/wp-json\/wp\/v2\/product"}],"about":[{"href":"https:\/\/www.invicta.fr\/en\/wp-json\/wp\/v2\/types\/product"}],"wp:featuredmedia":[{"embeddable":true,"href":"https:\/\/www.invicta.fr\/en\/wp-json\/wp\/v2\/media\/24174"}],"wp:attachment":[{"href":"https:\/\/www.invicta.fr\/en\/wp-json\/wp\/v2\/media?parent=32853"}],"wp:term":[{"taxonomy":"product_brand","embeddable":true,"href":"https:\/\/www.invicta.fr\/en\/wp-json\/wp\/v2\/product_brand?post=32853"},{"taxonomy":"product_cat","embeddable":true,"href":"https:\/\/www.invicta.fr\/en\/wp-json\/wp\/v2\/product_cat?post=32853"},{"taxonomy":"product_tag","embeddable":true,"href":"https:\/\/www.invicta.fr\/en\/wp-json\/wp\/v2\/product_tag?post=32853"},{"taxonomy":"plus_produit","embeddable":true,"href":"https:\/\/www.invicta.fr\/en\/wp-json\/wp\/v2\/plus_produit?post=32853"}],"curies":[{"name":"wp","href":"https:\/\/api.w.org\/{rel}","templated":true}]}}