{"id":32878,"date":"2019-07-02T14:45:34","date_gmt":"2019-12-03T08:37:05","guid":{"rendered":"https:\/\/www.invicta.fr\/produit\/rustica-cast-iron-stove\/"},"modified":"2025-11-14T15:09:38","modified_gmt":"2025-11-14T14:09:38","slug":"rustica-cast-iron-stove","status":"publish","type":"product","link":"https:\/\/www.invicta.fr\/en\/produit\/rustica-cast-iron-stove\/","title":{"rendered":"Rustica Cast Iron Stove"},"content":{"rendered":"","protected":false},"excerpt":{"rendered":"<p>Our Rustica stove is inviting, traditional, and incredibly efficient.<\/p>\n","protected":false},"featured_media":26468,"template":"","meta":{"_acf_changed":false},"product_brand":[],"product_cat":[2118,3013,6098,6811,6851],"product_tag":[7106,1302,1297,1300,1299,7018,1301,1305,2090,6830,6638],"plus_produit":[3011,1842,6836,3012,3009],"class_list":{"1":"product","4":"has-post-thumbnail","6":"product_cat-aide-au-choix-en","7":"product_cat-cast-iron-and-steel-wood-burning-stoves-wood-burning-stoves","8":"product_cat-wood-stoves-logs-50-cm","9":"product_cat-modern-stoves","10":"product_cat-poeles-a-bois-10-kw-en","11":"product_tag-en16510-en","12":"product_tag-flamme-verte-en","13":"product_tag-100-fonte-en","14":"product_tag-eco-design-2022-en","15":"product_tag-a-ecolabel-en","16":"product_tag-4-blmschv2","17":"product_tag-fabrication-francaise-en","18":"product_tag-post-combustion-en","19":"product_tag-garantie-2-ans-en","20":"product_tag-y-extension-garantie-3ans-en","21":"product_tag-z-credit-tax","22":"pa_depart-des-fumees-top-or-back","23":"pa_diametre-de-buse-150-mm-en","24":"pa_indice-de-performance-99-en","25":"pa_puissance-optimale-10-kw-en","26":"pa_surface-de-chauffe-55-to-120-m","27":"pa_taux-de-co-010-en","28":"pa_volume-de-chauffe-135-to-300-m","29":"plus_produit-adjustable-secondary-air","30":"plus_produit-clean-glass-en","31":"plus_produit-3-year-extended-warranty","32":"plus_produit-origine-france-garantie-made-in-france-guarantee","33":"plus_produit-post-combustion-system","35":"first","36":"instock","37":"product-type-simple"},"acf":[],"yoast_head":"<!-- This site is optimized with the Yoast SEO plugin v24.7 - https:\/\/yoast.com\/wordpress\/plugins\/seo\/ -->\n<title>Rustica Cast Iron Stove - Invicta<\/title>\n<meta name=\"description\" content=\"Our Rustica stove is inviting, traditional, and incredibly efficient.\" \/>\n<meta name=\"robots\" content=\"index, follow, max-snippet:-1, max-image-preview:large, max-video-preview:-1\" \/>\n<link rel=\"canonical\" href=\"https:\/\/www.invicta.fr\/en\/produit\/rustica-cast-iron-stove\/\" \/>\n<meta property=\"og:locale\" content=\"en_US\" \/>\n<meta property=\"og:type\" content=\"article\" \/>\n<meta property=\"og:title\" content=\"Rustica Cast Iron Stove - Invicta\" \/>\n<meta property=\"og:description\" content=\"Our Rustica stove is inviting, traditional, and incredibly efficient.\" \/>\n<meta property=\"og:url\" content=\"https:\/\/www.invicta.fr\/en\/produit\/rustica-cast-iron-stove\/\" \/>\n<meta property=\"og:site_name\" content=\"Invicta\" \/>\n<meta property=\"article:modified_time\" content=\"2025-11-14T14:09:38+00:00\" \/>\n<meta name=\"twitter:card\" content=\"summary_large_image\" \/>\n<script type=\"application\/ld+json\" class=\"yoast-schema-graph\">{\"@context\":\"https:\/\/schema.org\",\"@graph\":[{\"@type\":\"WebPage\",\"@id\":\"https:\/\/www.invicta.fr\/en\/produit\/rustica-cast-iron-stove\/\",\"url\":\"https:\/\/www.invicta.fr\/en\/produit\/rustica-cast-iron-stove\/\",\"name\":\"Rustica Cast Iron Stove - Invicta\",\"isPartOf\":{\"@id\":\"https:\/\/www.invicta.fr\/en\/#website\"},\"primaryImageOfPage\":{\"@id\":\"https:\/\/www.invicta.fr\/en\/produit\/rustica-cast-iron-stove\/#primaryimage\"},\"image\":{\"@id\":\"https:\/\/www.invicta.fr\/en\/produit\/rustica-cast-iron-stove\/#primaryimage\"},\"thumbnailUrl\":\"https:\/\/www.invicta.fr\/wp-content\/uploads\/2019\/07\/3244339176440_01c.jpg\",\"datePublished\":\"2019-12-03T08:37:05+00:00\",\"dateModified\":\"2025-11-14T14:09:38+00:00\",\"description\":\"Our Rustica stove is inviting, traditional, and incredibly efficient.\",\"breadcrumb\":{\"@id\":\"https:\/\/www.invicta.fr\/en\/produit\/rustica-cast-iron-stove\/#breadcrumb\"},\"inLanguage\":\"en-US\",\"potentialAction\":[{\"@type\":\"ReadAction\",\"target\":[\"https:\/\/www.invicta.fr\/en\/produit\/rustica-cast-iron-stove\/\"]}]},{\"@type\":\"ImageObject\",\"inLanguage\":\"en-US\",\"@id\":\"https:\/\/www.invicta.fr\/en\/produit\/rustica-cast-iron-stove\/#primaryimage\",\"url\":\"https:\/\/www.invicta.fr\/wp-content\/uploads\/2019\/07\/3244339176440_01c.jpg\",\"contentUrl\":\"https:\/\/www.invicta.fr\/wp-content\/uploads\/2019\/07\/3244339176440_01c.jpg\",\"width\":1080,\"height\":1080,\"caption\":\"Po\u00eale \u00e0 bois fonte Invicta Rustica - 10 kW\"},{\"@type\":\"BreadcrumbList\",\"@id\":\"https:\/\/www.invicta.fr\/en\/produit\/rustica-cast-iron-stove\/#breadcrumb\",\"itemListElement\":[{\"@type\":\"ListItem\",\"position\":1,\"name\":\"Home\",\"item\":\"https:\/\/www.invicta.fr\/en\/\"},{\"@type\":\"ListItem\",\"position\":2,\"name\":\"Products\",\"item\":\"https:\/\/www.invicta.fr\/en\/shop\/\"},{\"@type\":\"ListItem\",\"position\":3,\"name\":\"Wood burning stoves\",\"item\":\"https:\/\/www.invicta.fr\/en\/categorie-produit\/wood-burning-stoves\/\"},{\"@type\":\"ListItem\",\"position\":4,\"name\":\"Cast iron and steel wood burning stoves\",\"item\":\"https:\/\/www.invicta.fr\/en\/categorie-produit\/wood-burning-stoves\/cast-iron-and-steel-wood-burning-stoves-wood-burning-stoves\/\"},{\"@type\":\"ListItem\",\"position\":5,\"name\":\"Rustica Cast Iron Stove\"}]},{\"@type\":\"WebSite\",\"@id\":\"https:\/\/www.invicta.fr\/en\/#website\",\"url\":\"https:\/\/www.invicta.fr\/en\/\",\"name\":\"Invicta\",\"description\":\"Fabricant fran\u00e7ais, sp\u00e9cialiste europ\u00e9en du chauffage au bois : po\u00eales \u00e0 bois et \u00e0 granul\u00e9s, chemin\u00e9es, foyers et inserts\",\"publisher\":{\"@id\":\"https:\/\/www.invicta.fr\/en\/#organization\"},\"potentialAction\":[{\"@type\":\"SearchAction\",\"target\":{\"@type\":\"EntryPoint\",\"urlTemplate\":\"https:\/\/www.invicta.fr\/en\/?s={search_term_string}\"},\"query-input\":{\"@type\":\"PropertyValueSpecification\",\"valueRequired\":true,\"valueName\":\"search_term_string\"}}],\"inLanguage\":\"en-US\"},{\"@type\":\"Organization\",\"@id\":\"https:\/\/www.invicta.fr\/en\/#organization\",\"name\":\"Invicta\",\"url\":\"https:\/\/www.invicta.fr\/en\/\",\"logo\":{\"@type\":\"ImageObject\",\"inLanguage\":\"en-US\",\"@id\":\"https:\/\/www.invicta.fr\/en\/#\/schema\/logo\/image\/\",\"url\":\"https:\/\/www.invicta.fr\/wp-content\/uploads\/2019\/06\/INVICTALOGO_RVB.png\",\"contentUrl\":\"https:\/\/www.invicta.fr\/wp-content\/uploads\/2019\/06\/INVICTALOGO_RVB.png\",\"width\":1810,\"height\":1280,\"caption\":\"Invicta\"},\"image\":{\"@id\":\"https:\/\/www.invicta.fr\/en\/#\/schema\/logo\/image\/\"}}]}<\/script>\n<!-- \/ Yoast SEO plugin. -->","yoast_head_json":{"title":"Rustica Cast Iron Stove - Invicta","description":"Our Rustica stove is inviting, traditional, and incredibly efficient.","robots":{"index":"index","follow":"follow","max-snippet":"max-snippet:-1","max-image-preview":"max-image-preview:large","max-video-preview":"max-video-preview:-1"},"canonical":"https:\/\/www.invicta.fr\/en\/produit\/rustica-cast-iron-stove\/","og_locale":"en_US","og_type":"article","og_title":"Rustica Cast Iron Stove - Invicta","og_description":"Our Rustica stove is inviting, traditional, and incredibly efficient.","og_url":"https:\/\/www.invicta.fr\/en\/produit\/rustica-cast-iron-stove\/","og_site_name":"Invicta","article_modified_time":"2025-11-14T14:09:38+00:00","twitter_card":"summary_large_image","schema":{"@context":"https:\/\/schema.org","@graph":[{"@type":"WebPage","@id":"https:\/\/www.invicta.fr\/en\/produit\/rustica-cast-iron-stove\/","url":"https:\/\/www.invicta.fr\/en\/produit\/rustica-cast-iron-stove\/","name":"Rustica Cast Iron Stove - Invicta","isPartOf":{"@id":"https:\/\/www.invicta.fr\/en\/#website"},"primaryImageOfPage":{"@id":"https:\/\/www.invicta.fr\/en\/produit\/rustica-cast-iron-stove\/#primaryimage"},"image":{"@id":"https:\/\/www.invicta.fr\/en\/produit\/rustica-cast-iron-stove\/#primaryimage"},"thumbnailUrl":"https:\/\/www.invicta.fr\/wp-content\/uploads\/2019\/07\/3244339176440_01c.jpg","datePublished":"2019-12-03T08:37:05+00:00","dateModified":"2025-11-14T14:09:38+00:00","description":"Our Rustica stove is inviting, traditional, and incredibly efficient.","breadcrumb":{"@id":"https:\/\/www.invicta.fr\/en\/produit\/rustica-cast-iron-stove\/#breadcrumb"},"inLanguage":"en-US","potentialAction":[{"@type":"ReadAction","target":["https:\/\/www.invicta.fr\/en\/produit\/rustica-cast-iron-stove\/"]}]},{"@type":"ImageObject","inLanguage":"en-US","@id":"https:\/\/www.invicta.fr\/en\/produit\/rustica-cast-iron-stove\/#primaryimage","url":"https:\/\/www.invicta.fr\/wp-content\/uploads\/2019\/07\/3244339176440_01c.jpg","contentUrl":"https:\/\/www.invicta.fr\/wp-content\/uploads\/2019\/07\/3244339176440_01c.jpg","width":1080,"height":1080,"caption":"Po\u00eale \u00e0 bois fonte Invicta Rustica - 10 kW"},{"@type":"BreadcrumbList","@id":"https:\/\/www.invicta.fr\/en\/produit\/rustica-cast-iron-stove\/#breadcrumb","itemListElement":[{"@type":"ListItem","position":1,"name":"Home","item":"https:\/\/www.invicta.fr\/en\/"},{"@type":"ListItem","position":2,"name":"Products","item":"https:\/\/www.invicta.fr\/en\/shop\/"},{"@type":"ListItem","position":3,"name":"Wood burning stoves","item":"https:\/\/www.invicta.fr\/en\/categorie-produit\/wood-burning-stoves\/"},{"@type":"ListItem","position":4,"name":"Cast iron and steel wood burning stoves","item":"https:\/\/www.invicta.fr\/en\/categorie-produit\/wood-burning-stoves\/cast-iron-and-steel-wood-burning-stoves-wood-burning-stoves\/"},{"@type":"ListItem","position":5,"name":"Rustica Cast Iron Stove"}]},{"@type":"WebSite","@id":"https:\/\/www.invicta.fr\/en\/#website","url":"https:\/\/www.invicta.fr\/en\/","name":"Invicta","description":"Fabricant fran\u00e7ais, sp\u00e9cialiste europ\u00e9en du chauffage au bois : po\u00eales \u00e0 bois et \u00e0 granul\u00e9s, chemin\u00e9es, foyers et inserts","publisher":{"@id":"https:\/\/www.invicta.fr\/en\/#organization"},"potentialAction":[{"@type":"SearchAction","target":{"@type":"EntryPoint","urlTemplate":"https:\/\/www.invicta.fr\/en\/?s={search_term_string}"},"query-input":{"@type":"PropertyValueSpecification","valueRequired":true,"valueName":"search_term_string"}}],"inLanguage":"en-US"},{"@type":"Organization","@id":"https:\/\/www.invicta.fr\/en\/#organization","name":"Invicta","url":"https:\/\/www.invicta.fr\/en\/","logo":{"@type":"ImageObject","inLanguage":"en-US","@id":"https:\/\/www.invicta.fr\/en\/#\/schema\/logo\/image\/","url":"https:\/\/www.invicta.fr\/wp-content\/uploads\/2019\/06\/INVICTALOGO_RVB.png","contentUrl":"https:\/\/www.invicta.fr\/wp-content\/uploads\/2019\/06\/INVICTALOGO_RVB.png","width":1810,"height":1280,"caption":"Invicta"},"image":{"@id":"https:\/\/www.invicta.fr\/en\/#\/schema\/logo\/image\/"}}]}},"_links":{"self":[{"href":"https:\/\/www.invicta.fr\/en\/wp-json\/wp\/v2\/product\/32878","targetHints":{"allow":["GET"]}}],"collection":[{"href":"https:\/\/www.invicta.fr\/en\/wp-json\/wp\/v2\/product"}],"about":[{"href":"https:\/\/www.invicta.fr\/en\/wp-json\/wp\/v2\/types\/product"}],"wp:featuredmedia":[{"embeddable":true,"href":"https:\/\/www.invicta.fr\/en\/wp-json\/wp\/v2\/media\/26468"}],"wp:attachment":[{"href":"https:\/\/www.invicta.fr\/en\/wp-json\/wp\/v2\/media?parent=32878"}],"wp:term":[{"taxonomy":"product_brand","embeddable":true,"href":"https:\/\/www.invicta.fr\/en\/wp-json\/wp\/v2\/product_brand?post=32878"},{"taxonomy":"product_cat","embeddable":true,"href":"https:\/\/www.invicta.fr\/en\/wp-json\/wp\/v2\/product_cat?post=32878"},{"taxonomy":"product_tag","embeddable":true,"href":"https:\/\/www.invicta.fr\/en\/wp-json\/wp\/v2\/product_tag?post=32878"},{"taxonomy":"plus_produit","embeddable":true,"href":"https:\/\/www.invicta.fr\/en\/wp-json\/wp\/v2\/plus_produit?post=32878"}],"curies":[{"name":"wp","href":"https:\/\/api.w.org\/{rel}","templated":true}]}}