{"id":32905,"date":"2019-07-05T17:04:59","date_gmt":"2019-12-03T08:37:36","guid":{"rendered":"https:\/\/www.invicta.fr\/produit\/fifty-arche-cast-iron-stove\/"},"modified":"2026-03-11T16:45:00","modified_gmt":"2026-03-11T15:45:00","slug":"fifty-arche-cast-iron-stove","status":"publish","type":"product","link":"https:\/\/www.invicta.fr\/en\/produit\/fifty-arche-cast-iron-stove\/","title":{"rendered":"Fifty Arche Cast iron Stove"},"content":{"rendered":"","protected":false},"excerpt":{"rendered":"<p>This vintage stove is designed with curved legs and comes in a variety of colors. Enjoy 1950s style combined with the energy efficiency of the future.<\/p>\n","protected":false},"featured_media":1326,"template":"","meta":{"_acf_changed":false},"product_brand":[],"product_cat":[2118,3013,6098,6850,6097,6093,6099,6094,6095,6851,6852],"product_tag":[7106,1302,1297,1300,1299,7018,1301,1305,2090,6830,6638],"plus_produit":[3011,1842,6836,3012,3009],"class_list":{"1":"product","4":"has-post-thumbnail","6":"product_cat-aide-au-choix-en","7":"product_cat-cast-iron-and-steel-wood-burning-stoves-wood-burning-stoves","8":"product_cat-wood-stoves-logs-50-cm","9":"product_cat-poeles-a-bois-blancs-en","10":"product_cat-contemporary-wood-stoves","11":"product_cat-designer-wood-stoves","12":"product_cat-industrial-wood-stoves","13":"product_cat-modern-wood-burning-stoves","14":"product_cat-round-wood-stoves","15":"product_cat-poeles-a-bois-10-kw-en","16":"product_cat-poeles-a-bois-11-kw-en","17":"product_tag-en16510-en","18":"product_tag-flamme-verte-en","19":"product_tag-100-fonte-en","20":"product_tag-eco-design-2022-en","21":"product_tag-a-ecolabel-en","22":"product_tag-4-blmschv2","23":"product_tag-fabrication-francaise-en","24":"product_tag-post-combustion-en","25":"product_tag-garantie-2-ans-en","26":"product_tag-y-extension-garantie-3ans-en","27":"product_tag-z-credit-tax","28":"pa_depart-des-fumees-dessus-en","29":"pa_diametre-de-buse-150-mm-en","30":"pa_indice-de-performance-100-en","31":"pa_puissance-optimale-10-kw-en","32":"pa_surface-de-chauffe-55-to-120-m","33":"pa_taux-de-co-010-en","34":"pa_volume-de-chauffe-135-to-300-m","35":"plus_produit-adjustable-secondary-air","36":"plus_produit-clean-glass-en","37":"plus_produit-3-year-extended-warranty","38":"plus_produit-origine-france-garantie-made-in-france-guarantee","39":"plus_produit-post-combustion-system","41":"first","42":"instock","43":"product-type-variable","44":"has-default-attributes"},"acf":[],"yoast_head":"<!-- This site is optimized with the Yoast SEO plugin v24.7 - https:\/\/yoast.com\/wordpress\/plugins\/seo\/ -->\n<title>Fifty Arche Cast iron Stove - Invicta<\/title>\n<meta name=\"description\" content=\"This vintage stove is designed with curved legs and comes in a variety of colors. Enjoy 1950s style combined with the energy efficiency of the future.\" \/>\n<meta name=\"robots\" content=\"index, follow, max-snippet:-1, max-image-preview:large, max-video-preview:-1\" \/>\n<link rel=\"canonical\" href=\"https:\/\/www.invicta.fr\/en\/produit\/fifty-arche-cast-iron-stove\/\" \/>\n<meta property=\"og:locale\" content=\"en_US\" \/>\n<meta property=\"og:type\" content=\"article\" \/>\n<meta property=\"og:title\" content=\"Fifty Arche Cast iron Stove - Invicta\" \/>\n<meta property=\"og:description\" content=\"This vintage stove is designed with curved legs and comes in a variety of colors. Enjoy 1950s style combined with the energy efficiency of the future.\" \/>\n<meta property=\"og:url\" content=\"https:\/\/www.invicta.fr\/en\/produit\/fifty-arche-cast-iron-stove\/\" \/>\n<meta property=\"og:site_name\" content=\"Invicta\" \/>\n<meta property=\"article:modified_time\" content=\"2026-03-11T15:45:00+00:00\" \/>\n<meta name=\"twitter:card\" content=\"summary_large_image\" \/>\n<script type=\"application\/ld+json\" class=\"yoast-schema-graph\">{\"@context\":\"https:\/\/schema.org\",\"@graph\":[{\"@type\":\"WebPage\",\"@id\":\"https:\/\/www.invicta.fr\/en\/produit\/fifty-arche-cast-iron-stove\/\",\"url\":\"https:\/\/www.invicta.fr\/en\/produit\/fifty-arche-cast-iron-stove\/\",\"name\":\"Fifty Arche Cast iron Stove - Invicta\",\"isPartOf\":{\"@id\":\"https:\/\/www.invicta.fr\/en\/#website\"},\"primaryImageOfPage\":{\"@id\":\"https:\/\/www.invicta.fr\/en\/produit\/fifty-arche-cast-iron-stove\/#primaryimage\"},\"image\":{\"@id\":\"https:\/\/www.invicta.fr\/en\/produit\/fifty-arche-cast-iron-stove\/#primaryimage\"},\"thumbnailUrl\":\"https:\/\/www.invicta.fr\/wp-content\/uploads\/2019\/07\/Fiftyarche-cyclo-rouge.jpg\",\"datePublished\":\"2019-12-03T08:37:36+00:00\",\"dateModified\":\"2026-03-11T15:45:00+00:00\",\"description\":\"This vintage stove is designed with curved legs and comes in a variety of colors. Enjoy 1950s style combined with the energy efficiency of the future.\",\"breadcrumb\":{\"@id\":\"https:\/\/www.invicta.fr\/en\/produit\/fifty-arche-cast-iron-stove\/#breadcrumb\"},\"inLanguage\":\"en-US\",\"potentialAction\":[{\"@type\":\"ReadAction\",\"target\":[\"https:\/\/www.invicta.fr\/en\/produit\/fifty-arche-cast-iron-stove\/\"]}]},{\"@type\":\"ImageObject\",\"inLanguage\":\"en-US\",\"@id\":\"https:\/\/www.invicta.fr\/en\/produit\/fifty-arche-cast-iron-stove\/#primaryimage\",\"url\":\"https:\/\/www.invicta.fr\/wp-content\/uploads\/2019\/07\/Fiftyarche-cyclo-rouge.jpg\",\"contentUrl\":\"https:\/\/www.invicta.fr\/wp-content\/uploads\/2019\/07\/Fiftyarche-cyclo-rouge.jpg\",\"width\":1071,\"height\":900,\"caption\":\"Po\u00eale \u00e0 bois fonte Invicta Fifty arche rouge - 10 kW\"},{\"@type\":\"BreadcrumbList\",\"@id\":\"https:\/\/www.invicta.fr\/en\/produit\/fifty-arche-cast-iron-stove\/#breadcrumb\",\"itemListElement\":[{\"@type\":\"ListItem\",\"position\":1,\"name\":\"Home\",\"item\":\"https:\/\/www.invicta.fr\/en\/\"},{\"@type\":\"ListItem\",\"position\":2,\"name\":\"Products\",\"item\":\"https:\/\/www.invicta.fr\/en\/shop\/\"},{\"@type\":\"ListItem\",\"position\":3,\"name\":\"Wood burning stoves\",\"item\":\"https:\/\/www.invicta.fr\/en\/categorie-produit\/wood-burning-stoves\/\"},{\"@type\":\"ListItem\",\"position\":4,\"name\":\"Cast iron and steel wood burning stoves\",\"item\":\"https:\/\/www.invicta.fr\/en\/categorie-produit\/wood-burning-stoves\/cast-iron-and-steel-wood-burning-stoves-wood-burning-stoves\/\"},{\"@type\":\"ListItem\",\"position\":5,\"name\":\"Fifty Arche Cast iron Stove\"}]},{\"@type\":\"WebSite\",\"@id\":\"https:\/\/www.invicta.fr\/en\/#website\",\"url\":\"https:\/\/www.invicta.fr\/en\/\",\"name\":\"Invicta\",\"description\":\"Fabricant fran\u00e7ais, sp\u00e9cialiste europ\u00e9en du chauffage au bois : po\u00eales \u00e0 bois et \u00e0 granul\u00e9s, chemin\u00e9es, foyers et inserts\",\"publisher\":{\"@id\":\"https:\/\/www.invicta.fr\/en\/#organization\"},\"potentialAction\":[{\"@type\":\"SearchAction\",\"target\":{\"@type\":\"EntryPoint\",\"urlTemplate\":\"https:\/\/www.invicta.fr\/en\/?s={search_term_string}\"},\"query-input\":{\"@type\":\"PropertyValueSpecification\",\"valueRequired\":true,\"valueName\":\"search_term_string\"}}],\"inLanguage\":\"en-US\"},{\"@type\":\"Organization\",\"@id\":\"https:\/\/www.invicta.fr\/en\/#organization\",\"name\":\"Invicta\",\"url\":\"https:\/\/www.invicta.fr\/en\/\",\"logo\":{\"@type\":\"ImageObject\",\"inLanguage\":\"en-US\",\"@id\":\"https:\/\/www.invicta.fr\/en\/#\/schema\/logo\/image\/\",\"url\":\"https:\/\/www.invicta.fr\/wp-content\/uploads\/2019\/06\/INVICTALOGO_RVB.png\",\"contentUrl\":\"https:\/\/www.invicta.fr\/wp-content\/uploads\/2019\/06\/INVICTALOGO_RVB.png\",\"width\":1810,\"height\":1280,\"caption\":\"Invicta\"},\"image\":{\"@id\":\"https:\/\/www.invicta.fr\/en\/#\/schema\/logo\/image\/\"}}]}<\/script>\n<!-- \/ Yoast SEO plugin. -->","yoast_head_json":{"title":"Fifty Arche Cast iron Stove - Invicta","description":"This vintage stove is designed with curved legs and comes in a variety of colors. Enjoy 1950s style combined with the energy efficiency of the future.","robots":{"index":"index","follow":"follow","max-snippet":"max-snippet:-1","max-image-preview":"max-image-preview:large","max-video-preview":"max-video-preview:-1"},"canonical":"https:\/\/www.invicta.fr\/en\/produit\/fifty-arche-cast-iron-stove\/","og_locale":"en_US","og_type":"article","og_title":"Fifty Arche Cast iron Stove - Invicta","og_description":"This vintage stove is designed with curved legs and comes in a variety of colors. Enjoy 1950s style combined with the energy efficiency of the future.","og_url":"https:\/\/www.invicta.fr\/en\/produit\/fifty-arche-cast-iron-stove\/","og_site_name":"Invicta","article_modified_time":"2026-03-11T15:45:00+00:00","twitter_card":"summary_large_image","schema":{"@context":"https:\/\/schema.org","@graph":[{"@type":"WebPage","@id":"https:\/\/www.invicta.fr\/en\/produit\/fifty-arche-cast-iron-stove\/","url":"https:\/\/www.invicta.fr\/en\/produit\/fifty-arche-cast-iron-stove\/","name":"Fifty Arche Cast iron Stove - Invicta","isPartOf":{"@id":"https:\/\/www.invicta.fr\/en\/#website"},"primaryImageOfPage":{"@id":"https:\/\/www.invicta.fr\/en\/produit\/fifty-arche-cast-iron-stove\/#primaryimage"},"image":{"@id":"https:\/\/www.invicta.fr\/en\/produit\/fifty-arche-cast-iron-stove\/#primaryimage"},"thumbnailUrl":"https:\/\/www.invicta.fr\/wp-content\/uploads\/2019\/07\/Fiftyarche-cyclo-rouge.jpg","datePublished":"2019-12-03T08:37:36+00:00","dateModified":"2026-03-11T15:45:00+00:00","description":"This vintage stove is designed with curved legs and comes in a variety of colors. Enjoy 1950s style combined with the energy efficiency of the future.","breadcrumb":{"@id":"https:\/\/www.invicta.fr\/en\/produit\/fifty-arche-cast-iron-stove\/#breadcrumb"},"inLanguage":"en-US","potentialAction":[{"@type":"ReadAction","target":["https:\/\/www.invicta.fr\/en\/produit\/fifty-arche-cast-iron-stove\/"]}]},{"@type":"ImageObject","inLanguage":"en-US","@id":"https:\/\/www.invicta.fr\/en\/produit\/fifty-arche-cast-iron-stove\/#primaryimage","url":"https:\/\/www.invicta.fr\/wp-content\/uploads\/2019\/07\/Fiftyarche-cyclo-rouge.jpg","contentUrl":"https:\/\/www.invicta.fr\/wp-content\/uploads\/2019\/07\/Fiftyarche-cyclo-rouge.jpg","width":1071,"height":900,"caption":"Po\u00eale \u00e0 bois fonte Invicta Fifty arche rouge - 10 kW"},{"@type":"BreadcrumbList","@id":"https:\/\/www.invicta.fr\/en\/produit\/fifty-arche-cast-iron-stove\/#breadcrumb","itemListElement":[{"@type":"ListItem","position":1,"name":"Home","item":"https:\/\/www.invicta.fr\/en\/"},{"@type":"ListItem","position":2,"name":"Products","item":"https:\/\/www.invicta.fr\/en\/shop\/"},{"@type":"ListItem","position":3,"name":"Wood burning stoves","item":"https:\/\/www.invicta.fr\/en\/categorie-produit\/wood-burning-stoves\/"},{"@type":"ListItem","position":4,"name":"Cast iron and steel wood burning stoves","item":"https:\/\/www.invicta.fr\/en\/categorie-produit\/wood-burning-stoves\/cast-iron-and-steel-wood-burning-stoves-wood-burning-stoves\/"},{"@type":"ListItem","position":5,"name":"Fifty Arche Cast iron Stove"}]},{"@type":"WebSite","@id":"https:\/\/www.invicta.fr\/en\/#website","url":"https:\/\/www.invicta.fr\/en\/","name":"Invicta","description":"Fabricant fran\u00e7ais, sp\u00e9cialiste europ\u00e9en du chauffage au bois : po\u00eales \u00e0 bois et \u00e0 granul\u00e9s, chemin\u00e9es, foyers et inserts","publisher":{"@id":"https:\/\/www.invicta.fr\/en\/#organization"},"potentialAction":[{"@type":"SearchAction","target":{"@type":"EntryPoint","urlTemplate":"https:\/\/www.invicta.fr\/en\/?s={search_term_string}"},"query-input":{"@type":"PropertyValueSpecification","valueRequired":true,"valueName":"search_term_string"}}],"inLanguage":"en-US"},{"@type":"Organization","@id":"https:\/\/www.invicta.fr\/en\/#organization","name":"Invicta","url":"https:\/\/www.invicta.fr\/en\/","logo":{"@type":"ImageObject","inLanguage":"en-US","@id":"https:\/\/www.invicta.fr\/en\/#\/schema\/logo\/image\/","url":"https:\/\/www.invicta.fr\/wp-content\/uploads\/2019\/06\/INVICTALOGO_RVB.png","contentUrl":"https:\/\/www.invicta.fr\/wp-content\/uploads\/2019\/06\/INVICTALOGO_RVB.png","width":1810,"height":1280,"caption":"Invicta"},"image":{"@id":"https:\/\/www.invicta.fr\/en\/#\/schema\/logo\/image\/"}}]}},"_links":{"self":[{"href":"https:\/\/www.invicta.fr\/en\/wp-json\/wp\/v2\/product\/32905","targetHints":{"allow":["GET"]}}],"collection":[{"href":"https:\/\/www.invicta.fr\/en\/wp-json\/wp\/v2\/product"}],"about":[{"href":"https:\/\/www.invicta.fr\/en\/wp-json\/wp\/v2\/types\/product"}],"wp:featuredmedia":[{"embeddable":true,"href":"https:\/\/www.invicta.fr\/en\/wp-json\/wp\/v2\/media\/1326"}],"wp:attachment":[{"href":"https:\/\/www.invicta.fr\/en\/wp-json\/wp\/v2\/media?parent=32905"}],"wp:term":[{"taxonomy":"product_brand","embeddable":true,"href":"https:\/\/www.invicta.fr\/en\/wp-json\/wp\/v2\/product_brand?post=32905"},{"taxonomy":"product_cat","embeddable":true,"href":"https:\/\/www.invicta.fr\/en\/wp-json\/wp\/v2\/product_cat?post=32905"},{"taxonomy":"product_tag","embeddable":true,"href":"https:\/\/www.invicta.fr\/en\/wp-json\/wp\/v2\/product_tag?post=32905"},{"taxonomy":"plus_produit","embeddable":true,"href":"https:\/\/www.invicta.fr\/en\/wp-json\/wp\/v2\/plus_produit?post=32905"}],"curies":[{"name":"wp","href":"https:\/\/api.w.org\/{rel}","templated":true}]}}