{"id":32921,"date":"2019-07-11T09:59:17","date_gmt":"2019-12-03T08:38:00","guid":{"rendered":"https:\/\/www.invicta.fr\/produit\/adjustable-gv-800-hearth\/"},"modified":"2025-10-09T10:58:10","modified_gmt":"2025-10-09T08:58:10","slug":"800-gv-inset-stove-with-guillotine-door","status":"publish","type":"product","link":"https:\/\/www.invicta.fr\/en\/produit\/800-gv-inset-stove-with-guillotine-door\/","title":{"rendered":"800 GV Inset Stove with Guillotine Door"},"content":{"rendered":"","protected":false},"excerpt":{"rendered":"<p>With the door either lifted or closed, this hearth offers you all of the enjoyment of a wood burning stove.<\/p>\n","protected":false},"featured_media":21757,"template":"","meta":{"_acf_changed":false},"product_brand":[],"product_cat":[2118,3689],"product_tag":[1297,1299,1301,1303],"plus_produit":[1842,3709,3012,3683],"class_list":{"1":"product","4":"has-post-thumbnail","6":"product_cat-aide-au-choix-en","7":"product_cat-wood-burning-fireplaces-fireplaces-and-inserts","8":"product_tag-100-fonte-en","9":"product_tag-a-ecolabel-en","10":"product_tag-fabrication-francaise-en","11":"product_tag-garantie-5-ans-en","12":"pa_depart-des-fumees-dessus-en","13":"pa_diametre-de-buse-6758","14":"pa_indice-de-performance-92-en","15":"pa_modulation-de-puissance-95-21-kw-en","16":"pa_puissance-6747","17":"pa_surface-de-chauffe-75-170","18":"pa_taux-de-co-026-en-2","19":"pa_volume-de-chauffe-185-425","20":"plus_produit-clean-glass-en","21":"plus_produit-double-opening-door","22":"plus_produit-origine-france-garantie-made-in-france-guarantee","23":"plus_produit-slow-burning-night-mode","25":"first","26":"instock","27":"product-type-simple"},"acf":[],"yoast_head":"<!-- This site is optimized with the Yoast SEO plugin v24.7 - https:\/\/yoast.com\/wordpress\/plugins\/seo\/ -->\n<title>800 GV Inset Stove Guillotine Door | INVICTA<\/title>\n<meta name=\"description\" content=\"Discover the Invicta 800 GV Inset Stove with Guillotine Door : 14kW heat output \u2705 5-year warranty \u2705 100% Cast-iron \u2705 Made in France \u2705\" \/>\n<meta name=\"robots\" content=\"index, follow, max-snippet:-1, max-image-preview:large, max-video-preview:-1\" \/>\n<link rel=\"canonical\" href=\"https:\/\/www.invicta.fr\/en\/produit\/800-gv-inset-stove-with-guillotine-door\/\" \/>\n<meta property=\"og:locale\" content=\"en_US\" \/>\n<meta property=\"og:type\" content=\"article\" \/>\n<meta property=\"og:title\" content=\"800 GV Inset Stove Guillotine Door | INVICTA\" \/>\n<meta property=\"og:description\" content=\"Discover the Invicta 800 GV Inset Stove with Guillotine Door : 14kW heat output \u2705 5-year warranty \u2705 100% Cast-iron \u2705 Made in France \u2705\" \/>\n<meta property=\"og:url\" content=\"https:\/\/www.invicta.fr\/en\/produit\/800-gv-inset-stove-with-guillotine-door\/\" \/>\n<meta property=\"og:site_name\" content=\"Invicta\" \/>\n<meta property=\"article:modified_time\" content=\"2025-10-09T08:58:10+00:00\" \/>\n<meta property=\"og:image\" content=\"https:\/\/www.invicta.fr\/wp-content\/uploads\/2019\/07\/foyer-800-GV_688644_1432025228.jpg\" \/>\n\t<meta property=\"og:image:width\" content=\"560\" \/>\n\t<meta property=\"og:image:height\" content=\"700\" \/>\n\t<meta property=\"og:image:type\" content=\"image\/jpeg\" \/>\n<meta name=\"twitter:card\" content=\"summary_large_image\" \/>\n<script type=\"application\/ld+json\" class=\"yoast-schema-graph\">{\"@context\":\"https:\/\/schema.org\",\"@graph\":[{\"@type\":\"WebPage\",\"@id\":\"https:\/\/www.invicta.fr\/en\/produit\/800-gv-inset-stove-with-guillotine-door\/\",\"url\":\"https:\/\/www.invicta.fr\/en\/produit\/800-gv-inset-stove-with-guillotine-door\/\",\"name\":\"800 GV Inset Stove Guillotine Door | INVICTA\",\"isPartOf\":{\"@id\":\"https:\/\/www.invicta.fr\/en\/#website\"},\"primaryImageOfPage\":{\"@id\":\"https:\/\/www.invicta.fr\/en\/produit\/800-gv-inset-stove-with-guillotine-door\/#primaryimage\"},\"image\":{\"@id\":\"https:\/\/www.invicta.fr\/en\/produit\/800-gv-inset-stove-with-guillotine-door\/#primaryimage\"},\"thumbnailUrl\":\"https:\/\/www.invicta.fr\/wp-content\/uploads\/2019\/07\/foyer-800-GV_688644_1432025228.jpg\",\"datePublished\":\"2019-12-03T08:38:00+00:00\",\"dateModified\":\"2025-10-09T08:58:10+00:00\",\"description\":\"Discover the Invicta 800 GV Inset Stove with Guillotine Door : 14kW heat output \u2705 5-year warranty \u2705 100% Cast-iron \u2705 Made in France \u2705\",\"breadcrumb\":{\"@id\":\"https:\/\/www.invicta.fr\/en\/produit\/800-gv-inset-stove-with-guillotine-door\/#breadcrumb\"},\"inLanguage\":\"en-US\",\"potentialAction\":[{\"@type\":\"ReadAction\",\"target\":[\"https:\/\/www.invicta.fr\/en\/produit\/800-gv-inset-stove-with-guillotine-door\/\"]}]},{\"@type\":\"ImageObject\",\"inLanguage\":\"en-US\",\"@id\":\"https:\/\/www.invicta.fr\/en\/produit\/800-gv-inset-stove-with-guillotine-door\/#primaryimage\",\"url\":\"https:\/\/www.invicta.fr\/wp-content\/uploads\/2019\/07\/foyer-800-GV_688644_1432025228.jpg\",\"contentUrl\":\"https:\/\/www.invicta.fr\/wp-content\/uploads\/2019\/07\/foyer-800-GV_688644_1432025228.jpg\",\"width\":560,\"height\":700,\"caption\":\"Foyer pour chemin\u00e9e fonte Invicta - 800 Grande Vision\"},{\"@type\":\"BreadcrumbList\",\"@id\":\"https:\/\/www.invicta.fr\/en\/produit\/800-gv-inset-stove-with-guillotine-door\/#breadcrumb\",\"itemListElement\":[{\"@type\":\"ListItem\",\"position\":1,\"name\":\"Home\",\"item\":\"https:\/\/www.invicta.fr\/en\/\"},{\"@type\":\"ListItem\",\"position\":2,\"name\":\"Products\",\"item\":\"https:\/\/www.invicta.fr\/en\/shop\/\"},{\"@type\":\"ListItem\",\"position\":3,\"name\":\"Fireplaces and inserts\",\"item\":\"https:\/\/www.invicta.fr\/en\/categorie-produit\/fireplaces-and-inserts\/\"},{\"@type\":\"ListItem\",\"position\":4,\"name\":\"Wood Burning Fireplaces\",\"item\":\"https:\/\/www.invicta.fr\/en\/categorie-produit\/fireplaces-and-inserts\/wood-burning-fireplaces-fireplaces-and-inserts\/\"},{\"@type\":\"ListItem\",\"position\":5,\"name\":\"800 GV Inset Stove with Guillotine Door\"}]},{\"@type\":\"WebSite\",\"@id\":\"https:\/\/www.invicta.fr\/en\/#website\",\"url\":\"https:\/\/www.invicta.fr\/en\/\",\"name\":\"Invicta\",\"description\":\"Fabricant fran\u00e7ais, sp\u00e9cialiste europ\u00e9en du chauffage au bois : po\u00eales \u00e0 bois et \u00e0 granul\u00e9s, chemin\u00e9es, foyers et inserts\",\"publisher\":{\"@id\":\"https:\/\/www.invicta.fr\/en\/#organization\"},\"potentialAction\":[{\"@type\":\"SearchAction\",\"target\":{\"@type\":\"EntryPoint\",\"urlTemplate\":\"https:\/\/www.invicta.fr\/en\/?s={search_term_string}\"},\"query-input\":{\"@type\":\"PropertyValueSpecification\",\"valueRequired\":true,\"valueName\":\"search_term_string\"}}],\"inLanguage\":\"en-US\"},{\"@type\":\"Organization\",\"@id\":\"https:\/\/www.invicta.fr\/en\/#organization\",\"name\":\"Invicta\",\"url\":\"https:\/\/www.invicta.fr\/en\/\",\"logo\":{\"@type\":\"ImageObject\",\"inLanguage\":\"en-US\",\"@id\":\"https:\/\/www.invicta.fr\/en\/#\/schema\/logo\/image\/\",\"url\":\"https:\/\/www.invicta.fr\/wp-content\/uploads\/2019\/06\/INVICTALOGO_RVB.png\",\"contentUrl\":\"https:\/\/www.invicta.fr\/wp-content\/uploads\/2019\/06\/INVICTALOGO_RVB.png\",\"width\":1810,\"height\":1280,\"caption\":\"Invicta\"},\"image\":{\"@id\":\"https:\/\/www.invicta.fr\/en\/#\/schema\/logo\/image\/\"}}]}<\/script>\n<!-- \/ Yoast SEO plugin. -->","yoast_head_json":{"title":"800 GV Inset Stove Guillotine Door | INVICTA","description":"Discover the Invicta 800 GV Inset Stove with Guillotine Door : 14kW heat output \u2705 5-year warranty \u2705 100% Cast-iron \u2705 Made in France \u2705","robots":{"index":"index","follow":"follow","max-snippet":"max-snippet:-1","max-image-preview":"max-image-preview:large","max-video-preview":"max-video-preview:-1"},"canonical":"https:\/\/www.invicta.fr\/en\/produit\/800-gv-inset-stove-with-guillotine-door\/","og_locale":"en_US","og_type":"article","og_title":"800 GV Inset Stove Guillotine Door | INVICTA","og_description":"Discover the Invicta 800 GV Inset Stove with Guillotine Door : 14kW heat output \u2705 5-year warranty \u2705 100% Cast-iron \u2705 Made in France \u2705","og_url":"https:\/\/www.invicta.fr\/en\/produit\/800-gv-inset-stove-with-guillotine-door\/","og_site_name":"Invicta","article_modified_time":"2025-10-09T08:58:10+00:00","og_image":[{"width":560,"height":700,"url":"https:\/\/www.invicta.fr\/wp-content\/uploads\/2019\/07\/foyer-800-GV_688644_1432025228.jpg","type":"image\/jpeg"}],"twitter_card":"summary_large_image","schema":{"@context":"https:\/\/schema.org","@graph":[{"@type":"WebPage","@id":"https:\/\/www.invicta.fr\/en\/produit\/800-gv-inset-stove-with-guillotine-door\/","url":"https:\/\/www.invicta.fr\/en\/produit\/800-gv-inset-stove-with-guillotine-door\/","name":"800 GV Inset Stove Guillotine Door | INVICTA","isPartOf":{"@id":"https:\/\/www.invicta.fr\/en\/#website"},"primaryImageOfPage":{"@id":"https:\/\/www.invicta.fr\/en\/produit\/800-gv-inset-stove-with-guillotine-door\/#primaryimage"},"image":{"@id":"https:\/\/www.invicta.fr\/en\/produit\/800-gv-inset-stove-with-guillotine-door\/#primaryimage"},"thumbnailUrl":"https:\/\/www.invicta.fr\/wp-content\/uploads\/2019\/07\/foyer-800-GV_688644_1432025228.jpg","datePublished":"2019-12-03T08:38:00+00:00","dateModified":"2025-10-09T08:58:10+00:00","description":"Discover the Invicta 800 GV Inset Stove with Guillotine Door : 14kW heat output \u2705 5-year warranty \u2705 100% Cast-iron \u2705 Made in France \u2705","breadcrumb":{"@id":"https:\/\/www.invicta.fr\/en\/produit\/800-gv-inset-stove-with-guillotine-door\/#breadcrumb"},"inLanguage":"en-US","potentialAction":[{"@type":"ReadAction","target":["https:\/\/www.invicta.fr\/en\/produit\/800-gv-inset-stove-with-guillotine-door\/"]}]},{"@type":"ImageObject","inLanguage":"en-US","@id":"https:\/\/www.invicta.fr\/en\/produit\/800-gv-inset-stove-with-guillotine-door\/#primaryimage","url":"https:\/\/www.invicta.fr\/wp-content\/uploads\/2019\/07\/foyer-800-GV_688644_1432025228.jpg","contentUrl":"https:\/\/www.invicta.fr\/wp-content\/uploads\/2019\/07\/foyer-800-GV_688644_1432025228.jpg","width":560,"height":700,"caption":"Foyer pour chemin\u00e9e fonte Invicta - 800 Grande Vision"},{"@type":"BreadcrumbList","@id":"https:\/\/www.invicta.fr\/en\/produit\/800-gv-inset-stove-with-guillotine-door\/#breadcrumb","itemListElement":[{"@type":"ListItem","position":1,"name":"Home","item":"https:\/\/www.invicta.fr\/en\/"},{"@type":"ListItem","position":2,"name":"Products","item":"https:\/\/www.invicta.fr\/en\/shop\/"},{"@type":"ListItem","position":3,"name":"Fireplaces and inserts","item":"https:\/\/www.invicta.fr\/en\/categorie-produit\/fireplaces-and-inserts\/"},{"@type":"ListItem","position":4,"name":"Wood Burning Fireplaces","item":"https:\/\/www.invicta.fr\/en\/categorie-produit\/fireplaces-and-inserts\/wood-burning-fireplaces-fireplaces-and-inserts\/"},{"@type":"ListItem","position":5,"name":"800 GV Inset Stove with Guillotine Door"}]},{"@type":"WebSite","@id":"https:\/\/www.invicta.fr\/en\/#website","url":"https:\/\/www.invicta.fr\/en\/","name":"Invicta","description":"Fabricant fran\u00e7ais, sp\u00e9cialiste europ\u00e9en du chauffage au bois : po\u00eales \u00e0 bois et \u00e0 granul\u00e9s, chemin\u00e9es, foyers et inserts","publisher":{"@id":"https:\/\/www.invicta.fr\/en\/#organization"},"potentialAction":[{"@type":"SearchAction","target":{"@type":"EntryPoint","urlTemplate":"https:\/\/www.invicta.fr\/en\/?s={search_term_string}"},"query-input":{"@type":"PropertyValueSpecification","valueRequired":true,"valueName":"search_term_string"}}],"inLanguage":"en-US"},{"@type":"Organization","@id":"https:\/\/www.invicta.fr\/en\/#organization","name":"Invicta","url":"https:\/\/www.invicta.fr\/en\/","logo":{"@type":"ImageObject","inLanguage":"en-US","@id":"https:\/\/www.invicta.fr\/en\/#\/schema\/logo\/image\/","url":"https:\/\/www.invicta.fr\/wp-content\/uploads\/2019\/06\/INVICTALOGO_RVB.png","contentUrl":"https:\/\/www.invicta.fr\/wp-content\/uploads\/2019\/06\/INVICTALOGO_RVB.png","width":1810,"height":1280,"caption":"Invicta"},"image":{"@id":"https:\/\/www.invicta.fr\/en\/#\/schema\/logo\/image\/"}}]}},"_links":{"self":[{"href":"https:\/\/www.invicta.fr\/en\/wp-json\/wp\/v2\/product\/32921","targetHints":{"allow":["GET"]}}],"collection":[{"href":"https:\/\/www.invicta.fr\/en\/wp-json\/wp\/v2\/product"}],"about":[{"href":"https:\/\/www.invicta.fr\/en\/wp-json\/wp\/v2\/types\/product"}],"wp:featuredmedia":[{"embeddable":true,"href":"https:\/\/www.invicta.fr\/en\/wp-json\/wp\/v2\/media\/21757"}],"wp:attachment":[{"href":"https:\/\/www.invicta.fr\/en\/wp-json\/wp\/v2\/media?parent=32921"}],"wp:term":[{"taxonomy":"product_brand","embeddable":true,"href":"https:\/\/www.invicta.fr\/en\/wp-json\/wp\/v2\/product_brand?post=32921"},{"taxonomy":"product_cat","embeddable":true,"href":"https:\/\/www.invicta.fr\/en\/wp-json\/wp\/v2\/product_cat?post=32921"},{"taxonomy":"product_tag","embeddable":true,"href":"https:\/\/www.invicta.fr\/en\/wp-json\/wp\/v2\/product_tag?post=32921"},{"taxonomy":"plus_produit","embeddable":true,"href":"https:\/\/www.invicta.fr\/en\/wp-json\/wp\/v2\/plus_produit?post=32921"}],"curies":[{"name":"wp","href":"https:\/\/api.w.org\/{rel}","templated":true}]}}