{"id":32923,"date":"2019-07-02T16:47:11","date_gmt":"2019-12-03T08:38:01","guid":{"rendered":"https:\/\/www.invicta.fr\/produit\/chamane-10-cast-iron-wood-stove\/"},"modified":"2026-03-26T10:28:01","modified_gmt":"2026-03-26T09:28:01","slug":"chamane-10-cast-iron-wood-stove","status":"publish","type":"product","link":"https:\/\/www.invicta.fr\/en\/produit\/chamane-10-cast-iron-wood-stove\/","title":{"rendered":"Chamane 10 Cast Iron Stove"},"content":{"rendered":"","protected":false},"excerpt":{"rendered":"<p>This wood-burning stove offers outstanding environmental performance and outstanding heat output. Featuring an understated anthracite finish, Chamane takes up minimal space yet produces impressive heat! Sleek lines and balanced proportions enhance its innovative design.<\/p>\n","protected":false},"featured_media":23784,"template":"","meta":{"_acf_changed":false},"product_brand":[],"product_cat":[2118,3013,6275,6097,6093,6099,6094,6851,6852],"product_tag":[7106,1302,1297,1300,1299,7018,1301,1305,2090,6830,6638],"plus_produit":[3011,1842,6836,3012,3009],"class_list":{"1":"product","4":"has-post-thumbnail","6":"product_cat-aide-au-choix-en","7":"product_cat-cast-iron-and-steel-wood-burning-stoves-wood-burning-stoves","8":"product_cat-corner-wood-stoves","9":"product_cat-contemporary-wood-stoves","10":"product_cat-designer-wood-stoves","11":"product_cat-industrial-wood-stoves","12":"product_cat-modern-wood-burning-stoves","13":"product_cat-poeles-a-bois-10-kw-en","14":"product_cat-poeles-a-bois-11-kw-en","15":"product_tag-en16510-en","16":"product_tag-flamme-verte-en","17":"product_tag-100-fonte-en","18":"product_tag-eco-design-2022-en","19":"product_tag-a-ecolabel-en","20":"product_tag-4-blmschv2","21":"product_tag-fabrication-francaise-en","22":"product_tag-post-combustion-en","23":"product_tag-garantie-2-ans-en","24":"product_tag-y-extension-garantie-3ans-en","25":"product_tag-z-credit-tax","26":"pa_depart-des-fumees-dessus-en","27":"pa_diametre-de-buse-180-mm-en","28":"pa_indice-de-performance-100-en","29":"pa_puissance-optimale-10-kw-en","30":"pa_surface-de-chauffe-55-to-120-m","31":"pa_taux-de-co-010-en","32":"pa_volume-de-chauffe-135-to-300-m","33":"plus_produit-adjustable-secondary-air","34":"plus_produit-clean-glass-en","35":"plus_produit-3-year-extended-warranty","36":"plus_produit-origine-france-garantie-made-in-france-guarantee","37":"plus_produit-post-combustion-system","39":"first","40":"instock","41":"product-type-simple"},"acf":[],"yoast_head":"<!-- This site is optimized with the Yoast SEO plugin v24.7 - https:\/\/yoast.com\/wordpress\/plugins\/seo\/ -->\n<title>Chamane 10 Cast Iron Stove - Invicta<\/title>\n<meta name=\"description\" content=\"This wood-burning stove offers outstanding environmental performance and outstanding heat output. Featuring an understated anthracite finish, Chamane takes up minimal space yet produces impressive heat! Sleek lines and balanced proportions enhance its innovative design.\" \/>\n<meta name=\"robots\" content=\"index, follow, max-snippet:-1, max-image-preview:large, max-video-preview:-1\" \/>\n<link rel=\"canonical\" href=\"https:\/\/www.invicta.fr\/en\/produit\/chamane-10-cast-iron-wood-stove\/\" \/>\n<meta property=\"og:locale\" content=\"en_US\" \/>\n<meta property=\"og:type\" content=\"article\" \/>\n<meta property=\"og:title\" content=\"Chamane 10 Cast Iron Stove - Invicta\" \/>\n<meta property=\"og:description\" content=\"This wood-burning stove offers outstanding environmental performance and outstanding heat output. Featuring an understated anthracite finish, Chamane takes up minimal space yet produces impressive heat! Sleek lines and balanced proportions enhance its innovative design.\" \/>\n<meta property=\"og:url\" content=\"https:\/\/www.invicta.fr\/en\/produit\/chamane-10-cast-iron-wood-stove\/\" \/>\n<meta property=\"og:site_name\" content=\"Invicta\" \/>\n<meta property=\"article:modified_time\" content=\"2026-03-26T09:28:01+00:00\" \/>\n<meta name=\"twitter:card\" content=\"summary_large_image\" \/>\n<script type=\"application\/ld+json\" class=\"yoast-schema-graph\">{\"@context\":\"https:\/\/schema.org\",\"@graph\":[{\"@type\":\"WebPage\",\"@id\":\"https:\/\/www.invicta.fr\/en\/produit\/chamane-10-cast-iron-wood-stove\/\",\"url\":\"https:\/\/www.invicta.fr\/en\/produit\/chamane-10-cast-iron-wood-stove\/\",\"name\":\"Chamane 10 Cast Iron Stove - Invicta\",\"isPartOf\":{\"@id\":\"https:\/\/www.invicta.fr\/en\/#website\"},\"primaryImageOfPage\":{\"@id\":\"https:\/\/www.invicta.fr\/en\/produit\/chamane-10-cast-iron-wood-stove\/#primaryimage\"},\"image\":{\"@id\":\"https:\/\/www.invicta.fr\/en\/produit\/chamane-10-cast-iron-wood-stove\/#primaryimage\"},\"thumbnailUrl\":\"https:\/\/www.invicta.fr\/wp-content\/uploads\/2019\/09\/NEW-chamane_poele_a_bois__700_1431452370.jpg\",\"datePublished\":\"2019-12-03T08:38:01+00:00\",\"dateModified\":\"2026-03-26T09:28:01+00:00\",\"description\":\"This wood-burning stove offers outstanding environmental performance and outstanding heat output. Featuring an understated anthracite finish, Chamane takes up minimal space yet produces impressive heat! Sleek lines and balanced proportions enhance its innovative design.\",\"breadcrumb\":{\"@id\":\"https:\/\/www.invicta.fr\/en\/produit\/chamane-10-cast-iron-wood-stove\/#breadcrumb\"},\"inLanguage\":\"en-US\",\"potentialAction\":[{\"@type\":\"ReadAction\",\"target\":[\"https:\/\/www.invicta.fr\/en\/produit\/chamane-10-cast-iron-wood-stove\/\"]}]},{\"@type\":\"ImageObject\",\"inLanguage\":\"en-US\",\"@id\":\"https:\/\/www.invicta.fr\/en\/produit\/chamane-10-cast-iron-wood-stove\/#primaryimage\",\"url\":\"https:\/\/www.invicta.fr\/wp-content\/uploads\/2019\/09\/NEW-chamane_poele_a_bois__700_1431452370.jpg\",\"contentUrl\":\"https:\/\/www.invicta.fr\/wp-content\/uploads\/2019\/09\/NEW-chamane_poele_a_bois__700_1431452370.jpg\",\"width\":396,\"height\":709,\"caption\":\"chamane 001\"},{\"@type\":\"BreadcrumbList\",\"@id\":\"https:\/\/www.invicta.fr\/en\/produit\/chamane-10-cast-iron-wood-stove\/#breadcrumb\",\"itemListElement\":[{\"@type\":\"ListItem\",\"position\":1,\"name\":\"Home\",\"item\":\"https:\/\/www.invicta.fr\/en\/\"},{\"@type\":\"ListItem\",\"position\":2,\"name\":\"Products\",\"item\":\"https:\/\/www.invicta.fr\/en\/shop\/\"},{\"@type\":\"ListItem\",\"position\":3,\"name\":\"Wood burning stoves\",\"item\":\"https:\/\/www.invicta.fr\/en\/categorie-produit\/wood-burning-stoves\/\"},{\"@type\":\"ListItem\",\"position\":4,\"name\":\"Cast iron and steel wood burning stoves\",\"item\":\"https:\/\/www.invicta.fr\/en\/categorie-produit\/wood-burning-stoves\/cast-iron-and-steel-wood-burning-stoves-wood-burning-stoves\/\"},{\"@type\":\"ListItem\",\"position\":5,\"name\":\"Chamane 10 Cast Iron Stove\"}]},{\"@type\":\"WebSite\",\"@id\":\"https:\/\/www.invicta.fr\/en\/#website\",\"url\":\"https:\/\/www.invicta.fr\/en\/\",\"name\":\"Invicta\",\"description\":\"Fabricant fran\u00e7ais, sp\u00e9cialiste europ\u00e9en du chauffage au bois : po\u00eales \u00e0 bois et \u00e0 granul\u00e9s, chemin\u00e9es, foyers et inserts\",\"publisher\":{\"@id\":\"https:\/\/www.invicta.fr\/en\/#organization\"},\"potentialAction\":[{\"@type\":\"SearchAction\",\"target\":{\"@type\":\"EntryPoint\",\"urlTemplate\":\"https:\/\/www.invicta.fr\/en\/?s={search_term_string}\"},\"query-input\":{\"@type\":\"PropertyValueSpecification\",\"valueRequired\":true,\"valueName\":\"search_term_string\"}}],\"inLanguage\":\"en-US\"},{\"@type\":\"Organization\",\"@id\":\"https:\/\/www.invicta.fr\/en\/#organization\",\"name\":\"Invicta\",\"url\":\"https:\/\/www.invicta.fr\/en\/\",\"logo\":{\"@type\":\"ImageObject\",\"inLanguage\":\"en-US\",\"@id\":\"https:\/\/www.invicta.fr\/en\/#\/schema\/logo\/image\/\",\"url\":\"https:\/\/www.invicta.fr\/wp-content\/uploads\/2019\/06\/INVICTALOGO_RVB.png\",\"contentUrl\":\"https:\/\/www.invicta.fr\/wp-content\/uploads\/2019\/06\/INVICTALOGO_RVB.png\",\"width\":1810,\"height\":1280,\"caption\":\"Invicta\"},\"image\":{\"@id\":\"https:\/\/www.invicta.fr\/en\/#\/schema\/logo\/image\/\"}}]}<\/script>\n<!-- \/ Yoast SEO plugin. -->","yoast_head_json":{"title":"Chamane 10 Cast Iron Stove - Invicta","description":"This wood-burning stove offers outstanding environmental performance and outstanding heat output. Featuring an understated anthracite finish, Chamane takes up minimal space yet produces impressive heat! Sleek lines and balanced proportions enhance its innovative design.","robots":{"index":"index","follow":"follow","max-snippet":"max-snippet:-1","max-image-preview":"max-image-preview:large","max-video-preview":"max-video-preview:-1"},"canonical":"https:\/\/www.invicta.fr\/en\/produit\/chamane-10-cast-iron-wood-stove\/","og_locale":"en_US","og_type":"article","og_title":"Chamane 10 Cast Iron Stove - Invicta","og_description":"This wood-burning stove offers outstanding environmental performance and outstanding heat output. Featuring an understated anthracite finish, Chamane takes up minimal space yet produces impressive heat! Sleek lines and balanced proportions enhance its innovative design.","og_url":"https:\/\/www.invicta.fr\/en\/produit\/chamane-10-cast-iron-wood-stove\/","og_site_name":"Invicta","article_modified_time":"2026-03-26T09:28:01+00:00","twitter_card":"summary_large_image","schema":{"@context":"https:\/\/schema.org","@graph":[{"@type":"WebPage","@id":"https:\/\/www.invicta.fr\/en\/produit\/chamane-10-cast-iron-wood-stove\/","url":"https:\/\/www.invicta.fr\/en\/produit\/chamane-10-cast-iron-wood-stove\/","name":"Chamane 10 Cast Iron Stove - Invicta","isPartOf":{"@id":"https:\/\/www.invicta.fr\/en\/#website"},"primaryImageOfPage":{"@id":"https:\/\/www.invicta.fr\/en\/produit\/chamane-10-cast-iron-wood-stove\/#primaryimage"},"image":{"@id":"https:\/\/www.invicta.fr\/en\/produit\/chamane-10-cast-iron-wood-stove\/#primaryimage"},"thumbnailUrl":"https:\/\/www.invicta.fr\/wp-content\/uploads\/2019\/09\/NEW-chamane_poele_a_bois__700_1431452370.jpg","datePublished":"2019-12-03T08:38:01+00:00","dateModified":"2026-03-26T09:28:01+00:00","description":"This wood-burning stove offers outstanding environmental performance and outstanding heat output. Featuring an understated anthracite finish, Chamane takes up minimal space yet produces impressive heat! Sleek lines and balanced proportions enhance its innovative design.","breadcrumb":{"@id":"https:\/\/www.invicta.fr\/en\/produit\/chamane-10-cast-iron-wood-stove\/#breadcrumb"},"inLanguage":"en-US","potentialAction":[{"@type":"ReadAction","target":["https:\/\/www.invicta.fr\/en\/produit\/chamane-10-cast-iron-wood-stove\/"]}]},{"@type":"ImageObject","inLanguage":"en-US","@id":"https:\/\/www.invicta.fr\/en\/produit\/chamane-10-cast-iron-wood-stove\/#primaryimage","url":"https:\/\/www.invicta.fr\/wp-content\/uploads\/2019\/09\/NEW-chamane_poele_a_bois__700_1431452370.jpg","contentUrl":"https:\/\/www.invicta.fr\/wp-content\/uploads\/2019\/09\/NEW-chamane_poele_a_bois__700_1431452370.jpg","width":396,"height":709,"caption":"chamane 001"},{"@type":"BreadcrumbList","@id":"https:\/\/www.invicta.fr\/en\/produit\/chamane-10-cast-iron-wood-stove\/#breadcrumb","itemListElement":[{"@type":"ListItem","position":1,"name":"Home","item":"https:\/\/www.invicta.fr\/en\/"},{"@type":"ListItem","position":2,"name":"Products","item":"https:\/\/www.invicta.fr\/en\/shop\/"},{"@type":"ListItem","position":3,"name":"Wood burning stoves","item":"https:\/\/www.invicta.fr\/en\/categorie-produit\/wood-burning-stoves\/"},{"@type":"ListItem","position":4,"name":"Cast iron and steel wood burning stoves","item":"https:\/\/www.invicta.fr\/en\/categorie-produit\/wood-burning-stoves\/cast-iron-and-steel-wood-burning-stoves-wood-burning-stoves\/"},{"@type":"ListItem","position":5,"name":"Chamane 10 Cast Iron Stove"}]},{"@type":"WebSite","@id":"https:\/\/www.invicta.fr\/en\/#website","url":"https:\/\/www.invicta.fr\/en\/","name":"Invicta","description":"Fabricant fran\u00e7ais, sp\u00e9cialiste europ\u00e9en du chauffage au bois : po\u00eales \u00e0 bois et \u00e0 granul\u00e9s, chemin\u00e9es, foyers et inserts","publisher":{"@id":"https:\/\/www.invicta.fr\/en\/#organization"},"potentialAction":[{"@type":"SearchAction","target":{"@type":"EntryPoint","urlTemplate":"https:\/\/www.invicta.fr\/en\/?s={search_term_string}"},"query-input":{"@type":"PropertyValueSpecification","valueRequired":true,"valueName":"search_term_string"}}],"inLanguage":"en-US"},{"@type":"Organization","@id":"https:\/\/www.invicta.fr\/en\/#organization","name":"Invicta","url":"https:\/\/www.invicta.fr\/en\/","logo":{"@type":"ImageObject","inLanguage":"en-US","@id":"https:\/\/www.invicta.fr\/en\/#\/schema\/logo\/image\/","url":"https:\/\/www.invicta.fr\/wp-content\/uploads\/2019\/06\/INVICTALOGO_RVB.png","contentUrl":"https:\/\/www.invicta.fr\/wp-content\/uploads\/2019\/06\/INVICTALOGO_RVB.png","width":1810,"height":1280,"caption":"Invicta"},"image":{"@id":"https:\/\/www.invicta.fr\/en\/#\/schema\/logo\/image\/"}}]}},"_links":{"self":[{"href":"https:\/\/www.invicta.fr\/en\/wp-json\/wp\/v2\/product\/32923","targetHints":{"allow":["GET"]}}],"collection":[{"href":"https:\/\/www.invicta.fr\/en\/wp-json\/wp\/v2\/product"}],"about":[{"href":"https:\/\/www.invicta.fr\/en\/wp-json\/wp\/v2\/types\/product"}],"wp:featuredmedia":[{"embeddable":true,"href":"https:\/\/www.invicta.fr\/en\/wp-json\/wp\/v2\/media\/23784"}],"wp:attachment":[{"href":"https:\/\/www.invicta.fr\/en\/wp-json\/wp\/v2\/media?parent=32923"}],"wp:term":[{"taxonomy":"product_brand","embeddable":true,"href":"https:\/\/www.invicta.fr\/en\/wp-json\/wp\/v2\/product_brand?post=32923"},{"taxonomy":"product_cat","embeddable":true,"href":"https:\/\/www.invicta.fr\/en\/wp-json\/wp\/v2\/product_cat?post=32923"},{"taxonomy":"product_tag","embeddable":true,"href":"https:\/\/www.invicta.fr\/en\/wp-json\/wp\/v2\/product_tag?post=32923"},{"taxonomy":"plus_produit","embeddable":true,"href":"https:\/\/www.invicta.fr\/en\/wp-json\/wp\/v2\/plus_produit?post=32923"}],"curies":[{"name":"wp","href":"https:\/\/api.w.org\/{rel}","templated":true}]}}