{"id":32930,"date":"2019-07-11T10:14:46","date_gmt":"2019-12-03T08:38:19","guid":{"rendered":"https:\/\/www.invicta.fr\/produit\/700-hearth-compact-shutter\/"},"modified":"2025-11-10T15:07:35","modified_gmt":"2025-11-10T14:07:35","slug":"700-compact-inset-stove-with-flue-valve","status":"publish","type":"product","link":"https:\/\/www.invicta.fr\/en\/produit\/700-compact-inset-stove-with-flue-valve\/","title":{"rendered":"700 Compact Inset Stove with Flue-valve"},"content":{"rendered":"","protected":false},"excerpt":{"rendered":"<p>Just picture this compact hearth installed in your chimney. Thanks to the concentrated efficiency that has been updated by Invicta, you can enjoy the soft warmth and the mesmerizing glow of the flames.<\/p>\n","protected":false},"featured_media":40036,"template":"","meta":{"_acf_changed":false},"product_brand":[],"product_cat":[2118,3689],"product_tag":[7106,1302,1297,1300,1299,1301,1305,2090,6830,6638],"plus_produit":[1842,6836,3735,3708,3012,3009],"class_list":{"1":"product","4":"has-post-thumbnail","6":"product_cat-aide-au-choix-en","7":"product_cat-wood-burning-fireplaces-fireplaces-and-inserts","8":"product_tag-en16510-en","9":"product_tag-flamme-verte-en","10":"product_tag-100-fonte-en","11":"product_tag-eco-design-2022-en","12":"product_tag-a-ecolabel-en","13":"product_tag-fabrication-francaise-en","14":"product_tag-post-combustion-en","15":"product_tag-garantie-2-ans-en","16":"product_tag-y-extension-garantie-3ans-en","17":"product_tag-z-credit-tax","18":"pa_depart-des-fumees-dessus-en","19":"pa_diametre-de-buse-6758","20":"pa_indice-de-performance-100-en","21":"pa_puissance-9-5-kw","22":"pa_taux-de-co-012-en","23":"plus_produit-clean-glass-en","24":"plus_produit-3-year-extended-warranty","25":"plus_produit-flue-valve","26":"plus_produit-intermittent-and-3-hour-extended-burning","27":"plus_produit-origine-france-garantie-made-in-france-guarantee","28":"plus_produit-post-combustion-system","30":"first","31":"instock","32":"product-type-simple"},"acf":[],"yoast_head":"<!-- This site is optimized with the Yoast SEO plugin v24.7 - https:\/\/yoast.com\/wordpress\/plugins\/seo\/ -->\n<title>700 Compact Inset Stove with Flue-valve - Invicta<\/title>\n<meta name=\"description\" content=\"Just picture this compact hearth installed in your chimney. Thanks to the concentrated efficiency that has been updated by Invicta, you can enjoy the soft warmth and the mesmerizing glow of the flames.\" \/>\n<meta name=\"robots\" content=\"index, follow, max-snippet:-1, max-image-preview:large, max-video-preview:-1\" \/>\n<link rel=\"canonical\" href=\"https:\/\/www.invicta.fr\/en\/produit\/700-compact-inset-stove-with-flue-valve\/\" \/>\n<meta property=\"og:locale\" content=\"en_US\" \/>\n<meta property=\"og:type\" content=\"article\" \/>\n<meta property=\"og:title\" content=\"700 Compact Inset Stove with Flue-valve - Invicta\" \/>\n<meta property=\"og:description\" content=\"Just picture this compact hearth installed in your chimney. Thanks to the concentrated efficiency that has been updated by Invicta, you can enjoy the soft warmth and the mesmerizing glow of the flames.\" \/>\n<meta property=\"og:url\" content=\"https:\/\/www.invicta.fr\/en\/produit\/700-compact-inset-stove-with-flue-valve\/\" \/>\n<meta property=\"og:site_name\" content=\"Invicta\" \/>\n<meta property=\"article:modified_time\" content=\"2025-11-10T14:07:35+00:00\" \/>\n<meta name=\"twitter:card\" content=\"summary_large_image\" \/>\n<script type=\"application\/ld+json\" class=\"yoast-schema-graph\">{\"@context\":\"https:\/\/schema.org\",\"@graph\":[{\"@type\":\"WebPage\",\"@id\":\"https:\/\/www.invicta.fr\/en\/produit\/700-compact-inset-stove-with-flue-valve\/\",\"url\":\"https:\/\/www.invicta.fr\/en\/produit\/700-compact-inset-stove-with-flue-valve\/\",\"name\":\"700 Compact Inset Stove with Flue-valve - Invicta\",\"isPartOf\":{\"@id\":\"https:\/\/www.invicta.fr\/en\/#website\"},\"primaryImageOfPage\":{\"@id\":\"https:\/\/www.invicta.fr\/en\/produit\/700-compact-inset-stove-with-flue-valve\/#primaryimage\"},\"image\":{\"@id\":\"https:\/\/www.invicta.fr\/en\/produit\/700-compact-inset-stove-with-flue-valve\/#primaryimage\"},\"thumbnailUrl\":\"https:\/\/www.invicta.fr\/wp-content\/uploads\/2019\/07\/9274-75-B-web-e1628173768501.jpg\",\"datePublished\":\"2019-12-03T08:38:19+00:00\",\"dateModified\":\"2025-11-10T14:07:35+00:00\",\"description\":\"Just picture this compact hearth installed in your chimney. Thanks to the concentrated efficiency that has been updated by Invicta, you can enjoy the soft warmth and the mesmerizing glow of the flames.\",\"breadcrumb\":{\"@id\":\"https:\/\/www.invicta.fr\/en\/produit\/700-compact-inset-stove-with-flue-valve\/#breadcrumb\"},\"inLanguage\":\"en-US\",\"potentialAction\":[{\"@type\":\"ReadAction\",\"target\":[\"https:\/\/www.invicta.fr\/en\/produit\/700-compact-inset-stove-with-flue-valve\/\"]}]},{\"@type\":\"ImageObject\",\"inLanguage\":\"en-US\",\"@id\":\"https:\/\/www.invicta.fr\/en\/produit\/700-compact-inset-stove-with-flue-valve\/#primaryimage\",\"url\":\"https:\/\/www.invicta.fr\/wp-content\/uploads\/2019\/07\/9274-75-B-web-e1628173768501.jpg\",\"contentUrl\":\"https:\/\/www.invicta.fr\/wp-content\/uploads\/2019\/07\/9274-75-B-web-e1628173768501.jpg\",\"width\":689,\"height\":721,\"caption\":\"Foyer fonte pour chemin\u00e9es - Invicta - 700 Compact\"},{\"@type\":\"BreadcrumbList\",\"@id\":\"https:\/\/www.invicta.fr\/en\/produit\/700-compact-inset-stove-with-flue-valve\/#breadcrumb\",\"itemListElement\":[{\"@type\":\"ListItem\",\"position\":1,\"name\":\"Home\",\"item\":\"https:\/\/www.invicta.fr\/en\/\"},{\"@type\":\"ListItem\",\"position\":2,\"name\":\"Products\",\"item\":\"https:\/\/www.invicta.fr\/en\/shop\/\"},{\"@type\":\"ListItem\",\"position\":3,\"name\":\"Fireplaces and inserts\",\"item\":\"https:\/\/www.invicta.fr\/en\/categorie-produit\/fireplaces-and-inserts\/\"},{\"@type\":\"ListItem\",\"position\":4,\"name\":\"Wood Burning Fireplaces\",\"item\":\"https:\/\/www.invicta.fr\/en\/categorie-produit\/fireplaces-and-inserts\/wood-burning-fireplaces-fireplaces-and-inserts\/\"},{\"@type\":\"ListItem\",\"position\":5,\"name\":\"700 Compact Inset Stove with Flue-valve\"}]},{\"@type\":\"WebSite\",\"@id\":\"https:\/\/www.invicta.fr\/en\/#website\",\"url\":\"https:\/\/www.invicta.fr\/en\/\",\"name\":\"Invicta\",\"description\":\"Fabricant fran\u00e7ais, sp\u00e9cialiste europ\u00e9en du chauffage au bois : po\u00eales \u00e0 bois et \u00e0 granul\u00e9s, chemin\u00e9es, foyers et inserts\",\"publisher\":{\"@id\":\"https:\/\/www.invicta.fr\/en\/#organization\"},\"potentialAction\":[{\"@type\":\"SearchAction\",\"target\":{\"@type\":\"EntryPoint\",\"urlTemplate\":\"https:\/\/www.invicta.fr\/en\/?s={search_term_string}\"},\"query-input\":{\"@type\":\"PropertyValueSpecification\",\"valueRequired\":true,\"valueName\":\"search_term_string\"}}],\"inLanguage\":\"en-US\"},{\"@type\":\"Organization\",\"@id\":\"https:\/\/www.invicta.fr\/en\/#organization\",\"name\":\"Invicta\",\"url\":\"https:\/\/www.invicta.fr\/en\/\",\"logo\":{\"@type\":\"ImageObject\",\"inLanguage\":\"en-US\",\"@id\":\"https:\/\/www.invicta.fr\/en\/#\/schema\/logo\/image\/\",\"url\":\"https:\/\/www.invicta.fr\/wp-content\/uploads\/2019\/06\/INVICTALOGO_RVB.png\",\"contentUrl\":\"https:\/\/www.invicta.fr\/wp-content\/uploads\/2019\/06\/INVICTALOGO_RVB.png\",\"width\":1810,\"height\":1280,\"caption\":\"Invicta\"},\"image\":{\"@id\":\"https:\/\/www.invicta.fr\/en\/#\/schema\/logo\/image\/\"}}]}<\/script>\n<!-- \/ Yoast SEO plugin. -->","yoast_head_json":{"title":"700 Compact Inset Stove with Flue-valve - Invicta","description":"Just picture this compact hearth installed in your chimney. Thanks to the concentrated efficiency that has been updated by Invicta, you can enjoy the soft warmth and the mesmerizing glow of the flames.","robots":{"index":"index","follow":"follow","max-snippet":"max-snippet:-1","max-image-preview":"max-image-preview:large","max-video-preview":"max-video-preview:-1"},"canonical":"https:\/\/www.invicta.fr\/en\/produit\/700-compact-inset-stove-with-flue-valve\/","og_locale":"en_US","og_type":"article","og_title":"700 Compact Inset Stove with Flue-valve - Invicta","og_description":"Just picture this compact hearth installed in your chimney. Thanks to the concentrated efficiency that has been updated by Invicta, you can enjoy the soft warmth and the mesmerizing glow of the flames.","og_url":"https:\/\/www.invicta.fr\/en\/produit\/700-compact-inset-stove-with-flue-valve\/","og_site_name":"Invicta","article_modified_time":"2025-11-10T14:07:35+00:00","twitter_card":"summary_large_image","schema":{"@context":"https:\/\/schema.org","@graph":[{"@type":"WebPage","@id":"https:\/\/www.invicta.fr\/en\/produit\/700-compact-inset-stove-with-flue-valve\/","url":"https:\/\/www.invicta.fr\/en\/produit\/700-compact-inset-stove-with-flue-valve\/","name":"700 Compact Inset Stove with Flue-valve - Invicta","isPartOf":{"@id":"https:\/\/www.invicta.fr\/en\/#website"},"primaryImageOfPage":{"@id":"https:\/\/www.invicta.fr\/en\/produit\/700-compact-inset-stove-with-flue-valve\/#primaryimage"},"image":{"@id":"https:\/\/www.invicta.fr\/en\/produit\/700-compact-inset-stove-with-flue-valve\/#primaryimage"},"thumbnailUrl":"https:\/\/www.invicta.fr\/wp-content\/uploads\/2019\/07\/9274-75-B-web-e1628173768501.jpg","datePublished":"2019-12-03T08:38:19+00:00","dateModified":"2025-11-10T14:07:35+00:00","description":"Just picture this compact hearth installed in your chimney. Thanks to the concentrated efficiency that has been updated by Invicta, you can enjoy the soft warmth and the mesmerizing glow of the flames.","breadcrumb":{"@id":"https:\/\/www.invicta.fr\/en\/produit\/700-compact-inset-stove-with-flue-valve\/#breadcrumb"},"inLanguage":"en-US","potentialAction":[{"@type":"ReadAction","target":["https:\/\/www.invicta.fr\/en\/produit\/700-compact-inset-stove-with-flue-valve\/"]}]},{"@type":"ImageObject","inLanguage":"en-US","@id":"https:\/\/www.invicta.fr\/en\/produit\/700-compact-inset-stove-with-flue-valve\/#primaryimage","url":"https:\/\/www.invicta.fr\/wp-content\/uploads\/2019\/07\/9274-75-B-web-e1628173768501.jpg","contentUrl":"https:\/\/www.invicta.fr\/wp-content\/uploads\/2019\/07\/9274-75-B-web-e1628173768501.jpg","width":689,"height":721,"caption":"Foyer fonte pour chemin\u00e9es - Invicta - 700 Compact"},{"@type":"BreadcrumbList","@id":"https:\/\/www.invicta.fr\/en\/produit\/700-compact-inset-stove-with-flue-valve\/#breadcrumb","itemListElement":[{"@type":"ListItem","position":1,"name":"Home","item":"https:\/\/www.invicta.fr\/en\/"},{"@type":"ListItem","position":2,"name":"Products","item":"https:\/\/www.invicta.fr\/en\/shop\/"},{"@type":"ListItem","position":3,"name":"Fireplaces and inserts","item":"https:\/\/www.invicta.fr\/en\/categorie-produit\/fireplaces-and-inserts\/"},{"@type":"ListItem","position":4,"name":"Wood Burning Fireplaces","item":"https:\/\/www.invicta.fr\/en\/categorie-produit\/fireplaces-and-inserts\/wood-burning-fireplaces-fireplaces-and-inserts\/"},{"@type":"ListItem","position":5,"name":"700 Compact Inset Stove with Flue-valve"}]},{"@type":"WebSite","@id":"https:\/\/www.invicta.fr\/en\/#website","url":"https:\/\/www.invicta.fr\/en\/","name":"Invicta","description":"Fabricant fran\u00e7ais, sp\u00e9cialiste europ\u00e9en du chauffage au bois : po\u00eales \u00e0 bois et \u00e0 granul\u00e9s, chemin\u00e9es, foyers et inserts","publisher":{"@id":"https:\/\/www.invicta.fr\/en\/#organization"},"potentialAction":[{"@type":"SearchAction","target":{"@type":"EntryPoint","urlTemplate":"https:\/\/www.invicta.fr\/en\/?s={search_term_string}"},"query-input":{"@type":"PropertyValueSpecification","valueRequired":true,"valueName":"search_term_string"}}],"inLanguage":"en-US"},{"@type":"Organization","@id":"https:\/\/www.invicta.fr\/en\/#organization","name":"Invicta","url":"https:\/\/www.invicta.fr\/en\/","logo":{"@type":"ImageObject","inLanguage":"en-US","@id":"https:\/\/www.invicta.fr\/en\/#\/schema\/logo\/image\/","url":"https:\/\/www.invicta.fr\/wp-content\/uploads\/2019\/06\/INVICTALOGO_RVB.png","contentUrl":"https:\/\/www.invicta.fr\/wp-content\/uploads\/2019\/06\/INVICTALOGO_RVB.png","width":1810,"height":1280,"caption":"Invicta"},"image":{"@id":"https:\/\/www.invicta.fr\/en\/#\/schema\/logo\/image\/"}}]}},"_links":{"self":[{"href":"https:\/\/www.invicta.fr\/en\/wp-json\/wp\/v2\/product\/32930","targetHints":{"allow":["GET"]}}],"collection":[{"href":"https:\/\/www.invicta.fr\/en\/wp-json\/wp\/v2\/product"}],"about":[{"href":"https:\/\/www.invicta.fr\/en\/wp-json\/wp\/v2\/types\/product"}],"wp:featuredmedia":[{"embeddable":true,"href":"https:\/\/www.invicta.fr\/en\/wp-json\/wp\/v2\/media\/40036"}],"wp:attachment":[{"href":"https:\/\/www.invicta.fr\/en\/wp-json\/wp\/v2\/media?parent=32930"}],"wp:term":[{"taxonomy":"product_brand","embeddable":true,"href":"https:\/\/www.invicta.fr\/en\/wp-json\/wp\/v2\/product_brand?post=32930"},{"taxonomy":"product_cat","embeddable":true,"href":"https:\/\/www.invicta.fr\/en\/wp-json\/wp\/v2\/product_cat?post=32930"},{"taxonomy":"product_tag","embeddable":true,"href":"https:\/\/www.invicta.fr\/en\/wp-json\/wp\/v2\/product_tag?post=32930"},{"taxonomy":"plus_produit","embeddable":true,"href":"https:\/\/www.invicta.fr\/en\/wp-json\/wp\/v2\/plus_produit?post=32930"}],"curies":[{"name":"wp","href":"https:\/\/api.w.org\/{rel}","templated":true}]}}