{"id":32938,"date":"2019-07-10T11:42:52","date_gmt":"2019-12-04T07:42:29","guid":{"rendered":"https:\/\/www.invicta.fr\/produit\/hearth-stand\/"},"modified":"2022-09-07T19:17:46","modified_gmt":"2022-09-07T17:17:46","slug":"support-structure-for-inset-stoves","status":"publish","type":"product","link":"https:\/\/www.invicta.fr\/en\/produit\/support-structure-for-inset-stoves\/","title":{"rendered":"Support Structure for Inset Stoves"},"content":{"rendered":"","protected":false},"excerpt":{"rendered":"<p>This stand can be used for the following hearths:<\/p>\n<p>550 \/ 750 Roche<\/p>\n<p>900 \/ 700 Air Control<\/p>\n<p>And for lines 800 \/ 900 \/ 1000 \/ Vertical.<\/p>\n<p>Installation information available <a href=\"https:\/\/www.invicta.fr\/images\/invicta\/1_produits\/Chauffage\/fait_cheminees_et_inserts\/Foyers%20decors\/installation-foyers-decors.pdf\">here<\/a>.<\/p>\n","protected":false},"featured_media":1467,"template":"","meta":{"_acf_changed":false},"product_brand":[],"product_cat":[2118,3103],"product_tag":[],"plus_produit":[],"class_list":{"1":"product","4":"has-post-thumbnail","6":"product_cat-aide-au-choix-en","7":"product_cat-accessories","9":"first","10":"instock","11":"shipping-taxable","12":"product-type-simple"},"acf":[],"yoast_head":"<!-- This site is optimized with the Yoast SEO plugin v24.7 - https:\/\/yoast.com\/wordpress\/plugins\/seo\/ -->\n<title>Support Structure for Inset Stoves - Invicta<\/title>\n<meta name=\"description\" content=\"This stand can be used for the following hearths:  550 \/ 750 Roche  900 \/ 700 Air Control  And for lines 800 \/ 900 \/ 1000 \/ Vertical.  Installation information available here.\" \/>\n<meta name=\"robots\" content=\"index, follow, max-snippet:-1, max-image-preview:large, max-video-preview:-1\" \/>\n<link rel=\"canonical\" href=\"https:\/\/www.invicta.fr\/en\/produit\/support-structure-for-inset-stoves\/\" \/>\n<meta property=\"og:locale\" content=\"en_US\" \/>\n<meta property=\"og:type\" content=\"article\" \/>\n<meta property=\"og:title\" content=\"Support Structure for Inset Stoves - Invicta\" \/>\n<meta property=\"og:description\" content=\"This stand can be used for the following hearths:  550 \/ 750 Roche  900 \/ 700 Air Control  And for lines 800 \/ 900 \/ 1000 \/ Vertical.  Installation information available here.\" \/>\n<meta property=\"og:url\" content=\"https:\/\/www.invicta.fr\/en\/produit\/support-structure-for-inset-stoves\/\" \/>\n<meta property=\"og:site_name\" content=\"Invicta\" \/>\n<meta property=\"article:modified_time\" content=\"2022-09-07T17:17:46+00:00\" \/>\n<meta property=\"og:image\" content=\"https:\/\/www.invicta.fr\/wp-content\/uploads\/2019\/07\/chaise-support-cyclo.jpg\" \/>\n\t<meta property=\"og:image:width\" content=\"1143\" \/>\n\t<meta property=\"og:image:height\" content=\"900\" \/>\n\t<meta property=\"og:image:type\" content=\"image\/jpeg\" \/>\n<meta name=\"twitter:card\" content=\"summary_large_image\" \/>\n<script type=\"application\/ld+json\" class=\"yoast-schema-graph\">{\"@context\":\"https:\/\/schema.org\",\"@graph\":[{\"@type\":\"WebPage\",\"@id\":\"https:\/\/www.invicta.fr\/en\/produit\/support-structure-for-inset-stoves\/\",\"url\":\"https:\/\/www.invicta.fr\/en\/produit\/support-structure-for-inset-stoves\/\",\"name\":\"Support Structure for Inset Stoves - Invicta\",\"isPartOf\":{\"@id\":\"https:\/\/www.invicta.fr\/en\/#website\"},\"primaryImageOfPage\":{\"@id\":\"https:\/\/www.invicta.fr\/en\/produit\/support-structure-for-inset-stoves\/#primaryimage\"},\"image\":{\"@id\":\"https:\/\/www.invicta.fr\/en\/produit\/support-structure-for-inset-stoves\/#primaryimage\"},\"thumbnailUrl\":\"https:\/\/www.invicta.fr\/wp-content\/uploads\/2019\/07\/chaise-support-cyclo.jpg\",\"datePublished\":\"2019-12-04T07:42:29+00:00\",\"dateModified\":\"2022-09-07T17:17:46+00:00\",\"description\":\"This stand can be used for the following hearths: 550 \/ 750 Roche 900 \/ 700 Air Control And for lines 800 \/ 900 \/ 1000 \/ Vertical. Installation information available here.\",\"breadcrumb\":{\"@id\":\"https:\/\/www.invicta.fr\/en\/produit\/support-structure-for-inset-stoves\/#breadcrumb\"},\"inLanguage\":\"en-US\",\"potentialAction\":[{\"@type\":\"ReadAction\",\"target\":[\"https:\/\/www.invicta.fr\/en\/produit\/support-structure-for-inset-stoves\/\"]}]},{\"@type\":\"ImageObject\",\"inLanguage\":\"en-US\",\"@id\":\"https:\/\/www.invicta.fr\/en\/produit\/support-structure-for-inset-stoves\/#primaryimage\",\"url\":\"https:\/\/www.invicta.fr\/wp-content\/uploads\/2019\/07\/chaise-support-cyclo.jpg\",\"contentUrl\":\"https:\/\/www.invicta.fr\/wp-content\/uploads\/2019\/07\/chaise-support-cyclo.jpg\",\"width\":1143,\"height\":900,\"caption\":\"Chaise support pour foyers Air Control Invicta\"},{\"@type\":\"BreadcrumbList\",\"@id\":\"https:\/\/www.invicta.fr\/en\/produit\/support-structure-for-inset-stoves\/#breadcrumb\",\"itemListElement\":[{\"@type\":\"ListItem\",\"position\":1,\"name\":\"Home\",\"item\":\"https:\/\/www.invicta.fr\/en\/\"},{\"@type\":\"ListItem\",\"position\":2,\"name\":\"Products\",\"item\":\"https:\/\/www.invicta.fr\/en\/shop\/\"},{\"@type\":\"ListItem\",\"position\":3,\"name\":\"Fireplaces and inserts\",\"item\":\"https:\/\/www.invicta.fr\/en\/categorie-produit\/fireplaces-and-inserts\/\"},{\"@type\":\"ListItem\",\"position\":4,\"name\":\"Accessories\",\"item\":\"https:\/\/www.invicta.fr\/en\/categorie-produit\/fireplaces-and-inserts\/accessories\/\"},{\"@type\":\"ListItem\",\"position\":5,\"name\":\"Support Structure for Inset Stoves\"}]},{\"@type\":\"WebSite\",\"@id\":\"https:\/\/www.invicta.fr\/en\/#website\",\"url\":\"https:\/\/www.invicta.fr\/en\/\",\"name\":\"Invicta\",\"description\":\"Fabricant fran\u00e7ais, sp\u00e9cialiste europ\u00e9en du chauffage au bois : po\u00eales \u00e0 bois et \u00e0 granul\u00e9s, chemin\u00e9es, foyers et inserts\",\"publisher\":{\"@id\":\"https:\/\/www.invicta.fr\/en\/#organization\"},\"potentialAction\":[{\"@type\":\"SearchAction\",\"target\":{\"@type\":\"EntryPoint\",\"urlTemplate\":\"https:\/\/www.invicta.fr\/en\/?s={search_term_string}\"},\"query-input\":{\"@type\":\"PropertyValueSpecification\",\"valueRequired\":true,\"valueName\":\"search_term_string\"}}],\"inLanguage\":\"en-US\"},{\"@type\":\"Organization\",\"@id\":\"https:\/\/www.invicta.fr\/en\/#organization\",\"name\":\"Invicta\",\"url\":\"https:\/\/www.invicta.fr\/en\/\",\"logo\":{\"@type\":\"ImageObject\",\"inLanguage\":\"en-US\",\"@id\":\"https:\/\/www.invicta.fr\/en\/#\/schema\/logo\/image\/\",\"url\":\"https:\/\/www.invicta.fr\/wp-content\/uploads\/2019\/06\/INVICTALOGO_RVB.png\",\"contentUrl\":\"https:\/\/www.invicta.fr\/wp-content\/uploads\/2019\/06\/INVICTALOGO_RVB.png\",\"width\":1810,\"height\":1280,\"caption\":\"Invicta\"},\"image\":{\"@id\":\"https:\/\/www.invicta.fr\/en\/#\/schema\/logo\/image\/\"}}]}<\/script>\n<!-- \/ Yoast SEO plugin. -->","yoast_head_json":{"title":"Support Structure for Inset Stoves - Invicta","description":"This stand can be used for the following hearths:  550 \/ 750 Roche  900 \/ 700 Air Control  And for lines 800 \/ 900 \/ 1000 \/ Vertical.  Installation information available here.","robots":{"index":"index","follow":"follow","max-snippet":"max-snippet:-1","max-image-preview":"max-image-preview:large","max-video-preview":"max-video-preview:-1"},"canonical":"https:\/\/www.invicta.fr\/en\/produit\/support-structure-for-inset-stoves\/","og_locale":"en_US","og_type":"article","og_title":"Support Structure for Inset Stoves - Invicta","og_description":"This stand can be used for the following hearths:  550 \/ 750 Roche  900 \/ 700 Air Control  And for lines 800 \/ 900 \/ 1000 \/ Vertical.  Installation information available here.","og_url":"https:\/\/www.invicta.fr\/en\/produit\/support-structure-for-inset-stoves\/","og_site_name":"Invicta","article_modified_time":"2022-09-07T17:17:46+00:00","og_image":[{"width":1143,"height":900,"url":"https:\/\/www.invicta.fr\/wp-content\/uploads\/2019\/07\/chaise-support-cyclo.jpg","type":"image\/jpeg"}],"twitter_card":"summary_large_image","schema":{"@context":"https:\/\/schema.org","@graph":[{"@type":"WebPage","@id":"https:\/\/www.invicta.fr\/en\/produit\/support-structure-for-inset-stoves\/","url":"https:\/\/www.invicta.fr\/en\/produit\/support-structure-for-inset-stoves\/","name":"Support Structure for Inset Stoves - Invicta","isPartOf":{"@id":"https:\/\/www.invicta.fr\/en\/#website"},"primaryImageOfPage":{"@id":"https:\/\/www.invicta.fr\/en\/produit\/support-structure-for-inset-stoves\/#primaryimage"},"image":{"@id":"https:\/\/www.invicta.fr\/en\/produit\/support-structure-for-inset-stoves\/#primaryimage"},"thumbnailUrl":"https:\/\/www.invicta.fr\/wp-content\/uploads\/2019\/07\/chaise-support-cyclo.jpg","datePublished":"2019-12-04T07:42:29+00:00","dateModified":"2022-09-07T17:17:46+00:00","description":"This stand can be used for the following hearths: 550 \/ 750 Roche 900 \/ 700 Air Control And for lines 800 \/ 900 \/ 1000 \/ Vertical. Installation information available here.","breadcrumb":{"@id":"https:\/\/www.invicta.fr\/en\/produit\/support-structure-for-inset-stoves\/#breadcrumb"},"inLanguage":"en-US","potentialAction":[{"@type":"ReadAction","target":["https:\/\/www.invicta.fr\/en\/produit\/support-structure-for-inset-stoves\/"]}]},{"@type":"ImageObject","inLanguage":"en-US","@id":"https:\/\/www.invicta.fr\/en\/produit\/support-structure-for-inset-stoves\/#primaryimage","url":"https:\/\/www.invicta.fr\/wp-content\/uploads\/2019\/07\/chaise-support-cyclo.jpg","contentUrl":"https:\/\/www.invicta.fr\/wp-content\/uploads\/2019\/07\/chaise-support-cyclo.jpg","width":1143,"height":900,"caption":"Chaise support pour foyers Air Control Invicta"},{"@type":"BreadcrumbList","@id":"https:\/\/www.invicta.fr\/en\/produit\/support-structure-for-inset-stoves\/#breadcrumb","itemListElement":[{"@type":"ListItem","position":1,"name":"Home","item":"https:\/\/www.invicta.fr\/en\/"},{"@type":"ListItem","position":2,"name":"Products","item":"https:\/\/www.invicta.fr\/en\/shop\/"},{"@type":"ListItem","position":3,"name":"Fireplaces and inserts","item":"https:\/\/www.invicta.fr\/en\/categorie-produit\/fireplaces-and-inserts\/"},{"@type":"ListItem","position":4,"name":"Accessories","item":"https:\/\/www.invicta.fr\/en\/categorie-produit\/fireplaces-and-inserts\/accessories\/"},{"@type":"ListItem","position":5,"name":"Support Structure for Inset Stoves"}]},{"@type":"WebSite","@id":"https:\/\/www.invicta.fr\/en\/#website","url":"https:\/\/www.invicta.fr\/en\/","name":"Invicta","description":"Fabricant fran\u00e7ais, sp\u00e9cialiste europ\u00e9en du chauffage au bois : po\u00eales \u00e0 bois et \u00e0 granul\u00e9s, chemin\u00e9es, foyers et inserts","publisher":{"@id":"https:\/\/www.invicta.fr\/en\/#organization"},"potentialAction":[{"@type":"SearchAction","target":{"@type":"EntryPoint","urlTemplate":"https:\/\/www.invicta.fr\/en\/?s={search_term_string}"},"query-input":{"@type":"PropertyValueSpecification","valueRequired":true,"valueName":"search_term_string"}}],"inLanguage":"en-US"},{"@type":"Organization","@id":"https:\/\/www.invicta.fr\/en\/#organization","name":"Invicta","url":"https:\/\/www.invicta.fr\/en\/","logo":{"@type":"ImageObject","inLanguage":"en-US","@id":"https:\/\/www.invicta.fr\/en\/#\/schema\/logo\/image\/","url":"https:\/\/www.invicta.fr\/wp-content\/uploads\/2019\/06\/INVICTALOGO_RVB.png","contentUrl":"https:\/\/www.invicta.fr\/wp-content\/uploads\/2019\/06\/INVICTALOGO_RVB.png","width":1810,"height":1280,"caption":"Invicta"},"image":{"@id":"https:\/\/www.invicta.fr\/en\/#\/schema\/logo\/image\/"}}]}},"_links":{"self":[{"href":"https:\/\/www.invicta.fr\/en\/wp-json\/wp\/v2\/product\/32938","targetHints":{"allow":["GET"]}}],"collection":[{"href":"https:\/\/www.invicta.fr\/en\/wp-json\/wp\/v2\/product"}],"about":[{"href":"https:\/\/www.invicta.fr\/en\/wp-json\/wp\/v2\/types\/product"}],"wp:featuredmedia":[{"embeddable":true,"href":"https:\/\/www.invicta.fr\/en\/wp-json\/wp\/v2\/media\/1467"}],"wp:attachment":[{"href":"https:\/\/www.invicta.fr\/en\/wp-json\/wp\/v2\/media?parent=32938"}],"wp:term":[{"taxonomy":"product_brand","embeddable":true,"href":"https:\/\/www.invicta.fr\/en\/wp-json\/wp\/v2\/product_brand?post=32938"},{"taxonomy":"product_cat","embeddable":true,"href":"https:\/\/www.invicta.fr\/en\/wp-json\/wp\/v2\/product_cat?post=32938"},{"taxonomy":"product_tag","embeddable":true,"href":"https:\/\/www.invicta.fr\/en\/wp-json\/wp\/v2\/product_tag?post=32938"},{"taxonomy":"plus_produit","embeddable":true,"href":"https:\/\/www.invicta.fr\/en\/wp-json\/wp\/v2\/plus_produit?post=32938"}],"curies":[{"name":"wp","href":"https:\/\/api.w.org\/{rel}","templated":true}]}}