{"id":38269,"date":"2020-09-14T17:05:33","date_gmt":"2020-09-14T15:05:34","guid":{"rendered":"https:\/\/www.invicta.fr\/?post_type=product&#038;p=38269"},"modified":"2022-07-11T17:21:32","modified_gmt":"2022-07-11T15:21:32","slug":"olea-ip9-pellet-stove","status":"publish","type":"product","link":"https:\/\/www.invicta.fr\/en\/produit\/olea-ip9-pellet-stove\/","title":{"rendered":"Olea IP9 Pellet Stove"},"content":{"rendered":"","protected":false},"excerpt":{"rendered":"<p>Simple and understated, the Olea&#8217;s steel housing releases positive and warm waves into your living areas. With its rounded shape, it adds a touch of softness and harmony to all interior spaces.<\/p>\n","protected":false},"featured_media":25863,"template":"","meta":{"_acf_changed":false},"product_brand":[],"product_cat":[2118,3076,6571,5948,5945,5959,5950,5947,5961],"product_tag":[1302,1300,2089,6574,6575,2090,6827,6638,6843],"plus_produit":[2981,2984,6842,2982,5942,3491,6634,2081],"class_list":{"1":"product","4":"has-post-thumbnail","6":"product_cat-aide-au-choix-en","7":"product_cat-pellet-stoves-pellet-stoves-en","8":"product_cat-pellet-stoves-9-kw","9":"product_cat-autonomous-pellet-stoves","10":"product_cat-programmable-pellet-stoves","11":"product_cat-design-pellet-stoves","12":"product_cat-contemporary-pellet-stoves","13":"product_cat-modern-pellet-stoves","14":"product_cat-round-pellet-stoves","15":"product_tag-flamme-verte-en","16":"product_tag-eco-design-2022-en","17":"product_tag-a-ecolabel-en-2","18":"product_tag-remote-control-option-c02260","19":"product_tag-wifi-option-c02250-en","20":"product_tag-garantie-2-ans-en","21":"product_tag-y-garantie-extension-1-an-en","22":"product_tag-z-credit-tax","23":"product_tag-z-reserve-aux-pros-en","24":"pa_autonomie-maximum-20-hours","25":"pa_autonomie-minimum-8-hours-en","26":"pa_capacite-de-la-tremie-17-kg-en","27":"pa_consommation-085-210","28":"pa_depart-des-fumees-arriere-en","29":"pa_diametre-de-buse-80-mm-en","30":"pa_indice-de-performance-123-en-2","31":"pa_modulation-de-puissance-38-9","32":"pa_puissance-9-kw-en","33":"pa_surface-de-chauffe-72-104","34":"pa_taux-de-co-00089-00185-en","35":"pa_volume-de-chauffe-180-260","36":"plus_produit-chrono-thermostat-programming","37":"plus_produit-combustion-control-kit-cck","38":"plus_produit-extension-de-garantie-1-an-en-2","39":"plus_produit-optional-external-thermostat-control-not-included","40":"plus_produit-optional-wifi-kit","41":"plus_produit-standby","42":"plus_produit-ventilation-can-be-disabled","43":"plus_produit-ventilator-for-hot-air-output","45":"first","46":"instock","47":"product-type-variable","48":"has-default-attributes"},"acf":[],"yoast_head":"<!-- This site is optimized with the Yoast SEO plugin v24.7 - https:\/\/yoast.com\/wordpress\/plugins\/seo\/ -->\n<title>Olea IP9 Pellet Stove - Invicta<\/title>\n<meta name=\"description\" content=\"Simple and understated, the Olea&#039;s steel housing releases positive and warm waves into your living areas. With its rounded shape, it adds a touch of softness and harmony to all interior spaces.\" \/>\n<meta name=\"robots\" content=\"index, follow, max-snippet:-1, max-image-preview:large, max-video-preview:-1\" \/>\n<link rel=\"canonical\" href=\"https:\/\/www.invicta.fr\/en\/produit\/olea-ip9-pellet-stove\/\" \/>\n<meta property=\"og:locale\" content=\"en_US\" \/>\n<meta property=\"og:type\" content=\"article\" \/>\n<meta property=\"og:title\" content=\"Olea IP9 Pellet Stove - Invicta\" \/>\n<meta property=\"og:description\" content=\"Simple and understated, the Olea&#039;s steel housing releases positive and warm waves into your living areas. With its rounded shape, it adds a touch of softness and harmony to all interior spaces.\" \/>\n<meta property=\"og:url\" content=\"https:\/\/www.invicta.fr\/en\/produit\/olea-ip9-pellet-stove\/\" \/>\n<meta property=\"og:site_name\" content=\"Invicta\" \/>\n<meta property=\"article:modified_time\" content=\"2022-07-11T15:21:32+00:00\" \/>\n<meta property=\"og:image\" content=\"https:\/\/www.invicta.fr\/wp-content\/uploads\/2019\/09\/OLEA_LP_gris-72-dpi-2.jpg\" \/>\n\t<meta property=\"og:image:width\" content=\"459\" \/>\n\t<meta property=\"og:image:height\" content=\"867\" \/>\n\t<meta property=\"og:image:type\" content=\"image\/jpeg\" \/>\n<meta name=\"twitter:card\" content=\"summary_large_image\" \/>\n<script type=\"application\/ld+json\" class=\"yoast-schema-graph\">{\"@context\":\"https:\/\/schema.org\",\"@graph\":[{\"@type\":\"WebPage\",\"@id\":\"https:\/\/www.invicta.fr\/en\/produit\/olea-ip9-pellet-stove\/\",\"url\":\"https:\/\/www.invicta.fr\/en\/produit\/olea-ip9-pellet-stove\/\",\"name\":\"Olea IP9 Pellet Stove - Invicta\",\"isPartOf\":{\"@id\":\"https:\/\/www.invicta.fr\/en\/#website\"},\"primaryImageOfPage\":{\"@id\":\"https:\/\/www.invicta.fr\/en\/produit\/olea-ip9-pellet-stove\/#primaryimage\"},\"image\":{\"@id\":\"https:\/\/www.invicta.fr\/en\/produit\/olea-ip9-pellet-stove\/#primaryimage\"},\"thumbnailUrl\":\"https:\/\/www.invicta.fr\/wp-content\/uploads\/2019\/09\/OLEA_LP_gris-72-dpi-2.jpg\",\"datePublished\":\"2020-09-14T15:05:34+00:00\",\"dateModified\":\"2022-07-11T15:21:32+00:00\",\"description\":\"Simple and understated, the Olea's steel housing releases positive and warm waves into your living areas. With its rounded shape, it adds a touch of softness and harmony to all interior spaces.\",\"breadcrumb\":{\"@id\":\"https:\/\/www.invicta.fr\/en\/produit\/olea-ip9-pellet-stove\/#breadcrumb\"},\"inLanguage\":\"en-US\",\"potentialAction\":[{\"@type\":\"ReadAction\",\"target\":[\"https:\/\/www.invicta.fr\/en\/produit\/olea-ip9-pellet-stove\/\"]}]},{\"@type\":\"ImageObject\",\"inLanguage\":\"en-US\",\"@id\":\"https:\/\/www.invicta.fr\/en\/produit\/olea-ip9-pellet-stove\/#primaryimage\",\"url\":\"https:\/\/www.invicta.fr\/wp-content\/uploads\/2019\/09\/OLEA_LP_gris-72-dpi-2.jpg\",\"contentUrl\":\"https:\/\/www.invicta.fr\/wp-content\/uploads\/2019\/09\/OLEA_LP_gris-72-dpi-2.jpg\",\"width\":459,\"height\":867,\"caption\":\"RING ROSSO 001\"},{\"@type\":\"BreadcrumbList\",\"@id\":\"https:\/\/www.invicta.fr\/en\/produit\/olea-ip9-pellet-stove\/#breadcrumb\",\"itemListElement\":[{\"@type\":\"ListItem\",\"position\":1,\"name\":\"Home\",\"item\":\"https:\/\/www.invicta.fr\/en\/\"},{\"@type\":\"ListItem\",\"position\":2,\"name\":\"Products\",\"item\":\"https:\/\/www.invicta.fr\/en\/shop\/\"},{\"@type\":\"ListItem\",\"position\":3,\"name\":\"Pellet Stoves\",\"item\":\"https:\/\/www.invicta.fr\/en\/categorie-produit\/pellet-stoves-en\/\"},{\"@type\":\"ListItem\",\"position\":4,\"name\":\"Pellet Stoves\",\"item\":\"https:\/\/www.invicta.fr\/en\/categorie-produit\/pellet-stoves-en\/pellet-stoves-pellet-stoves-en\/\"},{\"@type\":\"ListItem\",\"position\":5,\"name\":\"Olea IP9 Pellet Stove\"}]},{\"@type\":\"WebSite\",\"@id\":\"https:\/\/www.invicta.fr\/en\/#website\",\"url\":\"https:\/\/www.invicta.fr\/en\/\",\"name\":\"Invicta\",\"description\":\"Fabricant fran\u00e7ais, sp\u00e9cialiste europ\u00e9en du chauffage au bois : po\u00eales \u00e0 bois et \u00e0 granul\u00e9s, chemin\u00e9es, foyers et inserts\",\"publisher\":{\"@id\":\"https:\/\/www.invicta.fr\/en\/#organization\"},\"potentialAction\":[{\"@type\":\"SearchAction\",\"target\":{\"@type\":\"EntryPoint\",\"urlTemplate\":\"https:\/\/www.invicta.fr\/en\/?s={search_term_string}\"},\"query-input\":{\"@type\":\"PropertyValueSpecification\",\"valueRequired\":true,\"valueName\":\"search_term_string\"}}],\"inLanguage\":\"en-US\"},{\"@type\":\"Organization\",\"@id\":\"https:\/\/www.invicta.fr\/en\/#organization\",\"name\":\"Invicta\",\"url\":\"https:\/\/www.invicta.fr\/en\/\",\"logo\":{\"@type\":\"ImageObject\",\"inLanguage\":\"en-US\",\"@id\":\"https:\/\/www.invicta.fr\/en\/#\/schema\/logo\/image\/\",\"url\":\"https:\/\/www.invicta.fr\/wp-content\/uploads\/2019\/06\/INVICTALOGO_RVB.png\",\"contentUrl\":\"https:\/\/www.invicta.fr\/wp-content\/uploads\/2019\/06\/INVICTALOGO_RVB.png\",\"width\":1810,\"height\":1280,\"caption\":\"Invicta\"},\"image\":{\"@id\":\"https:\/\/www.invicta.fr\/en\/#\/schema\/logo\/image\/\"}}]}<\/script>\n<!-- \/ Yoast SEO plugin. -->","yoast_head_json":{"title":"Olea IP9 Pellet Stove - Invicta","description":"Simple and understated, the Olea's steel housing releases positive and warm waves into your living areas. With its rounded shape, it adds a touch of softness and harmony to all interior spaces.","robots":{"index":"index","follow":"follow","max-snippet":"max-snippet:-1","max-image-preview":"max-image-preview:large","max-video-preview":"max-video-preview:-1"},"canonical":"https:\/\/www.invicta.fr\/en\/produit\/olea-ip9-pellet-stove\/","og_locale":"en_US","og_type":"article","og_title":"Olea IP9 Pellet Stove - Invicta","og_description":"Simple and understated, the Olea's steel housing releases positive and warm waves into your living areas. With its rounded shape, it adds a touch of softness and harmony to all interior spaces.","og_url":"https:\/\/www.invicta.fr\/en\/produit\/olea-ip9-pellet-stove\/","og_site_name":"Invicta","article_modified_time":"2022-07-11T15:21:32+00:00","og_image":[{"width":459,"height":867,"url":"https:\/\/www.invicta.fr\/wp-content\/uploads\/2019\/09\/OLEA_LP_gris-72-dpi-2.jpg","type":"image\/jpeg"}],"twitter_card":"summary_large_image","schema":{"@context":"https:\/\/schema.org","@graph":[{"@type":"WebPage","@id":"https:\/\/www.invicta.fr\/en\/produit\/olea-ip9-pellet-stove\/","url":"https:\/\/www.invicta.fr\/en\/produit\/olea-ip9-pellet-stove\/","name":"Olea IP9 Pellet Stove - Invicta","isPartOf":{"@id":"https:\/\/www.invicta.fr\/en\/#website"},"primaryImageOfPage":{"@id":"https:\/\/www.invicta.fr\/en\/produit\/olea-ip9-pellet-stove\/#primaryimage"},"image":{"@id":"https:\/\/www.invicta.fr\/en\/produit\/olea-ip9-pellet-stove\/#primaryimage"},"thumbnailUrl":"https:\/\/www.invicta.fr\/wp-content\/uploads\/2019\/09\/OLEA_LP_gris-72-dpi-2.jpg","datePublished":"2020-09-14T15:05:34+00:00","dateModified":"2022-07-11T15:21:32+00:00","description":"Simple and understated, the Olea's steel housing releases positive and warm waves into your living areas. With its rounded shape, it adds a touch of softness and harmony to all interior spaces.","breadcrumb":{"@id":"https:\/\/www.invicta.fr\/en\/produit\/olea-ip9-pellet-stove\/#breadcrumb"},"inLanguage":"en-US","potentialAction":[{"@type":"ReadAction","target":["https:\/\/www.invicta.fr\/en\/produit\/olea-ip9-pellet-stove\/"]}]},{"@type":"ImageObject","inLanguage":"en-US","@id":"https:\/\/www.invicta.fr\/en\/produit\/olea-ip9-pellet-stove\/#primaryimage","url":"https:\/\/www.invicta.fr\/wp-content\/uploads\/2019\/09\/OLEA_LP_gris-72-dpi-2.jpg","contentUrl":"https:\/\/www.invicta.fr\/wp-content\/uploads\/2019\/09\/OLEA_LP_gris-72-dpi-2.jpg","width":459,"height":867,"caption":"RING ROSSO 001"},{"@type":"BreadcrumbList","@id":"https:\/\/www.invicta.fr\/en\/produit\/olea-ip9-pellet-stove\/#breadcrumb","itemListElement":[{"@type":"ListItem","position":1,"name":"Home","item":"https:\/\/www.invicta.fr\/en\/"},{"@type":"ListItem","position":2,"name":"Products","item":"https:\/\/www.invicta.fr\/en\/shop\/"},{"@type":"ListItem","position":3,"name":"Pellet Stoves","item":"https:\/\/www.invicta.fr\/en\/categorie-produit\/pellet-stoves-en\/"},{"@type":"ListItem","position":4,"name":"Pellet Stoves","item":"https:\/\/www.invicta.fr\/en\/categorie-produit\/pellet-stoves-en\/pellet-stoves-pellet-stoves-en\/"},{"@type":"ListItem","position":5,"name":"Olea IP9 Pellet Stove"}]},{"@type":"WebSite","@id":"https:\/\/www.invicta.fr\/en\/#website","url":"https:\/\/www.invicta.fr\/en\/","name":"Invicta","description":"Fabricant fran\u00e7ais, sp\u00e9cialiste europ\u00e9en du chauffage au bois : po\u00eales \u00e0 bois et \u00e0 granul\u00e9s, chemin\u00e9es, foyers et inserts","publisher":{"@id":"https:\/\/www.invicta.fr\/en\/#organization"},"potentialAction":[{"@type":"SearchAction","target":{"@type":"EntryPoint","urlTemplate":"https:\/\/www.invicta.fr\/en\/?s={search_term_string}"},"query-input":{"@type":"PropertyValueSpecification","valueRequired":true,"valueName":"search_term_string"}}],"inLanguage":"en-US"},{"@type":"Organization","@id":"https:\/\/www.invicta.fr\/en\/#organization","name":"Invicta","url":"https:\/\/www.invicta.fr\/en\/","logo":{"@type":"ImageObject","inLanguage":"en-US","@id":"https:\/\/www.invicta.fr\/en\/#\/schema\/logo\/image\/","url":"https:\/\/www.invicta.fr\/wp-content\/uploads\/2019\/06\/INVICTALOGO_RVB.png","contentUrl":"https:\/\/www.invicta.fr\/wp-content\/uploads\/2019\/06\/INVICTALOGO_RVB.png","width":1810,"height":1280,"caption":"Invicta"},"image":{"@id":"https:\/\/www.invicta.fr\/en\/#\/schema\/logo\/image\/"}}]}},"_links":{"self":[{"href":"https:\/\/www.invicta.fr\/en\/wp-json\/wp\/v2\/product\/38269","targetHints":{"allow":["GET"]}}],"collection":[{"href":"https:\/\/www.invicta.fr\/en\/wp-json\/wp\/v2\/product"}],"about":[{"href":"https:\/\/www.invicta.fr\/en\/wp-json\/wp\/v2\/types\/product"}],"wp:featuredmedia":[{"embeddable":true,"href":"https:\/\/www.invicta.fr\/en\/wp-json\/wp\/v2\/media\/25863"}],"wp:attachment":[{"href":"https:\/\/www.invicta.fr\/en\/wp-json\/wp\/v2\/media?parent=38269"}],"wp:term":[{"taxonomy":"product_brand","embeddable":true,"href":"https:\/\/www.invicta.fr\/en\/wp-json\/wp\/v2\/product_brand?post=38269"},{"taxonomy":"product_cat","embeddable":true,"href":"https:\/\/www.invicta.fr\/en\/wp-json\/wp\/v2\/product_cat?post=38269"},{"taxonomy":"product_tag","embeddable":true,"href":"https:\/\/www.invicta.fr\/en\/wp-json\/wp\/v2\/product_tag?post=38269"},{"taxonomy":"plus_produit","embeddable":true,"href":"https:\/\/www.invicta.fr\/en\/wp-json\/wp\/v2\/plus_produit?post=38269"}],"curies":[{"name":"wp","href":"https:\/\/api.w.org\/{rel}","templated":true}]}}