{"id":38571,"date":"2020-09-30T01:18:23","date_gmt":"2020-09-29T23:18:24","guid":{"rendered":"https:\/\/www.invicta.fr\/?post_type=product&#038;p=38571"},"modified":"2026-02-24T11:34:09","modified_gmt":"2026-02-24T10:34:09","slug":"daglan-slim-9-ductable","status":"publish","type":"product","link":"https:\/\/www.invicta.fr\/en\/produit\/daglan-slim-9-ductable\/","title":{"rendered":"Daglan Slim 9 Ductable"},"content":{"rendered":"","protected":false},"excerpt":{"rendered":"<p><span data-sheets-formula-bar-text-style=\"font-size:13px;color:#ff0000;font-weight:normal;text-decoration:none;font-family:'Arial';font-style:normal;text-decoration-skip-ink:none;\">The Daglan pellet stove occupies minimal space and offers maximum comfort thanks to its high performance, extended autonomy and programming possibilities. Self-contained unit, delivered assembled.<\/span><\/p>\n","protected":false},"featured_media":38502,"template":"","meta":{"_acf_changed":false},"product_brand":[],"product_cat":[2118,3076,6571,5948,5944,5945,5959,5950,5947,6637,6474,5960],"product_tag":[7106,1302,1300,2089,5952,5951,2090,6827,6638],"plus_produit":[5943,6842,3074,2982,5942,2980,3647,3491,2081],"class_list":{"1":"product","4":"has-post-thumbnail","6":"product_cat-aide-au-choix-en","7":"product_cat-pellet-stoves-pellet-stoves-en","8":"product_cat-pellet-stoves-9-kw","9":"product_cat-autonomous-pellet-stoves","10":"product_cat-ductable-pellet-stoves","11":"product_cat-programmable-pellet-stoves","12":"product_cat-design-pellet-stoves","13":"product_cat-contemporary-pellet-stoves","14":"product_cat-modern-pellet-stoves","15":"product_cat-small-pellet-stoves","16":"product_cat-red-pellet-stoves","17":"product_cat-pellet-stoves-top-outlet","18":"product_tag-en16510-en","19":"product_tag-flamme-verte-en","20":"product_tag-eco-design-2022-en","21":"product_tag-a-ecolabel-en-2","22":"product_tag-ductable-1-dedicated-fan","23":"product_tag-wifi-option-c02270-en","24":"product_tag-garantie-2-ans-en","25":"product_tag-y-garantie-extension-1-an-en","26":"product_tag-z-credit-tax","27":"pa_autonomie-minimum-7-hours-en","28":"pa_capacite-de-la-tremie-15-kg-en","29":"pa_depart-des-fumees-top-or-back","30":"pa_diametre-de-buse-80-mm-en","31":"pa_indice-de-performance-121-en","32":"pa_puissance-9-kw-en","33":"pa_surface-de-chauffe-50-to-110-m","34":"pa_volume-de-chauffe-125-to-275-m","35":"plus_produit-ductable-with-dedicated-fan","36":"plus_produit-extension-de-garantie-1-an-en-2","37":"plus_produit-hourly-schedule","38":"plus_produit-optional-external-thermostat-control-not-included","39":"plus_produit-optional-wifi-kit","40":"plus_produit-power-5-or-room-temperature-control","41":"plus_produit-small-footprint","42":"plus_produit-standby","43":"plus_produit-ventilator-for-hot-air-output","45":"first","46":"instock","47":"product-type-variable","48":"has-default-attributes"},"acf":[],"yoast_head":"<!-- This site is optimized with the Yoast SEO plugin v24.7 - https:\/\/yoast.com\/wordpress\/plugins\/seo\/ -->\n<title>Daglan Slim 9 Ductable - Invicta<\/title>\n<meta name=\"description\" content=\"The Daglan pellet stove occupies minimal space and offers maximum comfort thanks to its high performance, extended autonomy and programming possibilities. Self-contained unit, delivered assembled.\" \/>\n<meta name=\"robots\" content=\"index, follow, max-snippet:-1, max-image-preview:large, max-video-preview:-1\" \/>\n<link rel=\"canonical\" href=\"https:\/\/www.invicta.fr\/en\/produit\/daglan-slim-9-ductable\/\" \/>\n<meta property=\"og:locale\" content=\"en_US\" \/>\n<meta property=\"og:type\" content=\"article\" \/>\n<meta property=\"og:title\" content=\"Daglan Slim 9 Ductable - Invicta\" \/>\n<meta property=\"og:description\" content=\"The Daglan pellet stove occupies minimal space and offers maximum comfort thanks to its high performance, extended autonomy and programming possibilities. Self-contained unit, delivered assembled.\" \/>\n<meta property=\"og:url\" content=\"https:\/\/www.invicta.fr\/en\/produit\/daglan-slim-9-ductable\/\" \/>\n<meta property=\"og:site_name\" content=\"Invicta\" \/>\n<meta property=\"article:modified_time\" content=\"2026-02-24T10:34:09+00:00\" \/>\n<meta property=\"og:image\" content=\"https:\/\/www.invicta.fr\/wp-content\/uploads\/2020\/09\/C-DAGLAN_rouge-web.jpg\" \/>\n\t<meta property=\"og:image:width\" content=\"806\" \/>\n\t<meta property=\"og:image:height\" content=\"1000\" \/>\n\t<meta property=\"og:image:type\" content=\"image\/jpeg\" \/>\n<meta name=\"twitter:card\" content=\"summary_large_image\" \/>\n<script type=\"application\/ld+json\" class=\"yoast-schema-graph\">{\"@context\":\"https:\/\/schema.org\",\"@graph\":[{\"@type\":\"WebPage\",\"@id\":\"https:\/\/www.invicta.fr\/en\/produit\/daglan-slim-9-ductable\/\",\"url\":\"https:\/\/www.invicta.fr\/en\/produit\/daglan-slim-9-ductable\/\",\"name\":\"Daglan Slim 9 Ductable - Invicta\",\"isPartOf\":{\"@id\":\"https:\/\/www.invicta.fr\/en\/#website\"},\"primaryImageOfPage\":{\"@id\":\"https:\/\/www.invicta.fr\/en\/produit\/daglan-slim-9-ductable\/#primaryimage\"},\"image\":{\"@id\":\"https:\/\/www.invicta.fr\/en\/produit\/daglan-slim-9-ductable\/#primaryimage\"},\"thumbnailUrl\":\"https:\/\/www.invicta.fr\/wp-content\/uploads\/2020\/09\/C-DAGLAN_rouge-web.jpg\",\"datePublished\":\"2020-09-29T23:18:24+00:00\",\"dateModified\":\"2026-02-24T10:34:09+00:00\",\"description\":\"The Daglan pellet stove occupies minimal space and offers maximum comfort thanks to its high performance, extended autonomy and programming possibilities. Self-contained unit, delivered assembled.\",\"breadcrumb\":{\"@id\":\"https:\/\/www.invicta.fr\/en\/produit\/daglan-slim-9-ductable\/#breadcrumb\"},\"inLanguage\":\"en-US\",\"potentialAction\":[{\"@type\":\"ReadAction\",\"target\":[\"https:\/\/www.invicta.fr\/en\/produit\/daglan-slim-9-ductable\/\"]}]},{\"@type\":\"ImageObject\",\"inLanguage\":\"en-US\",\"@id\":\"https:\/\/www.invicta.fr\/en\/produit\/daglan-slim-9-ductable\/#primaryimage\",\"url\":\"https:\/\/www.invicta.fr\/wp-content\/uploads\/2020\/09\/C-DAGLAN_rouge-web.jpg\",\"contentUrl\":\"https:\/\/www.invicta.fr\/wp-content\/uploads\/2020\/09\/C-DAGLAN_rouge-web.jpg\",\"width\":806,\"height\":1000,\"caption\":\"Po\u00eale \u00e0 granul\u00e9s canalisable Daglan Slim - Invicta - 9 kW\"},{\"@type\":\"BreadcrumbList\",\"@id\":\"https:\/\/www.invicta.fr\/en\/produit\/daglan-slim-9-ductable\/#breadcrumb\",\"itemListElement\":[{\"@type\":\"ListItem\",\"position\":1,\"name\":\"Home\",\"item\":\"https:\/\/www.invicta.fr\/en\/\"},{\"@type\":\"ListItem\",\"position\":2,\"name\":\"Products\",\"item\":\"https:\/\/www.invicta.fr\/en\/shop\/\"},{\"@type\":\"ListItem\",\"position\":3,\"name\":\"Pellet Stoves\",\"item\":\"https:\/\/www.invicta.fr\/en\/categorie-produit\/pellet-stoves-en\/\"},{\"@type\":\"ListItem\",\"position\":4,\"name\":\"Pellet Stoves\",\"item\":\"https:\/\/www.invicta.fr\/en\/categorie-produit\/pellet-stoves-en\/pellet-stoves-pellet-stoves-en\/\"},{\"@type\":\"ListItem\",\"position\":5,\"name\":\"Daglan Slim 9 Ductable\"}]},{\"@type\":\"WebSite\",\"@id\":\"https:\/\/www.invicta.fr\/en\/#website\",\"url\":\"https:\/\/www.invicta.fr\/en\/\",\"name\":\"Invicta\",\"description\":\"Fabricant fran\u00e7ais, sp\u00e9cialiste europ\u00e9en du chauffage au bois : po\u00eales \u00e0 bois et \u00e0 granul\u00e9s, chemin\u00e9es, foyers et inserts\",\"publisher\":{\"@id\":\"https:\/\/www.invicta.fr\/en\/#organization\"},\"potentialAction\":[{\"@type\":\"SearchAction\",\"target\":{\"@type\":\"EntryPoint\",\"urlTemplate\":\"https:\/\/www.invicta.fr\/en\/?s={search_term_string}\"},\"query-input\":{\"@type\":\"PropertyValueSpecification\",\"valueRequired\":true,\"valueName\":\"search_term_string\"}}],\"inLanguage\":\"en-US\"},{\"@type\":\"Organization\",\"@id\":\"https:\/\/www.invicta.fr\/en\/#organization\",\"name\":\"Invicta\",\"url\":\"https:\/\/www.invicta.fr\/en\/\",\"logo\":{\"@type\":\"ImageObject\",\"inLanguage\":\"en-US\",\"@id\":\"https:\/\/www.invicta.fr\/en\/#\/schema\/logo\/image\/\",\"url\":\"https:\/\/www.invicta.fr\/wp-content\/uploads\/2019\/06\/INVICTALOGO_RVB.png\",\"contentUrl\":\"https:\/\/www.invicta.fr\/wp-content\/uploads\/2019\/06\/INVICTALOGO_RVB.png\",\"width\":1810,\"height\":1280,\"caption\":\"Invicta\"},\"image\":{\"@id\":\"https:\/\/www.invicta.fr\/en\/#\/schema\/logo\/image\/\"}}]}<\/script>\n<!-- \/ Yoast SEO plugin. -->","yoast_head_json":{"title":"Daglan Slim 9 Ductable - Invicta","description":"The Daglan pellet stove occupies minimal space and offers maximum comfort thanks to its high performance, extended autonomy and programming possibilities. Self-contained unit, delivered assembled.","robots":{"index":"index","follow":"follow","max-snippet":"max-snippet:-1","max-image-preview":"max-image-preview:large","max-video-preview":"max-video-preview:-1"},"canonical":"https:\/\/www.invicta.fr\/en\/produit\/daglan-slim-9-ductable\/","og_locale":"en_US","og_type":"article","og_title":"Daglan Slim 9 Ductable - Invicta","og_description":"The Daglan pellet stove occupies minimal space and offers maximum comfort thanks to its high performance, extended autonomy and programming possibilities. Self-contained unit, delivered assembled.","og_url":"https:\/\/www.invicta.fr\/en\/produit\/daglan-slim-9-ductable\/","og_site_name":"Invicta","article_modified_time":"2026-02-24T10:34:09+00:00","og_image":[{"width":806,"height":1000,"url":"https:\/\/www.invicta.fr\/wp-content\/uploads\/2020\/09\/C-DAGLAN_rouge-web.jpg","type":"image\/jpeg"}],"twitter_card":"summary_large_image","schema":{"@context":"https:\/\/schema.org","@graph":[{"@type":"WebPage","@id":"https:\/\/www.invicta.fr\/en\/produit\/daglan-slim-9-ductable\/","url":"https:\/\/www.invicta.fr\/en\/produit\/daglan-slim-9-ductable\/","name":"Daglan Slim 9 Ductable - Invicta","isPartOf":{"@id":"https:\/\/www.invicta.fr\/en\/#website"},"primaryImageOfPage":{"@id":"https:\/\/www.invicta.fr\/en\/produit\/daglan-slim-9-ductable\/#primaryimage"},"image":{"@id":"https:\/\/www.invicta.fr\/en\/produit\/daglan-slim-9-ductable\/#primaryimage"},"thumbnailUrl":"https:\/\/www.invicta.fr\/wp-content\/uploads\/2020\/09\/C-DAGLAN_rouge-web.jpg","datePublished":"2020-09-29T23:18:24+00:00","dateModified":"2026-02-24T10:34:09+00:00","description":"The Daglan pellet stove occupies minimal space and offers maximum comfort thanks to its high performance, extended autonomy and programming possibilities. Self-contained unit, delivered assembled.","breadcrumb":{"@id":"https:\/\/www.invicta.fr\/en\/produit\/daglan-slim-9-ductable\/#breadcrumb"},"inLanguage":"en-US","potentialAction":[{"@type":"ReadAction","target":["https:\/\/www.invicta.fr\/en\/produit\/daglan-slim-9-ductable\/"]}]},{"@type":"ImageObject","inLanguage":"en-US","@id":"https:\/\/www.invicta.fr\/en\/produit\/daglan-slim-9-ductable\/#primaryimage","url":"https:\/\/www.invicta.fr\/wp-content\/uploads\/2020\/09\/C-DAGLAN_rouge-web.jpg","contentUrl":"https:\/\/www.invicta.fr\/wp-content\/uploads\/2020\/09\/C-DAGLAN_rouge-web.jpg","width":806,"height":1000,"caption":"Po\u00eale \u00e0 granul\u00e9s canalisable Daglan Slim - Invicta - 9 kW"},{"@type":"BreadcrumbList","@id":"https:\/\/www.invicta.fr\/en\/produit\/daglan-slim-9-ductable\/#breadcrumb","itemListElement":[{"@type":"ListItem","position":1,"name":"Home","item":"https:\/\/www.invicta.fr\/en\/"},{"@type":"ListItem","position":2,"name":"Products","item":"https:\/\/www.invicta.fr\/en\/shop\/"},{"@type":"ListItem","position":3,"name":"Pellet Stoves","item":"https:\/\/www.invicta.fr\/en\/categorie-produit\/pellet-stoves-en\/"},{"@type":"ListItem","position":4,"name":"Pellet Stoves","item":"https:\/\/www.invicta.fr\/en\/categorie-produit\/pellet-stoves-en\/pellet-stoves-pellet-stoves-en\/"},{"@type":"ListItem","position":5,"name":"Daglan Slim 9 Ductable"}]},{"@type":"WebSite","@id":"https:\/\/www.invicta.fr\/en\/#website","url":"https:\/\/www.invicta.fr\/en\/","name":"Invicta","description":"Fabricant fran\u00e7ais, sp\u00e9cialiste europ\u00e9en du chauffage au bois : po\u00eales \u00e0 bois et \u00e0 granul\u00e9s, chemin\u00e9es, foyers et inserts","publisher":{"@id":"https:\/\/www.invicta.fr\/en\/#organization"},"potentialAction":[{"@type":"SearchAction","target":{"@type":"EntryPoint","urlTemplate":"https:\/\/www.invicta.fr\/en\/?s={search_term_string}"},"query-input":{"@type":"PropertyValueSpecification","valueRequired":true,"valueName":"search_term_string"}}],"inLanguage":"en-US"},{"@type":"Organization","@id":"https:\/\/www.invicta.fr\/en\/#organization","name":"Invicta","url":"https:\/\/www.invicta.fr\/en\/","logo":{"@type":"ImageObject","inLanguage":"en-US","@id":"https:\/\/www.invicta.fr\/en\/#\/schema\/logo\/image\/","url":"https:\/\/www.invicta.fr\/wp-content\/uploads\/2019\/06\/INVICTALOGO_RVB.png","contentUrl":"https:\/\/www.invicta.fr\/wp-content\/uploads\/2019\/06\/INVICTALOGO_RVB.png","width":1810,"height":1280,"caption":"Invicta"},"image":{"@id":"https:\/\/www.invicta.fr\/en\/#\/schema\/logo\/image\/"}}]}},"_links":{"self":[{"href":"https:\/\/www.invicta.fr\/en\/wp-json\/wp\/v2\/product\/38571","targetHints":{"allow":["GET"]}}],"collection":[{"href":"https:\/\/www.invicta.fr\/en\/wp-json\/wp\/v2\/product"}],"about":[{"href":"https:\/\/www.invicta.fr\/en\/wp-json\/wp\/v2\/types\/product"}],"wp:featuredmedia":[{"embeddable":true,"href":"https:\/\/www.invicta.fr\/en\/wp-json\/wp\/v2\/media\/38502"}],"wp:attachment":[{"href":"https:\/\/www.invicta.fr\/en\/wp-json\/wp\/v2\/media?parent=38571"}],"wp:term":[{"taxonomy":"product_brand","embeddable":true,"href":"https:\/\/www.invicta.fr\/en\/wp-json\/wp\/v2\/product_brand?post=38571"},{"taxonomy":"product_cat","embeddable":true,"href":"https:\/\/www.invicta.fr\/en\/wp-json\/wp\/v2\/product_cat?post=38571"},{"taxonomy":"product_tag","embeddable":true,"href":"https:\/\/www.invicta.fr\/en\/wp-json\/wp\/v2\/product_tag?post=38571"},{"taxonomy":"plus_produit","embeddable":true,"href":"https:\/\/www.invicta.fr\/en\/wp-json\/wp\/v2\/plus_produit?post=38571"}],"curies":[{"name":"wp","href":"https:\/\/api.w.org\/{rel}","templated":true}]}}