{"id":41541,"date":"2021-08-02T17:34:23","date_gmt":"2021-08-02T15:34:24","guid":{"rendered":"https:\/\/www.invicta.fr\/?post_type=product&#038;p=41541"},"modified":"2026-03-16T10:26:46","modified_gmt":"2026-03-16T09:26:46","slug":"neosen-plus-3-glass-steel-stove-direct-air-supply","status":"publish","type":"product","link":"https:\/\/www.invicta.fr\/en\/produit\/neosen-plus-3-glass-steel-stove-direct-air-supply\/","title":{"rendered":"Neosen Plus 3-glass Steel Stove &#8211; Direct Air Supply"},"content":{"rendered":"","protected":false},"excerpt":{"rendered":"<p><span>Admire your Neosen Plus stove from every direction&#8230;and be hypnotized by its relaxing and magnificent flames. Reap the full benefits of its outstanding heating capacity and energy efficiency<\/span>.<\/p>\n","protected":false},"featured_media":57046,"template":"","meta":{"_acf_changed":false},"product_brand":[],"product_cat":[2118,6167,6276,6275,6097,6093,6094,6095],"product_tag":[7106,1302,1300,2089,3369,6960,1305,3838,2090,6830,6638],"plus_produit":[6248,3359,1842,3837,6836,3447,6250,3009,6249],"class_list":{"1":"product","4":"has-post-thumbnail","6":"product_cat-aide-au-choix-en","7":"product_cat-8-kw-wood-stoves","8":"product_cat-3-sided-wood-stoves","9":"product_cat-corner-wood-stoves","10":"product_cat-contemporary-wood-stoves","11":"product_cat-designer-wood-stoves","12":"product_cat-modern-wood-burning-stoves","13":"product_cat-round-wood-stoves","14":"product_tag-en16510-en","15":"product_tag-flamme-verte-en","16":"product_tag-eco-design-2022-en","17":"product_tag-a-ecolabel-en-2","18":"product_tag-cast-iron-clad-interior","19":"product_tag-new","20":"product_tag-post-combustion-en","21":"product_tag-raccordable-en","22":"product_tag-garantie-2-ans-en","23":"product_tag-y-extension-garantie-3ans-en","24":"product_tag-z-credit-tax","25":"pa_depart-des-fumees-dessus-en","26":"pa_puissance-optimale-8-kw-en","27":"pa_volume-de-chauffe-105-to-240-m","28":"plus_produit-cast-iron-door-and-top","29":"plus_produit-cast-iron-clad-combustion-chamber","30":"plus_produit-clean-glass-en","31":"plus_produit-connectable","32":"plus_produit-3-year-extended-warranty","33":"plus_produit-intermittent-en","34":"plus_produit-optional-heat-accumulator","35":"plus_produit-post-combustion-system","36":"plus_produit-removable-handle","38":"first","39":"instock","40":"product-type-simple"},"acf":[],"yoast_head":"<!-- This site is optimized with the Yoast SEO plugin v24.7 - https:\/\/yoast.com\/wordpress\/plugins\/seo\/ -->\n<title>Neosen Plus Steel Wood Stove 3 Glazed Sides | INVICTA<\/title>\n<meta name=\"description\" content=\"Enjoy the comfort of the Neosen Steel Wood Stove 3 glazed sides power 8 kW\u2705 EcoLabel A+ \u2705EcoDesign 2022\u2705 Green flame 7\u2b50 5-year warranty\u2705\" \/>\n<meta name=\"robots\" content=\"index, follow, max-snippet:-1, max-image-preview:large, max-video-preview:-1\" \/>\n<link rel=\"canonical\" href=\"https:\/\/www.invicta.fr\/en\/produit\/neosen-plus-3-glass-steel-stove-direct-air-supply\/\" \/>\n<meta property=\"og:locale\" content=\"en_US\" \/>\n<meta property=\"og:type\" content=\"article\" \/>\n<meta property=\"og:title\" content=\"Neosen Plus Steel Wood Stove 3 Glazed Sides | INVICTA\" \/>\n<meta property=\"og:description\" content=\"Enjoy the comfort of the Neosen Steel Wood Stove 3 glazed sides power 8 kW\u2705 EcoLabel A+ \u2705EcoDesign 2022\u2705 Green flame 7\u2b50 5-year warranty\u2705\" \/>\n<meta property=\"og:url\" content=\"https:\/\/www.invicta.fr\/en\/produit\/neosen-plus-3-glass-steel-stove-direct-air-supply\/\" \/>\n<meta property=\"og:site_name\" content=\"Invicta\" \/>\n<meta property=\"article:modified_time\" content=\"2026-03-16T09:26:46+00:00\" \/>\n<meta property=\"og:image\" content=\"https:\/\/www.invicta.fr\/wp-content\/uploads\/2021\/08\/C-NEOSEN-3V-PLUS-web.jpg\" \/>\n\t<meta property=\"og:image:width\" content=\"533\" \/>\n\t<meta property=\"og:image:height\" content=\"800\" \/>\n\t<meta property=\"og:image:type\" content=\"image\/jpeg\" \/>\n<meta name=\"twitter:card\" content=\"summary_large_image\" \/>\n<script type=\"application\/ld+json\" class=\"yoast-schema-graph\">{\"@context\":\"https:\/\/schema.org\",\"@graph\":[{\"@type\":\"WebPage\",\"@id\":\"https:\/\/www.invicta.fr\/en\/produit\/neosen-plus-3-glass-steel-stove-direct-air-supply\/\",\"url\":\"https:\/\/www.invicta.fr\/en\/produit\/neosen-plus-3-glass-steel-stove-direct-air-supply\/\",\"name\":\"Neosen Plus Steel Wood Stove 3 Glazed Sides | INVICTA\",\"isPartOf\":{\"@id\":\"https:\/\/www.invicta.fr\/en\/#website\"},\"primaryImageOfPage\":{\"@id\":\"https:\/\/www.invicta.fr\/en\/produit\/neosen-plus-3-glass-steel-stove-direct-air-supply\/#primaryimage\"},\"image\":{\"@id\":\"https:\/\/www.invicta.fr\/en\/produit\/neosen-plus-3-glass-steel-stove-direct-air-supply\/#primaryimage\"},\"thumbnailUrl\":\"https:\/\/www.invicta.fr\/wp-content\/uploads\/2021\/08\/C-NEOSEN-3V-PLUS-web.jpg\",\"datePublished\":\"2021-08-02T15:34:24+00:00\",\"dateModified\":\"2026-03-16T09:26:46+00:00\",\"description\":\"Enjoy the comfort of the Neosen Steel Wood Stove 3 glazed sides power 8 kW\u2705 EcoLabel A+ \u2705EcoDesign 2022\u2705 Green flame 7\u2b50 5-year warranty\u2705\",\"breadcrumb\":{\"@id\":\"https:\/\/www.invicta.fr\/en\/produit\/neosen-plus-3-glass-steel-stove-direct-air-supply\/#breadcrumb\"},\"inLanguage\":\"en-US\",\"potentialAction\":[{\"@type\":\"ReadAction\",\"target\":[\"https:\/\/www.invicta.fr\/en\/produit\/neosen-plus-3-glass-steel-stove-direct-air-supply\/\"]}]},{\"@type\":\"ImageObject\",\"inLanguage\":\"en-US\",\"@id\":\"https:\/\/www.invicta.fr\/en\/produit\/neosen-plus-3-glass-steel-stove-direct-air-supply\/#primaryimage\",\"url\":\"https:\/\/www.invicta.fr\/wp-content\/uploads\/2021\/08\/C-NEOSEN-3V-PLUS-web.jpg\",\"contentUrl\":\"https:\/\/www.invicta.fr\/wp-content\/uploads\/2021\/08\/C-NEOSEN-3V-PLUS-web.jpg\",\"width\":533,\"height\":800,\"caption\":\"Neosen Plus 3 vitres - 8 kW\"},{\"@type\":\"BreadcrumbList\",\"@id\":\"https:\/\/www.invicta.fr\/en\/produit\/neosen-plus-3-glass-steel-stove-direct-air-supply\/#breadcrumb\",\"itemListElement\":[{\"@type\":\"ListItem\",\"position\":1,\"name\":\"Home\",\"item\":\"https:\/\/www.invicta.fr\/en\/\"},{\"@type\":\"ListItem\",\"position\":2,\"name\":\"Products\",\"item\":\"https:\/\/www.invicta.fr\/en\/shop\/\"},{\"@type\":\"ListItem\",\"position\":3,\"name\":\"Aide au choix\",\"item\":\"https:\/\/www.invicta.fr\/en\/categorie-produit\/aide-au-choix-en\/\"},{\"@type\":\"ListItem\",\"position\":4,\"name\":\"Neosen Plus 3-glass Steel Stove &#8211; Direct Air Supply\"}]},{\"@type\":\"WebSite\",\"@id\":\"https:\/\/www.invicta.fr\/en\/#website\",\"url\":\"https:\/\/www.invicta.fr\/en\/\",\"name\":\"Invicta\",\"description\":\"Fabricant fran\u00e7ais, sp\u00e9cialiste europ\u00e9en du chauffage au bois : po\u00eales \u00e0 bois et \u00e0 granul\u00e9s, chemin\u00e9es, foyers et inserts\",\"publisher\":{\"@id\":\"https:\/\/www.invicta.fr\/en\/#organization\"},\"potentialAction\":[{\"@type\":\"SearchAction\",\"target\":{\"@type\":\"EntryPoint\",\"urlTemplate\":\"https:\/\/www.invicta.fr\/en\/?s={search_term_string}\"},\"query-input\":{\"@type\":\"PropertyValueSpecification\",\"valueRequired\":true,\"valueName\":\"search_term_string\"}}],\"inLanguage\":\"en-US\"},{\"@type\":\"Organization\",\"@id\":\"https:\/\/www.invicta.fr\/en\/#organization\",\"name\":\"Invicta\",\"url\":\"https:\/\/www.invicta.fr\/en\/\",\"logo\":{\"@type\":\"ImageObject\",\"inLanguage\":\"en-US\",\"@id\":\"https:\/\/www.invicta.fr\/en\/#\/schema\/logo\/image\/\",\"url\":\"https:\/\/www.invicta.fr\/wp-content\/uploads\/2019\/06\/INVICTALOGO_RVB.png\",\"contentUrl\":\"https:\/\/www.invicta.fr\/wp-content\/uploads\/2019\/06\/INVICTALOGO_RVB.png\",\"width\":1810,\"height\":1280,\"caption\":\"Invicta\"},\"image\":{\"@id\":\"https:\/\/www.invicta.fr\/en\/#\/schema\/logo\/image\/\"}}]}<\/script>\n<!-- \/ Yoast SEO plugin. -->","yoast_head_json":{"title":"Neosen Plus Steel Wood Stove 3 Glazed Sides | INVICTA","description":"Enjoy the comfort of the Neosen Steel Wood Stove 3 glazed sides power 8 kW\u2705 EcoLabel A+ \u2705EcoDesign 2022\u2705 Green flame 7\u2b50 5-year warranty\u2705","robots":{"index":"index","follow":"follow","max-snippet":"max-snippet:-1","max-image-preview":"max-image-preview:large","max-video-preview":"max-video-preview:-1"},"canonical":"https:\/\/www.invicta.fr\/en\/produit\/neosen-plus-3-glass-steel-stove-direct-air-supply\/","og_locale":"en_US","og_type":"article","og_title":"Neosen Plus Steel Wood Stove 3 Glazed Sides | INVICTA","og_description":"Enjoy the comfort of the Neosen Steel Wood Stove 3 glazed sides power 8 kW\u2705 EcoLabel A+ \u2705EcoDesign 2022\u2705 Green flame 7\u2b50 5-year warranty\u2705","og_url":"https:\/\/www.invicta.fr\/en\/produit\/neosen-plus-3-glass-steel-stove-direct-air-supply\/","og_site_name":"Invicta","article_modified_time":"2026-03-16T09:26:46+00:00","og_image":[{"width":533,"height":800,"url":"https:\/\/www.invicta.fr\/wp-content\/uploads\/2021\/08\/C-NEOSEN-3V-PLUS-web.jpg","type":"image\/jpeg"}],"twitter_card":"summary_large_image","schema":{"@context":"https:\/\/schema.org","@graph":[{"@type":"WebPage","@id":"https:\/\/www.invicta.fr\/en\/produit\/neosen-plus-3-glass-steel-stove-direct-air-supply\/","url":"https:\/\/www.invicta.fr\/en\/produit\/neosen-plus-3-glass-steel-stove-direct-air-supply\/","name":"Neosen Plus Steel Wood Stove 3 Glazed Sides | INVICTA","isPartOf":{"@id":"https:\/\/www.invicta.fr\/en\/#website"},"primaryImageOfPage":{"@id":"https:\/\/www.invicta.fr\/en\/produit\/neosen-plus-3-glass-steel-stove-direct-air-supply\/#primaryimage"},"image":{"@id":"https:\/\/www.invicta.fr\/en\/produit\/neosen-plus-3-glass-steel-stove-direct-air-supply\/#primaryimage"},"thumbnailUrl":"https:\/\/www.invicta.fr\/wp-content\/uploads\/2021\/08\/C-NEOSEN-3V-PLUS-web.jpg","datePublished":"2021-08-02T15:34:24+00:00","dateModified":"2026-03-16T09:26:46+00:00","description":"Enjoy the comfort of the Neosen Steel Wood Stove 3 glazed sides power 8 kW\u2705 EcoLabel A+ \u2705EcoDesign 2022\u2705 Green flame 7\u2b50 5-year warranty\u2705","breadcrumb":{"@id":"https:\/\/www.invicta.fr\/en\/produit\/neosen-plus-3-glass-steel-stove-direct-air-supply\/#breadcrumb"},"inLanguage":"en-US","potentialAction":[{"@type":"ReadAction","target":["https:\/\/www.invicta.fr\/en\/produit\/neosen-plus-3-glass-steel-stove-direct-air-supply\/"]}]},{"@type":"ImageObject","inLanguage":"en-US","@id":"https:\/\/www.invicta.fr\/en\/produit\/neosen-plus-3-glass-steel-stove-direct-air-supply\/#primaryimage","url":"https:\/\/www.invicta.fr\/wp-content\/uploads\/2021\/08\/C-NEOSEN-3V-PLUS-web.jpg","contentUrl":"https:\/\/www.invicta.fr\/wp-content\/uploads\/2021\/08\/C-NEOSEN-3V-PLUS-web.jpg","width":533,"height":800,"caption":"Neosen Plus 3 vitres - 8 kW"},{"@type":"BreadcrumbList","@id":"https:\/\/www.invicta.fr\/en\/produit\/neosen-plus-3-glass-steel-stove-direct-air-supply\/#breadcrumb","itemListElement":[{"@type":"ListItem","position":1,"name":"Home","item":"https:\/\/www.invicta.fr\/en\/"},{"@type":"ListItem","position":2,"name":"Products","item":"https:\/\/www.invicta.fr\/en\/shop\/"},{"@type":"ListItem","position":3,"name":"Aide au choix","item":"https:\/\/www.invicta.fr\/en\/categorie-produit\/aide-au-choix-en\/"},{"@type":"ListItem","position":4,"name":"Neosen Plus 3-glass Steel Stove &#8211; Direct Air Supply"}]},{"@type":"WebSite","@id":"https:\/\/www.invicta.fr\/en\/#website","url":"https:\/\/www.invicta.fr\/en\/","name":"Invicta","description":"Fabricant fran\u00e7ais, sp\u00e9cialiste europ\u00e9en du chauffage au bois : po\u00eales \u00e0 bois et \u00e0 granul\u00e9s, chemin\u00e9es, foyers et inserts","publisher":{"@id":"https:\/\/www.invicta.fr\/en\/#organization"},"potentialAction":[{"@type":"SearchAction","target":{"@type":"EntryPoint","urlTemplate":"https:\/\/www.invicta.fr\/en\/?s={search_term_string}"},"query-input":{"@type":"PropertyValueSpecification","valueRequired":true,"valueName":"search_term_string"}}],"inLanguage":"en-US"},{"@type":"Organization","@id":"https:\/\/www.invicta.fr\/en\/#organization","name":"Invicta","url":"https:\/\/www.invicta.fr\/en\/","logo":{"@type":"ImageObject","inLanguage":"en-US","@id":"https:\/\/www.invicta.fr\/en\/#\/schema\/logo\/image\/","url":"https:\/\/www.invicta.fr\/wp-content\/uploads\/2019\/06\/INVICTALOGO_RVB.png","contentUrl":"https:\/\/www.invicta.fr\/wp-content\/uploads\/2019\/06\/INVICTALOGO_RVB.png","width":1810,"height":1280,"caption":"Invicta"},"image":{"@id":"https:\/\/www.invicta.fr\/en\/#\/schema\/logo\/image\/"}}]}},"_links":{"self":[{"href":"https:\/\/www.invicta.fr\/en\/wp-json\/wp\/v2\/product\/41541","targetHints":{"allow":["GET"]}}],"collection":[{"href":"https:\/\/www.invicta.fr\/en\/wp-json\/wp\/v2\/product"}],"about":[{"href":"https:\/\/www.invicta.fr\/en\/wp-json\/wp\/v2\/types\/product"}],"wp:featuredmedia":[{"embeddable":true,"href":"https:\/\/www.invicta.fr\/en\/wp-json\/wp\/v2\/media\/57046"}],"wp:attachment":[{"href":"https:\/\/www.invicta.fr\/en\/wp-json\/wp\/v2\/media?parent=41541"}],"wp:term":[{"taxonomy":"product_brand","embeddable":true,"href":"https:\/\/www.invicta.fr\/en\/wp-json\/wp\/v2\/product_brand?post=41541"},{"taxonomy":"product_cat","embeddable":true,"href":"https:\/\/www.invicta.fr\/en\/wp-json\/wp\/v2\/product_cat?post=41541"},{"taxonomy":"product_tag","embeddable":true,"href":"https:\/\/www.invicta.fr\/en\/wp-json\/wp\/v2\/product_tag?post=41541"},{"taxonomy":"plus_produit","embeddable":true,"href":"https:\/\/www.invicta.fr\/en\/wp-json\/wp\/v2\/plus_produit?post=41541"}],"curies":[{"name":"wp","href":"https:\/\/api.w.org\/{rel}","templated":true}]}}