{"id":48214,"date":"2022-06-07T17:18:47","date_gmt":"2022-06-07T15:18:47","guid":{"rendered":"https:\/\/www.invicta.fr\/?post_type=product&#038;p=48214"},"modified":"2025-11-13T09:38:42","modified_gmt":"2025-11-13T08:38:42","slug":"800-left-glass-corner-flue-valve","status":"publish","type":"product","link":"https:\/\/www.invicta.fr\/en\/produit\/800-left-glass-corner-flue-valve\/","title":{"rendered":"800 Left Glass Corner Flue-valve"},"content":{"rendered":"","protected":false},"excerpt":{"rendered":"<p>The cornerstone of a modern and lively home, this model creates a cozy atmosphere at every junction.<\/p>\n","protected":false},"featured_media":67690,"template":"","meta":{"_acf_changed":false},"product_brand":[],"product_cat":[2118,3689],"product_tag":[7106,1302,1300,1299,7018,1301,5098,6960,1305,2090,6830,6638],"plus_produit":[1842,6836,3735,3708,6990,3012,3009,3685],"class_list":{"1":"product","4":"has-post-thumbnail","6":"product_cat-aide-au-choix-en","7":"product_cat-wood-burning-fireplaces-fireplaces-and-inserts","8":"product_tag-en16510-en","9":"product_tag-flamme-verte-en","10":"product_tag-eco-design-2022-en","11":"product_tag-a-ecolabel-en","12":"product_tag-4-blmschv2","13":"product_tag-fabrication-francaise-en","14":"product_tag-cast-iron-steel-door","15":"product_tag-new","16":"product_tag-post-combustion-en","17":"product_tag-garantie-2-ans-en","18":"product_tag-y-extension-garantie-3ans-en","19":"product_tag-z-credit-tax","20":"pa_depart-des-fumees-dessus-en","21":"pa_diametre-de-buse-6758","22":"pa_indice-de-performance-99-en","23":"pa_puissance-9-5-kw","24":"pa_taux-de-co-010-en","25":"plus_produit-clean-glass-en","26":"plus_produit-3-year-extended-warranty","27":"plus_produit-flue-valve","28":"plus_produit-intermittent-and-3-hour-extended-burning","29":"plus_produit-new-design","30":"plus_produit-origine-france-garantie-made-in-france-guarantee","31":"plus_produit-post-combustion-system","32":"plus_produit-superior-view-of-the-flames","34":"first","35":"instock","36":"product-type-simple"},"acf":[],"yoast_head":"<!-- This site is optimized with the Yoast SEO plugin v24.7 - https:\/\/yoast.com\/wordpress\/plugins\/seo\/ -->\n<title>800 Left Glass Corner Flue-valve - Invicta<\/title>\n<meta name=\"description\" content=\"The cornerstone of a modern and lively home, this model creates a cozy atmosphere at every junction.\" \/>\n<meta name=\"robots\" content=\"index, follow, max-snippet:-1, max-image-preview:large, max-video-preview:-1\" \/>\n<link rel=\"canonical\" href=\"https:\/\/www.invicta.fr\/en\/produit\/800-left-glass-corner-flue-valve\/\" \/>\n<meta property=\"og:locale\" content=\"en_US\" \/>\n<meta property=\"og:type\" content=\"article\" \/>\n<meta property=\"og:title\" content=\"800 Left Glass Corner Flue-valve - Invicta\" \/>\n<meta property=\"og:description\" content=\"The cornerstone of a modern and lively home, this model creates a cozy atmosphere at every junction.\" \/>\n<meta property=\"og:url\" content=\"https:\/\/www.invicta.fr\/en\/produit\/800-left-glass-corner-flue-valve\/\" \/>\n<meta property=\"og:site_name\" content=\"Invicta\" \/>\n<meta property=\"article:modified_time\" content=\"2025-11-13T08:38:42+00:00\" \/>\n<meta property=\"og:image\" content=\"https:\/\/www.invicta.fr\/wp-content\/uploads\/2022\/06\/C_P628473_FOYER_800_ANGLE_VG_web-2.jpg\" \/>\n\t<meta property=\"og:image:width\" content=\"1008\" \/>\n\t<meta property=\"og:image:height\" content=\"1008\" \/>\n\t<meta property=\"og:image:type\" content=\"image\/jpeg\" \/>\n<meta name=\"twitter:card\" content=\"summary_large_image\" \/>\n<script type=\"application\/ld+json\" class=\"yoast-schema-graph\">{\"@context\":\"https:\/\/schema.org\",\"@graph\":[{\"@type\":\"WebPage\",\"@id\":\"https:\/\/www.invicta.fr\/en\/produit\/800-left-glass-corner-flue-valve\/\",\"url\":\"https:\/\/www.invicta.fr\/en\/produit\/800-left-glass-corner-flue-valve\/\",\"name\":\"800 Left Glass Corner Flue-valve - Invicta\",\"isPartOf\":{\"@id\":\"https:\/\/www.invicta.fr\/en\/#website\"},\"primaryImageOfPage\":{\"@id\":\"https:\/\/www.invicta.fr\/en\/produit\/800-left-glass-corner-flue-valve\/#primaryimage\"},\"image\":{\"@id\":\"https:\/\/www.invicta.fr\/en\/produit\/800-left-glass-corner-flue-valve\/#primaryimage\"},\"thumbnailUrl\":\"https:\/\/www.invicta.fr\/wp-content\/uploads\/2022\/06\/C_P628473_FOYER_800_ANGLE_VG_web-2.jpg\",\"datePublished\":\"2022-06-07T15:18:47+00:00\",\"dateModified\":\"2025-11-13T08:38:42+00:00\",\"description\":\"The cornerstone of a modern and lively home, this model creates a cozy atmosphere at every junction.\",\"breadcrumb\":{\"@id\":\"https:\/\/www.invicta.fr\/en\/produit\/800-left-glass-corner-flue-valve\/#breadcrumb\"},\"inLanguage\":\"en-US\",\"potentialAction\":[{\"@type\":\"ReadAction\",\"target\":[\"https:\/\/www.invicta.fr\/en\/produit\/800-left-glass-corner-flue-valve\/\"]}]},{\"@type\":\"ImageObject\",\"inLanguage\":\"en-US\",\"@id\":\"https:\/\/www.invicta.fr\/en\/produit\/800-left-glass-corner-flue-valve\/#primaryimage\",\"url\":\"https:\/\/www.invicta.fr\/wp-content\/uploads\/2022\/06\/C_P628473_FOYER_800_ANGLE_VG_web-2.jpg\",\"contentUrl\":\"https:\/\/www.invicta.fr\/wp-content\/uploads\/2022\/06\/C_P628473_FOYER_800_ANGLE_VG_web-2.jpg\",\"width\":1008,\"height\":1008,\"caption\":\"Foyer angle 800 pour chemin\u00e9e - vitre gauche\"},{\"@type\":\"BreadcrumbList\",\"@id\":\"https:\/\/www.invicta.fr\/en\/produit\/800-left-glass-corner-flue-valve\/#breadcrumb\",\"itemListElement\":[{\"@type\":\"ListItem\",\"position\":1,\"name\":\"Home\",\"item\":\"https:\/\/www.invicta.fr\/en\/\"},{\"@type\":\"ListItem\",\"position\":2,\"name\":\"Products\",\"item\":\"https:\/\/www.invicta.fr\/en\/shop\/\"},{\"@type\":\"ListItem\",\"position\":3,\"name\":\"Fireplaces and inserts\",\"item\":\"https:\/\/www.invicta.fr\/en\/categorie-produit\/fireplaces-and-inserts\/\"},{\"@type\":\"ListItem\",\"position\":4,\"name\":\"Wood Burning Fireplaces\",\"item\":\"https:\/\/www.invicta.fr\/en\/categorie-produit\/fireplaces-and-inserts\/wood-burning-fireplaces-fireplaces-and-inserts\/\"},{\"@type\":\"ListItem\",\"position\":5,\"name\":\"800 Left Glass Corner Flue-valve\"}]},{\"@type\":\"WebSite\",\"@id\":\"https:\/\/www.invicta.fr\/en\/#website\",\"url\":\"https:\/\/www.invicta.fr\/en\/\",\"name\":\"Invicta\",\"description\":\"Fabricant fran\u00e7ais, sp\u00e9cialiste europ\u00e9en du chauffage au bois : po\u00eales \u00e0 bois et \u00e0 granul\u00e9s, chemin\u00e9es, foyers et inserts\",\"publisher\":{\"@id\":\"https:\/\/www.invicta.fr\/en\/#organization\"},\"potentialAction\":[{\"@type\":\"SearchAction\",\"target\":{\"@type\":\"EntryPoint\",\"urlTemplate\":\"https:\/\/www.invicta.fr\/en\/?s={search_term_string}\"},\"query-input\":{\"@type\":\"PropertyValueSpecification\",\"valueRequired\":true,\"valueName\":\"search_term_string\"}}],\"inLanguage\":\"en-US\"},{\"@type\":\"Organization\",\"@id\":\"https:\/\/www.invicta.fr\/en\/#organization\",\"name\":\"Invicta\",\"url\":\"https:\/\/www.invicta.fr\/en\/\",\"logo\":{\"@type\":\"ImageObject\",\"inLanguage\":\"en-US\",\"@id\":\"https:\/\/www.invicta.fr\/en\/#\/schema\/logo\/image\/\",\"url\":\"https:\/\/www.invicta.fr\/wp-content\/uploads\/2019\/06\/INVICTALOGO_RVB.png\",\"contentUrl\":\"https:\/\/www.invicta.fr\/wp-content\/uploads\/2019\/06\/INVICTALOGO_RVB.png\",\"width\":1810,\"height\":1280,\"caption\":\"Invicta\"},\"image\":{\"@id\":\"https:\/\/www.invicta.fr\/en\/#\/schema\/logo\/image\/\"}}]}<\/script>\n<!-- \/ Yoast SEO plugin. -->","yoast_head_json":{"title":"800 Left Glass Corner Flue-valve - Invicta","description":"The cornerstone of a modern and lively home, this model creates a cozy atmosphere at every junction.","robots":{"index":"index","follow":"follow","max-snippet":"max-snippet:-1","max-image-preview":"max-image-preview:large","max-video-preview":"max-video-preview:-1"},"canonical":"https:\/\/www.invicta.fr\/en\/produit\/800-left-glass-corner-flue-valve\/","og_locale":"en_US","og_type":"article","og_title":"800 Left Glass Corner Flue-valve - Invicta","og_description":"The cornerstone of a modern and lively home, this model creates a cozy atmosphere at every junction.","og_url":"https:\/\/www.invicta.fr\/en\/produit\/800-left-glass-corner-flue-valve\/","og_site_name":"Invicta","article_modified_time":"2025-11-13T08:38:42+00:00","og_image":[{"width":1008,"height":1008,"url":"https:\/\/www.invicta.fr\/wp-content\/uploads\/2022\/06\/C_P628473_FOYER_800_ANGLE_VG_web-2.jpg","type":"image\/jpeg"}],"twitter_card":"summary_large_image","schema":{"@context":"https:\/\/schema.org","@graph":[{"@type":"WebPage","@id":"https:\/\/www.invicta.fr\/en\/produit\/800-left-glass-corner-flue-valve\/","url":"https:\/\/www.invicta.fr\/en\/produit\/800-left-glass-corner-flue-valve\/","name":"800 Left Glass Corner Flue-valve - Invicta","isPartOf":{"@id":"https:\/\/www.invicta.fr\/en\/#website"},"primaryImageOfPage":{"@id":"https:\/\/www.invicta.fr\/en\/produit\/800-left-glass-corner-flue-valve\/#primaryimage"},"image":{"@id":"https:\/\/www.invicta.fr\/en\/produit\/800-left-glass-corner-flue-valve\/#primaryimage"},"thumbnailUrl":"https:\/\/www.invicta.fr\/wp-content\/uploads\/2022\/06\/C_P628473_FOYER_800_ANGLE_VG_web-2.jpg","datePublished":"2022-06-07T15:18:47+00:00","dateModified":"2025-11-13T08:38:42+00:00","description":"The cornerstone of a modern and lively home, this model creates a cozy atmosphere at every junction.","breadcrumb":{"@id":"https:\/\/www.invicta.fr\/en\/produit\/800-left-glass-corner-flue-valve\/#breadcrumb"},"inLanguage":"en-US","potentialAction":[{"@type":"ReadAction","target":["https:\/\/www.invicta.fr\/en\/produit\/800-left-glass-corner-flue-valve\/"]}]},{"@type":"ImageObject","inLanguage":"en-US","@id":"https:\/\/www.invicta.fr\/en\/produit\/800-left-glass-corner-flue-valve\/#primaryimage","url":"https:\/\/www.invicta.fr\/wp-content\/uploads\/2022\/06\/C_P628473_FOYER_800_ANGLE_VG_web-2.jpg","contentUrl":"https:\/\/www.invicta.fr\/wp-content\/uploads\/2022\/06\/C_P628473_FOYER_800_ANGLE_VG_web-2.jpg","width":1008,"height":1008,"caption":"Foyer angle 800 pour chemin\u00e9e - vitre gauche"},{"@type":"BreadcrumbList","@id":"https:\/\/www.invicta.fr\/en\/produit\/800-left-glass-corner-flue-valve\/#breadcrumb","itemListElement":[{"@type":"ListItem","position":1,"name":"Home","item":"https:\/\/www.invicta.fr\/en\/"},{"@type":"ListItem","position":2,"name":"Products","item":"https:\/\/www.invicta.fr\/en\/shop\/"},{"@type":"ListItem","position":3,"name":"Fireplaces and inserts","item":"https:\/\/www.invicta.fr\/en\/categorie-produit\/fireplaces-and-inserts\/"},{"@type":"ListItem","position":4,"name":"Wood Burning Fireplaces","item":"https:\/\/www.invicta.fr\/en\/categorie-produit\/fireplaces-and-inserts\/wood-burning-fireplaces-fireplaces-and-inserts\/"},{"@type":"ListItem","position":5,"name":"800 Left Glass Corner Flue-valve"}]},{"@type":"WebSite","@id":"https:\/\/www.invicta.fr\/en\/#website","url":"https:\/\/www.invicta.fr\/en\/","name":"Invicta","description":"Fabricant fran\u00e7ais, sp\u00e9cialiste europ\u00e9en du chauffage au bois : po\u00eales \u00e0 bois et \u00e0 granul\u00e9s, chemin\u00e9es, foyers et inserts","publisher":{"@id":"https:\/\/www.invicta.fr\/en\/#organization"},"potentialAction":[{"@type":"SearchAction","target":{"@type":"EntryPoint","urlTemplate":"https:\/\/www.invicta.fr\/en\/?s={search_term_string}"},"query-input":{"@type":"PropertyValueSpecification","valueRequired":true,"valueName":"search_term_string"}}],"inLanguage":"en-US"},{"@type":"Organization","@id":"https:\/\/www.invicta.fr\/en\/#organization","name":"Invicta","url":"https:\/\/www.invicta.fr\/en\/","logo":{"@type":"ImageObject","inLanguage":"en-US","@id":"https:\/\/www.invicta.fr\/en\/#\/schema\/logo\/image\/","url":"https:\/\/www.invicta.fr\/wp-content\/uploads\/2019\/06\/INVICTALOGO_RVB.png","contentUrl":"https:\/\/www.invicta.fr\/wp-content\/uploads\/2019\/06\/INVICTALOGO_RVB.png","width":1810,"height":1280,"caption":"Invicta"},"image":{"@id":"https:\/\/www.invicta.fr\/en\/#\/schema\/logo\/image\/"}}]}},"_links":{"self":[{"href":"https:\/\/www.invicta.fr\/en\/wp-json\/wp\/v2\/product\/48214","targetHints":{"allow":["GET"]}}],"collection":[{"href":"https:\/\/www.invicta.fr\/en\/wp-json\/wp\/v2\/product"}],"about":[{"href":"https:\/\/www.invicta.fr\/en\/wp-json\/wp\/v2\/types\/product"}],"wp:featuredmedia":[{"embeddable":true,"href":"https:\/\/www.invicta.fr\/en\/wp-json\/wp\/v2\/media\/67690"}],"wp:attachment":[{"href":"https:\/\/www.invicta.fr\/en\/wp-json\/wp\/v2\/media?parent=48214"}],"wp:term":[{"taxonomy":"product_brand","embeddable":true,"href":"https:\/\/www.invicta.fr\/en\/wp-json\/wp\/v2\/product_brand?post=48214"},{"taxonomy":"product_cat","embeddable":true,"href":"https:\/\/www.invicta.fr\/en\/wp-json\/wp\/v2\/product_cat?post=48214"},{"taxonomy":"product_tag","embeddable":true,"href":"https:\/\/www.invicta.fr\/en\/wp-json\/wp\/v2\/product_tag?post=48214"},{"taxonomy":"plus_produit","embeddable":true,"href":"https:\/\/www.invicta.fr\/en\/wp-json\/wp\/v2\/plus_produit?post=48214"}],"curies":[{"name":"wp","href":"https:\/\/api.w.org\/{rel}","templated":true}]}}