{"id":55581,"date":"2019-07-11T10:50:57","date_gmt":"2023-06-05T14:28:45","guid":{"rendered":"https:\/\/www.invicta.fr\/?post_type=product&#038;p=55581"},"modified":"2025-10-09T10:49:31","modified_gmt":"2025-10-09T08:49:31","slug":"foyer-700-gv-relevable","status":"publish","type":"product","link":"https:\/\/www.invicta.fr\/en\/produit\/foyer-700-gv-relevable\/","title":{"rendered":"700 GV Inset Stove with Guillotine Door"},"content":{"rendered":"","protected":false},"excerpt":{"rendered":"<p>This fireplace can be used with a closed door to feel its full heating efficiency or with a raised door to enjoy a traditional hearth fire.<\/p>\n","protected":false},"featured_media":0,"template":"","meta":{"_acf_changed":false},"product_brand":[],"product_cat":[2118,3689],"product_tag":[1297,1299,1301],"plus_produit":[1842,3709,3012],"class_list":{"1":"product","5":"product_cat-aide-au-choix-en","6":"product_cat-wood-burning-fireplaces-fireplaces-and-inserts","7":"product_tag-100-fonte-en","8":"product_tag-a-ecolabel-en","9":"product_tag-fabrication-francaise-en","10":"pa_depart-des-fumees-dessus-en","11":"pa_diametre-de-buse-6758","12":"pa_indice-de-performance-92-en","13":"pa_modulation-de-puissance-9-5-to-21-kw","14":"pa_puissance-6747","15":"pa_surface-de-chauffe-75-170-m-en","16":"pa_taux-de-co-026-en","17":"pa_volume-de-chauffe-185-425-m-en","18":"plus_produit-clean-glass-en","19":"plus_produit-double-opening-door","20":"plus_produit-origine-france-garantie-made-in-france-guarantee","22":"first","23":"instock","24":"product-type-simple"},"acf":[],"yoast_head":"<!-- This site is optimized with the Yoast SEO plugin v24.7 - https:\/\/yoast.com\/wordpress\/plugins\/seo\/ -->\n<title>700 GV Inset Stove with Guillotine Door | INVICTA<\/title>\n<meta name=\"description\" content=\"Discover the 700 GV Inset Stove with Guillotine Door : 14 kW heat output \u2705 5-year warranty \u2705 EcoLabel A\u2705 100% Cast-iron\u2705 Made in France \u2705\" \/>\n<meta name=\"robots\" content=\"index, follow, max-snippet:-1, max-image-preview:large, max-video-preview:-1\" \/>\n<link rel=\"canonical\" href=\"https:\/\/www.invicta.fr\/en\/produit\/foyer-700-gv-relevable\/\" \/>\n<meta property=\"og:locale\" content=\"en_US\" \/>\n<meta property=\"og:type\" content=\"article\" \/>\n<meta property=\"og:title\" content=\"700 GV Inset Stove with Guillotine Door | INVICTA\" \/>\n<meta property=\"og:description\" content=\"Discover the 700 GV Inset Stove with Guillotine Door : 14 kW heat output \u2705 5-year warranty \u2705 EcoLabel A\u2705 100% Cast-iron\u2705 Made in France \u2705\" \/>\n<meta property=\"og:url\" content=\"https:\/\/www.invicta.fr\/en\/produit\/foyer-700-gv-relevable\/\" \/>\n<meta property=\"og:site_name\" content=\"Invicta\" \/>\n<meta property=\"article:modified_time\" content=\"2025-10-09T08:49:31+00:00\" \/>\n<meta name=\"twitter:card\" content=\"summary_large_image\" \/>\n<script type=\"application\/ld+json\" class=\"yoast-schema-graph\">{\"@context\":\"https:\/\/schema.org\",\"@graph\":[{\"@type\":\"WebPage\",\"@id\":\"https:\/\/www.invicta.fr\/en\/produit\/foyer-700-gv-relevable\/\",\"url\":\"https:\/\/www.invicta.fr\/en\/produit\/foyer-700-gv-relevable\/\",\"name\":\"700 GV Inset Stove with Guillotine Door | INVICTA\",\"isPartOf\":{\"@id\":\"https:\/\/www.invicta.fr\/en\/#website\"},\"datePublished\":\"2023-06-05T14:28:45+00:00\",\"dateModified\":\"2025-10-09T08:49:31+00:00\",\"description\":\"Discover the 700 GV Inset Stove with Guillotine Door : 14 kW heat output \u2705 5-year warranty \u2705 EcoLabel A\u2705 100% Cast-iron\u2705 Made in France \u2705\",\"breadcrumb\":{\"@id\":\"https:\/\/www.invicta.fr\/en\/produit\/foyer-700-gv-relevable\/#breadcrumb\"},\"inLanguage\":\"en-US\",\"potentialAction\":[{\"@type\":\"ReadAction\",\"target\":[\"https:\/\/www.invicta.fr\/en\/produit\/foyer-700-gv-relevable\/\"]}]},{\"@type\":\"BreadcrumbList\",\"@id\":\"https:\/\/www.invicta.fr\/en\/produit\/foyer-700-gv-relevable\/#breadcrumb\",\"itemListElement\":[{\"@type\":\"ListItem\",\"position\":1,\"name\":\"Home\",\"item\":\"https:\/\/www.invicta.fr\/en\/\"},{\"@type\":\"ListItem\",\"position\":2,\"name\":\"Products\",\"item\":\"https:\/\/www.invicta.fr\/en\/shop\/\"},{\"@type\":\"ListItem\",\"position\":3,\"name\":\"Fireplaces and inserts\",\"item\":\"https:\/\/www.invicta.fr\/en\/categorie-produit\/fireplaces-and-inserts\/\"},{\"@type\":\"ListItem\",\"position\":4,\"name\":\"Wood Burning Fireplaces\",\"item\":\"https:\/\/www.invicta.fr\/en\/categorie-produit\/fireplaces-and-inserts\/wood-burning-fireplaces-fireplaces-and-inserts\/\"},{\"@type\":\"ListItem\",\"position\":5,\"name\":\"700 GV Inset Stove with Guillotine Door\"}]},{\"@type\":\"WebSite\",\"@id\":\"https:\/\/www.invicta.fr\/en\/#website\",\"url\":\"https:\/\/www.invicta.fr\/en\/\",\"name\":\"Invicta\",\"description\":\"Fabricant fran\u00e7ais, sp\u00e9cialiste europ\u00e9en du chauffage au bois : po\u00eales \u00e0 bois et \u00e0 granul\u00e9s, chemin\u00e9es, foyers et inserts\",\"publisher\":{\"@id\":\"https:\/\/www.invicta.fr\/en\/#organization\"},\"potentialAction\":[{\"@type\":\"SearchAction\",\"target\":{\"@type\":\"EntryPoint\",\"urlTemplate\":\"https:\/\/www.invicta.fr\/en\/?s={search_term_string}\"},\"query-input\":{\"@type\":\"PropertyValueSpecification\",\"valueRequired\":true,\"valueName\":\"search_term_string\"}}],\"inLanguage\":\"en-US\"},{\"@type\":\"Organization\",\"@id\":\"https:\/\/www.invicta.fr\/en\/#organization\",\"name\":\"Invicta\",\"url\":\"https:\/\/www.invicta.fr\/en\/\",\"logo\":{\"@type\":\"ImageObject\",\"inLanguage\":\"en-US\",\"@id\":\"https:\/\/www.invicta.fr\/en\/#\/schema\/logo\/image\/\",\"url\":\"https:\/\/www.invicta.fr\/wp-content\/uploads\/2019\/06\/INVICTALOGO_RVB.png\",\"contentUrl\":\"https:\/\/www.invicta.fr\/wp-content\/uploads\/2019\/06\/INVICTALOGO_RVB.png\",\"width\":1810,\"height\":1280,\"caption\":\"Invicta\"},\"image\":{\"@id\":\"https:\/\/www.invicta.fr\/en\/#\/schema\/logo\/image\/\"}}]}<\/script>\n<!-- \/ Yoast SEO plugin. -->","yoast_head_json":{"title":"700 GV Inset Stove with Guillotine Door | INVICTA","description":"Discover the 700 GV Inset Stove with Guillotine Door : 14 kW heat output \u2705 5-year warranty \u2705 EcoLabel A\u2705 100% Cast-iron\u2705 Made in France \u2705","robots":{"index":"index","follow":"follow","max-snippet":"max-snippet:-1","max-image-preview":"max-image-preview:large","max-video-preview":"max-video-preview:-1"},"canonical":"https:\/\/www.invicta.fr\/en\/produit\/foyer-700-gv-relevable\/","og_locale":"en_US","og_type":"article","og_title":"700 GV Inset Stove with Guillotine Door | INVICTA","og_description":"Discover the 700 GV Inset Stove with Guillotine Door : 14 kW heat output \u2705 5-year warranty \u2705 EcoLabel A\u2705 100% Cast-iron\u2705 Made in France \u2705","og_url":"https:\/\/www.invicta.fr\/en\/produit\/foyer-700-gv-relevable\/","og_site_name":"Invicta","article_modified_time":"2025-10-09T08:49:31+00:00","twitter_card":"summary_large_image","schema":{"@context":"https:\/\/schema.org","@graph":[{"@type":"WebPage","@id":"https:\/\/www.invicta.fr\/en\/produit\/foyer-700-gv-relevable\/","url":"https:\/\/www.invicta.fr\/en\/produit\/foyer-700-gv-relevable\/","name":"700 GV Inset Stove with Guillotine Door | INVICTA","isPartOf":{"@id":"https:\/\/www.invicta.fr\/en\/#website"},"datePublished":"2023-06-05T14:28:45+00:00","dateModified":"2025-10-09T08:49:31+00:00","description":"Discover the 700 GV Inset Stove with Guillotine Door : 14 kW heat output \u2705 5-year warranty \u2705 EcoLabel A\u2705 100% Cast-iron\u2705 Made in France \u2705","breadcrumb":{"@id":"https:\/\/www.invicta.fr\/en\/produit\/foyer-700-gv-relevable\/#breadcrumb"},"inLanguage":"en-US","potentialAction":[{"@type":"ReadAction","target":["https:\/\/www.invicta.fr\/en\/produit\/foyer-700-gv-relevable\/"]}]},{"@type":"BreadcrumbList","@id":"https:\/\/www.invicta.fr\/en\/produit\/foyer-700-gv-relevable\/#breadcrumb","itemListElement":[{"@type":"ListItem","position":1,"name":"Home","item":"https:\/\/www.invicta.fr\/en\/"},{"@type":"ListItem","position":2,"name":"Products","item":"https:\/\/www.invicta.fr\/en\/shop\/"},{"@type":"ListItem","position":3,"name":"Fireplaces and inserts","item":"https:\/\/www.invicta.fr\/en\/categorie-produit\/fireplaces-and-inserts\/"},{"@type":"ListItem","position":4,"name":"Wood Burning Fireplaces","item":"https:\/\/www.invicta.fr\/en\/categorie-produit\/fireplaces-and-inserts\/wood-burning-fireplaces-fireplaces-and-inserts\/"},{"@type":"ListItem","position":5,"name":"700 GV Inset Stove with Guillotine Door"}]},{"@type":"WebSite","@id":"https:\/\/www.invicta.fr\/en\/#website","url":"https:\/\/www.invicta.fr\/en\/","name":"Invicta","description":"Fabricant fran\u00e7ais, sp\u00e9cialiste europ\u00e9en du chauffage au bois : po\u00eales \u00e0 bois et \u00e0 granul\u00e9s, chemin\u00e9es, foyers et inserts","publisher":{"@id":"https:\/\/www.invicta.fr\/en\/#organization"},"potentialAction":[{"@type":"SearchAction","target":{"@type":"EntryPoint","urlTemplate":"https:\/\/www.invicta.fr\/en\/?s={search_term_string}"},"query-input":{"@type":"PropertyValueSpecification","valueRequired":true,"valueName":"search_term_string"}}],"inLanguage":"en-US"},{"@type":"Organization","@id":"https:\/\/www.invicta.fr\/en\/#organization","name":"Invicta","url":"https:\/\/www.invicta.fr\/en\/","logo":{"@type":"ImageObject","inLanguage":"en-US","@id":"https:\/\/www.invicta.fr\/en\/#\/schema\/logo\/image\/","url":"https:\/\/www.invicta.fr\/wp-content\/uploads\/2019\/06\/INVICTALOGO_RVB.png","contentUrl":"https:\/\/www.invicta.fr\/wp-content\/uploads\/2019\/06\/INVICTALOGO_RVB.png","width":1810,"height":1280,"caption":"Invicta"},"image":{"@id":"https:\/\/www.invicta.fr\/en\/#\/schema\/logo\/image\/"}}]}},"_links":{"self":[{"href":"https:\/\/www.invicta.fr\/en\/wp-json\/wp\/v2\/product\/55581","targetHints":{"allow":["GET"]}}],"collection":[{"href":"https:\/\/www.invicta.fr\/en\/wp-json\/wp\/v2\/product"}],"about":[{"href":"https:\/\/www.invicta.fr\/en\/wp-json\/wp\/v2\/types\/product"}],"wp:attachment":[{"href":"https:\/\/www.invicta.fr\/en\/wp-json\/wp\/v2\/media?parent=55581"}],"wp:term":[{"taxonomy":"product_brand","embeddable":true,"href":"https:\/\/www.invicta.fr\/en\/wp-json\/wp\/v2\/product_brand?post=55581"},{"taxonomy":"product_cat","embeddable":true,"href":"https:\/\/www.invicta.fr\/en\/wp-json\/wp\/v2\/product_cat?post=55581"},{"taxonomy":"product_tag","embeddable":true,"href":"https:\/\/www.invicta.fr\/en\/wp-json\/wp\/v2\/product_tag?post=55581"},{"taxonomy":"plus_produit","embeddable":true,"href":"https:\/\/www.invicta.fr\/en\/wp-json\/wp\/v2\/plus_produit?post=55581"}],"curies":[{"name":"wp","href":"https:\/\/api.w.org\/{rel}","templated":true}]}}