{"id":65198,"date":"2024-12-12T15:47:38","date_gmt":"2024-12-12T14:47:38","guid":{"rendered":"https:\/\/www.invicta.fr\/?post_type=product&#038;p=65198"},"modified":"2025-11-04T09:34:06","modified_gmt":"2025-11-04T08:34:06","slug":"brio-on-bench-cast-iron-stove-direct-air-supply","status":"publish","type":"product","link":"https:\/\/www.invicta.fr\/en\/produit\/brio-on-bench-cast-iron-stove-direct-air-supply\/","title":{"rendered":"Brio on Bench Cast Iron Stove &#8211; Direct Air Supply"},"content":{"rendered":"<h3>Discover in video<\/h3>\n<p><iframe title=\"Invicta Brio banc EN\" width=\"500\" height=\"281\" src=\"https:\/\/www.youtube.com\/embed\/oaGu5m-LZJ4?feature=oembed&#038;enablejsapi=1&#038;origin=https:\/\/www.invicta.fr\" frameborder=\"0\" allow=\"accelerometer; autoplay; clipboard-write; encrypted-media; gyroscope; picture-in-picture; web-share\" referrerpolicy=\"strict-origin-when-cross-origin\" allowfullscreen><\/iframe><\/p>\n","protected":false},"excerpt":{"rendered":"<p><span data-sheets-formula-bar-text-style=\"font-size:13px;color:#000000;font-weight:normal;text-decoration:none;font-family:'Arial';font-style:normal;text-decoration-skip-ink:none;\">Here is an original interpretation of the fire show, perfectly expressed by this new duo. The sleek design of the steel bench follows the lines of the flamboyant Brio to put on a show in your living room. Design: B. Dequet. <em>Exhaust duct pictured not supplied with stove.<\/em><br \/>\n<\/span><\/p>\n","protected":false},"featured_media":48059,"template":"","meta":{"_acf_changed":false},"product_brand":[],"product_cat":[2118,3013,6098,6096,6097,6093,6099,6094,6095],"product_tag":[7106,1302,1297,1300,1299,1301,1305,3838,2090,6830,6638,6843],"plus_produit":[6091,1842,3837,6836,3012,3009],"class_list":{"1":"product","4":"has-post-thumbnail","6":"product_cat-aide-au-choix-en","7":"product_cat-cast-iron-and-steel-wood-burning-stoves-wood-burning-stoves","8":"product_cat-wood-stoves-logs-50-cm","9":"product_cat-7-kw-wood-stoves","10":"product_cat-contemporary-wood-stoves","11":"product_cat-designer-wood-stoves","12":"product_cat-industrial-wood-stoves","13":"product_cat-modern-wood-burning-stoves","14":"product_cat-round-wood-stoves","15":"product_tag-en16510-en","16":"product_tag-flamme-verte-en","17":"product_tag-100-fonte-en","18":"product_tag-eco-design-2022-en","19":"product_tag-a-ecolabel-en","20":"product_tag-fabrication-francaise-en","21":"product_tag-post-combustion-en","22":"product_tag-raccordable-en","23":"product_tag-garantie-2-ans-en","24":"product_tag-y-extension-garantie-3ans-en","25":"product_tag-z-credit-tax","26":"product_tag-z-reserve-aux-pros-en","27":"pa_depart-des-fumees-dessus-en","28":"pa_diametre-de-buse-150-mm-en","29":"pa_indice-de-performance-99-en","30":"pa_puissance-optimale-7-kw-en","31":"pa_surface-de-chauffe-40-to-85-m","32":"pa_taux-de-co-012-en","33":"pa_volume-de-chauffe-100-210-m-en","34":"plus_produit-careful-design","35":"plus_produit-clean-glass-en","36":"plus_produit-connectable","37":"plus_produit-3-year-extended-warranty","38":"plus_produit-origine-france-garantie-made-in-france-guarantee","39":"plus_produit-post-combustion-system","41":"first","42":"instock","43":"purchasable","44":"product-type-simple"},"acf":[],"yoast_head":"<!-- This site is optimized with the Yoast SEO plugin v24.7 - https:\/\/yoast.com\/wordpress\/plugins\/seo\/ -->\n<title>Brio cast iron wood stove on Bench Air Intake | INVICTA<\/title>\n<meta name=\"description\" content=\"Warm up with the Brio on Bench - Air Intake - Cast Iron Wood Stove, EcoLabel A, 100% Cast Iron, power 7kW\u2705 Flamme Verte 7\u2b50 - 5-year warranty\u2705\" \/>\n<meta name=\"robots\" content=\"index, follow, max-snippet:-1, max-image-preview:large, max-video-preview:-1\" \/>\n<link rel=\"canonical\" href=\"https:\/\/www.invicta.fr\/en\/produit\/brio-on-bench-cast-iron-stove-direct-air-supply\/\" \/>\n<meta property=\"og:locale\" content=\"en_US\" \/>\n<meta property=\"og:type\" content=\"article\" \/>\n<meta property=\"og:title\" content=\"Brio cast iron wood stove on Bench Air Intake | INVICTA\" \/>\n<meta property=\"og:description\" content=\"Warm up with the Brio on Bench - Air Intake - Cast Iron Wood Stove, EcoLabel A, 100% Cast Iron, power 7kW\u2705 Flamme Verte 7\u2b50 - 5-year warranty\u2705\" \/>\n<meta property=\"og:url\" content=\"https:\/\/www.invicta.fr\/en\/produit\/brio-on-bench-cast-iron-stove-direct-air-supply\/\" \/>\n<meta property=\"og:site_name\" content=\"Invicta\" \/>\n<meta property=\"article:modified_time\" content=\"2025-11-04T08:34:06+00:00\" \/>\n<meta property=\"og:image\" content=\"https:\/\/www.invicta.fr\/wp-content\/uploads\/2022\/06\/C2-BRIO-SUR-BANC.jpg\" \/>\n\t<meta property=\"og:image:width\" content=\"1008\" \/>\n\t<meta property=\"og:image:height\" content=\"840\" \/>\n\t<meta property=\"og:image:type\" content=\"image\/jpeg\" \/>\n<meta name=\"twitter:card\" content=\"summary_large_image\" \/>\n<script type=\"application\/ld+json\" class=\"yoast-schema-graph\">{\"@context\":\"https:\/\/schema.org\",\"@graph\":[{\"@type\":\"WebPage\",\"@id\":\"https:\/\/www.invicta.fr\/en\/produit\/brio-on-bench-cast-iron-stove-direct-air-supply\/\",\"url\":\"https:\/\/www.invicta.fr\/en\/produit\/brio-on-bench-cast-iron-stove-direct-air-supply\/\",\"name\":\"Brio cast iron wood stove on Bench Air Intake | INVICTA\",\"isPartOf\":{\"@id\":\"https:\/\/www.invicta.fr\/en\/#website\"},\"primaryImageOfPage\":{\"@id\":\"https:\/\/www.invicta.fr\/en\/produit\/brio-on-bench-cast-iron-stove-direct-air-supply\/#primaryimage\"},\"image\":{\"@id\":\"https:\/\/www.invicta.fr\/en\/produit\/brio-on-bench-cast-iron-stove-direct-air-supply\/#primaryimage\"},\"thumbnailUrl\":\"https:\/\/www.invicta.fr\/wp-content\/uploads\/2022\/06\/C2-BRIO-SUR-BANC.jpg\",\"datePublished\":\"2024-12-12T14:47:38+00:00\",\"dateModified\":\"2025-11-04T08:34:06+00:00\",\"description\":\"Warm up with the Brio on Bench - Air Intake - Cast Iron Wood Stove, EcoLabel A, 100% Cast Iron, power 7kW\u2705 Flamme Verte 7\u2b50 - 5-year warranty\u2705\",\"breadcrumb\":{\"@id\":\"https:\/\/www.invicta.fr\/en\/produit\/brio-on-bench-cast-iron-stove-direct-air-supply\/#breadcrumb\"},\"inLanguage\":\"en-US\",\"potentialAction\":[{\"@type\":\"ReadAction\",\"target\":[\"https:\/\/www.invicta.fr\/en\/produit\/brio-on-bench-cast-iron-stove-direct-air-supply\/\"]}]},{\"@type\":\"ImageObject\",\"inLanguage\":\"en-US\",\"@id\":\"https:\/\/www.invicta.fr\/en\/produit\/brio-on-bench-cast-iron-stove-direct-air-supply\/#primaryimage\",\"url\":\"https:\/\/www.invicta.fr\/wp-content\/uploads\/2022\/06\/C2-BRIO-SUR-BANC.jpg\",\"contentUrl\":\"https:\/\/www.invicta.fr\/wp-content\/uploads\/2022\/06\/C2-BRIO-SUR-BANC.jpg\",\"width\":1008,\"height\":840,\"caption\":\"Po\u00eale \u00e0 bois fonte Invicta Brio sur banc - 7 kW\"},{\"@type\":\"BreadcrumbList\",\"@id\":\"https:\/\/www.invicta.fr\/en\/produit\/brio-on-bench-cast-iron-stove-direct-air-supply\/#breadcrumb\",\"itemListElement\":[{\"@type\":\"ListItem\",\"position\":1,\"name\":\"Home\",\"item\":\"https:\/\/www.invicta.fr\/en\/\"},{\"@type\":\"ListItem\",\"position\":2,\"name\":\"Products\",\"item\":\"https:\/\/www.invicta.fr\/en\/shop\/\"},{\"@type\":\"ListItem\",\"position\":3,\"name\":\"Wood burning stoves\",\"item\":\"https:\/\/www.invicta.fr\/en\/categorie-produit\/wood-burning-stoves\/\"},{\"@type\":\"ListItem\",\"position\":4,\"name\":\"Cast iron and steel wood burning stoves\",\"item\":\"https:\/\/www.invicta.fr\/en\/categorie-produit\/wood-burning-stoves\/cast-iron-and-steel-wood-burning-stoves-wood-burning-stoves\/\"},{\"@type\":\"ListItem\",\"position\":5,\"name\":\"Brio on Bench Cast Iron Stove &#8211; Direct Air Supply\"}]},{\"@type\":\"WebSite\",\"@id\":\"https:\/\/www.invicta.fr\/en\/#website\",\"url\":\"https:\/\/www.invicta.fr\/en\/\",\"name\":\"Invicta\",\"description\":\"Fabricant fran\u00e7ais, sp\u00e9cialiste europ\u00e9en du chauffage au bois : po\u00eales \u00e0 bois et \u00e0 granul\u00e9s, chemin\u00e9es, foyers et inserts\",\"publisher\":{\"@id\":\"https:\/\/www.invicta.fr\/en\/#organization\"},\"potentialAction\":[{\"@type\":\"SearchAction\",\"target\":{\"@type\":\"EntryPoint\",\"urlTemplate\":\"https:\/\/www.invicta.fr\/en\/?s={search_term_string}\"},\"query-input\":{\"@type\":\"PropertyValueSpecification\",\"valueRequired\":true,\"valueName\":\"search_term_string\"}}],\"inLanguage\":\"en-US\"},{\"@type\":\"Organization\",\"@id\":\"https:\/\/www.invicta.fr\/en\/#organization\",\"name\":\"Invicta\",\"url\":\"https:\/\/www.invicta.fr\/en\/\",\"logo\":{\"@type\":\"ImageObject\",\"inLanguage\":\"en-US\",\"@id\":\"https:\/\/www.invicta.fr\/en\/#\/schema\/logo\/image\/\",\"url\":\"https:\/\/www.invicta.fr\/wp-content\/uploads\/2019\/06\/INVICTALOGO_RVB.png\",\"contentUrl\":\"https:\/\/www.invicta.fr\/wp-content\/uploads\/2019\/06\/INVICTALOGO_RVB.png\",\"width\":1810,\"height\":1280,\"caption\":\"Invicta\"},\"image\":{\"@id\":\"https:\/\/www.invicta.fr\/en\/#\/schema\/logo\/image\/\"}}]}<\/script>\n<!-- \/ Yoast SEO plugin. -->","yoast_head_json":{"title":"Brio cast iron wood stove on Bench Air Intake | INVICTA","description":"Warm up with the Brio on Bench - Air Intake - Cast Iron Wood Stove, EcoLabel A, 100% Cast Iron, power 7kW\u2705 Flamme Verte 7\u2b50 - 5-year warranty\u2705","robots":{"index":"index","follow":"follow","max-snippet":"max-snippet:-1","max-image-preview":"max-image-preview:large","max-video-preview":"max-video-preview:-1"},"canonical":"https:\/\/www.invicta.fr\/en\/produit\/brio-on-bench-cast-iron-stove-direct-air-supply\/","og_locale":"en_US","og_type":"article","og_title":"Brio cast iron wood stove on Bench Air Intake | INVICTA","og_description":"Warm up with the Brio on Bench - Air Intake - Cast Iron Wood Stove, EcoLabel A, 100% Cast Iron, power 7kW\u2705 Flamme Verte 7\u2b50 - 5-year warranty\u2705","og_url":"https:\/\/www.invicta.fr\/en\/produit\/brio-on-bench-cast-iron-stove-direct-air-supply\/","og_site_name":"Invicta","article_modified_time":"2025-11-04T08:34:06+00:00","og_image":[{"width":1008,"height":840,"url":"https:\/\/www.invicta.fr\/wp-content\/uploads\/2022\/06\/C2-BRIO-SUR-BANC.jpg","type":"image\/jpeg"}],"twitter_card":"summary_large_image","schema":{"@context":"https:\/\/schema.org","@graph":[{"@type":"WebPage","@id":"https:\/\/www.invicta.fr\/en\/produit\/brio-on-bench-cast-iron-stove-direct-air-supply\/","url":"https:\/\/www.invicta.fr\/en\/produit\/brio-on-bench-cast-iron-stove-direct-air-supply\/","name":"Brio cast iron wood stove on Bench Air Intake | INVICTA","isPartOf":{"@id":"https:\/\/www.invicta.fr\/en\/#website"},"primaryImageOfPage":{"@id":"https:\/\/www.invicta.fr\/en\/produit\/brio-on-bench-cast-iron-stove-direct-air-supply\/#primaryimage"},"image":{"@id":"https:\/\/www.invicta.fr\/en\/produit\/brio-on-bench-cast-iron-stove-direct-air-supply\/#primaryimage"},"thumbnailUrl":"https:\/\/www.invicta.fr\/wp-content\/uploads\/2022\/06\/C2-BRIO-SUR-BANC.jpg","datePublished":"2024-12-12T14:47:38+00:00","dateModified":"2025-11-04T08:34:06+00:00","description":"Warm up with the Brio on Bench - Air Intake - Cast Iron Wood Stove, EcoLabel A, 100% Cast Iron, power 7kW\u2705 Flamme Verte 7\u2b50 - 5-year warranty\u2705","breadcrumb":{"@id":"https:\/\/www.invicta.fr\/en\/produit\/brio-on-bench-cast-iron-stove-direct-air-supply\/#breadcrumb"},"inLanguage":"en-US","potentialAction":[{"@type":"ReadAction","target":["https:\/\/www.invicta.fr\/en\/produit\/brio-on-bench-cast-iron-stove-direct-air-supply\/"]}]},{"@type":"ImageObject","inLanguage":"en-US","@id":"https:\/\/www.invicta.fr\/en\/produit\/brio-on-bench-cast-iron-stove-direct-air-supply\/#primaryimage","url":"https:\/\/www.invicta.fr\/wp-content\/uploads\/2022\/06\/C2-BRIO-SUR-BANC.jpg","contentUrl":"https:\/\/www.invicta.fr\/wp-content\/uploads\/2022\/06\/C2-BRIO-SUR-BANC.jpg","width":1008,"height":840,"caption":"Po\u00eale \u00e0 bois fonte Invicta Brio sur banc - 7 kW"},{"@type":"BreadcrumbList","@id":"https:\/\/www.invicta.fr\/en\/produit\/brio-on-bench-cast-iron-stove-direct-air-supply\/#breadcrumb","itemListElement":[{"@type":"ListItem","position":1,"name":"Home","item":"https:\/\/www.invicta.fr\/en\/"},{"@type":"ListItem","position":2,"name":"Products","item":"https:\/\/www.invicta.fr\/en\/shop\/"},{"@type":"ListItem","position":3,"name":"Wood burning stoves","item":"https:\/\/www.invicta.fr\/en\/categorie-produit\/wood-burning-stoves\/"},{"@type":"ListItem","position":4,"name":"Cast iron and steel wood burning stoves","item":"https:\/\/www.invicta.fr\/en\/categorie-produit\/wood-burning-stoves\/cast-iron-and-steel-wood-burning-stoves-wood-burning-stoves\/"},{"@type":"ListItem","position":5,"name":"Brio on Bench Cast Iron Stove &#8211; Direct Air Supply"}]},{"@type":"WebSite","@id":"https:\/\/www.invicta.fr\/en\/#website","url":"https:\/\/www.invicta.fr\/en\/","name":"Invicta","description":"Fabricant fran\u00e7ais, sp\u00e9cialiste europ\u00e9en du chauffage au bois : po\u00eales \u00e0 bois et \u00e0 granul\u00e9s, chemin\u00e9es, foyers et inserts","publisher":{"@id":"https:\/\/www.invicta.fr\/en\/#organization"},"potentialAction":[{"@type":"SearchAction","target":{"@type":"EntryPoint","urlTemplate":"https:\/\/www.invicta.fr\/en\/?s={search_term_string}"},"query-input":{"@type":"PropertyValueSpecification","valueRequired":true,"valueName":"search_term_string"}}],"inLanguage":"en-US"},{"@type":"Organization","@id":"https:\/\/www.invicta.fr\/en\/#organization","name":"Invicta","url":"https:\/\/www.invicta.fr\/en\/","logo":{"@type":"ImageObject","inLanguage":"en-US","@id":"https:\/\/www.invicta.fr\/en\/#\/schema\/logo\/image\/","url":"https:\/\/www.invicta.fr\/wp-content\/uploads\/2019\/06\/INVICTALOGO_RVB.png","contentUrl":"https:\/\/www.invicta.fr\/wp-content\/uploads\/2019\/06\/INVICTALOGO_RVB.png","width":1810,"height":1280,"caption":"Invicta"},"image":{"@id":"https:\/\/www.invicta.fr\/en\/#\/schema\/logo\/image\/"}}]}},"_links":{"self":[{"href":"https:\/\/www.invicta.fr\/en\/wp-json\/wp\/v2\/product\/65198","targetHints":{"allow":["GET"]}}],"collection":[{"href":"https:\/\/www.invicta.fr\/en\/wp-json\/wp\/v2\/product"}],"about":[{"href":"https:\/\/www.invicta.fr\/en\/wp-json\/wp\/v2\/types\/product"}],"wp:featuredmedia":[{"embeddable":true,"href":"https:\/\/www.invicta.fr\/en\/wp-json\/wp\/v2\/media\/48059"}],"wp:attachment":[{"href":"https:\/\/www.invicta.fr\/en\/wp-json\/wp\/v2\/media?parent=65198"}],"wp:term":[{"taxonomy":"product_brand","embeddable":true,"href":"https:\/\/www.invicta.fr\/en\/wp-json\/wp\/v2\/product_brand?post=65198"},{"taxonomy":"product_cat","embeddable":true,"href":"https:\/\/www.invicta.fr\/en\/wp-json\/wp\/v2\/product_cat?post=65198"},{"taxonomy":"product_tag","embeddable":true,"href":"https:\/\/www.invicta.fr\/en\/wp-json\/wp\/v2\/product_tag?post=65198"},{"taxonomy":"plus_produit","embeddable":true,"href":"https:\/\/www.invicta.fr\/en\/wp-json\/wp\/v2\/plus_produit?post=65198"}],"curies":[{"name":"wp","href":"https:\/\/api.w.org\/{rel}","templated":true}]}}