{"id":65727,"date":"2025-01-15T15:53:07","date_gmt":"2025-01-15T14:53:08","guid":{"rendered":"https:\/\/www.invicta.fr\/?post_type=product&#038;p=65727"},"modified":"2025-11-19T12:15:30","modified_gmt":"2025-11-19T11:15:30","slug":"cassette-stove-700-austral","status":"publish","type":"product","link":"https:\/\/www.invicta.fr\/en\/produit\/cassette-stove-700-austral\/","title":{"rendered":"Cassette stove 700 Austral"},"content":{"rendered":"","protected":false},"excerpt":{"rendered":"<p>This model allows you transform your fireplace into an efficient, high-performance heating solution. A warm atmosphere is created in your home. New extra quiet, super powerful turbines. <a rel=\"noopener\" href=\"https:\/\/www.invicta.fr\/en\/produit\/cassette-stove-700-ethera-austral-convection\/\" target=\"_blank\">Available in a natural convection version without turbine.<\/a><\/p>\n","protected":false},"featured_media":57891,"template":"","meta":{"_acf_changed":false},"product_brand":[],"product_cat":[2118,3751,6883],"product_tag":[7106,1302,1300,1299,1301,3752,2090,6830,6638,6843],"plus_produit":[6877,1842,6872,6836,3708,3748,3012,3009],"class_list":{"1":"product","4":"has-post-thumbnail","6":"product_cat-aide-au-choix-en","7":"product_cat-wood-burning-fireplace-inserts-fireplaces-and-inserts","8":"product_cat-inset-stoves","9":"product_tag-en16510-en","10":"product_tag-flamme-verte-en","11":"product_tag-eco-design-2022-en","12":"product_tag-a-ecolabel-en","13":"product_tag-fabrication-francaise-en","14":"product_tag-cast-iron-steel-housing","15":"product_tag-garantie-2-ans-en","16":"product_tag-y-extension-garantie-3ans-en","17":"product_tag-z-credit-tax","18":"product_tag-z-reserve-aux-pros-en","19":"pa_depart-des-fumees-dessus-en","20":"pa_diametre-de-buse-150-mm-en","21":"pa_indice-de-performance-100-en","22":"pa_options-accessoires-hot-air-outlet-sleeves","23":"pa_puissance-8-kw-en","24":"pa_surface-de-chauffe-40-to-100-m","25":"pa_taux-de-co-012-en","26":"pa_volume-de-chauffe-105-to-240-m","27":"plus_produit-adjustable-direct-air-supply","28":"plus_produit-clean-glass-en","29":"plus_produit-diffusion-of-warm-air-by-forced-ventilation-new-turbines","30":"plus_produit-3-year-extended-warranty","31":"plus_produit-intermittent-and-3-hour-extended-burning","32":"plus_produit-optional-sleeves","33":"plus_produit-origine-france-garantie-made-in-france-guarantee","34":"plus_produit-post-combustion-system","36":"first","37":"instock","38":"purchasable","39":"product-type-simple"},"acf":[],"yoast_head":"<!-- This site is optimized with the Yoast SEO plugin v24.7 - https:\/\/yoast.com\/wordpress\/plugins\/seo\/ -->\n<title>Cassette Stove 700 Austral - Chimney | INVICTA<\/title>\n<meta name=\"description\" content=\"Discover the cassette stove 700 Austral, contemporary style, heat output 8kW \u2705 EcoLabel A \u2705 5-year warranty \u2705 Quiet turbines \u2705 Made in France\" \/>\n<meta name=\"robots\" content=\"index, follow, max-snippet:-1, max-image-preview:large, max-video-preview:-1\" \/>\n<link rel=\"canonical\" href=\"https:\/\/www.invicta.fr\/en\/produit\/cassette-stove-700-austral\/\" \/>\n<meta property=\"og:locale\" content=\"en_US\" \/>\n<meta property=\"og:type\" content=\"article\" \/>\n<meta property=\"og:title\" content=\"Cassette Stove 700 Austral - Chimney | INVICTA\" \/>\n<meta property=\"og:description\" content=\"Discover the cassette stove 700 Austral, contemporary style, heat output 8kW \u2705 EcoLabel A \u2705 5-year warranty \u2705 Quiet turbines \u2705 Made in France\" \/>\n<meta property=\"og:url\" content=\"https:\/\/www.invicta.fr\/en\/produit\/cassette-stove-700-austral\/\" \/>\n<meta property=\"og:site_name\" content=\"Invicta\" \/>\n<meta property=\"article:modified_time\" content=\"2025-11-19T11:15:30+00:00\" \/>\n<meta property=\"og:image\" content=\"https:\/\/www.invicta.fr\/wp-content\/uploads\/2023\/09\/C-P967006-ETHERA2-web.jpg\" \/>\n\t<meta property=\"og:image:width\" content=\"900\" \/>\n\t<meta property=\"og:image:height\" content=\"834\" \/>\n\t<meta property=\"og:image:type\" content=\"image\/jpeg\" \/>\n<meta name=\"twitter:card\" content=\"summary_large_image\" \/>\n<script type=\"application\/ld+json\" class=\"yoast-schema-graph\">{\"@context\":\"https:\/\/schema.org\",\"@graph\":[{\"@type\":\"WebPage\",\"@id\":\"https:\/\/www.invicta.fr\/en\/produit\/cassette-stove-700-austral\/\",\"url\":\"https:\/\/www.invicta.fr\/en\/produit\/cassette-stove-700-austral\/\",\"name\":\"Cassette Stove 700 Austral - Chimney | INVICTA\",\"isPartOf\":{\"@id\":\"https:\/\/www.invicta.fr\/en\/#website\"},\"primaryImageOfPage\":{\"@id\":\"https:\/\/www.invicta.fr\/en\/produit\/cassette-stove-700-austral\/#primaryimage\"},\"image\":{\"@id\":\"https:\/\/www.invicta.fr\/en\/produit\/cassette-stove-700-austral\/#primaryimage\"},\"thumbnailUrl\":\"https:\/\/www.invicta.fr\/wp-content\/uploads\/2023\/09\/C-P967006-ETHERA2-web.jpg\",\"datePublished\":\"2025-01-15T14:53:08+00:00\",\"dateModified\":\"2025-11-19T11:15:30+00:00\",\"description\":\"Discover the cassette stove 700 Austral, contemporary style, heat output 8kW \u2705 EcoLabel A \u2705 5-year warranty \u2705 Quiet turbines \u2705 Made in France\",\"breadcrumb\":{\"@id\":\"https:\/\/www.invicta.fr\/en\/produit\/cassette-stove-700-austral\/#breadcrumb\"},\"inLanguage\":\"en-US\",\"potentialAction\":[{\"@type\":\"ReadAction\",\"target\":[\"https:\/\/www.invicta.fr\/en\/produit\/cassette-stove-700-austral\/\"]}]},{\"@type\":\"ImageObject\",\"inLanguage\":\"en-US\",\"@id\":\"https:\/\/www.invicta.fr\/en\/produit\/cassette-stove-700-austral\/#primaryimage\",\"url\":\"https:\/\/www.invicta.fr\/wp-content\/uploads\/2023\/09\/C-P967006-ETHERA2-web.jpg\",\"contentUrl\":\"https:\/\/www.invicta.fr\/wp-content\/uploads\/2023\/09\/C-P967006-ETHERA2-web.jpg\",\"width\":900,\"height\":834},{\"@type\":\"BreadcrumbList\",\"@id\":\"https:\/\/www.invicta.fr\/en\/produit\/cassette-stove-700-austral\/#breadcrumb\",\"itemListElement\":[{\"@type\":\"ListItem\",\"position\":1,\"name\":\"Home\",\"item\":\"https:\/\/www.invicta.fr\/en\/\"},{\"@type\":\"ListItem\",\"position\":2,\"name\":\"Products\",\"item\":\"https:\/\/www.invicta.fr\/en\/shop\/\"},{\"@type\":\"ListItem\",\"position\":3,\"name\":\"Fireplaces and inserts\",\"item\":\"https:\/\/www.invicta.fr\/en\/categorie-produit\/fireplaces-and-inserts\/\"},{\"@type\":\"ListItem\",\"position\":4,\"name\":\"Wood Burning Fireplace Inserts\",\"item\":\"https:\/\/www.invicta.fr\/en\/categorie-produit\/fireplaces-and-inserts\/wood-burning-fireplace-inserts-fireplaces-and-inserts\/\"},{\"@type\":\"ListItem\",\"position\":5,\"name\":\"Cassette stove 700 Austral\"}]},{\"@type\":\"WebSite\",\"@id\":\"https:\/\/www.invicta.fr\/en\/#website\",\"url\":\"https:\/\/www.invicta.fr\/en\/\",\"name\":\"Invicta\",\"description\":\"Fabricant fran\u00e7ais, sp\u00e9cialiste europ\u00e9en du chauffage au bois : po\u00eales \u00e0 bois et \u00e0 granul\u00e9s, chemin\u00e9es, foyers et inserts\",\"publisher\":{\"@id\":\"https:\/\/www.invicta.fr\/en\/#organization\"},\"potentialAction\":[{\"@type\":\"SearchAction\",\"target\":{\"@type\":\"EntryPoint\",\"urlTemplate\":\"https:\/\/www.invicta.fr\/en\/?s={search_term_string}\"},\"query-input\":{\"@type\":\"PropertyValueSpecification\",\"valueRequired\":true,\"valueName\":\"search_term_string\"}}],\"inLanguage\":\"en-US\"},{\"@type\":\"Organization\",\"@id\":\"https:\/\/www.invicta.fr\/en\/#organization\",\"name\":\"Invicta\",\"url\":\"https:\/\/www.invicta.fr\/en\/\",\"logo\":{\"@type\":\"ImageObject\",\"inLanguage\":\"en-US\",\"@id\":\"https:\/\/www.invicta.fr\/en\/#\/schema\/logo\/image\/\",\"url\":\"https:\/\/www.invicta.fr\/wp-content\/uploads\/2019\/06\/INVICTALOGO_RVB.png\",\"contentUrl\":\"https:\/\/www.invicta.fr\/wp-content\/uploads\/2019\/06\/INVICTALOGO_RVB.png\",\"width\":1810,\"height\":1280,\"caption\":\"Invicta\"},\"image\":{\"@id\":\"https:\/\/www.invicta.fr\/en\/#\/schema\/logo\/image\/\"}}]}<\/script>\n<!-- \/ Yoast SEO plugin. -->","yoast_head_json":{"title":"Cassette Stove 700 Austral - Chimney | INVICTA","description":"Discover the cassette stove 700 Austral, contemporary style, heat output 8kW \u2705 EcoLabel A \u2705 5-year warranty \u2705 Quiet turbines \u2705 Made in France","robots":{"index":"index","follow":"follow","max-snippet":"max-snippet:-1","max-image-preview":"max-image-preview:large","max-video-preview":"max-video-preview:-1"},"canonical":"https:\/\/www.invicta.fr\/en\/produit\/cassette-stove-700-austral\/","og_locale":"en_US","og_type":"article","og_title":"Cassette Stove 700 Austral - Chimney | INVICTA","og_description":"Discover the cassette stove 700 Austral, contemporary style, heat output 8kW \u2705 EcoLabel A \u2705 5-year warranty \u2705 Quiet turbines \u2705 Made in France","og_url":"https:\/\/www.invicta.fr\/en\/produit\/cassette-stove-700-austral\/","og_site_name":"Invicta","article_modified_time":"2025-11-19T11:15:30+00:00","og_image":[{"width":900,"height":834,"url":"https:\/\/www.invicta.fr\/wp-content\/uploads\/2023\/09\/C-P967006-ETHERA2-web.jpg","type":"image\/jpeg"}],"twitter_card":"summary_large_image","schema":{"@context":"https:\/\/schema.org","@graph":[{"@type":"WebPage","@id":"https:\/\/www.invicta.fr\/en\/produit\/cassette-stove-700-austral\/","url":"https:\/\/www.invicta.fr\/en\/produit\/cassette-stove-700-austral\/","name":"Cassette Stove 700 Austral - Chimney | INVICTA","isPartOf":{"@id":"https:\/\/www.invicta.fr\/en\/#website"},"primaryImageOfPage":{"@id":"https:\/\/www.invicta.fr\/en\/produit\/cassette-stove-700-austral\/#primaryimage"},"image":{"@id":"https:\/\/www.invicta.fr\/en\/produit\/cassette-stove-700-austral\/#primaryimage"},"thumbnailUrl":"https:\/\/www.invicta.fr\/wp-content\/uploads\/2023\/09\/C-P967006-ETHERA2-web.jpg","datePublished":"2025-01-15T14:53:08+00:00","dateModified":"2025-11-19T11:15:30+00:00","description":"Discover the cassette stove 700 Austral, contemporary style, heat output 8kW \u2705 EcoLabel A \u2705 5-year warranty \u2705 Quiet turbines \u2705 Made in France","breadcrumb":{"@id":"https:\/\/www.invicta.fr\/en\/produit\/cassette-stove-700-austral\/#breadcrumb"},"inLanguage":"en-US","potentialAction":[{"@type":"ReadAction","target":["https:\/\/www.invicta.fr\/en\/produit\/cassette-stove-700-austral\/"]}]},{"@type":"ImageObject","inLanguage":"en-US","@id":"https:\/\/www.invicta.fr\/en\/produit\/cassette-stove-700-austral\/#primaryimage","url":"https:\/\/www.invicta.fr\/wp-content\/uploads\/2023\/09\/C-P967006-ETHERA2-web.jpg","contentUrl":"https:\/\/www.invicta.fr\/wp-content\/uploads\/2023\/09\/C-P967006-ETHERA2-web.jpg","width":900,"height":834},{"@type":"BreadcrumbList","@id":"https:\/\/www.invicta.fr\/en\/produit\/cassette-stove-700-austral\/#breadcrumb","itemListElement":[{"@type":"ListItem","position":1,"name":"Home","item":"https:\/\/www.invicta.fr\/en\/"},{"@type":"ListItem","position":2,"name":"Products","item":"https:\/\/www.invicta.fr\/en\/shop\/"},{"@type":"ListItem","position":3,"name":"Fireplaces and inserts","item":"https:\/\/www.invicta.fr\/en\/categorie-produit\/fireplaces-and-inserts\/"},{"@type":"ListItem","position":4,"name":"Wood Burning Fireplace Inserts","item":"https:\/\/www.invicta.fr\/en\/categorie-produit\/fireplaces-and-inserts\/wood-burning-fireplace-inserts-fireplaces-and-inserts\/"},{"@type":"ListItem","position":5,"name":"Cassette stove 700 Austral"}]},{"@type":"WebSite","@id":"https:\/\/www.invicta.fr\/en\/#website","url":"https:\/\/www.invicta.fr\/en\/","name":"Invicta","description":"Fabricant fran\u00e7ais, sp\u00e9cialiste europ\u00e9en du chauffage au bois : po\u00eales \u00e0 bois et \u00e0 granul\u00e9s, chemin\u00e9es, foyers et inserts","publisher":{"@id":"https:\/\/www.invicta.fr\/en\/#organization"},"potentialAction":[{"@type":"SearchAction","target":{"@type":"EntryPoint","urlTemplate":"https:\/\/www.invicta.fr\/en\/?s={search_term_string}"},"query-input":{"@type":"PropertyValueSpecification","valueRequired":true,"valueName":"search_term_string"}}],"inLanguage":"en-US"},{"@type":"Organization","@id":"https:\/\/www.invicta.fr\/en\/#organization","name":"Invicta","url":"https:\/\/www.invicta.fr\/en\/","logo":{"@type":"ImageObject","inLanguage":"en-US","@id":"https:\/\/www.invicta.fr\/en\/#\/schema\/logo\/image\/","url":"https:\/\/www.invicta.fr\/wp-content\/uploads\/2019\/06\/INVICTALOGO_RVB.png","contentUrl":"https:\/\/www.invicta.fr\/wp-content\/uploads\/2019\/06\/INVICTALOGO_RVB.png","width":1810,"height":1280,"caption":"Invicta"},"image":{"@id":"https:\/\/www.invicta.fr\/en\/#\/schema\/logo\/image\/"}}]}},"_links":{"self":[{"href":"https:\/\/www.invicta.fr\/en\/wp-json\/wp\/v2\/product\/65727","targetHints":{"allow":["GET"]}}],"collection":[{"href":"https:\/\/www.invicta.fr\/en\/wp-json\/wp\/v2\/product"}],"about":[{"href":"https:\/\/www.invicta.fr\/en\/wp-json\/wp\/v2\/types\/product"}],"wp:featuredmedia":[{"embeddable":true,"href":"https:\/\/www.invicta.fr\/en\/wp-json\/wp\/v2\/media\/57891"}],"wp:attachment":[{"href":"https:\/\/www.invicta.fr\/en\/wp-json\/wp\/v2\/media?parent=65727"}],"wp:term":[{"taxonomy":"product_brand","embeddable":true,"href":"https:\/\/www.invicta.fr\/en\/wp-json\/wp\/v2\/product_brand?post=65727"},{"taxonomy":"product_cat","embeddable":true,"href":"https:\/\/www.invicta.fr\/en\/wp-json\/wp\/v2\/product_cat?post=65727"},{"taxonomy":"product_tag","embeddable":true,"href":"https:\/\/www.invicta.fr\/en\/wp-json\/wp\/v2\/product_tag?post=65727"},{"taxonomy":"plus_produit","embeddable":true,"href":"https:\/\/www.invicta.fr\/en\/wp-json\/wp\/v2\/plus_produit?post=65727"}],"curies":[{"name":"wp","href":"https:\/\/api.w.org\/{rel}","templated":true}]}}