{"id":66279,"date":"2025-02-26T16:53:31","date_gmt":"2025-02-26T15:53:33","guid":{"rendered":"https:\/\/www.invicta.fr\/?post_type=product&#038;p=66279"},"modified":"2026-02-24T13:37:15","modified_gmt":"2026-02-24T12:37:15","slug":"teramo-plus-hydro-airtight-pellet-stove","status":"publish","type":"product","link":"https:\/\/www.invicta.fr\/en\/produit\/teramo-plus-hydro-airtight-pellet-stove\/","title":{"rendered":"Teramo Plus Hydro Airtight pellet stove"},"content":{"rendered":"","protected":false},"excerpt":{"rendered":"<p>Available in 3 different colors, the Teramo Plus hydro and airtight pellet stove is ideal for distributing heat to several rooms. It can be connected to a hydraulic radiator heating system.<\/p>\n","protected":false},"featured_media":66294,"template":"","meta":{"_acf_changed":false},"product_brand":[],"product_cat":[2118,3076,5948,5945,5950,5947],"product_tag":[7106,1302,1300,7040,2088,2090,6827,6638],"plus_produit":[6842,3074,2982,2980,3491,2081],"class_list":{"1":"product","4":"has-post-thumbnail","6":"product_cat-aide-au-choix-en","7":"product_cat-pellet-stoves-pellet-stoves-en","8":"product_cat-autonomous-pellet-stoves","9":"product_cat-programmable-pellet-stoves","10":"product_cat-contemporary-pellet-stoves","11":"product_cat-modern-pellet-stoves","12":"product_tag-en16510-en","13":"product_tag-flamme-verte-en","14":"product_tag-eco-design-2022-en","15":"product_tag-3-a-ecolabel-en","16":"product_tag-air-tight-connectable","17":"product_tag-garantie-2-ans-en","18":"product_tag-y-garantie-extension-1-an-en","19":"product_tag-z-credit-tax","20":"pa_depart-des-fumees-arriere-en","21":"pa_diametre-de-buse-80-mm-en","22":"plus_produit-extension-de-garantie-1-an-en-2","23":"plus_produit-hourly-schedule","24":"plus_produit-optional-external-thermostat-control-not-included","25":"plus_produit-power-5-or-room-temperature-control","26":"plus_produit-standby","27":"plus_produit-ventilator-for-hot-air-output","29":"first","30":"instock","31":"shipping-taxable","32":"product-type-variable","33":"has-default-attributes"},"acf":[],"yoast_head":"<!-- This site is optimized with the Yoast SEO plugin v24.7 - https:\/\/yoast.com\/wordpress\/plugins\/seo\/ -->\n<title>Teramo Plus hydro airtight pellet stove | INVICTA<\/title>\n<meta name=\"description\" content=\"Discover the Teramo Plus hydro and airtight pellet stove with 17kW heating power \u2705 2-year warranty\u2705 EcoLabel A ++ \u2705 Eco Design 2022\u2705\" \/>\n<meta name=\"robots\" content=\"index, follow, max-snippet:-1, max-image-preview:large, max-video-preview:-1\" \/>\n<link rel=\"canonical\" href=\"https:\/\/www.invicta.fr\/en\/produit\/teramo-plus-hydro-airtight-pellet-stove\/\" \/>\n<meta property=\"og:locale\" content=\"en_US\" \/>\n<meta property=\"og:type\" content=\"article\" \/>\n<meta property=\"og:title\" content=\"Teramo Plus hydro airtight pellet stove | INVICTA\" \/>\n<meta property=\"og:description\" content=\"Discover the Teramo Plus hydro and airtight pellet stove with 17kW heating power \u2705 2-year warranty\u2705 EcoLabel A ++ \u2705 Eco Design 2022\u2705\" \/>\n<meta property=\"og:url\" content=\"https:\/\/www.invicta.fr\/en\/produit\/teramo-plus-hydro-airtight-pellet-stove\/\" \/>\n<meta property=\"og:site_name\" content=\"Invicta\" \/>\n<meta property=\"article:modified_time\" content=\"2026-02-24T12:37:15+00:00\" \/>\n<meta name=\"twitter:card\" content=\"summary_large_image\" \/>\n<script type=\"application\/ld+json\" class=\"yoast-schema-graph\">{\"@context\":\"https:\/\/schema.org\",\"@graph\":[{\"@type\":\"WebPage\",\"@id\":\"https:\/\/www.invicta.fr\/en\/produit\/teramo-plus-hydro-airtight-pellet-stove\/\",\"url\":\"https:\/\/www.invicta.fr\/en\/produit\/teramo-plus-hydro-airtight-pellet-stove\/\",\"name\":\"Teramo Plus hydro airtight pellet stove | INVICTA\",\"isPartOf\":{\"@id\":\"https:\/\/www.invicta.fr\/en\/#website\"},\"primaryImageOfPage\":{\"@id\":\"https:\/\/www.invicta.fr\/en\/produit\/teramo-plus-hydro-airtight-pellet-stove\/#primaryimage\"},\"image\":{\"@id\":\"https:\/\/www.invicta.fr\/en\/produit\/teramo-plus-hydro-airtight-pellet-stove\/#primaryimage\"},\"thumbnailUrl\":\"https:\/\/www.invicta.fr\/wp-content\/uploads\/2025\/02\/C_P644678_TERAMO_gris_web.jpg\",\"datePublished\":\"2025-02-26T15:53:33+00:00\",\"dateModified\":\"2026-02-24T12:37:15+00:00\",\"description\":\"Discover the Teramo Plus hydro and airtight pellet stove with 17kW heating power \u2705 2-year warranty\u2705 EcoLabel A ++ \u2705 Eco Design 2022\u2705\",\"breadcrumb\":{\"@id\":\"https:\/\/www.invicta.fr\/en\/produit\/teramo-plus-hydro-airtight-pellet-stove\/#breadcrumb\"},\"inLanguage\":\"en-US\",\"potentialAction\":[{\"@type\":\"ReadAction\",\"target\":[\"https:\/\/www.invicta.fr\/en\/produit\/teramo-plus-hydro-airtight-pellet-stove\/\"]}]},{\"@type\":\"ImageObject\",\"inLanguage\":\"en-US\",\"@id\":\"https:\/\/www.invicta.fr\/en\/produit\/teramo-plus-hydro-airtight-pellet-stove\/#primaryimage\",\"url\":\"https:\/\/www.invicta.fr\/wp-content\/uploads\/2025\/02\/C_P644678_TERAMO_gris_web.jpg\",\"contentUrl\":\"https:\/\/www.invicta.fr\/wp-content\/uploads\/2025\/02\/C_P644678_TERAMO_gris_web.jpg\",\"width\":700,\"height\":700},{\"@type\":\"BreadcrumbList\",\"@id\":\"https:\/\/www.invicta.fr\/en\/produit\/teramo-plus-hydro-airtight-pellet-stove\/#breadcrumb\",\"itemListElement\":[{\"@type\":\"ListItem\",\"position\":1,\"name\":\"Home\",\"item\":\"https:\/\/www.invicta.fr\/en\/\"},{\"@type\":\"ListItem\",\"position\":2,\"name\":\"Products\",\"item\":\"https:\/\/www.invicta.fr\/en\/shop\/\"},{\"@type\":\"ListItem\",\"position\":3,\"name\":\"Pellet Stoves\",\"item\":\"https:\/\/www.invicta.fr\/en\/categorie-produit\/pellet-stoves-en\/\"},{\"@type\":\"ListItem\",\"position\":4,\"name\":\"Pellet Stoves\",\"item\":\"https:\/\/www.invicta.fr\/en\/categorie-produit\/pellet-stoves-en\/pellet-stoves-pellet-stoves-en\/\"},{\"@type\":\"ListItem\",\"position\":5,\"name\":\"Teramo Plus Hydro Airtight pellet stove\"}]},{\"@type\":\"WebSite\",\"@id\":\"https:\/\/www.invicta.fr\/en\/#website\",\"url\":\"https:\/\/www.invicta.fr\/en\/\",\"name\":\"Invicta\",\"description\":\"Fabricant fran\u00e7ais, sp\u00e9cialiste europ\u00e9en du chauffage au bois : po\u00eales \u00e0 bois et \u00e0 granul\u00e9s, chemin\u00e9es, foyers et inserts\",\"publisher\":{\"@id\":\"https:\/\/www.invicta.fr\/en\/#organization\"},\"potentialAction\":[{\"@type\":\"SearchAction\",\"target\":{\"@type\":\"EntryPoint\",\"urlTemplate\":\"https:\/\/www.invicta.fr\/en\/?s={search_term_string}\"},\"query-input\":{\"@type\":\"PropertyValueSpecification\",\"valueRequired\":true,\"valueName\":\"search_term_string\"}}],\"inLanguage\":\"en-US\"},{\"@type\":\"Organization\",\"@id\":\"https:\/\/www.invicta.fr\/en\/#organization\",\"name\":\"Invicta\",\"url\":\"https:\/\/www.invicta.fr\/en\/\",\"logo\":{\"@type\":\"ImageObject\",\"inLanguage\":\"en-US\",\"@id\":\"https:\/\/www.invicta.fr\/en\/#\/schema\/logo\/image\/\",\"url\":\"https:\/\/www.invicta.fr\/wp-content\/uploads\/2019\/06\/INVICTALOGO_RVB.png\",\"contentUrl\":\"https:\/\/www.invicta.fr\/wp-content\/uploads\/2019\/06\/INVICTALOGO_RVB.png\",\"width\":1810,\"height\":1280,\"caption\":\"Invicta\"},\"image\":{\"@id\":\"https:\/\/www.invicta.fr\/en\/#\/schema\/logo\/image\/\"}}]}<\/script>\n<!-- \/ Yoast SEO plugin. -->","yoast_head_json":{"title":"Teramo Plus hydro airtight pellet stove | INVICTA","description":"Discover the Teramo Plus hydro and airtight pellet stove with 17kW heating power \u2705 2-year warranty\u2705 EcoLabel A ++ \u2705 Eco Design 2022\u2705","robots":{"index":"index","follow":"follow","max-snippet":"max-snippet:-1","max-image-preview":"max-image-preview:large","max-video-preview":"max-video-preview:-1"},"canonical":"https:\/\/www.invicta.fr\/en\/produit\/teramo-plus-hydro-airtight-pellet-stove\/","og_locale":"en_US","og_type":"article","og_title":"Teramo Plus hydro airtight pellet stove | INVICTA","og_description":"Discover the Teramo Plus hydro and airtight pellet stove with 17kW heating power \u2705 2-year warranty\u2705 EcoLabel A ++ \u2705 Eco Design 2022\u2705","og_url":"https:\/\/www.invicta.fr\/en\/produit\/teramo-plus-hydro-airtight-pellet-stove\/","og_site_name":"Invicta","article_modified_time":"2026-02-24T12:37:15+00:00","twitter_card":"summary_large_image","schema":{"@context":"https:\/\/schema.org","@graph":[{"@type":"WebPage","@id":"https:\/\/www.invicta.fr\/en\/produit\/teramo-plus-hydro-airtight-pellet-stove\/","url":"https:\/\/www.invicta.fr\/en\/produit\/teramo-plus-hydro-airtight-pellet-stove\/","name":"Teramo Plus hydro airtight pellet stove | INVICTA","isPartOf":{"@id":"https:\/\/www.invicta.fr\/en\/#website"},"primaryImageOfPage":{"@id":"https:\/\/www.invicta.fr\/en\/produit\/teramo-plus-hydro-airtight-pellet-stove\/#primaryimage"},"image":{"@id":"https:\/\/www.invicta.fr\/en\/produit\/teramo-plus-hydro-airtight-pellet-stove\/#primaryimage"},"thumbnailUrl":"https:\/\/www.invicta.fr\/wp-content\/uploads\/2025\/02\/C_P644678_TERAMO_gris_web.jpg","datePublished":"2025-02-26T15:53:33+00:00","dateModified":"2026-02-24T12:37:15+00:00","description":"Discover the Teramo Plus hydro and airtight pellet stove with 17kW heating power \u2705 2-year warranty\u2705 EcoLabel A ++ \u2705 Eco Design 2022\u2705","breadcrumb":{"@id":"https:\/\/www.invicta.fr\/en\/produit\/teramo-plus-hydro-airtight-pellet-stove\/#breadcrumb"},"inLanguage":"en-US","potentialAction":[{"@type":"ReadAction","target":["https:\/\/www.invicta.fr\/en\/produit\/teramo-plus-hydro-airtight-pellet-stove\/"]}]},{"@type":"ImageObject","inLanguage":"en-US","@id":"https:\/\/www.invicta.fr\/en\/produit\/teramo-plus-hydro-airtight-pellet-stove\/#primaryimage","url":"https:\/\/www.invicta.fr\/wp-content\/uploads\/2025\/02\/C_P644678_TERAMO_gris_web.jpg","contentUrl":"https:\/\/www.invicta.fr\/wp-content\/uploads\/2025\/02\/C_P644678_TERAMO_gris_web.jpg","width":700,"height":700},{"@type":"BreadcrumbList","@id":"https:\/\/www.invicta.fr\/en\/produit\/teramo-plus-hydro-airtight-pellet-stove\/#breadcrumb","itemListElement":[{"@type":"ListItem","position":1,"name":"Home","item":"https:\/\/www.invicta.fr\/en\/"},{"@type":"ListItem","position":2,"name":"Products","item":"https:\/\/www.invicta.fr\/en\/shop\/"},{"@type":"ListItem","position":3,"name":"Pellet Stoves","item":"https:\/\/www.invicta.fr\/en\/categorie-produit\/pellet-stoves-en\/"},{"@type":"ListItem","position":4,"name":"Pellet Stoves","item":"https:\/\/www.invicta.fr\/en\/categorie-produit\/pellet-stoves-en\/pellet-stoves-pellet-stoves-en\/"},{"@type":"ListItem","position":5,"name":"Teramo Plus Hydro Airtight pellet stove"}]},{"@type":"WebSite","@id":"https:\/\/www.invicta.fr\/en\/#website","url":"https:\/\/www.invicta.fr\/en\/","name":"Invicta","description":"Fabricant fran\u00e7ais, sp\u00e9cialiste europ\u00e9en du chauffage au bois : po\u00eales \u00e0 bois et \u00e0 granul\u00e9s, chemin\u00e9es, foyers et inserts","publisher":{"@id":"https:\/\/www.invicta.fr\/en\/#organization"},"potentialAction":[{"@type":"SearchAction","target":{"@type":"EntryPoint","urlTemplate":"https:\/\/www.invicta.fr\/en\/?s={search_term_string}"},"query-input":{"@type":"PropertyValueSpecification","valueRequired":true,"valueName":"search_term_string"}}],"inLanguage":"en-US"},{"@type":"Organization","@id":"https:\/\/www.invicta.fr\/en\/#organization","name":"Invicta","url":"https:\/\/www.invicta.fr\/en\/","logo":{"@type":"ImageObject","inLanguage":"en-US","@id":"https:\/\/www.invicta.fr\/en\/#\/schema\/logo\/image\/","url":"https:\/\/www.invicta.fr\/wp-content\/uploads\/2019\/06\/INVICTALOGO_RVB.png","contentUrl":"https:\/\/www.invicta.fr\/wp-content\/uploads\/2019\/06\/INVICTALOGO_RVB.png","width":1810,"height":1280,"caption":"Invicta"},"image":{"@id":"https:\/\/www.invicta.fr\/en\/#\/schema\/logo\/image\/"}}]}},"_links":{"self":[{"href":"https:\/\/www.invicta.fr\/en\/wp-json\/wp\/v2\/product\/66279","targetHints":{"allow":["GET"]}}],"collection":[{"href":"https:\/\/www.invicta.fr\/en\/wp-json\/wp\/v2\/product"}],"about":[{"href":"https:\/\/www.invicta.fr\/en\/wp-json\/wp\/v2\/types\/product"}],"wp:featuredmedia":[{"embeddable":true,"href":"https:\/\/www.invicta.fr\/en\/wp-json\/wp\/v2\/media\/66294"}],"wp:attachment":[{"href":"https:\/\/www.invicta.fr\/en\/wp-json\/wp\/v2\/media?parent=66279"}],"wp:term":[{"taxonomy":"product_brand","embeddable":true,"href":"https:\/\/www.invicta.fr\/en\/wp-json\/wp\/v2\/product_brand?post=66279"},{"taxonomy":"product_cat","embeddable":true,"href":"https:\/\/www.invicta.fr\/en\/wp-json\/wp\/v2\/product_cat?post=66279"},{"taxonomy":"product_tag","embeddable":true,"href":"https:\/\/www.invicta.fr\/en\/wp-json\/wp\/v2\/product_tag?post=66279"},{"taxonomy":"plus_produit","embeddable":true,"href":"https:\/\/www.invicta.fr\/en\/wp-json\/wp\/v2\/plus_produit?post=66279"}],"curies":[{"name":"wp","href":"https:\/\/api.w.org\/{rel}","templated":true}]}}