{"id":67339,"date":"2025-05-23T10:54:04","date_gmt":"2025-05-23T08:54:05","guid":{"rendered":"https:\/\/www.invicta.fr\/?post_type=product&#038;p=67339"},"modified":"2026-02-24T13:18:21","modified_gmt":"2026-02-24T12:18:21","slug":"mira-10-wi-fi-pellet-stove","status":"publish","type":"product","link":"https:\/\/www.invicta.fr\/en\/produit\/mira-10-wi-fi-pellet-stove\/","title":{"rendered":"MIRA 10 Wi-Fi Pellet Stove"},"content":{"rendered":"","protected":false},"excerpt":{"rendered":"<p>Curtain up on a magnificent display of flames. A high-performance player in your heating system, Mira 10 inspires wonder with its unique and very trendy black metal casing.<\/p>\n","protected":false},"featured_media":67351,"template":"","meta":{"_acf_changed":false},"product_brand":[],"product_cat":[2118,3076,5946,5948,5945,5959,5950,5947],"product_tag":[7106,1302,1300,2089,6960,6430,2090,6827,6638,6843],"plus_produit":[6842,3074,6424,2982,2980,3491,2081],"class_list":{"1":"product","4":"has-post-thumbnail","6":"product_cat-aide-au-choix-en","7":"product_cat-pellet-stoves-pellet-stoves-en","8":"product_cat-10-kw-pellet-stoves","9":"product_cat-autonomous-pellet-stoves","10":"product_cat-programmable-pellet-stoves","11":"product_cat-design-pellet-stoves","12":"product_cat-contemporary-pellet-stoves","13":"product_cat-modern-pellet-stoves","14":"product_tag-en16510-en","15":"product_tag-flamme-verte-en","16":"product_tag-eco-design-2022-en","17":"product_tag-a-ecolabel-en-2","18":"product_tag-new","19":"product_tag-standard-wifi","20":"product_tag-garantie-2-ans-en","21":"product_tag-y-garantie-extension-1-an-en","22":"product_tag-z-credit-tax","23":"product_tag-z-reserve-aux-pros-en","24":"pa_autonomie-maximum-245-en","25":"pa_autonomie-minimum-7137","26":"pa_capacite-de-la-tremie-16-5-kg-en","27":"pa_consommation-0-67-to-2-31-kg-hour","28":"pa_depart-des-fumees-arriere-en","29":"pa_diametre-de-buse-80-mm-en","30":"pa_indice-de-performance-125-en","31":"pa_modulation-de-puissance-3-to-9-5-kw","32":"pa_puissance-9-5-kw","33":"pa_surface-de-chauffe-35-to-120-m","34":"pa_volume-de-chauffe-85-to-300-m","35":"plus_produit-extension-de-garantie-1-an-en-2","36":"plus_produit-hourly-schedule","37":"plus_produit-integrated-wifi","38":"plus_produit-optional-external-thermostat-control-not-included","39":"plus_produit-power-5-or-room-temperature-control","40":"plus_produit-standby","41":"plus_produit-ventilator-for-hot-air-output","43":"first","44":"instock","45":"product-type-simple"},"acf":[],"yoast_head":"<!-- This site is optimized with the Yoast SEO plugin v24.7 - https:\/\/yoast.com\/wordpress\/plugins\/seo\/ -->\n<title>MIRA 10 Wi-Fi pellet stove - Pellet stove | INVICTA<\/title>\n<meta name=\"description\" content=\"Fall for the Mira 10 Wi-Fi Pellet Stove, Contemporary Style, Power 9.5kW \u2705 3 colors to choose from \u2705 Flamme Verte 7\u2b50 2-year warranty \u2705\" \/>\n<meta name=\"robots\" content=\"index, follow, max-snippet:-1, max-image-preview:large, max-video-preview:-1\" \/>\n<link rel=\"canonical\" href=\"https:\/\/www.invicta.fr\/en\/produit\/mira-10-wi-fi-pellet-stove\/\" \/>\n<meta property=\"og:locale\" content=\"en_US\" \/>\n<meta property=\"og:type\" content=\"article\" \/>\n<meta property=\"og:title\" content=\"MIRA 10 Wi-Fi pellet stove - Pellet stove | INVICTA\" \/>\n<meta property=\"og:description\" content=\"Fall for the Mira 10 Wi-Fi Pellet Stove, Contemporary Style, Power 9.5kW \u2705 3 colors to choose from \u2705 Flamme Verte 7\u2b50 2-year warranty \u2705\" \/>\n<meta property=\"og:url\" content=\"https:\/\/www.invicta.fr\/en\/produit\/mira-10-wi-fi-pellet-stove\/\" \/>\n<meta property=\"og:site_name\" content=\"Invicta\" \/>\n<meta property=\"article:modified_time\" content=\"2026-02-24T12:18:21+00:00\" \/>\n<meta property=\"og:image\" content=\"https:\/\/www.invicta.fr\/wp-content\/uploads\/2025\/05\/C-MIRA10_WiFi_noir.jpg\" \/>\n\t<meta property=\"og:image:width\" content=\"1156\" \/>\n\t<meta property=\"og:image:height\" content=\"1929\" \/>\n\t<meta property=\"og:image:type\" content=\"image\/jpeg\" \/>\n<meta name=\"twitter:card\" content=\"summary_large_image\" \/>\n<script type=\"application\/ld+json\" class=\"yoast-schema-graph\">{\"@context\":\"https:\/\/schema.org\",\"@graph\":[{\"@type\":\"WebPage\",\"@id\":\"https:\/\/www.invicta.fr\/en\/produit\/mira-10-wi-fi-pellet-stove\/\",\"url\":\"https:\/\/www.invicta.fr\/en\/produit\/mira-10-wi-fi-pellet-stove\/\",\"name\":\"MIRA 10 Wi-Fi pellet stove - Pellet stove | INVICTA\",\"isPartOf\":{\"@id\":\"https:\/\/www.invicta.fr\/en\/#website\"},\"primaryImageOfPage\":{\"@id\":\"https:\/\/www.invicta.fr\/en\/produit\/mira-10-wi-fi-pellet-stove\/#primaryimage\"},\"image\":{\"@id\":\"https:\/\/www.invicta.fr\/en\/produit\/mira-10-wi-fi-pellet-stove\/#primaryimage\"},\"thumbnailUrl\":\"https:\/\/www.invicta.fr\/wp-content\/uploads\/2025\/05\/C-MIRA10_WiFi_noir.jpg\",\"datePublished\":\"2025-05-23T08:54:05+00:00\",\"dateModified\":\"2026-02-24T12:18:21+00:00\",\"description\":\"Fall for the Mira 10 Wi-Fi Pellet Stove, Contemporary Style, Power 9.5kW \u2705 3 colors to choose from \u2705 Flamme Verte 7\u2b50 2-year warranty \u2705\",\"breadcrumb\":{\"@id\":\"https:\/\/www.invicta.fr\/en\/produit\/mira-10-wi-fi-pellet-stove\/#breadcrumb\"},\"inLanguage\":\"en-US\",\"potentialAction\":[{\"@type\":\"ReadAction\",\"target\":[\"https:\/\/www.invicta.fr\/en\/produit\/mira-10-wi-fi-pellet-stove\/\"]}]},{\"@type\":\"ImageObject\",\"inLanguage\":\"en-US\",\"@id\":\"https:\/\/www.invicta.fr\/en\/produit\/mira-10-wi-fi-pellet-stove\/#primaryimage\",\"url\":\"https:\/\/www.invicta.fr\/wp-content\/uploads\/2025\/05\/C-MIRA10_WiFi_noir.jpg\",\"contentUrl\":\"https:\/\/www.invicta.fr\/wp-content\/uploads\/2025\/05\/C-MIRA10_WiFi_noir.jpg\",\"width\":1156,\"height\":1929,\"caption\":\"Mira\"},{\"@type\":\"BreadcrumbList\",\"@id\":\"https:\/\/www.invicta.fr\/en\/produit\/mira-10-wi-fi-pellet-stove\/#breadcrumb\",\"itemListElement\":[{\"@type\":\"ListItem\",\"position\":1,\"name\":\"Home\",\"item\":\"https:\/\/www.invicta.fr\/en\/\"},{\"@type\":\"ListItem\",\"position\":2,\"name\":\"Products\",\"item\":\"https:\/\/www.invicta.fr\/en\/shop\/\"},{\"@type\":\"ListItem\",\"position\":3,\"name\":\"Pellet Stoves\",\"item\":\"https:\/\/www.invicta.fr\/en\/categorie-produit\/pellet-stoves-en\/\"},{\"@type\":\"ListItem\",\"position\":4,\"name\":\"Pellet Stoves\",\"item\":\"https:\/\/www.invicta.fr\/en\/categorie-produit\/pellet-stoves-en\/pellet-stoves-pellet-stoves-en\/\"},{\"@type\":\"ListItem\",\"position\":5,\"name\":\"MIRA 10 Wi-Fi Pellet Stove\"}]},{\"@type\":\"WebSite\",\"@id\":\"https:\/\/www.invicta.fr\/en\/#website\",\"url\":\"https:\/\/www.invicta.fr\/en\/\",\"name\":\"Invicta\",\"description\":\"Fabricant fran\u00e7ais, sp\u00e9cialiste europ\u00e9en du chauffage au bois : po\u00eales \u00e0 bois et \u00e0 granul\u00e9s, chemin\u00e9es, foyers et inserts\",\"publisher\":{\"@id\":\"https:\/\/www.invicta.fr\/en\/#organization\"},\"potentialAction\":[{\"@type\":\"SearchAction\",\"target\":{\"@type\":\"EntryPoint\",\"urlTemplate\":\"https:\/\/www.invicta.fr\/en\/?s={search_term_string}\"},\"query-input\":{\"@type\":\"PropertyValueSpecification\",\"valueRequired\":true,\"valueName\":\"search_term_string\"}}],\"inLanguage\":\"en-US\"},{\"@type\":\"Organization\",\"@id\":\"https:\/\/www.invicta.fr\/en\/#organization\",\"name\":\"Invicta\",\"url\":\"https:\/\/www.invicta.fr\/en\/\",\"logo\":{\"@type\":\"ImageObject\",\"inLanguage\":\"en-US\",\"@id\":\"https:\/\/www.invicta.fr\/en\/#\/schema\/logo\/image\/\",\"url\":\"https:\/\/www.invicta.fr\/wp-content\/uploads\/2019\/06\/INVICTALOGO_RVB.png\",\"contentUrl\":\"https:\/\/www.invicta.fr\/wp-content\/uploads\/2019\/06\/INVICTALOGO_RVB.png\",\"width\":1810,\"height\":1280,\"caption\":\"Invicta\"},\"image\":{\"@id\":\"https:\/\/www.invicta.fr\/en\/#\/schema\/logo\/image\/\"}}]}<\/script>\n<!-- \/ Yoast SEO plugin. -->","yoast_head_json":{"title":"MIRA 10 Wi-Fi pellet stove - Pellet stove | INVICTA","description":"Fall for the Mira 10 Wi-Fi Pellet Stove, Contemporary Style, Power 9.5kW \u2705 3 colors to choose from \u2705 Flamme Verte 7\u2b50 2-year warranty \u2705","robots":{"index":"index","follow":"follow","max-snippet":"max-snippet:-1","max-image-preview":"max-image-preview:large","max-video-preview":"max-video-preview:-1"},"canonical":"https:\/\/www.invicta.fr\/en\/produit\/mira-10-wi-fi-pellet-stove\/","og_locale":"en_US","og_type":"article","og_title":"MIRA 10 Wi-Fi pellet stove - Pellet stove | INVICTA","og_description":"Fall for the Mira 10 Wi-Fi Pellet Stove, Contemporary Style, Power 9.5kW \u2705 3 colors to choose from \u2705 Flamme Verte 7\u2b50 2-year warranty \u2705","og_url":"https:\/\/www.invicta.fr\/en\/produit\/mira-10-wi-fi-pellet-stove\/","og_site_name":"Invicta","article_modified_time":"2026-02-24T12:18:21+00:00","og_image":[{"width":1156,"height":1929,"url":"https:\/\/www.invicta.fr\/wp-content\/uploads\/2025\/05\/C-MIRA10_WiFi_noir.jpg","type":"image\/jpeg"}],"twitter_card":"summary_large_image","schema":{"@context":"https:\/\/schema.org","@graph":[{"@type":"WebPage","@id":"https:\/\/www.invicta.fr\/en\/produit\/mira-10-wi-fi-pellet-stove\/","url":"https:\/\/www.invicta.fr\/en\/produit\/mira-10-wi-fi-pellet-stove\/","name":"MIRA 10 Wi-Fi pellet stove - Pellet stove | INVICTA","isPartOf":{"@id":"https:\/\/www.invicta.fr\/en\/#website"},"primaryImageOfPage":{"@id":"https:\/\/www.invicta.fr\/en\/produit\/mira-10-wi-fi-pellet-stove\/#primaryimage"},"image":{"@id":"https:\/\/www.invicta.fr\/en\/produit\/mira-10-wi-fi-pellet-stove\/#primaryimage"},"thumbnailUrl":"https:\/\/www.invicta.fr\/wp-content\/uploads\/2025\/05\/C-MIRA10_WiFi_noir.jpg","datePublished":"2025-05-23T08:54:05+00:00","dateModified":"2026-02-24T12:18:21+00:00","description":"Fall for the Mira 10 Wi-Fi Pellet Stove, Contemporary Style, Power 9.5kW \u2705 3 colors to choose from \u2705 Flamme Verte 7\u2b50 2-year warranty \u2705","breadcrumb":{"@id":"https:\/\/www.invicta.fr\/en\/produit\/mira-10-wi-fi-pellet-stove\/#breadcrumb"},"inLanguage":"en-US","potentialAction":[{"@type":"ReadAction","target":["https:\/\/www.invicta.fr\/en\/produit\/mira-10-wi-fi-pellet-stove\/"]}]},{"@type":"ImageObject","inLanguage":"en-US","@id":"https:\/\/www.invicta.fr\/en\/produit\/mira-10-wi-fi-pellet-stove\/#primaryimage","url":"https:\/\/www.invicta.fr\/wp-content\/uploads\/2025\/05\/C-MIRA10_WiFi_noir.jpg","contentUrl":"https:\/\/www.invicta.fr\/wp-content\/uploads\/2025\/05\/C-MIRA10_WiFi_noir.jpg","width":1156,"height":1929,"caption":"Mira"},{"@type":"BreadcrumbList","@id":"https:\/\/www.invicta.fr\/en\/produit\/mira-10-wi-fi-pellet-stove\/#breadcrumb","itemListElement":[{"@type":"ListItem","position":1,"name":"Home","item":"https:\/\/www.invicta.fr\/en\/"},{"@type":"ListItem","position":2,"name":"Products","item":"https:\/\/www.invicta.fr\/en\/shop\/"},{"@type":"ListItem","position":3,"name":"Pellet Stoves","item":"https:\/\/www.invicta.fr\/en\/categorie-produit\/pellet-stoves-en\/"},{"@type":"ListItem","position":4,"name":"Pellet Stoves","item":"https:\/\/www.invicta.fr\/en\/categorie-produit\/pellet-stoves-en\/pellet-stoves-pellet-stoves-en\/"},{"@type":"ListItem","position":5,"name":"MIRA 10 Wi-Fi Pellet Stove"}]},{"@type":"WebSite","@id":"https:\/\/www.invicta.fr\/en\/#website","url":"https:\/\/www.invicta.fr\/en\/","name":"Invicta","description":"Fabricant fran\u00e7ais, sp\u00e9cialiste europ\u00e9en du chauffage au bois : po\u00eales \u00e0 bois et \u00e0 granul\u00e9s, chemin\u00e9es, foyers et inserts","publisher":{"@id":"https:\/\/www.invicta.fr\/en\/#organization"},"potentialAction":[{"@type":"SearchAction","target":{"@type":"EntryPoint","urlTemplate":"https:\/\/www.invicta.fr\/en\/?s={search_term_string}"},"query-input":{"@type":"PropertyValueSpecification","valueRequired":true,"valueName":"search_term_string"}}],"inLanguage":"en-US"},{"@type":"Organization","@id":"https:\/\/www.invicta.fr\/en\/#organization","name":"Invicta","url":"https:\/\/www.invicta.fr\/en\/","logo":{"@type":"ImageObject","inLanguage":"en-US","@id":"https:\/\/www.invicta.fr\/en\/#\/schema\/logo\/image\/","url":"https:\/\/www.invicta.fr\/wp-content\/uploads\/2019\/06\/INVICTALOGO_RVB.png","contentUrl":"https:\/\/www.invicta.fr\/wp-content\/uploads\/2019\/06\/INVICTALOGO_RVB.png","width":1810,"height":1280,"caption":"Invicta"},"image":{"@id":"https:\/\/www.invicta.fr\/en\/#\/schema\/logo\/image\/"}}]}},"_links":{"self":[{"href":"https:\/\/www.invicta.fr\/en\/wp-json\/wp\/v2\/product\/67339","targetHints":{"allow":["GET"]}}],"collection":[{"href":"https:\/\/www.invicta.fr\/en\/wp-json\/wp\/v2\/product"}],"about":[{"href":"https:\/\/www.invicta.fr\/en\/wp-json\/wp\/v2\/types\/product"}],"wp:featuredmedia":[{"embeddable":true,"href":"https:\/\/www.invicta.fr\/en\/wp-json\/wp\/v2\/media\/67351"}],"wp:attachment":[{"href":"https:\/\/www.invicta.fr\/en\/wp-json\/wp\/v2\/media?parent=67339"}],"wp:term":[{"taxonomy":"product_brand","embeddable":true,"href":"https:\/\/www.invicta.fr\/en\/wp-json\/wp\/v2\/product_brand?post=67339"},{"taxonomy":"product_cat","embeddable":true,"href":"https:\/\/www.invicta.fr\/en\/wp-json\/wp\/v2\/product_cat?post=67339"},{"taxonomy":"product_tag","embeddable":true,"href":"https:\/\/www.invicta.fr\/en\/wp-json\/wp\/v2\/product_tag?post=67339"},{"taxonomy":"plus_produit","embeddable":true,"href":"https:\/\/www.invicta.fr\/en\/wp-json\/wp\/v2\/plus_produit?post=67339"}],"curies":[{"name":"wp","href":"https:\/\/api.w.org\/{rel}","templated":true}]}}