{"id":69966,"date":"2025-11-13T12:02:10","date_gmt":"2025-11-13T11:02:10","guid":{"rendered":"https:\/\/www.invicta.fr\/?post_type=product&#038;p=69966"},"modified":"2026-04-02T09:55:23","modified_gmt":"2026-04-02T07:55:23","slug":"800-gv-double-sided-inset-stove-flue-valve","status":"publish","type":"product","link":"https:\/\/www.invicta.fr\/en\/produit\/800-gv-double-sided-inset-stove-flue-valve\/","title":{"rendered":"800 GV Double Sided Inset Stove Flue-valve"},"content":{"rendered":"","protected":false},"excerpt":{"rendered":"<p>On the living room side or on the kitchen side, it&#8217;s great for everyone, a crackling fire on all sides.<\/p>\n","protected":false},"featured_media":58032,"template":"","meta":{"_acf_changed":false},"product_brand":[],"product_cat":[2118,3689],"product_tag":[7106,1302,1297,1300,1299,1301,2090,6830],"plus_produit":[1842,3718,3720,6836,3735,3708,3012],"class_list":{"1":"product","4":"has-post-thumbnail","6":"product_cat-aide-au-choix-en","7":"product_cat-wood-burning-fireplaces-fireplaces-and-inserts","8":"product_tag-en16510-en","9":"product_tag-flamme-verte-en","10":"product_tag-100-fonte-en","11":"product_tag-eco-design-2022-en","12":"product_tag-a-ecolabel-en","13":"product_tag-fabrication-francaise-en","14":"product_tag-garantie-2-ans-en","15":"product_tag-y-extension-garantie-3ans-en","16":"pa_depart-des-fumees-dessus-en","17":"pa_diametre-de-buse-6758","18":"pa_indice-de-performance-102-en","19":"pa_puissance-12-kw-en","20":"pa_surface-de-chauffe-65-to-145-m","21":"pa_taux-de-co-012-en","22":"pa_volume-de-chauffe-160-360-m-en","23":"plus_produit-clean-glass-en","24":"plus_produit-double-face-en","25":"plus_produit-double-opening","26":"plus_produit-3-year-extended-warranty","27":"plus_produit-flue-valve","28":"plus_produit-intermittent-and-3-hour-extended-burning","29":"plus_produit-origine-france-garantie-made-in-france-guarantee","31":"first","32":"instock","33":"purchasable","34":"product-type-simple"},"acf":[],"yoast_head":"<!-- This site is optimized with the Yoast SEO plugin v24.7 - https:\/\/yoast.com\/wordpress\/plugins\/seo\/ -->\n<title>800 GV Double Sided Inset Stove Flue-valve - Invicta<\/title>\n<meta name=\"description\" content=\"On the living room side or on the kitchen side, it&#039;s great for everyone, a crackling fire on all sides.\" \/>\n<meta name=\"robots\" content=\"index, follow, max-snippet:-1, max-image-preview:large, max-video-preview:-1\" \/>\n<link rel=\"canonical\" href=\"https:\/\/www.invicta.fr\/en\/produit\/800-gv-double-sided-inset-stove-flue-valve\/\" \/>\n<meta property=\"og:locale\" content=\"en_US\" \/>\n<meta property=\"og:type\" content=\"article\" \/>\n<meta property=\"og:title\" content=\"800 GV Double Sided Inset Stove Flue-valve - Invicta\" \/>\n<meta property=\"og:description\" content=\"On the living room side or on the kitchen side, it&#039;s great for everyone, a crackling fire on all sides.\" \/>\n<meta property=\"og:url\" content=\"https:\/\/www.invicta.fr\/en\/produit\/800-gv-double-sided-inset-stove-flue-valve\/\" \/>\n<meta property=\"og:site_name\" content=\"Invicta\" \/>\n<meta property=\"article:modified_time\" content=\"2026-04-02T07:55:23+00:00\" \/>\n<meta name=\"twitter:card\" content=\"summary_large_image\" \/>\n<script type=\"application\/ld+json\" class=\"yoast-schema-graph\">{\"@context\":\"https:\/\/schema.org\",\"@graph\":[{\"@type\":\"WebPage\",\"@id\":\"https:\/\/www.invicta.fr\/en\/produit\/800-gv-double-sided-inset-stove-flue-valve\/\",\"url\":\"https:\/\/www.invicta.fr\/en\/produit\/800-gv-double-sided-inset-stove-flue-valve\/\",\"name\":\"800 GV Double Sided Inset Stove Flue-valve - Invicta\",\"isPartOf\":{\"@id\":\"https:\/\/www.invicta.fr\/en\/#website\"},\"primaryImageOfPage\":{\"@id\":\"https:\/\/www.invicta.fr\/en\/produit\/800-gv-double-sided-inset-stove-flue-valve\/#primaryimage\"},\"image\":{\"@id\":\"https:\/\/www.invicta.fr\/en\/produit\/800-gv-double-sided-inset-stove-flue-valve\/#primaryimage\"},\"thumbnailUrl\":\"https:\/\/www.invicta.fr\/wp-content\/uploads\/2019\/07\/C-928244-800DF-WEB.jpg\",\"datePublished\":\"2025-11-13T11:02:10+00:00\",\"dateModified\":\"2026-04-02T07:55:23+00:00\",\"description\":\"On the living room side or on the kitchen side, it's great for everyone, a crackling fire on all sides.\",\"breadcrumb\":{\"@id\":\"https:\/\/www.invicta.fr\/en\/produit\/800-gv-double-sided-inset-stove-flue-valve\/#breadcrumb\"},\"inLanguage\":\"en-US\",\"potentialAction\":[{\"@type\":\"ReadAction\",\"target\":[\"https:\/\/www.invicta.fr\/en\/produit\/800-gv-double-sided-inset-stove-flue-valve\/\"]}]},{\"@type\":\"ImageObject\",\"inLanguage\":\"en-US\",\"@id\":\"https:\/\/www.invicta.fr\/en\/produit\/800-gv-double-sided-inset-stove-flue-valve\/#primaryimage\",\"url\":\"https:\/\/www.invicta.fr\/wp-content\/uploads\/2019\/07\/C-928244-800DF-WEB.jpg\",\"contentUrl\":\"https:\/\/www.invicta.fr\/wp-content\/uploads\/2019\/07\/C-928244-800DF-WEB.jpg\",\"width\":900,\"height\":987},{\"@type\":\"BreadcrumbList\",\"@id\":\"https:\/\/www.invicta.fr\/en\/produit\/800-gv-double-sided-inset-stove-flue-valve\/#breadcrumb\",\"itemListElement\":[{\"@type\":\"ListItem\",\"position\":1,\"name\":\"Home\",\"item\":\"https:\/\/www.invicta.fr\/en\/\"},{\"@type\":\"ListItem\",\"position\":2,\"name\":\"Products\",\"item\":\"https:\/\/www.invicta.fr\/en\/shop\/\"},{\"@type\":\"ListItem\",\"position\":3,\"name\":\"Fireplaces and inserts\",\"item\":\"https:\/\/www.invicta.fr\/en\/categorie-produit\/fireplaces-and-inserts\/\"},{\"@type\":\"ListItem\",\"position\":4,\"name\":\"Wood Burning Fireplaces\",\"item\":\"https:\/\/www.invicta.fr\/en\/categorie-produit\/fireplaces-and-inserts\/wood-burning-fireplaces-fireplaces-and-inserts\/\"},{\"@type\":\"ListItem\",\"position\":5,\"name\":\"800 GV Double Sided Inset Stove Flue-valve\"}]},{\"@type\":\"WebSite\",\"@id\":\"https:\/\/www.invicta.fr\/en\/#website\",\"url\":\"https:\/\/www.invicta.fr\/en\/\",\"name\":\"Invicta\",\"description\":\"Fabricant fran\u00e7ais, sp\u00e9cialiste europ\u00e9en du chauffage au bois : po\u00eales \u00e0 bois et \u00e0 granul\u00e9s, chemin\u00e9es, foyers et inserts\",\"publisher\":{\"@id\":\"https:\/\/www.invicta.fr\/en\/#organization\"},\"potentialAction\":[{\"@type\":\"SearchAction\",\"target\":{\"@type\":\"EntryPoint\",\"urlTemplate\":\"https:\/\/www.invicta.fr\/en\/?s={search_term_string}\"},\"query-input\":{\"@type\":\"PropertyValueSpecification\",\"valueRequired\":true,\"valueName\":\"search_term_string\"}}],\"inLanguage\":\"en-US\"},{\"@type\":\"Organization\",\"@id\":\"https:\/\/www.invicta.fr\/en\/#organization\",\"name\":\"Invicta\",\"url\":\"https:\/\/www.invicta.fr\/en\/\",\"logo\":{\"@type\":\"ImageObject\",\"inLanguage\":\"en-US\",\"@id\":\"https:\/\/www.invicta.fr\/en\/#\/schema\/logo\/image\/\",\"url\":\"https:\/\/www.invicta.fr\/wp-content\/uploads\/2019\/06\/INVICTALOGO_RVB.png\",\"contentUrl\":\"https:\/\/www.invicta.fr\/wp-content\/uploads\/2019\/06\/INVICTALOGO_RVB.png\",\"width\":1810,\"height\":1280,\"caption\":\"Invicta\"},\"image\":{\"@id\":\"https:\/\/www.invicta.fr\/en\/#\/schema\/logo\/image\/\"}}]}<\/script>\n<!-- \/ Yoast SEO plugin. -->","yoast_head_json":{"title":"800 GV Double Sided Inset Stove Flue-valve - Invicta","description":"On the living room side or on the kitchen side, it's great for everyone, a crackling fire on all sides.","robots":{"index":"index","follow":"follow","max-snippet":"max-snippet:-1","max-image-preview":"max-image-preview:large","max-video-preview":"max-video-preview:-1"},"canonical":"https:\/\/www.invicta.fr\/en\/produit\/800-gv-double-sided-inset-stove-flue-valve\/","og_locale":"en_US","og_type":"article","og_title":"800 GV Double Sided Inset Stove Flue-valve - Invicta","og_description":"On the living room side or on the kitchen side, it's great for everyone, a crackling fire on all sides.","og_url":"https:\/\/www.invicta.fr\/en\/produit\/800-gv-double-sided-inset-stove-flue-valve\/","og_site_name":"Invicta","article_modified_time":"2026-04-02T07:55:23+00:00","twitter_card":"summary_large_image","schema":{"@context":"https:\/\/schema.org","@graph":[{"@type":"WebPage","@id":"https:\/\/www.invicta.fr\/en\/produit\/800-gv-double-sided-inset-stove-flue-valve\/","url":"https:\/\/www.invicta.fr\/en\/produit\/800-gv-double-sided-inset-stove-flue-valve\/","name":"800 GV Double Sided Inset Stove Flue-valve - Invicta","isPartOf":{"@id":"https:\/\/www.invicta.fr\/en\/#website"},"primaryImageOfPage":{"@id":"https:\/\/www.invicta.fr\/en\/produit\/800-gv-double-sided-inset-stove-flue-valve\/#primaryimage"},"image":{"@id":"https:\/\/www.invicta.fr\/en\/produit\/800-gv-double-sided-inset-stove-flue-valve\/#primaryimage"},"thumbnailUrl":"https:\/\/www.invicta.fr\/wp-content\/uploads\/2019\/07\/C-928244-800DF-WEB.jpg","datePublished":"2025-11-13T11:02:10+00:00","dateModified":"2026-04-02T07:55:23+00:00","description":"On the living room side or on the kitchen side, it's great for everyone, a crackling fire on all sides.","breadcrumb":{"@id":"https:\/\/www.invicta.fr\/en\/produit\/800-gv-double-sided-inset-stove-flue-valve\/#breadcrumb"},"inLanguage":"en-US","potentialAction":[{"@type":"ReadAction","target":["https:\/\/www.invicta.fr\/en\/produit\/800-gv-double-sided-inset-stove-flue-valve\/"]}]},{"@type":"ImageObject","inLanguage":"en-US","@id":"https:\/\/www.invicta.fr\/en\/produit\/800-gv-double-sided-inset-stove-flue-valve\/#primaryimage","url":"https:\/\/www.invicta.fr\/wp-content\/uploads\/2019\/07\/C-928244-800DF-WEB.jpg","contentUrl":"https:\/\/www.invicta.fr\/wp-content\/uploads\/2019\/07\/C-928244-800DF-WEB.jpg","width":900,"height":987},{"@type":"BreadcrumbList","@id":"https:\/\/www.invicta.fr\/en\/produit\/800-gv-double-sided-inset-stove-flue-valve\/#breadcrumb","itemListElement":[{"@type":"ListItem","position":1,"name":"Home","item":"https:\/\/www.invicta.fr\/en\/"},{"@type":"ListItem","position":2,"name":"Products","item":"https:\/\/www.invicta.fr\/en\/shop\/"},{"@type":"ListItem","position":3,"name":"Fireplaces and inserts","item":"https:\/\/www.invicta.fr\/en\/categorie-produit\/fireplaces-and-inserts\/"},{"@type":"ListItem","position":4,"name":"Wood Burning Fireplaces","item":"https:\/\/www.invicta.fr\/en\/categorie-produit\/fireplaces-and-inserts\/wood-burning-fireplaces-fireplaces-and-inserts\/"},{"@type":"ListItem","position":5,"name":"800 GV Double Sided Inset Stove Flue-valve"}]},{"@type":"WebSite","@id":"https:\/\/www.invicta.fr\/en\/#website","url":"https:\/\/www.invicta.fr\/en\/","name":"Invicta","description":"Fabricant fran\u00e7ais, sp\u00e9cialiste europ\u00e9en du chauffage au bois : po\u00eales \u00e0 bois et \u00e0 granul\u00e9s, chemin\u00e9es, foyers et inserts","publisher":{"@id":"https:\/\/www.invicta.fr\/en\/#organization"},"potentialAction":[{"@type":"SearchAction","target":{"@type":"EntryPoint","urlTemplate":"https:\/\/www.invicta.fr\/en\/?s={search_term_string}"},"query-input":{"@type":"PropertyValueSpecification","valueRequired":true,"valueName":"search_term_string"}}],"inLanguage":"en-US"},{"@type":"Organization","@id":"https:\/\/www.invicta.fr\/en\/#organization","name":"Invicta","url":"https:\/\/www.invicta.fr\/en\/","logo":{"@type":"ImageObject","inLanguage":"en-US","@id":"https:\/\/www.invicta.fr\/en\/#\/schema\/logo\/image\/","url":"https:\/\/www.invicta.fr\/wp-content\/uploads\/2019\/06\/INVICTALOGO_RVB.png","contentUrl":"https:\/\/www.invicta.fr\/wp-content\/uploads\/2019\/06\/INVICTALOGO_RVB.png","width":1810,"height":1280,"caption":"Invicta"},"image":{"@id":"https:\/\/www.invicta.fr\/en\/#\/schema\/logo\/image\/"}}]}},"_links":{"self":[{"href":"https:\/\/www.invicta.fr\/en\/wp-json\/wp\/v2\/product\/69966","targetHints":{"allow":["GET"]}}],"collection":[{"href":"https:\/\/www.invicta.fr\/en\/wp-json\/wp\/v2\/product"}],"about":[{"href":"https:\/\/www.invicta.fr\/en\/wp-json\/wp\/v2\/types\/product"}],"wp:featuredmedia":[{"embeddable":true,"href":"https:\/\/www.invicta.fr\/en\/wp-json\/wp\/v2\/media\/58032"}],"wp:attachment":[{"href":"https:\/\/www.invicta.fr\/en\/wp-json\/wp\/v2\/media?parent=69966"}],"wp:term":[{"taxonomy":"product_brand","embeddable":true,"href":"https:\/\/www.invicta.fr\/en\/wp-json\/wp\/v2\/product_brand?post=69966"},{"taxonomy":"product_cat","embeddable":true,"href":"https:\/\/www.invicta.fr\/en\/wp-json\/wp\/v2\/product_cat?post=69966"},{"taxonomy":"product_tag","embeddable":true,"href":"https:\/\/www.invicta.fr\/en\/wp-json\/wp\/v2\/product_tag?post=69966"},{"taxonomy":"plus_produit","embeddable":true,"href":"https:\/\/www.invicta.fr\/en\/wp-json\/wp\/v2\/plus_produit?post=69966"}],"curies":[{"name":"wp","href":"https:\/\/api.w.org\/{rel}","templated":true}]}}