{"id":70690,"date":"2025-11-18T11:06:26","date_gmt":"2025-11-18T10:06:27","guid":{"rendered":"https:\/\/www.invicta.fr\/?post_type=product&#038;p=70690"},"modified":"2026-02-26T16:03:11","modified_gmt":"2026-02-26T15:03:11","slug":"fireplace-700-primo-with-flue-valve-2","status":"publish","type":"product","link":"https:\/\/www.invicta.fr\/en\/produit\/fireplace-700-primo-with-flue-valve-2\/","title":{"rendered":"Fireplace 700 PRIMO with flue-valve"},"content":{"rendered":"","protected":false},"excerpt":{"rendered":"<p>Benefit from excellent energy performance and numerous technical advantages with this low-cost fireplace.<\/p>\n","protected":false},"featured_media":0,"template":"","meta":{"_acf_changed":false},"product_brand":[],"product_cat":[2118,3689],"product_tag":[7106,1302,1297,1300,1299,1301,1305,2090,6830,6638],"plus_produit":[1842,3735,3708,3012,3488,3009],"class_list":{"1":"product","5":"product_cat-aide-au-choix-en","6":"product_cat-wood-burning-fireplaces-fireplaces-and-inserts","7":"product_tag-en16510-en","8":"product_tag-flamme-verte-en","9":"product_tag-100-fonte-en","10":"product_tag-eco-design-2022-en","11":"product_tag-a-ecolabel-en","12":"product_tag-fabrication-francaise-en","13":"product_tag-post-combustion-en","14":"product_tag-garantie-2-ans-en","15":"product_tag-y-extension-garantie-3ans-en","16":"product_tag-z-credit-tax","17":"pa_depart-des-fumees-dessus-en","18":"pa_diametre-de-buse-6758","19":"pa_indice-de-performance-100-en","20":"pa_modulation-de-puissance-6-5-15-kw","21":"pa_puissance-9-5-kw","22":"pa_taux-de-co-012-en","23":"plus_produit-clean-glass-en","24":"plus_produit-flue-valve","25":"plus_produit-intermittent-and-3-hour-extended-burning","26":"plus_produit-origine-france-garantie-made-in-france-guarantee","27":"plus_produit-perfect-for-tight-budgets","28":"plus_produit-post-combustion-system","30":"first","31":"instock","32":"shipping-taxable","33":"product-type-simple"},"acf":[],"yoast_head":"<!-- This site is optimized with the Yoast SEO plugin v24.7 - https:\/\/yoast.com\/wordpress\/plugins\/seo\/ -->\n<title>Fireplace 700 PRIMO with flue-valve - Invicta<\/title>\n<meta name=\"description\" content=\"Benefit from excellent energy performance and numerous technical advantages with this low-cost fireplace.\" \/>\n<meta name=\"robots\" content=\"index, follow, max-snippet:-1, max-image-preview:large, max-video-preview:-1\" \/>\n<link rel=\"canonical\" href=\"https:\/\/www.invicta.fr\/en\/produit\/fireplace-700-primo-with-flue-valve-2\/\" \/>\n<meta property=\"og:locale\" content=\"en_US\" \/>\n<meta property=\"og:type\" content=\"article\" \/>\n<meta property=\"og:title\" content=\"Fireplace 700 PRIMO with flue-valve - Invicta\" \/>\n<meta property=\"og:description\" content=\"Benefit from excellent energy performance and numerous technical advantages with this low-cost fireplace.\" \/>\n<meta property=\"og:url\" content=\"https:\/\/www.invicta.fr\/en\/produit\/fireplace-700-primo-with-flue-valve-2\/\" \/>\n<meta property=\"og:site_name\" content=\"Invicta\" \/>\n<meta property=\"article:modified_time\" content=\"2026-02-26T15:03:11+00:00\" \/>\n<meta name=\"twitter:card\" content=\"summary_large_image\" \/>\n<script type=\"application\/ld+json\" class=\"yoast-schema-graph\">{\"@context\":\"https:\/\/schema.org\",\"@graph\":[{\"@type\":\"WebPage\",\"@id\":\"https:\/\/www.invicta.fr\/en\/produit\/fireplace-700-primo-with-flue-valve-2\/\",\"url\":\"https:\/\/www.invicta.fr\/en\/produit\/fireplace-700-primo-with-flue-valve-2\/\",\"name\":\"Fireplace 700 PRIMO with flue-valve - Invicta\",\"isPartOf\":{\"@id\":\"https:\/\/www.invicta.fr\/en\/#website\"},\"datePublished\":\"2025-11-18T10:06:27+00:00\",\"dateModified\":\"2026-02-26T15:03:11+00:00\",\"description\":\"Benefit from excellent energy performance and numerous technical advantages with this low-cost fireplace.\",\"breadcrumb\":{\"@id\":\"https:\/\/www.invicta.fr\/en\/produit\/fireplace-700-primo-with-flue-valve-2\/#breadcrumb\"},\"inLanguage\":\"en-US\",\"potentialAction\":[{\"@type\":\"ReadAction\",\"target\":[\"https:\/\/www.invicta.fr\/en\/produit\/fireplace-700-primo-with-flue-valve-2\/\"]}]},{\"@type\":\"BreadcrumbList\",\"@id\":\"https:\/\/www.invicta.fr\/en\/produit\/fireplace-700-primo-with-flue-valve-2\/#breadcrumb\",\"itemListElement\":[{\"@type\":\"ListItem\",\"position\":1,\"name\":\"Home\",\"item\":\"https:\/\/www.invicta.fr\/en\/\"},{\"@type\":\"ListItem\",\"position\":2,\"name\":\"Products\",\"item\":\"https:\/\/www.invicta.fr\/en\/shop\/\"},{\"@type\":\"ListItem\",\"position\":3,\"name\":\"Fireplaces and inserts\",\"item\":\"https:\/\/www.invicta.fr\/en\/categorie-produit\/fireplaces-and-inserts\/\"},{\"@type\":\"ListItem\",\"position\":4,\"name\":\"Wood Burning Fireplaces\",\"item\":\"https:\/\/www.invicta.fr\/en\/categorie-produit\/fireplaces-and-inserts\/wood-burning-fireplaces-fireplaces-and-inserts\/\"},{\"@type\":\"ListItem\",\"position\":5,\"name\":\"Fireplace 700 PRIMO with flue-valve\"}]},{\"@type\":\"WebSite\",\"@id\":\"https:\/\/www.invicta.fr\/en\/#website\",\"url\":\"https:\/\/www.invicta.fr\/en\/\",\"name\":\"Invicta\",\"description\":\"Fabricant fran\u00e7ais, sp\u00e9cialiste europ\u00e9en du chauffage au bois : po\u00eales \u00e0 bois et \u00e0 granul\u00e9s, chemin\u00e9es, foyers et inserts\",\"publisher\":{\"@id\":\"https:\/\/www.invicta.fr\/en\/#organization\"},\"potentialAction\":[{\"@type\":\"SearchAction\",\"target\":{\"@type\":\"EntryPoint\",\"urlTemplate\":\"https:\/\/www.invicta.fr\/en\/?s={search_term_string}\"},\"query-input\":{\"@type\":\"PropertyValueSpecification\",\"valueRequired\":true,\"valueName\":\"search_term_string\"}}],\"inLanguage\":\"en-US\"},{\"@type\":\"Organization\",\"@id\":\"https:\/\/www.invicta.fr\/en\/#organization\",\"name\":\"Invicta\",\"url\":\"https:\/\/www.invicta.fr\/en\/\",\"logo\":{\"@type\":\"ImageObject\",\"inLanguage\":\"en-US\",\"@id\":\"https:\/\/www.invicta.fr\/en\/#\/schema\/logo\/image\/\",\"url\":\"https:\/\/www.invicta.fr\/wp-content\/uploads\/2019\/06\/INVICTALOGO_RVB.png\",\"contentUrl\":\"https:\/\/www.invicta.fr\/wp-content\/uploads\/2019\/06\/INVICTALOGO_RVB.png\",\"width\":1810,\"height\":1280,\"caption\":\"Invicta\"},\"image\":{\"@id\":\"https:\/\/www.invicta.fr\/en\/#\/schema\/logo\/image\/\"}}]}<\/script>\n<!-- \/ Yoast SEO plugin. -->","yoast_head_json":{"title":"Fireplace 700 PRIMO with flue-valve - Invicta","description":"Benefit from excellent energy performance and numerous technical advantages with this low-cost fireplace.","robots":{"index":"index","follow":"follow","max-snippet":"max-snippet:-1","max-image-preview":"max-image-preview:large","max-video-preview":"max-video-preview:-1"},"canonical":"https:\/\/www.invicta.fr\/en\/produit\/fireplace-700-primo-with-flue-valve-2\/","og_locale":"en_US","og_type":"article","og_title":"Fireplace 700 PRIMO with flue-valve - Invicta","og_description":"Benefit from excellent energy performance and numerous technical advantages with this low-cost fireplace.","og_url":"https:\/\/www.invicta.fr\/en\/produit\/fireplace-700-primo-with-flue-valve-2\/","og_site_name":"Invicta","article_modified_time":"2026-02-26T15:03:11+00:00","twitter_card":"summary_large_image","schema":{"@context":"https:\/\/schema.org","@graph":[{"@type":"WebPage","@id":"https:\/\/www.invicta.fr\/en\/produit\/fireplace-700-primo-with-flue-valve-2\/","url":"https:\/\/www.invicta.fr\/en\/produit\/fireplace-700-primo-with-flue-valve-2\/","name":"Fireplace 700 PRIMO with flue-valve - Invicta","isPartOf":{"@id":"https:\/\/www.invicta.fr\/en\/#website"},"datePublished":"2025-11-18T10:06:27+00:00","dateModified":"2026-02-26T15:03:11+00:00","description":"Benefit from excellent energy performance and numerous technical advantages with this low-cost fireplace.","breadcrumb":{"@id":"https:\/\/www.invicta.fr\/en\/produit\/fireplace-700-primo-with-flue-valve-2\/#breadcrumb"},"inLanguage":"en-US","potentialAction":[{"@type":"ReadAction","target":["https:\/\/www.invicta.fr\/en\/produit\/fireplace-700-primo-with-flue-valve-2\/"]}]},{"@type":"BreadcrumbList","@id":"https:\/\/www.invicta.fr\/en\/produit\/fireplace-700-primo-with-flue-valve-2\/#breadcrumb","itemListElement":[{"@type":"ListItem","position":1,"name":"Home","item":"https:\/\/www.invicta.fr\/en\/"},{"@type":"ListItem","position":2,"name":"Products","item":"https:\/\/www.invicta.fr\/en\/shop\/"},{"@type":"ListItem","position":3,"name":"Fireplaces and inserts","item":"https:\/\/www.invicta.fr\/en\/categorie-produit\/fireplaces-and-inserts\/"},{"@type":"ListItem","position":4,"name":"Wood Burning Fireplaces","item":"https:\/\/www.invicta.fr\/en\/categorie-produit\/fireplaces-and-inserts\/wood-burning-fireplaces-fireplaces-and-inserts\/"},{"@type":"ListItem","position":5,"name":"Fireplace 700 PRIMO with flue-valve"}]},{"@type":"WebSite","@id":"https:\/\/www.invicta.fr\/en\/#website","url":"https:\/\/www.invicta.fr\/en\/","name":"Invicta","description":"Fabricant fran\u00e7ais, sp\u00e9cialiste europ\u00e9en du chauffage au bois : po\u00eales \u00e0 bois et \u00e0 granul\u00e9s, chemin\u00e9es, foyers et inserts","publisher":{"@id":"https:\/\/www.invicta.fr\/en\/#organization"},"potentialAction":[{"@type":"SearchAction","target":{"@type":"EntryPoint","urlTemplate":"https:\/\/www.invicta.fr\/en\/?s={search_term_string}"},"query-input":{"@type":"PropertyValueSpecification","valueRequired":true,"valueName":"search_term_string"}}],"inLanguage":"en-US"},{"@type":"Organization","@id":"https:\/\/www.invicta.fr\/en\/#organization","name":"Invicta","url":"https:\/\/www.invicta.fr\/en\/","logo":{"@type":"ImageObject","inLanguage":"en-US","@id":"https:\/\/www.invicta.fr\/en\/#\/schema\/logo\/image\/","url":"https:\/\/www.invicta.fr\/wp-content\/uploads\/2019\/06\/INVICTALOGO_RVB.png","contentUrl":"https:\/\/www.invicta.fr\/wp-content\/uploads\/2019\/06\/INVICTALOGO_RVB.png","width":1810,"height":1280,"caption":"Invicta"},"image":{"@id":"https:\/\/www.invicta.fr\/en\/#\/schema\/logo\/image\/"}}]}},"_links":{"self":[{"href":"https:\/\/www.invicta.fr\/en\/wp-json\/wp\/v2\/product\/70690","targetHints":{"allow":["GET"]}}],"collection":[{"href":"https:\/\/www.invicta.fr\/en\/wp-json\/wp\/v2\/product"}],"about":[{"href":"https:\/\/www.invicta.fr\/en\/wp-json\/wp\/v2\/types\/product"}],"wp:attachment":[{"href":"https:\/\/www.invicta.fr\/en\/wp-json\/wp\/v2\/media?parent=70690"}],"wp:term":[{"taxonomy":"product_brand","embeddable":true,"href":"https:\/\/www.invicta.fr\/en\/wp-json\/wp\/v2\/product_brand?post=70690"},{"taxonomy":"product_cat","embeddable":true,"href":"https:\/\/www.invicta.fr\/en\/wp-json\/wp\/v2\/product_cat?post=70690"},{"taxonomy":"product_tag","embeddable":true,"href":"https:\/\/www.invicta.fr\/en\/wp-json\/wp\/v2\/product_tag?post=70690"},{"taxonomy":"plus_produit","embeddable":true,"href":"https:\/\/www.invicta.fr\/en\/wp-json\/wp\/v2\/plus_produit?post=70690"}],"curies":[{"name":"wp","href":"https:\/\/api.w.org\/{rel}","templated":true}]}}