{"id":27799,"date":"2019-10-16T16:25:05","date_gmt":"2019-10-16T14:25:05","guid":{"rendered":"https:\/\/www.invicta.fr\/registro-de-producto\/"},"modified":"2024-12-05T08:48:42","modified_gmt":"2024-12-05T07:48:42","slug":"registro-de-producto","status":"publish","type":"page","link":"https:\/\/www.invicta.fr\/es\/registro-de-producto\/","title":{"rendered":"Registro de producto"},"content":{"rendered":"<form method='post' enctype='multipart\/form-data' target='gform_ajax_frame_11' id='gform_11'  action='\/wp-admin\/admin-ajax.php#gf_11'>\n<ul id='gform_fields_11' class='gform_fields top_label form_sublabel_below description_below'>\n<li id='field_11_21'  class='gfield gsection field_sublabel_below field_description_below gfield_visibility_visible' >\n<h2 class='gsection_title'>Acaba de comprar un producto Invicta y se lo agradecemos. Para completar el registro de su producto, complete cuidadosamente el siguiente formulario.<\/h2>\n<p>Es importante leer nuestras recomendaciones de instalaci\u00f3n y mantenimiento para garantizar el correcto funcionamiento de su dispositivo. Solo el cumplimiento de estas recomendaciones permite la aplicaci\u00f3n de condiciones de garant\u00eda.<\/li>\n<li id='field_11_1'  class='gfield field_sublabel_below field_description_below gfield_visibility_visible' ><label class='gfield_label' for='input_11_1' >Su producto<\/label><input name='input_1' id='input_11_1' type='text' value='' class='medium'    placeholder='Ej : Arenga LP9'  aria-invalid=\"false\" \/><\/li>\n<li id='field_11_2'  class='gfield gfield_contains_required field_sublabel_below field_description_below gfield_visibility_visible' ><label class='gfield_label' for='input_11_2' >N\u00famero de serie*<\/label><input name='input_2' id='input_11_2' type='text' value='' class='medium'     aria-required=\"true\" aria-invalid=\"false\" \/><\/li>\n<li id='field_11_4'  class='gfield gfield_contains_required field_sublabel_below field_description_below gfield_visibility_visible' ><label class='gfield_label' for='input_11_4' >Fecha de compra*<\/label><br \/>\n                            <input name='input_4' id='input_11_4' type='text' value='' class='datepicker medium mdy datepicker_no_icon'   placeholder='AAAA-MM-JJ' aria-describedby='input_11_4_date_format' \/><br \/>\n                            Formato de fecha:MM barra DD barra AAAA<br \/>\n                        <input type='hidden' id='gforms_calendar_icon_input_11_4' class='gform_hidden' value='https:\/\/www.invicta.fr\/wp-content\/plugins\/gravityforms\/images\/calendar.png'\/><\/li>\n<li id='field_11_3'  class='gfield field_sublabel_below field_description_below gfield_visibility_visible' ><label class='gfield_label' for='input_11_3' >Fecha de puesta en servicio<\/label><input name='input_3' id='input_11_3' type='text' value='' class='medium'      aria-invalid=\"false\" \/><\/li>\n<li id='field_11_5'  class='gfield gfield_contains_required field_sublabel_below field_description_below gfield_visibility_visible' ><label class='gfield_label' for='input_11_5' >El producto ha sido o ser\u00e1 instalado:*<\/label><select name='input_5' id='input_11_5' class='medium gfield_select'   aria-required=\"true\" aria-invalid=\"false\"><option value='por un proveedor de la tienda' >por un proveedor de la tienda<\/option><option value='por una persona de su elecci\u00f3n' >por una persona de su elecci\u00f3n<\/option><option value='por usted mismo' >por usted mismo<\/option><\/select><\/li>\n<li id='field_11_6'  class='gfield gfield_contains_required field_sublabel_below field_description_below gfield_visibility_visible' ><label class='gfield_label' for='input_11_6' >La puesta en servicio &amp; configuraci\u00f3n han sido o ser\u00e1n realizados:*<\/label><select name='input_6' id='input_11_6' class='medium gfield_select'   aria-required=\"true\" aria-invalid=\"false\"><option value='por un proveedor de la tienda' >por un proveedor de la tienda<\/option><option value='por una persona de su elecci\u00f3n' >por una persona de su elecci\u00f3n<\/option><option value='por usted mismo' >por usted mismo<\/option><\/select><\/li>\n<li id='field_11_7'  class='gfield gfield_contains_required field_sublabel_below field_description_below gfield_visibility_visible' ><label class='gfield_label' for='input_11_7' >\u00bfUn profesional le ha explicado el funcionamiento del producto?*<\/label><select name='input_7' id='input_11_7' class='medium gfield_select'   aria-required=\"true\" aria-invalid=\"false\"><option value='S\u00ed' >S\u00ed<\/option><option value='No' >No<\/option><\/select><\/li>\n<li id='field_11_9'  class='gfield gsection field_sublabel_below field_description_below gfield_visibility_visible' >\n<h2 class='gsection_title'>Su informaci\u00f3n personal<\/h2>\n<\/li>\n<li id='field_11_10'  class='gfield gfield_contains_required field_sublabel_below field_description_below gfield_visibility_visible' ><label class='gfield_label' for='input_11_10' >Apellidos*<\/label><input name='input_10' id='input_11_10' type='text' value='' class='medium'     aria-required=\"true\" aria-invalid=\"false\" \/><\/li>\n<li id='field_11_11'  class='gfield gfield_contains_required field_sublabel_below field_description_below gfield_visibility_visible' ><label class='gfield_label' for='input_11_11' >Nombre*<\/label><input name='input_11' id='input_11_11' type='text' value='' class='medium'     aria-required=\"true\" aria-invalid=\"false\" \/><\/li>\n<li id='field_11_22'  class='gfield gfield_contains_required field_sublabel_below field_description_below gfield_visibility_visible' ><label class='gfield_label' for='input_11_22' >E-mail*<\/label><br \/>\n                            <input name='input_22' id='input_11_22' type='text' value='' class='medium'    aria-required=\"true\" aria-invalid=\"false\" \/>\n                        <\/li>\n<li id='field_11_12'  class='gfield gfield_contains_required field_sublabel_below field_description_below gfield_visibility_visible' ><label class='gfield_label' for='input_11_12' >Direcci\u00f3n*<\/label><input name='input_12' id='input_11_12' type='text' value='' class='medium'     aria-required=\"true\" aria-invalid=\"false\" \/><\/li>\n<li id='field_11_13'  class='gfield gfield_contains_required field_sublabel_below field_description_below gfield_visibility_visible' ><label class='gfield_label' for='input_11_13' >C\u00f3digo postal*<\/label><input name='input_13' id='input_11_13' type='text' value='' class='medium'     aria-required=\"true\" aria-invalid=\"false\" \/><\/li>\n<li id='field_11_15'  class='gfield gfield_contains_required field_sublabel_below field_description_below gfield_visibility_visible' ><label class='gfield_label' for='input_11_15' >Ciudad*<\/label><input name='input_15' id='input_11_15' type='text' value='' class='medium'     aria-required=\"true\" aria-invalid=\"false\" \/><\/li>\n<li id='field_11_16'  class='gfield gfield_contains_required field_sublabel_below field_description_below gfield_visibility_visible' ><label class='gfield_label' for='input_11_16' >Tel\u00e9fono*<\/label><input name='input_16' id='input_11_16' type='text' value='' class='medium'     aria-required=\"true\" aria-invalid=\"false\" \/><\/li>\n<li id='field_11_18'  class='gfield gsection field_sublabel_below field_description_below gfield_visibility_visible' >\n<h2 class='gsection_title'>Su proveedor<\/h2>\n<\/li>\n<li id='field_11_17'  class='gfield gfield_contains_required field_sublabel_below field_description_below gfield_visibility_visible' ><label class='gfield_label' for='input_11_17' >Nombre del proveedor*<\/label><input name='input_17' id='input_11_17' type='text' value='' class='medium'     aria-required=\"true\" aria-invalid=\"false\" \/><\/li>\n<li id='field_11_19'  class='gfield gfield_contains_required field_sublabel_below field_description_below gfield_visibility_visible' ><label class='gfield_label' for='input_11_19' >C\u00f3digo postal*<\/label><input name='input_19' id='input_11_19' type='text' value='' class='medium'     aria-required=\"true\" aria-invalid=\"false\" \/><\/li>\n<li id='field_11_20'  class='gfield gfield_contains_required field_sublabel_below field_description_below gfield_visibility_visible' ><label class='gfield_label' for='input_11_20' >N\u00famero de tel\u00e9fono*<\/label><input name='input_20' id='input_11_20' type='text' value='' class='medium'     aria-required=\"true\" aria-invalid=\"false\" \/><\/li>\n<\/ul>\n<p>         <input type='submit' id='gform_submit_button_11' class='gform_button button' value='Envoyer'  onclick='if(window[\"gf_submitting_11\"]){return false;}  window[\"gf_submitting_11\"]=true;  ' onkeypress='if( event.keyCode == 13 ){ if(window[\"gf_submitting_11\"]){return false;} window[\"gf_submitting_11\"]=true;  jQuery(\"#gform_11\").trigger(\"submit\",[true]); }' \/> <input type='hidden' name='gform_ajax' value='form_id=11&amp;title=&amp;description=yes&amp;tabindex=0' \/><br \/>\n            <input type='hidden' class='gform_hidden' name='is_submit_11' value='1' \/><br \/>\n            <input type='hidden' class='gform_hidden' name='gform_submit' value='11' \/><br \/>\n            <input type='hidden' class='gform_hidden' name='gform_unique_id' value='' \/><br \/>\n            <input type='hidden' class='gform_hidden' name='state_11' value='WyJbXSIsImIyMDIxMTc2ZjJiZGNkMmJmN2M5MTQ5OGFiMTg0OWNlIl0=' \/><br \/>\n            <input type='hidden' class='gform_hidden' name='gform_target_page_number_11' id='gform_target_page_number_11' value='0' \/><br \/>\n            <input type='hidden' class='gform_hidden' name='gform_source_page_number_11' id='gform_source_page_number_11' value='1' \/><br \/>\n            <input type='hidden' name='gform_field_values' value='' \/><br \/>\n                        <\/form>\n<p>                <iframe style='display:none;width:0px;height:0px;' src='about:blank' name='gform_ajax_frame_11' id='gform_ajax_frame_11'>Este iframe contiene la l\u00f3gica necesaria para gestionar formularios con ajax activado.<\/iframe><\/p>\n","protected":false},"excerpt":{"rendered":"<p>Acaba de comprar un producto Invicta y se lo agradecemos. Para completar el registro de su producto, complete cuidadosamente el siguiente formulario. Es importante leer nuestras recomendaciones de instalaci\u00f3n y mantenimiento para garantizar el correcto funcionamiento de su dispositivo. Solo el cumplimiento de estas recomendaciones permite la aplicaci\u00f3n de condiciones de garant\u00eda. Su producto N\u00famero [&hellip;]<\/p>\n","protected":false},"author":130,"featured_media":0,"parent":0,"menu_order":0,"comment_status":"closed","ping_status":"closed","template":"template-services.php","meta":{"_acf_changed":false,"footnotes":""},"class_list":{"1":"page"},"acf":[],"yoast_head":"<!-- This site is optimized with the Yoast SEO plugin v24.7 - https:\/\/yoast.com\/wordpress\/plugins\/seo\/ -->\n<title>Registro de producto - Invicta<\/title>\n<meta name=\"description\" content=\"Acaba de comprar un producto Invicta y se lo agradecemos. Para completar el registro de su producto, complete cuidadosamente el siguiente formulario.Es\" \/>\n<meta name=\"robots\" content=\"index, follow, max-snippet:-1, max-image-preview:large, max-video-preview:-1\" \/>\n<link rel=\"canonical\" href=\"https:\/\/www.invicta.fr\/es\/registro-de-producto\/\" \/>\n<meta property=\"og:locale\" content=\"es_ES\" \/>\n<meta property=\"og:type\" content=\"article\" \/>\n<meta property=\"og:title\" content=\"Registro de producto - Invicta\" \/>\n<meta property=\"og:description\" content=\"Acaba de comprar un producto Invicta y se lo agradecemos. Para completar el registro de su producto, complete cuidadosamente el siguiente formulario.Es\" \/>\n<meta property=\"og:url\" content=\"https:\/\/www.invicta.fr\/es\/registro-de-producto\/\" \/>\n<meta property=\"og:site_name\" content=\"Invicta\" \/>\n<meta property=\"article:modified_time\" content=\"2024-12-05T07:48:42+00:00\" \/>\n<meta name=\"twitter:card\" content=\"summary_large_image\" \/>\n<meta name=\"twitter:label1\" content=\"Tiempo de lectura\" \/>\n\t<meta name=\"twitter:data1\" content=\"1 minuto\" \/>\n<script type=\"application\/ld+json\" class=\"yoast-schema-graph\">{\"@context\":\"https:\/\/schema.org\",\"@graph\":[{\"@type\":\"WebPage\",\"@id\":\"https:\/\/www.invicta.fr\/es\/registro-de-producto\/\",\"url\":\"https:\/\/www.invicta.fr\/es\/registro-de-producto\/\",\"name\":\"Registro de producto - Invicta\",\"isPartOf\":{\"@id\":\"https:\/\/www.invicta.fr\/es\/#website\"},\"datePublished\":\"2019-10-16T14:25:05+00:00\",\"dateModified\":\"2024-12-05T07:48:42+00:00\",\"description\":\"Acaba de comprar un producto Invicta y se lo agradecemos. Para completar el registro de su producto, complete cuidadosamente el siguiente formulario.Es\",\"breadcrumb\":{\"@id\":\"https:\/\/www.invicta.fr\/es\/registro-de-producto\/#breadcrumb\"},\"inLanguage\":\"es\",\"potentialAction\":[{\"@type\":\"ReadAction\",\"target\":[\"https:\/\/www.invicta.fr\/es\/registro-de-producto\/\"]}]},{\"@type\":\"BreadcrumbList\",\"@id\":\"https:\/\/www.invicta.fr\/es\/registro-de-producto\/#breadcrumb\",\"itemListElement\":[{\"@type\":\"ListItem\",\"position\":1,\"name\":\"Inicio\",\"item\":\"https:\/\/www.invicta.fr\/es\/\"},{\"@type\":\"ListItem\",\"position\":2,\"name\":\"Registro de producto\"}]},{\"@type\":\"WebSite\",\"@id\":\"https:\/\/www.invicta.fr\/es\/#website\",\"url\":\"https:\/\/www.invicta.fr\/es\/\",\"name\":\"Invicta\",\"description\":\"Fabricant fran\u00e7ais, sp\u00e9cialiste europ\u00e9en du chauffage au bois : po\u00eales \u00e0 bois et \u00e0 granul\u00e9s, chemin\u00e9es, foyers et inserts\",\"publisher\":{\"@id\":\"https:\/\/www.invicta.fr\/es\/#organization\"},\"potentialAction\":[{\"@type\":\"SearchAction\",\"target\":{\"@type\":\"EntryPoint\",\"urlTemplate\":\"https:\/\/www.invicta.fr\/es\/?s={search_term_string}\"},\"query-input\":{\"@type\":\"PropertyValueSpecification\",\"valueRequired\":true,\"valueName\":\"search_term_string\"}}],\"inLanguage\":\"es\"},{\"@type\":\"Organization\",\"@id\":\"https:\/\/www.invicta.fr\/es\/#organization\",\"name\":\"Invicta\",\"url\":\"https:\/\/www.invicta.fr\/es\/\",\"logo\":{\"@type\":\"ImageObject\",\"inLanguage\":\"es\",\"@id\":\"https:\/\/www.invicta.fr\/es\/#\/schema\/logo\/image\/\",\"url\":\"https:\/\/www.invicta.fr\/wp-content\/uploads\/2019\/06\/INVICTALOGO_RVB.png\",\"contentUrl\":\"https:\/\/www.invicta.fr\/wp-content\/uploads\/2019\/06\/INVICTALOGO_RVB.png\",\"width\":1810,\"height\":1280,\"caption\":\"Invicta\"},\"image\":{\"@id\":\"https:\/\/www.invicta.fr\/es\/#\/schema\/logo\/image\/\"}}]}<\/script>\n<!-- \/ Yoast SEO plugin. -->","yoast_head_json":{"title":"Registro de producto - Invicta","description":"Acaba de comprar un producto Invicta y se lo agradecemos. Para completar el registro de su producto, complete cuidadosamente el siguiente formulario.Es","robots":{"index":"index","follow":"follow","max-snippet":"max-snippet:-1","max-image-preview":"max-image-preview:large","max-video-preview":"max-video-preview:-1"},"canonical":"https:\/\/www.invicta.fr\/es\/registro-de-producto\/","og_locale":"es_ES","og_type":"article","og_title":"Registro de producto - Invicta","og_description":"Acaba de comprar un producto Invicta y se lo agradecemos. Para completar el registro de su producto, complete cuidadosamente el siguiente formulario.Es","og_url":"https:\/\/www.invicta.fr\/es\/registro-de-producto\/","og_site_name":"Invicta","article_modified_time":"2024-12-05T07:48:42+00:00","twitter_card":"summary_large_image","twitter_misc":{"Tiempo de lectura":"1 minuto"},"schema":{"@context":"https:\/\/schema.org","@graph":[{"@type":"WebPage","@id":"https:\/\/www.invicta.fr\/es\/registro-de-producto\/","url":"https:\/\/www.invicta.fr\/es\/registro-de-producto\/","name":"Registro de producto - Invicta","isPartOf":{"@id":"https:\/\/www.invicta.fr\/es\/#website"},"datePublished":"2019-10-16T14:25:05+00:00","dateModified":"2024-12-05T07:48:42+00:00","description":"Acaba de comprar un producto Invicta y se lo agradecemos. Para completar el registro de su producto, complete cuidadosamente el siguiente formulario.Es","breadcrumb":{"@id":"https:\/\/www.invicta.fr\/es\/registro-de-producto\/#breadcrumb"},"inLanguage":"es","potentialAction":[{"@type":"ReadAction","target":["https:\/\/www.invicta.fr\/es\/registro-de-producto\/"]}]},{"@type":"BreadcrumbList","@id":"https:\/\/www.invicta.fr\/es\/registro-de-producto\/#breadcrumb","itemListElement":[{"@type":"ListItem","position":1,"name":"Inicio","item":"https:\/\/www.invicta.fr\/es\/"},{"@type":"ListItem","position":2,"name":"Registro de producto"}]},{"@type":"WebSite","@id":"https:\/\/www.invicta.fr\/es\/#website","url":"https:\/\/www.invicta.fr\/es\/","name":"Invicta","description":"Fabricant fran\u00e7ais, sp\u00e9cialiste europ\u00e9en du chauffage au bois : po\u00eales \u00e0 bois et \u00e0 granul\u00e9s, chemin\u00e9es, foyers et inserts","publisher":{"@id":"https:\/\/www.invicta.fr\/es\/#organization"},"potentialAction":[{"@type":"SearchAction","target":{"@type":"EntryPoint","urlTemplate":"https:\/\/www.invicta.fr\/es\/?s={search_term_string}"},"query-input":{"@type":"PropertyValueSpecification","valueRequired":true,"valueName":"search_term_string"}}],"inLanguage":"es"},{"@type":"Organization","@id":"https:\/\/www.invicta.fr\/es\/#organization","name":"Invicta","url":"https:\/\/www.invicta.fr\/es\/","logo":{"@type":"ImageObject","inLanguage":"es","@id":"https:\/\/www.invicta.fr\/es\/#\/schema\/logo\/image\/","url":"https:\/\/www.invicta.fr\/wp-content\/uploads\/2019\/06\/INVICTALOGO_RVB.png","contentUrl":"https:\/\/www.invicta.fr\/wp-content\/uploads\/2019\/06\/INVICTALOGO_RVB.png","width":1810,"height":1280,"caption":"Invicta"},"image":{"@id":"https:\/\/www.invicta.fr\/es\/#\/schema\/logo\/image\/"}}]}},"_links":{"self":[{"href":"https:\/\/www.invicta.fr\/es\/wp-json\/wp\/v2\/pages\/27799","targetHints":{"allow":["GET"]}}],"collection":[{"href":"https:\/\/www.invicta.fr\/es\/wp-json\/wp\/v2\/pages"}],"about":[{"href":"https:\/\/www.invicta.fr\/es\/wp-json\/wp\/v2\/types\/page"}],"author":[{"embeddable":true,"href":"https:\/\/www.invicta.fr\/es\/wp-json\/wp\/v2\/users\/130"}],"replies":[{"embeddable":true,"href":"https:\/\/www.invicta.fr\/es\/wp-json\/wp\/v2\/comments?post=27799"}],"version-history":[{"count":1,"href":"https:\/\/www.invicta.fr\/es\/wp-json\/wp\/v2\/pages\/27799\/revisions"}],"predecessor-version":[{"id":65167,"href":"https:\/\/www.invicta.fr\/es\/wp-json\/wp\/v2\/pages\/27799\/revisions\/65167"}],"wp:attachment":[{"href":"https:\/\/www.invicta.fr\/es\/wp-json\/wp\/v2\/media?parent=27799"}],"curies":[{"name":"wp","href":"https:\/\/api.w.org\/{rel}","templated":true}]}}