{"id":28496,"date":"2019-10-22T12:10:51","date_gmt":"2019-10-22T10:10:51","guid":{"rendered":"https:\/\/www.invicta.fr\/?page_id=28496"},"modified":"2024-11-13T19:45:57","modified_gmt":"2024-11-13T18:45:57","slug":"menciones-legales","status":"publish","type":"page","link":"https:\/\/www.invicta.fr\/es\/menciones-legales\/","title":{"rendered":"Menciones legales"},"content":{"rendered":"<p>El sitio web www.invicta.fr es editado por INVICTA GROUP, cuyo nombre comercial es Invicta Group, en adelante \u00abInvicta\u00bb, sociedad por acciones simplificada con un capital social de 4.866.450,00 euros, inscrita en el Registro Mercantil y de Sociedades de Sedan con el n\u00famero 785 520 180 R.C.S. SEDAN, cuyo n\u00famero de IVA intracomunitario es FR66785520180.<\/p><p>Su domicilio social se encuentra en Zone Industrielle Lieudit La Gravette, 08350 DONCHERY.<\/p><p>El Director de la Publicaci\u00f3n es el Sr. Lionel Lascaux, en su calidad de representante legal de Invicta.<\/p><p>El sitio web est\u00e1 alojado por OVH, cuya sede social se encuentra en 2 rue de Kellermann, 59100, Roubaix.<\/p><p>Invicta est\u00e1 especializada en la fabricaci\u00f3n artesanal de calefactores de le\u00f1a innovadores (estufas, chimeneas e inserts, etc.), barbacoas, cer\u00e1mica culinaria, decoraci\u00f3n y mobiliario.<\/p><h2 class=\"wp-block-heading\">Cookies<\/h2><p>Cuando visita el sitio web, Invicta utiliza cookies para su funcionamiento, para optimizar la navegaci\u00f3n y para personalizar el contenido. Puede modificar o retirar su consentimiento en cualquier momento mientras navega por el sitio web desde el centro de gesti\u00f3n de preferencias.<\/p><h2 class=\"wp-block-heading\">Datos personales<\/h2><p>Sus datos personales son tratados por Invicta como responsable del tratamiento para los siguientes fines: funcionamiento del sitio web, estad\u00edsticas, contacto con Invicta a trav\u00e9s de formularios, solicitud de presupuestos, puesta en marcha y reparaci\u00f3n y\/o resoluci\u00f3n de problemas, compartici\u00f3n en redes sociales, contabilidad, proveedores, solicitud de ejercicio de derechos.<\/p><p>Usted dispone de los siguientes derechos en relaci\u00f3n con sus datos personales: acceso, rectificaci\u00f3n, supresi\u00f3n, portabilidad, limitaci\u00f3n, oposici\u00f3n, en particular al tratamiento con fines de prospecci\u00f3n comercial.<\/p><p>Para m\u00e1s informaci\u00f3n, consulte nuestra <a href=\"https:\/\/www.invicta.fr\/es\/politica-de-privacidad\/\">Pol\u00edtica de Privacidad y Cookies<\/a>.<\/p><h2 class=\"wp-block-heading\">Derechos de propiedad intelectual<\/h2><p>Invicta es el propietario exclusivo de los derechos de propiedad intelectual relativos a su sitio web y su contenido, incluyendo: marcas, logotipos, nombres de dominio, gr\u00e1ficos, textos, ilustraciones, fotograf\u00edas, bases de datos, im\u00e1genes y v\u00eddeos, ya sean visuales o sonoros.<\/p><p>Queda prohibida cualquier reproducci\u00f3n, representaci\u00f3n, distribuci\u00f3n, modificaci\u00f3n, adaptaci\u00f3n, traducci\u00f3n, publicaci\u00f3n o explotaci\u00f3n de todo o parte del contenido del sitio web o de los elementos que lo componen sin el consentimiento previo y expreso de Invicta.<\/p><p><strong>Fotograf\u00edas e informaci\u00f3n sobre productos<\/strong><\/p><p>Dise\u00f1os registrados. Todos los derechos reservados. Sitio web no contractual. Presentaci\u00f3n sugerida. Dimensiones y pesos indicativos. INVICTA se reserva el derecho de modificar sus modelos sin previo aviso.<\/p><p>A pesar del cuidado puesto en el tratamiento de la informaci\u00f3n, INVICTA GROUP SASU no se hace responsable de posibles errores u omisiones en la informaci\u00f3n publicada en este sitio. INVICTA GROUP SASU no se hace responsable de la interpretaci\u00f3n de la informaci\u00f3n contenida en este sitio, ni de las consecuencias de su uso. INVICTA GROUP se reserva el derecho de modificar sus modelos sin previo aviso. Las dimensiones y el peso son indicativos. Fotos no contractuales. Presentaci\u00f3n sugerida.<\/p><p><\/p><h2 class=\"wp-block-heading\">Ley contra los residuos<\/h2><p>En cumplimiento de sus obligaciones reglamentarias en virtud de los art\u00edculos L541-10 y siguientes del C\u00f3digo de Medio Ambiente franc\u00e9s, conocido como ley AGEC (Lucha contra el Gaspillage Alimentaire et l&#8217;Economie Circulaire), el GRUPO INVICTA es miembro de varias eco-organizaciones para la :<\/p><p>EPR EMBM (N\u00famero \u00fanico: FR211825_01SOKO), que le permite declarar y pagar una eco-contribuci\u00f3n en sus envases dom\u00e9sticos,<br><br>EPR ABJ (N\u00famero \u00fanico: FR218287_14EOCV) que le permite declarar y pagar una ecotasa sobre los productos de bricolaje y jardiner\u00eda,<br><br>REP PCMB (N\u00famero \u00fanico: FR218287_04TLLJ) que le permite declarar y pagar una ecocontribuci\u00f3n sobre los productos de construcci\u00f3n y los materiales para el sector de la construcci\u00f3n,<br><br>REP EEE (N\u00famero \u00fanico: FR022930_050J4T) que le permite declarar y pagar una ecocontribuci\u00f3n sobre los aparatos el\u00e9ctricos y electr\u00f3nicos.<\/p><h2 class=\"wp-block-heading\">Dise\u00f1o y producci\u00f3n<\/h2><p>Creado por <a href=\"https:\/\/www.axome.com\/expertises\/transformez-votre-presence-en-ligne-avec-un-site-wordpress\" target=\"_blank\" rel=\"noreferrer noopener\">la agencia Axome WordPress<\/a><\/p><p><\/p>","protected":false},"excerpt":{"rendered":"<p>El sitio web www.invicta.fr es editado por INVICTA GROUP, cuyo nombre comercial es Invicta Group, en adelante \u00abInvicta\u00bb, sociedad por acciones simplificada con un capital social de 4.866.450,00 euros, inscrita en el Registro Mercantil y de Sociedades de Sedan con el n\u00famero 785 520 180 R.C.S. SEDAN, cuyo n\u00famero de IVA intracomunitario es FR66785520180. Su [&hellip;]<\/p>\n","protected":false},"author":225,"featured_media":0,"parent":0,"menu_order":0,"comment_status":"closed","ping_status":"closed","template":"","meta":{"_acf_changed":false,"footnotes":""},"class_list":{"1":"page"},"acf":[],"yoast_head":"<!-- This site is optimized with the Yoast SEO plugin v24.7 - https:\/\/yoast.com\/wordpress\/plugins\/seo\/ -->\n<title>Menciones legales - Invicta<\/title>\n<meta name=\"description\" content=\"El sitio web www.invicta.fr es editado por INVICTA GROUP, cuyo nombre comercial es Invicta Group, en adelante \u00abInvicta\u00bb, sociedad por acciones\" \/>\n<meta name=\"robots\" content=\"index, follow, max-snippet:-1, max-image-preview:large, max-video-preview:-1\" \/>\n<link rel=\"canonical\" href=\"https:\/\/www.invicta.fr\/es\/menciones-legales\/\" \/>\n<meta property=\"og:locale\" content=\"es_ES\" \/>\n<meta property=\"og:type\" content=\"article\" \/>\n<meta property=\"og:title\" content=\"Menciones legales - Invicta\" \/>\n<meta property=\"og:description\" content=\"El sitio web www.invicta.fr es editado por INVICTA GROUP, cuyo nombre comercial es Invicta Group, en adelante \u00abInvicta\u00bb, sociedad por acciones\" \/>\n<meta property=\"og:url\" content=\"https:\/\/www.invicta.fr\/es\/menciones-legales\/\" \/>\n<meta property=\"og:site_name\" content=\"Invicta\" \/>\n<meta property=\"article:modified_time\" content=\"2024-11-13T18:45:57+00:00\" \/>\n<meta name=\"twitter:card\" content=\"summary_large_image\" \/>\n<meta name=\"twitter:label1\" content=\"Tiempo de lectura\" \/>\n\t<meta name=\"twitter:data1\" content=\"3 minutos\" \/>\n<script type=\"application\/ld+json\" class=\"yoast-schema-graph\">{\"@context\":\"https:\/\/schema.org\",\"@graph\":[{\"@type\":\"WebPage\",\"@id\":\"https:\/\/www.invicta.fr\/es\/menciones-legales\/\",\"url\":\"https:\/\/www.invicta.fr\/es\/menciones-legales\/\",\"name\":\"Menciones legales - Invicta\",\"isPartOf\":{\"@id\":\"https:\/\/www.invicta.fr\/es\/#website\"},\"datePublished\":\"2019-10-22T10:10:51+00:00\",\"dateModified\":\"2024-11-13T18:45:57+00:00\",\"description\":\"El sitio web www.invicta.fr es editado por INVICTA GROUP, cuyo nombre comercial es Invicta Group, en adelante \u00abInvicta\u00bb, sociedad por acciones\",\"breadcrumb\":{\"@id\":\"https:\/\/www.invicta.fr\/es\/menciones-legales\/#breadcrumb\"},\"inLanguage\":\"es\",\"potentialAction\":[{\"@type\":\"ReadAction\",\"target\":[\"https:\/\/www.invicta.fr\/es\/menciones-legales\/\"]}]},{\"@type\":\"BreadcrumbList\",\"@id\":\"https:\/\/www.invicta.fr\/es\/menciones-legales\/#breadcrumb\",\"itemListElement\":[{\"@type\":\"ListItem\",\"position\":1,\"name\":\"Inicio\",\"item\":\"https:\/\/www.invicta.fr\/es\/\"},{\"@type\":\"ListItem\",\"position\":2,\"name\":\"Menciones legales\"}]},{\"@type\":\"WebSite\",\"@id\":\"https:\/\/www.invicta.fr\/es\/#website\",\"url\":\"https:\/\/www.invicta.fr\/es\/\",\"name\":\"Invicta\",\"description\":\"Fabricant fran\u00e7ais, sp\u00e9cialiste europ\u00e9en du chauffage au bois : po\u00eales \u00e0 bois et \u00e0 granul\u00e9s, chemin\u00e9es, foyers et inserts\",\"publisher\":{\"@id\":\"https:\/\/www.invicta.fr\/es\/#organization\"},\"potentialAction\":[{\"@type\":\"SearchAction\",\"target\":{\"@type\":\"EntryPoint\",\"urlTemplate\":\"https:\/\/www.invicta.fr\/es\/?s={search_term_string}\"},\"query-input\":{\"@type\":\"PropertyValueSpecification\",\"valueRequired\":true,\"valueName\":\"search_term_string\"}}],\"inLanguage\":\"es\"},{\"@type\":\"Organization\",\"@id\":\"https:\/\/www.invicta.fr\/es\/#organization\",\"name\":\"Invicta\",\"url\":\"https:\/\/www.invicta.fr\/es\/\",\"logo\":{\"@type\":\"ImageObject\",\"inLanguage\":\"es\",\"@id\":\"https:\/\/www.invicta.fr\/es\/#\/schema\/logo\/image\/\",\"url\":\"https:\/\/www.invicta.fr\/wp-content\/uploads\/2019\/06\/INVICTALOGO_RVB.png\",\"contentUrl\":\"https:\/\/www.invicta.fr\/wp-content\/uploads\/2019\/06\/INVICTALOGO_RVB.png\",\"width\":1810,\"height\":1280,\"caption\":\"Invicta\"},\"image\":{\"@id\":\"https:\/\/www.invicta.fr\/es\/#\/schema\/logo\/image\/\"}}]}<\/script>\n<!-- \/ Yoast SEO plugin. -->","yoast_head_json":{"title":"Menciones legales - Invicta","description":"El sitio web www.invicta.fr es editado por INVICTA GROUP, cuyo nombre comercial es Invicta Group, en adelante \u00abInvicta\u00bb, sociedad por acciones","robots":{"index":"index","follow":"follow","max-snippet":"max-snippet:-1","max-image-preview":"max-image-preview:large","max-video-preview":"max-video-preview:-1"},"canonical":"https:\/\/www.invicta.fr\/es\/menciones-legales\/","og_locale":"es_ES","og_type":"article","og_title":"Menciones legales - Invicta","og_description":"El sitio web www.invicta.fr es editado por INVICTA GROUP, cuyo nombre comercial es Invicta Group, en adelante \u00abInvicta\u00bb, sociedad por acciones","og_url":"https:\/\/www.invicta.fr\/es\/menciones-legales\/","og_site_name":"Invicta","article_modified_time":"2024-11-13T18:45:57+00:00","twitter_card":"summary_large_image","twitter_misc":{"Tiempo de lectura":"3 minutos"},"schema":{"@context":"https:\/\/schema.org","@graph":[{"@type":"WebPage","@id":"https:\/\/www.invicta.fr\/es\/menciones-legales\/","url":"https:\/\/www.invicta.fr\/es\/menciones-legales\/","name":"Menciones legales - Invicta","isPartOf":{"@id":"https:\/\/www.invicta.fr\/es\/#website"},"datePublished":"2019-10-22T10:10:51+00:00","dateModified":"2024-11-13T18:45:57+00:00","description":"El sitio web www.invicta.fr es editado por INVICTA GROUP, cuyo nombre comercial es Invicta Group, en adelante \u00abInvicta\u00bb, sociedad por acciones","breadcrumb":{"@id":"https:\/\/www.invicta.fr\/es\/menciones-legales\/#breadcrumb"},"inLanguage":"es","potentialAction":[{"@type":"ReadAction","target":["https:\/\/www.invicta.fr\/es\/menciones-legales\/"]}]},{"@type":"BreadcrumbList","@id":"https:\/\/www.invicta.fr\/es\/menciones-legales\/#breadcrumb","itemListElement":[{"@type":"ListItem","position":1,"name":"Inicio","item":"https:\/\/www.invicta.fr\/es\/"},{"@type":"ListItem","position":2,"name":"Menciones legales"}]},{"@type":"WebSite","@id":"https:\/\/www.invicta.fr\/es\/#website","url":"https:\/\/www.invicta.fr\/es\/","name":"Invicta","description":"Fabricant fran\u00e7ais, sp\u00e9cialiste europ\u00e9en du chauffage au bois : po\u00eales \u00e0 bois et \u00e0 granul\u00e9s, chemin\u00e9es, foyers et inserts","publisher":{"@id":"https:\/\/www.invicta.fr\/es\/#organization"},"potentialAction":[{"@type":"SearchAction","target":{"@type":"EntryPoint","urlTemplate":"https:\/\/www.invicta.fr\/es\/?s={search_term_string}"},"query-input":{"@type":"PropertyValueSpecification","valueRequired":true,"valueName":"search_term_string"}}],"inLanguage":"es"},{"@type":"Organization","@id":"https:\/\/www.invicta.fr\/es\/#organization","name":"Invicta","url":"https:\/\/www.invicta.fr\/es\/","logo":{"@type":"ImageObject","inLanguage":"es","@id":"https:\/\/www.invicta.fr\/es\/#\/schema\/logo\/image\/","url":"https:\/\/www.invicta.fr\/wp-content\/uploads\/2019\/06\/INVICTALOGO_RVB.png","contentUrl":"https:\/\/www.invicta.fr\/wp-content\/uploads\/2019\/06\/INVICTALOGO_RVB.png","width":1810,"height":1280,"caption":"Invicta"},"image":{"@id":"https:\/\/www.invicta.fr\/es\/#\/schema\/logo\/image\/"}}]}},"_links":{"self":[{"href":"https:\/\/www.invicta.fr\/es\/wp-json\/wp\/v2\/pages\/28496","targetHints":{"allow":["GET"]}}],"collection":[{"href":"https:\/\/www.invicta.fr\/es\/wp-json\/wp\/v2\/pages"}],"about":[{"href":"https:\/\/www.invicta.fr\/es\/wp-json\/wp\/v2\/types\/page"}],"author":[{"embeddable":true,"href":"https:\/\/www.invicta.fr\/es\/wp-json\/wp\/v2\/users\/225"}],"replies":[{"embeddable":true,"href":"https:\/\/www.invicta.fr\/es\/wp-json\/wp\/v2\/comments?post=28496"}],"version-history":[{"count":10,"href":"https:\/\/www.invicta.fr\/es\/wp-json\/wp\/v2\/pages\/28496\/revisions"}],"predecessor-version":[{"id":63752,"href":"https:\/\/www.invicta.fr\/es\/wp-json\/wp\/v2\/pages\/28496\/revisions\/63752"}],"wp:attachment":[{"href":"https:\/\/www.invicta.fr\/es\/wp-json\/wp\/v2\/media?parent=28496"}],"curies":[{"name":"wp","href":"https:\/\/api.w.org\/{rel}","templated":true}]}}