{"id":27311,"date":"2019-07-10T15:31:44","date_gmt":"2019-10-04T14:48:24","guid":{"rendered":"https:\/\/www.invicta.fr\/produit\/estufa-de-hierro-fundido-norik\/"},"modified":"2026-04-15T14:38:26","modified_gmt":"2026-04-15T12:38:26","slug":"estufa-hierro-fundido-norik","status":"publish","type":"product","link":"https:\/\/www.invicta.fr\/es\/produit\/estufa-hierro-fundido-norik\/","title":{"rendered":"Estufa de Hierro fundido Norik"},"content":{"rendered":"","protected":false},"excerpt":{"rendered":"<p>Cree un rinc\u00f3n paradis\u00edaco y sucumba a las delicias y al bienestar que le ofrece la estufa de le\u00f1a Norik.<\/p>\n","protected":false},"featured_media":23744,"template":"","meta":{"_acf_changed":false},"product_brand":[],"product_cat":[2293,2470,6274,6149,6151,6146,6188,6232],"product_tag":[7108,2301,2303,2305,2306,2299,2295,7048,7049,6677],"plus_produit":[2287,2265,2284,6838,2263],"class_list":{"1":"product","4":"has-post-thumbnail","6":"product_cat-ayuda-en-la-eleccion","7":"product_cat-estufa-de-lena-de-hierro-fundido-y-acero","8":"product_cat-estufas-de-lena-de-6kw","9":"product_cat-estufas-de-lena-contemporaneas","10":"product_cat-estufas-de-lena-industriales","11":"product_cat-estufas-de-lena-modernas","12":"product_cat-pequenas-estufas-de-lena","13":"product_cat-estufas-de-lena-salida-trasera","14":"product_tag-en16510-es","15":"product_tag-flamme-verte-7","16":"product_tag-eco-design-2022-es","17":"product_tag-certificacion-ecolabel-a","18":"product_tag-hecho-en-francia","19":"product_tag-100-hierro-fundido","20":"product_tag-post-combustion-es","21":"product_tag-y-garantia-de-3-anos","22":"product_tag-y-garantie-extension-2ans-por","23":"product_tag-impuesto-de-credito-z-es","24":"pa_depart-des-fumees-encima-o-detras","25":"pa_diametre-de-buse-150-mm-es","26":"pa_taux-de-co-012-es","27":"plus_produit-aire-secundario-regulable","28":"plus_produit-vidrio-limpio","29":"plus_produit-garantia-de-origen-frances","30":"plus_produit-garantia-extendida-3-anos","31":"plus_produit-sistema-de-post-combustion","33":"first","34":"instock","35":"product-type-simple"},"acf":[],"yoast_head":"<!-- This site is optimized with the Yoast SEO plugin v24.7 - https:\/\/yoast.com\/wordpress\/plugins\/seo\/ -->\n<title>Estufa de Hierro fundido Norik - Invicta<\/title>\n<meta name=\"description\" content=\"Cree un rinc\u00f3n paradis\u00edaco y sucumba a las delicias y al bienestar que le ofrece la estufa de le\u00f1a Norik.\" \/>\n<meta name=\"robots\" content=\"index, follow, max-snippet:-1, max-image-preview:large, max-video-preview:-1\" \/>\n<link rel=\"canonical\" href=\"https:\/\/www.invicta.fr\/es\/produit\/estufa-hierro-fundido-norik\/\" \/>\n<meta property=\"og:locale\" content=\"es_ES\" \/>\n<meta property=\"og:type\" content=\"article\" \/>\n<meta property=\"og:title\" content=\"Estufa de Hierro fundido Norik - Invicta\" \/>\n<meta property=\"og:description\" content=\"Cree un rinc\u00f3n paradis\u00edaco y sucumba a las delicias y al bienestar que le ofrece la estufa de le\u00f1a Norik.\" \/>\n<meta property=\"og:url\" content=\"https:\/\/www.invicta.fr\/es\/produit\/estufa-hierro-fundido-norik\/\" \/>\n<meta property=\"og:site_name\" content=\"Invicta\" \/>\n<meta property=\"article:modified_time\" content=\"2026-04-15T12:38:26+00:00\" \/>\n<meta name=\"twitter:card\" content=\"summary_large_image\" \/>\n<script type=\"application\/ld+json\" class=\"yoast-schema-graph\">{\"@context\":\"https:\/\/schema.org\",\"@graph\":[{\"@type\":\"WebPage\",\"@id\":\"https:\/\/www.invicta.fr\/es\/produit\/estufa-hierro-fundido-norik\/\",\"url\":\"https:\/\/www.invicta.fr\/es\/produit\/estufa-hierro-fundido-norik\/\",\"name\":\"Estufa de Hierro fundido Norik - Invicta\",\"isPartOf\":{\"@id\":\"https:\/\/www.invicta.fr\/es\/#website\"},\"primaryImageOfPage\":{\"@id\":\"https:\/\/www.invicta.fr\/es\/produit\/estufa-hierro-fundido-norik\/#primaryimage\"},\"image\":{\"@id\":\"https:\/\/www.invicta.fr\/es\/produit\/estufa-hierro-fundido-norik\/#primaryimage\"},\"thumbnailUrl\":\"https:\/\/www.invicta.fr\/wp-content\/uploads\/2019\/09\/NEW-norik-949-cyclo_1431536818.jpg\",\"datePublished\":\"2019-10-04T14:48:24+00:00\",\"dateModified\":\"2026-04-15T12:38:26+00:00\",\"description\":\"Cree un rinc\u00f3n paradis\u00edaco y sucumba a las delicias y al bienestar que le ofrece la estufa de le\u00f1a Norik.\",\"breadcrumb\":{\"@id\":\"https:\/\/www.invicta.fr\/es\/produit\/estufa-hierro-fundido-norik\/#breadcrumb\"},\"inLanguage\":\"es\",\"potentialAction\":[{\"@type\":\"ReadAction\",\"target\":[\"https:\/\/www.invicta.fr\/es\/produit\/estufa-hierro-fundido-norik\/\"]}]},{\"@type\":\"ImageObject\",\"inLanguage\":\"es\",\"@id\":\"https:\/\/www.invicta.fr\/es\/produit\/estufa-hierro-fundido-norik\/#primaryimage\",\"url\":\"https:\/\/www.invicta.fr\/wp-content\/uploads\/2019\/09\/NEW-norik-949-cyclo_1431536818.jpg\",\"contentUrl\":\"https:\/\/www.invicta.fr\/wp-content\/uploads\/2019\/09\/NEW-norik-949-cyclo_1431536818.jpg\",\"width\":480,\"height\":489,\"caption\":\"Po\u00eale \u00e0 bois fonte Invicta Norik - 6 kW\"},{\"@type\":\"BreadcrumbList\",\"@id\":\"https:\/\/www.invicta.fr\/es\/produit\/estufa-hierro-fundido-norik\/#breadcrumb\",\"itemListElement\":[{\"@type\":\"ListItem\",\"position\":1,\"name\":\"Inicio\",\"item\":\"https:\/\/www.invicta.fr\/es\/\"},{\"@type\":\"ListItem\",\"position\":2,\"name\":\"Productos\",\"item\":\"https:\/\/www.invicta.fr\/es\/shop\/\"},{\"@type\":\"ListItem\",\"position\":3,\"name\":\"Estufas de le\u00f1a\",\"item\":\"https:\/\/www.invicta.fr\/es\/categorie-produit\/estufas-de-lena\/\"},{\"@type\":\"ListItem\",\"position\":4,\"name\":\"Estufas de le\u00f1a de hierro fundido y acero\",\"item\":\"https:\/\/www.invicta.fr\/es\/categorie-produit\/estufas-de-lena\/estufa-de-lena-de-hierro-fundido-y-acero\/\"},{\"@type\":\"ListItem\",\"position\":5,\"name\":\"Estufa de Hierro fundido Norik\"}]},{\"@type\":\"WebSite\",\"@id\":\"https:\/\/www.invicta.fr\/es\/#website\",\"url\":\"https:\/\/www.invicta.fr\/es\/\",\"name\":\"Invicta\",\"description\":\"Fabricant fran\u00e7ais, sp\u00e9cialiste europ\u00e9en du chauffage au bois : po\u00eales \u00e0 bois et \u00e0 granul\u00e9s, chemin\u00e9es, foyers et inserts\",\"publisher\":{\"@id\":\"https:\/\/www.invicta.fr\/es\/#organization\"},\"potentialAction\":[{\"@type\":\"SearchAction\",\"target\":{\"@type\":\"EntryPoint\",\"urlTemplate\":\"https:\/\/www.invicta.fr\/es\/?s={search_term_string}\"},\"query-input\":{\"@type\":\"PropertyValueSpecification\",\"valueRequired\":true,\"valueName\":\"search_term_string\"}}],\"inLanguage\":\"es\"},{\"@type\":\"Organization\",\"@id\":\"https:\/\/www.invicta.fr\/es\/#organization\",\"name\":\"Invicta\",\"url\":\"https:\/\/www.invicta.fr\/es\/\",\"logo\":{\"@type\":\"ImageObject\",\"inLanguage\":\"es\",\"@id\":\"https:\/\/www.invicta.fr\/es\/#\/schema\/logo\/image\/\",\"url\":\"https:\/\/www.invicta.fr\/wp-content\/uploads\/2019\/06\/INVICTALOGO_RVB.png\",\"contentUrl\":\"https:\/\/www.invicta.fr\/wp-content\/uploads\/2019\/06\/INVICTALOGO_RVB.png\",\"width\":1810,\"height\":1280,\"caption\":\"Invicta\"},\"image\":{\"@id\":\"https:\/\/www.invicta.fr\/es\/#\/schema\/logo\/image\/\"}}]}<\/script>\n<!-- \/ Yoast SEO plugin. -->","yoast_head_json":{"title":"Estufa de Hierro fundido Norik - Invicta","description":"Cree un rinc\u00f3n paradis\u00edaco y sucumba a las delicias y al bienestar que le ofrece la estufa de le\u00f1a Norik.","robots":{"index":"index","follow":"follow","max-snippet":"max-snippet:-1","max-image-preview":"max-image-preview:large","max-video-preview":"max-video-preview:-1"},"canonical":"https:\/\/www.invicta.fr\/es\/produit\/estufa-hierro-fundido-norik\/","og_locale":"es_ES","og_type":"article","og_title":"Estufa de Hierro fundido Norik - Invicta","og_description":"Cree un rinc\u00f3n paradis\u00edaco y sucumba a las delicias y al bienestar que le ofrece la estufa de le\u00f1a Norik.","og_url":"https:\/\/www.invicta.fr\/es\/produit\/estufa-hierro-fundido-norik\/","og_site_name":"Invicta","article_modified_time":"2026-04-15T12:38:26+00:00","twitter_card":"summary_large_image","schema":{"@context":"https:\/\/schema.org","@graph":[{"@type":"WebPage","@id":"https:\/\/www.invicta.fr\/es\/produit\/estufa-hierro-fundido-norik\/","url":"https:\/\/www.invicta.fr\/es\/produit\/estufa-hierro-fundido-norik\/","name":"Estufa de Hierro fundido Norik - Invicta","isPartOf":{"@id":"https:\/\/www.invicta.fr\/es\/#website"},"primaryImageOfPage":{"@id":"https:\/\/www.invicta.fr\/es\/produit\/estufa-hierro-fundido-norik\/#primaryimage"},"image":{"@id":"https:\/\/www.invicta.fr\/es\/produit\/estufa-hierro-fundido-norik\/#primaryimage"},"thumbnailUrl":"https:\/\/www.invicta.fr\/wp-content\/uploads\/2019\/09\/NEW-norik-949-cyclo_1431536818.jpg","datePublished":"2019-10-04T14:48:24+00:00","dateModified":"2026-04-15T12:38:26+00:00","description":"Cree un rinc\u00f3n paradis\u00edaco y sucumba a las delicias y al bienestar que le ofrece la estufa de le\u00f1a Norik.","breadcrumb":{"@id":"https:\/\/www.invicta.fr\/es\/produit\/estufa-hierro-fundido-norik\/#breadcrumb"},"inLanguage":"es","potentialAction":[{"@type":"ReadAction","target":["https:\/\/www.invicta.fr\/es\/produit\/estufa-hierro-fundido-norik\/"]}]},{"@type":"ImageObject","inLanguage":"es","@id":"https:\/\/www.invicta.fr\/es\/produit\/estufa-hierro-fundido-norik\/#primaryimage","url":"https:\/\/www.invicta.fr\/wp-content\/uploads\/2019\/09\/NEW-norik-949-cyclo_1431536818.jpg","contentUrl":"https:\/\/www.invicta.fr\/wp-content\/uploads\/2019\/09\/NEW-norik-949-cyclo_1431536818.jpg","width":480,"height":489,"caption":"Po\u00eale \u00e0 bois fonte Invicta Norik - 6 kW"},{"@type":"BreadcrumbList","@id":"https:\/\/www.invicta.fr\/es\/produit\/estufa-hierro-fundido-norik\/#breadcrumb","itemListElement":[{"@type":"ListItem","position":1,"name":"Inicio","item":"https:\/\/www.invicta.fr\/es\/"},{"@type":"ListItem","position":2,"name":"Productos","item":"https:\/\/www.invicta.fr\/es\/shop\/"},{"@type":"ListItem","position":3,"name":"Estufas de le\u00f1a","item":"https:\/\/www.invicta.fr\/es\/categorie-produit\/estufas-de-lena\/"},{"@type":"ListItem","position":4,"name":"Estufas de le\u00f1a de hierro fundido y acero","item":"https:\/\/www.invicta.fr\/es\/categorie-produit\/estufas-de-lena\/estufa-de-lena-de-hierro-fundido-y-acero\/"},{"@type":"ListItem","position":5,"name":"Estufa de Hierro fundido Norik"}]},{"@type":"WebSite","@id":"https:\/\/www.invicta.fr\/es\/#website","url":"https:\/\/www.invicta.fr\/es\/","name":"Invicta","description":"Fabricant fran\u00e7ais, sp\u00e9cialiste europ\u00e9en du chauffage au bois : po\u00eales \u00e0 bois et \u00e0 granul\u00e9s, chemin\u00e9es, foyers et inserts","publisher":{"@id":"https:\/\/www.invicta.fr\/es\/#organization"},"potentialAction":[{"@type":"SearchAction","target":{"@type":"EntryPoint","urlTemplate":"https:\/\/www.invicta.fr\/es\/?s={search_term_string}"},"query-input":{"@type":"PropertyValueSpecification","valueRequired":true,"valueName":"search_term_string"}}],"inLanguage":"es"},{"@type":"Organization","@id":"https:\/\/www.invicta.fr\/es\/#organization","name":"Invicta","url":"https:\/\/www.invicta.fr\/es\/","logo":{"@type":"ImageObject","inLanguage":"es","@id":"https:\/\/www.invicta.fr\/es\/#\/schema\/logo\/image\/","url":"https:\/\/www.invicta.fr\/wp-content\/uploads\/2019\/06\/INVICTALOGO_RVB.png","contentUrl":"https:\/\/www.invicta.fr\/wp-content\/uploads\/2019\/06\/INVICTALOGO_RVB.png","width":1810,"height":1280,"caption":"Invicta"},"image":{"@id":"https:\/\/www.invicta.fr\/es\/#\/schema\/logo\/image\/"}}]}},"_links":{"self":[{"href":"https:\/\/www.invicta.fr\/es\/wp-json\/wp\/v2\/product\/27311","targetHints":{"allow":["GET"]}}],"collection":[{"href":"https:\/\/www.invicta.fr\/es\/wp-json\/wp\/v2\/product"}],"about":[{"href":"https:\/\/www.invicta.fr\/es\/wp-json\/wp\/v2\/types\/product"}],"wp:featuredmedia":[{"embeddable":true,"href":"https:\/\/www.invicta.fr\/es\/wp-json\/wp\/v2\/media\/23744"}],"wp:attachment":[{"href":"https:\/\/www.invicta.fr\/es\/wp-json\/wp\/v2\/media?parent=27311"}],"wp:term":[{"taxonomy":"product_brand","embeddable":true,"href":"https:\/\/www.invicta.fr\/es\/wp-json\/wp\/v2\/product_brand?post=27311"},{"taxonomy":"product_cat","embeddable":true,"href":"https:\/\/www.invicta.fr\/es\/wp-json\/wp\/v2\/product_cat?post=27311"},{"taxonomy":"product_tag","embeddable":true,"href":"https:\/\/www.invicta.fr\/es\/wp-json\/wp\/v2\/product_tag?post=27311"},{"taxonomy":"plus_produit","embeddable":true,"href":"https:\/\/www.invicta.fr\/es\/wp-json\/wp\/v2\/plus_produit?post=27311"}],"curies":[{"name":"wp","href":"https:\/\/api.w.org\/{rel}","templated":true}]}}