{"id":27349,"date":"2019-07-02T16:33:49","date_gmt":"2019-10-04T14:48:41","guid":{"rendered":"https:\/\/www.invicta.fr\/produit\/estufa-hierro-fundido-aratos\/"},"modified":"2025-11-13T14:11:41","modified_gmt":"2025-11-13T13:11:41","slug":"estufa-hierro-fundido-aratos","status":"publish","type":"product","link":"https:\/\/www.invicta.fr\/es\/produit\/estufa-hierro-fundido-aratos\/","title":{"rendered":"Estufa Hierro fundido Aratos"},"content":{"rendered":"","protected":false},"excerpt":{"rendered":"<p>Aratos esboza las l\u00edneas de una habitaci\u00f3n moderna y eficazmente calentada. Con ella todo es calor y belleza. Comodidad, tranquilidad y placer.<\/p>\n","protected":false},"featured_media":1064,"template":"","meta":{"_acf_changed":false},"product_brand":[],"product_cat":[2293,2470,6187,6149,6145,6151,6146],"product_tag":[7108,2301,2303,2305,2306,7194,2299,2295,7048,7049,6677],"plus_produit":[2287,2265,2284,6838,2263],"class_list":{"1":"product","4":"has-post-thumbnail","6":"product_cat-ayuda-en-la-eleccion","7":"product_cat-estufa-de-lena-de-hierro-fundido-y-acero","8":"product_cat-estufas-de-lena-de-8-kw","9":"product_cat-estufas-de-lena-contemporaneas","10":"product_cat-estufas-de-lena-de-diseno","11":"product_cat-estufas-de-lena-industriales","12":"product_cat-estufas-de-lena-modernas","13":"product_tag-en16510-es","14":"product_tag-flamme-verte-7","15":"product_tag-eco-design-2022-es","16":"product_tag-certificacion-ecolabel-a","17":"product_tag-hecho-en-francia","18":"product_tag-blmschv2-es","19":"product_tag-100-hierro-fundido","20":"product_tag-post-combustion-es","21":"product_tag-y-garantia-de-3-anos","22":"product_tag-y-garantie-extension-2ans-por","23":"product_tag-impuesto-de-credito-z-es","24":"pa_depart-des-fumees-parte-superior","25":"pa_diametre-de-buse-150-mm-es","26":"pa_puissance-optimale-8-kw-es","27":"pa_surface-de-chauffe-de-40-a-100-m","28":"pa_taux-de-co-010-es","29":"pa_volume-de-chauffe-de-105-a-240-m","30":"plus_produit-aire-secundario-regulable","31":"plus_produit-vidrio-limpio","32":"plus_produit-garantia-de-origen-frances","33":"plus_produit-garantia-extendida-3-anos","34":"plus_produit-sistema-de-post-combustion","36":"first","37":"instock","38":"product-type-simple"},"acf":[],"yoast_head":"<!-- This site is optimized with the Yoast SEO plugin v24.7 - https:\/\/yoast.com\/wordpress\/plugins\/seo\/ -->\n<title>Estufa Hierro fundido Aratos - Invicta<\/title>\n<meta name=\"description\" content=\"Aratos esboza las l\u00edneas de una habitaci\u00f3n moderna y eficazmente calentada. Con ella todo es calor y belleza. Comodidad, tranquilidad y placer.\" \/>\n<meta name=\"robots\" content=\"index, follow, max-snippet:-1, max-image-preview:large, max-video-preview:-1\" \/>\n<link rel=\"canonical\" href=\"https:\/\/www.invicta.fr\/es\/produit\/estufa-hierro-fundido-aratos\/\" \/>\n<meta property=\"og:locale\" content=\"es_ES\" \/>\n<meta property=\"og:type\" content=\"article\" \/>\n<meta property=\"og:title\" content=\"Estufa Hierro fundido Aratos - Invicta\" \/>\n<meta property=\"og:description\" content=\"Aratos esboza las l\u00edneas de una habitaci\u00f3n moderna y eficazmente calentada. Con ella todo es calor y belleza. Comodidad, tranquilidad y placer.\" \/>\n<meta property=\"og:url\" content=\"https:\/\/www.invicta.fr\/es\/produit\/estufa-hierro-fundido-aratos\/\" \/>\n<meta property=\"og:site_name\" content=\"Invicta\" \/>\n<meta property=\"article:modified_time\" content=\"2025-11-13T13:11:41+00:00\" \/>\n<meta name=\"twitter:card\" content=\"summary_large_image\" \/>\n<script type=\"application\/ld+json\" class=\"yoast-schema-graph\">{\"@context\":\"https:\/\/schema.org\",\"@graph\":[{\"@type\":\"WebPage\",\"@id\":\"https:\/\/www.invicta.fr\/es\/produit\/estufa-hierro-fundido-aratos\/\",\"url\":\"https:\/\/www.invicta.fr\/es\/produit\/estufa-hierro-fundido-aratos\/\",\"name\":\"Estufa Hierro fundido Aratos - Invicta\",\"isPartOf\":{\"@id\":\"https:\/\/www.invicta.fr\/es\/#website\"},\"primaryImageOfPage\":{\"@id\":\"https:\/\/www.invicta.fr\/es\/produit\/estufa-hierro-fundido-aratos\/#primaryimage\"},\"image\":{\"@id\":\"https:\/\/www.invicta.fr\/es\/produit\/estufa-hierro-fundido-aratos\/#primaryimage\"},\"thumbnailUrl\":\"https:\/\/www.invicta.fr\/wp-content\/uploads\/2019\/07\/aratos_cyclo_poele_a_bois.jpg\",\"datePublished\":\"2019-10-04T14:48:41+00:00\",\"dateModified\":\"2025-11-13T13:11:41+00:00\",\"description\":\"Aratos esboza las l\u00edneas de una habitaci\u00f3n moderna y eficazmente calentada. Con ella todo es calor y belleza. Comodidad, tranquilidad y placer.\",\"breadcrumb\":{\"@id\":\"https:\/\/www.invicta.fr\/es\/produit\/estufa-hierro-fundido-aratos\/#breadcrumb\"},\"inLanguage\":\"es\",\"potentialAction\":[{\"@type\":\"ReadAction\",\"target\":[\"https:\/\/www.invicta.fr\/es\/produit\/estufa-hierro-fundido-aratos\/\"]}]},{\"@type\":\"ImageObject\",\"inLanguage\":\"es\",\"@id\":\"https:\/\/www.invicta.fr\/es\/produit\/estufa-hierro-fundido-aratos\/#primaryimage\",\"url\":\"https:\/\/www.invicta.fr\/wp-content\/uploads\/2019\/07\/aratos_cyclo_poele_a_bois.jpg\",\"contentUrl\":\"https:\/\/www.invicta.fr\/wp-content\/uploads\/2019\/07\/aratos_cyclo_poele_a_bois.jpg\",\"width\":596,\"height\":900,\"caption\":\"Po\u00eale \u00e0 bois fonte Invicta Aratos - 8 kW\"},{\"@type\":\"BreadcrumbList\",\"@id\":\"https:\/\/www.invicta.fr\/es\/produit\/estufa-hierro-fundido-aratos\/#breadcrumb\",\"itemListElement\":[{\"@type\":\"ListItem\",\"position\":1,\"name\":\"Inicio\",\"item\":\"https:\/\/www.invicta.fr\/es\/\"},{\"@type\":\"ListItem\",\"position\":2,\"name\":\"Productos\",\"item\":\"https:\/\/www.invicta.fr\/es\/shop\/\"},{\"@type\":\"ListItem\",\"position\":3,\"name\":\"Estufas de le\u00f1a\",\"item\":\"https:\/\/www.invicta.fr\/es\/categorie-produit\/estufas-de-lena\/\"},{\"@type\":\"ListItem\",\"position\":4,\"name\":\"Estufas de le\u00f1a de hierro fundido y acero\",\"item\":\"https:\/\/www.invicta.fr\/es\/categorie-produit\/estufas-de-lena\/estufa-de-lena-de-hierro-fundido-y-acero\/\"},{\"@type\":\"ListItem\",\"position\":5,\"name\":\"Estufa Hierro fundido Aratos\"}]},{\"@type\":\"WebSite\",\"@id\":\"https:\/\/www.invicta.fr\/es\/#website\",\"url\":\"https:\/\/www.invicta.fr\/es\/\",\"name\":\"Invicta\",\"description\":\"Fabricant fran\u00e7ais, sp\u00e9cialiste europ\u00e9en du chauffage au bois : po\u00eales \u00e0 bois et \u00e0 granul\u00e9s, chemin\u00e9es, foyers et inserts\",\"publisher\":{\"@id\":\"https:\/\/www.invicta.fr\/es\/#organization\"},\"potentialAction\":[{\"@type\":\"SearchAction\",\"target\":{\"@type\":\"EntryPoint\",\"urlTemplate\":\"https:\/\/www.invicta.fr\/es\/?s={search_term_string}\"},\"query-input\":{\"@type\":\"PropertyValueSpecification\",\"valueRequired\":true,\"valueName\":\"search_term_string\"}}],\"inLanguage\":\"es\"},{\"@type\":\"Organization\",\"@id\":\"https:\/\/www.invicta.fr\/es\/#organization\",\"name\":\"Invicta\",\"url\":\"https:\/\/www.invicta.fr\/es\/\",\"logo\":{\"@type\":\"ImageObject\",\"inLanguage\":\"es\",\"@id\":\"https:\/\/www.invicta.fr\/es\/#\/schema\/logo\/image\/\",\"url\":\"https:\/\/www.invicta.fr\/wp-content\/uploads\/2019\/06\/INVICTALOGO_RVB.png\",\"contentUrl\":\"https:\/\/www.invicta.fr\/wp-content\/uploads\/2019\/06\/INVICTALOGO_RVB.png\",\"width\":1810,\"height\":1280,\"caption\":\"Invicta\"},\"image\":{\"@id\":\"https:\/\/www.invicta.fr\/es\/#\/schema\/logo\/image\/\"}}]}<\/script>\n<!-- \/ Yoast SEO plugin. -->","yoast_head_json":{"title":"Estufa Hierro fundido Aratos - Invicta","description":"Aratos esboza las l\u00edneas de una habitaci\u00f3n moderna y eficazmente calentada. Con ella todo es calor y belleza. Comodidad, tranquilidad y placer.","robots":{"index":"index","follow":"follow","max-snippet":"max-snippet:-1","max-image-preview":"max-image-preview:large","max-video-preview":"max-video-preview:-1"},"canonical":"https:\/\/www.invicta.fr\/es\/produit\/estufa-hierro-fundido-aratos\/","og_locale":"es_ES","og_type":"article","og_title":"Estufa Hierro fundido Aratos - Invicta","og_description":"Aratos esboza las l\u00edneas de una habitaci\u00f3n moderna y eficazmente calentada. Con ella todo es calor y belleza. Comodidad, tranquilidad y placer.","og_url":"https:\/\/www.invicta.fr\/es\/produit\/estufa-hierro-fundido-aratos\/","og_site_name":"Invicta","article_modified_time":"2025-11-13T13:11:41+00:00","twitter_card":"summary_large_image","schema":{"@context":"https:\/\/schema.org","@graph":[{"@type":"WebPage","@id":"https:\/\/www.invicta.fr\/es\/produit\/estufa-hierro-fundido-aratos\/","url":"https:\/\/www.invicta.fr\/es\/produit\/estufa-hierro-fundido-aratos\/","name":"Estufa Hierro fundido Aratos - Invicta","isPartOf":{"@id":"https:\/\/www.invicta.fr\/es\/#website"},"primaryImageOfPage":{"@id":"https:\/\/www.invicta.fr\/es\/produit\/estufa-hierro-fundido-aratos\/#primaryimage"},"image":{"@id":"https:\/\/www.invicta.fr\/es\/produit\/estufa-hierro-fundido-aratos\/#primaryimage"},"thumbnailUrl":"https:\/\/www.invicta.fr\/wp-content\/uploads\/2019\/07\/aratos_cyclo_poele_a_bois.jpg","datePublished":"2019-10-04T14:48:41+00:00","dateModified":"2025-11-13T13:11:41+00:00","description":"Aratos esboza las l\u00edneas de una habitaci\u00f3n moderna y eficazmente calentada. Con ella todo es calor y belleza. Comodidad, tranquilidad y placer.","breadcrumb":{"@id":"https:\/\/www.invicta.fr\/es\/produit\/estufa-hierro-fundido-aratos\/#breadcrumb"},"inLanguage":"es","potentialAction":[{"@type":"ReadAction","target":["https:\/\/www.invicta.fr\/es\/produit\/estufa-hierro-fundido-aratos\/"]}]},{"@type":"ImageObject","inLanguage":"es","@id":"https:\/\/www.invicta.fr\/es\/produit\/estufa-hierro-fundido-aratos\/#primaryimage","url":"https:\/\/www.invicta.fr\/wp-content\/uploads\/2019\/07\/aratos_cyclo_poele_a_bois.jpg","contentUrl":"https:\/\/www.invicta.fr\/wp-content\/uploads\/2019\/07\/aratos_cyclo_poele_a_bois.jpg","width":596,"height":900,"caption":"Po\u00eale \u00e0 bois fonte Invicta Aratos - 8 kW"},{"@type":"BreadcrumbList","@id":"https:\/\/www.invicta.fr\/es\/produit\/estufa-hierro-fundido-aratos\/#breadcrumb","itemListElement":[{"@type":"ListItem","position":1,"name":"Inicio","item":"https:\/\/www.invicta.fr\/es\/"},{"@type":"ListItem","position":2,"name":"Productos","item":"https:\/\/www.invicta.fr\/es\/shop\/"},{"@type":"ListItem","position":3,"name":"Estufas de le\u00f1a","item":"https:\/\/www.invicta.fr\/es\/categorie-produit\/estufas-de-lena\/"},{"@type":"ListItem","position":4,"name":"Estufas de le\u00f1a de hierro fundido y acero","item":"https:\/\/www.invicta.fr\/es\/categorie-produit\/estufas-de-lena\/estufa-de-lena-de-hierro-fundido-y-acero\/"},{"@type":"ListItem","position":5,"name":"Estufa Hierro fundido Aratos"}]},{"@type":"WebSite","@id":"https:\/\/www.invicta.fr\/es\/#website","url":"https:\/\/www.invicta.fr\/es\/","name":"Invicta","description":"Fabricant fran\u00e7ais, sp\u00e9cialiste europ\u00e9en du chauffage au bois : po\u00eales \u00e0 bois et \u00e0 granul\u00e9s, chemin\u00e9es, foyers et inserts","publisher":{"@id":"https:\/\/www.invicta.fr\/es\/#organization"},"potentialAction":[{"@type":"SearchAction","target":{"@type":"EntryPoint","urlTemplate":"https:\/\/www.invicta.fr\/es\/?s={search_term_string}"},"query-input":{"@type":"PropertyValueSpecification","valueRequired":true,"valueName":"search_term_string"}}],"inLanguage":"es"},{"@type":"Organization","@id":"https:\/\/www.invicta.fr\/es\/#organization","name":"Invicta","url":"https:\/\/www.invicta.fr\/es\/","logo":{"@type":"ImageObject","inLanguage":"es","@id":"https:\/\/www.invicta.fr\/es\/#\/schema\/logo\/image\/","url":"https:\/\/www.invicta.fr\/wp-content\/uploads\/2019\/06\/INVICTALOGO_RVB.png","contentUrl":"https:\/\/www.invicta.fr\/wp-content\/uploads\/2019\/06\/INVICTALOGO_RVB.png","width":1810,"height":1280,"caption":"Invicta"},"image":{"@id":"https:\/\/www.invicta.fr\/es\/#\/schema\/logo\/image\/"}}]}},"_links":{"self":[{"href":"https:\/\/www.invicta.fr\/es\/wp-json\/wp\/v2\/product\/27349","targetHints":{"allow":["GET"]}}],"collection":[{"href":"https:\/\/www.invicta.fr\/es\/wp-json\/wp\/v2\/product"}],"about":[{"href":"https:\/\/www.invicta.fr\/es\/wp-json\/wp\/v2\/types\/product"}],"wp:featuredmedia":[{"embeddable":true,"href":"https:\/\/www.invicta.fr\/es\/wp-json\/wp\/v2\/media\/1064"}],"wp:attachment":[{"href":"https:\/\/www.invicta.fr\/es\/wp-json\/wp\/v2\/media?parent=27349"}],"wp:term":[{"taxonomy":"product_brand","embeddable":true,"href":"https:\/\/www.invicta.fr\/es\/wp-json\/wp\/v2\/product_brand?post=27349"},{"taxonomy":"product_cat","embeddable":true,"href":"https:\/\/www.invicta.fr\/es\/wp-json\/wp\/v2\/product_cat?post=27349"},{"taxonomy":"product_tag","embeddable":true,"href":"https:\/\/www.invicta.fr\/es\/wp-json\/wp\/v2\/product_tag?post=27349"},{"taxonomy":"plus_produit","embeddable":true,"href":"https:\/\/www.invicta.fr\/es\/wp-json\/wp\/v2\/plus_produit?post=27349"}],"curies":[{"name":"wp","href":"https:\/\/api.w.org\/{rel}","templated":true}]}}