{"id":27394,"date":"2019-07-11T14:39:08","date_gmt":"2019-10-07T09:54:19","guid":{"rendered":"https:\/\/www.invicta.fr\/produit\/insert-700-grande-vision-turbo\/"},"modified":"2025-07-08T09:56:43","modified_gmt":"2025-07-08T07:56:43","slug":"insert-700-grande-vision-turbo-2018-2","status":"publish","type":"product","link":"https:\/\/www.invicta.fr\/es\/produit\/insert-700-grande-vision-turbo-2018-2\/","title":{"rendered":"Insert 700 Grande Vision Turbo"},"content":{"rendered":"","protected":false},"excerpt":{"rendered":"<p>Este modelo le permitir\u00e1 transformar su chimenea en una soluci\u00f3n de calefacci\u00f3n eficiente y eficaz. Crear\u00e1 un ambiente c\u00e1lido en su hogar.<\/p>\n","protected":false},"featured_media":0,"template":"","meta":{"_acf_changed":false},"product_brand":[],"product_cat":[2293,2669,6896],"product_tag":[2301,2303,2305,2306,2670,2295,6677],"plus_produit":[2278,2668,2284,2263,2685],"class_list":{"1":"product","5":"product_cat-ayuda-en-la-eleccion","6":"product_cat-insertos-de-lena-para-chimeneas","7":"product_cat-inserts-de-lena","8":"product_tag-flamme-verte-7","9":"product_tag-eco-design-2022-es","10":"product_tag-certificacion-ecolabel-a","11":"product_tag-hecho-en-francia","12":"product_tag-hierro-fundido-y-carenado-de-acero","13":"product_tag-post-combustion-es","14":"product_tag-impuesto-de-credito-z-es","15":"pa_depart-des-fumees-parte-superior","16":"pa_diametre-de-buse-200-mm-es-2","17":"pa_modulation-de-puissance-de-65-a-15-kw","18":"pa_options-accessoires-manguitos-de-salida-de-aire-caliente","19":"pa_puissance-10-kw-es","20":"pa_surface-de-chauffe-55-120-m-es","21":"pa_taux-de-co-012-es","22":"pa_volume-de-chauffe-135-300-m-es","23":"plus_produit-combustion-intermitente-y-prolongada-3-horas","24":"plus_produit-distribucion-de-aire-caliente-mediante-ventilacion-forzada","25":"plus_produit-garantia-de-origen-frances","26":"plus_produit-sistema-de-post-combustion","27":"plus_produit-tubos-opcionales","29":"first","30":"instock","31":"product-type-simple"},"acf":[],"yoast_head":"<!-- This site is optimized with the Yoast SEO plugin v24.7 - https:\/\/yoast.com\/wordpress\/plugins\/seo\/ -->\n<title>Insert 700 Grande Vision Turbo - Invicta<\/title>\n<meta name=\"description\" content=\"Este modelo le permitir\u00e1 transformar su chimenea en una soluci\u00f3n de calefacci\u00f3n eficiente y eficaz. Crear\u00e1 un ambiente c\u00e1lido en su hogar.\" \/>\n<meta name=\"robots\" content=\"index, follow, max-snippet:-1, max-image-preview:large, max-video-preview:-1\" \/>\n<link rel=\"canonical\" href=\"https:\/\/www.invicta.fr\/es\/produit\/insert-700-grande-vision-turbo-2018-2\/\" \/>\n<meta property=\"og:locale\" content=\"es_ES\" \/>\n<meta property=\"og:type\" content=\"article\" \/>\n<meta property=\"og:title\" content=\"Insert 700 Grande Vision Turbo - Invicta\" \/>\n<meta property=\"og:description\" content=\"Este modelo le permitir\u00e1 transformar su chimenea en una soluci\u00f3n de calefacci\u00f3n eficiente y eficaz. Crear\u00e1 un ambiente c\u00e1lido en su hogar.\" \/>\n<meta property=\"og:url\" content=\"https:\/\/www.invicta.fr\/es\/produit\/insert-700-grande-vision-turbo-2018-2\/\" \/>\n<meta property=\"og:site_name\" content=\"Invicta\" \/>\n<meta property=\"article:modified_time\" content=\"2025-07-08T07:56:43+00:00\" \/>\n<meta name=\"twitter:card\" content=\"summary_large_image\" \/>\n<script type=\"application\/ld+json\" class=\"yoast-schema-graph\">{\"@context\":\"https:\/\/schema.org\",\"@graph\":[{\"@type\":\"WebPage\",\"@id\":\"https:\/\/www.invicta.fr\/es\/produit\/insert-700-grande-vision-turbo-2018-2\/\",\"url\":\"https:\/\/www.invicta.fr\/es\/produit\/insert-700-grande-vision-turbo-2018-2\/\",\"name\":\"Insert 700 Grande Vision Turbo - Invicta\",\"isPartOf\":{\"@id\":\"https:\/\/www.invicta.fr\/es\/#website\"},\"datePublished\":\"2019-10-07T09:54:19+00:00\",\"dateModified\":\"2025-07-08T07:56:43+00:00\",\"description\":\"Este modelo le permitir\u00e1 transformar su chimenea en una soluci\u00f3n de calefacci\u00f3n eficiente y eficaz. Crear\u00e1 un ambiente c\u00e1lido en su hogar.\",\"breadcrumb\":{\"@id\":\"https:\/\/www.invicta.fr\/es\/produit\/insert-700-grande-vision-turbo-2018-2\/#breadcrumb\"},\"inLanguage\":\"es\",\"potentialAction\":[{\"@type\":\"ReadAction\",\"target\":[\"https:\/\/www.invicta.fr\/es\/produit\/insert-700-grande-vision-turbo-2018-2\/\"]}]},{\"@type\":\"BreadcrumbList\",\"@id\":\"https:\/\/www.invicta.fr\/es\/produit\/insert-700-grande-vision-turbo-2018-2\/#breadcrumb\",\"itemListElement\":[{\"@type\":\"ListItem\",\"position\":1,\"name\":\"Inicio\",\"item\":\"https:\/\/www.invicta.fr\/es\/\"},{\"@type\":\"ListItem\",\"position\":2,\"name\":\"Productos\",\"item\":\"https:\/\/www.invicta.fr\/es\/shop\/\"},{\"@type\":\"ListItem\",\"position\":3,\"name\":\"Chimeneas e insertos\",\"item\":\"https:\/\/www.invicta.fr\/es\/categorie-produit\/chemineas-insertos\/\"},{\"@type\":\"ListItem\",\"position\":4,\"name\":\"Insertos de le\u00f1a para chimeneas\",\"item\":\"https:\/\/www.invicta.fr\/es\/categorie-produit\/chemineas-insertos\/insertos-de-lena-para-chimeneas\/\"},{\"@type\":\"ListItem\",\"position\":5,\"name\":\"Insert 700 Grande Vision Turbo\"}]},{\"@type\":\"WebSite\",\"@id\":\"https:\/\/www.invicta.fr\/es\/#website\",\"url\":\"https:\/\/www.invicta.fr\/es\/\",\"name\":\"Invicta\",\"description\":\"Fabricant fran\u00e7ais, sp\u00e9cialiste europ\u00e9en du chauffage au bois : po\u00eales \u00e0 bois et \u00e0 granul\u00e9s, chemin\u00e9es, foyers et inserts\",\"publisher\":{\"@id\":\"https:\/\/www.invicta.fr\/es\/#organization\"},\"potentialAction\":[{\"@type\":\"SearchAction\",\"target\":{\"@type\":\"EntryPoint\",\"urlTemplate\":\"https:\/\/www.invicta.fr\/es\/?s={search_term_string}\"},\"query-input\":{\"@type\":\"PropertyValueSpecification\",\"valueRequired\":true,\"valueName\":\"search_term_string\"}}],\"inLanguage\":\"es\"},{\"@type\":\"Organization\",\"@id\":\"https:\/\/www.invicta.fr\/es\/#organization\",\"name\":\"Invicta\",\"url\":\"https:\/\/www.invicta.fr\/es\/\",\"logo\":{\"@type\":\"ImageObject\",\"inLanguage\":\"es\",\"@id\":\"https:\/\/www.invicta.fr\/es\/#\/schema\/logo\/image\/\",\"url\":\"https:\/\/www.invicta.fr\/wp-content\/uploads\/2019\/06\/INVICTALOGO_RVB.png\",\"contentUrl\":\"https:\/\/www.invicta.fr\/wp-content\/uploads\/2019\/06\/INVICTALOGO_RVB.png\",\"width\":1810,\"height\":1280,\"caption\":\"Invicta\"},\"image\":{\"@id\":\"https:\/\/www.invicta.fr\/es\/#\/schema\/logo\/image\/\"}}]}<\/script>\n<!-- \/ Yoast SEO plugin. -->","yoast_head_json":{"title":"Insert 700 Grande Vision Turbo - Invicta","description":"Este modelo le permitir\u00e1 transformar su chimenea en una soluci\u00f3n de calefacci\u00f3n eficiente y eficaz. Crear\u00e1 un ambiente c\u00e1lido en su hogar.","robots":{"index":"index","follow":"follow","max-snippet":"max-snippet:-1","max-image-preview":"max-image-preview:large","max-video-preview":"max-video-preview:-1"},"canonical":"https:\/\/www.invicta.fr\/es\/produit\/insert-700-grande-vision-turbo-2018-2\/","og_locale":"es_ES","og_type":"article","og_title":"Insert 700 Grande Vision Turbo - Invicta","og_description":"Este modelo le permitir\u00e1 transformar su chimenea en una soluci\u00f3n de calefacci\u00f3n eficiente y eficaz. Crear\u00e1 un ambiente c\u00e1lido en su hogar.","og_url":"https:\/\/www.invicta.fr\/es\/produit\/insert-700-grande-vision-turbo-2018-2\/","og_site_name":"Invicta","article_modified_time":"2025-07-08T07:56:43+00:00","twitter_card":"summary_large_image","schema":{"@context":"https:\/\/schema.org","@graph":[{"@type":"WebPage","@id":"https:\/\/www.invicta.fr\/es\/produit\/insert-700-grande-vision-turbo-2018-2\/","url":"https:\/\/www.invicta.fr\/es\/produit\/insert-700-grande-vision-turbo-2018-2\/","name":"Insert 700 Grande Vision Turbo - Invicta","isPartOf":{"@id":"https:\/\/www.invicta.fr\/es\/#website"},"datePublished":"2019-10-07T09:54:19+00:00","dateModified":"2025-07-08T07:56:43+00:00","description":"Este modelo le permitir\u00e1 transformar su chimenea en una soluci\u00f3n de calefacci\u00f3n eficiente y eficaz. Crear\u00e1 un ambiente c\u00e1lido en su hogar.","breadcrumb":{"@id":"https:\/\/www.invicta.fr\/es\/produit\/insert-700-grande-vision-turbo-2018-2\/#breadcrumb"},"inLanguage":"es","potentialAction":[{"@type":"ReadAction","target":["https:\/\/www.invicta.fr\/es\/produit\/insert-700-grande-vision-turbo-2018-2\/"]}]},{"@type":"BreadcrumbList","@id":"https:\/\/www.invicta.fr\/es\/produit\/insert-700-grande-vision-turbo-2018-2\/#breadcrumb","itemListElement":[{"@type":"ListItem","position":1,"name":"Inicio","item":"https:\/\/www.invicta.fr\/es\/"},{"@type":"ListItem","position":2,"name":"Productos","item":"https:\/\/www.invicta.fr\/es\/shop\/"},{"@type":"ListItem","position":3,"name":"Chimeneas e insertos","item":"https:\/\/www.invicta.fr\/es\/categorie-produit\/chemineas-insertos\/"},{"@type":"ListItem","position":4,"name":"Insertos de le\u00f1a para chimeneas","item":"https:\/\/www.invicta.fr\/es\/categorie-produit\/chemineas-insertos\/insertos-de-lena-para-chimeneas\/"},{"@type":"ListItem","position":5,"name":"Insert 700 Grande Vision Turbo"}]},{"@type":"WebSite","@id":"https:\/\/www.invicta.fr\/es\/#website","url":"https:\/\/www.invicta.fr\/es\/","name":"Invicta","description":"Fabricant fran\u00e7ais, sp\u00e9cialiste europ\u00e9en du chauffage au bois : po\u00eales \u00e0 bois et \u00e0 granul\u00e9s, chemin\u00e9es, foyers et inserts","publisher":{"@id":"https:\/\/www.invicta.fr\/es\/#organization"},"potentialAction":[{"@type":"SearchAction","target":{"@type":"EntryPoint","urlTemplate":"https:\/\/www.invicta.fr\/es\/?s={search_term_string}"},"query-input":{"@type":"PropertyValueSpecification","valueRequired":true,"valueName":"search_term_string"}}],"inLanguage":"es"},{"@type":"Organization","@id":"https:\/\/www.invicta.fr\/es\/#organization","name":"Invicta","url":"https:\/\/www.invicta.fr\/es\/","logo":{"@type":"ImageObject","inLanguage":"es","@id":"https:\/\/www.invicta.fr\/es\/#\/schema\/logo\/image\/","url":"https:\/\/www.invicta.fr\/wp-content\/uploads\/2019\/06\/INVICTALOGO_RVB.png","contentUrl":"https:\/\/www.invicta.fr\/wp-content\/uploads\/2019\/06\/INVICTALOGO_RVB.png","width":1810,"height":1280,"caption":"Invicta"},"image":{"@id":"https:\/\/www.invicta.fr\/es\/#\/schema\/logo\/image\/"}}]}},"_links":{"self":[{"href":"https:\/\/www.invicta.fr\/es\/wp-json\/wp\/v2\/product\/27394","targetHints":{"allow":["GET"]}}],"collection":[{"href":"https:\/\/www.invicta.fr\/es\/wp-json\/wp\/v2\/product"}],"about":[{"href":"https:\/\/www.invicta.fr\/es\/wp-json\/wp\/v2\/types\/product"}],"wp:attachment":[{"href":"https:\/\/www.invicta.fr\/es\/wp-json\/wp\/v2\/media?parent=27394"}],"wp:term":[{"taxonomy":"product_brand","embeddable":true,"href":"https:\/\/www.invicta.fr\/es\/wp-json\/wp\/v2\/product_brand?post=27394"},{"taxonomy":"product_cat","embeddable":true,"href":"https:\/\/www.invicta.fr\/es\/wp-json\/wp\/v2\/product_cat?post=27394"},{"taxonomy":"product_tag","embeddable":true,"href":"https:\/\/www.invicta.fr\/es\/wp-json\/wp\/v2\/product_tag?post=27394"},{"taxonomy":"plus_produit","embeddable":true,"href":"https:\/\/www.invicta.fr\/es\/wp-json\/wp\/v2\/plus_produit?post=27394"}],"curies":[{"name":"wp","href":"https:\/\/api.w.org\/{rel}","templated":true}]}}