{"id":27419,"date":"2019-07-10T11:42:52","date_gmt":"2019-10-07T09:54:31","guid":{"rendered":"https:\/\/www.invicta.fr\/produit\/soporte-con-patas\/"},"modified":"2019-10-07T11:54:31","modified_gmt":"2019-10-07T09:54:31","slug":"soporte-con-patas","status":"publish","type":"product","link":"https:\/\/www.invicta.fr\/es\/produit\/soporte-con-patas\/","title":{"rendered":"Soporte con patas"},"content":{"rendered":"","protected":false},"excerpt":{"rendered":"<p>Este soporte con patas puede ser utilizado para colocar encima su hogar:<\/p>\n<p>550 \/ 750 Roche<\/p>\n<p>900 \/ 700 Air Control<\/p>\n<p>Y para las gamas 800 \/ 900 \/ 1000 \/ Vertical.<\/p>\n<p>Para m\u00e1s informaci\u00f3n sobre la instalaci\u00f3n, haga clic <a href=\"https:\/\/www.invicta.fr\/images\/invicta\/1_produits\/Chauffage\/fait_cheminees_et_inserts\/Foyers%20decors\/installation-foyers-decors.pdf\">aqu\u00ed<\/a>.<\/p>\n","protected":false},"featured_media":1467,"template":"","meta":{"_acf_changed":false},"product_brand":[],"product_cat":[2293,2588],"product_tag":[],"plus_produit":[],"class_list":{"1":"product","4":"has-post-thumbnail","6":"product_cat-ayuda-en-la-eleccion","7":"product_cat-accesorios","9":"first","10":"instock","11":"shipping-taxable","12":"product-type-simple"},"acf":[],"yoast_head":"<!-- This site is optimized with the Yoast SEO plugin v24.7 - https:\/\/yoast.com\/wordpress\/plugins\/seo\/ -->\n<title>Soporte con patas - Invicta<\/title>\n<meta name=\"description\" content=\"Este soporte con patas puede ser utilizado para colocar encima su hogar: 550 \/ 750 Roche 900 \/ 700 Air Control Y para las gamas 800 \/ 900 \/ 1000 \/ Vertical. Para m\u00e1s informaci\u00f3n sobre la instalaci\u00f3n, haga clic aqu\u00ed.\" \/>\n<meta name=\"robots\" content=\"index, follow, max-snippet:-1, max-image-preview:large, max-video-preview:-1\" \/>\n<link rel=\"canonical\" href=\"https:\/\/www.invicta.fr\/es\/produit\/soporte-con-patas\/\" \/>\n<meta property=\"og:locale\" content=\"es_ES\" \/>\n<meta property=\"og:type\" content=\"article\" \/>\n<meta property=\"og:title\" content=\"Soporte con patas - Invicta\" \/>\n<meta property=\"og:description\" content=\"Este soporte con patas puede ser utilizado para colocar encima su hogar: 550 \/ 750 Roche 900 \/ 700 Air Control Y para las gamas 800 \/ 900 \/ 1000 \/ Vertical. Para m\u00e1s informaci\u00f3n sobre la instalaci\u00f3n, haga clic aqu\u00ed.\" \/>\n<meta property=\"og:url\" content=\"https:\/\/www.invicta.fr\/es\/produit\/soporte-con-patas\/\" \/>\n<meta property=\"og:site_name\" content=\"Invicta\" \/>\n<meta name=\"twitter:card\" content=\"summary_large_image\" \/>\n<script type=\"application\/ld+json\" class=\"yoast-schema-graph\">{\"@context\":\"https:\/\/schema.org\",\"@graph\":[{\"@type\":\"WebPage\",\"@id\":\"https:\/\/www.invicta.fr\/es\/produit\/soporte-con-patas\/\",\"url\":\"https:\/\/www.invicta.fr\/es\/produit\/soporte-con-patas\/\",\"name\":\"Soporte con patas - Invicta\",\"isPartOf\":{\"@id\":\"https:\/\/www.invicta.fr\/es\/#website\"},\"primaryImageOfPage\":{\"@id\":\"https:\/\/www.invicta.fr\/es\/produit\/soporte-con-patas\/#primaryimage\"},\"image\":{\"@id\":\"https:\/\/www.invicta.fr\/es\/produit\/soporte-con-patas\/#primaryimage\"},\"thumbnailUrl\":\"https:\/\/www.invicta.fr\/wp-content\/uploads\/2019\/07\/chaise-support-cyclo.jpg\",\"datePublished\":\"2019-10-07T09:54:31+00:00\",\"description\":\"Este soporte con patas puede ser utilizado para colocar encima su hogar: 550 \/ 750 Roche 900 \/ 700 Air Control Y para las gamas 800 \/ 900 \/ 1000 \/ Vertical. Para m\u00e1s informaci\u00f3n sobre la instalaci\u00f3n, haga clic aqu\u00ed.\",\"breadcrumb\":{\"@id\":\"https:\/\/www.invicta.fr\/es\/produit\/soporte-con-patas\/#breadcrumb\"},\"inLanguage\":\"es\",\"potentialAction\":[{\"@type\":\"ReadAction\",\"target\":[\"https:\/\/www.invicta.fr\/es\/produit\/soporte-con-patas\/\"]}]},{\"@type\":\"ImageObject\",\"inLanguage\":\"es\",\"@id\":\"https:\/\/www.invicta.fr\/es\/produit\/soporte-con-patas\/#primaryimage\",\"url\":\"https:\/\/www.invicta.fr\/wp-content\/uploads\/2019\/07\/chaise-support-cyclo.jpg\",\"contentUrl\":\"https:\/\/www.invicta.fr\/wp-content\/uploads\/2019\/07\/chaise-support-cyclo.jpg\",\"width\":1143,\"height\":900,\"caption\":\"Chaise support pour foyers Air Control Invicta\"},{\"@type\":\"BreadcrumbList\",\"@id\":\"https:\/\/www.invicta.fr\/es\/produit\/soporte-con-patas\/#breadcrumb\",\"itemListElement\":[{\"@type\":\"ListItem\",\"position\":1,\"name\":\"Inicio\",\"item\":\"https:\/\/www.invicta.fr\/es\/\"},{\"@type\":\"ListItem\",\"position\":2,\"name\":\"Productos\",\"item\":\"https:\/\/www.invicta.fr\/es\/shop\/\"},{\"@type\":\"ListItem\",\"position\":3,\"name\":\"Chimeneas e insertos\",\"item\":\"https:\/\/www.invicta.fr\/es\/categorie-produit\/chemineas-insertos\/\"},{\"@type\":\"ListItem\",\"position\":4,\"name\":\"Accesorios\",\"item\":\"https:\/\/www.invicta.fr\/es\/categorie-produit\/chemineas-insertos\/accesorios\/\"},{\"@type\":\"ListItem\",\"position\":5,\"name\":\"Soporte con patas\"}]},{\"@type\":\"WebSite\",\"@id\":\"https:\/\/www.invicta.fr\/es\/#website\",\"url\":\"https:\/\/www.invicta.fr\/es\/\",\"name\":\"Invicta\",\"description\":\"Fabricant fran\u00e7ais, sp\u00e9cialiste europ\u00e9en du chauffage au bois : po\u00eales \u00e0 bois et \u00e0 granul\u00e9s, chemin\u00e9es, foyers et inserts\",\"publisher\":{\"@id\":\"https:\/\/www.invicta.fr\/es\/#organization\"},\"potentialAction\":[{\"@type\":\"SearchAction\",\"target\":{\"@type\":\"EntryPoint\",\"urlTemplate\":\"https:\/\/www.invicta.fr\/es\/?s={search_term_string}\"},\"query-input\":{\"@type\":\"PropertyValueSpecification\",\"valueRequired\":true,\"valueName\":\"search_term_string\"}}],\"inLanguage\":\"es\"},{\"@type\":\"Organization\",\"@id\":\"https:\/\/www.invicta.fr\/es\/#organization\",\"name\":\"Invicta\",\"url\":\"https:\/\/www.invicta.fr\/es\/\",\"logo\":{\"@type\":\"ImageObject\",\"inLanguage\":\"es\",\"@id\":\"https:\/\/www.invicta.fr\/es\/#\/schema\/logo\/image\/\",\"url\":\"https:\/\/www.invicta.fr\/wp-content\/uploads\/2019\/06\/INVICTALOGO_RVB.png\",\"contentUrl\":\"https:\/\/www.invicta.fr\/wp-content\/uploads\/2019\/06\/INVICTALOGO_RVB.png\",\"width\":1810,\"height\":1280,\"caption\":\"Invicta\"},\"image\":{\"@id\":\"https:\/\/www.invicta.fr\/es\/#\/schema\/logo\/image\/\"}}]}<\/script>\n<!-- \/ Yoast SEO plugin. -->","yoast_head_json":{"title":"Soporte con patas - Invicta","description":"Este soporte con patas puede ser utilizado para colocar encima su hogar: 550 \/ 750 Roche 900 \/ 700 Air Control Y para las gamas 800 \/ 900 \/ 1000 \/ Vertical. Para m\u00e1s informaci\u00f3n sobre la instalaci\u00f3n, haga clic aqu\u00ed.","robots":{"index":"index","follow":"follow","max-snippet":"max-snippet:-1","max-image-preview":"max-image-preview:large","max-video-preview":"max-video-preview:-1"},"canonical":"https:\/\/www.invicta.fr\/es\/produit\/soporte-con-patas\/","og_locale":"es_ES","og_type":"article","og_title":"Soporte con patas - Invicta","og_description":"Este soporte con patas puede ser utilizado para colocar encima su hogar: 550 \/ 750 Roche 900 \/ 700 Air Control Y para las gamas 800 \/ 900 \/ 1000 \/ Vertical. Para m\u00e1s informaci\u00f3n sobre la instalaci\u00f3n, haga clic aqu\u00ed.","og_url":"https:\/\/www.invicta.fr\/es\/produit\/soporte-con-patas\/","og_site_name":"Invicta","twitter_card":"summary_large_image","schema":{"@context":"https:\/\/schema.org","@graph":[{"@type":"WebPage","@id":"https:\/\/www.invicta.fr\/es\/produit\/soporte-con-patas\/","url":"https:\/\/www.invicta.fr\/es\/produit\/soporte-con-patas\/","name":"Soporte con patas - Invicta","isPartOf":{"@id":"https:\/\/www.invicta.fr\/es\/#website"},"primaryImageOfPage":{"@id":"https:\/\/www.invicta.fr\/es\/produit\/soporte-con-patas\/#primaryimage"},"image":{"@id":"https:\/\/www.invicta.fr\/es\/produit\/soporte-con-patas\/#primaryimage"},"thumbnailUrl":"https:\/\/www.invicta.fr\/wp-content\/uploads\/2019\/07\/chaise-support-cyclo.jpg","datePublished":"2019-10-07T09:54:31+00:00","description":"Este soporte con patas puede ser utilizado para colocar encima su hogar: 550 \/ 750 Roche 900 \/ 700 Air Control Y para las gamas 800 \/ 900 \/ 1000 \/ Vertical. Para m\u00e1s informaci\u00f3n sobre la instalaci\u00f3n, haga clic aqu\u00ed.","breadcrumb":{"@id":"https:\/\/www.invicta.fr\/es\/produit\/soporte-con-patas\/#breadcrumb"},"inLanguage":"es","potentialAction":[{"@type":"ReadAction","target":["https:\/\/www.invicta.fr\/es\/produit\/soporte-con-patas\/"]}]},{"@type":"ImageObject","inLanguage":"es","@id":"https:\/\/www.invicta.fr\/es\/produit\/soporte-con-patas\/#primaryimage","url":"https:\/\/www.invicta.fr\/wp-content\/uploads\/2019\/07\/chaise-support-cyclo.jpg","contentUrl":"https:\/\/www.invicta.fr\/wp-content\/uploads\/2019\/07\/chaise-support-cyclo.jpg","width":1143,"height":900,"caption":"Chaise support pour foyers Air Control Invicta"},{"@type":"BreadcrumbList","@id":"https:\/\/www.invicta.fr\/es\/produit\/soporte-con-patas\/#breadcrumb","itemListElement":[{"@type":"ListItem","position":1,"name":"Inicio","item":"https:\/\/www.invicta.fr\/es\/"},{"@type":"ListItem","position":2,"name":"Productos","item":"https:\/\/www.invicta.fr\/es\/shop\/"},{"@type":"ListItem","position":3,"name":"Chimeneas e insertos","item":"https:\/\/www.invicta.fr\/es\/categorie-produit\/chemineas-insertos\/"},{"@type":"ListItem","position":4,"name":"Accesorios","item":"https:\/\/www.invicta.fr\/es\/categorie-produit\/chemineas-insertos\/accesorios\/"},{"@type":"ListItem","position":5,"name":"Soporte con patas"}]},{"@type":"WebSite","@id":"https:\/\/www.invicta.fr\/es\/#website","url":"https:\/\/www.invicta.fr\/es\/","name":"Invicta","description":"Fabricant fran\u00e7ais, sp\u00e9cialiste europ\u00e9en du chauffage au bois : po\u00eales \u00e0 bois et \u00e0 granul\u00e9s, chemin\u00e9es, foyers et inserts","publisher":{"@id":"https:\/\/www.invicta.fr\/es\/#organization"},"potentialAction":[{"@type":"SearchAction","target":{"@type":"EntryPoint","urlTemplate":"https:\/\/www.invicta.fr\/es\/?s={search_term_string}"},"query-input":{"@type":"PropertyValueSpecification","valueRequired":true,"valueName":"search_term_string"}}],"inLanguage":"es"},{"@type":"Organization","@id":"https:\/\/www.invicta.fr\/es\/#organization","name":"Invicta","url":"https:\/\/www.invicta.fr\/es\/","logo":{"@type":"ImageObject","inLanguage":"es","@id":"https:\/\/www.invicta.fr\/es\/#\/schema\/logo\/image\/","url":"https:\/\/www.invicta.fr\/wp-content\/uploads\/2019\/06\/INVICTALOGO_RVB.png","contentUrl":"https:\/\/www.invicta.fr\/wp-content\/uploads\/2019\/06\/INVICTALOGO_RVB.png","width":1810,"height":1280,"caption":"Invicta"},"image":{"@id":"https:\/\/www.invicta.fr\/es\/#\/schema\/logo\/image\/"}}]}},"_links":{"self":[{"href":"https:\/\/www.invicta.fr\/es\/wp-json\/wp\/v2\/product\/27419","targetHints":{"allow":["GET"]}}],"collection":[{"href":"https:\/\/www.invicta.fr\/es\/wp-json\/wp\/v2\/product"}],"about":[{"href":"https:\/\/www.invicta.fr\/es\/wp-json\/wp\/v2\/types\/product"}],"wp:featuredmedia":[{"embeddable":true,"href":"https:\/\/www.invicta.fr\/es\/wp-json\/wp\/v2\/media\/1467"}],"wp:attachment":[{"href":"https:\/\/www.invicta.fr\/es\/wp-json\/wp\/v2\/media?parent=27419"}],"wp:term":[{"taxonomy":"product_brand","embeddable":true,"href":"https:\/\/www.invicta.fr\/es\/wp-json\/wp\/v2\/product_brand?post=27419"},{"taxonomy":"product_cat","embeddable":true,"href":"https:\/\/www.invicta.fr\/es\/wp-json\/wp\/v2\/product_cat?post=27419"},{"taxonomy":"product_tag","embeddable":true,"href":"https:\/\/www.invicta.fr\/es\/wp-json\/wp\/v2\/product_tag?post=27419"},{"taxonomy":"plus_produit","embeddable":true,"href":"https:\/\/www.invicta.fr\/es\/wp-json\/wp\/v2\/plus_produit?post=27419"}],"curies":[{"name":"wp","href":"https:\/\/api.w.org\/{rel}","templated":true}]}}