{"id":27453,"date":"2019-07-05T17:07:25","date_gmt":"2019-10-07T09:54:53","guid":{"rendered":"https:\/\/www.invicta.fr\/produit\/estufa-de-hierro-fundido-gomont\/"},"modified":"2026-03-26T10:32:25","modified_gmt":"2026-03-26T09:32:25","slug":"estufa-hierro-fundido-gomont","status":"publish","type":"product","link":"https:\/\/www.invicta.fr\/es\/produit\/estufa-hierro-fundido-gomont\/","title":{"rendered":"Estufa de hierro fundido Gomont"},"content":{"rendered":"","protected":false},"excerpt":{"rendered":"<p>Estufa decididamente moderna, Gomont ocupa un espacio m\u00ednimo y aporta el m\u00e1ximo confort. Calienta e ilumina cualquier estancia.<\/p>\n","protected":false},"featured_media":23772,"template":"","meta":{"_acf_changed":false},"product_brand":[],"product_cat":[2293,2470,6149,6151,6146],"product_tag":[7108,2301,2303,2305,2306,7194,2299,2295,7048,7049,6677],"plus_produit":[2287,2265,2284,6838,2263],"class_list":{"1":"product","4":"has-post-thumbnail","6":"product_cat-ayuda-en-la-eleccion","7":"product_cat-estufa-de-lena-de-hierro-fundido-y-acero","8":"product_cat-estufas-de-lena-contemporaneas","9":"product_cat-estufas-de-lena-industriales","10":"product_cat-estufas-de-lena-modernas","11":"product_tag-en16510-es","12":"product_tag-flamme-verte-7","13":"product_tag-eco-design-2022-es","14":"product_tag-certificacion-ecolabel-a","15":"product_tag-hecho-en-francia","16":"product_tag-blmschv2-es","17":"product_tag-100-hierro-fundido","18":"product_tag-post-combustion-es","19":"product_tag-y-garantia-de-3-anos","20":"product_tag-y-garantie-extension-2ans-por","21":"product_tag-impuesto-de-credito-z-es","22":"pa_depart-des-fumees-parte-superior","23":"pa_diametre-de-buse-150-mm-es","24":"pa_indice-de-performance-102-es","25":"pa_puissance-optimale-12-kw-es","26":"pa_surface-de-chauffe-de-65-a-145-m","27":"pa_taux-de-co-010-es","28":"pa_volume-de-chauffe-de-160-a-360-m","29":"plus_produit-aire-secundario-regulable","30":"plus_produit-vidrio-limpio","31":"plus_produit-garantia-de-origen-frances","32":"plus_produit-garantia-extendida-3-anos","33":"plus_produit-sistema-de-post-combustion","35":"first","36":"instock","37":"product-type-simple"},"acf":[],"yoast_head":"<!-- This site is optimized with the Yoast SEO plugin v24.7 - https:\/\/yoast.com\/wordpress\/plugins\/seo\/ -->\n<title>Estufa de hierro fundido Gomont - Invicta<\/title>\n<meta name=\"description\" content=\"Estufa decididamente moderna, Gomont ocupa un espacio m\u00ednimo y aporta el m\u00e1ximo confort. Calienta e ilumina cualquier estancia.\" \/>\n<meta name=\"robots\" content=\"index, follow, max-snippet:-1, max-image-preview:large, max-video-preview:-1\" \/>\n<link rel=\"canonical\" href=\"https:\/\/www.invicta.fr\/es\/produit\/estufa-hierro-fundido-gomont\/\" \/>\n<meta property=\"og:locale\" content=\"es_ES\" \/>\n<meta property=\"og:type\" content=\"article\" \/>\n<meta property=\"og:title\" content=\"Estufa de hierro fundido Gomont - Invicta\" \/>\n<meta property=\"og:description\" content=\"Estufa decididamente moderna, Gomont ocupa un espacio m\u00ednimo y aporta el m\u00e1ximo confort. Calienta e ilumina cualquier estancia.\" \/>\n<meta property=\"og:url\" content=\"https:\/\/www.invicta.fr\/es\/produit\/estufa-hierro-fundido-gomont\/\" \/>\n<meta property=\"og:site_name\" content=\"Invicta\" \/>\n<meta property=\"article:modified_time\" content=\"2026-03-26T09:32:25+00:00\" \/>\n<meta name=\"twitter:card\" content=\"summary_large_image\" \/>\n<script type=\"application\/ld+json\" class=\"yoast-schema-graph\">{\"@context\":\"https:\/\/schema.org\",\"@graph\":[{\"@type\":\"WebPage\",\"@id\":\"https:\/\/www.invicta.fr\/es\/produit\/estufa-hierro-fundido-gomont\/\",\"url\":\"https:\/\/www.invicta.fr\/es\/produit\/estufa-hierro-fundido-gomont\/\",\"name\":\"Estufa de hierro fundido Gomont - Invicta\",\"isPartOf\":{\"@id\":\"https:\/\/www.invicta.fr\/es\/#website\"},\"primaryImageOfPage\":{\"@id\":\"https:\/\/www.invicta.fr\/es\/produit\/estufa-hierro-fundido-gomont\/#primaryimage\"},\"image\":{\"@id\":\"https:\/\/www.invicta.fr\/es\/produit\/estufa-hierro-fundido-gomont\/#primaryimage\"},\"thumbnailUrl\":\"https:\/\/www.invicta.fr\/wp-content\/uploads\/2019\/09\/NEW-gomont_poele_a_bois_1431530910.jpg\",\"datePublished\":\"2019-10-07T09:54:53+00:00\",\"dateModified\":\"2026-03-26T09:32:25+00:00\",\"description\":\"Estufa decididamente moderna, Gomont ocupa un espacio m\u00ednimo y aporta el m\u00e1ximo confort. Calienta e ilumina cualquier estancia.\",\"breadcrumb\":{\"@id\":\"https:\/\/www.invicta.fr\/es\/produit\/estufa-hierro-fundido-gomont\/#breadcrumb\"},\"inLanguage\":\"es\",\"potentialAction\":[{\"@type\":\"ReadAction\",\"target\":[\"https:\/\/www.invicta.fr\/es\/produit\/estufa-hierro-fundido-gomont\/\"]}]},{\"@type\":\"ImageObject\",\"inLanguage\":\"es\",\"@id\":\"https:\/\/www.invicta.fr\/es\/produit\/estufa-hierro-fundido-gomont\/#primaryimage\",\"url\":\"https:\/\/www.invicta.fr\/wp-content\/uploads\/2019\/09\/NEW-gomont_poele_a_bois_1431530910.jpg\",\"contentUrl\":\"https:\/\/www.invicta.fr\/wp-content\/uploads\/2019\/09\/NEW-gomont_poele_a_bois_1431530910.jpg\",\"width\":509,\"height\":1015,\"caption\":\"Po\u00eale \u00e0 bois fonte Invicta Gomont - 12 kW\"},{\"@type\":\"BreadcrumbList\",\"@id\":\"https:\/\/www.invicta.fr\/es\/produit\/estufa-hierro-fundido-gomont\/#breadcrumb\",\"itemListElement\":[{\"@type\":\"ListItem\",\"position\":1,\"name\":\"Inicio\",\"item\":\"https:\/\/www.invicta.fr\/es\/\"},{\"@type\":\"ListItem\",\"position\":2,\"name\":\"Productos\",\"item\":\"https:\/\/www.invicta.fr\/es\/shop\/\"},{\"@type\":\"ListItem\",\"position\":3,\"name\":\"Estufas de le\u00f1a\",\"item\":\"https:\/\/www.invicta.fr\/es\/categorie-produit\/estufas-de-lena\/\"},{\"@type\":\"ListItem\",\"position\":4,\"name\":\"Estufas de le\u00f1a de hierro fundido y acero\",\"item\":\"https:\/\/www.invicta.fr\/es\/categorie-produit\/estufas-de-lena\/estufa-de-lena-de-hierro-fundido-y-acero\/\"},{\"@type\":\"ListItem\",\"position\":5,\"name\":\"Estufa de hierro fundido Gomont\"}]},{\"@type\":\"WebSite\",\"@id\":\"https:\/\/www.invicta.fr\/es\/#website\",\"url\":\"https:\/\/www.invicta.fr\/es\/\",\"name\":\"Invicta\",\"description\":\"Fabricant fran\u00e7ais, sp\u00e9cialiste europ\u00e9en du chauffage au bois : po\u00eales \u00e0 bois et \u00e0 granul\u00e9s, chemin\u00e9es, foyers et inserts\",\"publisher\":{\"@id\":\"https:\/\/www.invicta.fr\/es\/#organization\"},\"potentialAction\":[{\"@type\":\"SearchAction\",\"target\":{\"@type\":\"EntryPoint\",\"urlTemplate\":\"https:\/\/www.invicta.fr\/es\/?s={search_term_string}\"},\"query-input\":{\"@type\":\"PropertyValueSpecification\",\"valueRequired\":true,\"valueName\":\"search_term_string\"}}],\"inLanguage\":\"es\"},{\"@type\":\"Organization\",\"@id\":\"https:\/\/www.invicta.fr\/es\/#organization\",\"name\":\"Invicta\",\"url\":\"https:\/\/www.invicta.fr\/es\/\",\"logo\":{\"@type\":\"ImageObject\",\"inLanguage\":\"es\",\"@id\":\"https:\/\/www.invicta.fr\/es\/#\/schema\/logo\/image\/\",\"url\":\"https:\/\/www.invicta.fr\/wp-content\/uploads\/2019\/06\/INVICTALOGO_RVB.png\",\"contentUrl\":\"https:\/\/www.invicta.fr\/wp-content\/uploads\/2019\/06\/INVICTALOGO_RVB.png\",\"width\":1810,\"height\":1280,\"caption\":\"Invicta\"},\"image\":{\"@id\":\"https:\/\/www.invicta.fr\/es\/#\/schema\/logo\/image\/\"}}]}<\/script>\n<!-- \/ Yoast SEO plugin. -->","yoast_head_json":{"title":"Estufa de hierro fundido Gomont - Invicta","description":"Estufa decididamente moderna, Gomont ocupa un espacio m\u00ednimo y aporta el m\u00e1ximo confort. Calienta e ilumina cualquier estancia.","robots":{"index":"index","follow":"follow","max-snippet":"max-snippet:-1","max-image-preview":"max-image-preview:large","max-video-preview":"max-video-preview:-1"},"canonical":"https:\/\/www.invicta.fr\/es\/produit\/estufa-hierro-fundido-gomont\/","og_locale":"es_ES","og_type":"article","og_title":"Estufa de hierro fundido Gomont - Invicta","og_description":"Estufa decididamente moderna, Gomont ocupa un espacio m\u00ednimo y aporta el m\u00e1ximo confort. Calienta e ilumina cualquier estancia.","og_url":"https:\/\/www.invicta.fr\/es\/produit\/estufa-hierro-fundido-gomont\/","og_site_name":"Invicta","article_modified_time":"2026-03-26T09:32:25+00:00","twitter_card":"summary_large_image","schema":{"@context":"https:\/\/schema.org","@graph":[{"@type":"WebPage","@id":"https:\/\/www.invicta.fr\/es\/produit\/estufa-hierro-fundido-gomont\/","url":"https:\/\/www.invicta.fr\/es\/produit\/estufa-hierro-fundido-gomont\/","name":"Estufa de hierro fundido Gomont - Invicta","isPartOf":{"@id":"https:\/\/www.invicta.fr\/es\/#website"},"primaryImageOfPage":{"@id":"https:\/\/www.invicta.fr\/es\/produit\/estufa-hierro-fundido-gomont\/#primaryimage"},"image":{"@id":"https:\/\/www.invicta.fr\/es\/produit\/estufa-hierro-fundido-gomont\/#primaryimage"},"thumbnailUrl":"https:\/\/www.invicta.fr\/wp-content\/uploads\/2019\/09\/NEW-gomont_poele_a_bois_1431530910.jpg","datePublished":"2019-10-07T09:54:53+00:00","dateModified":"2026-03-26T09:32:25+00:00","description":"Estufa decididamente moderna, Gomont ocupa un espacio m\u00ednimo y aporta el m\u00e1ximo confort. Calienta e ilumina cualquier estancia.","breadcrumb":{"@id":"https:\/\/www.invicta.fr\/es\/produit\/estufa-hierro-fundido-gomont\/#breadcrumb"},"inLanguage":"es","potentialAction":[{"@type":"ReadAction","target":["https:\/\/www.invicta.fr\/es\/produit\/estufa-hierro-fundido-gomont\/"]}]},{"@type":"ImageObject","inLanguage":"es","@id":"https:\/\/www.invicta.fr\/es\/produit\/estufa-hierro-fundido-gomont\/#primaryimage","url":"https:\/\/www.invicta.fr\/wp-content\/uploads\/2019\/09\/NEW-gomont_poele_a_bois_1431530910.jpg","contentUrl":"https:\/\/www.invicta.fr\/wp-content\/uploads\/2019\/09\/NEW-gomont_poele_a_bois_1431530910.jpg","width":509,"height":1015,"caption":"Po\u00eale \u00e0 bois fonte Invicta Gomont - 12 kW"},{"@type":"BreadcrumbList","@id":"https:\/\/www.invicta.fr\/es\/produit\/estufa-hierro-fundido-gomont\/#breadcrumb","itemListElement":[{"@type":"ListItem","position":1,"name":"Inicio","item":"https:\/\/www.invicta.fr\/es\/"},{"@type":"ListItem","position":2,"name":"Productos","item":"https:\/\/www.invicta.fr\/es\/shop\/"},{"@type":"ListItem","position":3,"name":"Estufas de le\u00f1a","item":"https:\/\/www.invicta.fr\/es\/categorie-produit\/estufas-de-lena\/"},{"@type":"ListItem","position":4,"name":"Estufas de le\u00f1a de hierro fundido y acero","item":"https:\/\/www.invicta.fr\/es\/categorie-produit\/estufas-de-lena\/estufa-de-lena-de-hierro-fundido-y-acero\/"},{"@type":"ListItem","position":5,"name":"Estufa de hierro fundido Gomont"}]},{"@type":"WebSite","@id":"https:\/\/www.invicta.fr\/es\/#website","url":"https:\/\/www.invicta.fr\/es\/","name":"Invicta","description":"Fabricant fran\u00e7ais, sp\u00e9cialiste europ\u00e9en du chauffage au bois : po\u00eales \u00e0 bois et \u00e0 granul\u00e9s, chemin\u00e9es, foyers et inserts","publisher":{"@id":"https:\/\/www.invicta.fr\/es\/#organization"},"potentialAction":[{"@type":"SearchAction","target":{"@type":"EntryPoint","urlTemplate":"https:\/\/www.invicta.fr\/es\/?s={search_term_string}"},"query-input":{"@type":"PropertyValueSpecification","valueRequired":true,"valueName":"search_term_string"}}],"inLanguage":"es"},{"@type":"Organization","@id":"https:\/\/www.invicta.fr\/es\/#organization","name":"Invicta","url":"https:\/\/www.invicta.fr\/es\/","logo":{"@type":"ImageObject","inLanguage":"es","@id":"https:\/\/www.invicta.fr\/es\/#\/schema\/logo\/image\/","url":"https:\/\/www.invicta.fr\/wp-content\/uploads\/2019\/06\/INVICTALOGO_RVB.png","contentUrl":"https:\/\/www.invicta.fr\/wp-content\/uploads\/2019\/06\/INVICTALOGO_RVB.png","width":1810,"height":1280,"caption":"Invicta"},"image":{"@id":"https:\/\/www.invicta.fr\/es\/#\/schema\/logo\/image\/"}}]}},"_links":{"self":[{"href":"https:\/\/www.invicta.fr\/es\/wp-json\/wp\/v2\/product\/27453","targetHints":{"allow":["GET"]}}],"collection":[{"href":"https:\/\/www.invicta.fr\/es\/wp-json\/wp\/v2\/product"}],"about":[{"href":"https:\/\/www.invicta.fr\/es\/wp-json\/wp\/v2\/types\/product"}],"wp:featuredmedia":[{"embeddable":true,"href":"https:\/\/www.invicta.fr\/es\/wp-json\/wp\/v2\/media\/23772"}],"wp:attachment":[{"href":"https:\/\/www.invicta.fr\/es\/wp-json\/wp\/v2\/media?parent=27453"}],"wp:term":[{"taxonomy":"product_brand","embeddable":true,"href":"https:\/\/www.invicta.fr\/es\/wp-json\/wp\/v2\/product_brand?post=27453"},{"taxonomy":"product_cat","embeddable":true,"href":"https:\/\/www.invicta.fr\/es\/wp-json\/wp\/v2\/product_cat?post=27453"},{"taxonomy":"product_tag","embeddable":true,"href":"https:\/\/www.invicta.fr\/es\/wp-json\/wp\/v2\/product_tag?post=27453"},{"taxonomy":"plus_produit","embeddable":true,"href":"https:\/\/www.invicta.fr\/es\/wp-json\/wp\/v2\/plus_produit?post=27453"}],"curies":[{"name":"wp","href":"https:\/\/api.w.org\/{rel}","templated":true}]}}