{"id":27708,"date":"2019-08-07T11:04:54","date_gmt":"2019-10-16T14:24:40","guid":{"rendered":"https:\/\/www.invicta.fr\/produit\/ove-plug-in-auto-izquierda\/"},"modified":"2026-03-24T13:49:55","modified_gmt":"2026-03-24T12:49:55","slug":"ove-plug-in-auto-izquierda-estufa-de-pellets","status":"publish","type":"product","link":"https:\/\/www.invicta.fr\/es\/produit\/ove-plug-in-auto-izquierda-estufa-de-pellets\/","title":{"rendered":"Ove Plug-IN AUTO Izquierda &#8211; Estufa de pellets"},"content":{"rendered":"<p><iframe title=\"PLUGIN 2018 - Invicta\" width=\"500\" height=\"281\" src=\"https:\/\/www.youtube.com\/embed\/6SvXiUP1vkc?feature=oembed&#038;enablejsapi=1&#038;origin=https:\/\/www.invicta.fr\" frameborder=\"0\" allow=\"accelerometer; autoplay; clipboard-write; encrypted-media; gyroscope; picture-in-picture; web-share\" referrerpolicy=\"strict-origin-when-cross-origin\" allowfullscreen><\/iframe><\/p>\n","protected":false},"excerpt":{"rendered":"<p>La Ove Plug-IN AUTO es una estufa de pellets innovadora que tiene todo lo necesario para complacerle: est\u00e9tica, funcionamiento sin ruidos y comodidad de uso inigualable. Cargue sus pellets en el dep\u00f3sito, programe la estufa, inst\u00e1lese c\u00f3modamente y disfrute de un suave calor en su hogar.<\/p>\n","protected":false},"featured_media":807,"template":"","meta":{"_acf_changed":false},"product_brand":[],"product_cat":[2293,2308,6451,6448,6614,6456,6450,6449],"product_tag":[7108,2323,2301,2303,2317,2306,7194,2843,2322,6391,7048,6833,6677,6845],"plus_produit":[2287,2286,2840,2294,2371,6841,6553,2300,2309,2632,2633],"class_list":{"1":"product","4":"has-post-thumbnail","6":"product_cat-ayuda-en-la-eleccion","7":"product_cat-plug-in-estufas-de-pellets-de-nueva-generacion","8":"product_cat-estufas-de-pellet-autonomas","9":"product_cat-estufas-de-pellets-programables","10":"product_cat-diseno-de-estufas-de-pellets","11":"product_cat-estufas-de-pellets-contemporaneas","12":"product_cat-estufas-de-pellets-modernas","13":"product_cat-estufas-de-pellet-redondas","14":"product_tag-en16510-es","15":"product_tag-plug-in-es","16":"product_tag-flamme-verte-7","17":"product_tag-eco-design-2022-es","18":"product_tag-ecoetiqueta-a","19":"product_tag-hecho-en-francia","20":"product_tag-blmschv2-es","21":"product_tag-conectable","22":"product_tag-silencioso-de-conveccion-natural","23":"product_tag-wi-fi-option","24":"product_tag-y-garantia-de-3-anos","25":"product_tag-y-garantie-extension-1an-esp","26":"product_tag-impuesto-de-credito-z-es","27":"product_tag-z-reserve-pros-esp","28":"pa_autonomie-maximum-27-horas","29":"pa_autonomie-minimum-11-horas","30":"pa_depart-des-fumees-por-la-parte-superior-del-deposito-situado-a-la-izquierda","31":"pa_diametre-de-buse-80-mm-es","32":"pa_puissance-8-kw-es","33":"plus_produit-aire-secundario-regulable","34":"plus_produit-aparato-silencioso-de-conveccion-natural","35":"plus_produit-conectable","36":"plus_produit-control-de-la-potencia-5-o-de-la-temperatura-ambiente","37":"plus_produit-encendido-y-apagado-automaticos","38":"plus_produit-extension-de-garantie-1-an-esp","39":"plus_produit-kit-wifi-opcional","40":"plus_produit-modulo-tecnico-mural-innovador","41":"plus_produit-posibilidad-de-control-por-termostato-externo-no-incluido","42":"plus_produit-programacion-de-cronotermostato","43":"plus_produit-stand-by-espera","45":"first","46":"instock","47":"product-type-simple"},"acf":[],"yoast_head":"<!-- This site is optimized with the Yoast SEO plugin v24.7 - https:\/\/yoast.com\/wordpress\/plugins\/seo\/ -->\n<title>Ove Plug-IN AUTO Izquierda - Estufa de pellets - Invicta<\/title>\n<meta name=\"description\" content=\"La Ove Plug-IN AUTO es una estufa de pellets innovadora que tiene todo lo necesario para complacerle: est\u00e9tica, funcionamiento sin ruidos y comodidad de uso inigualable. Cargue sus pellets en el dep\u00f3sito, programe la estufa, inst\u00e1lese c\u00f3modamente y disfrute de un suave calor en su hogar.\" \/>\n<meta name=\"robots\" content=\"index, follow, max-snippet:-1, max-image-preview:large, max-video-preview:-1\" \/>\n<link rel=\"canonical\" href=\"https:\/\/www.invicta.fr\/es\/produit\/ove-plug-in-auto-izquierda-estufa-de-pellets\/\" \/>\n<meta property=\"og:locale\" content=\"es_ES\" \/>\n<meta property=\"og:type\" content=\"article\" \/>\n<meta property=\"og:title\" content=\"Ove Plug-IN AUTO Izquierda - Estufa de pellets - Invicta\" \/>\n<meta property=\"og:description\" content=\"La Ove Plug-IN AUTO es una estufa de pellets innovadora que tiene todo lo necesario para complacerle: est\u00e9tica, funcionamiento sin ruidos y comodidad de uso inigualable. Cargue sus pellets en el dep\u00f3sito, programe la estufa, inst\u00e1lese c\u00f3modamente y disfrute de un suave calor en su hogar.\" \/>\n<meta property=\"og:url\" content=\"https:\/\/www.invicta.fr\/es\/produit\/ove-plug-in-auto-izquierda-estufa-de-pellets\/\" \/>\n<meta property=\"og:site_name\" content=\"Invicta\" \/>\n<meta property=\"article:modified_time\" content=\"2026-03-24T12:49:55+00:00\" \/>\n<meta name=\"twitter:card\" content=\"summary_large_image\" \/>\n<script type=\"application\/ld+json\" class=\"yoast-schema-graph\">{\"@context\":\"https:\/\/schema.org\",\"@graph\":[{\"@type\":\"WebPage\",\"@id\":\"https:\/\/www.invicta.fr\/es\/produit\/ove-plug-in-auto-izquierda-estufa-de-pellets\/\",\"url\":\"https:\/\/www.invicta.fr\/es\/produit\/ove-plug-in-auto-izquierda-estufa-de-pellets\/\",\"name\":\"Ove Plug-IN AUTO Izquierda - Estufa de pellets - Invicta\",\"isPartOf\":{\"@id\":\"https:\/\/www.invicta.fr\/es\/#website\"},\"primaryImageOfPage\":{\"@id\":\"https:\/\/www.invicta.fr\/es\/produit\/ove-plug-in-auto-izquierda-estufa-de-pellets\/#primaryimage\"},\"image\":{\"@id\":\"https:\/\/www.invicta.fr\/es\/produit\/ove-plug-in-auto-izquierda-estufa-de-pellets\/#primaryimage\"},\"thumbnailUrl\":\"https:\/\/www.invicta.fr\/wp-content\/uploads\/2019\/07\/981_ove_plugin.jpg\",\"datePublished\":\"2019-10-16T14:24:40+00:00\",\"dateModified\":\"2026-03-24T12:49:55+00:00\",\"description\":\"La Ove Plug-IN AUTO es una estufa de pellets innovadora que tiene todo lo necesario para complacerle: est\u00e9tica, funcionamiento sin ruidos y comodidad de uso inigualable. Cargue sus pellets en el dep\u00f3sito, programe la estufa, inst\u00e1lese c\u00f3modamente y disfrute de un suave calor en su hogar.\",\"breadcrumb\":{\"@id\":\"https:\/\/www.invicta.fr\/es\/produit\/ove-plug-in-auto-izquierda-estufa-de-pellets\/#breadcrumb\"},\"inLanguage\":\"es\",\"potentialAction\":[{\"@type\":\"ReadAction\",\"target\":[\"https:\/\/www.invicta.fr\/es\/produit\/ove-plug-in-auto-izquierda-estufa-de-pellets\/\"]}]},{\"@type\":\"ImageObject\",\"inLanguage\":\"es\",\"@id\":\"https:\/\/www.invicta.fr\/es\/produit\/ove-plug-in-auto-izquierda-estufa-de-pellets\/#primaryimage\",\"url\":\"https:\/\/www.invicta.fr\/wp-content\/uploads\/2019\/07\/981_ove_plugin.jpg\",\"contentUrl\":\"https:\/\/www.invicta.fr\/wp-content\/uploads\/2019\/07\/981_ove_plugin.jpg\",\"width\":704,\"height\":1080,\"caption\":\"Po\u00eale \u00e0 granul\u00e9s Invicta Ove Plug-IN - 8 kW\"},{\"@type\":\"BreadcrumbList\",\"@id\":\"https:\/\/www.invicta.fr\/es\/produit\/ove-plug-in-auto-izquierda-estufa-de-pellets\/#breadcrumb\",\"itemListElement\":[{\"@type\":\"ListItem\",\"position\":1,\"name\":\"Inicio\",\"item\":\"https:\/\/www.invicta.fr\/es\/\"},{\"@type\":\"ListItem\",\"position\":2,\"name\":\"Productos\",\"item\":\"https:\/\/www.invicta.fr\/es\/shop\/\"},{\"@type\":\"ListItem\",\"position\":3,\"name\":\"Estufas de pellets\",\"item\":\"https:\/\/www.invicta.fr\/es\/categorie-produit\/estufas-de-pellets-es\/\"},{\"@type\":\"ListItem\",\"position\":4,\"name\":\"Plug-in, dise\u00f1o e innovaci\u00f3n\",\"item\":\"https:\/\/www.invicta.fr\/es\/categorie-produit\/estufas-de-pellets-es\/plug-in-estufas-de-pellets-de-nueva-generacion\/\"},{\"@type\":\"ListItem\",\"position\":5,\"name\":\"Ove Plug-IN AUTO Izquierda &#8211; Estufa de pellets\"}]},{\"@type\":\"WebSite\",\"@id\":\"https:\/\/www.invicta.fr\/es\/#website\",\"url\":\"https:\/\/www.invicta.fr\/es\/\",\"name\":\"Invicta\",\"description\":\"Fabricant fran\u00e7ais, sp\u00e9cialiste europ\u00e9en du chauffage au bois : po\u00eales \u00e0 bois et \u00e0 granul\u00e9s, chemin\u00e9es, foyers et inserts\",\"publisher\":{\"@id\":\"https:\/\/www.invicta.fr\/es\/#organization\"},\"potentialAction\":[{\"@type\":\"SearchAction\",\"target\":{\"@type\":\"EntryPoint\",\"urlTemplate\":\"https:\/\/www.invicta.fr\/es\/?s={search_term_string}\"},\"query-input\":{\"@type\":\"PropertyValueSpecification\",\"valueRequired\":true,\"valueName\":\"search_term_string\"}}],\"inLanguage\":\"es\"},{\"@type\":\"Organization\",\"@id\":\"https:\/\/www.invicta.fr\/es\/#organization\",\"name\":\"Invicta\",\"url\":\"https:\/\/www.invicta.fr\/es\/\",\"logo\":{\"@type\":\"ImageObject\",\"inLanguage\":\"es\",\"@id\":\"https:\/\/www.invicta.fr\/es\/#\/schema\/logo\/image\/\",\"url\":\"https:\/\/www.invicta.fr\/wp-content\/uploads\/2019\/06\/INVICTALOGO_RVB.png\",\"contentUrl\":\"https:\/\/www.invicta.fr\/wp-content\/uploads\/2019\/06\/INVICTALOGO_RVB.png\",\"width\":1810,\"height\":1280,\"caption\":\"Invicta\"},\"image\":{\"@id\":\"https:\/\/www.invicta.fr\/es\/#\/schema\/logo\/image\/\"}}]}<\/script>\n<!-- \/ Yoast SEO plugin. -->","yoast_head_json":{"title":"Ove Plug-IN AUTO Izquierda - Estufa de pellets - Invicta","description":"La Ove Plug-IN AUTO es una estufa de pellets innovadora que tiene todo lo necesario para complacerle: est\u00e9tica, funcionamiento sin ruidos y comodidad de uso inigualable. Cargue sus pellets en el dep\u00f3sito, programe la estufa, inst\u00e1lese c\u00f3modamente y disfrute de un suave calor en su hogar.","robots":{"index":"index","follow":"follow","max-snippet":"max-snippet:-1","max-image-preview":"max-image-preview:large","max-video-preview":"max-video-preview:-1"},"canonical":"https:\/\/www.invicta.fr\/es\/produit\/ove-plug-in-auto-izquierda-estufa-de-pellets\/","og_locale":"es_ES","og_type":"article","og_title":"Ove Plug-IN AUTO Izquierda - Estufa de pellets - Invicta","og_description":"La Ove Plug-IN AUTO es una estufa de pellets innovadora que tiene todo lo necesario para complacerle: est\u00e9tica, funcionamiento sin ruidos y comodidad de uso inigualable. Cargue sus pellets en el dep\u00f3sito, programe la estufa, inst\u00e1lese c\u00f3modamente y disfrute de un suave calor en su hogar.","og_url":"https:\/\/www.invicta.fr\/es\/produit\/ove-plug-in-auto-izquierda-estufa-de-pellets\/","og_site_name":"Invicta","article_modified_time":"2026-03-24T12:49:55+00:00","twitter_card":"summary_large_image","schema":{"@context":"https:\/\/schema.org","@graph":[{"@type":"WebPage","@id":"https:\/\/www.invicta.fr\/es\/produit\/ove-plug-in-auto-izquierda-estufa-de-pellets\/","url":"https:\/\/www.invicta.fr\/es\/produit\/ove-plug-in-auto-izquierda-estufa-de-pellets\/","name":"Ove Plug-IN AUTO Izquierda - Estufa de pellets - Invicta","isPartOf":{"@id":"https:\/\/www.invicta.fr\/es\/#website"},"primaryImageOfPage":{"@id":"https:\/\/www.invicta.fr\/es\/produit\/ove-plug-in-auto-izquierda-estufa-de-pellets\/#primaryimage"},"image":{"@id":"https:\/\/www.invicta.fr\/es\/produit\/ove-plug-in-auto-izquierda-estufa-de-pellets\/#primaryimage"},"thumbnailUrl":"https:\/\/www.invicta.fr\/wp-content\/uploads\/2019\/07\/981_ove_plugin.jpg","datePublished":"2019-10-16T14:24:40+00:00","dateModified":"2026-03-24T12:49:55+00:00","description":"La Ove Plug-IN AUTO es una estufa de pellets innovadora que tiene todo lo necesario para complacerle: est\u00e9tica, funcionamiento sin ruidos y comodidad de uso inigualable. Cargue sus pellets en el dep\u00f3sito, programe la estufa, inst\u00e1lese c\u00f3modamente y disfrute de un suave calor en su hogar.","breadcrumb":{"@id":"https:\/\/www.invicta.fr\/es\/produit\/ove-plug-in-auto-izquierda-estufa-de-pellets\/#breadcrumb"},"inLanguage":"es","potentialAction":[{"@type":"ReadAction","target":["https:\/\/www.invicta.fr\/es\/produit\/ove-plug-in-auto-izquierda-estufa-de-pellets\/"]}]},{"@type":"ImageObject","inLanguage":"es","@id":"https:\/\/www.invicta.fr\/es\/produit\/ove-plug-in-auto-izquierda-estufa-de-pellets\/#primaryimage","url":"https:\/\/www.invicta.fr\/wp-content\/uploads\/2019\/07\/981_ove_plugin.jpg","contentUrl":"https:\/\/www.invicta.fr\/wp-content\/uploads\/2019\/07\/981_ove_plugin.jpg","width":704,"height":1080,"caption":"Po\u00eale \u00e0 granul\u00e9s Invicta Ove Plug-IN - 8 kW"},{"@type":"BreadcrumbList","@id":"https:\/\/www.invicta.fr\/es\/produit\/ove-plug-in-auto-izquierda-estufa-de-pellets\/#breadcrumb","itemListElement":[{"@type":"ListItem","position":1,"name":"Inicio","item":"https:\/\/www.invicta.fr\/es\/"},{"@type":"ListItem","position":2,"name":"Productos","item":"https:\/\/www.invicta.fr\/es\/shop\/"},{"@type":"ListItem","position":3,"name":"Estufas de pellets","item":"https:\/\/www.invicta.fr\/es\/categorie-produit\/estufas-de-pellets-es\/"},{"@type":"ListItem","position":4,"name":"Plug-in, dise\u00f1o e innovaci\u00f3n","item":"https:\/\/www.invicta.fr\/es\/categorie-produit\/estufas-de-pellets-es\/plug-in-estufas-de-pellets-de-nueva-generacion\/"},{"@type":"ListItem","position":5,"name":"Ove Plug-IN AUTO Izquierda &#8211; Estufa de pellets"}]},{"@type":"WebSite","@id":"https:\/\/www.invicta.fr\/es\/#website","url":"https:\/\/www.invicta.fr\/es\/","name":"Invicta","description":"Fabricant fran\u00e7ais, sp\u00e9cialiste europ\u00e9en du chauffage au bois : po\u00eales \u00e0 bois et \u00e0 granul\u00e9s, chemin\u00e9es, foyers et inserts","publisher":{"@id":"https:\/\/www.invicta.fr\/es\/#organization"},"potentialAction":[{"@type":"SearchAction","target":{"@type":"EntryPoint","urlTemplate":"https:\/\/www.invicta.fr\/es\/?s={search_term_string}"},"query-input":{"@type":"PropertyValueSpecification","valueRequired":true,"valueName":"search_term_string"}}],"inLanguage":"es"},{"@type":"Organization","@id":"https:\/\/www.invicta.fr\/es\/#organization","name":"Invicta","url":"https:\/\/www.invicta.fr\/es\/","logo":{"@type":"ImageObject","inLanguage":"es","@id":"https:\/\/www.invicta.fr\/es\/#\/schema\/logo\/image\/","url":"https:\/\/www.invicta.fr\/wp-content\/uploads\/2019\/06\/INVICTALOGO_RVB.png","contentUrl":"https:\/\/www.invicta.fr\/wp-content\/uploads\/2019\/06\/INVICTALOGO_RVB.png","width":1810,"height":1280,"caption":"Invicta"},"image":{"@id":"https:\/\/www.invicta.fr\/es\/#\/schema\/logo\/image\/"}}]}},"_links":{"self":[{"href":"https:\/\/www.invicta.fr\/es\/wp-json\/wp\/v2\/product\/27708","targetHints":{"allow":["GET"]}}],"collection":[{"href":"https:\/\/www.invicta.fr\/es\/wp-json\/wp\/v2\/product"}],"about":[{"href":"https:\/\/www.invicta.fr\/es\/wp-json\/wp\/v2\/types\/product"}],"wp:featuredmedia":[{"embeddable":true,"href":"https:\/\/www.invicta.fr\/es\/wp-json\/wp\/v2\/media\/807"}],"wp:attachment":[{"href":"https:\/\/www.invicta.fr\/es\/wp-json\/wp\/v2\/media?parent=27708"}],"wp:term":[{"taxonomy":"product_brand","embeddable":true,"href":"https:\/\/www.invicta.fr\/es\/wp-json\/wp\/v2\/product_brand?post=27708"},{"taxonomy":"product_cat","embeddable":true,"href":"https:\/\/www.invicta.fr\/es\/wp-json\/wp\/v2\/product_cat?post=27708"},{"taxonomy":"product_tag","embeddable":true,"href":"https:\/\/www.invicta.fr\/es\/wp-json\/wp\/v2\/product_tag?post=27708"},{"taxonomy":"plus_produit","embeddable":true,"href":"https:\/\/www.invicta.fr\/es\/wp-json\/wp\/v2\/plus_produit?post=27708"}],"curies":[{"name":"wp","href":"https:\/\/api.w.org\/{rel}","templated":true}]}}