{"id":32136,"date":"2019-07-04T11:22:51","date_gmt":"2019-11-18T16:42:44","guid":{"rendered":"https:\/\/www.invicta.fr\/produit\/estufa-de-pellets-bassano-5\/"},"modified":"2026-02-24T11:29:15","modified_gmt":"2026-02-24T10:29:15","slug":"bassano-5","status":"publish","type":"product","link":"https:\/\/www.invicta.fr\/es\/produit\/bassano-5\/","title":{"rendered":"Estufa de pellets Bassano 5"},"content":{"rendered":"","protected":false},"excerpt":{"rendered":"<p>Compacta, Bassano es la estufa de pellets para los espacios peque\u00f1os y los presupuestos reducidos. \u00a1Disfrute de la mejor relaci\u00f3n calidad \/ precio del mercado!<\/p>\n<p>&nbsp;<\/p>\n","protected":false},"featured_media":29626,"template":"","meta":{"_acf_changed":false},"product_brand":[],"product_cat":[2293,2321,6674,6451,6448,6456,6450,6676],"product_tag":[7108,2301,2303,2317,6391,7048,6833,6677],"plus_produit":[2294,6841,2524,6553,2309,2312,2296,4977,2633],"class_list":{"1":"product","4":"has-post-thumbnail","6":"product_cat-ayuda-en-la-eleccion","7":"product_cat-estufas-de-pellets","8":"product_cat-estufas-de-pellets-6-kw","9":"product_cat-estufas-de-pellet-autonomas","10":"product_cat-estufas-de-pellets-programables","11":"product_cat-estufas-de-pellets-contemporaneas","12":"product_cat-estufas-de-pellets-modernas","13":"product_cat-pequenas-estufas-de-pellets","14":"product_tag-en16510-es","15":"product_tag-flamme-verte-7","16":"product_tag-eco-design-2022-es","17":"product_tag-ecoetiqueta-a","18":"product_tag-wi-fi-option","19":"product_tag-y-garantia-de-3-anos","20":"product_tag-y-garantie-extension-1an-esp","21":"product_tag-impuesto-de-credito-z-es","22":"pa_autonomie-maximum-8-horas","23":"pa_autonomie-minimum-8-horas","24":"pa_capacite-de-la-tremie-8-kg-es","25":"pa_consommation-095-kg-hora","26":"pa_depart-des-fumees-encima-o-detras","27":"pa_diametre-de-buse-80-mm-es","28":"pa_indice-de-performance-123-es","29":"pa_options-empalme-en-t-para-la-instalacion","30":"pa_puissance-42-kw-es","31":"pa_surface-de-chauffe-48-m-es","32":"pa_taux-de-co-0010-es","33":"plus_produit-control-de-la-potencia-5-o-de-la-temperatura-ambiente","34":"plus_produit-extension-de-garantie-1-an-esp","35":"plus_produit-ideal-para-presupuestos-ajustados","36":"plus_produit-kit-wifi-opcional","37":"plus_produit-posibilidad-de-control-por-termostato-externo-no-incluido","38":"plus_produit-programacion-horaria","39":"plus_produit-salida-de-aire-caliente-por-ventilador","40":"plus_produit-salida-por-arriba","41":"plus_produit-stand-by-espera","43":"first","44":"instock","45":"shipping-taxable","46":"product-type-variable"},"acf":[],"yoast_head":"<!-- This site is optimized with the Yoast SEO plugin v24.7 - https:\/\/yoast.com\/wordpress\/plugins\/seo\/ -->\n<title>Estufa de pellets Bassano 5 - Invicta<\/title>\n<meta name=\"description\" content=\"Compacta, Bassano es la estufa de pellets para los espacios peque\u00f1os y los presupuestos reducidos. \u00a1Disfrute de la mejor relaci\u00f3n calidad \/ precio del mercado!  &nbsp;\" \/>\n<meta name=\"robots\" content=\"index, follow, max-snippet:-1, max-image-preview:large, max-video-preview:-1\" \/>\n<link rel=\"canonical\" href=\"https:\/\/www.invicta.fr\/es\/produit\/bassano-5\/\" \/>\n<meta property=\"og:locale\" content=\"es_ES\" \/>\n<meta property=\"og:type\" content=\"article\" \/>\n<meta property=\"og:title\" content=\"Estufa de pellets Bassano 5 - Invicta\" \/>\n<meta property=\"og:description\" content=\"Compacta, Bassano es la estufa de pellets para los espacios peque\u00f1os y los presupuestos reducidos. \u00a1Disfrute de la mejor relaci\u00f3n calidad \/ precio del mercado!  &nbsp;\" \/>\n<meta property=\"og:url\" content=\"https:\/\/www.invicta.fr\/es\/produit\/bassano-5\/\" \/>\n<meta property=\"og:site_name\" content=\"Invicta\" \/>\n<meta property=\"article:modified_time\" content=\"2026-02-24T10:29:15+00:00\" \/>\n<meta name=\"twitter:card\" content=\"summary_large_image\" \/>\n<script type=\"application\/ld+json\" class=\"yoast-schema-graph\">{\"@context\":\"https:\/\/schema.org\",\"@graph\":[{\"@type\":\"WebPage\",\"@id\":\"https:\/\/www.invicta.fr\/es\/produit\/bassano-5\/\",\"url\":\"https:\/\/www.invicta.fr\/es\/produit\/bassano-5\/\",\"name\":\"Estufa de pellets Bassano 5 - Invicta\",\"isPartOf\":{\"@id\":\"https:\/\/www.invicta.fr\/es\/#website\"},\"primaryImageOfPage\":{\"@id\":\"https:\/\/www.invicta.fr\/es\/produit\/bassano-5\/#primaryimage\"},\"image\":{\"@id\":\"https:\/\/www.invicta.fr\/es\/produit\/bassano-5\/#primaryimage\"},\"thumbnailUrl\":\"https:\/\/www.invicta.fr\/wp-content\/uploads\/2019\/07\/BASSANO-noir.jpg\",\"datePublished\":\"2019-11-18T16:42:44+00:00\",\"dateModified\":\"2026-02-24T10:29:15+00:00\",\"description\":\"Compacta, Bassano es la estufa de pellets para los espacios peque\u00f1os y los presupuestos reducidos. \u00a1Disfrute de la mejor relaci\u00f3n calidad \/ precio del mercado! &nbsp;\",\"breadcrumb\":{\"@id\":\"https:\/\/www.invicta.fr\/es\/produit\/bassano-5\/#breadcrumb\"},\"inLanguage\":\"es\",\"potentialAction\":[{\"@type\":\"ReadAction\",\"target\":[\"https:\/\/www.invicta.fr\/es\/produit\/bassano-5\/\"]}]},{\"@type\":\"ImageObject\",\"inLanguage\":\"es\",\"@id\":\"https:\/\/www.invicta.fr\/es\/produit\/bassano-5\/#primaryimage\",\"url\":\"https:\/\/www.invicta.fr\/wp-content\/uploads\/2019\/07\/BASSANO-noir.jpg\",\"contentUrl\":\"https:\/\/www.invicta.fr\/wp-content\/uploads\/2019\/07\/BASSANO-noir.jpg\",\"width\":667,\"height\":998,\"caption\":\"Po\u00eale \u00e0 granul\u00e9s Invicta Bassano\"},{\"@type\":\"BreadcrumbList\",\"@id\":\"https:\/\/www.invicta.fr\/es\/produit\/bassano-5\/#breadcrumb\",\"itemListElement\":[{\"@type\":\"ListItem\",\"position\":1,\"name\":\"Inicio\",\"item\":\"https:\/\/www.invicta.fr\/es\/\"},{\"@type\":\"ListItem\",\"position\":2,\"name\":\"Productos\",\"item\":\"https:\/\/www.invicta.fr\/es\/shop\/\"},{\"@type\":\"ListItem\",\"position\":3,\"name\":\"Estufas de pellets\",\"item\":\"https:\/\/www.invicta.fr\/es\/categorie-produit\/estufas-de-pellets-es\/\"},{\"@type\":\"ListItem\",\"position\":4,\"name\":\"Estufas de pellets\",\"item\":\"https:\/\/www.invicta.fr\/es\/categorie-produit\/estufas-de-pellets-es\/estufas-de-pellets\/\"},{\"@type\":\"ListItem\",\"position\":5,\"name\":\"Estufa de pellets Bassano 5\"}]},{\"@type\":\"WebSite\",\"@id\":\"https:\/\/www.invicta.fr\/es\/#website\",\"url\":\"https:\/\/www.invicta.fr\/es\/\",\"name\":\"Invicta\",\"description\":\"Fabricant fran\u00e7ais, sp\u00e9cialiste europ\u00e9en du chauffage au bois : po\u00eales \u00e0 bois et \u00e0 granul\u00e9s, chemin\u00e9es, foyers et inserts\",\"publisher\":{\"@id\":\"https:\/\/www.invicta.fr\/es\/#organization\"},\"potentialAction\":[{\"@type\":\"SearchAction\",\"target\":{\"@type\":\"EntryPoint\",\"urlTemplate\":\"https:\/\/www.invicta.fr\/es\/?s={search_term_string}\"},\"query-input\":{\"@type\":\"PropertyValueSpecification\",\"valueRequired\":true,\"valueName\":\"search_term_string\"}}],\"inLanguage\":\"es\"},{\"@type\":\"Organization\",\"@id\":\"https:\/\/www.invicta.fr\/es\/#organization\",\"name\":\"Invicta\",\"url\":\"https:\/\/www.invicta.fr\/es\/\",\"logo\":{\"@type\":\"ImageObject\",\"inLanguage\":\"es\",\"@id\":\"https:\/\/www.invicta.fr\/es\/#\/schema\/logo\/image\/\",\"url\":\"https:\/\/www.invicta.fr\/wp-content\/uploads\/2019\/06\/INVICTALOGO_RVB.png\",\"contentUrl\":\"https:\/\/www.invicta.fr\/wp-content\/uploads\/2019\/06\/INVICTALOGO_RVB.png\",\"width\":1810,\"height\":1280,\"caption\":\"Invicta\"},\"image\":{\"@id\":\"https:\/\/www.invicta.fr\/es\/#\/schema\/logo\/image\/\"}}]}<\/script>\n<!-- \/ Yoast SEO plugin. -->","yoast_head_json":{"title":"Estufa de pellets Bassano 5 - Invicta","description":"Compacta, Bassano es la estufa de pellets para los espacios peque\u00f1os y los presupuestos reducidos. \u00a1Disfrute de la mejor relaci\u00f3n calidad \/ precio del mercado!  &nbsp;","robots":{"index":"index","follow":"follow","max-snippet":"max-snippet:-1","max-image-preview":"max-image-preview:large","max-video-preview":"max-video-preview:-1"},"canonical":"https:\/\/www.invicta.fr\/es\/produit\/bassano-5\/","og_locale":"es_ES","og_type":"article","og_title":"Estufa de pellets Bassano 5 - Invicta","og_description":"Compacta, Bassano es la estufa de pellets para los espacios peque\u00f1os y los presupuestos reducidos. \u00a1Disfrute de la mejor relaci\u00f3n calidad \/ precio del mercado!  &nbsp;","og_url":"https:\/\/www.invicta.fr\/es\/produit\/bassano-5\/","og_site_name":"Invicta","article_modified_time":"2026-02-24T10:29:15+00:00","twitter_card":"summary_large_image","schema":{"@context":"https:\/\/schema.org","@graph":[{"@type":"WebPage","@id":"https:\/\/www.invicta.fr\/es\/produit\/bassano-5\/","url":"https:\/\/www.invicta.fr\/es\/produit\/bassano-5\/","name":"Estufa de pellets Bassano 5 - Invicta","isPartOf":{"@id":"https:\/\/www.invicta.fr\/es\/#website"},"primaryImageOfPage":{"@id":"https:\/\/www.invicta.fr\/es\/produit\/bassano-5\/#primaryimage"},"image":{"@id":"https:\/\/www.invicta.fr\/es\/produit\/bassano-5\/#primaryimage"},"thumbnailUrl":"https:\/\/www.invicta.fr\/wp-content\/uploads\/2019\/07\/BASSANO-noir.jpg","datePublished":"2019-11-18T16:42:44+00:00","dateModified":"2026-02-24T10:29:15+00:00","description":"Compacta, Bassano es la estufa de pellets para los espacios peque\u00f1os y los presupuestos reducidos. \u00a1Disfrute de la mejor relaci\u00f3n calidad \/ precio del mercado! &nbsp;","breadcrumb":{"@id":"https:\/\/www.invicta.fr\/es\/produit\/bassano-5\/#breadcrumb"},"inLanguage":"es","potentialAction":[{"@type":"ReadAction","target":["https:\/\/www.invicta.fr\/es\/produit\/bassano-5\/"]}]},{"@type":"ImageObject","inLanguage":"es","@id":"https:\/\/www.invicta.fr\/es\/produit\/bassano-5\/#primaryimage","url":"https:\/\/www.invicta.fr\/wp-content\/uploads\/2019\/07\/BASSANO-noir.jpg","contentUrl":"https:\/\/www.invicta.fr\/wp-content\/uploads\/2019\/07\/BASSANO-noir.jpg","width":667,"height":998,"caption":"Po\u00eale \u00e0 granul\u00e9s Invicta Bassano"},{"@type":"BreadcrumbList","@id":"https:\/\/www.invicta.fr\/es\/produit\/bassano-5\/#breadcrumb","itemListElement":[{"@type":"ListItem","position":1,"name":"Inicio","item":"https:\/\/www.invicta.fr\/es\/"},{"@type":"ListItem","position":2,"name":"Productos","item":"https:\/\/www.invicta.fr\/es\/shop\/"},{"@type":"ListItem","position":3,"name":"Estufas de pellets","item":"https:\/\/www.invicta.fr\/es\/categorie-produit\/estufas-de-pellets-es\/"},{"@type":"ListItem","position":4,"name":"Estufas de pellets","item":"https:\/\/www.invicta.fr\/es\/categorie-produit\/estufas-de-pellets-es\/estufas-de-pellets\/"},{"@type":"ListItem","position":5,"name":"Estufa de pellets Bassano 5"}]},{"@type":"WebSite","@id":"https:\/\/www.invicta.fr\/es\/#website","url":"https:\/\/www.invicta.fr\/es\/","name":"Invicta","description":"Fabricant fran\u00e7ais, sp\u00e9cialiste europ\u00e9en du chauffage au bois : po\u00eales \u00e0 bois et \u00e0 granul\u00e9s, chemin\u00e9es, foyers et inserts","publisher":{"@id":"https:\/\/www.invicta.fr\/es\/#organization"},"potentialAction":[{"@type":"SearchAction","target":{"@type":"EntryPoint","urlTemplate":"https:\/\/www.invicta.fr\/es\/?s={search_term_string}"},"query-input":{"@type":"PropertyValueSpecification","valueRequired":true,"valueName":"search_term_string"}}],"inLanguage":"es"},{"@type":"Organization","@id":"https:\/\/www.invicta.fr\/es\/#organization","name":"Invicta","url":"https:\/\/www.invicta.fr\/es\/","logo":{"@type":"ImageObject","inLanguage":"es","@id":"https:\/\/www.invicta.fr\/es\/#\/schema\/logo\/image\/","url":"https:\/\/www.invicta.fr\/wp-content\/uploads\/2019\/06\/INVICTALOGO_RVB.png","contentUrl":"https:\/\/www.invicta.fr\/wp-content\/uploads\/2019\/06\/INVICTALOGO_RVB.png","width":1810,"height":1280,"caption":"Invicta"},"image":{"@id":"https:\/\/www.invicta.fr\/es\/#\/schema\/logo\/image\/"}}]}},"_links":{"self":[{"href":"https:\/\/www.invicta.fr\/es\/wp-json\/wp\/v2\/product\/32136","targetHints":{"allow":["GET"]}}],"collection":[{"href":"https:\/\/www.invicta.fr\/es\/wp-json\/wp\/v2\/product"}],"about":[{"href":"https:\/\/www.invicta.fr\/es\/wp-json\/wp\/v2\/types\/product"}],"wp:featuredmedia":[{"embeddable":true,"href":"https:\/\/www.invicta.fr\/es\/wp-json\/wp\/v2\/media\/29626"}],"wp:attachment":[{"href":"https:\/\/www.invicta.fr\/es\/wp-json\/wp\/v2\/media?parent=32136"}],"wp:term":[{"taxonomy":"product_brand","embeddable":true,"href":"https:\/\/www.invicta.fr\/es\/wp-json\/wp\/v2\/product_brand?post=32136"},{"taxonomy":"product_cat","embeddable":true,"href":"https:\/\/www.invicta.fr\/es\/wp-json\/wp\/v2\/product_cat?post=32136"},{"taxonomy":"product_tag","embeddable":true,"href":"https:\/\/www.invicta.fr\/es\/wp-json\/wp\/v2\/product_tag?post=32136"},{"taxonomy":"plus_produit","embeddable":true,"href":"https:\/\/www.invicta.fr\/es\/wp-json\/wp\/v2\/plus_produit?post=32136"}],"curies":[{"name":"wp","href":"https:\/\/api.w.org\/{rel}","templated":true}]}}