{"id":32142,"date":"2019-07-04T12:02:18","date_gmt":"2019-11-18T16:42:49","guid":{"rendered":"https:\/\/www.invicta.fr\/produit\/estufa-pellets-nola-10\/"},"modified":"2026-02-24T13:27:35","modified_gmt":"2026-02-24T12:27:35","slug":"estufa-nola-10","status":"publish","type":"product","link":"https:\/\/www.invicta.fr\/es\/produit\/estufa-nola-10\/","title":{"rendered":"Estufa pellets Nola 10"},"content":{"rendered":"","protected":false},"excerpt":{"rendered":"<p>Con su estilo depurado, esta estufa de pellets encuentra f\u00e1cilmente su lugar en su universo. Instala una sensaci\u00f3n \u00fanica y agradable de bienestar.<\/p>\n","protected":false},"featured_media":1161,"template":"","meta":{"_acf_changed":false},"product_brand":[],"product_cat":[2293,2321,6505,6451,6448,6456,6450],"product_tag":[7108,2301,2303,2317,6391,7048,6833,6677],"plus_produit":[2294,3155,6841,6553,2309,2312,2296,2633],"class_list":{"1":"product","4":"has-post-thumbnail","6":"product_cat-ayuda-en-la-eleccion","7":"product_cat-estufas-de-pellets","8":"product_cat-estufas-de-pellets-de-10-kw","9":"product_cat-estufas-de-pellet-autonomas","10":"product_cat-estufas-de-pellets-programables","11":"product_cat-estufas-de-pellets-contemporaneas","12":"product_cat-estufas-de-pellets-modernas","13":"product_tag-en16510-es","14":"product_tag-flamme-verte-7","15":"product_tag-eco-design-2022-es","16":"product_tag-ecoetiqueta-a","17":"product_tag-wi-fi-option","18":"product_tag-y-garantia-de-3-anos","19":"product_tag-y-garantie-extension-1an-esp","20":"product_tag-impuesto-de-credito-z-es","21":"pa_autonomie-maximum-245-es","22":"pa_autonomie-minimum-7-horas","23":"pa_capacite-de-la-tremie-165-kg","24":"pa_consommation-067-a-231-kg-hora-es","25":"pa_depart-des-fumees-detras","26":"pa_diametre-de-buse-80-mm-es","27":"pa_indice-de-performance-124-es","28":"pa_modulation-de-puissance-3-a-95-kw-es","29":"pa_puissance-95-kw-es","30":"pa_surface-de-chauffe-35-a-120-m-es","31":"pa_volume-de-chauffe-85-a-300-m-es","32":"plus_produit-control-de-la-potencia-5-o-de-la-temperatura-ambiente","33":"plus_produit-control-remoto-suministrado-con-la-estufa","34":"plus_produit-extension-de-garantie-1-an-esp","35":"plus_produit-kit-wifi-opcional","36":"plus_produit-posibilidad-de-control-por-termostato-externo-no-incluido","37":"plus_produit-programacion-horaria","38":"plus_produit-salida-de-aire-caliente-por-ventilador","39":"plus_produit-stand-by-espera","41":"first","42":"instock","43":"product-type-variable"},"acf":[],"yoast_head":"<!-- This site is optimized with the Yoast SEO plugin v24.7 - https:\/\/yoast.com\/wordpress\/plugins\/seo\/ -->\n<title>Estufa pellets Nola 10 - Invicta<\/title>\n<meta name=\"description\" content=\"Con su estilo depurado, esta estufa de pellets encuentra f\u00e1cilmente su lugar en su universo. Instala una sensaci\u00f3n \u00fanica y agradable de bienestar.\" \/>\n<meta name=\"robots\" content=\"index, follow, max-snippet:-1, max-image-preview:large, max-video-preview:-1\" \/>\n<link rel=\"canonical\" href=\"https:\/\/www.invicta.fr\/es\/produit\/estufa-nola-10\/\" \/>\n<meta property=\"og:locale\" content=\"es_ES\" \/>\n<meta property=\"og:type\" content=\"article\" \/>\n<meta property=\"og:title\" content=\"Estufa pellets Nola 10 - Invicta\" \/>\n<meta property=\"og:description\" content=\"Con su estilo depurado, esta estufa de pellets encuentra f\u00e1cilmente su lugar en su universo. Instala una sensaci\u00f3n \u00fanica y agradable de bienestar.\" \/>\n<meta property=\"og:url\" content=\"https:\/\/www.invicta.fr\/es\/produit\/estufa-nola-10\/\" \/>\n<meta property=\"og:site_name\" content=\"Invicta\" \/>\n<meta property=\"article:modified_time\" content=\"2026-02-24T12:27:35+00:00\" \/>\n<meta name=\"twitter:card\" content=\"summary_large_image\" \/>\n<script type=\"application\/ld+json\" class=\"yoast-schema-graph\">{\"@context\":\"https:\/\/schema.org\",\"@graph\":[{\"@type\":\"WebPage\",\"@id\":\"https:\/\/www.invicta.fr\/es\/produit\/estufa-nola-10\/\",\"url\":\"https:\/\/www.invicta.fr\/es\/produit\/estufa-nola-10\/\",\"name\":\"Estufa pellets Nola 10 - Invicta\",\"isPartOf\":{\"@id\":\"https:\/\/www.invicta.fr\/es\/#website\"},\"primaryImageOfPage\":{\"@id\":\"https:\/\/www.invicta.fr\/es\/produit\/estufa-nola-10\/#primaryimage\"},\"image\":{\"@id\":\"https:\/\/www.invicta.fr\/es\/produit\/estufa-nola-10\/#primaryimage\"},\"thumbnailUrl\":\"https:\/\/www.invicta.fr\/wp-content\/uploads\/2019\/07\/NOLA-noir-feu-e1567696884235.jpg\",\"datePublished\":\"2019-11-18T16:42:49+00:00\",\"dateModified\":\"2026-02-24T12:27:35+00:00\",\"description\":\"Con su estilo depurado, esta estufa de pellets encuentra f\u00e1cilmente su lugar en su universo. Instala una sensaci\u00f3n \u00fanica y agradable de bienestar.\",\"breadcrumb\":{\"@id\":\"https:\/\/www.invicta.fr\/es\/produit\/estufa-nola-10\/#breadcrumb\"},\"inLanguage\":\"es\",\"potentialAction\":[{\"@type\":\"ReadAction\",\"target\":[\"https:\/\/www.invicta.fr\/es\/produit\/estufa-nola-10\/\"]}]},{\"@type\":\"ImageObject\",\"inLanguage\":\"es\",\"@id\":\"https:\/\/www.invicta.fr\/es\/produit\/estufa-nola-10\/#primaryimage\",\"url\":\"https:\/\/www.invicta.fr\/wp-content\/uploads\/2019\/07\/NOLA-noir-feu-e1567696884235.jpg\",\"contentUrl\":\"https:\/\/www.invicta.fr\/wp-content\/uploads\/2019\/07\/NOLA-noir-feu-e1567696884235.jpg\",\"width\":477,\"height\":848,\"caption\":\"Po\u00eale \u00e0 granul\u00e9s Invicta Nola noir\"},{\"@type\":\"BreadcrumbList\",\"@id\":\"https:\/\/www.invicta.fr\/es\/produit\/estufa-nola-10\/#breadcrumb\",\"itemListElement\":[{\"@type\":\"ListItem\",\"position\":1,\"name\":\"Inicio\",\"item\":\"https:\/\/www.invicta.fr\/es\/\"},{\"@type\":\"ListItem\",\"position\":2,\"name\":\"Productos\",\"item\":\"https:\/\/www.invicta.fr\/es\/shop\/\"},{\"@type\":\"ListItem\",\"position\":3,\"name\":\"Estufas de pellets\",\"item\":\"https:\/\/www.invicta.fr\/es\/categorie-produit\/estufas-de-pellets-es\/\"},{\"@type\":\"ListItem\",\"position\":4,\"name\":\"Estufas de pellets\",\"item\":\"https:\/\/www.invicta.fr\/es\/categorie-produit\/estufas-de-pellets-es\/estufas-de-pellets\/\"},{\"@type\":\"ListItem\",\"position\":5,\"name\":\"Estufa pellets Nola 10\"}]},{\"@type\":\"WebSite\",\"@id\":\"https:\/\/www.invicta.fr\/es\/#website\",\"url\":\"https:\/\/www.invicta.fr\/es\/\",\"name\":\"Invicta\",\"description\":\"Fabricant fran\u00e7ais, sp\u00e9cialiste europ\u00e9en du chauffage au bois : po\u00eales \u00e0 bois et \u00e0 granul\u00e9s, chemin\u00e9es, foyers et inserts\",\"publisher\":{\"@id\":\"https:\/\/www.invicta.fr\/es\/#organization\"},\"potentialAction\":[{\"@type\":\"SearchAction\",\"target\":{\"@type\":\"EntryPoint\",\"urlTemplate\":\"https:\/\/www.invicta.fr\/es\/?s={search_term_string}\"},\"query-input\":{\"@type\":\"PropertyValueSpecification\",\"valueRequired\":true,\"valueName\":\"search_term_string\"}}],\"inLanguage\":\"es\"},{\"@type\":\"Organization\",\"@id\":\"https:\/\/www.invicta.fr\/es\/#organization\",\"name\":\"Invicta\",\"url\":\"https:\/\/www.invicta.fr\/es\/\",\"logo\":{\"@type\":\"ImageObject\",\"inLanguage\":\"es\",\"@id\":\"https:\/\/www.invicta.fr\/es\/#\/schema\/logo\/image\/\",\"url\":\"https:\/\/www.invicta.fr\/wp-content\/uploads\/2019\/06\/INVICTALOGO_RVB.png\",\"contentUrl\":\"https:\/\/www.invicta.fr\/wp-content\/uploads\/2019\/06\/INVICTALOGO_RVB.png\",\"width\":1810,\"height\":1280,\"caption\":\"Invicta\"},\"image\":{\"@id\":\"https:\/\/www.invicta.fr\/es\/#\/schema\/logo\/image\/\"}}]}<\/script>\n<!-- \/ Yoast SEO plugin. -->","yoast_head_json":{"title":"Estufa pellets Nola 10 - Invicta","description":"Con su estilo depurado, esta estufa de pellets encuentra f\u00e1cilmente su lugar en su universo. Instala una sensaci\u00f3n \u00fanica y agradable de bienestar.","robots":{"index":"index","follow":"follow","max-snippet":"max-snippet:-1","max-image-preview":"max-image-preview:large","max-video-preview":"max-video-preview:-1"},"canonical":"https:\/\/www.invicta.fr\/es\/produit\/estufa-nola-10\/","og_locale":"es_ES","og_type":"article","og_title":"Estufa pellets Nola 10 - Invicta","og_description":"Con su estilo depurado, esta estufa de pellets encuentra f\u00e1cilmente su lugar en su universo. Instala una sensaci\u00f3n \u00fanica y agradable de bienestar.","og_url":"https:\/\/www.invicta.fr\/es\/produit\/estufa-nola-10\/","og_site_name":"Invicta","article_modified_time":"2026-02-24T12:27:35+00:00","twitter_card":"summary_large_image","schema":{"@context":"https:\/\/schema.org","@graph":[{"@type":"WebPage","@id":"https:\/\/www.invicta.fr\/es\/produit\/estufa-nola-10\/","url":"https:\/\/www.invicta.fr\/es\/produit\/estufa-nola-10\/","name":"Estufa pellets Nola 10 - Invicta","isPartOf":{"@id":"https:\/\/www.invicta.fr\/es\/#website"},"primaryImageOfPage":{"@id":"https:\/\/www.invicta.fr\/es\/produit\/estufa-nola-10\/#primaryimage"},"image":{"@id":"https:\/\/www.invicta.fr\/es\/produit\/estufa-nola-10\/#primaryimage"},"thumbnailUrl":"https:\/\/www.invicta.fr\/wp-content\/uploads\/2019\/07\/NOLA-noir-feu-e1567696884235.jpg","datePublished":"2019-11-18T16:42:49+00:00","dateModified":"2026-02-24T12:27:35+00:00","description":"Con su estilo depurado, esta estufa de pellets encuentra f\u00e1cilmente su lugar en su universo. Instala una sensaci\u00f3n \u00fanica y agradable de bienestar.","breadcrumb":{"@id":"https:\/\/www.invicta.fr\/es\/produit\/estufa-nola-10\/#breadcrumb"},"inLanguage":"es","potentialAction":[{"@type":"ReadAction","target":["https:\/\/www.invicta.fr\/es\/produit\/estufa-nola-10\/"]}]},{"@type":"ImageObject","inLanguage":"es","@id":"https:\/\/www.invicta.fr\/es\/produit\/estufa-nola-10\/#primaryimage","url":"https:\/\/www.invicta.fr\/wp-content\/uploads\/2019\/07\/NOLA-noir-feu-e1567696884235.jpg","contentUrl":"https:\/\/www.invicta.fr\/wp-content\/uploads\/2019\/07\/NOLA-noir-feu-e1567696884235.jpg","width":477,"height":848,"caption":"Po\u00eale \u00e0 granul\u00e9s Invicta Nola noir"},{"@type":"BreadcrumbList","@id":"https:\/\/www.invicta.fr\/es\/produit\/estufa-nola-10\/#breadcrumb","itemListElement":[{"@type":"ListItem","position":1,"name":"Inicio","item":"https:\/\/www.invicta.fr\/es\/"},{"@type":"ListItem","position":2,"name":"Productos","item":"https:\/\/www.invicta.fr\/es\/shop\/"},{"@type":"ListItem","position":3,"name":"Estufas de pellets","item":"https:\/\/www.invicta.fr\/es\/categorie-produit\/estufas-de-pellets-es\/"},{"@type":"ListItem","position":4,"name":"Estufas de pellets","item":"https:\/\/www.invicta.fr\/es\/categorie-produit\/estufas-de-pellets-es\/estufas-de-pellets\/"},{"@type":"ListItem","position":5,"name":"Estufa pellets Nola 10"}]},{"@type":"WebSite","@id":"https:\/\/www.invicta.fr\/es\/#website","url":"https:\/\/www.invicta.fr\/es\/","name":"Invicta","description":"Fabricant fran\u00e7ais, sp\u00e9cialiste europ\u00e9en du chauffage au bois : po\u00eales \u00e0 bois et \u00e0 granul\u00e9s, chemin\u00e9es, foyers et inserts","publisher":{"@id":"https:\/\/www.invicta.fr\/es\/#organization"},"potentialAction":[{"@type":"SearchAction","target":{"@type":"EntryPoint","urlTemplate":"https:\/\/www.invicta.fr\/es\/?s={search_term_string}"},"query-input":{"@type":"PropertyValueSpecification","valueRequired":true,"valueName":"search_term_string"}}],"inLanguage":"es"},{"@type":"Organization","@id":"https:\/\/www.invicta.fr\/es\/#organization","name":"Invicta","url":"https:\/\/www.invicta.fr\/es\/","logo":{"@type":"ImageObject","inLanguage":"es","@id":"https:\/\/www.invicta.fr\/es\/#\/schema\/logo\/image\/","url":"https:\/\/www.invicta.fr\/wp-content\/uploads\/2019\/06\/INVICTALOGO_RVB.png","contentUrl":"https:\/\/www.invicta.fr\/wp-content\/uploads\/2019\/06\/INVICTALOGO_RVB.png","width":1810,"height":1280,"caption":"Invicta"},"image":{"@id":"https:\/\/www.invicta.fr\/es\/#\/schema\/logo\/image\/"}}]}},"_links":{"self":[{"href":"https:\/\/www.invicta.fr\/es\/wp-json\/wp\/v2\/product\/32142","targetHints":{"allow":["GET"]}}],"collection":[{"href":"https:\/\/www.invicta.fr\/es\/wp-json\/wp\/v2\/product"}],"about":[{"href":"https:\/\/www.invicta.fr\/es\/wp-json\/wp\/v2\/types\/product"}],"wp:featuredmedia":[{"embeddable":true,"href":"https:\/\/www.invicta.fr\/es\/wp-json\/wp\/v2\/media\/1161"}],"wp:attachment":[{"href":"https:\/\/www.invicta.fr\/es\/wp-json\/wp\/v2\/media?parent=32142"}],"wp:term":[{"taxonomy":"product_brand","embeddable":true,"href":"https:\/\/www.invicta.fr\/es\/wp-json\/wp\/v2\/product_brand?post=32142"},{"taxonomy":"product_cat","embeddable":true,"href":"https:\/\/www.invicta.fr\/es\/wp-json\/wp\/v2\/product_cat?post=32142"},{"taxonomy":"product_tag","embeddable":true,"href":"https:\/\/www.invicta.fr\/es\/wp-json\/wp\/v2\/product_tag?post=32142"},{"taxonomy":"plus_produit","embeddable":true,"href":"https:\/\/www.invicta.fr\/es\/wp-json\/wp\/v2\/plus_produit?post=32142"}],"curies":[{"name":"wp","href":"https:\/\/api.w.org\/{rel}","templated":true}]}}