{"id":38574,"date":"2020-09-30T01:18:23","date_gmt":"2020-09-29T23:18:24","guid":{"rendered":"https:\/\/www.invicta.fr\/?post_type=product&#038;p=38574"},"modified":"2026-02-24T11:35:13","modified_gmt":"2026-02-24T10:35:13","slug":"estufa-de-pellets-daglan-slim-9","status":"publish","type":"product","link":"https:\/\/www.invicta.fr\/es\/produit\/estufa-de-pellets-daglan-slim-9\/","title":{"rendered":"Estufa de pellets Daglan Slim 9"},"content":{"rendered":"","protected":false},"excerpt":{"rendered":"<p><span data-sheets-formula-bar-text-style=\"font-size:13px;color:#ff0000;font-weight:normal;text-decoration:none;font-family:'Arial';font-style:normal;text-decoration-skip-ink:none;\">La estufa de pellets Daglan ocupa un m\u00ednimo de espacio y ofrece el m\u00e1ximo confort gracias a su alto rendimiento, autonom\u00eda ampliada y posibilidades de programaci\u00f3n. Monobloque, se entrega montada.<\/span><\/p>\n","protected":false},"featured_media":38504,"template":"","meta":{"_acf_changed":false},"product_brand":[],"product_cat":[2293,2321,6615,6451,6448,6614,6456,6450,6676,6506],"product_tag":[7108,2301,2303,2317,6391,7048,6833,6677],"plus_produit":[2294,6841,6553,4961,2309,2312,2296,2633],"class_list":{"1":"product","4":"has-post-thumbnail","6":"product_cat-ayuda-en-la-eleccion","7":"product_cat-estufas-de-pellets","8":"product_cat-estufas-de-pellets-9-kw","9":"product_cat-estufas-de-pellet-autonomas","10":"product_cat-estufas-de-pellets-programables","11":"product_cat-diseno-de-estufas-de-pellets","12":"product_cat-estufas-de-pellets-contemporaneas","13":"product_cat-estufas-de-pellets-modernas","14":"product_cat-pequenas-estufas-de-pellets","15":"product_cat-estufas-de-pellets-rojas","16":"product_tag-en16510-es","17":"product_tag-flamme-verte-7","18":"product_tag-eco-design-2022-es","19":"product_tag-ecoetiqueta-a","20":"product_tag-wi-fi-option","21":"product_tag-y-garantia-de-3-anos","22":"product_tag-y-garantie-extension-1an-esp","23":"product_tag-impuesto-de-credito-z-es","24":"pa_autonomie-minimum-7-horas","25":"pa_capacite-de-la-tremie-15-kg-es","26":"pa_depart-des-fumees-encima-o-detras","27":"pa_diametre-de-buse-80-mm-es","28":"pa_puissance-9-kw-es","29":"pa_surface-de-chauffe-50-a-110-m-es","30":"pa_volume-de-chauffe-125-a-275-m-es","31":"plus_produit-control-de-la-potencia-5-o-de-la-temperatura-ambiente","32":"plus_produit-extension-de-garantie-1-an-esp","33":"plus_produit-kit-wifi-opcional","34":"plus_produit-ocupa-poco-espacio","35":"plus_produit-posibilidad-de-control-por-termostato-externo-no-incluido","36":"plus_produit-programacion-horaria","37":"plus_produit-salida-de-aire-caliente-por-ventilador","38":"plus_produit-stand-by-espera","40":"first","41":"instock","42":"product-type-variable","43":"has-default-attributes"},"acf":[],"yoast_head":"<!-- This site is optimized with the Yoast SEO plugin v24.7 - https:\/\/yoast.com\/wordpress\/plugins\/seo\/ -->\n<title>Estufa de pellets Daglan Slim 9 - Invicta<\/title>\n<meta name=\"description\" content=\"La estufa de pellets Daglan ocupa un m\u00ednimo de espacio y ofrece el m\u00e1ximo confort gracias a su alto rendimiento, autonom\u00eda ampliada y posibilidades de programaci\u00f3n. Monobloque, se entrega montada.\" \/>\n<meta name=\"robots\" content=\"index, follow, max-snippet:-1, max-image-preview:large, max-video-preview:-1\" \/>\n<link rel=\"canonical\" href=\"https:\/\/www.invicta.fr\/es\/produit\/estufa-de-pellets-daglan-slim-9\/\" \/>\n<meta property=\"og:locale\" content=\"es_ES\" \/>\n<meta property=\"og:type\" content=\"article\" \/>\n<meta property=\"og:title\" content=\"Estufa de pellets Daglan Slim 9 - Invicta\" \/>\n<meta property=\"og:description\" content=\"La estufa de pellets Daglan ocupa un m\u00ednimo de espacio y ofrece el m\u00e1ximo confort gracias a su alto rendimiento, autonom\u00eda ampliada y posibilidades de programaci\u00f3n. Monobloque, se entrega montada.\" \/>\n<meta property=\"og:url\" content=\"https:\/\/www.invicta.fr\/es\/produit\/estufa-de-pellets-daglan-slim-9\/\" \/>\n<meta property=\"og:site_name\" content=\"Invicta\" \/>\n<meta property=\"article:modified_time\" content=\"2026-02-24T10:35:13+00:00\" \/>\n<meta property=\"og:image\" content=\"https:\/\/www.invicta.fr\/wp-content\/uploads\/2020\/09\/C-DAGLAN_rouge-web.jpg\" \/>\n\t<meta property=\"og:image:width\" content=\"806\" \/>\n\t<meta property=\"og:image:height\" content=\"1000\" \/>\n\t<meta property=\"og:image:type\" content=\"image\/jpeg\" \/>\n<meta name=\"twitter:card\" content=\"summary_large_image\" \/>\n<script type=\"application\/ld+json\" class=\"yoast-schema-graph\">{\"@context\":\"https:\/\/schema.org\",\"@graph\":[{\"@type\":\"WebPage\",\"@id\":\"https:\/\/www.invicta.fr\/es\/produit\/estufa-de-pellets-daglan-slim-9\/\",\"url\":\"https:\/\/www.invicta.fr\/es\/produit\/estufa-de-pellets-daglan-slim-9\/\",\"name\":\"Estufa de pellets Daglan Slim 9 - Invicta\",\"isPartOf\":{\"@id\":\"https:\/\/www.invicta.fr\/es\/#website\"},\"primaryImageOfPage\":{\"@id\":\"https:\/\/www.invicta.fr\/es\/produit\/estufa-de-pellets-daglan-slim-9\/#primaryimage\"},\"image\":{\"@id\":\"https:\/\/www.invicta.fr\/es\/produit\/estufa-de-pellets-daglan-slim-9\/#primaryimage\"},\"thumbnailUrl\":\"https:\/\/www.invicta.fr\/wp-content\/uploads\/2020\/09\/C-DAGLAN_rouge-web.jpg\",\"datePublished\":\"2020-09-29T23:18:24+00:00\",\"dateModified\":\"2026-02-24T10:35:13+00:00\",\"description\":\"La estufa de pellets Daglan ocupa un m\u00ednimo de espacio y ofrece el m\u00e1ximo confort gracias a su alto rendimiento, autonom\u00eda ampliada y posibilidades de programaci\u00f3n. Monobloque, se entrega montada.\",\"breadcrumb\":{\"@id\":\"https:\/\/www.invicta.fr\/es\/produit\/estufa-de-pellets-daglan-slim-9\/#breadcrumb\"},\"inLanguage\":\"es\",\"potentialAction\":[{\"@type\":\"ReadAction\",\"target\":[\"https:\/\/www.invicta.fr\/es\/produit\/estufa-de-pellets-daglan-slim-9\/\"]}]},{\"@type\":\"ImageObject\",\"inLanguage\":\"es\",\"@id\":\"https:\/\/www.invicta.fr\/es\/produit\/estufa-de-pellets-daglan-slim-9\/#primaryimage\",\"url\":\"https:\/\/www.invicta.fr\/wp-content\/uploads\/2020\/09\/C-DAGLAN_rouge-web.jpg\",\"contentUrl\":\"https:\/\/www.invicta.fr\/wp-content\/uploads\/2020\/09\/C-DAGLAN_rouge-web.jpg\",\"width\":806,\"height\":1000,\"caption\":\"Po\u00eale \u00e0 granul\u00e9s canalisable Daglan Slim - Invicta - 9 kW\"},{\"@type\":\"BreadcrumbList\",\"@id\":\"https:\/\/www.invicta.fr\/es\/produit\/estufa-de-pellets-daglan-slim-9\/#breadcrumb\",\"itemListElement\":[{\"@type\":\"ListItem\",\"position\":1,\"name\":\"Inicio\",\"item\":\"https:\/\/www.invicta.fr\/es\/\"},{\"@type\":\"ListItem\",\"position\":2,\"name\":\"Productos\",\"item\":\"https:\/\/www.invicta.fr\/es\/shop\/\"},{\"@type\":\"ListItem\",\"position\":3,\"name\":\"Estufas de pellets\",\"item\":\"https:\/\/www.invicta.fr\/es\/categorie-produit\/estufas-de-pellets-es\/\"},{\"@type\":\"ListItem\",\"position\":4,\"name\":\"Estufas de pellets\",\"item\":\"https:\/\/www.invicta.fr\/es\/categorie-produit\/estufas-de-pellets-es\/estufas-de-pellets\/\"},{\"@type\":\"ListItem\",\"position\":5,\"name\":\"Estufa de pellets Daglan Slim 9\"}]},{\"@type\":\"WebSite\",\"@id\":\"https:\/\/www.invicta.fr\/es\/#website\",\"url\":\"https:\/\/www.invicta.fr\/es\/\",\"name\":\"Invicta\",\"description\":\"Fabricant fran\u00e7ais, sp\u00e9cialiste europ\u00e9en du chauffage au bois : po\u00eales \u00e0 bois et \u00e0 granul\u00e9s, chemin\u00e9es, foyers et inserts\",\"publisher\":{\"@id\":\"https:\/\/www.invicta.fr\/es\/#organization\"},\"potentialAction\":[{\"@type\":\"SearchAction\",\"target\":{\"@type\":\"EntryPoint\",\"urlTemplate\":\"https:\/\/www.invicta.fr\/es\/?s={search_term_string}\"},\"query-input\":{\"@type\":\"PropertyValueSpecification\",\"valueRequired\":true,\"valueName\":\"search_term_string\"}}],\"inLanguage\":\"es\"},{\"@type\":\"Organization\",\"@id\":\"https:\/\/www.invicta.fr\/es\/#organization\",\"name\":\"Invicta\",\"url\":\"https:\/\/www.invicta.fr\/es\/\",\"logo\":{\"@type\":\"ImageObject\",\"inLanguage\":\"es\",\"@id\":\"https:\/\/www.invicta.fr\/es\/#\/schema\/logo\/image\/\",\"url\":\"https:\/\/www.invicta.fr\/wp-content\/uploads\/2019\/06\/INVICTALOGO_RVB.png\",\"contentUrl\":\"https:\/\/www.invicta.fr\/wp-content\/uploads\/2019\/06\/INVICTALOGO_RVB.png\",\"width\":1810,\"height\":1280,\"caption\":\"Invicta\"},\"image\":{\"@id\":\"https:\/\/www.invicta.fr\/es\/#\/schema\/logo\/image\/\"}}]}<\/script>\n<!-- \/ Yoast SEO plugin. -->","yoast_head_json":{"title":"Estufa de pellets Daglan Slim 9 - Invicta","description":"La estufa de pellets Daglan ocupa un m\u00ednimo de espacio y ofrece el m\u00e1ximo confort gracias a su alto rendimiento, autonom\u00eda ampliada y posibilidades de programaci\u00f3n. Monobloque, se entrega montada.","robots":{"index":"index","follow":"follow","max-snippet":"max-snippet:-1","max-image-preview":"max-image-preview:large","max-video-preview":"max-video-preview:-1"},"canonical":"https:\/\/www.invicta.fr\/es\/produit\/estufa-de-pellets-daglan-slim-9\/","og_locale":"es_ES","og_type":"article","og_title":"Estufa de pellets Daglan Slim 9 - Invicta","og_description":"La estufa de pellets Daglan ocupa un m\u00ednimo de espacio y ofrece el m\u00e1ximo confort gracias a su alto rendimiento, autonom\u00eda ampliada y posibilidades de programaci\u00f3n. Monobloque, se entrega montada.","og_url":"https:\/\/www.invicta.fr\/es\/produit\/estufa-de-pellets-daglan-slim-9\/","og_site_name":"Invicta","article_modified_time":"2026-02-24T10:35:13+00:00","og_image":[{"width":806,"height":1000,"url":"https:\/\/www.invicta.fr\/wp-content\/uploads\/2020\/09\/C-DAGLAN_rouge-web.jpg","type":"image\/jpeg"}],"twitter_card":"summary_large_image","schema":{"@context":"https:\/\/schema.org","@graph":[{"@type":"WebPage","@id":"https:\/\/www.invicta.fr\/es\/produit\/estufa-de-pellets-daglan-slim-9\/","url":"https:\/\/www.invicta.fr\/es\/produit\/estufa-de-pellets-daglan-slim-9\/","name":"Estufa de pellets Daglan Slim 9 - Invicta","isPartOf":{"@id":"https:\/\/www.invicta.fr\/es\/#website"},"primaryImageOfPage":{"@id":"https:\/\/www.invicta.fr\/es\/produit\/estufa-de-pellets-daglan-slim-9\/#primaryimage"},"image":{"@id":"https:\/\/www.invicta.fr\/es\/produit\/estufa-de-pellets-daglan-slim-9\/#primaryimage"},"thumbnailUrl":"https:\/\/www.invicta.fr\/wp-content\/uploads\/2020\/09\/C-DAGLAN_rouge-web.jpg","datePublished":"2020-09-29T23:18:24+00:00","dateModified":"2026-02-24T10:35:13+00:00","description":"La estufa de pellets Daglan ocupa un m\u00ednimo de espacio y ofrece el m\u00e1ximo confort gracias a su alto rendimiento, autonom\u00eda ampliada y posibilidades de programaci\u00f3n. Monobloque, se entrega montada.","breadcrumb":{"@id":"https:\/\/www.invicta.fr\/es\/produit\/estufa-de-pellets-daglan-slim-9\/#breadcrumb"},"inLanguage":"es","potentialAction":[{"@type":"ReadAction","target":["https:\/\/www.invicta.fr\/es\/produit\/estufa-de-pellets-daglan-slim-9\/"]}]},{"@type":"ImageObject","inLanguage":"es","@id":"https:\/\/www.invicta.fr\/es\/produit\/estufa-de-pellets-daglan-slim-9\/#primaryimage","url":"https:\/\/www.invicta.fr\/wp-content\/uploads\/2020\/09\/C-DAGLAN_rouge-web.jpg","contentUrl":"https:\/\/www.invicta.fr\/wp-content\/uploads\/2020\/09\/C-DAGLAN_rouge-web.jpg","width":806,"height":1000,"caption":"Po\u00eale \u00e0 granul\u00e9s canalisable Daglan Slim - Invicta - 9 kW"},{"@type":"BreadcrumbList","@id":"https:\/\/www.invicta.fr\/es\/produit\/estufa-de-pellets-daglan-slim-9\/#breadcrumb","itemListElement":[{"@type":"ListItem","position":1,"name":"Inicio","item":"https:\/\/www.invicta.fr\/es\/"},{"@type":"ListItem","position":2,"name":"Productos","item":"https:\/\/www.invicta.fr\/es\/shop\/"},{"@type":"ListItem","position":3,"name":"Estufas de pellets","item":"https:\/\/www.invicta.fr\/es\/categorie-produit\/estufas-de-pellets-es\/"},{"@type":"ListItem","position":4,"name":"Estufas de pellets","item":"https:\/\/www.invicta.fr\/es\/categorie-produit\/estufas-de-pellets-es\/estufas-de-pellets\/"},{"@type":"ListItem","position":5,"name":"Estufa de pellets Daglan Slim 9"}]},{"@type":"WebSite","@id":"https:\/\/www.invicta.fr\/es\/#website","url":"https:\/\/www.invicta.fr\/es\/","name":"Invicta","description":"Fabricant fran\u00e7ais, sp\u00e9cialiste europ\u00e9en du chauffage au bois : po\u00eales \u00e0 bois et \u00e0 granul\u00e9s, chemin\u00e9es, foyers et inserts","publisher":{"@id":"https:\/\/www.invicta.fr\/es\/#organization"},"potentialAction":[{"@type":"SearchAction","target":{"@type":"EntryPoint","urlTemplate":"https:\/\/www.invicta.fr\/es\/?s={search_term_string}"},"query-input":{"@type":"PropertyValueSpecification","valueRequired":true,"valueName":"search_term_string"}}],"inLanguage":"es"},{"@type":"Organization","@id":"https:\/\/www.invicta.fr\/es\/#organization","name":"Invicta","url":"https:\/\/www.invicta.fr\/es\/","logo":{"@type":"ImageObject","inLanguage":"es","@id":"https:\/\/www.invicta.fr\/es\/#\/schema\/logo\/image\/","url":"https:\/\/www.invicta.fr\/wp-content\/uploads\/2019\/06\/INVICTALOGO_RVB.png","contentUrl":"https:\/\/www.invicta.fr\/wp-content\/uploads\/2019\/06\/INVICTALOGO_RVB.png","width":1810,"height":1280,"caption":"Invicta"},"image":{"@id":"https:\/\/www.invicta.fr\/es\/#\/schema\/logo\/image\/"}}]}},"_links":{"self":[{"href":"https:\/\/www.invicta.fr\/es\/wp-json\/wp\/v2\/product\/38574","targetHints":{"allow":["GET"]}}],"collection":[{"href":"https:\/\/www.invicta.fr\/es\/wp-json\/wp\/v2\/product"}],"about":[{"href":"https:\/\/www.invicta.fr\/es\/wp-json\/wp\/v2\/types\/product"}],"wp:featuredmedia":[{"embeddable":true,"href":"https:\/\/www.invicta.fr\/es\/wp-json\/wp\/v2\/media\/38504"}],"wp:attachment":[{"href":"https:\/\/www.invicta.fr\/es\/wp-json\/wp\/v2\/media?parent=38574"}],"wp:term":[{"taxonomy":"product_brand","embeddable":true,"href":"https:\/\/www.invicta.fr\/es\/wp-json\/wp\/v2\/product_brand?post=38574"},{"taxonomy":"product_cat","embeddable":true,"href":"https:\/\/www.invicta.fr\/es\/wp-json\/wp\/v2\/product_cat?post=38574"},{"taxonomy":"product_tag","embeddable":true,"href":"https:\/\/www.invicta.fr\/es\/wp-json\/wp\/v2\/product_tag?post=38574"},{"taxonomy":"plus_produit","embeddable":true,"href":"https:\/\/www.invicta.fr\/es\/wp-json\/wp\/v2\/plus_produit?post=38574"}],"curies":[{"name":"wp","href":"https:\/\/api.w.org\/{rel}","templated":true}]}}