{"id":48213,"date":"2022-06-07T17:18:47","date_gmt":"2022-06-07T15:18:47","guid":{"rendered":"https:\/\/www.invicta.fr\/?post_type=product&#038;p=48213"},"modified":"2025-11-13T09:49:04","modified_gmt":"2025-11-13T08:49:04","slug":"800-angulo-cristal-izquierdo-con-registro","status":"publish","type":"product","link":"https:\/\/www.invicta.fr\/es\/produit\/800-angulo-cristal-izquierdo-con-registro\/","title":{"rendered":"800 Angulo Cristal Izquierdo con Registro"},"content":{"rendered":"","protected":false},"excerpt":{"rendered":"<p><span data-sheets-formula-bar-text-style=\"font-size:13px;color:#000000;font-weight:normal;text-decoration:none;font-family:'Arial';font-style:normal;text-decoration-skip-ink:none;\">La fascinante danza de las llamas contin\u00faa en el lado izquierdo de este hogar de alta potencia.<\/span><\/p>\n","protected":false},"featured_media":67692,"template":"","meta":{"_acf_changed":false},"product_brand":[],"product_cat":[2293,2288],"product_tag":[7108,2301,2303,2305,2306,7194,2316,6962,2295,7048,7049,6677],"plus_produit":[2283,2278,2265,2284,6838,6993,2273,2263],"class_list":{"1":"product","4":"has-post-thumbnail","6":"product_cat-ayuda-en-la-eleccion","7":"product_cat-chimeneas-de-lena","8":"product_tag-en16510-es","9":"product_tag-flamme-verte-7","10":"product_tag-eco-design-2022-es","11":"product_tag-certificacion-ecolabel-a","12":"product_tag-hecho-en-francia","13":"product_tag-blmschv2-es","14":"product_tag-hierro-fundido-puerta-acero","15":"product_tag-novedad","16":"product_tag-post-combustion-es","17":"product_tag-y-garantia-de-3-anos","18":"product_tag-y-garantie-extension-2ans-por","19":"product_tag-impuesto-de-credito-z-es","20":"pa_depart-des-fumees-parte-superior","21":"pa_diametre-de-buse-200-mm-es-2","22":"pa_indice-de-performance-99-es","23":"pa_puissance-95-kw-es","24":"pa_taux-de-co-010-es","25":"plus_produit-bonita-vista-de-las-llamas","26":"plus_produit-combustion-intermitente-y-prolongada-3-horas","27":"plus_produit-vidrio-limpio","28":"plus_produit-garantia-de-origen-frances","29":"plus_produit-garantia-extendida-3-anos","30":"plus_produit-nuevo-diseno","31":"plus_produit-registro","32":"plus_produit-sistema-de-post-combustion","34":"first","35":"instock","36":"product-type-simple"},"acf":[],"yoast_head":"<!-- This site is optimized with the Yoast SEO plugin v24.7 - https:\/\/yoast.com\/wordpress\/plugins\/seo\/ -->\n<title>800 Angulo Cristal Izquierdo con Registro - Invicta<\/title>\n<meta name=\"description\" content=\"La fascinante danza de las llamas contin\u00faa en el lado izquierdo de este hogar de alta potencia.\" \/>\n<meta name=\"robots\" content=\"index, follow, max-snippet:-1, max-image-preview:large, max-video-preview:-1\" \/>\n<link rel=\"canonical\" href=\"https:\/\/www.invicta.fr\/es\/produit\/800-angulo-cristal-izquierdo-con-registro\/\" \/>\n<meta property=\"og:locale\" content=\"es_ES\" \/>\n<meta property=\"og:type\" content=\"article\" \/>\n<meta property=\"og:title\" content=\"800 Angulo Cristal Izquierdo con Registro - Invicta\" \/>\n<meta property=\"og:description\" content=\"La fascinante danza de las llamas contin\u00faa en el lado izquierdo de este hogar de alta potencia.\" \/>\n<meta property=\"og:url\" content=\"https:\/\/www.invicta.fr\/es\/produit\/800-angulo-cristal-izquierdo-con-registro\/\" \/>\n<meta property=\"og:site_name\" content=\"Invicta\" \/>\n<meta property=\"article:modified_time\" content=\"2025-11-13T08:49:04+00:00\" \/>\n<meta property=\"og:image\" content=\"https:\/\/www.invicta.fr\/wp-content\/uploads\/2022\/06\/C_P628473_FOYER_800_ANGLE_VG_web-2.jpg\" \/>\n\t<meta property=\"og:image:width\" content=\"1008\" \/>\n\t<meta property=\"og:image:height\" content=\"1008\" \/>\n\t<meta property=\"og:image:type\" content=\"image\/jpeg\" \/>\n<meta name=\"twitter:card\" content=\"summary_large_image\" \/>\n<script type=\"application\/ld+json\" class=\"yoast-schema-graph\">{\"@context\":\"https:\/\/schema.org\",\"@graph\":[{\"@type\":\"WebPage\",\"@id\":\"https:\/\/www.invicta.fr\/es\/produit\/800-angulo-cristal-izquierdo-con-registro\/\",\"url\":\"https:\/\/www.invicta.fr\/es\/produit\/800-angulo-cristal-izquierdo-con-registro\/\",\"name\":\"800 Angulo Cristal Izquierdo con Registro - Invicta\",\"isPartOf\":{\"@id\":\"https:\/\/www.invicta.fr\/es\/#website\"},\"primaryImageOfPage\":{\"@id\":\"https:\/\/www.invicta.fr\/es\/produit\/800-angulo-cristal-izquierdo-con-registro\/#primaryimage\"},\"image\":{\"@id\":\"https:\/\/www.invicta.fr\/es\/produit\/800-angulo-cristal-izquierdo-con-registro\/#primaryimage\"},\"thumbnailUrl\":\"https:\/\/www.invicta.fr\/wp-content\/uploads\/2022\/06\/C_P628473_FOYER_800_ANGLE_VG_web-2.jpg\",\"datePublished\":\"2022-06-07T15:18:47+00:00\",\"dateModified\":\"2025-11-13T08:49:04+00:00\",\"description\":\"La fascinante danza de las llamas contin\u00faa en el lado izquierdo de este hogar de alta potencia.\",\"breadcrumb\":{\"@id\":\"https:\/\/www.invicta.fr\/es\/produit\/800-angulo-cristal-izquierdo-con-registro\/#breadcrumb\"},\"inLanguage\":\"es\",\"potentialAction\":[{\"@type\":\"ReadAction\",\"target\":[\"https:\/\/www.invicta.fr\/es\/produit\/800-angulo-cristal-izquierdo-con-registro\/\"]}]},{\"@type\":\"ImageObject\",\"inLanguage\":\"es\",\"@id\":\"https:\/\/www.invicta.fr\/es\/produit\/800-angulo-cristal-izquierdo-con-registro\/#primaryimage\",\"url\":\"https:\/\/www.invicta.fr\/wp-content\/uploads\/2022\/06\/C_P628473_FOYER_800_ANGLE_VG_web-2.jpg\",\"contentUrl\":\"https:\/\/www.invicta.fr\/wp-content\/uploads\/2022\/06\/C_P628473_FOYER_800_ANGLE_VG_web-2.jpg\",\"width\":1008,\"height\":1008,\"caption\":\"Foyer angle 800 pour chemin\u00e9e - vitre gauche\"},{\"@type\":\"BreadcrumbList\",\"@id\":\"https:\/\/www.invicta.fr\/es\/produit\/800-angulo-cristal-izquierdo-con-registro\/#breadcrumb\",\"itemListElement\":[{\"@type\":\"ListItem\",\"position\":1,\"name\":\"Inicio\",\"item\":\"https:\/\/www.invicta.fr\/es\/\"},{\"@type\":\"ListItem\",\"position\":2,\"name\":\"Productos\",\"item\":\"https:\/\/www.invicta.fr\/es\/shop\/\"},{\"@type\":\"ListItem\",\"position\":3,\"name\":\"Chimeneas e insertos\",\"item\":\"https:\/\/www.invicta.fr\/es\/categorie-produit\/chemineas-insertos\/\"},{\"@type\":\"ListItem\",\"position\":4,\"name\":\"Chimeneas de le\u00f1a\",\"item\":\"https:\/\/www.invicta.fr\/es\/categorie-produit\/chemineas-insertos\/chimeneas-de-lena\/\"},{\"@type\":\"ListItem\",\"position\":5,\"name\":\"800 Angulo Cristal Izquierdo con Registro\"}]},{\"@type\":\"WebSite\",\"@id\":\"https:\/\/www.invicta.fr\/es\/#website\",\"url\":\"https:\/\/www.invicta.fr\/es\/\",\"name\":\"Invicta\",\"description\":\"Fabricant fran\u00e7ais, sp\u00e9cialiste europ\u00e9en du chauffage au bois : po\u00eales \u00e0 bois et \u00e0 granul\u00e9s, chemin\u00e9es, foyers et inserts\",\"publisher\":{\"@id\":\"https:\/\/www.invicta.fr\/es\/#organization\"},\"potentialAction\":[{\"@type\":\"SearchAction\",\"target\":{\"@type\":\"EntryPoint\",\"urlTemplate\":\"https:\/\/www.invicta.fr\/es\/?s={search_term_string}\"},\"query-input\":{\"@type\":\"PropertyValueSpecification\",\"valueRequired\":true,\"valueName\":\"search_term_string\"}}],\"inLanguage\":\"es\"},{\"@type\":\"Organization\",\"@id\":\"https:\/\/www.invicta.fr\/es\/#organization\",\"name\":\"Invicta\",\"url\":\"https:\/\/www.invicta.fr\/es\/\",\"logo\":{\"@type\":\"ImageObject\",\"inLanguage\":\"es\",\"@id\":\"https:\/\/www.invicta.fr\/es\/#\/schema\/logo\/image\/\",\"url\":\"https:\/\/www.invicta.fr\/wp-content\/uploads\/2019\/06\/INVICTALOGO_RVB.png\",\"contentUrl\":\"https:\/\/www.invicta.fr\/wp-content\/uploads\/2019\/06\/INVICTALOGO_RVB.png\",\"width\":1810,\"height\":1280,\"caption\":\"Invicta\"},\"image\":{\"@id\":\"https:\/\/www.invicta.fr\/es\/#\/schema\/logo\/image\/\"}}]}<\/script>\n<!-- \/ Yoast SEO plugin. -->","yoast_head_json":{"title":"800 Angulo Cristal Izquierdo con Registro - Invicta","description":"La fascinante danza de las llamas contin\u00faa en el lado izquierdo de este hogar de alta potencia.","robots":{"index":"index","follow":"follow","max-snippet":"max-snippet:-1","max-image-preview":"max-image-preview:large","max-video-preview":"max-video-preview:-1"},"canonical":"https:\/\/www.invicta.fr\/es\/produit\/800-angulo-cristal-izquierdo-con-registro\/","og_locale":"es_ES","og_type":"article","og_title":"800 Angulo Cristal Izquierdo con Registro - Invicta","og_description":"La fascinante danza de las llamas contin\u00faa en el lado izquierdo de este hogar de alta potencia.","og_url":"https:\/\/www.invicta.fr\/es\/produit\/800-angulo-cristal-izquierdo-con-registro\/","og_site_name":"Invicta","article_modified_time":"2025-11-13T08:49:04+00:00","og_image":[{"width":1008,"height":1008,"url":"https:\/\/www.invicta.fr\/wp-content\/uploads\/2022\/06\/C_P628473_FOYER_800_ANGLE_VG_web-2.jpg","type":"image\/jpeg"}],"twitter_card":"summary_large_image","schema":{"@context":"https:\/\/schema.org","@graph":[{"@type":"WebPage","@id":"https:\/\/www.invicta.fr\/es\/produit\/800-angulo-cristal-izquierdo-con-registro\/","url":"https:\/\/www.invicta.fr\/es\/produit\/800-angulo-cristal-izquierdo-con-registro\/","name":"800 Angulo Cristal Izquierdo con Registro - Invicta","isPartOf":{"@id":"https:\/\/www.invicta.fr\/es\/#website"},"primaryImageOfPage":{"@id":"https:\/\/www.invicta.fr\/es\/produit\/800-angulo-cristal-izquierdo-con-registro\/#primaryimage"},"image":{"@id":"https:\/\/www.invicta.fr\/es\/produit\/800-angulo-cristal-izquierdo-con-registro\/#primaryimage"},"thumbnailUrl":"https:\/\/www.invicta.fr\/wp-content\/uploads\/2022\/06\/C_P628473_FOYER_800_ANGLE_VG_web-2.jpg","datePublished":"2022-06-07T15:18:47+00:00","dateModified":"2025-11-13T08:49:04+00:00","description":"La fascinante danza de las llamas contin\u00faa en el lado izquierdo de este hogar de alta potencia.","breadcrumb":{"@id":"https:\/\/www.invicta.fr\/es\/produit\/800-angulo-cristal-izquierdo-con-registro\/#breadcrumb"},"inLanguage":"es","potentialAction":[{"@type":"ReadAction","target":["https:\/\/www.invicta.fr\/es\/produit\/800-angulo-cristal-izquierdo-con-registro\/"]}]},{"@type":"ImageObject","inLanguage":"es","@id":"https:\/\/www.invicta.fr\/es\/produit\/800-angulo-cristal-izquierdo-con-registro\/#primaryimage","url":"https:\/\/www.invicta.fr\/wp-content\/uploads\/2022\/06\/C_P628473_FOYER_800_ANGLE_VG_web-2.jpg","contentUrl":"https:\/\/www.invicta.fr\/wp-content\/uploads\/2022\/06\/C_P628473_FOYER_800_ANGLE_VG_web-2.jpg","width":1008,"height":1008,"caption":"Foyer angle 800 pour chemin\u00e9e - vitre gauche"},{"@type":"BreadcrumbList","@id":"https:\/\/www.invicta.fr\/es\/produit\/800-angulo-cristal-izquierdo-con-registro\/#breadcrumb","itemListElement":[{"@type":"ListItem","position":1,"name":"Inicio","item":"https:\/\/www.invicta.fr\/es\/"},{"@type":"ListItem","position":2,"name":"Productos","item":"https:\/\/www.invicta.fr\/es\/shop\/"},{"@type":"ListItem","position":3,"name":"Chimeneas e insertos","item":"https:\/\/www.invicta.fr\/es\/categorie-produit\/chemineas-insertos\/"},{"@type":"ListItem","position":4,"name":"Chimeneas de le\u00f1a","item":"https:\/\/www.invicta.fr\/es\/categorie-produit\/chemineas-insertos\/chimeneas-de-lena\/"},{"@type":"ListItem","position":5,"name":"800 Angulo Cristal Izquierdo con Registro"}]},{"@type":"WebSite","@id":"https:\/\/www.invicta.fr\/es\/#website","url":"https:\/\/www.invicta.fr\/es\/","name":"Invicta","description":"Fabricant fran\u00e7ais, sp\u00e9cialiste europ\u00e9en du chauffage au bois : po\u00eales \u00e0 bois et \u00e0 granul\u00e9s, chemin\u00e9es, foyers et inserts","publisher":{"@id":"https:\/\/www.invicta.fr\/es\/#organization"},"potentialAction":[{"@type":"SearchAction","target":{"@type":"EntryPoint","urlTemplate":"https:\/\/www.invicta.fr\/es\/?s={search_term_string}"},"query-input":{"@type":"PropertyValueSpecification","valueRequired":true,"valueName":"search_term_string"}}],"inLanguage":"es"},{"@type":"Organization","@id":"https:\/\/www.invicta.fr\/es\/#organization","name":"Invicta","url":"https:\/\/www.invicta.fr\/es\/","logo":{"@type":"ImageObject","inLanguage":"es","@id":"https:\/\/www.invicta.fr\/es\/#\/schema\/logo\/image\/","url":"https:\/\/www.invicta.fr\/wp-content\/uploads\/2019\/06\/INVICTALOGO_RVB.png","contentUrl":"https:\/\/www.invicta.fr\/wp-content\/uploads\/2019\/06\/INVICTALOGO_RVB.png","width":1810,"height":1280,"caption":"Invicta"},"image":{"@id":"https:\/\/www.invicta.fr\/es\/#\/schema\/logo\/image\/"}}]}},"_links":{"self":[{"href":"https:\/\/www.invicta.fr\/es\/wp-json\/wp\/v2\/product\/48213","targetHints":{"allow":["GET"]}}],"collection":[{"href":"https:\/\/www.invicta.fr\/es\/wp-json\/wp\/v2\/product"}],"about":[{"href":"https:\/\/www.invicta.fr\/es\/wp-json\/wp\/v2\/types\/product"}],"wp:featuredmedia":[{"embeddable":true,"href":"https:\/\/www.invicta.fr\/es\/wp-json\/wp\/v2\/media\/67692"}],"wp:attachment":[{"href":"https:\/\/www.invicta.fr\/es\/wp-json\/wp\/v2\/media?parent=48213"}],"wp:term":[{"taxonomy":"product_brand","embeddable":true,"href":"https:\/\/www.invicta.fr\/es\/wp-json\/wp\/v2\/product_brand?post=48213"},{"taxonomy":"product_cat","embeddable":true,"href":"https:\/\/www.invicta.fr\/es\/wp-json\/wp\/v2\/product_cat?post=48213"},{"taxonomy":"product_tag","embeddable":true,"href":"https:\/\/www.invicta.fr\/es\/wp-json\/wp\/v2\/product_tag?post=48213"},{"taxonomy":"plus_produit","embeddable":true,"href":"https:\/\/www.invicta.fr\/es\/wp-json\/wp\/v2\/plus_produit?post=48213"}],"curies":[{"name":"wp","href":"https:\/\/api.w.org\/{rel}","templated":true}]}}