{"id":48272,"date":"2022-06-10T11:47:51","date_gmt":"2022-06-10T09:47:52","guid":{"rendered":"https:\/\/www.invicta.fr\/?post_type=product&#038;p=48272"},"modified":"2026-02-24T11:40:44","modified_gmt":"2026-02-24T10:40:44","slug":"estufa-de-pellets-impermeable-lodi-8-wi-fi-estufa-de-pellets","status":"publish","type":"product","link":"https:\/\/www.invicta.fr\/es\/produit\/estufa-de-pellets-impermeable-lodi-8-wi-fi-estufa-de-pellets\/","title":{"rendered":"Estufa de Pellet Estanca Wi-Fi Lodi 8 &#8211; Estufa de Pellet"},"content":{"rendered":"","protected":false},"excerpt":{"rendered":"<p>Con sus l\u00edneas redondas y su estilo suavizado, Lodi 8 estanca difunde calidez y bienestar en tu hogar. Tiene Wi-Fi incorporado y se puede controlar desde un tel\u00e9fono inteligente.<\/p>\n","protected":false},"featured_media":59720,"template":"","meta":{"_acf_changed":false},"product_brand":[],"product_cat":[2293,3058,6452,6457,6451,6448,6456,6450,6449,6455,6453],"product_tag":[7108,2301,2303,2317,2607,6962,6459,6460,7048,6833,6677],"plus_produit":[2840,2294,3188,2597,6841,2318,2309,3187,2312,2296,2633,6447],"class_list":{"1":"product","4":"has-post-thumbnail","6":"product_cat-ayuda-en-la-eleccion","7":"product_cat-estufas-de-pellets-estancas","8":"product_cat-estufas-de-pellets-de-8-kw","9":"product_cat-estufas-de-pellets-estancas-de-8-kw","10":"product_cat-estufas-de-pellet-autonomas","11":"product_cat-estufas-de-pellets-programables","12":"product_cat-estufas-de-pellets-contemporaneas","13":"product_cat-estufas-de-pellets-modernas","14":"product_cat-estufas-de-pellet-redondas","15":"product_cat-toma-de-pared-para-estufas-de-pellets","16":"product_cat-estufas-de-pellets-con-salida-de-aspiracion","17":"product_tag-en16510-es","18":"product_tag-flamme-verte-7","19":"product_tag-eco-design-2022-es","20":"product_tag-ecoetiqueta-a","21":"product_tag-conectable-estanco","22":"product_tag-novedad","23":"product_tag-wifi-estandar","24":"product_tag-zona-3-ventosa","25":"product_tag-y-garantia-de-3-anos","26":"product_tag-y-garantie-extension-1an-esp","27":"product_tag-impuesto-de-credito-z-es","28":"pa_autonomie-maximum-235-horas","29":"pa_autonomie-minimum-9-horas","30":"pa_capacite-de-la-tremie-165-kg","31":"pa_certificat-cstb-posible-instalacion-en-fachada-zona-3-ventosa","32":"pa_depart-des-fumees-detras","33":"pa_diametre-de-buse-80-mm-es","34":"pa_modulation-de-puissance-31-8-es","35":"pa_puissance-8-kw-es","36":"pa_surface-de-chauffe-30-a-100-m-es","37":"pa_volume-de-chauffe-75-a-240-m-es","38":"plus_produit-conectable","39":"plus_produit-control-de-la-potencia-5-o-de-la-temperatura-ambiente","40":"plus_produit-dictamen-tecnico-cstb-n-14-2-15-2130v5","41":"plus_produit-dispositivo-resistente-al-agua-compatible-con-rt2012","42":"plus_produit-extension-de-garantie-1-an-esp","43":"plus_produit-kit-de-control-de-la-combustion-kcc","44":"plus_produit-posibilidad-de-control-por-termostato-externo-no-incluido","45":"plus_produit-posible-instalacion-de-fachada-zona-3-ventosa","46":"plus_produit-programacion-horaria","47":"plus_produit-salida-de-aire-caliente-por-ventilador","48":"plus_produit-stand-by-espera","49":"plus_produit-wi-fi-incorporado","51":"first","52":"instock","53":"product-type-variable","54":"has-default-attributes"},"acf":[],"yoast_head":"<!-- This site is optimized with the Yoast SEO plugin v24.7 - https:\/\/yoast.com\/wordpress\/plugins\/seo\/ -->\n<title>Estufa de Pellet Estanca Wi-Fi Lodi 8 - Estufa de Pellet | INVICTA<\/title>\n<meta name=\"description\" content=\"Estufa de pellets Lodi 8 Wi-Fi estanca compatible con RT2012, RE2020, EcoLabel A+\u2705, Potencia 8kW \u2705 Autonom\u00eda 18h \u2705 Llama verde 7\u2b50 2 a\u00f1os de garant\u00eda\" \/>\n<meta name=\"robots\" content=\"index, follow, max-snippet:-1, max-image-preview:large, max-video-preview:-1\" \/>\n<link rel=\"canonical\" href=\"https:\/\/www.invicta.fr\/es\/produit\/estufa-de-pellets-impermeable-lodi-8-wi-fi-estufa-de-pellets\/\" \/>\n<meta property=\"og:locale\" content=\"es_ES\" \/>\n<meta property=\"og:type\" content=\"article\" \/>\n<meta property=\"og:title\" content=\"Estufa de Pellet Estanca Wi-Fi Lodi 8 - Estufa de Pellet | INVICTA\" \/>\n<meta property=\"og:description\" content=\"Estufa de pellets Lodi 8 Wi-Fi estanca compatible con RT2012, RE2020, EcoLabel A+\u2705, Potencia 8kW \u2705 Autonom\u00eda 18h \u2705 Llama verde 7\u2b50 2 a\u00f1os de garant\u00eda\" \/>\n<meta property=\"og:url\" content=\"https:\/\/www.invicta.fr\/es\/produit\/estufa-de-pellets-impermeable-lodi-8-wi-fi-estufa-de-pellets\/\" \/>\n<meta property=\"og:site_name\" content=\"Invicta\" \/>\n<meta property=\"article:modified_time\" content=\"2026-02-24T10:40:44+00:00\" \/>\n<meta property=\"og:image\" content=\"https:\/\/www.invicta.fr\/wp-content\/uploads\/2023\/12\/C-LODI8-etanche-Wi-fi-gris-web.jpg\" \/>\n\t<meta property=\"og:image:width\" content=\"1000\" \/>\n\t<meta property=\"og:image:height\" content=\"1000\" \/>\n\t<meta property=\"og:image:type\" content=\"image\/jpeg\" \/>\n<meta name=\"twitter:card\" content=\"summary_large_image\" \/>\n<script type=\"application\/ld+json\" class=\"yoast-schema-graph\">{\"@context\":\"https:\/\/schema.org\",\"@graph\":[{\"@type\":\"WebPage\",\"@id\":\"https:\/\/www.invicta.fr\/es\/produit\/estufa-de-pellets-impermeable-lodi-8-wi-fi-estufa-de-pellets\/\",\"url\":\"https:\/\/www.invicta.fr\/es\/produit\/estufa-de-pellets-impermeable-lodi-8-wi-fi-estufa-de-pellets\/\",\"name\":\"Estufa de Pellet Estanca Wi-Fi Lodi 8 - Estufa de Pellet | INVICTA\",\"isPartOf\":{\"@id\":\"https:\/\/www.invicta.fr\/es\/#website\"},\"primaryImageOfPage\":{\"@id\":\"https:\/\/www.invicta.fr\/es\/produit\/estufa-de-pellets-impermeable-lodi-8-wi-fi-estufa-de-pellets\/#primaryimage\"},\"image\":{\"@id\":\"https:\/\/www.invicta.fr\/es\/produit\/estufa-de-pellets-impermeable-lodi-8-wi-fi-estufa-de-pellets\/#primaryimage\"},\"thumbnailUrl\":\"https:\/\/www.invicta.fr\/wp-content\/uploads\/2023\/12\/C-LODI8-etanche-Wi-fi-gris-web.jpg\",\"datePublished\":\"2022-06-10T09:47:52+00:00\",\"dateModified\":\"2026-02-24T10:40:44+00:00\",\"description\":\"Estufa de pellets Lodi 8 Wi-Fi estanca compatible con RT2012, RE2020, EcoLabel A+\u2705, Potencia 8kW \u2705 Autonom\u00eda 18h \u2705 Llama verde 7\u2b50 2 a\u00f1os de garant\u00eda\",\"breadcrumb\":{\"@id\":\"https:\/\/www.invicta.fr\/es\/produit\/estufa-de-pellets-impermeable-lodi-8-wi-fi-estufa-de-pellets\/#breadcrumb\"},\"inLanguage\":\"es\",\"potentialAction\":[{\"@type\":\"ReadAction\",\"target\":[\"https:\/\/www.invicta.fr\/es\/produit\/estufa-de-pellets-impermeable-lodi-8-wi-fi-estufa-de-pellets\/\"]}]},{\"@type\":\"ImageObject\",\"inLanguage\":\"es\",\"@id\":\"https:\/\/www.invicta.fr\/es\/produit\/estufa-de-pellets-impermeable-lodi-8-wi-fi-estufa-de-pellets\/#primaryimage\",\"url\":\"https:\/\/www.invicta.fr\/wp-content\/uploads\/2023\/12\/C-LODI8-etanche-Wi-fi-gris-web.jpg\",\"contentUrl\":\"https:\/\/www.invicta.fr\/wp-content\/uploads\/2023\/12\/C-LODI8-etanche-Wi-fi-gris-web.jpg\",\"width\":1000,\"height\":1000,\"caption\":\"Po\u00eale \u00e0 granul\u00e9s Invicta Lodi 8 wifi \u00e9tanche\"},{\"@type\":\"BreadcrumbList\",\"@id\":\"https:\/\/www.invicta.fr\/es\/produit\/estufa-de-pellets-impermeable-lodi-8-wi-fi-estufa-de-pellets\/#breadcrumb\",\"itemListElement\":[{\"@type\":\"ListItem\",\"position\":1,\"name\":\"Inicio\",\"item\":\"https:\/\/www.invicta.fr\/es\/\"},{\"@type\":\"ListItem\",\"position\":2,\"name\":\"Productos\",\"item\":\"https:\/\/www.invicta.fr\/es\/shop\/\"},{\"@type\":\"ListItem\",\"position\":3,\"name\":\"Estufas de pellets\",\"item\":\"https:\/\/www.invicta.fr\/es\/categorie-produit\/estufas-de-pellets-es\/\"},{\"@type\":\"ListItem\",\"position\":4,\"name\":\"Estufas de pellets estancas\",\"item\":\"https:\/\/www.invicta.fr\/es\/categorie-produit\/estufas-de-pellets-es\/estufas-de-pellets-estancas\/\"},{\"@type\":\"ListItem\",\"position\":5,\"name\":\"Estufa de Pellet Estanca Wi-Fi Lodi 8 &#8211; Estufa de Pellet\"}]},{\"@type\":\"WebSite\",\"@id\":\"https:\/\/www.invicta.fr\/es\/#website\",\"url\":\"https:\/\/www.invicta.fr\/es\/\",\"name\":\"Invicta\",\"description\":\"Fabricant fran\u00e7ais, sp\u00e9cialiste europ\u00e9en du chauffage au bois : po\u00eales \u00e0 bois et \u00e0 granul\u00e9s, chemin\u00e9es, foyers et inserts\",\"publisher\":{\"@id\":\"https:\/\/www.invicta.fr\/es\/#organization\"},\"potentialAction\":[{\"@type\":\"SearchAction\",\"target\":{\"@type\":\"EntryPoint\",\"urlTemplate\":\"https:\/\/www.invicta.fr\/es\/?s={search_term_string}\"},\"query-input\":{\"@type\":\"PropertyValueSpecification\",\"valueRequired\":true,\"valueName\":\"search_term_string\"}}],\"inLanguage\":\"es\"},{\"@type\":\"Organization\",\"@id\":\"https:\/\/www.invicta.fr\/es\/#organization\",\"name\":\"Invicta\",\"url\":\"https:\/\/www.invicta.fr\/es\/\",\"logo\":{\"@type\":\"ImageObject\",\"inLanguage\":\"es\",\"@id\":\"https:\/\/www.invicta.fr\/es\/#\/schema\/logo\/image\/\",\"url\":\"https:\/\/www.invicta.fr\/wp-content\/uploads\/2019\/06\/INVICTALOGO_RVB.png\",\"contentUrl\":\"https:\/\/www.invicta.fr\/wp-content\/uploads\/2019\/06\/INVICTALOGO_RVB.png\",\"width\":1810,\"height\":1280,\"caption\":\"Invicta\"},\"image\":{\"@id\":\"https:\/\/www.invicta.fr\/es\/#\/schema\/logo\/image\/\"}}]}<\/script>\n<!-- \/ Yoast SEO plugin. -->","yoast_head_json":{"title":"Estufa de Pellet Estanca Wi-Fi Lodi 8 - Estufa de Pellet | INVICTA","description":"Estufa de pellets Lodi 8 Wi-Fi estanca compatible con RT2012, RE2020, EcoLabel A+\u2705, Potencia 8kW \u2705 Autonom\u00eda 18h \u2705 Llama verde 7\u2b50 2 a\u00f1os de garant\u00eda","robots":{"index":"index","follow":"follow","max-snippet":"max-snippet:-1","max-image-preview":"max-image-preview:large","max-video-preview":"max-video-preview:-1"},"canonical":"https:\/\/www.invicta.fr\/es\/produit\/estufa-de-pellets-impermeable-lodi-8-wi-fi-estufa-de-pellets\/","og_locale":"es_ES","og_type":"article","og_title":"Estufa de Pellet Estanca Wi-Fi Lodi 8 - Estufa de Pellet | INVICTA","og_description":"Estufa de pellets Lodi 8 Wi-Fi estanca compatible con RT2012, RE2020, EcoLabel A+\u2705, Potencia 8kW \u2705 Autonom\u00eda 18h \u2705 Llama verde 7\u2b50 2 a\u00f1os de garant\u00eda","og_url":"https:\/\/www.invicta.fr\/es\/produit\/estufa-de-pellets-impermeable-lodi-8-wi-fi-estufa-de-pellets\/","og_site_name":"Invicta","article_modified_time":"2026-02-24T10:40:44+00:00","og_image":[{"width":1000,"height":1000,"url":"https:\/\/www.invicta.fr\/wp-content\/uploads\/2023\/12\/C-LODI8-etanche-Wi-fi-gris-web.jpg","type":"image\/jpeg"}],"twitter_card":"summary_large_image","schema":{"@context":"https:\/\/schema.org","@graph":[{"@type":"WebPage","@id":"https:\/\/www.invicta.fr\/es\/produit\/estufa-de-pellets-impermeable-lodi-8-wi-fi-estufa-de-pellets\/","url":"https:\/\/www.invicta.fr\/es\/produit\/estufa-de-pellets-impermeable-lodi-8-wi-fi-estufa-de-pellets\/","name":"Estufa de Pellet Estanca Wi-Fi Lodi 8 - Estufa de Pellet | INVICTA","isPartOf":{"@id":"https:\/\/www.invicta.fr\/es\/#website"},"primaryImageOfPage":{"@id":"https:\/\/www.invicta.fr\/es\/produit\/estufa-de-pellets-impermeable-lodi-8-wi-fi-estufa-de-pellets\/#primaryimage"},"image":{"@id":"https:\/\/www.invicta.fr\/es\/produit\/estufa-de-pellets-impermeable-lodi-8-wi-fi-estufa-de-pellets\/#primaryimage"},"thumbnailUrl":"https:\/\/www.invicta.fr\/wp-content\/uploads\/2023\/12\/C-LODI8-etanche-Wi-fi-gris-web.jpg","datePublished":"2022-06-10T09:47:52+00:00","dateModified":"2026-02-24T10:40:44+00:00","description":"Estufa de pellets Lodi 8 Wi-Fi estanca compatible con RT2012, RE2020, EcoLabel A+\u2705, Potencia 8kW \u2705 Autonom\u00eda 18h \u2705 Llama verde 7\u2b50 2 a\u00f1os de garant\u00eda","breadcrumb":{"@id":"https:\/\/www.invicta.fr\/es\/produit\/estufa-de-pellets-impermeable-lodi-8-wi-fi-estufa-de-pellets\/#breadcrumb"},"inLanguage":"es","potentialAction":[{"@type":"ReadAction","target":["https:\/\/www.invicta.fr\/es\/produit\/estufa-de-pellets-impermeable-lodi-8-wi-fi-estufa-de-pellets\/"]}]},{"@type":"ImageObject","inLanguage":"es","@id":"https:\/\/www.invicta.fr\/es\/produit\/estufa-de-pellets-impermeable-lodi-8-wi-fi-estufa-de-pellets\/#primaryimage","url":"https:\/\/www.invicta.fr\/wp-content\/uploads\/2023\/12\/C-LODI8-etanche-Wi-fi-gris-web.jpg","contentUrl":"https:\/\/www.invicta.fr\/wp-content\/uploads\/2023\/12\/C-LODI8-etanche-Wi-fi-gris-web.jpg","width":1000,"height":1000,"caption":"Po\u00eale \u00e0 granul\u00e9s Invicta Lodi 8 wifi \u00e9tanche"},{"@type":"BreadcrumbList","@id":"https:\/\/www.invicta.fr\/es\/produit\/estufa-de-pellets-impermeable-lodi-8-wi-fi-estufa-de-pellets\/#breadcrumb","itemListElement":[{"@type":"ListItem","position":1,"name":"Inicio","item":"https:\/\/www.invicta.fr\/es\/"},{"@type":"ListItem","position":2,"name":"Productos","item":"https:\/\/www.invicta.fr\/es\/shop\/"},{"@type":"ListItem","position":3,"name":"Estufas de pellets","item":"https:\/\/www.invicta.fr\/es\/categorie-produit\/estufas-de-pellets-es\/"},{"@type":"ListItem","position":4,"name":"Estufas de pellets estancas","item":"https:\/\/www.invicta.fr\/es\/categorie-produit\/estufas-de-pellets-es\/estufas-de-pellets-estancas\/"},{"@type":"ListItem","position":5,"name":"Estufa de Pellet Estanca Wi-Fi Lodi 8 &#8211; Estufa de Pellet"}]},{"@type":"WebSite","@id":"https:\/\/www.invicta.fr\/es\/#website","url":"https:\/\/www.invicta.fr\/es\/","name":"Invicta","description":"Fabricant fran\u00e7ais, sp\u00e9cialiste europ\u00e9en du chauffage au bois : po\u00eales \u00e0 bois et \u00e0 granul\u00e9s, chemin\u00e9es, foyers et inserts","publisher":{"@id":"https:\/\/www.invicta.fr\/es\/#organization"},"potentialAction":[{"@type":"SearchAction","target":{"@type":"EntryPoint","urlTemplate":"https:\/\/www.invicta.fr\/es\/?s={search_term_string}"},"query-input":{"@type":"PropertyValueSpecification","valueRequired":true,"valueName":"search_term_string"}}],"inLanguage":"es"},{"@type":"Organization","@id":"https:\/\/www.invicta.fr\/es\/#organization","name":"Invicta","url":"https:\/\/www.invicta.fr\/es\/","logo":{"@type":"ImageObject","inLanguage":"es","@id":"https:\/\/www.invicta.fr\/es\/#\/schema\/logo\/image\/","url":"https:\/\/www.invicta.fr\/wp-content\/uploads\/2019\/06\/INVICTALOGO_RVB.png","contentUrl":"https:\/\/www.invicta.fr\/wp-content\/uploads\/2019\/06\/INVICTALOGO_RVB.png","width":1810,"height":1280,"caption":"Invicta"},"image":{"@id":"https:\/\/www.invicta.fr\/es\/#\/schema\/logo\/image\/"}}]}},"_links":{"self":[{"href":"https:\/\/www.invicta.fr\/es\/wp-json\/wp\/v2\/product\/48272","targetHints":{"allow":["GET"]}}],"collection":[{"href":"https:\/\/www.invicta.fr\/es\/wp-json\/wp\/v2\/product"}],"about":[{"href":"https:\/\/www.invicta.fr\/es\/wp-json\/wp\/v2\/types\/product"}],"wp:featuredmedia":[{"embeddable":true,"href":"https:\/\/www.invicta.fr\/es\/wp-json\/wp\/v2\/media\/59720"}],"wp:attachment":[{"href":"https:\/\/www.invicta.fr\/es\/wp-json\/wp\/v2\/media?parent=48272"}],"wp:term":[{"taxonomy":"product_brand","embeddable":true,"href":"https:\/\/www.invicta.fr\/es\/wp-json\/wp\/v2\/product_brand?post=48272"},{"taxonomy":"product_cat","embeddable":true,"href":"https:\/\/www.invicta.fr\/es\/wp-json\/wp\/v2\/product_cat?post=48272"},{"taxonomy":"product_tag","embeddable":true,"href":"https:\/\/www.invicta.fr\/es\/wp-json\/wp\/v2\/product_tag?post=48272"},{"taxonomy":"plus_produit","embeddable":true,"href":"https:\/\/www.invicta.fr\/es\/wp-json\/wp\/v2\/plus_produit?post=48272"}],"curies":[{"name":"wp","href":"https:\/\/api.w.org\/{rel}","templated":true}]}}