{"id":58154,"date":"2023-09-06T11:47:49","date_gmt":"2023-09-06T09:47:49","guid":{"rendered":"https:\/\/www.invicta.fr\/?post_type=product&#038;p=58154"},"modified":"2025-11-19T12:01:47","modified_gmt":"2025-11-19T11:01:47","slug":"insert-de-lena-700-absolu","status":"publish","type":"product","link":"https:\/\/www.invicta.fr\/es\/produit\/insert-de-lena-700-absolu\/","title":{"rendered":"Insert de le\u00f1a 700 Absolu"},"content":{"rendered":"","protected":false},"excerpt":{"rendered":"<p><span data-sheets-formula-bar-text-style=\"font-size:15px;color:#000000;font-weight:normal;text-decoration:none;font-family:'docs-Calibri';font-style:normal;text-decoration-skip-ink:none;\">Esta nueva incorporaci\u00f3n hace que la elegancia rime con el rendimiento <\/span><\/p>\n","protected":false},"featured_media":58164,"template":"","meta":{"_acf_changed":false},"product_brand":[],"product_cat":[2293,2669,6896],"product_tag":[7108,2301,2303,2305,2306,2670,2295,7048,7049,6677],"plus_produit":[2278,2265,6874,6875,2284,6838,2263,6903,2685],"class_list":{"1":"product","4":"has-post-thumbnail","6":"product_cat-ayuda-en-la-eleccion","7":"product_cat-insertos-de-lena-para-chimeneas","8":"product_cat-inserts-de-lena","9":"product_tag-en16510-es","10":"product_tag-flamme-verte-7","11":"product_tag-eco-design-2022-es","12":"product_tag-certificacion-ecolabel-a","13":"product_tag-hecho-en-francia","14":"product_tag-hierro-fundido-y-carenado-de-acero","15":"product_tag-post-combustion-es","16":"product_tag-y-garantia-de-3-anos","17":"product_tag-y-garantie-extension-2ans-por","18":"product_tag-impuesto-de-credito-z-es","19":"pa_depart-des-fumees-parte-superior","20":"pa_diametre-de-buse-150-mm-es","21":"pa_indice-de-performance-100-es","22":"pa_options-accessoires-manguitos-de-salida-de-aire-caliente","23":"pa_puissance-8-kw-es","24":"pa_surface-de-chauffe-de-40-a-100-m","25":"pa_taux-de-co-012-es","26":"pa_volume-de-chauffe-de-105-a-240-m","27":"plus_produit-combustion-intermitente-y-prolongada-3-horas","28":"plus_produit-vidrio-limpio","29":"plus_produit-difusion-de-aire-caliente-por-ventilacion-forzada-turbinas-nuevas","30":"plus_produit-entrada-de-aire-connectable-y-ajustable","31":"plus_produit-garantia-de-origen-frances","32":"plus_produit-garantia-extendida-3-anos","33":"plus_produit-sistema-de-post-combustion","34":"plus_produit-smart-glass-es","35":"plus_produit-tubos-opcionales","37":"first","38":"instock","39":"purchasable","40":"product-type-simple"},"acf":[],"yoast_head":"<!-- This site is optimized with the Yoast SEO plugin v24.7 - https:\/\/yoast.com\/wordpress\/plugins\/seo\/ -->\n<title>Insert de le\u00f1a 700 Absolu - Chimenea | INVICTA<\/title>\n<meta name=\"description\" content=\"Descubra el insert de le\u00f1a Absolu 700, estilo contempor\u00e1neo, potencia \u00f3ptima 8kW \u2705 EcoLabel A \u2705 5 a\u00f1os de garant\u00eda \u2705 Turbinas m\u00e1s silenciosas\" \/>\n<meta name=\"robots\" content=\"index, follow, max-snippet:-1, max-image-preview:large, max-video-preview:-1\" \/>\n<link rel=\"canonical\" href=\"https:\/\/www.invicta.fr\/es\/produit\/insert-de-lena-700-absolu\/\" \/>\n<meta property=\"og:locale\" content=\"es_ES\" \/>\n<meta property=\"og:type\" content=\"article\" \/>\n<meta property=\"og:title\" content=\"Insert de le\u00f1a 700 Absolu - Chimenea | INVICTA\" \/>\n<meta property=\"og:description\" content=\"Descubra el insert de le\u00f1a Absolu 700, estilo contempor\u00e1neo, potencia \u00f3ptima 8kW \u2705 EcoLabel A \u2705 5 a\u00f1os de garant\u00eda \u2705 Turbinas m\u00e1s silenciosas\" \/>\n<meta property=\"og:url\" content=\"https:\/\/www.invicta.fr\/es\/produit\/insert-de-lena-700-absolu\/\" \/>\n<meta property=\"og:site_name\" content=\"Invicta\" \/>\n<meta property=\"article:modified_time\" content=\"2025-11-19T11:01:47+00:00\" \/>\n<meta property=\"og:image\" content=\"https:\/\/www.invicta.fr\/wp-content\/uploads\/2023\/09\/C-P967008-ABSOLU-web.jpg\" \/>\n\t<meta property=\"og:image:width\" content=\"900\" \/>\n\t<meta property=\"og:image:height\" content=\"837\" \/>\n\t<meta property=\"og:image:type\" content=\"image\/jpeg\" \/>\n<meta name=\"twitter:card\" content=\"summary_large_image\" \/>\n<script type=\"application\/ld+json\" class=\"yoast-schema-graph\">{\"@context\":\"https:\/\/schema.org\",\"@graph\":[{\"@type\":\"WebPage\",\"@id\":\"https:\/\/www.invicta.fr\/es\/produit\/insert-de-lena-700-absolu\/\",\"url\":\"https:\/\/www.invicta.fr\/es\/produit\/insert-de-lena-700-absolu\/\",\"name\":\"Insert de le\u00f1a 700 Absolu - Chimenea | INVICTA\",\"isPartOf\":{\"@id\":\"https:\/\/www.invicta.fr\/es\/#website\"},\"primaryImageOfPage\":{\"@id\":\"https:\/\/www.invicta.fr\/es\/produit\/insert-de-lena-700-absolu\/#primaryimage\"},\"image\":{\"@id\":\"https:\/\/www.invicta.fr\/es\/produit\/insert-de-lena-700-absolu\/#primaryimage\"},\"thumbnailUrl\":\"https:\/\/www.invicta.fr\/wp-content\/uploads\/2023\/09\/C-P967008-ABSOLU-web.jpg\",\"datePublished\":\"2023-09-06T09:47:49+00:00\",\"dateModified\":\"2025-11-19T11:01:47+00:00\",\"description\":\"Descubra el insert de le\u00f1a Absolu 700, estilo contempor\u00e1neo, potencia \u00f3ptima 8kW \u2705 EcoLabel A \u2705 5 a\u00f1os de garant\u00eda \u2705 Turbinas m\u00e1s silenciosas\",\"breadcrumb\":{\"@id\":\"https:\/\/www.invicta.fr\/es\/produit\/insert-de-lena-700-absolu\/#breadcrumb\"},\"inLanguage\":\"es\",\"potentialAction\":[{\"@type\":\"ReadAction\",\"target\":[\"https:\/\/www.invicta.fr\/es\/produit\/insert-de-lena-700-absolu\/\"]}]},{\"@type\":\"ImageObject\",\"inLanguage\":\"es\",\"@id\":\"https:\/\/www.invicta.fr\/es\/produit\/insert-de-lena-700-absolu\/#primaryimage\",\"url\":\"https:\/\/www.invicta.fr\/wp-content\/uploads\/2023\/09\/C-P967008-ABSOLU-web.jpg\",\"contentUrl\":\"https:\/\/www.invicta.fr\/wp-content\/uploads\/2023\/09\/C-P967008-ABSOLU-web.jpg\",\"width\":900,\"height\":837,\"caption\":\"Insert \u00e0 bois pour chemin\u00e9e Absolu Invicta\"},{\"@type\":\"BreadcrumbList\",\"@id\":\"https:\/\/www.invicta.fr\/es\/produit\/insert-de-lena-700-absolu\/#breadcrumb\",\"itemListElement\":[{\"@type\":\"ListItem\",\"position\":1,\"name\":\"Inicio\",\"item\":\"https:\/\/www.invicta.fr\/es\/\"},{\"@type\":\"ListItem\",\"position\":2,\"name\":\"Productos\",\"item\":\"https:\/\/www.invicta.fr\/es\/shop\/\"},{\"@type\":\"ListItem\",\"position\":3,\"name\":\"Chimeneas e insertos\",\"item\":\"https:\/\/www.invicta.fr\/es\/categorie-produit\/chemineas-insertos\/\"},{\"@type\":\"ListItem\",\"position\":4,\"name\":\"Insertos de le\u00f1a para chimeneas\",\"item\":\"https:\/\/www.invicta.fr\/es\/categorie-produit\/chemineas-insertos\/insertos-de-lena-para-chimeneas\/\"},{\"@type\":\"ListItem\",\"position\":5,\"name\":\"Insert de le\u00f1a 700 Absolu\"}]},{\"@type\":\"WebSite\",\"@id\":\"https:\/\/www.invicta.fr\/es\/#website\",\"url\":\"https:\/\/www.invicta.fr\/es\/\",\"name\":\"Invicta\",\"description\":\"Fabricant fran\u00e7ais, sp\u00e9cialiste europ\u00e9en du chauffage au bois : po\u00eales \u00e0 bois et \u00e0 granul\u00e9s, chemin\u00e9es, foyers et inserts\",\"publisher\":{\"@id\":\"https:\/\/www.invicta.fr\/es\/#organization\"},\"potentialAction\":[{\"@type\":\"SearchAction\",\"target\":{\"@type\":\"EntryPoint\",\"urlTemplate\":\"https:\/\/www.invicta.fr\/es\/?s={search_term_string}\"},\"query-input\":{\"@type\":\"PropertyValueSpecification\",\"valueRequired\":true,\"valueName\":\"search_term_string\"}}],\"inLanguage\":\"es\"},{\"@type\":\"Organization\",\"@id\":\"https:\/\/www.invicta.fr\/es\/#organization\",\"name\":\"Invicta\",\"url\":\"https:\/\/www.invicta.fr\/es\/\",\"logo\":{\"@type\":\"ImageObject\",\"inLanguage\":\"es\",\"@id\":\"https:\/\/www.invicta.fr\/es\/#\/schema\/logo\/image\/\",\"url\":\"https:\/\/www.invicta.fr\/wp-content\/uploads\/2019\/06\/INVICTALOGO_RVB.png\",\"contentUrl\":\"https:\/\/www.invicta.fr\/wp-content\/uploads\/2019\/06\/INVICTALOGO_RVB.png\",\"width\":1810,\"height\":1280,\"caption\":\"Invicta\"},\"image\":{\"@id\":\"https:\/\/www.invicta.fr\/es\/#\/schema\/logo\/image\/\"}}]}<\/script>\n<!-- \/ Yoast SEO plugin. -->","yoast_head_json":{"title":"Insert de le\u00f1a 700 Absolu - Chimenea | INVICTA","description":"Descubra el insert de le\u00f1a Absolu 700, estilo contempor\u00e1neo, potencia \u00f3ptima 8kW \u2705 EcoLabel A \u2705 5 a\u00f1os de garant\u00eda \u2705 Turbinas m\u00e1s silenciosas","robots":{"index":"index","follow":"follow","max-snippet":"max-snippet:-1","max-image-preview":"max-image-preview:large","max-video-preview":"max-video-preview:-1"},"canonical":"https:\/\/www.invicta.fr\/es\/produit\/insert-de-lena-700-absolu\/","og_locale":"es_ES","og_type":"article","og_title":"Insert de le\u00f1a 700 Absolu - Chimenea | INVICTA","og_description":"Descubra el insert de le\u00f1a Absolu 700, estilo contempor\u00e1neo, potencia \u00f3ptima 8kW \u2705 EcoLabel A \u2705 5 a\u00f1os de garant\u00eda \u2705 Turbinas m\u00e1s silenciosas","og_url":"https:\/\/www.invicta.fr\/es\/produit\/insert-de-lena-700-absolu\/","og_site_name":"Invicta","article_modified_time":"2025-11-19T11:01:47+00:00","og_image":[{"width":900,"height":837,"url":"https:\/\/www.invicta.fr\/wp-content\/uploads\/2023\/09\/C-P967008-ABSOLU-web.jpg","type":"image\/jpeg"}],"twitter_card":"summary_large_image","schema":{"@context":"https:\/\/schema.org","@graph":[{"@type":"WebPage","@id":"https:\/\/www.invicta.fr\/es\/produit\/insert-de-lena-700-absolu\/","url":"https:\/\/www.invicta.fr\/es\/produit\/insert-de-lena-700-absolu\/","name":"Insert de le\u00f1a 700 Absolu - Chimenea | INVICTA","isPartOf":{"@id":"https:\/\/www.invicta.fr\/es\/#website"},"primaryImageOfPage":{"@id":"https:\/\/www.invicta.fr\/es\/produit\/insert-de-lena-700-absolu\/#primaryimage"},"image":{"@id":"https:\/\/www.invicta.fr\/es\/produit\/insert-de-lena-700-absolu\/#primaryimage"},"thumbnailUrl":"https:\/\/www.invicta.fr\/wp-content\/uploads\/2023\/09\/C-P967008-ABSOLU-web.jpg","datePublished":"2023-09-06T09:47:49+00:00","dateModified":"2025-11-19T11:01:47+00:00","description":"Descubra el insert de le\u00f1a Absolu 700, estilo contempor\u00e1neo, potencia \u00f3ptima 8kW \u2705 EcoLabel A \u2705 5 a\u00f1os de garant\u00eda \u2705 Turbinas m\u00e1s silenciosas","breadcrumb":{"@id":"https:\/\/www.invicta.fr\/es\/produit\/insert-de-lena-700-absolu\/#breadcrumb"},"inLanguage":"es","potentialAction":[{"@type":"ReadAction","target":["https:\/\/www.invicta.fr\/es\/produit\/insert-de-lena-700-absolu\/"]}]},{"@type":"ImageObject","inLanguage":"es","@id":"https:\/\/www.invicta.fr\/es\/produit\/insert-de-lena-700-absolu\/#primaryimage","url":"https:\/\/www.invicta.fr\/wp-content\/uploads\/2023\/09\/C-P967008-ABSOLU-web.jpg","contentUrl":"https:\/\/www.invicta.fr\/wp-content\/uploads\/2023\/09\/C-P967008-ABSOLU-web.jpg","width":900,"height":837,"caption":"Insert \u00e0 bois pour chemin\u00e9e Absolu Invicta"},{"@type":"BreadcrumbList","@id":"https:\/\/www.invicta.fr\/es\/produit\/insert-de-lena-700-absolu\/#breadcrumb","itemListElement":[{"@type":"ListItem","position":1,"name":"Inicio","item":"https:\/\/www.invicta.fr\/es\/"},{"@type":"ListItem","position":2,"name":"Productos","item":"https:\/\/www.invicta.fr\/es\/shop\/"},{"@type":"ListItem","position":3,"name":"Chimeneas e insertos","item":"https:\/\/www.invicta.fr\/es\/categorie-produit\/chemineas-insertos\/"},{"@type":"ListItem","position":4,"name":"Insertos de le\u00f1a para chimeneas","item":"https:\/\/www.invicta.fr\/es\/categorie-produit\/chemineas-insertos\/insertos-de-lena-para-chimeneas\/"},{"@type":"ListItem","position":5,"name":"Insert de le\u00f1a 700 Absolu"}]},{"@type":"WebSite","@id":"https:\/\/www.invicta.fr\/es\/#website","url":"https:\/\/www.invicta.fr\/es\/","name":"Invicta","description":"Fabricant fran\u00e7ais, sp\u00e9cialiste europ\u00e9en du chauffage au bois : po\u00eales \u00e0 bois et \u00e0 granul\u00e9s, chemin\u00e9es, foyers et inserts","publisher":{"@id":"https:\/\/www.invicta.fr\/es\/#organization"},"potentialAction":[{"@type":"SearchAction","target":{"@type":"EntryPoint","urlTemplate":"https:\/\/www.invicta.fr\/es\/?s={search_term_string}"},"query-input":{"@type":"PropertyValueSpecification","valueRequired":true,"valueName":"search_term_string"}}],"inLanguage":"es"},{"@type":"Organization","@id":"https:\/\/www.invicta.fr\/es\/#organization","name":"Invicta","url":"https:\/\/www.invicta.fr\/es\/","logo":{"@type":"ImageObject","inLanguage":"es","@id":"https:\/\/www.invicta.fr\/es\/#\/schema\/logo\/image\/","url":"https:\/\/www.invicta.fr\/wp-content\/uploads\/2019\/06\/INVICTALOGO_RVB.png","contentUrl":"https:\/\/www.invicta.fr\/wp-content\/uploads\/2019\/06\/INVICTALOGO_RVB.png","width":1810,"height":1280,"caption":"Invicta"},"image":{"@id":"https:\/\/www.invicta.fr\/es\/#\/schema\/logo\/image\/"}}]}},"_links":{"self":[{"href":"https:\/\/www.invicta.fr\/es\/wp-json\/wp\/v2\/product\/58154","targetHints":{"allow":["GET"]}}],"collection":[{"href":"https:\/\/www.invicta.fr\/es\/wp-json\/wp\/v2\/product"}],"about":[{"href":"https:\/\/www.invicta.fr\/es\/wp-json\/wp\/v2\/types\/product"}],"wp:featuredmedia":[{"embeddable":true,"href":"https:\/\/www.invicta.fr\/es\/wp-json\/wp\/v2\/media\/58164"}],"wp:attachment":[{"href":"https:\/\/www.invicta.fr\/es\/wp-json\/wp\/v2\/media?parent=58154"}],"wp:term":[{"taxonomy":"product_brand","embeddable":true,"href":"https:\/\/www.invicta.fr\/es\/wp-json\/wp\/v2\/product_brand?post=58154"},{"taxonomy":"product_cat","embeddable":true,"href":"https:\/\/www.invicta.fr\/es\/wp-json\/wp\/v2\/product_cat?post=58154"},{"taxonomy":"product_tag","embeddable":true,"href":"https:\/\/www.invicta.fr\/es\/wp-json\/wp\/v2\/product_tag?post=58154"},{"taxonomy":"plus_produit","embeddable":true,"href":"https:\/\/www.invicta.fr\/es\/wp-json\/wp\/v2\/plus_produit?post=58154"}],"curies":[{"name":"wp","href":"https:\/\/api.w.org\/{rel}","templated":true}]}}