{"id":61074,"date":"2024-07-15T15:08:13","date_gmt":"2024-07-15T13:08:14","guid":{"rendered":"https:\/\/www.invicta.fr\/?post_type=product&#038;p=61074"},"modified":"2025-11-17T11:50:32","modified_gmt":"2025-11-17T10:50:32","slug":"estufa-de-hierro-ode","status":"publish","type":"product","link":"https:\/\/www.invicta.fr\/es\/produit\/estufa-de-hierro-ode\/","title":{"rendered":"Estufa de hierro Ode"},"content":{"rendered":"","protected":false},"excerpt":{"rendered":"<p>\u00bfSue\u00f1as con descansar junto al fuego acurruc\u00e1ndote en el sof\u00e1? Ode es ideal para hacer de tu casa un c\u00f3modo nido. Ode no se basa solo en su f\u00edsico, ya que, adem\u00e1s de un look irresistible y poder de seducci\u00f3n, promete un gran rendimiento y se preocupa por el medioambiente.<\/p>\n","protected":false},"featured_media":1391,"template":"","meta":{"_acf_changed":false},"product_brand":[],"product_cat":[2293,2470,6279,6149,6145,6151,6146,6147],"product_tag":[7108,2301,2303,2305,2306,7194,2299,6962,2295,7048,7049,6677],"plus_produit":[2287,6186,2265,6940,2284,6838,2263],"class_list":{"1":"product","4":"has-post-thumbnail","6":"product_cat-ayuda-en-la-eleccion","7":"product_cat-estufa-de-lena-de-hierro-fundido-y-acero","8":"product_cat-estufas-de-lena-de-esquina","9":"product_cat-estufas-de-lena-contemporaneas","10":"product_cat-estufas-de-lena-de-diseno","11":"product_cat-estufas-de-lena-industriales","12":"product_cat-estufas-de-lena-modernas","13":"product_cat-estufas-de-lena-redondas","14":"product_tag-en16510-es","15":"product_tag-flamme-verte-7","16":"product_tag-eco-design-2022-es","17":"product_tag-certificacion-ecolabel-a","18":"product_tag-hecho-en-francia","19":"product_tag-blmschv2-es","20":"product_tag-100-hierro-fundido","21":"product_tag-novedad","22":"product_tag-post-combustion-es","23":"product_tag-y-garantia-de-3-anos","24":"product_tag-y-garantie-extension-2ans-por","25":"product_tag-impuesto-de-credito-z-es","26":"pa_depart-des-fumees-parte-superior","27":"pa_diametre-de-buse-180-mm-es","28":"pa_indice-de-performance-100-es","29":"pa_puissance-optimale-10-kw-es","30":"pa_surface-de-chauffe-de-55-a-120-m","31":"pa_taux-de-co-010-es","32":"pa_volume-de-chauffe-de-135-a-300-m","33":"plus_produit-aire-secundario-regulable","34":"plus_produit-conectable-con-kit-opcional","35":"plus_produit-vidrio-limpio","36":"plus_produit-diseno-mejorado","37":"plus_produit-garantia-de-origen-frances","38":"plus_produit-garantia-extendida-3-anos","39":"plus_produit-sistema-de-post-combustion","41":"first","42":"instock","43":"purchasable","44":"product-type-simple"},"acf":[],"yoast_head":"<!-- This site is optimized with the Yoast SEO plugin v24.7 - https:\/\/yoast.com\/wordpress\/plugins\/seo\/ -->\n<title>Estufa de hierro Ode - Invicta<\/title>\n<meta name=\"description\" content=\"\u00bfSue\u00f1as con descansar junto al fuego acurruc\u00e1ndote en el sof\u00e1? Ode es ideal para hacer de tu casa un c\u00f3modo nido. Ode no se basa solo en su f\u00edsico, ya que, adem\u00e1s de un look irresistible y poder de seducci\u00f3n, promete un gran rendimiento y se preocupa por el medioambiente.\" \/>\n<meta name=\"robots\" content=\"index, follow, max-snippet:-1, max-image-preview:large, max-video-preview:-1\" \/>\n<link rel=\"canonical\" href=\"https:\/\/www.invicta.fr\/es\/produit\/estufa-de-hierro-ode\/\" \/>\n<meta property=\"og:locale\" content=\"es_ES\" \/>\n<meta property=\"og:type\" content=\"article\" \/>\n<meta property=\"og:title\" content=\"Estufa de hierro Ode - Invicta\" \/>\n<meta property=\"og:description\" content=\"\u00bfSue\u00f1as con descansar junto al fuego acurruc\u00e1ndote en el sof\u00e1? Ode es ideal para hacer de tu casa un c\u00f3modo nido. Ode no se basa solo en su f\u00edsico, ya que, adem\u00e1s de un look irresistible y poder de seducci\u00f3n, promete un gran rendimiento y se preocupa por el medioambiente.\" \/>\n<meta property=\"og:url\" content=\"https:\/\/www.invicta.fr\/es\/produit\/estufa-de-hierro-ode\/\" \/>\n<meta property=\"og:site_name\" content=\"Invicta\" \/>\n<meta property=\"article:modified_time\" content=\"2025-11-17T10:50:32+00:00\" \/>\n<meta name=\"twitter:card\" content=\"summary_large_image\" \/>\n<script type=\"application\/ld+json\" class=\"yoast-schema-graph\">{\"@context\":\"https:\/\/schema.org\",\"@graph\":[{\"@type\":\"WebPage\",\"@id\":\"https:\/\/www.invicta.fr\/es\/produit\/estufa-de-hierro-ode\/\",\"url\":\"https:\/\/www.invicta.fr\/es\/produit\/estufa-de-hierro-ode\/\",\"name\":\"Estufa de hierro Ode - Invicta\",\"isPartOf\":{\"@id\":\"https:\/\/www.invicta.fr\/es\/#website\"},\"primaryImageOfPage\":{\"@id\":\"https:\/\/www.invicta.fr\/es\/produit\/estufa-de-hierro-ode\/#primaryimage\"},\"image\":{\"@id\":\"https:\/\/www.invicta.fr\/es\/produit\/estufa-de-hierro-ode\/#primaryimage\"},\"thumbnailUrl\":\"https:\/\/www.invicta.fr\/wp-content\/uploads\/2019\/07\/ove_cyclo_poele.jpg\",\"datePublished\":\"2024-07-15T13:08:14+00:00\",\"dateModified\":\"2025-11-17T10:50:32+00:00\",\"description\":\"\u00bfSue\u00f1as con descansar junto al fuego acurruc\u00e1ndote en el sof\u00e1? Ode es ideal para hacer de tu casa un c\u00f3modo nido. Ode no se basa solo en su f\u00edsico, ya que, adem\u00e1s de un look irresistible y poder de seducci\u00f3n, promete un gran rendimiento y se preocupa por el medioambiente.\",\"breadcrumb\":{\"@id\":\"https:\/\/www.invicta.fr\/es\/produit\/estufa-de-hierro-ode\/#breadcrumb\"},\"inLanguage\":\"es\",\"potentialAction\":[{\"@type\":\"ReadAction\",\"target\":[\"https:\/\/www.invicta.fr\/es\/produit\/estufa-de-hierro-ode\/\"]}]},{\"@type\":\"ImageObject\",\"inLanguage\":\"es\",\"@id\":\"https:\/\/www.invicta.fr\/es\/produit\/estufa-de-hierro-ode\/#primaryimage\",\"url\":\"https:\/\/www.invicta.fr\/wp-content\/uploads\/2019\/07\/ove_cyclo_poele.jpg\",\"contentUrl\":\"https:\/\/www.invicta.fr\/wp-content\/uploads\/2019\/07\/ove_cyclo_poele.jpg\",\"width\":408,\"height\":900,\"caption\":\"Po\u00eale \u00e0 bois fonte Invicta Ove - 10 kW\"},{\"@type\":\"BreadcrumbList\",\"@id\":\"https:\/\/www.invicta.fr\/es\/produit\/estufa-de-hierro-ode\/#breadcrumb\",\"itemListElement\":[{\"@type\":\"ListItem\",\"position\":1,\"name\":\"Inicio\",\"item\":\"https:\/\/www.invicta.fr\/es\/\"},{\"@type\":\"ListItem\",\"position\":2,\"name\":\"Productos\",\"item\":\"https:\/\/www.invicta.fr\/es\/shop\/\"},{\"@type\":\"ListItem\",\"position\":3,\"name\":\"Estufas de le\u00f1a\",\"item\":\"https:\/\/www.invicta.fr\/es\/categorie-produit\/estufas-de-lena\/\"},{\"@type\":\"ListItem\",\"position\":4,\"name\":\"Estufas de le\u00f1a de hierro fundido y acero\",\"item\":\"https:\/\/www.invicta.fr\/es\/categorie-produit\/estufas-de-lena\/estufa-de-lena-de-hierro-fundido-y-acero\/\"},{\"@type\":\"ListItem\",\"position\":5,\"name\":\"Estufa de hierro Ode\"}]},{\"@type\":\"WebSite\",\"@id\":\"https:\/\/www.invicta.fr\/es\/#website\",\"url\":\"https:\/\/www.invicta.fr\/es\/\",\"name\":\"Invicta\",\"description\":\"Fabricant fran\u00e7ais, sp\u00e9cialiste europ\u00e9en du chauffage au bois : po\u00eales \u00e0 bois et \u00e0 granul\u00e9s, chemin\u00e9es, foyers et inserts\",\"publisher\":{\"@id\":\"https:\/\/www.invicta.fr\/es\/#organization\"},\"potentialAction\":[{\"@type\":\"SearchAction\",\"target\":{\"@type\":\"EntryPoint\",\"urlTemplate\":\"https:\/\/www.invicta.fr\/es\/?s={search_term_string}\"},\"query-input\":{\"@type\":\"PropertyValueSpecification\",\"valueRequired\":true,\"valueName\":\"search_term_string\"}}],\"inLanguage\":\"es\"},{\"@type\":\"Organization\",\"@id\":\"https:\/\/www.invicta.fr\/es\/#organization\",\"name\":\"Invicta\",\"url\":\"https:\/\/www.invicta.fr\/es\/\",\"logo\":{\"@type\":\"ImageObject\",\"inLanguage\":\"es\",\"@id\":\"https:\/\/www.invicta.fr\/es\/#\/schema\/logo\/image\/\",\"url\":\"https:\/\/www.invicta.fr\/wp-content\/uploads\/2019\/06\/INVICTALOGO_RVB.png\",\"contentUrl\":\"https:\/\/www.invicta.fr\/wp-content\/uploads\/2019\/06\/INVICTALOGO_RVB.png\",\"width\":1810,\"height\":1280,\"caption\":\"Invicta\"},\"image\":{\"@id\":\"https:\/\/www.invicta.fr\/es\/#\/schema\/logo\/image\/\"}}]}<\/script>\n<!-- \/ Yoast SEO plugin. -->","yoast_head_json":{"title":"Estufa de hierro Ode - Invicta","description":"\u00bfSue\u00f1as con descansar junto al fuego acurruc\u00e1ndote en el sof\u00e1? Ode es ideal para hacer de tu casa un c\u00f3modo nido. Ode no se basa solo en su f\u00edsico, ya que, adem\u00e1s de un look irresistible y poder de seducci\u00f3n, promete un gran rendimiento y se preocupa por el medioambiente.","robots":{"index":"index","follow":"follow","max-snippet":"max-snippet:-1","max-image-preview":"max-image-preview:large","max-video-preview":"max-video-preview:-1"},"canonical":"https:\/\/www.invicta.fr\/es\/produit\/estufa-de-hierro-ode\/","og_locale":"es_ES","og_type":"article","og_title":"Estufa de hierro Ode - Invicta","og_description":"\u00bfSue\u00f1as con descansar junto al fuego acurruc\u00e1ndote en el sof\u00e1? Ode es ideal para hacer de tu casa un c\u00f3modo nido. Ode no se basa solo en su f\u00edsico, ya que, adem\u00e1s de un look irresistible y poder de seducci\u00f3n, promete un gran rendimiento y se preocupa por el medioambiente.","og_url":"https:\/\/www.invicta.fr\/es\/produit\/estufa-de-hierro-ode\/","og_site_name":"Invicta","article_modified_time":"2025-11-17T10:50:32+00:00","twitter_card":"summary_large_image","schema":{"@context":"https:\/\/schema.org","@graph":[{"@type":"WebPage","@id":"https:\/\/www.invicta.fr\/es\/produit\/estufa-de-hierro-ode\/","url":"https:\/\/www.invicta.fr\/es\/produit\/estufa-de-hierro-ode\/","name":"Estufa de hierro Ode - Invicta","isPartOf":{"@id":"https:\/\/www.invicta.fr\/es\/#website"},"primaryImageOfPage":{"@id":"https:\/\/www.invicta.fr\/es\/produit\/estufa-de-hierro-ode\/#primaryimage"},"image":{"@id":"https:\/\/www.invicta.fr\/es\/produit\/estufa-de-hierro-ode\/#primaryimage"},"thumbnailUrl":"https:\/\/www.invicta.fr\/wp-content\/uploads\/2019\/07\/ove_cyclo_poele.jpg","datePublished":"2024-07-15T13:08:14+00:00","dateModified":"2025-11-17T10:50:32+00:00","description":"\u00bfSue\u00f1as con descansar junto al fuego acurruc\u00e1ndote en el sof\u00e1? Ode es ideal para hacer de tu casa un c\u00f3modo nido. Ode no se basa solo en su f\u00edsico, ya que, adem\u00e1s de un look irresistible y poder de seducci\u00f3n, promete un gran rendimiento y se preocupa por el medioambiente.","breadcrumb":{"@id":"https:\/\/www.invicta.fr\/es\/produit\/estufa-de-hierro-ode\/#breadcrumb"},"inLanguage":"es","potentialAction":[{"@type":"ReadAction","target":["https:\/\/www.invicta.fr\/es\/produit\/estufa-de-hierro-ode\/"]}]},{"@type":"ImageObject","inLanguage":"es","@id":"https:\/\/www.invicta.fr\/es\/produit\/estufa-de-hierro-ode\/#primaryimage","url":"https:\/\/www.invicta.fr\/wp-content\/uploads\/2019\/07\/ove_cyclo_poele.jpg","contentUrl":"https:\/\/www.invicta.fr\/wp-content\/uploads\/2019\/07\/ove_cyclo_poele.jpg","width":408,"height":900,"caption":"Po\u00eale \u00e0 bois fonte Invicta Ove - 10 kW"},{"@type":"BreadcrumbList","@id":"https:\/\/www.invicta.fr\/es\/produit\/estufa-de-hierro-ode\/#breadcrumb","itemListElement":[{"@type":"ListItem","position":1,"name":"Inicio","item":"https:\/\/www.invicta.fr\/es\/"},{"@type":"ListItem","position":2,"name":"Productos","item":"https:\/\/www.invicta.fr\/es\/shop\/"},{"@type":"ListItem","position":3,"name":"Estufas de le\u00f1a","item":"https:\/\/www.invicta.fr\/es\/categorie-produit\/estufas-de-lena\/"},{"@type":"ListItem","position":4,"name":"Estufas de le\u00f1a de hierro fundido y acero","item":"https:\/\/www.invicta.fr\/es\/categorie-produit\/estufas-de-lena\/estufa-de-lena-de-hierro-fundido-y-acero\/"},{"@type":"ListItem","position":5,"name":"Estufa de hierro Ode"}]},{"@type":"WebSite","@id":"https:\/\/www.invicta.fr\/es\/#website","url":"https:\/\/www.invicta.fr\/es\/","name":"Invicta","description":"Fabricant fran\u00e7ais, sp\u00e9cialiste europ\u00e9en du chauffage au bois : po\u00eales \u00e0 bois et \u00e0 granul\u00e9s, chemin\u00e9es, foyers et inserts","publisher":{"@id":"https:\/\/www.invicta.fr\/es\/#organization"},"potentialAction":[{"@type":"SearchAction","target":{"@type":"EntryPoint","urlTemplate":"https:\/\/www.invicta.fr\/es\/?s={search_term_string}"},"query-input":{"@type":"PropertyValueSpecification","valueRequired":true,"valueName":"search_term_string"}}],"inLanguage":"es"},{"@type":"Organization","@id":"https:\/\/www.invicta.fr\/es\/#organization","name":"Invicta","url":"https:\/\/www.invicta.fr\/es\/","logo":{"@type":"ImageObject","inLanguage":"es","@id":"https:\/\/www.invicta.fr\/es\/#\/schema\/logo\/image\/","url":"https:\/\/www.invicta.fr\/wp-content\/uploads\/2019\/06\/INVICTALOGO_RVB.png","contentUrl":"https:\/\/www.invicta.fr\/wp-content\/uploads\/2019\/06\/INVICTALOGO_RVB.png","width":1810,"height":1280,"caption":"Invicta"},"image":{"@id":"https:\/\/www.invicta.fr\/es\/#\/schema\/logo\/image\/"}}]}},"_links":{"self":[{"href":"https:\/\/www.invicta.fr\/es\/wp-json\/wp\/v2\/product\/61074","targetHints":{"allow":["GET"]}}],"collection":[{"href":"https:\/\/www.invicta.fr\/es\/wp-json\/wp\/v2\/product"}],"about":[{"href":"https:\/\/www.invicta.fr\/es\/wp-json\/wp\/v2\/types\/product"}],"wp:featuredmedia":[{"embeddable":true,"href":"https:\/\/www.invicta.fr\/es\/wp-json\/wp\/v2\/media\/1391"}],"wp:attachment":[{"href":"https:\/\/www.invicta.fr\/es\/wp-json\/wp\/v2\/media?parent=61074"}],"wp:term":[{"taxonomy":"product_brand","embeddable":true,"href":"https:\/\/www.invicta.fr\/es\/wp-json\/wp\/v2\/product_brand?post=61074"},{"taxonomy":"product_cat","embeddable":true,"href":"https:\/\/www.invicta.fr\/es\/wp-json\/wp\/v2\/product_cat?post=61074"},{"taxonomy":"product_tag","embeddable":true,"href":"https:\/\/www.invicta.fr\/es\/wp-json\/wp\/v2\/product_tag?post=61074"},{"taxonomy":"plus_produit","embeddable":true,"href":"https:\/\/www.invicta.fr\/es\/wp-json\/wp\/v2\/plus_produit?post=61074"}],"curies":[{"name":"wp","href":"https:\/\/api.w.org\/{rel}","templated":true}]}}