{"id":65199,"date":"2024-12-12T15:47:38","date_gmt":"2024-12-12T14:47:38","guid":{"rendered":"https:\/\/www.invicta.fr\/?post_type=product&#038;p=65199"},"modified":"2025-11-04T09:35:39","modified_gmt":"2025-11-04T08:35:39","slug":"estufa-de-lena-de-hierro-fundido-brio-sobre-bancada-conectable","status":"publish","type":"product","link":"https:\/\/www.invicta.fr\/es\/produit\/estufa-de-lena-de-hierro-fundido-brio-sobre-bancada-conectable\/","title":{"rendered":"Estufa de le\u00f1a de hierro fundido Brio sobre bancada conectable"},"content":{"rendered":"<h3>Descubre en v\u00eddeo<\/h3>\n<p><iframe title=\"Invicta Brio banc EN\" width=\"500\" height=\"281\" src=\"https:\/\/www.youtube.com\/embed\/oaGu5m-LZJ4?feature=oembed&#038;enablejsapi=1&#038;origin=https:\/\/www.invicta.fr\" frameborder=\"0\" allow=\"accelerometer; autoplay; clipboard-write; encrypted-media; gyroscope; picture-in-picture; web-share\" referrerpolicy=\"strict-origin-when-cross-origin\" allowfullscreen><\/iframe><\/p>\n","protected":false},"excerpt":{"rendered":"<p><span data-sheets-formula-bar-text-style=\"font-size:13px;color:#000000;font-weight:normal;text-decoration:none;font-family:'Arial';font-style:normal;text-decoration-skip-ink:none;\">He aqu\u00ed una interpretaci\u00f3n original del espect\u00e1culo de fuego encarnado brillantemente por este nuevo d\u00fao. El banco de acero de aspecto limpio abraza la forma de la llamativa estufa de hierro fundido para montar un espect\u00e1culo en su sala de estar. Dise\u00f1o: B. Dequet. <em>El conducto de escape que se muestra en la imagen no se incluye con la estufa.<\/em><br \/>\n<\/span><\/p>\n","protected":false},"featured_media":48061,"template":"","meta":{"_acf_changed":false},"product_brand":[],"product_cat":[2293,2470,6150,6148,6149,6145,6151,6146,6147],"product_tag":[7108,2301,2303,2305,2306,2299,2295,2843,7048,7049,6677,6845],"plus_produit":[2840,2265,6144,2284,6838,2263],"class_list":{"1":"product","4":"has-post-thumbnail","6":"product_cat-ayuda-en-la-eleccion","7":"product_cat-estufa-de-lena-de-hierro-fundido-y-acero","8":"product_cat-estufas-de-lena-troncos-50-cm","9":"product_cat-estufas-de-lena-de-7-kw","10":"product_cat-estufas-de-lena-contemporaneas","11":"product_cat-estufas-de-lena-de-diseno","12":"product_cat-estufas-de-lena-industriales","13":"product_cat-estufas-de-lena-modernas","14":"product_cat-estufas-de-lena-redondas","15":"product_tag-en16510-es","16":"product_tag-flamme-verte-7","17":"product_tag-eco-design-2022-es","18":"product_tag-certificacion-ecolabel-a","19":"product_tag-hecho-en-francia","20":"product_tag-100-hierro-fundido","21":"product_tag-post-combustion-es","22":"product_tag-conectable","23":"product_tag-y-garantia-de-3-anos","24":"product_tag-y-garantie-extension-2ans-por","25":"product_tag-impuesto-de-credito-z-es","26":"product_tag-z-reserve-pros-esp","27":"pa_depart-des-fumees-parte-superior","28":"pa_diametre-de-buse-150-mm-es","29":"pa_indice-de-performance-99-es","30":"pa_puissance-optimale-7-kw-es","31":"pa_surface-de-chauffe-de-40-a-85-m","32":"pa_taux-de-co-012-es","33":"pa_volume-de-chauffe-100-210-m-es","34":"plus_produit-conectable","35":"plus_produit-vidrio-limpio","36":"plus_produit-cuidado-diseno","37":"plus_produit-garantia-de-origen-frances","38":"plus_produit-garantia-extendida-3-anos","39":"plus_produit-sistema-de-post-combustion","41":"first","42":"instock","43":"purchasable","44":"product-type-simple"},"acf":[],"yoast_head":"<!-- This site is optimized with the Yoast SEO plugin v24.7 - https:\/\/yoast.com\/wordpress\/plugins\/seo\/ -->\n<title>Estufa de le\u00f1a Brio de hierro fundido sobre banco - conectable | INVICTA<\/title>\n<meta name=\"description\" content=\"Entra en calor con la Estufa de Le\u00f1a Conectable Brio de Hierro Fundido sobre Banco, EcoLabel A, 100% Hierro Fundido, potencia 7kW\u2705 Llama verde 7\u2b50 Garant\u00eda de 5 a\u00f1os\u2705\" \/>\n<meta name=\"robots\" content=\"index, follow, max-snippet:-1, max-image-preview:large, max-video-preview:-1\" \/>\n<link rel=\"canonical\" href=\"https:\/\/www.invicta.fr\/es\/produit\/estufa-de-lena-de-hierro-fundido-brio-sobre-bancada-conectable\/\" \/>\n<meta property=\"og:locale\" content=\"es_ES\" \/>\n<meta property=\"og:type\" content=\"article\" \/>\n<meta property=\"og:title\" content=\"Estufa de le\u00f1a Brio de hierro fundido sobre banco - conectable | INVICTA\" \/>\n<meta property=\"og:description\" content=\"Entra en calor con la Estufa de Le\u00f1a Conectable Brio de Hierro Fundido sobre Banco, EcoLabel A, 100% Hierro Fundido, potencia 7kW\u2705 Llama verde 7\u2b50 Garant\u00eda de 5 a\u00f1os\u2705\" \/>\n<meta property=\"og:url\" content=\"https:\/\/www.invicta.fr\/es\/produit\/estufa-de-lena-de-hierro-fundido-brio-sobre-bancada-conectable\/\" \/>\n<meta property=\"og:site_name\" content=\"Invicta\" \/>\n<meta property=\"article:modified_time\" content=\"2025-11-04T08:35:39+00:00\" \/>\n<meta property=\"og:image\" content=\"https:\/\/www.invicta.fr\/wp-content\/uploads\/2022\/06\/C2-BRIO-SUR-BANC.jpg\" \/>\n\t<meta property=\"og:image:width\" content=\"1008\" \/>\n\t<meta property=\"og:image:height\" content=\"840\" \/>\n\t<meta property=\"og:image:type\" content=\"image\/jpeg\" \/>\n<meta name=\"twitter:card\" content=\"summary_large_image\" \/>\n<script type=\"application\/ld+json\" class=\"yoast-schema-graph\">{\"@context\":\"https:\/\/schema.org\",\"@graph\":[{\"@type\":\"WebPage\",\"@id\":\"https:\/\/www.invicta.fr\/es\/produit\/estufa-de-lena-de-hierro-fundido-brio-sobre-bancada-conectable\/\",\"url\":\"https:\/\/www.invicta.fr\/es\/produit\/estufa-de-lena-de-hierro-fundido-brio-sobre-bancada-conectable\/\",\"name\":\"Estufa de le\u00f1a Brio de hierro fundido sobre banco - conectable | INVICTA\",\"isPartOf\":{\"@id\":\"https:\/\/www.invicta.fr\/es\/#website\"},\"primaryImageOfPage\":{\"@id\":\"https:\/\/www.invicta.fr\/es\/produit\/estufa-de-lena-de-hierro-fundido-brio-sobre-bancada-conectable\/#primaryimage\"},\"image\":{\"@id\":\"https:\/\/www.invicta.fr\/es\/produit\/estufa-de-lena-de-hierro-fundido-brio-sobre-bancada-conectable\/#primaryimage\"},\"thumbnailUrl\":\"https:\/\/www.invicta.fr\/wp-content\/uploads\/2022\/06\/C2-BRIO-SUR-BANC.jpg\",\"datePublished\":\"2024-12-12T14:47:38+00:00\",\"dateModified\":\"2025-11-04T08:35:39+00:00\",\"description\":\"Entra en calor con la Estufa de Le\u00f1a Conectable Brio de Hierro Fundido sobre Banco, EcoLabel A, 100% Hierro Fundido, potencia 7kW\u2705 Llama verde 7\u2b50 Garant\u00eda de 5 a\u00f1os\u2705\",\"breadcrumb\":{\"@id\":\"https:\/\/www.invicta.fr\/es\/produit\/estufa-de-lena-de-hierro-fundido-brio-sobre-bancada-conectable\/#breadcrumb\"},\"inLanguage\":\"es\",\"potentialAction\":[{\"@type\":\"ReadAction\",\"target\":[\"https:\/\/www.invicta.fr\/es\/produit\/estufa-de-lena-de-hierro-fundido-brio-sobre-bancada-conectable\/\"]}]},{\"@type\":\"ImageObject\",\"inLanguage\":\"es\",\"@id\":\"https:\/\/www.invicta.fr\/es\/produit\/estufa-de-lena-de-hierro-fundido-brio-sobre-bancada-conectable\/#primaryimage\",\"url\":\"https:\/\/www.invicta.fr\/wp-content\/uploads\/2022\/06\/C2-BRIO-SUR-BANC.jpg\",\"contentUrl\":\"https:\/\/www.invicta.fr\/wp-content\/uploads\/2022\/06\/C2-BRIO-SUR-BANC.jpg\",\"width\":1008,\"height\":840,\"caption\":\"Estufa de le\u00f1a de hierro fundido sobre banco Invicta Brio - 7 kW\"},{\"@type\":\"BreadcrumbList\",\"@id\":\"https:\/\/www.invicta.fr\/es\/produit\/estufa-de-lena-de-hierro-fundido-brio-sobre-bancada-conectable\/#breadcrumb\",\"itemListElement\":[{\"@type\":\"ListItem\",\"position\":1,\"name\":\"Inicio\",\"item\":\"https:\/\/www.invicta.fr\/es\/\"},{\"@type\":\"ListItem\",\"position\":2,\"name\":\"Productos\",\"item\":\"https:\/\/www.invicta.fr\/es\/shop\/\"},{\"@type\":\"ListItem\",\"position\":3,\"name\":\"Estufas de le\u00f1a\",\"item\":\"https:\/\/www.invicta.fr\/es\/categorie-produit\/estufas-de-lena\/\"},{\"@type\":\"ListItem\",\"position\":4,\"name\":\"Estufas de le\u00f1a de hierro fundido y acero\",\"item\":\"https:\/\/www.invicta.fr\/es\/categorie-produit\/estufas-de-lena\/estufa-de-lena-de-hierro-fundido-y-acero\/\"},{\"@type\":\"ListItem\",\"position\":5,\"name\":\"Estufa de le\u00f1a de hierro fundido Brio sobre bancada conectable\"}]},{\"@type\":\"WebSite\",\"@id\":\"https:\/\/www.invicta.fr\/es\/#website\",\"url\":\"https:\/\/www.invicta.fr\/es\/\",\"name\":\"Invicta\",\"description\":\"Fabricant fran\u00e7ais, sp\u00e9cialiste europ\u00e9en du chauffage au bois : po\u00eales \u00e0 bois et \u00e0 granul\u00e9s, chemin\u00e9es, foyers et inserts\",\"publisher\":{\"@id\":\"https:\/\/www.invicta.fr\/es\/#organization\"},\"potentialAction\":[{\"@type\":\"SearchAction\",\"target\":{\"@type\":\"EntryPoint\",\"urlTemplate\":\"https:\/\/www.invicta.fr\/es\/?s={search_term_string}\"},\"query-input\":{\"@type\":\"PropertyValueSpecification\",\"valueRequired\":true,\"valueName\":\"search_term_string\"}}],\"inLanguage\":\"es\"},{\"@type\":\"Organization\",\"@id\":\"https:\/\/www.invicta.fr\/es\/#organization\",\"name\":\"Invicta\",\"url\":\"https:\/\/www.invicta.fr\/es\/\",\"logo\":{\"@type\":\"ImageObject\",\"inLanguage\":\"es\",\"@id\":\"https:\/\/www.invicta.fr\/es\/#\/schema\/logo\/image\/\",\"url\":\"https:\/\/www.invicta.fr\/wp-content\/uploads\/2019\/06\/INVICTALOGO_RVB.png\",\"contentUrl\":\"https:\/\/www.invicta.fr\/wp-content\/uploads\/2019\/06\/INVICTALOGO_RVB.png\",\"width\":1810,\"height\":1280,\"caption\":\"Invicta\"},\"image\":{\"@id\":\"https:\/\/www.invicta.fr\/es\/#\/schema\/logo\/image\/\"}}]}<\/script>\n<!-- \/ Yoast SEO plugin. -->","yoast_head_json":{"title":"Estufa de le\u00f1a Brio de hierro fundido sobre banco - conectable | INVICTA","description":"Entra en calor con la Estufa de Le\u00f1a Conectable Brio de Hierro Fundido sobre Banco, EcoLabel A, 100% Hierro Fundido, potencia 7kW\u2705 Llama verde 7\u2b50 Garant\u00eda de 5 a\u00f1os\u2705","robots":{"index":"index","follow":"follow","max-snippet":"max-snippet:-1","max-image-preview":"max-image-preview:large","max-video-preview":"max-video-preview:-1"},"canonical":"https:\/\/www.invicta.fr\/es\/produit\/estufa-de-lena-de-hierro-fundido-brio-sobre-bancada-conectable\/","og_locale":"es_ES","og_type":"article","og_title":"Estufa de le\u00f1a Brio de hierro fundido sobre banco - conectable | INVICTA","og_description":"Entra en calor con la Estufa de Le\u00f1a Conectable Brio de Hierro Fundido sobre Banco, EcoLabel A, 100% Hierro Fundido, potencia 7kW\u2705 Llama verde 7\u2b50 Garant\u00eda de 5 a\u00f1os\u2705","og_url":"https:\/\/www.invicta.fr\/es\/produit\/estufa-de-lena-de-hierro-fundido-brio-sobre-bancada-conectable\/","og_site_name":"Invicta","article_modified_time":"2025-11-04T08:35:39+00:00","og_image":[{"width":1008,"height":840,"url":"https:\/\/www.invicta.fr\/wp-content\/uploads\/2022\/06\/C2-BRIO-SUR-BANC.jpg","type":"image\/jpeg"}],"twitter_card":"summary_large_image","schema":{"@context":"https:\/\/schema.org","@graph":[{"@type":"WebPage","@id":"https:\/\/www.invicta.fr\/es\/produit\/estufa-de-lena-de-hierro-fundido-brio-sobre-bancada-conectable\/","url":"https:\/\/www.invicta.fr\/es\/produit\/estufa-de-lena-de-hierro-fundido-brio-sobre-bancada-conectable\/","name":"Estufa de le\u00f1a Brio de hierro fundido sobre banco - conectable | INVICTA","isPartOf":{"@id":"https:\/\/www.invicta.fr\/es\/#website"},"primaryImageOfPage":{"@id":"https:\/\/www.invicta.fr\/es\/produit\/estufa-de-lena-de-hierro-fundido-brio-sobre-bancada-conectable\/#primaryimage"},"image":{"@id":"https:\/\/www.invicta.fr\/es\/produit\/estufa-de-lena-de-hierro-fundido-brio-sobre-bancada-conectable\/#primaryimage"},"thumbnailUrl":"https:\/\/www.invicta.fr\/wp-content\/uploads\/2022\/06\/C2-BRIO-SUR-BANC.jpg","datePublished":"2024-12-12T14:47:38+00:00","dateModified":"2025-11-04T08:35:39+00:00","description":"Entra en calor con la Estufa de Le\u00f1a Conectable Brio de Hierro Fundido sobre Banco, EcoLabel A, 100% Hierro Fundido, potencia 7kW\u2705 Llama verde 7\u2b50 Garant\u00eda de 5 a\u00f1os\u2705","breadcrumb":{"@id":"https:\/\/www.invicta.fr\/es\/produit\/estufa-de-lena-de-hierro-fundido-brio-sobre-bancada-conectable\/#breadcrumb"},"inLanguage":"es","potentialAction":[{"@type":"ReadAction","target":["https:\/\/www.invicta.fr\/es\/produit\/estufa-de-lena-de-hierro-fundido-brio-sobre-bancada-conectable\/"]}]},{"@type":"ImageObject","inLanguage":"es","@id":"https:\/\/www.invicta.fr\/es\/produit\/estufa-de-lena-de-hierro-fundido-brio-sobre-bancada-conectable\/#primaryimage","url":"https:\/\/www.invicta.fr\/wp-content\/uploads\/2022\/06\/C2-BRIO-SUR-BANC.jpg","contentUrl":"https:\/\/www.invicta.fr\/wp-content\/uploads\/2022\/06\/C2-BRIO-SUR-BANC.jpg","width":1008,"height":840,"caption":"Estufa de le\u00f1a de hierro fundido sobre banco Invicta Brio - 7 kW"},{"@type":"BreadcrumbList","@id":"https:\/\/www.invicta.fr\/es\/produit\/estufa-de-lena-de-hierro-fundido-brio-sobre-bancada-conectable\/#breadcrumb","itemListElement":[{"@type":"ListItem","position":1,"name":"Inicio","item":"https:\/\/www.invicta.fr\/es\/"},{"@type":"ListItem","position":2,"name":"Productos","item":"https:\/\/www.invicta.fr\/es\/shop\/"},{"@type":"ListItem","position":3,"name":"Estufas de le\u00f1a","item":"https:\/\/www.invicta.fr\/es\/categorie-produit\/estufas-de-lena\/"},{"@type":"ListItem","position":4,"name":"Estufas de le\u00f1a de hierro fundido y acero","item":"https:\/\/www.invicta.fr\/es\/categorie-produit\/estufas-de-lena\/estufa-de-lena-de-hierro-fundido-y-acero\/"},{"@type":"ListItem","position":5,"name":"Estufa de le\u00f1a de hierro fundido Brio sobre bancada conectable"}]},{"@type":"WebSite","@id":"https:\/\/www.invicta.fr\/es\/#website","url":"https:\/\/www.invicta.fr\/es\/","name":"Invicta","description":"Fabricant fran\u00e7ais, sp\u00e9cialiste europ\u00e9en du chauffage au bois : po\u00eales \u00e0 bois et \u00e0 granul\u00e9s, chemin\u00e9es, foyers et inserts","publisher":{"@id":"https:\/\/www.invicta.fr\/es\/#organization"},"potentialAction":[{"@type":"SearchAction","target":{"@type":"EntryPoint","urlTemplate":"https:\/\/www.invicta.fr\/es\/?s={search_term_string}"},"query-input":{"@type":"PropertyValueSpecification","valueRequired":true,"valueName":"search_term_string"}}],"inLanguage":"es"},{"@type":"Organization","@id":"https:\/\/www.invicta.fr\/es\/#organization","name":"Invicta","url":"https:\/\/www.invicta.fr\/es\/","logo":{"@type":"ImageObject","inLanguage":"es","@id":"https:\/\/www.invicta.fr\/es\/#\/schema\/logo\/image\/","url":"https:\/\/www.invicta.fr\/wp-content\/uploads\/2019\/06\/INVICTALOGO_RVB.png","contentUrl":"https:\/\/www.invicta.fr\/wp-content\/uploads\/2019\/06\/INVICTALOGO_RVB.png","width":1810,"height":1280,"caption":"Invicta"},"image":{"@id":"https:\/\/www.invicta.fr\/es\/#\/schema\/logo\/image\/"}}]}},"_links":{"self":[{"href":"https:\/\/www.invicta.fr\/es\/wp-json\/wp\/v2\/product\/65199","targetHints":{"allow":["GET"]}}],"collection":[{"href":"https:\/\/www.invicta.fr\/es\/wp-json\/wp\/v2\/product"}],"about":[{"href":"https:\/\/www.invicta.fr\/es\/wp-json\/wp\/v2\/types\/product"}],"wp:featuredmedia":[{"embeddable":true,"href":"https:\/\/www.invicta.fr\/es\/wp-json\/wp\/v2\/media\/48061"}],"wp:attachment":[{"href":"https:\/\/www.invicta.fr\/es\/wp-json\/wp\/v2\/media?parent=65199"}],"wp:term":[{"taxonomy":"product_brand","embeddable":true,"href":"https:\/\/www.invicta.fr\/es\/wp-json\/wp\/v2\/product_brand?post=65199"},{"taxonomy":"product_cat","embeddable":true,"href":"https:\/\/www.invicta.fr\/es\/wp-json\/wp\/v2\/product_cat?post=65199"},{"taxonomy":"product_tag","embeddable":true,"href":"https:\/\/www.invicta.fr\/es\/wp-json\/wp\/v2\/product_tag?post=65199"},{"taxonomy":"plus_produit","embeddable":true,"href":"https:\/\/www.invicta.fr\/es\/wp-json\/wp\/v2\/plus_produit?post=65199"}],"curies":[{"name":"wp","href":"https:\/\/api.w.org\/{rel}","templated":true}]}}