{"id":65203,"date":"2024-12-12T15:51:40","date_gmt":"2024-12-12T14:51:41","guid":{"rendered":"https:\/\/www.invicta.fr\/?post_type=product&#038;p=65203"},"modified":"2026-01-13T13:15:47","modified_gmt":"2026-01-13T12:15:47","slug":"estufa-de-lena-de-hierro-fundido-brio-sobre-banco-de-1m-conectable","status":"publish","type":"product","link":"https:\/\/www.invicta.fr\/es\/produit\/estufa-de-lena-de-hierro-fundido-brio-sobre-banco-de-1m-conectable\/","title":{"rendered":"Estufa de le\u00f1a de hierro fundido Brio sobre banco de 1m &#8211; conectable"},"content":{"rendered":"<h3>Descubre en v\u00eddeo<\/h3>\n<p><iframe title=\"Brio sobre banco : la nueva estufa de le\u00f1a de dise\u00f1o y eficiencia de Invicta\" width=\"500\" height=\"281\" src=\"https:\/\/www.youtube.com\/embed\/imycIbAkjUQ?feature=oembed&#038;enablejsapi=1&#038;origin=https:\/\/www.invicta.fr\" frameborder=\"0\" allow=\"accelerometer; autoplay; clipboard-write; encrypted-media; gyroscope; picture-in-picture; web-share\" referrerpolicy=\"strict-origin-when-cross-origin\" allowfullscreen><\/iframe><\/p>\n","protected":false},"excerpt":{"rendered":"<p id=\"tw-target-text\" class=\"tw-data-text tw-text-large tw-ta\" data-placeholder=\"Traduction\"><span class=\"Y2IQFc\">Este nuevo virtuoso del fuego quiere ser m\u00e1s discreto que su mayor. Sin embargo, Brio en un banco de un metro llena brillantemente el espacio con su encanto y talento. Dise\u00f1o: B. Dequet.<\/span><\/p>\n<p><span data-sheets-formula-bar-text-style=\"font-size:13px;color:#000000;font-weight:normal;text-decoration:none;font-family:'Arial';font-style:normal;text-decoration-skip-ink:none;\">\u00a0<\/span><\/p>\n","protected":false},"featured_media":55596,"template":"","meta":{"_acf_changed":false},"product_brand":[],"product_cat":[2293,2470,6150,6148,6149,6145,6151,6146,6147],"product_tag":[7108,2301,2303,2305,2306,2299,6962,2295,2843,7048,7049,6677,6845],"plus_produit":[2840,2265,6144,2284,6838,2263],"class_list":{"1":"product","4":"has-post-thumbnail","6":"product_cat-ayuda-en-la-eleccion","7":"product_cat-estufa-de-lena-de-hierro-fundido-y-acero","8":"product_cat-estufas-de-lena-troncos-50-cm","9":"product_cat-estufas-de-lena-de-7-kw","10":"product_cat-estufas-de-lena-contemporaneas","11":"product_cat-estufas-de-lena-de-diseno","12":"product_cat-estufas-de-lena-industriales","13":"product_cat-estufas-de-lena-modernas","14":"product_cat-estufas-de-lena-redondas","15":"product_tag-en16510-es","16":"product_tag-flamme-verte-7","17":"product_tag-eco-design-2022-es","18":"product_tag-certificacion-ecolabel-a","19":"product_tag-hecho-en-francia","20":"product_tag-100-hierro-fundido","21":"product_tag-novedad","22":"product_tag-post-combustion-es","23":"product_tag-conectable","24":"product_tag-y-garantia-de-3-anos","25":"product_tag-y-garantie-extension-2ans-por","26":"product_tag-impuesto-de-credito-z-es","27":"product_tag-z-reserve-pros-esp","28":"pa_depart-des-fumees-parte-superior","29":"pa_diametre-de-buse-150-mm-es","30":"pa_indice-de-performance-99-es","31":"pa_puissance-optimale-7-kw-es","32":"pa_surface-de-chauffe-de-40-a-85-m","33":"pa_taux-de-co-012-es","34":"pa_volume-de-chauffe-100-210-m-es","35":"plus_produit-conectable","36":"plus_produit-vidrio-limpio","37":"plus_produit-cuidado-diseno","38":"plus_produit-garantia-de-origen-frances","39":"plus_produit-garantia-extendida-3-anos","40":"plus_produit-sistema-de-post-combustion","42":"first","43":"instock","44":"purchasable","45":"product-type-simple"},"acf":[],"yoast_head":"<!-- This site is optimized with the Yoast SEO plugin v24.7 - https:\/\/yoast.com\/wordpress\/plugins\/seo\/ -->\n<title>Estufa de le\u00f1a Brio sobre banco de 1m - conectable | INVICTA<\/title>\n<meta name=\"description\" content=\"Estufa de Le\u00f1a Conectable Brio sobre Banco de 1m, EcoLabel A, 100% fundicion, potencia optimal 7kW\u2705 garant\u00eda de 5 a\u00f1os\u2705 Ecodesign\" \/>\n<meta name=\"robots\" content=\"index, follow, max-snippet:-1, max-image-preview:large, max-video-preview:-1\" \/>\n<link rel=\"canonical\" href=\"https:\/\/www.invicta.fr\/es\/produit\/estufa-de-lena-de-hierro-fundido-brio-sobre-banco-de-1m-conectable\/\" \/>\n<meta property=\"og:locale\" content=\"es_ES\" \/>\n<meta property=\"og:type\" content=\"article\" \/>\n<meta property=\"og:title\" content=\"Estufa de le\u00f1a Brio sobre banco de 1m - conectable | INVICTA\" \/>\n<meta property=\"og:description\" content=\"Estufa de Le\u00f1a Conectable Brio sobre Banco de 1m, EcoLabel A, 100% fundicion, potencia optimal 7kW\u2705 garant\u00eda de 5 a\u00f1os\u2705 Ecodesign\" \/>\n<meta property=\"og:url\" content=\"https:\/\/www.invicta.fr\/es\/produit\/estufa-de-lena-de-hierro-fundido-brio-sobre-banco-de-1m-conectable\/\" \/>\n<meta property=\"og:site_name\" content=\"Invicta\" \/>\n<meta property=\"article:modified_time\" content=\"2026-01-13T12:15:47+00:00\" \/>\n<meta property=\"og:image\" content=\"https:\/\/www.invicta.fr\/wp-content\/uploads\/2023\/06\/C-P648525-BRIO-PETIT-BANC2-web.jpg\" \/>\n\t<meta property=\"og:image:width\" content=\"1000\" \/>\n\t<meta property=\"og:image:height\" content=\"1000\" \/>\n\t<meta property=\"og:image:type\" content=\"image\/jpeg\" \/>\n<meta name=\"twitter:card\" content=\"summary_large_image\" \/>\n<script type=\"application\/ld+json\" class=\"yoast-schema-graph\">{\"@context\":\"https:\/\/schema.org\",\"@graph\":[{\"@type\":\"WebPage\",\"@id\":\"https:\/\/www.invicta.fr\/es\/produit\/estufa-de-lena-de-hierro-fundido-brio-sobre-banco-de-1m-conectable\/\",\"url\":\"https:\/\/www.invicta.fr\/es\/produit\/estufa-de-lena-de-hierro-fundido-brio-sobre-banco-de-1m-conectable\/\",\"name\":\"Estufa de le\u00f1a Brio sobre banco de 1m - conectable | INVICTA\",\"isPartOf\":{\"@id\":\"https:\/\/www.invicta.fr\/es\/#website\"},\"primaryImageOfPage\":{\"@id\":\"https:\/\/www.invicta.fr\/es\/produit\/estufa-de-lena-de-hierro-fundido-brio-sobre-banco-de-1m-conectable\/#primaryimage\"},\"image\":{\"@id\":\"https:\/\/www.invicta.fr\/es\/produit\/estufa-de-lena-de-hierro-fundido-brio-sobre-banco-de-1m-conectable\/#primaryimage\"},\"thumbnailUrl\":\"https:\/\/www.invicta.fr\/wp-content\/uploads\/2023\/06\/C-P648525-BRIO-PETIT-BANC2-web.jpg\",\"datePublished\":\"2024-12-12T14:51:41+00:00\",\"dateModified\":\"2026-01-13T12:15:47+00:00\",\"description\":\"Estufa de Le\u00f1a Conectable Brio sobre Banco de 1m, EcoLabel A, 100% fundicion, potencia optimal 7kW\u2705 garant\u00eda de 5 a\u00f1os\u2705 Ecodesign\",\"breadcrumb\":{\"@id\":\"https:\/\/www.invicta.fr\/es\/produit\/estufa-de-lena-de-hierro-fundido-brio-sobre-banco-de-1m-conectable\/#breadcrumb\"},\"inLanguage\":\"es\",\"potentialAction\":[{\"@type\":\"ReadAction\",\"target\":[\"https:\/\/www.invicta.fr\/es\/produit\/estufa-de-lena-de-hierro-fundido-brio-sobre-banco-de-1m-conectable\/\"]}]},{\"@type\":\"ImageObject\",\"inLanguage\":\"es\",\"@id\":\"https:\/\/www.invicta.fr\/es\/produit\/estufa-de-lena-de-hierro-fundido-brio-sobre-banco-de-1m-conectable\/#primaryimage\",\"url\":\"https:\/\/www.invicta.fr\/wp-content\/uploads\/2023\/06\/C-P648525-BRIO-PETIT-BANC2-web.jpg\",\"contentUrl\":\"https:\/\/www.invicta.fr\/wp-content\/uploads\/2023\/06\/C-P648525-BRIO-PETIT-BANC2-web.jpg\",\"width\":1000,\"height\":1000},{\"@type\":\"BreadcrumbList\",\"@id\":\"https:\/\/www.invicta.fr\/es\/produit\/estufa-de-lena-de-hierro-fundido-brio-sobre-banco-de-1m-conectable\/#breadcrumb\",\"itemListElement\":[{\"@type\":\"ListItem\",\"position\":1,\"name\":\"Inicio\",\"item\":\"https:\/\/www.invicta.fr\/es\/\"},{\"@type\":\"ListItem\",\"position\":2,\"name\":\"Productos\",\"item\":\"https:\/\/www.invicta.fr\/es\/shop\/\"},{\"@type\":\"ListItem\",\"position\":3,\"name\":\"Estufas de le\u00f1a\",\"item\":\"https:\/\/www.invicta.fr\/es\/categorie-produit\/estufas-de-lena\/\"},{\"@type\":\"ListItem\",\"position\":4,\"name\":\"Estufas de le\u00f1a de hierro fundido y acero\",\"item\":\"https:\/\/www.invicta.fr\/es\/categorie-produit\/estufas-de-lena\/estufa-de-lena-de-hierro-fundido-y-acero\/\"},{\"@type\":\"ListItem\",\"position\":5,\"name\":\"Estufa de le\u00f1a de hierro fundido Brio sobre banco de 1m &#8211; conectable\"}]},{\"@type\":\"WebSite\",\"@id\":\"https:\/\/www.invicta.fr\/es\/#website\",\"url\":\"https:\/\/www.invicta.fr\/es\/\",\"name\":\"Invicta\",\"description\":\"Fabricant fran\u00e7ais, sp\u00e9cialiste europ\u00e9en du chauffage au bois : po\u00eales \u00e0 bois et \u00e0 granul\u00e9s, chemin\u00e9es, foyers et inserts\",\"publisher\":{\"@id\":\"https:\/\/www.invicta.fr\/es\/#organization\"},\"potentialAction\":[{\"@type\":\"SearchAction\",\"target\":{\"@type\":\"EntryPoint\",\"urlTemplate\":\"https:\/\/www.invicta.fr\/es\/?s={search_term_string}\"},\"query-input\":{\"@type\":\"PropertyValueSpecification\",\"valueRequired\":true,\"valueName\":\"search_term_string\"}}],\"inLanguage\":\"es\"},{\"@type\":\"Organization\",\"@id\":\"https:\/\/www.invicta.fr\/es\/#organization\",\"name\":\"Invicta\",\"url\":\"https:\/\/www.invicta.fr\/es\/\",\"logo\":{\"@type\":\"ImageObject\",\"inLanguage\":\"es\",\"@id\":\"https:\/\/www.invicta.fr\/es\/#\/schema\/logo\/image\/\",\"url\":\"https:\/\/www.invicta.fr\/wp-content\/uploads\/2019\/06\/INVICTALOGO_RVB.png\",\"contentUrl\":\"https:\/\/www.invicta.fr\/wp-content\/uploads\/2019\/06\/INVICTALOGO_RVB.png\",\"width\":1810,\"height\":1280,\"caption\":\"Invicta\"},\"image\":{\"@id\":\"https:\/\/www.invicta.fr\/es\/#\/schema\/logo\/image\/\"}}]}<\/script>\n<!-- \/ Yoast SEO plugin. -->","yoast_head_json":{"title":"Estufa de le\u00f1a Brio sobre banco de 1m - conectable | INVICTA","description":"Estufa de Le\u00f1a Conectable Brio sobre Banco de 1m, EcoLabel A, 100% fundicion, potencia optimal 7kW\u2705 garant\u00eda de 5 a\u00f1os\u2705 Ecodesign","robots":{"index":"index","follow":"follow","max-snippet":"max-snippet:-1","max-image-preview":"max-image-preview:large","max-video-preview":"max-video-preview:-1"},"canonical":"https:\/\/www.invicta.fr\/es\/produit\/estufa-de-lena-de-hierro-fundido-brio-sobre-banco-de-1m-conectable\/","og_locale":"es_ES","og_type":"article","og_title":"Estufa de le\u00f1a Brio sobre banco de 1m - conectable | INVICTA","og_description":"Estufa de Le\u00f1a Conectable Brio sobre Banco de 1m, EcoLabel A, 100% fundicion, potencia optimal 7kW\u2705 garant\u00eda de 5 a\u00f1os\u2705 Ecodesign","og_url":"https:\/\/www.invicta.fr\/es\/produit\/estufa-de-lena-de-hierro-fundido-brio-sobre-banco-de-1m-conectable\/","og_site_name":"Invicta","article_modified_time":"2026-01-13T12:15:47+00:00","og_image":[{"width":1000,"height":1000,"url":"https:\/\/www.invicta.fr\/wp-content\/uploads\/2023\/06\/C-P648525-BRIO-PETIT-BANC2-web.jpg","type":"image\/jpeg"}],"twitter_card":"summary_large_image","schema":{"@context":"https:\/\/schema.org","@graph":[{"@type":"WebPage","@id":"https:\/\/www.invicta.fr\/es\/produit\/estufa-de-lena-de-hierro-fundido-brio-sobre-banco-de-1m-conectable\/","url":"https:\/\/www.invicta.fr\/es\/produit\/estufa-de-lena-de-hierro-fundido-brio-sobre-banco-de-1m-conectable\/","name":"Estufa de le\u00f1a Brio sobre banco de 1m - conectable | INVICTA","isPartOf":{"@id":"https:\/\/www.invicta.fr\/es\/#website"},"primaryImageOfPage":{"@id":"https:\/\/www.invicta.fr\/es\/produit\/estufa-de-lena-de-hierro-fundido-brio-sobre-banco-de-1m-conectable\/#primaryimage"},"image":{"@id":"https:\/\/www.invicta.fr\/es\/produit\/estufa-de-lena-de-hierro-fundido-brio-sobre-banco-de-1m-conectable\/#primaryimage"},"thumbnailUrl":"https:\/\/www.invicta.fr\/wp-content\/uploads\/2023\/06\/C-P648525-BRIO-PETIT-BANC2-web.jpg","datePublished":"2024-12-12T14:51:41+00:00","dateModified":"2026-01-13T12:15:47+00:00","description":"Estufa de Le\u00f1a Conectable Brio sobre Banco de 1m, EcoLabel A, 100% fundicion, potencia optimal 7kW\u2705 garant\u00eda de 5 a\u00f1os\u2705 Ecodesign","breadcrumb":{"@id":"https:\/\/www.invicta.fr\/es\/produit\/estufa-de-lena-de-hierro-fundido-brio-sobre-banco-de-1m-conectable\/#breadcrumb"},"inLanguage":"es","potentialAction":[{"@type":"ReadAction","target":["https:\/\/www.invicta.fr\/es\/produit\/estufa-de-lena-de-hierro-fundido-brio-sobre-banco-de-1m-conectable\/"]}]},{"@type":"ImageObject","inLanguage":"es","@id":"https:\/\/www.invicta.fr\/es\/produit\/estufa-de-lena-de-hierro-fundido-brio-sobre-banco-de-1m-conectable\/#primaryimage","url":"https:\/\/www.invicta.fr\/wp-content\/uploads\/2023\/06\/C-P648525-BRIO-PETIT-BANC2-web.jpg","contentUrl":"https:\/\/www.invicta.fr\/wp-content\/uploads\/2023\/06\/C-P648525-BRIO-PETIT-BANC2-web.jpg","width":1000,"height":1000},{"@type":"BreadcrumbList","@id":"https:\/\/www.invicta.fr\/es\/produit\/estufa-de-lena-de-hierro-fundido-brio-sobre-banco-de-1m-conectable\/#breadcrumb","itemListElement":[{"@type":"ListItem","position":1,"name":"Inicio","item":"https:\/\/www.invicta.fr\/es\/"},{"@type":"ListItem","position":2,"name":"Productos","item":"https:\/\/www.invicta.fr\/es\/shop\/"},{"@type":"ListItem","position":3,"name":"Estufas de le\u00f1a","item":"https:\/\/www.invicta.fr\/es\/categorie-produit\/estufas-de-lena\/"},{"@type":"ListItem","position":4,"name":"Estufas de le\u00f1a de hierro fundido y acero","item":"https:\/\/www.invicta.fr\/es\/categorie-produit\/estufas-de-lena\/estufa-de-lena-de-hierro-fundido-y-acero\/"},{"@type":"ListItem","position":5,"name":"Estufa de le\u00f1a de hierro fundido Brio sobre banco de 1m &#8211; conectable"}]},{"@type":"WebSite","@id":"https:\/\/www.invicta.fr\/es\/#website","url":"https:\/\/www.invicta.fr\/es\/","name":"Invicta","description":"Fabricant fran\u00e7ais, sp\u00e9cialiste europ\u00e9en du chauffage au bois : po\u00eales \u00e0 bois et \u00e0 granul\u00e9s, chemin\u00e9es, foyers et inserts","publisher":{"@id":"https:\/\/www.invicta.fr\/es\/#organization"},"potentialAction":[{"@type":"SearchAction","target":{"@type":"EntryPoint","urlTemplate":"https:\/\/www.invicta.fr\/es\/?s={search_term_string}"},"query-input":{"@type":"PropertyValueSpecification","valueRequired":true,"valueName":"search_term_string"}}],"inLanguage":"es"},{"@type":"Organization","@id":"https:\/\/www.invicta.fr\/es\/#organization","name":"Invicta","url":"https:\/\/www.invicta.fr\/es\/","logo":{"@type":"ImageObject","inLanguage":"es","@id":"https:\/\/www.invicta.fr\/es\/#\/schema\/logo\/image\/","url":"https:\/\/www.invicta.fr\/wp-content\/uploads\/2019\/06\/INVICTALOGO_RVB.png","contentUrl":"https:\/\/www.invicta.fr\/wp-content\/uploads\/2019\/06\/INVICTALOGO_RVB.png","width":1810,"height":1280,"caption":"Invicta"},"image":{"@id":"https:\/\/www.invicta.fr\/es\/#\/schema\/logo\/image\/"}}]}},"_links":{"self":[{"href":"https:\/\/www.invicta.fr\/es\/wp-json\/wp\/v2\/product\/65203","targetHints":{"allow":["GET"]}}],"collection":[{"href":"https:\/\/www.invicta.fr\/es\/wp-json\/wp\/v2\/product"}],"about":[{"href":"https:\/\/www.invicta.fr\/es\/wp-json\/wp\/v2\/types\/product"}],"wp:featuredmedia":[{"embeddable":true,"href":"https:\/\/www.invicta.fr\/es\/wp-json\/wp\/v2\/media\/55596"}],"wp:attachment":[{"href":"https:\/\/www.invicta.fr\/es\/wp-json\/wp\/v2\/media?parent=65203"}],"wp:term":[{"taxonomy":"product_brand","embeddable":true,"href":"https:\/\/www.invicta.fr\/es\/wp-json\/wp\/v2\/product_brand?post=65203"},{"taxonomy":"product_cat","embeddable":true,"href":"https:\/\/www.invicta.fr\/es\/wp-json\/wp\/v2\/product_cat?post=65203"},{"taxonomy":"product_tag","embeddable":true,"href":"https:\/\/www.invicta.fr\/es\/wp-json\/wp\/v2\/product_tag?post=65203"},{"taxonomy":"plus_produit","embeddable":true,"href":"https:\/\/www.invicta.fr\/es\/wp-json\/wp\/v2\/plus_produit?post=65203"}],"curies":[{"name":"wp","href":"https:\/\/api.w.org\/{rel}","templated":true}]}}