{"id":67305,"date":"2025-05-26T09:09:40","date_gmt":"2025-05-23T07:09:40","guid":{"rendered":"https:\/\/www.invicta.fr\/?post_type=product&#038;p=67305"},"modified":"2026-02-24T11:47:34","modified_gmt":"2026-02-24T10:47:34","slug":"estufa-de-pellets-estanca-lodi-8-concentrtic-outlet","status":"publish","type":"product","link":"https:\/\/www.invicta.fr\/es\/produit\/estufa-de-pellets-estanca-lodi-8-concentrtic-outlet\/","title":{"rendered":"Estufa de pellets estanca Lodi 8 &#8211; concentric outlet"},"content":{"rendered":"","protected":false},"excerpt":{"rendered":"<p>La elegante estufa de pellets estanca Lodi 8 se integra f\u00e1cilmente en cualquier interior, especialmente en viviendas de bajo consumo. La salida de humos conc\u00e9ntrica en la parte superior simplifica la instalaci\u00f3n en zonas 2 o 3 y optimiza el espacio.<\/p>\n","protected":false},"featured_media":61455,"template":"","meta":{"_acf_changed":false},"product_brand":[],"product_cat":[2293,3058,6452,6457,6451,6448,6456,6450,6676,6449,6455,6453],"product_tag":[7108,2301,2303,2317,2607,6962,6459,6460,7048,6677],"plus_produit":[2294,3188,2597,6841,2318,2309,3187,2312,2296,2633,6447],"class_list":{"1":"product","4":"has-post-thumbnail","6":"product_cat-ayuda-en-la-eleccion","7":"product_cat-estufas-de-pellets-estancas","8":"product_cat-estufas-de-pellets-de-8-kw","9":"product_cat-estufas-de-pellets-estancas-de-8-kw","10":"product_cat-estufas-de-pellet-autonomas","11":"product_cat-estufas-de-pellets-programables","12":"product_cat-estufas-de-pellets-contemporaneas","13":"product_cat-estufas-de-pellets-modernas","14":"product_cat-pequenas-estufas-de-pellets","15":"product_cat-estufas-de-pellet-redondas","16":"product_cat-toma-de-pared-para-estufas-de-pellets","17":"product_cat-estufas-de-pellets-con-salida-de-aspiracion","18":"product_tag-en16510-es","19":"product_tag-flamme-verte-7","20":"product_tag-eco-design-2022-es","21":"product_tag-ecoetiqueta-a","22":"product_tag-conectable-estanco","23":"product_tag-novedad","24":"product_tag-wifi-estandar","25":"product_tag-zona-3-ventosa","26":"product_tag-y-garantia-de-3-anos","27":"product_tag-impuesto-de-credito-z-es","28":"pa_certificat-cstb-posible-instalacion-en-fachada-zona-3-ventosa","29":"pa_puissance-8-kw-es","30":"pa_surface-de-chauffe-30-a-100-m-es","31":"pa_volume-de-chauffe-75-a-240-m-es","32":"plus_produit-control-de-la-potencia-5-o-de-la-temperatura-ambiente","33":"plus_produit-dictamen-tecnico-cstb-n-14-2-15-2130v5","34":"plus_produit-dispositivo-resistente-al-agua-compatible-con-rt2012","35":"plus_produit-extension-de-garantie-1-an-esp","36":"plus_produit-kit-de-control-de-la-combustion-kcc","37":"plus_produit-posibilidad-de-control-por-termostato-externo-no-incluido","38":"plus_produit-posible-instalacion-de-fachada-zona-3-ventosa","39":"plus_produit-programacion-horaria","40":"plus_produit-salida-de-aire-caliente-por-ventilador","41":"plus_produit-stand-by-espera","42":"plus_produit-wi-fi-incorporado","44":"first","45":"instock","46":"product-type-variable","47":"has-default-attributes"},"acf":[],"yoast_head":"<!-- This site is optimized with the Yoast SEO plugin v24.7 - https:\/\/yoast.com\/wordpress\/plugins\/seo\/ -->\n<title>Estufa de pellets estanca Lodi 8 - concentric outlet - Invicta<\/title>\n<meta name=\"description\" content=\"La elegante estufa de pellets estanca Lodi 8 se integra f\u00e1cilmente en cualquier interior, especialmente en viviendas de bajo consumo. La salida de humos conc\u00e9ntrica en la parte superior simplifica la instalaci\u00f3n en zonas 2 o 3 y optimiza el espacio.\" \/>\n<meta name=\"robots\" content=\"index, follow, max-snippet:-1, max-image-preview:large, max-video-preview:-1\" \/>\n<link rel=\"canonical\" href=\"https:\/\/www.invicta.fr\/es\/produit\/estufa-de-pellets-estanca-lodi-8-concentrtic-outlet\/\" \/>\n<meta property=\"og:locale\" content=\"es_ES\" \/>\n<meta property=\"og:type\" content=\"article\" \/>\n<meta property=\"og:title\" content=\"Estufa de pellets estanca Lodi 8 - concentric outlet - Invicta\" \/>\n<meta property=\"og:description\" content=\"La elegante estufa de pellets estanca Lodi 8 se integra f\u00e1cilmente en cualquier interior, especialmente en viviendas de bajo consumo. La salida de humos conc\u00e9ntrica en la parte superior simplifica la instalaci\u00f3n en zonas 2 o 3 y optimiza el espacio.\" \/>\n<meta property=\"og:url\" content=\"https:\/\/www.invicta.fr\/es\/produit\/estufa-de-pellets-estanca-lodi-8-concentrtic-outlet\/\" \/>\n<meta property=\"og:site_name\" content=\"Invicta\" \/>\n<meta property=\"article:modified_time\" content=\"2026-02-24T10:47:34+00:00\" \/>\n<meta name=\"twitter:card\" content=\"summary_large_image\" \/>\n<script type=\"application\/ld+json\" class=\"yoast-schema-graph\">{\"@context\":\"https:\/\/schema.org\",\"@graph\":[{\"@type\":\"WebPage\",\"@id\":\"https:\/\/www.invicta.fr\/es\/produit\/estufa-de-pellets-estanca-lodi-8-concentrtic-outlet\/\",\"url\":\"https:\/\/www.invicta.fr\/es\/produit\/estufa-de-pellets-estanca-lodi-8-concentrtic-outlet\/\",\"name\":\"Estufa de pellets estanca Lodi 8 - concentric outlet - Invicta\",\"isPartOf\":{\"@id\":\"https:\/\/www.invicta.fr\/es\/#website\"},\"primaryImageOfPage\":{\"@id\":\"https:\/\/www.invicta.fr\/es\/produit\/estufa-de-pellets-estanca-lodi-8-concentrtic-outlet\/#primaryimage\"},\"image\":{\"@id\":\"https:\/\/www.invicta.fr\/es\/produit\/estufa-de-pellets-estanca-lodi-8-concentrtic-outlet\/#primaryimage\"},\"thumbnailUrl\":\"https:\/\/www.invicta.fr\/wp-content\/uploads\/2024\/08\/LODI-ETANCHE6-Wi-Fi-noir-1.jpg\",\"datePublished\":\"2025-05-23T07:09:40+00:00\",\"dateModified\":\"2026-02-24T10:47:34+00:00\",\"description\":\"La elegante estufa de pellets estanca Lodi 8 se integra f\u00e1cilmente en cualquier interior, especialmente en viviendas de bajo consumo. La salida de humos conc\u00e9ntrica en la parte superior simplifica la instalaci\u00f3n en zonas 2 o 3 y optimiza el espacio.\",\"breadcrumb\":{\"@id\":\"https:\/\/www.invicta.fr\/es\/produit\/estufa-de-pellets-estanca-lodi-8-concentrtic-outlet\/#breadcrumb\"},\"inLanguage\":\"es\",\"potentialAction\":[{\"@type\":\"ReadAction\",\"target\":[\"https:\/\/www.invicta.fr\/es\/produit\/estufa-de-pellets-estanca-lodi-8-concentrtic-outlet\/\"]}]},{\"@type\":\"ImageObject\",\"inLanguage\":\"es\",\"@id\":\"https:\/\/www.invicta.fr\/es\/produit\/estufa-de-pellets-estanca-lodi-8-concentrtic-outlet\/#primaryimage\",\"url\":\"https:\/\/www.invicta.fr\/wp-content\/uploads\/2024\/08\/LODI-ETANCHE6-Wi-Fi-noir-1.jpg\",\"contentUrl\":\"https:\/\/www.invicta.fr\/wp-content\/uploads\/2024\/08\/LODI-ETANCHE6-Wi-Fi-noir-1.jpg\",\"width\":2000,\"height\":2000,\"caption\":\"Po\u00eale \u00e0 granul\u00e9s Invicta Lodi 6 wifi - sortie dessus\"},{\"@type\":\"BreadcrumbList\",\"@id\":\"https:\/\/www.invicta.fr\/es\/produit\/estufa-de-pellets-estanca-lodi-8-concentrtic-outlet\/#breadcrumb\",\"itemListElement\":[{\"@type\":\"ListItem\",\"position\":1,\"name\":\"Inicio\",\"item\":\"https:\/\/www.invicta.fr\/es\/\"},{\"@type\":\"ListItem\",\"position\":2,\"name\":\"Productos\",\"item\":\"https:\/\/www.invicta.fr\/es\/shop\/\"},{\"@type\":\"ListItem\",\"position\":3,\"name\":\"Estufas de pellets\",\"item\":\"https:\/\/www.invicta.fr\/es\/categorie-produit\/estufas-de-pellets-es\/\"},{\"@type\":\"ListItem\",\"position\":4,\"name\":\"Estufas de pellets estancas\",\"item\":\"https:\/\/www.invicta.fr\/es\/categorie-produit\/estufas-de-pellets-es\/estufas-de-pellets-estancas\/\"},{\"@type\":\"ListItem\",\"position\":5,\"name\":\"Estufa de pellets estanca Lodi 8 &#8211; concentric outlet\"}]},{\"@type\":\"WebSite\",\"@id\":\"https:\/\/www.invicta.fr\/es\/#website\",\"url\":\"https:\/\/www.invicta.fr\/es\/\",\"name\":\"Invicta\",\"description\":\"Fabricant fran\u00e7ais, sp\u00e9cialiste europ\u00e9en du chauffage au bois : po\u00eales \u00e0 bois et \u00e0 granul\u00e9s, chemin\u00e9es, foyers et inserts\",\"publisher\":{\"@id\":\"https:\/\/www.invicta.fr\/es\/#organization\"},\"potentialAction\":[{\"@type\":\"SearchAction\",\"target\":{\"@type\":\"EntryPoint\",\"urlTemplate\":\"https:\/\/www.invicta.fr\/es\/?s={search_term_string}\"},\"query-input\":{\"@type\":\"PropertyValueSpecification\",\"valueRequired\":true,\"valueName\":\"search_term_string\"}}],\"inLanguage\":\"es\"},{\"@type\":\"Organization\",\"@id\":\"https:\/\/www.invicta.fr\/es\/#organization\",\"name\":\"Invicta\",\"url\":\"https:\/\/www.invicta.fr\/es\/\",\"logo\":{\"@type\":\"ImageObject\",\"inLanguage\":\"es\",\"@id\":\"https:\/\/www.invicta.fr\/es\/#\/schema\/logo\/image\/\",\"url\":\"https:\/\/www.invicta.fr\/wp-content\/uploads\/2019\/06\/INVICTALOGO_RVB.png\",\"contentUrl\":\"https:\/\/www.invicta.fr\/wp-content\/uploads\/2019\/06\/INVICTALOGO_RVB.png\",\"width\":1810,\"height\":1280,\"caption\":\"Invicta\"},\"image\":{\"@id\":\"https:\/\/www.invicta.fr\/es\/#\/schema\/logo\/image\/\"}}]}<\/script>\n<!-- \/ Yoast SEO plugin. -->","yoast_head_json":{"title":"Estufa de pellets estanca Lodi 8 - concentric outlet - Invicta","description":"La elegante estufa de pellets estanca Lodi 8 se integra f\u00e1cilmente en cualquier interior, especialmente en viviendas de bajo consumo. La salida de humos conc\u00e9ntrica en la parte superior simplifica la instalaci\u00f3n en zonas 2 o 3 y optimiza el espacio.","robots":{"index":"index","follow":"follow","max-snippet":"max-snippet:-1","max-image-preview":"max-image-preview:large","max-video-preview":"max-video-preview:-1"},"canonical":"https:\/\/www.invicta.fr\/es\/produit\/estufa-de-pellets-estanca-lodi-8-concentrtic-outlet\/","og_locale":"es_ES","og_type":"article","og_title":"Estufa de pellets estanca Lodi 8 - concentric outlet - Invicta","og_description":"La elegante estufa de pellets estanca Lodi 8 se integra f\u00e1cilmente en cualquier interior, especialmente en viviendas de bajo consumo. La salida de humos conc\u00e9ntrica en la parte superior simplifica la instalaci\u00f3n en zonas 2 o 3 y optimiza el espacio.","og_url":"https:\/\/www.invicta.fr\/es\/produit\/estufa-de-pellets-estanca-lodi-8-concentrtic-outlet\/","og_site_name":"Invicta","article_modified_time":"2026-02-24T10:47:34+00:00","twitter_card":"summary_large_image","schema":{"@context":"https:\/\/schema.org","@graph":[{"@type":"WebPage","@id":"https:\/\/www.invicta.fr\/es\/produit\/estufa-de-pellets-estanca-lodi-8-concentrtic-outlet\/","url":"https:\/\/www.invicta.fr\/es\/produit\/estufa-de-pellets-estanca-lodi-8-concentrtic-outlet\/","name":"Estufa de pellets estanca Lodi 8 - concentric outlet - Invicta","isPartOf":{"@id":"https:\/\/www.invicta.fr\/es\/#website"},"primaryImageOfPage":{"@id":"https:\/\/www.invicta.fr\/es\/produit\/estufa-de-pellets-estanca-lodi-8-concentrtic-outlet\/#primaryimage"},"image":{"@id":"https:\/\/www.invicta.fr\/es\/produit\/estufa-de-pellets-estanca-lodi-8-concentrtic-outlet\/#primaryimage"},"thumbnailUrl":"https:\/\/www.invicta.fr\/wp-content\/uploads\/2024\/08\/LODI-ETANCHE6-Wi-Fi-noir-1.jpg","datePublished":"2025-05-23T07:09:40+00:00","dateModified":"2026-02-24T10:47:34+00:00","description":"La elegante estufa de pellets estanca Lodi 8 se integra f\u00e1cilmente en cualquier interior, especialmente en viviendas de bajo consumo. La salida de humos conc\u00e9ntrica en la parte superior simplifica la instalaci\u00f3n en zonas 2 o 3 y optimiza el espacio.","breadcrumb":{"@id":"https:\/\/www.invicta.fr\/es\/produit\/estufa-de-pellets-estanca-lodi-8-concentrtic-outlet\/#breadcrumb"},"inLanguage":"es","potentialAction":[{"@type":"ReadAction","target":["https:\/\/www.invicta.fr\/es\/produit\/estufa-de-pellets-estanca-lodi-8-concentrtic-outlet\/"]}]},{"@type":"ImageObject","inLanguage":"es","@id":"https:\/\/www.invicta.fr\/es\/produit\/estufa-de-pellets-estanca-lodi-8-concentrtic-outlet\/#primaryimage","url":"https:\/\/www.invicta.fr\/wp-content\/uploads\/2024\/08\/LODI-ETANCHE6-Wi-Fi-noir-1.jpg","contentUrl":"https:\/\/www.invicta.fr\/wp-content\/uploads\/2024\/08\/LODI-ETANCHE6-Wi-Fi-noir-1.jpg","width":2000,"height":2000,"caption":"Po\u00eale \u00e0 granul\u00e9s Invicta Lodi 6 wifi - sortie dessus"},{"@type":"BreadcrumbList","@id":"https:\/\/www.invicta.fr\/es\/produit\/estufa-de-pellets-estanca-lodi-8-concentrtic-outlet\/#breadcrumb","itemListElement":[{"@type":"ListItem","position":1,"name":"Inicio","item":"https:\/\/www.invicta.fr\/es\/"},{"@type":"ListItem","position":2,"name":"Productos","item":"https:\/\/www.invicta.fr\/es\/shop\/"},{"@type":"ListItem","position":3,"name":"Estufas de pellets","item":"https:\/\/www.invicta.fr\/es\/categorie-produit\/estufas-de-pellets-es\/"},{"@type":"ListItem","position":4,"name":"Estufas de pellets estancas","item":"https:\/\/www.invicta.fr\/es\/categorie-produit\/estufas-de-pellets-es\/estufas-de-pellets-estancas\/"},{"@type":"ListItem","position":5,"name":"Estufa de pellets estanca Lodi 8 &#8211; concentric outlet"}]},{"@type":"WebSite","@id":"https:\/\/www.invicta.fr\/es\/#website","url":"https:\/\/www.invicta.fr\/es\/","name":"Invicta","description":"Fabricant fran\u00e7ais, sp\u00e9cialiste europ\u00e9en du chauffage au bois : po\u00eales \u00e0 bois et \u00e0 granul\u00e9s, chemin\u00e9es, foyers et inserts","publisher":{"@id":"https:\/\/www.invicta.fr\/es\/#organization"},"potentialAction":[{"@type":"SearchAction","target":{"@type":"EntryPoint","urlTemplate":"https:\/\/www.invicta.fr\/es\/?s={search_term_string}"},"query-input":{"@type":"PropertyValueSpecification","valueRequired":true,"valueName":"search_term_string"}}],"inLanguage":"es"},{"@type":"Organization","@id":"https:\/\/www.invicta.fr\/es\/#organization","name":"Invicta","url":"https:\/\/www.invicta.fr\/es\/","logo":{"@type":"ImageObject","inLanguage":"es","@id":"https:\/\/www.invicta.fr\/es\/#\/schema\/logo\/image\/","url":"https:\/\/www.invicta.fr\/wp-content\/uploads\/2019\/06\/INVICTALOGO_RVB.png","contentUrl":"https:\/\/www.invicta.fr\/wp-content\/uploads\/2019\/06\/INVICTALOGO_RVB.png","width":1810,"height":1280,"caption":"Invicta"},"image":{"@id":"https:\/\/www.invicta.fr\/es\/#\/schema\/logo\/image\/"}}]}},"_links":{"self":[{"href":"https:\/\/www.invicta.fr\/es\/wp-json\/wp\/v2\/product\/67305","targetHints":{"allow":["GET"]}}],"collection":[{"href":"https:\/\/www.invicta.fr\/es\/wp-json\/wp\/v2\/product"}],"about":[{"href":"https:\/\/www.invicta.fr\/es\/wp-json\/wp\/v2\/types\/product"}],"wp:featuredmedia":[{"embeddable":true,"href":"https:\/\/www.invicta.fr\/es\/wp-json\/wp\/v2\/media\/61455"}],"wp:attachment":[{"href":"https:\/\/www.invicta.fr\/es\/wp-json\/wp\/v2\/media?parent=67305"}],"wp:term":[{"taxonomy":"product_brand","embeddable":true,"href":"https:\/\/www.invicta.fr\/es\/wp-json\/wp\/v2\/product_brand?post=67305"},{"taxonomy":"product_cat","embeddable":true,"href":"https:\/\/www.invicta.fr\/es\/wp-json\/wp\/v2\/product_cat?post=67305"},{"taxonomy":"product_tag","embeddable":true,"href":"https:\/\/www.invicta.fr\/es\/wp-json\/wp\/v2\/product_tag?post=67305"},{"taxonomy":"plus_produit","embeddable":true,"href":"https:\/\/www.invicta.fr\/es\/wp-json\/wp\/v2\/plus_produit?post=67305"}],"curies":[{"name":"wp","href":"https:\/\/api.w.org\/{rel}","templated":true}]}}