{"id":67325,"date":"2025-05-26T09:43:28","date_gmt":"2025-05-23T07:43:29","guid":{"rendered":"https:\/\/www.invicta.fr\/?post_type=product&#038;p=67325"},"modified":"2026-02-24T14:12:53","modified_gmt":"2026-02-24T13:12:53","slug":"estufa-de-pellets-estanca-nola-8-style","status":"publish","type":"product","link":"https:\/\/www.invicta.fr\/es\/produit\/estufa-de-pellets-estanca-nola-8-style\/","title":{"rendered":"Estufa de pellets estanca Nola 8 style"},"content":{"rendered":"","protected":false},"excerpt":{"rendered":"<p>Tras su dise\u00f1o elegante y refinado, la estufa de pellets estanca Nola 8 Style concentra una gran variedad de cualidades t\u00e9cnicas, energ\u00e9ticas y pr\u00e1cticas. Se puede controlar a distancia mediante una aplicaci\u00f3n para smartphone.<\/p>\n","protected":false},"featured_media":67327,"template":"","meta":{"_acf_changed":false},"product_brand":[],"product_cat":[2293,3058,6452,6457,6451,6448,6614,6456,6450,6455,6453],"product_tag":[7108,2301,2303,2317,2607,6962,6459,6460,7048,6833,6677],"plus_produit":[2294,3188,2597,6841,2318,2309,3187,2312,2296,2633,6447],"class_list":{"1":"product","4":"has-post-thumbnail","6":"product_cat-ayuda-en-la-eleccion","7":"product_cat-estufas-de-pellets-estancas","8":"product_cat-estufas-de-pellets-de-8-kw","9":"product_cat-estufas-de-pellets-estancas-de-8-kw","10":"product_cat-estufas-de-pellet-autonomas","11":"product_cat-estufas-de-pellets-programables","12":"product_cat-diseno-de-estufas-de-pellets","13":"product_cat-estufas-de-pellets-contemporaneas","14":"product_cat-estufas-de-pellets-modernas","15":"product_cat-toma-de-pared-para-estufas-de-pellets","16":"product_cat-estufas-de-pellets-con-salida-de-aspiracion","17":"product_tag-en16510-es","18":"product_tag-flamme-verte-7","19":"product_tag-eco-design-2022-es","20":"product_tag-ecoetiqueta-a","21":"product_tag-conectable-estanco","22":"product_tag-novedad","23":"product_tag-wifi-estandar","24":"product_tag-zona-3-ventosa","25":"product_tag-y-garantia-de-3-anos","26":"product_tag-y-garantie-extension-1an-esp","27":"product_tag-impuesto-de-credito-z-es","28":"pa_autonomie-maximum-235-horas","29":"pa_autonomie-minimum-9-horas","30":"pa_capacite-de-la-tremie-165-kg","31":"pa_certificat-cstb-posible-instalacion-en-fachada-zona-3-ventosa","32":"pa_depart-des-fumees-detras","33":"pa_diametre-de-buse-80-mm-es","34":"pa_modulation-de-puissance-31-8-es","35":"pa_puissance-8-kw-es","36":"pa_surface-de-chauffe-30-a-100-m-es","37":"pa_volume-de-chauffe-75-a-240-m-es","38":"plus_produit-control-de-la-potencia-5-o-de-la-temperatura-ambiente","39":"plus_produit-dictamen-tecnico-cstb-n-14-2-15-2130v5","40":"plus_produit-dispositivo-resistente-al-agua-compatible-con-rt2012","41":"plus_produit-extension-de-garantie-1-an-esp","42":"plus_produit-kit-de-control-de-la-combustion-kcc","43":"plus_produit-posibilidad-de-control-por-termostato-externo-no-incluido","44":"plus_produit-posible-instalacion-de-fachada-zona-3-ventosa","45":"plus_produit-programacion-horaria","46":"plus_produit-salida-de-aire-caliente-por-ventilador","47":"plus_produit-stand-by-espera","48":"plus_produit-wi-fi-incorporado","50":"first","51":"instock","52":"product-type-simple"},"acf":[],"yoast_head":"<!-- This site is optimized with the Yoast SEO plugin v24.7 - https:\/\/yoast.com\/wordpress\/plugins\/seo\/ -->\n<title>Estufa de pellets estanca Nola 8 style - Invicta<\/title>\n<meta name=\"description\" content=\"Tras su dise\u00f1o elegante y refinado, la estufa de pellets estanca Nola 8 Style concentra una gran variedad de cualidades t\u00e9cnicas, energ\u00e9ticas y pr\u00e1cticas. Se puede controlar a distancia mediante una aplicaci\u00f3n para smartphone.\" \/>\n<meta name=\"robots\" content=\"index, follow, max-snippet:-1, max-image-preview:large, max-video-preview:-1\" \/>\n<link rel=\"canonical\" href=\"https:\/\/www.invicta.fr\/es\/produit\/estufa-de-pellets-estanca-nola-8-style\/\" \/>\n<meta property=\"og:locale\" content=\"es_ES\" \/>\n<meta property=\"og:type\" content=\"article\" \/>\n<meta property=\"og:title\" content=\"Estufa de pellets estanca Nola 8 style - Invicta\" \/>\n<meta property=\"og:description\" content=\"Tras su dise\u00f1o elegante y refinado, la estufa de pellets estanca Nola 8 Style concentra una gran variedad de cualidades t\u00e9cnicas, energ\u00e9ticas y pr\u00e1cticas. Se puede controlar a distancia mediante una aplicaci\u00f3n para smartphone.\" \/>\n<meta property=\"og:url\" content=\"https:\/\/www.invicta.fr\/es\/produit\/estufa-de-pellets-estanca-nola-8-style\/\" \/>\n<meta property=\"og:site_name\" content=\"Invicta\" \/>\n<meta property=\"article:modified_time\" content=\"2026-02-24T13:12:53+00:00\" \/>\n<meta name=\"twitter:card\" content=\"summary_large_image\" \/>\n<script type=\"application\/ld+json\" class=\"yoast-schema-graph\">{\"@context\":\"https:\/\/schema.org\",\"@graph\":[{\"@type\":\"WebPage\",\"@id\":\"https:\/\/www.invicta.fr\/es\/produit\/estufa-de-pellets-estanca-nola-8-style\/\",\"url\":\"https:\/\/www.invicta.fr\/es\/produit\/estufa-de-pellets-estanca-nola-8-style\/\",\"name\":\"Estufa de pellets estanca Nola 8 style - Invicta\",\"isPartOf\":{\"@id\":\"https:\/\/www.invicta.fr\/es\/#website\"},\"primaryImageOfPage\":{\"@id\":\"https:\/\/www.invicta.fr\/es\/produit\/estufa-de-pellets-estanca-nola-8-style\/#primaryimage\"},\"image\":{\"@id\":\"https:\/\/www.invicta.fr\/es\/produit\/estufa-de-pellets-estanca-nola-8-style\/#primaryimage\"},\"thumbnailUrl\":\"https:\/\/www.invicta.fr\/wp-content\/uploads\/2025\/05\/C-NOLA_STYLE_ETANCHE8_WiFi_noir.jpg\",\"datePublished\":\"2025-05-23T07:43:29+00:00\",\"dateModified\":\"2026-02-24T13:12:53+00:00\",\"description\":\"Tras su dise\u00f1o elegante y refinado, la estufa de pellets estanca Nola 8 Style concentra una gran variedad de cualidades t\u00e9cnicas, energ\u00e9ticas y pr\u00e1cticas. Se puede controlar a distancia mediante una aplicaci\u00f3n para smartphone.\",\"breadcrumb\":{\"@id\":\"https:\/\/www.invicta.fr\/es\/produit\/estufa-de-pellets-estanca-nola-8-style\/#breadcrumb\"},\"inLanguage\":\"es\",\"potentialAction\":[{\"@type\":\"ReadAction\",\"target\":[\"https:\/\/www.invicta.fr\/es\/produit\/estufa-de-pellets-estanca-nola-8-style\/\"]}]},{\"@type\":\"ImageObject\",\"inLanguage\":\"es\",\"@id\":\"https:\/\/www.invicta.fr\/es\/produit\/estufa-de-pellets-estanca-nola-8-style\/#primaryimage\",\"url\":\"https:\/\/www.invicta.fr\/wp-content\/uploads\/2025\/05\/C-NOLA_STYLE_ETANCHE8_WiFi_noir.jpg\",\"contentUrl\":\"https:\/\/www.invicta.fr\/wp-content\/uploads\/2025\/05\/C-NOLA_STYLE_ETANCHE8_WiFi_noir.jpg\",\"width\":1008,\"height\":1680,\"caption\":\"Nola style\"},{\"@type\":\"BreadcrumbList\",\"@id\":\"https:\/\/www.invicta.fr\/es\/produit\/estufa-de-pellets-estanca-nola-8-style\/#breadcrumb\",\"itemListElement\":[{\"@type\":\"ListItem\",\"position\":1,\"name\":\"Inicio\",\"item\":\"https:\/\/www.invicta.fr\/es\/\"},{\"@type\":\"ListItem\",\"position\":2,\"name\":\"Productos\",\"item\":\"https:\/\/www.invicta.fr\/es\/shop\/\"},{\"@type\":\"ListItem\",\"position\":3,\"name\":\"Estufas de pellets\",\"item\":\"https:\/\/www.invicta.fr\/es\/categorie-produit\/estufas-de-pellets-es\/\"},{\"@type\":\"ListItem\",\"position\":4,\"name\":\"Estufas de pellets estancas\",\"item\":\"https:\/\/www.invicta.fr\/es\/categorie-produit\/estufas-de-pellets-es\/estufas-de-pellets-estancas\/\"},{\"@type\":\"ListItem\",\"position\":5,\"name\":\"Estufa de pellets estanca Nola 8 style\"}]},{\"@type\":\"WebSite\",\"@id\":\"https:\/\/www.invicta.fr\/es\/#website\",\"url\":\"https:\/\/www.invicta.fr\/es\/\",\"name\":\"Invicta\",\"description\":\"Fabricant fran\u00e7ais, sp\u00e9cialiste europ\u00e9en du chauffage au bois : po\u00eales \u00e0 bois et \u00e0 granul\u00e9s, chemin\u00e9es, foyers et inserts\",\"publisher\":{\"@id\":\"https:\/\/www.invicta.fr\/es\/#organization\"},\"potentialAction\":[{\"@type\":\"SearchAction\",\"target\":{\"@type\":\"EntryPoint\",\"urlTemplate\":\"https:\/\/www.invicta.fr\/es\/?s={search_term_string}\"},\"query-input\":{\"@type\":\"PropertyValueSpecification\",\"valueRequired\":true,\"valueName\":\"search_term_string\"}}],\"inLanguage\":\"es\"},{\"@type\":\"Organization\",\"@id\":\"https:\/\/www.invicta.fr\/es\/#organization\",\"name\":\"Invicta\",\"url\":\"https:\/\/www.invicta.fr\/es\/\",\"logo\":{\"@type\":\"ImageObject\",\"inLanguage\":\"es\",\"@id\":\"https:\/\/www.invicta.fr\/es\/#\/schema\/logo\/image\/\",\"url\":\"https:\/\/www.invicta.fr\/wp-content\/uploads\/2019\/06\/INVICTALOGO_RVB.png\",\"contentUrl\":\"https:\/\/www.invicta.fr\/wp-content\/uploads\/2019\/06\/INVICTALOGO_RVB.png\",\"width\":1810,\"height\":1280,\"caption\":\"Invicta\"},\"image\":{\"@id\":\"https:\/\/www.invicta.fr\/es\/#\/schema\/logo\/image\/\"}}]}<\/script>\n<!-- \/ Yoast SEO plugin. -->","yoast_head_json":{"title":"Estufa de pellets estanca Nola 8 style - Invicta","description":"Tras su dise\u00f1o elegante y refinado, la estufa de pellets estanca Nola 8 Style concentra una gran variedad de cualidades t\u00e9cnicas, energ\u00e9ticas y pr\u00e1cticas. Se puede controlar a distancia mediante una aplicaci\u00f3n para smartphone.","robots":{"index":"index","follow":"follow","max-snippet":"max-snippet:-1","max-image-preview":"max-image-preview:large","max-video-preview":"max-video-preview:-1"},"canonical":"https:\/\/www.invicta.fr\/es\/produit\/estufa-de-pellets-estanca-nola-8-style\/","og_locale":"es_ES","og_type":"article","og_title":"Estufa de pellets estanca Nola 8 style - Invicta","og_description":"Tras su dise\u00f1o elegante y refinado, la estufa de pellets estanca Nola 8 Style concentra una gran variedad de cualidades t\u00e9cnicas, energ\u00e9ticas y pr\u00e1cticas. Se puede controlar a distancia mediante una aplicaci\u00f3n para smartphone.","og_url":"https:\/\/www.invicta.fr\/es\/produit\/estufa-de-pellets-estanca-nola-8-style\/","og_site_name":"Invicta","article_modified_time":"2026-02-24T13:12:53+00:00","twitter_card":"summary_large_image","schema":{"@context":"https:\/\/schema.org","@graph":[{"@type":"WebPage","@id":"https:\/\/www.invicta.fr\/es\/produit\/estufa-de-pellets-estanca-nola-8-style\/","url":"https:\/\/www.invicta.fr\/es\/produit\/estufa-de-pellets-estanca-nola-8-style\/","name":"Estufa de pellets estanca Nola 8 style - Invicta","isPartOf":{"@id":"https:\/\/www.invicta.fr\/es\/#website"},"primaryImageOfPage":{"@id":"https:\/\/www.invicta.fr\/es\/produit\/estufa-de-pellets-estanca-nola-8-style\/#primaryimage"},"image":{"@id":"https:\/\/www.invicta.fr\/es\/produit\/estufa-de-pellets-estanca-nola-8-style\/#primaryimage"},"thumbnailUrl":"https:\/\/www.invicta.fr\/wp-content\/uploads\/2025\/05\/C-NOLA_STYLE_ETANCHE8_WiFi_noir.jpg","datePublished":"2025-05-23T07:43:29+00:00","dateModified":"2026-02-24T13:12:53+00:00","description":"Tras su dise\u00f1o elegante y refinado, la estufa de pellets estanca Nola 8 Style concentra una gran variedad de cualidades t\u00e9cnicas, energ\u00e9ticas y pr\u00e1cticas. Se puede controlar a distancia mediante una aplicaci\u00f3n para smartphone.","breadcrumb":{"@id":"https:\/\/www.invicta.fr\/es\/produit\/estufa-de-pellets-estanca-nola-8-style\/#breadcrumb"},"inLanguage":"es","potentialAction":[{"@type":"ReadAction","target":["https:\/\/www.invicta.fr\/es\/produit\/estufa-de-pellets-estanca-nola-8-style\/"]}]},{"@type":"ImageObject","inLanguage":"es","@id":"https:\/\/www.invicta.fr\/es\/produit\/estufa-de-pellets-estanca-nola-8-style\/#primaryimage","url":"https:\/\/www.invicta.fr\/wp-content\/uploads\/2025\/05\/C-NOLA_STYLE_ETANCHE8_WiFi_noir.jpg","contentUrl":"https:\/\/www.invicta.fr\/wp-content\/uploads\/2025\/05\/C-NOLA_STYLE_ETANCHE8_WiFi_noir.jpg","width":1008,"height":1680,"caption":"Nola style"},{"@type":"BreadcrumbList","@id":"https:\/\/www.invicta.fr\/es\/produit\/estufa-de-pellets-estanca-nola-8-style\/#breadcrumb","itemListElement":[{"@type":"ListItem","position":1,"name":"Inicio","item":"https:\/\/www.invicta.fr\/es\/"},{"@type":"ListItem","position":2,"name":"Productos","item":"https:\/\/www.invicta.fr\/es\/shop\/"},{"@type":"ListItem","position":3,"name":"Estufas de pellets","item":"https:\/\/www.invicta.fr\/es\/categorie-produit\/estufas-de-pellets-es\/"},{"@type":"ListItem","position":4,"name":"Estufas de pellets estancas","item":"https:\/\/www.invicta.fr\/es\/categorie-produit\/estufas-de-pellets-es\/estufas-de-pellets-estancas\/"},{"@type":"ListItem","position":5,"name":"Estufa de pellets estanca Nola 8 style"}]},{"@type":"WebSite","@id":"https:\/\/www.invicta.fr\/es\/#website","url":"https:\/\/www.invicta.fr\/es\/","name":"Invicta","description":"Fabricant fran\u00e7ais, sp\u00e9cialiste europ\u00e9en du chauffage au bois : po\u00eales \u00e0 bois et \u00e0 granul\u00e9s, chemin\u00e9es, foyers et inserts","publisher":{"@id":"https:\/\/www.invicta.fr\/es\/#organization"},"potentialAction":[{"@type":"SearchAction","target":{"@type":"EntryPoint","urlTemplate":"https:\/\/www.invicta.fr\/es\/?s={search_term_string}"},"query-input":{"@type":"PropertyValueSpecification","valueRequired":true,"valueName":"search_term_string"}}],"inLanguage":"es"},{"@type":"Organization","@id":"https:\/\/www.invicta.fr\/es\/#organization","name":"Invicta","url":"https:\/\/www.invicta.fr\/es\/","logo":{"@type":"ImageObject","inLanguage":"es","@id":"https:\/\/www.invicta.fr\/es\/#\/schema\/logo\/image\/","url":"https:\/\/www.invicta.fr\/wp-content\/uploads\/2019\/06\/INVICTALOGO_RVB.png","contentUrl":"https:\/\/www.invicta.fr\/wp-content\/uploads\/2019\/06\/INVICTALOGO_RVB.png","width":1810,"height":1280,"caption":"Invicta"},"image":{"@id":"https:\/\/www.invicta.fr\/es\/#\/schema\/logo\/image\/"}}]}},"_links":{"self":[{"href":"https:\/\/www.invicta.fr\/es\/wp-json\/wp\/v2\/product\/67325","targetHints":{"allow":["GET"]}}],"collection":[{"href":"https:\/\/www.invicta.fr\/es\/wp-json\/wp\/v2\/product"}],"about":[{"href":"https:\/\/www.invicta.fr\/es\/wp-json\/wp\/v2\/types\/product"}],"wp:featuredmedia":[{"embeddable":true,"href":"https:\/\/www.invicta.fr\/es\/wp-json\/wp\/v2\/media\/67327"}],"wp:attachment":[{"href":"https:\/\/www.invicta.fr\/es\/wp-json\/wp\/v2\/media?parent=67325"}],"wp:term":[{"taxonomy":"product_brand","embeddable":true,"href":"https:\/\/www.invicta.fr\/es\/wp-json\/wp\/v2\/product_brand?post=67325"},{"taxonomy":"product_cat","embeddable":true,"href":"https:\/\/www.invicta.fr\/es\/wp-json\/wp\/v2\/product_cat?post=67325"},{"taxonomy":"product_tag","embeddable":true,"href":"https:\/\/www.invicta.fr\/es\/wp-json\/wp\/v2\/product_tag?post=67325"},{"taxonomy":"plus_produit","embeddable":true,"href":"https:\/\/www.invicta.fr\/es\/wp-json\/wp\/v2\/plus_produit?post=67325"}],"curies":[{"name":"wp","href":"https:\/\/api.w.org\/{rel}","templated":true}]}}