{"id":67340,"date":"2025-05-23T10:54:04","date_gmt":"2025-05-23T08:54:05","guid":{"rendered":"https:\/\/www.invicta.fr\/?post_type=product&#038;p=67340"},"modified":"2026-02-24T13:18:48","modified_gmt":"2026-02-24T12:18:48","slug":"estufa-de-pellets-mira-10-wi-fi-estufa-de-pellets","status":"publish","type":"product","link":"https:\/\/www.invicta.fr\/es\/produit\/estufa-de-pellets-mira-10-wi-fi-estufa-de-pellets\/","title":{"rendered":"Estufa de pellets Mira 10 Wi-Fi &#8211; Estufa de pellets"},"content":{"rendered":"","protected":false},"excerpt":{"rendered":"<p>Se levanta el tel\u00f3n sobre una magn\u00edfica puesta en escena del espect\u00e1culo de las llamas. El Mira 10, protagonista de su calefacci\u00f3n, despierta admiraci\u00f3n gracias a su exclusivo y moderno revestimiento met\u00e1lico negro.<\/p>\n","protected":false},"featured_media":67353,"template":"","meta":{"_acf_changed":false},"product_brand":[],"product_cat":[2293,2321,6505,6451,6448,6614,6456,6450],"product_tag":[7108,2301,2303,2317,6962,6459,7048,6833,6677,6845],"plus_produit":[2294,6841,2309,2312,2296,2633,6447],"class_list":{"1":"product","4":"has-post-thumbnail","6":"product_cat-ayuda-en-la-eleccion","7":"product_cat-estufas-de-pellets","8":"product_cat-estufas-de-pellets-de-10-kw","9":"product_cat-estufas-de-pellet-autonomas","10":"product_cat-estufas-de-pellets-programables","11":"product_cat-diseno-de-estufas-de-pellets","12":"product_cat-estufas-de-pellets-contemporaneas","13":"product_cat-estufas-de-pellets-modernas","14":"product_tag-en16510-es","15":"product_tag-flamme-verte-7","16":"product_tag-eco-design-2022-es","17":"product_tag-ecoetiqueta-a","18":"product_tag-novedad","19":"product_tag-wifi-estandar","20":"product_tag-y-garantia-de-3-anos","21":"product_tag-y-garantie-extension-1an-esp","22":"product_tag-impuesto-de-credito-z-es","23":"product_tag-z-reserve-pros-esp","24":"pa_autonomie-maximum-245-es","25":"pa_capacite-de-la-tremie-165-kg","26":"pa_consommation-067-a-231-kg-hora-es","27":"pa_depart-des-fumees-detras","28":"pa_diametre-de-buse-80-mm-es","29":"pa_indice-de-performance-125-es","30":"pa_modulation-de-puissance-3-a-95-kw-es","31":"pa_puissance-95-kw-es","32":"pa_surface-de-chauffe-35-a-120-m-es","33":"pa_volume-de-chauffe-85-a-300-m-es","34":"plus_produit-control-de-la-potencia-5-o-de-la-temperatura-ambiente","35":"plus_produit-extension-de-garantie-1-an-esp","36":"plus_produit-posibilidad-de-control-por-termostato-externo-no-incluido","37":"plus_produit-programacion-horaria","38":"plus_produit-salida-de-aire-caliente-por-ventilador","39":"plus_produit-stand-by-espera","40":"plus_produit-wi-fi-incorporado","42":"first","43":"instock","44":"product-type-simple"},"acf":[],"yoast_head":"<!-- This site is optimized with the Yoast SEO plugin v24.7 - https:\/\/yoast.com\/wordpress\/plugins\/seo\/ -->\n<title>Estufa de pellets Mira 10 Wi-Fi - Estufa de pellets | INVICTA<\/title>\n<meta name=\"description\" content=\"D\u00e9jate seducir por la Estufa de Pellets Mira 10 Wifi, Estilo Contempor\u00e1neo, Potencia 9,5kW \u2705 3 colores a elegir \u2705 Llama verde 7\u2b50 2 a\u00f1os de garant\u00eda \u2705\" \/>\n<meta name=\"robots\" content=\"index, follow, max-snippet:-1, max-image-preview:large, max-video-preview:-1\" \/>\n<link rel=\"canonical\" href=\"https:\/\/www.invicta.fr\/es\/produit\/estufa-de-pellets-mira-10-wi-fi-estufa-de-pellets\/\" \/>\n<meta property=\"og:locale\" content=\"es_ES\" \/>\n<meta property=\"og:type\" content=\"article\" \/>\n<meta property=\"og:title\" content=\"Estufa de pellets Mira 10 Wi-Fi - Estufa de pellets | INVICTA\" \/>\n<meta property=\"og:description\" content=\"D\u00e9jate seducir por la Estufa de Pellets Mira 10 Wifi, Estilo Contempor\u00e1neo, Potencia 9,5kW \u2705 3 colores a elegir \u2705 Llama verde 7\u2b50 2 a\u00f1os de garant\u00eda \u2705\" \/>\n<meta property=\"og:url\" content=\"https:\/\/www.invicta.fr\/es\/produit\/estufa-de-pellets-mira-10-wi-fi-estufa-de-pellets\/\" \/>\n<meta property=\"og:site_name\" content=\"Invicta\" \/>\n<meta property=\"article:modified_time\" content=\"2026-02-24T12:18:48+00:00\" \/>\n<meta property=\"og:image\" content=\"https:\/\/www.invicta.fr\/wp-content\/uploads\/2025\/05\/C-MIRA10_WiFi_noir.jpg\" \/>\n\t<meta property=\"og:image:width\" content=\"1156\" \/>\n\t<meta property=\"og:image:height\" content=\"1929\" \/>\n\t<meta property=\"og:image:type\" content=\"image\/jpeg\" \/>\n<meta name=\"twitter:card\" content=\"summary_large_image\" \/>\n<script type=\"application\/ld+json\" class=\"yoast-schema-graph\">{\"@context\":\"https:\/\/schema.org\",\"@graph\":[{\"@type\":\"WebPage\",\"@id\":\"https:\/\/www.invicta.fr\/es\/produit\/estufa-de-pellets-mira-10-wi-fi-estufa-de-pellets\/\",\"url\":\"https:\/\/www.invicta.fr\/es\/produit\/estufa-de-pellets-mira-10-wi-fi-estufa-de-pellets\/\",\"name\":\"Estufa de pellets Mira 10 Wi-Fi - Estufa de pellets | INVICTA\",\"isPartOf\":{\"@id\":\"https:\/\/www.invicta.fr\/es\/#website\"},\"primaryImageOfPage\":{\"@id\":\"https:\/\/www.invicta.fr\/es\/produit\/estufa-de-pellets-mira-10-wi-fi-estufa-de-pellets\/#primaryimage\"},\"image\":{\"@id\":\"https:\/\/www.invicta.fr\/es\/produit\/estufa-de-pellets-mira-10-wi-fi-estufa-de-pellets\/#primaryimage\"},\"thumbnailUrl\":\"https:\/\/www.invicta.fr\/wp-content\/uploads\/2025\/05\/C-MIRA10_WiFi_noir.jpg\",\"datePublished\":\"2025-05-23T08:54:05+00:00\",\"dateModified\":\"2026-02-24T12:18:48+00:00\",\"description\":\"D\u00e9jate seducir por la Estufa de Pellets Mira 10 Wifi, Estilo Contempor\u00e1neo, Potencia 9,5kW \u2705 3 colores a elegir \u2705 Llama verde 7\u2b50 2 a\u00f1os de garant\u00eda \u2705\",\"breadcrumb\":{\"@id\":\"https:\/\/www.invicta.fr\/es\/produit\/estufa-de-pellets-mira-10-wi-fi-estufa-de-pellets\/#breadcrumb\"},\"inLanguage\":\"es\",\"potentialAction\":[{\"@type\":\"ReadAction\",\"target\":[\"https:\/\/www.invicta.fr\/es\/produit\/estufa-de-pellets-mira-10-wi-fi-estufa-de-pellets\/\"]}]},{\"@type\":\"ImageObject\",\"inLanguage\":\"es\",\"@id\":\"https:\/\/www.invicta.fr\/es\/produit\/estufa-de-pellets-mira-10-wi-fi-estufa-de-pellets\/#primaryimage\",\"url\":\"https:\/\/www.invicta.fr\/wp-content\/uploads\/2025\/05\/C-MIRA10_WiFi_noir.jpg\",\"contentUrl\":\"https:\/\/www.invicta.fr\/wp-content\/uploads\/2025\/05\/C-MIRA10_WiFi_noir.jpg\",\"width\":1156,\"height\":1929,\"caption\":\"Mira\"},{\"@type\":\"BreadcrumbList\",\"@id\":\"https:\/\/www.invicta.fr\/es\/produit\/estufa-de-pellets-mira-10-wi-fi-estufa-de-pellets\/#breadcrumb\",\"itemListElement\":[{\"@type\":\"ListItem\",\"position\":1,\"name\":\"Inicio\",\"item\":\"https:\/\/www.invicta.fr\/es\/\"},{\"@type\":\"ListItem\",\"position\":2,\"name\":\"Productos\",\"item\":\"https:\/\/www.invicta.fr\/es\/shop\/\"},{\"@type\":\"ListItem\",\"position\":3,\"name\":\"Estufas de pellets\",\"item\":\"https:\/\/www.invicta.fr\/es\/categorie-produit\/estufas-de-pellets-es\/\"},{\"@type\":\"ListItem\",\"position\":4,\"name\":\"Estufas de pellets\",\"item\":\"https:\/\/www.invicta.fr\/es\/categorie-produit\/estufas-de-pellets-es\/estufas-de-pellets\/\"},{\"@type\":\"ListItem\",\"position\":5,\"name\":\"Estufa de pellets Mira 10 Wi-Fi &#8211; Estufa de pellets\"}]},{\"@type\":\"WebSite\",\"@id\":\"https:\/\/www.invicta.fr\/es\/#website\",\"url\":\"https:\/\/www.invicta.fr\/es\/\",\"name\":\"Invicta\",\"description\":\"Fabricant fran\u00e7ais, sp\u00e9cialiste europ\u00e9en du chauffage au bois : po\u00eales \u00e0 bois et \u00e0 granul\u00e9s, chemin\u00e9es, foyers et inserts\",\"publisher\":{\"@id\":\"https:\/\/www.invicta.fr\/es\/#organization\"},\"potentialAction\":[{\"@type\":\"SearchAction\",\"target\":{\"@type\":\"EntryPoint\",\"urlTemplate\":\"https:\/\/www.invicta.fr\/es\/?s={search_term_string}\"},\"query-input\":{\"@type\":\"PropertyValueSpecification\",\"valueRequired\":true,\"valueName\":\"search_term_string\"}}],\"inLanguage\":\"es\"},{\"@type\":\"Organization\",\"@id\":\"https:\/\/www.invicta.fr\/es\/#organization\",\"name\":\"Invicta\",\"url\":\"https:\/\/www.invicta.fr\/es\/\",\"logo\":{\"@type\":\"ImageObject\",\"inLanguage\":\"es\",\"@id\":\"https:\/\/www.invicta.fr\/es\/#\/schema\/logo\/image\/\",\"url\":\"https:\/\/www.invicta.fr\/wp-content\/uploads\/2019\/06\/INVICTALOGO_RVB.png\",\"contentUrl\":\"https:\/\/www.invicta.fr\/wp-content\/uploads\/2019\/06\/INVICTALOGO_RVB.png\",\"width\":1810,\"height\":1280,\"caption\":\"Invicta\"},\"image\":{\"@id\":\"https:\/\/www.invicta.fr\/es\/#\/schema\/logo\/image\/\"}}]}<\/script>\n<!-- \/ Yoast SEO plugin. -->","yoast_head_json":{"title":"Estufa de pellets Mira 10 Wi-Fi - Estufa de pellets | INVICTA","description":"D\u00e9jate seducir por la Estufa de Pellets Mira 10 Wifi, Estilo Contempor\u00e1neo, Potencia 9,5kW \u2705 3 colores a elegir \u2705 Llama verde 7\u2b50 2 a\u00f1os de garant\u00eda \u2705","robots":{"index":"index","follow":"follow","max-snippet":"max-snippet:-1","max-image-preview":"max-image-preview:large","max-video-preview":"max-video-preview:-1"},"canonical":"https:\/\/www.invicta.fr\/es\/produit\/estufa-de-pellets-mira-10-wi-fi-estufa-de-pellets\/","og_locale":"es_ES","og_type":"article","og_title":"Estufa de pellets Mira 10 Wi-Fi - Estufa de pellets | INVICTA","og_description":"D\u00e9jate seducir por la Estufa de Pellets Mira 10 Wifi, Estilo Contempor\u00e1neo, Potencia 9,5kW \u2705 3 colores a elegir \u2705 Llama verde 7\u2b50 2 a\u00f1os de garant\u00eda \u2705","og_url":"https:\/\/www.invicta.fr\/es\/produit\/estufa-de-pellets-mira-10-wi-fi-estufa-de-pellets\/","og_site_name":"Invicta","article_modified_time":"2026-02-24T12:18:48+00:00","og_image":[{"width":1156,"height":1929,"url":"https:\/\/www.invicta.fr\/wp-content\/uploads\/2025\/05\/C-MIRA10_WiFi_noir.jpg","type":"image\/jpeg"}],"twitter_card":"summary_large_image","schema":{"@context":"https:\/\/schema.org","@graph":[{"@type":"WebPage","@id":"https:\/\/www.invicta.fr\/es\/produit\/estufa-de-pellets-mira-10-wi-fi-estufa-de-pellets\/","url":"https:\/\/www.invicta.fr\/es\/produit\/estufa-de-pellets-mira-10-wi-fi-estufa-de-pellets\/","name":"Estufa de pellets Mira 10 Wi-Fi - Estufa de pellets | INVICTA","isPartOf":{"@id":"https:\/\/www.invicta.fr\/es\/#website"},"primaryImageOfPage":{"@id":"https:\/\/www.invicta.fr\/es\/produit\/estufa-de-pellets-mira-10-wi-fi-estufa-de-pellets\/#primaryimage"},"image":{"@id":"https:\/\/www.invicta.fr\/es\/produit\/estufa-de-pellets-mira-10-wi-fi-estufa-de-pellets\/#primaryimage"},"thumbnailUrl":"https:\/\/www.invicta.fr\/wp-content\/uploads\/2025\/05\/C-MIRA10_WiFi_noir.jpg","datePublished":"2025-05-23T08:54:05+00:00","dateModified":"2026-02-24T12:18:48+00:00","description":"D\u00e9jate seducir por la Estufa de Pellets Mira 10 Wifi, Estilo Contempor\u00e1neo, Potencia 9,5kW \u2705 3 colores a elegir \u2705 Llama verde 7\u2b50 2 a\u00f1os de garant\u00eda \u2705","breadcrumb":{"@id":"https:\/\/www.invicta.fr\/es\/produit\/estufa-de-pellets-mira-10-wi-fi-estufa-de-pellets\/#breadcrumb"},"inLanguage":"es","potentialAction":[{"@type":"ReadAction","target":["https:\/\/www.invicta.fr\/es\/produit\/estufa-de-pellets-mira-10-wi-fi-estufa-de-pellets\/"]}]},{"@type":"ImageObject","inLanguage":"es","@id":"https:\/\/www.invicta.fr\/es\/produit\/estufa-de-pellets-mira-10-wi-fi-estufa-de-pellets\/#primaryimage","url":"https:\/\/www.invicta.fr\/wp-content\/uploads\/2025\/05\/C-MIRA10_WiFi_noir.jpg","contentUrl":"https:\/\/www.invicta.fr\/wp-content\/uploads\/2025\/05\/C-MIRA10_WiFi_noir.jpg","width":1156,"height":1929,"caption":"Mira"},{"@type":"BreadcrumbList","@id":"https:\/\/www.invicta.fr\/es\/produit\/estufa-de-pellets-mira-10-wi-fi-estufa-de-pellets\/#breadcrumb","itemListElement":[{"@type":"ListItem","position":1,"name":"Inicio","item":"https:\/\/www.invicta.fr\/es\/"},{"@type":"ListItem","position":2,"name":"Productos","item":"https:\/\/www.invicta.fr\/es\/shop\/"},{"@type":"ListItem","position":3,"name":"Estufas de pellets","item":"https:\/\/www.invicta.fr\/es\/categorie-produit\/estufas-de-pellets-es\/"},{"@type":"ListItem","position":4,"name":"Estufas de pellets","item":"https:\/\/www.invicta.fr\/es\/categorie-produit\/estufas-de-pellets-es\/estufas-de-pellets\/"},{"@type":"ListItem","position":5,"name":"Estufa de pellets Mira 10 Wi-Fi &#8211; Estufa de pellets"}]},{"@type":"WebSite","@id":"https:\/\/www.invicta.fr\/es\/#website","url":"https:\/\/www.invicta.fr\/es\/","name":"Invicta","description":"Fabricant fran\u00e7ais, sp\u00e9cialiste europ\u00e9en du chauffage au bois : po\u00eales \u00e0 bois et \u00e0 granul\u00e9s, chemin\u00e9es, foyers et inserts","publisher":{"@id":"https:\/\/www.invicta.fr\/es\/#organization"},"potentialAction":[{"@type":"SearchAction","target":{"@type":"EntryPoint","urlTemplate":"https:\/\/www.invicta.fr\/es\/?s={search_term_string}"},"query-input":{"@type":"PropertyValueSpecification","valueRequired":true,"valueName":"search_term_string"}}],"inLanguage":"es"},{"@type":"Organization","@id":"https:\/\/www.invicta.fr\/es\/#organization","name":"Invicta","url":"https:\/\/www.invicta.fr\/es\/","logo":{"@type":"ImageObject","inLanguage":"es","@id":"https:\/\/www.invicta.fr\/es\/#\/schema\/logo\/image\/","url":"https:\/\/www.invicta.fr\/wp-content\/uploads\/2019\/06\/INVICTALOGO_RVB.png","contentUrl":"https:\/\/www.invicta.fr\/wp-content\/uploads\/2019\/06\/INVICTALOGO_RVB.png","width":1810,"height":1280,"caption":"Invicta"},"image":{"@id":"https:\/\/www.invicta.fr\/es\/#\/schema\/logo\/image\/"}}]}},"_links":{"self":[{"href":"https:\/\/www.invicta.fr\/es\/wp-json\/wp\/v2\/product\/67340","targetHints":{"allow":["GET"]}}],"collection":[{"href":"https:\/\/www.invicta.fr\/es\/wp-json\/wp\/v2\/product"}],"about":[{"href":"https:\/\/www.invicta.fr\/es\/wp-json\/wp\/v2\/types\/product"}],"wp:featuredmedia":[{"embeddable":true,"href":"https:\/\/www.invicta.fr\/es\/wp-json\/wp\/v2\/media\/67353"}],"wp:attachment":[{"href":"https:\/\/www.invicta.fr\/es\/wp-json\/wp\/v2\/media?parent=67340"}],"wp:term":[{"taxonomy":"product_brand","embeddable":true,"href":"https:\/\/www.invicta.fr\/es\/wp-json\/wp\/v2\/product_brand?post=67340"},{"taxonomy":"product_cat","embeddable":true,"href":"https:\/\/www.invicta.fr\/es\/wp-json\/wp\/v2\/product_cat?post=67340"},{"taxonomy":"product_tag","embeddable":true,"href":"https:\/\/www.invicta.fr\/es\/wp-json\/wp\/v2\/product_tag?post=67340"},{"taxonomy":"plus_produit","embeddable":true,"href":"https:\/\/www.invicta.fr\/es\/wp-json\/wp\/v2\/plus_produit?post=67340"}],"curies":[{"name":"wp","href":"https:\/\/api.w.org\/{rel}","templated":true}]}}