{"id":68706,"date":"2025-11-04T11:13:44","date_gmt":"2025-11-04T10:13:45","guid":{"rendered":"https:\/\/www.invicta.fr\/?post_type=product&#038;p=68706"},"modified":"2025-11-04T13:39:22","modified_gmt":"2025-11-04T12:39:22","slug":"estufa-estanca-de-hierro-fundido-elo-m","status":"publish","type":"product","link":"https:\/\/www.invicta.fr\/es\/produit\/estufa-estanca-de-hierro-fundido-elo-m\/","title":{"rendered":"Estufa estanca de hierro fundido Elo M"},"content":{"rendered":"","protected":false},"excerpt":{"rendered":"<p>Sum\u00e9rjase en el extraordinario mundo de la estufa ELO M y disfruta del lado luminoso de su poder energ\u00e9tico. La elegancia de su frontal blanco se mezcla de forma armoniosa con el negro del hierro fundido.<\/p>\n<p>&nbsp;<\/p>\n","protected":false},"featured_media":903,"template":"","meta":{"_acf_changed":false},"product_brand":[],"product_cat":[2293,2604,6274,6279,6149,6145],"product_tag":[7108,2301,2303,2305,2306,2607,2605,2299,2295,7048,7049,6677,6845],"plus_produit":[2287,2601,2265,2597,2284,6838,2263],"class_list":{"1":"product","4":"has-post-thumbnail","6":"product_cat-ayuda-en-la-eleccion","7":"product_cat-estufas-de-lena-estancas","8":"product_cat-estufas-de-lena-de-6kw","9":"product_cat-estufas-de-lena-de-esquina","10":"product_cat-estufas-de-lena-contemporaneas","11":"product_cat-estufas-de-lena-de-diseno","12":"product_tag-en16510-es","13":"product_tag-flamme-verte-7","14":"product_tag-eco-design-2022-es","15":"product_tag-certificacion-ecolabel-a","16":"product_tag-hecho-en-francia","17":"product_tag-conectable-estanco","18":"product_tag-control-de-aire","19":"product_tag-100-hierro-fundido","20":"product_tag-post-combustion-es","21":"product_tag-y-garantia-de-3-anos","22":"product_tag-y-garantie-extension-2ans-por","23":"product_tag-impuesto-de-credito-z-es","24":"product_tag-z-reserve-pros-esp","25":"pa_depart-des-fumees-parte-superior","26":"pa_diametre-de-buse-150-mm-es","27":"pa_indice-de-performance-99-es","28":"pa_puissance-optimale-6-kw-es","29":"pa_surface-de-chauffe-de-30-a-70-m","30":"pa_taux-de-co-012-es","31":"pa_volume-de-chauffe-de-80-a-180-m","32":"plus_produit-aire-secundario-regulable","33":"plus_produit-control-de-aire","34":"plus_produit-vidrio-limpio","35":"plus_produit-dispositivo-resistente-al-agua-compatible-con-rt2012","36":"plus_produit-garantia-de-origen-frances","37":"plus_produit-garantia-extendida-3-anos","38":"plus_produit-sistema-de-post-combustion","40":"first","41":"instock","42":"product-type-variable"},"acf":[],"yoast_head":"<!-- This site is optimized with the Yoast SEO plugin v24.7 - https:\/\/yoast.com\/wordpress\/plugins\/seo\/ -->\n<title>Estufa estanca de hierro fundido Elo M - Invicta<\/title>\n<meta name=\"description\" content=\"Sum\u00e9rjase en el extraordinario mundo de la estufa ELO M y disfruta del lado luminoso de su poder energ\u00e9tico. La elegancia de su frontal blanco se mezcla de forma armoniosa con el negro del hierro fundido.  &nbsp;\" \/>\n<meta name=\"robots\" content=\"index, follow, max-snippet:-1, max-image-preview:large, max-video-preview:-1\" \/>\n<link rel=\"canonical\" href=\"https:\/\/www.invicta.fr\/es\/produit\/estufa-estanca-de-hierro-fundido-elo-m\/\" \/>\n<meta property=\"og:locale\" content=\"es_ES\" \/>\n<meta property=\"og:type\" content=\"article\" \/>\n<meta property=\"og:title\" content=\"Estufa estanca de hierro fundido Elo M - Invicta\" \/>\n<meta property=\"og:description\" content=\"Sum\u00e9rjase en el extraordinario mundo de la estufa ELO M y disfruta del lado luminoso de su poder energ\u00e9tico. La elegancia de su frontal blanco se mezcla de forma armoniosa con el negro del hierro fundido.  &nbsp;\" \/>\n<meta property=\"og:url\" content=\"https:\/\/www.invicta.fr\/es\/produit\/estufa-estanca-de-hierro-fundido-elo-m\/\" \/>\n<meta property=\"og:site_name\" content=\"Invicta\" \/>\n<meta property=\"article:modified_time\" content=\"2025-11-04T12:39:22+00:00\" \/>\n<meta name=\"twitter:card\" content=\"summary_large_image\" \/>\n<script type=\"application\/ld+json\" class=\"yoast-schema-graph\">{\"@context\":\"https:\/\/schema.org\",\"@graph\":[{\"@type\":\"WebPage\",\"@id\":\"https:\/\/www.invicta.fr\/es\/produit\/estufa-estanca-de-hierro-fundido-elo-m\/\",\"url\":\"https:\/\/www.invicta.fr\/es\/produit\/estufa-estanca-de-hierro-fundido-elo-m\/\",\"name\":\"Estufa estanca de hierro fundido Elo M - Invicta\",\"isPartOf\":{\"@id\":\"https:\/\/www.invicta.fr\/es\/#website\"},\"primaryImageOfPage\":{\"@id\":\"https:\/\/www.invicta.fr\/es\/produit\/estufa-estanca-de-hierro-fundido-elo-m\/#primaryimage\"},\"image\":{\"@id\":\"https:\/\/www.invicta.fr\/es\/produit\/estufa-estanca-de-hierro-fundido-elo-m\/#primaryimage\"},\"thumbnailUrl\":\"https:\/\/www.invicta.fr\/wp-content\/uploads\/2019\/07\/elo-m-eclairage_2-e1567778626749.jpg\",\"datePublished\":\"2025-11-04T10:13:45+00:00\",\"dateModified\":\"2025-11-04T12:39:22+00:00\",\"description\":\"Sum\u00e9rjase en el extraordinario mundo de la estufa ELO M y disfruta del lado luminoso de su poder energ\u00e9tico. La elegancia de su frontal blanco se mezcla de forma armoniosa con el negro del hierro fundido. &nbsp;\",\"breadcrumb\":{\"@id\":\"https:\/\/www.invicta.fr\/es\/produit\/estufa-estanca-de-hierro-fundido-elo-m\/#breadcrumb\"},\"inLanguage\":\"es\",\"potentialAction\":[{\"@type\":\"ReadAction\",\"target\":[\"https:\/\/www.invicta.fr\/es\/produit\/estufa-estanca-de-hierro-fundido-elo-m\/\"]}]},{\"@type\":\"ImageObject\",\"inLanguage\":\"es\",\"@id\":\"https:\/\/www.invicta.fr\/es\/produit\/estufa-estanca-de-hierro-fundido-elo-m\/#primaryimage\",\"url\":\"https:\/\/www.invicta.fr\/wp-content\/uploads\/2019\/07\/elo-m-eclairage_2-e1567778626749.jpg\",\"contentUrl\":\"https:\/\/www.invicta.fr\/wp-content\/uploads\/2019\/07\/elo-m-eclairage_2-e1567778626749.jpg\",\"width\":696,\"height\":1080,\"caption\":\"Po\u00eale \u00e0 bois fonte - Invicta - Elo M - 5 kW\"},{\"@type\":\"BreadcrumbList\",\"@id\":\"https:\/\/www.invicta.fr\/es\/produit\/estufa-estanca-de-hierro-fundido-elo-m\/#breadcrumb\",\"itemListElement\":[{\"@type\":\"ListItem\",\"position\":1,\"name\":\"Inicio\",\"item\":\"https:\/\/www.invicta.fr\/es\/\"},{\"@type\":\"ListItem\",\"position\":2,\"name\":\"Productos\",\"item\":\"https:\/\/www.invicta.fr\/es\/shop\/\"},{\"@type\":\"ListItem\",\"position\":3,\"name\":\"Estufas de le\u00f1a\",\"item\":\"https:\/\/www.invicta.fr\/es\/categorie-produit\/estufas-de-lena\/\"},{\"@type\":\"ListItem\",\"position\":4,\"name\":\"Estufas de le\u00f1a estancas\",\"item\":\"https:\/\/www.invicta.fr\/es\/categorie-produit\/estufas-de-lena\/estufas-de-lena-estancas\/\"},{\"@type\":\"ListItem\",\"position\":5,\"name\":\"Estufa estanca de hierro fundido Elo M\"}]},{\"@type\":\"WebSite\",\"@id\":\"https:\/\/www.invicta.fr\/es\/#website\",\"url\":\"https:\/\/www.invicta.fr\/es\/\",\"name\":\"Invicta\",\"description\":\"Fabricant fran\u00e7ais, sp\u00e9cialiste europ\u00e9en du chauffage au bois : po\u00eales \u00e0 bois et \u00e0 granul\u00e9s, chemin\u00e9es, foyers et inserts\",\"publisher\":{\"@id\":\"https:\/\/www.invicta.fr\/es\/#organization\"},\"potentialAction\":[{\"@type\":\"SearchAction\",\"target\":{\"@type\":\"EntryPoint\",\"urlTemplate\":\"https:\/\/www.invicta.fr\/es\/?s={search_term_string}\"},\"query-input\":{\"@type\":\"PropertyValueSpecification\",\"valueRequired\":true,\"valueName\":\"search_term_string\"}}],\"inLanguage\":\"es\"},{\"@type\":\"Organization\",\"@id\":\"https:\/\/www.invicta.fr\/es\/#organization\",\"name\":\"Invicta\",\"url\":\"https:\/\/www.invicta.fr\/es\/\",\"logo\":{\"@type\":\"ImageObject\",\"inLanguage\":\"es\",\"@id\":\"https:\/\/www.invicta.fr\/es\/#\/schema\/logo\/image\/\",\"url\":\"https:\/\/www.invicta.fr\/wp-content\/uploads\/2019\/06\/INVICTALOGO_RVB.png\",\"contentUrl\":\"https:\/\/www.invicta.fr\/wp-content\/uploads\/2019\/06\/INVICTALOGO_RVB.png\",\"width\":1810,\"height\":1280,\"caption\":\"Invicta\"},\"image\":{\"@id\":\"https:\/\/www.invicta.fr\/es\/#\/schema\/logo\/image\/\"}}]}<\/script>\n<!-- \/ Yoast SEO plugin. -->","yoast_head_json":{"title":"Estufa estanca de hierro fundido Elo M - Invicta","description":"Sum\u00e9rjase en el extraordinario mundo de la estufa ELO M y disfruta del lado luminoso de su poder energ\u00e9tico. La elegancia de su frontal blanco se mezcla de forma armoniosa con el negro del hierro fundido.  &nbsp;","robots":{"index":"index","follow":"follow","max-snippet":"max-snippet:-1","max-image-preview":"max-image-preview:large","max-video-preview":"max-video-preview:-1"},"canonical":"https:\/\/www.invicta.fr\/es\/produit\/estufa-estanca-de-hierro-fundido-elo-m\/","og_locale":"es_ES","og_type":"article","og_title":"Estufa estanca de hierro fundido Elo M - Invicta","og_description":"Sum\u00e9rjase en el extraordinario mundo de la estufa ELO M y disfruta del lado luminoso de su poder energ\u00e9tico. La elegancia de su frontal blanco se mezcla de forma armoniosa con el negro del hierro fundido.  &nbsp;","og_url":"https:\/\/www.invicta.fr\/es\/produit\/estufa-estanca-de-hierro-fundido-elo-m\/","og_site_name":"Invicta","article_modified_time":"2025-11-04T12:39:22+00:00","twitter_card":"summary_large_image","schema":{"@context":"https:\/\/schema.org","@graph":[{"@type":"WebPage","@id":"https:\/\/www.invicta.fr\/es\/produit\/estufa-estanca-de-hierro-fundido-elo-m\/","url":"https:\/\/www.invicta.fr\/es\/produit\/estufa-estanca-de-hierro-fundido-elo-m\/","name":"Estufa estanca de hierro fundido Elo M - Invicta","isPartOf":{"@id":"https:\/\/www.invicta.fr\/es\/#website"},"primaryImageOfPage":{"@id":"https:\/\/www.invicta.fr\/es\/produit\/estufa-estanca-de-hierro-fundido-elo-m\/#primaryimage"},"image":{"@id":"https:\/\/www.invicta.fr\/es\/produit\/estufa-estanca-de-hierro-fundido-elo-m\/#primaryimage"},"thumbnailUrl":"https:\/\/www.invicta.fr\/wp-content\/uploads\/2019\/07\/elo-m-eclairage_2-e1567778626749.jpg","datePublished":"2025-11-04T10:13:45+00:00","dateModified":"2025-11-04T12:39:22+00:00","description":"Sum\u00e9rjase en el extraordinario mundo de la estufa ELO M y disfruta del lado luminoso de su poder energ\u00e9tico. La elegancia de su frontal blanco se mezcla de forma armoniosa con el negro del hierro fundido. &nbsp;","breadcrumb":{"@id":"https:\/\/www.invicta.fr\/es\/produit\/estufa-estanca-de-hierro-fundido-elo-m\/#breadcrumb"},"inLanguage":"es","potentialAction":[{"@type":"ReadAction","target":["https:\/\/www.invicta.fr\/es\/produit\/estufa-estanca-de-hierro-fundido-elo-m\/"]}]},{"@type":"ImageObject","inLanguage":"es","@id":"https:\/\/www.invicta.fr\/es\/produit\/estufa-estanca-de-hierro-fundido-elo-m\/#primaryimage","url":"https:\/\/www.invicta.fr\/wp-content\/uploads\/2019\/07\/elo-m-eclairage_2-e1567778626749.jpg","contentUrl":"https:\/\/www.invicta.fr\/wp-content\/uploads\/2019\/07\/elo-m-eclairage_2-e1567778626749.jpg","width":696,"height":1080,"caption":"Po\u00eale \u00e0 bois fonte - Invicta - Elo M - 5 kW"},{"@type":"BreadcrumbList","@id":"https:\/\/www.invicta.fr\/es\/produit\/estufa-estanca-de-hierro-fundido-elo-m\/#breadcrumb","itemListElement":[{"@type":"ListItem","position":1,"name":"Inicio","item":"https:\/\/www.invicta.fr\/es\/"},{"@type":"ListItem","position":2,"name":"Productos","item":"https:\/\/www.invicta.fr\/es\/shop\/"},{"@type":"ListItem","position":3,"name":"Estufas de le\u00f1a","item":"https:\/\/www.invicta.fr\/es\/categorie-produit\/estufas-de-lena\/"},{"@type":"ListItem","position":4,"name":"Estufas de le\u00f1a estancas","item":"https:\/\/www.invicta.fr\/es\/categorie-produit\/estufas-de-lena\/estufas-de-lena-estancas\/"},{"@type":"ListItem","position":5,"name":"Estufa estanca de hierro fundido Elo M"}]},{"@type":"WebSite","@id":"https:\/\/www.invicta.fr\/es\/#website","url":"https:\/\/www.invicta.fr\/es\/","name":"Invicta","description":"Fabricant fran\u00e7ais, sp\u00e9cialiste europ\u00e9en du chauffage au bois : po\u00eales \u00e0 bois et \u00e0 granul\u00e9s, chemin\u00e9es, foyers et inserts","publisher":{"@id":"https:\/\/www.invicta.fr\/es\/#organization"},"potentialAction":[{"@type":"SearchAction","target":{"@type":"EntryPoint","urlTemplate":"https:\/\/www.invicta.fr\/es\/?s={search_term_string}"},"query-input":{"@type":"PropertyValueSpecification","valueRequired":true,"valueName":"search_term_string"}}],"inLanguage":"es"},{"@type":"Organization","@id":"https:\/\/www.invicta.fr\/es\/#organization","name":"Invicta","url":"https:\/\/www.invicta.fr\/es\/","logo":{"@type":"ImageObject","inLanguage":"es","@id":"https:\/\/www.invicta.fr\/es\/#\/schema\/logo\/image\/","url":"https:\/\/www.invicta.fr\/wp-content\/uploads\/2019\/06\/INVICTALOGO_RVB.png","contentUrl":"https:\/\/www.invicta.fr\/wp-content\/uploads\/2019\/06\/INVICTALOGO_RVB.png","width":1810,"height":1280,"caption":"Invicta"},"image":{"@id":"https:\/\/www.invicta.fr\/es\/#\/schema\/logo\/image\/"}}]}},"_links":{"self":[{"href":"https:\/\/www.invicta.fr\/es\/wp-json\/wp\/v2\/product\/68706","targetHints":{"allow":["GET"]}}],"collection":[{"href":"https:\/\/www.invicta.fr\/es\/wp-json\/wp\/v2\/product"}],"about":[{"href":"https:\/\/www.invicta.fr\/es\/wp-json\/wp\/v2\/types\/product"}],"wp:featuredmedia":[{"embeddable":true,"href":"https:\/\/www.invicta.fr\/es\/wp-json\/wp\/v2\/media\/903"}],"wp:attachment":[{"href":"https:\/\/www.invicta.fr\/es\/wp-json\/wp\/v2\/media?parent=68706"}],"wp:term":[{"taxonomy":"product_brand","embeddable":true,"href":"https:\/\/www.invicta.fr\/es\/wp-json\/wp\/v2\/product_brand?post=68706"},{"taxonomy":"product_cat","embeddable":true,"href":"https:\/\/www.invicta.fr\/es\/wp-json\/wp\/v2\/product_cat?post=68706"},{"taxonomy":"product_tag","embeddable":true,"href":"https:\/\/www.invicta.fr\/es\/wp-json\/wp\/v2\/product_tag?post=68706"},{"taxonomy":"plus_produit","embeddable":true,"href":"https:\/\/www.invicta.fr\/es\/wp-json\/wp\/v2\/plus_produit?post=68706"}],"curies":[{"name":"wp","href":"https:\/\/api.w.org\/{rel}","templated":true}]}}