{"id":69015,"date":"2025-11-05T16:29:43","date_gmt":"2025-11-05T15:29:44","guid":{"rendered":"https:\/\/www.invicta.fr\/?post_type=product&#038;p=69015"},"modified":"2025-12-12T11:04:07","modified_gmt":"2025-12-12T10:04:07","slug":"estufa-de-lena-de-hierro-fundido-wilson-connectable-2","status":"publish","type":"product","link":"https:\/\/www.invicta.fr\/es\/produit\/estufa-de-lena-de-hierro-fundido-wilson-connectable-2\/","title":{"rendered":"Estufa de le\u00f1a de hierro fundido Wilson connectable"},"content":{"rendered":"","protected":false},"excerpt":{"rendered":"<p>Reduzca su factura de calefacci\u00f3n con la estufa de le\u00f1a Wilson de alta eficiencia. Adem\u00e1s de calentarte de manera eficiente, esta versi\u00f3n con su dise\u00f1o elegante, modernizar\u00e1 tu interior. Entregado con 50 cm de tubo.<\/p>\n","protected":false},"featured_media":56560,"template":"","meta":{"_acf_changed":false},"product_brand":[],"product_cat":[2293,2470,6150,6233,6149,6151,6146,6505],"product_tag":[7108,2301,2303,2305,2299,2295,2843,7048,7049,6677],"plus_produit":[2287,2840,2265,2284,6838,2819,2263],"class_list":{"1":"product","4":"has-post-thumbnail","6":"product_cat-ayuda-en-la-eleccion","7":"product_cat-estufa-de-lena-de-hierro-fundido-y-acero","8":"product_cat-estufas-de-lena-troncos-50-cm","9":"product_cat-estufas-de-lena-de-9-kw","10":"product_cat-estufas-de-lena-contemporaneas","11":"product_cat-estufas-de-lena-industriales","12":"product_cat-estufas-de-lena-modernas","13":"product_cat-estufas-de-pellets-de-10-kw","14":"product_tag-en16510-es","15":"product_tag-flamme-verte-7","16":"product_tag-eco-design-2022-es","17":"product_tag-certificacion-ecolabel-a","18":"product_tag-100-hierro-fundido","19":"product_tag-post-combustion-es","20":"product_tag-conectable","21":"product_tag-y-garantia-de-3-anos","22":"product_tag-y-garantie-extension-2ans-por","23":"product_tag-impuesto-de-credito-z-es","24":"pa_depart-des-fumees-parte-superior","25":"pa_diametre-de-buse-150-mm-es","26":"pa_indice-de-performance-100-es","27":"pa_puissance-optimale-9-kw-es","28":"pa_surface-de-chauffe-50-a-110-m-es","29":"pa_taux-de-co-012-es","30":"pa_volume-de-chauffe-125-a-275-m-es","31":"plus_produit-aire-secundario-regulable","32":"plus_produit-conectable","33":"plus_produit-vidrio-limpio","34":"plus_produit-garantia-de-origen-frances","35":"plus_produit-garantia-extendida-3-anos","36":"plus_produit-revestimiento-de-vermiculita","37":"plus_produit-sistema-de-post-combustion","39":"first","40":"instock","41":"purchasable","42":"product-type-simple"},"acf":[],"yoast_head":"<!-- This site is optimized with the Yoast SEO plugin v24.7 - https:\/\/yoast.com\/wordpress\/plugins\/seo\/ -->\n<title>Estufa de le\u00f1a de hierro fundido Wilson connectable | INVICTA<\/title>\n<meta name=\"description\" content=\"Descubre la estufa de le\u00f1a Wilson, 100% Hierro fundido, potencia 9kW\u2705 EcoLabel A \u2705 Origen Francia \u2705 Flamme verte 7\u2b50 Garantia 5 a\u00f1os\" \/>\n<meta name=\"robots\" content=\"index, follow, max-snippet:-1, max-image-preview:large, max-video-preview:-1\" \/>\n<link rel=\"canonical\" href=\"https:\/\/www.invicta.fr\/es\/produit\/estufa-de-lena-de-hierro-fundido-wilson-connectable-2\/\" \/>\n<meta property=\"og:locale\" content=\"es_ES\" \/>\n<meta property=\"og:type\" content=\"article\" \/>\n<meta property=\"og:title\" content=\"Estufa de le\u00f1a de hierro fundido Wilson connectable | INVICTA\" \/>\n<meta property=\"og:description\" content=\"Descubre la estufa de le\u00f1a Wilson, 100% Hierro fundido, potencia 9kW\u2705 EcoLabel A \u2705 Origen Francia \u2705 Flamme verte 7\u2b50 Garantia 5 a\u00f1os\" \/>\n<meta property=\"og:url\" content=\"https:\/\/www.invicta.fr\/es\/produit\/estufa-de-lena-de-hierro-fundido-wilson-connectable-2\/\" \/>\n<meta property=\"og:site_name\" content=\"Invicta\" \/>\n<meta property=\"article:modified_time\" content=\"2025-12-12T10:04:07+00:00\" \/>\n<meta property=\"og:image\" content=\"https:\/\/www.invicta.fr\/wp-content\/uploads\/2023\/07\/C-P648204-WILSON-POSER-WEB-2.jpg\" \/>\n\t<meta property=\"og:image:width\" content=\"939\" \/>\n\t<meta property=\"og:image:height\" content=\"800\" \/>\n\t<meta property=\"og:image:type\" content=\"image\/jpeg\" \/>\n<meta name=\"twitter:card\" content=\"summary_large_image\" \/>\n<script type=\"application\/ld+json\" class=\"yoast-schema-graph\">{\"@context\":\"https:\/\/schema.org\",\"@graph\":[{\"@type\":\"WebPage\",\"@id\":\"https:\/\/www.invicta.fr\/es\/produit\/estufa-de-lena-de-hierro-fundido-wilson-connectable-2\/\",\"url\":\"https:\/\/www.invicta.fr\/es\/produit\/estufa-de-lena-de-hierro-fundido-wilson-connectable-2\/\",\"name\":\"Estufa de le\u00f1a de hierro fundido Wilson connectable | INVICTA\",\"isPartOf\":{\"@id\":\"https:\/\/www.invicta.fr\/es\/#website\"},\"primaryImageOfPage\":{\"@id\":\"https:\/\/www.invicta.fr\/es\/produit\/estufa-de-lena-de-hierro-fundido-wilson-connectable-2\/#primaryimage\"},\"image\":{\"@id\":\"https:\/\/www.invicta.fr\/es\/produit\/estufa-de-lena-de-hierro-fundido-wilson-connectable-2\/#primaryimage\"},\"thumbnailUrl\":\"https:\/\/www.invicta.fr\/wp-content\/uploads\/2023\/07\/C-P648204-WILSON-POSER-WEB-2.jpg\",\"datePublished\":\"2025-11-05T15:29:44+00:00\",\"dateModified\":\"2025-12-12T10:04:07+00:00\",\"description\":\"Descubre la estufa de le\u00f1a Wilson, 100% Hierro fundido, potencia 9kW\u2705 EcoLabel A \u2705 Origen Francia \u2705 Flamme verte 7\u2b50 Garantia 5 a\u00f1os\",\"breadcrumb\":{\"@id\":\"https:\/\/www.invicta.fr\/es\/produit\/estufa-de-lena-de-hierro-fundido-wilson-connectable-2\/#breadcrumb\"},\"inLanguage\":\"es\",\"potentialAction\":[{\"@type\":\"ReadAction\",\"target\":[\"https:\/\/www.invicta.fr\/es\/produit\/estufa-de-lena-de-hierro-fundido-wilson-connectable-2\/\"]}]},{\"@type\":\"ImageObject\",\"inLanguage\":\"es\",\"@id\":\"https:\/\/www.invicta.fr\/es\/produit\/estufa-de-lena-de-hierro-fundido-wilson-connectable-2\/#primaryimage\",\"url\":\"https:\/\/www.invicta.fr\/wp-content\/uploads\/2023\/07\/C-P648204-WILSON-POSER-WEB-2.jpg\",\"contentUrl\":\"https:\/\/www.invicta.fr\/wp-content\/uploads\/2023\/07\/C-P648204-WILSON-POSER-WEB-2.jpg\",\"width\":939,\"height\":800},{\"@type\":\"BreadcrumbList\",\"@id\":\"https:\/\/www.invicta.fr\/es\/produit\/estufa-de-lena-de-hierro-fundido-wilson-connectable-2\/#breadcrumb\",\"itemListElement\":[{\"@type\":\"ListItem\",\"position\":1,\"name\":\"Inicio\",\"item\":\"https:\/\/www.invicta.fr\/es\/\"},{\"@type\":\"ListItem\",\"position\":2,\"name\":\"Productos\",\"item\":\"https:\/\/www.invicta.fr\/es\/shop\/\"},{\"@type\":\"ListItem\",\"position\":3,\"name\":\"Estufas de le\u00f1a\",\"item\":\"https:\/\/www.invicta.fr\/es\/categorie-produit\/estufas-de-lena\/\"},{\"@type\":\"ListItem\",\"position\":4,\"name\":\"Estufas de le\u00f1a de hierro fundido y acero\",\"item\":\"https:\/\/www.invicta.fr\/es\/categorie-produit\/estufas-de-lena\/estufa-de-lena-de-hierro-fundido-y-acero\/\"},{\"@type\":\"ListItem\",\"position\":5,\"name\":\"Estufa de le\u00f1a de hierro fundido Wilson connectable\"}]},{\"@type\":\"WebSite\",\"@id\":\"https:\/\/www.invicta.fr\/es\/#website\",\"url\":\"https:\/\/www.invicta.fr\/es\/\",\"name\":\"Invicta\",\"description\":\"Fabricant fran\u00e7ais, sp\u00e9cialiste europ\u00e9en du chauffage au bois : po\u00eales \u00e0 bois et \u00e0 granul\u00e9s, chemin\u00e9es, foyers et inserts\",\"publisher\":{\"@id\":\"https:\/\/www.invicta.fr\/es\/#organization\"},\"potentialAction\":[{\"@type\":\"SearchAction\",\"target\":{\"@type\":\"EntryPoint\",\"urlTemplate\":\"https:\/\/www.invicta.fr\/es\/?s={search_term_string}\"},\"query-input\":{\"@type\":\"PropertyValueSpecification\",\"valueRequired\":true,\"valueName\":\"search_term_string\"}}],\"inLanguage\":\"es\"},{\"@type\":\"Organization\",\"@id\":\"https:\/\/www.invicta.fr\/es\/#organization\",\"name\":\"Invicta\",\"url\":\"https:\/\/www.invicta.fr\/es\/\",\"logo\":{\"@type\":\"ImageObject\",\"inLanguage\":\"es\",\"@id\":\"https:\/\/www.invicta.fr\/es\/#\/schema\/logo\/image\/\",\"url\":\"https:\/\/www.invicta.fr\/wp-content\/uploads\/2019\/06\/INVICTALOGO_RVB.png\",\"contentUrl\":\"https:\/\/www.invicta.fr\/wp-content\/uploads\/2019\/06\/INVICTALOGO_RVB.png\",\"width\":1810,\"height\":1280,\"caption\":\"Invicta\"},\"image\":{\"@id\":\"https:\/\/www.invicta.fr\/es\/#\/schema\/logo\/image\/\"}}]}<\/script>\n<!-- \/ Yoast SEO plugin. -->","yoast_head_json":{"title":"Estufa de le\u00f1a de hierro fundido Wilson connectable | INVICTA","description":"Descubre la estufa de le\u00f1a Wilson, 100% Hierro fundido, potencia 9kW\u2705 EcoLabel A \u2705 Origen Francia \u2705 Flamme verte 7\u2b50 Garantia 5 a\u00f1os","robots":{"index":"index","follow":"follow","max-snippet":"max-snippet:-1","max-image-preview":"max-image-preview:large","max-video-preview":"max-video-preview:-1"},"canonical":"https:\/\/www.invicta.fr\/es\/produit\/estufa-de-lena-de-hierro-fundido-wilson-connectable-2\/","og_locale":"es_ES","og_type":"article","og_title":"Estufa de le\u00f1a de hierro fundido Wilson connectable | INVICTA","og_description":"Descubre la estufa de le\u00f1a Wilson, 100% Hierro fundido, potencia 9kW\u2705 EcoLabel A \u2705 Origen Francia \u2705 Flamme verte 7\u2b50 Garantia 5 a\u00f1os","og_url":"https:\/\/www.invicta.fr\/es\/produit\/estufa-de-lena-de-hierro-fundido-wilson-connectable-2\/","og_site_name":"Invicta","article_modified_time":"2025-12-12T10:04:07+00:00","og_image":[{"width":939,"height":800,"url":"https:\/\/www.invicta.fr\/wp-content\/uploads\/2023\/07\/C-P648204-WILSON-POSER-WEB-2.jpg","type":"image\/jpeg"}],"twitter_card":"summary_large_image","schema":{"@context":"https:\/\/schema.org","@graph":[{"@type":"WebPage","@id":"https:\/\/www.invicta.fr\/es\/produit\/estufa-de-lena-de-hierro-fundido-wilson-connectable-2\/","url":"https:\/\/www.invicta.fr\/es\/produit\/estufa-de-lena-de-hierro-fundido-wilson-connectable-2\/","name":"Estufa de le\u00f1a de hierro fundido Wilson connectable | INVICTA","isPartOf":{"@id":"https:\/\/www.invicta.fr\/es\/#website"},"primaryImageOfPage":{"@id":"https:\/\/www.invicta.fr\/es\/produit\/estufa-de-lena-de-hierro-fundido-wilson-connectable-2\/#primaryimage"},"image":{"@id":"https:\/\/www.invicta.fr\/es\/produit\/estufa-de-lena-de-hierro-fundido-wilson-connectable-2\/#primaryimage"},"thumbnailUrl":"https:\/\/www.invicta.fr\/wp-content\/uploads\/2023\/07\/C-P648204-WILSON-POSER-WEB-2.jpg","datePublished":"2025-11-05T15:29:44+00:00","dateModified":"2025-12-12T10:04:07+00:00","description":"Descubre la estufa de le\u00f1a Wilson, 100% Hierro fundido, potencia 9kW\u2705 EcoLabel A \u2705 Origen Francia \u2705 Flamme verte 7\u2b50 Garantia 5 a\u00f1os","breadcrumb":{"@id":"https:\/\/www.invicta.fr\/es\/produit\/estufa-de-lena-de-hierro-fundido-wilson-connectable-2\/#breadcrumb"},"inLanguage":"es","potentialAction":[{"@type":"ReadAction","target":["https:\/\/www.invicta.fr\/es\/produit\/estufa-de-lena-de-hierro-fundido-wilson-connectable-2\/"]}]},{"@type":"ImageObject","inLanguage":"es","@id":"https:\/\/www.invicta.fr\/es\/produit\/estufa-de-lena-de-hierro-fundido-wilson-connectable-2\/#primaryimage","url":"https:\/\/www.invicta.fr\/wp-content\/uploads\/2023\/07\/C-P648204-WILSON-POSER-WEB-2.jpg","contentUrl":"https:\/\/www.invicta.fr\/wp-content\/uploads\/2023\/07\/C-P648204-WILSON-POSER-WEB-2.jpg","width":939,"height":800},{"@type":"BreadcrumbList","@id":"https:\/\/www.invicta.fr\/es\/produit\/estufa-de-lena-de-hierro-fundido-wilson-connectable-2\/#breadcrumb","itemListElement":[{"@type":"ListItem","position":1,"name":"Inicio","item":"https:\/\/www.invicta.fr\/es\/"},{"@type":"ListItem","position":2,"name":"Productos","item":"https:\/\/www.invicta.fr\/es\/shop\/"},{"@type":"ListItem","position":3,"name":"Estufas de le\u00f1a","item":"https:\/\/www.invicta.fr\/es\/categorie-produit\/estufas-de-lena\/"},{"@type":"ListItem","position":4,"name":"Estufas de le\u00f1a de hierro fundido y acero","item":"https:\/\/www.invicta.fr\/es\/categorie-produit\/estufas-de-lena\/estufa-de-lena-de-hierro-fundido-y-acero\/"},{"@type":"ListItem","position":5,"name":"Estufa de le\u00f1a de hierro fundido Wilson connectable"}]},{"@type":"WebSite","@id":"https:\/\/www.invicta.fr\/es\/#website","url":"https:\/\/www.invicta.fr\/es\/","name":"Invicta","description":"Fabricant fran\u00e7ais, sp\u00e9cialiste europ\u00e9en du chauffage au bois : po\u00eales \u00e0 bois et \u00e0 granul\u00e9s, chemin\u00e9es, foyers et inserts","publisher":{"@id":"https:\/\/www.invicta.fr\/es\/#organization"},"potentialAction":[{"@type":"SearchAction","target":{"@type":"EntryPoint","urlTemplate":"https:\/\/www.invicta.fr\/es\/?s={search_term_string}"},"query-input":{"@type":"PropertyValueSpecification","valueRequired":true,"valueName":"search_term_string"}}],"inLanguage":"es"},{"@type":"Organization","@id":"https:\/\/www.invicta.fr\/es\/#organization","name":"Invicta","url":"https:\/\/www.invicta.fr\/es\/","logo":{"@type":"ImageObject","inLanguage":"es","@id":"https:\/\/www.invicta.fr\/es\/#\/schema\/logo\/image\/","url":"https:\/\/www.invicta.fr\/wp-content\/uploads\/2019\/06\/INVICTALOGO_RVB.png","contentUrl":"https:\/\/www.invicta.fr\/wp-content\/uploads\/2019\/06\/INVICTALOGO_RVB.png","width":1810,"height":1280,"caption":"Invicta"},"image":{"@id":"https:\/\/www.invicta.fr\/es\/#\/schema\/logo\/image\/"}}]}},"_links":{"self":[{"href":"https:\/\/www.invicta.fr\/es\/wp-json\/wp\/v2\/product\/69015","targetHints":{"allow":["GET"]}}],"collection":[{"href":"https:\/\/www.invicta.fr\/es\/wp-json\/wp\/v2\/product"}],"about":[{"href":"https:\/\/www.invicta.fr\/es\/wp-json\/wp\/v2\/types\/product"}],"wp:featuredmedia":[{"embeddable":true,"href":"https:\/\/www.invicta.fr\/es\/wp-json\/wp\/v2\/media\/56560"}],"wp:attachment":[{"href":"https:\/\/www.invicta.fr\/es\/wp-json\/wp\/v2\/media?parent=69015"}],"wp:term":[{"taxonomy":"product_brand","embeddable":true,"href":"https:\/\/www.invicta.fr\/es\/wp-json\/wp\/v2\/product_brand?post=69015"},{"taxonomy":"product_cat","embeddable":true,"href":"https:\/\/www.invicta.fr\/es\/wp-json\/wp\/v2\/product_cat?post=69015"},{"taxonomy":"product_tag","embeddable":true,"href":"https:\/\/www.invicta.fr\/es\/wp-json\/wp\/v2\/product_tag?post=69015"},{"taxonomy":"plus_produit","embeddable":true,"href":"https:\/\/www.invicta.fr\/es\/wp-json\/wp\/v2\/plus_produit?post=69015"}],"curies":[{"name":"wp","href":"https:\/\/api.w.org\/{rel}","templated":true}]}}