{"id":69454,"date":"2025-11-10T15:25:59","date_gmt":"2025-11-10T14:26:00","guid":{"rendered":"https:\/\/www.invicta.fr\/?post_type=product&#038;p=69454"},"modified":"2025-11-10T15:44:07","modified_gmt":"2025-11-10T14:44:07","slug":"chimenea-700-gran-angulo-aleta-2","status":"publish","type":"product","link":"https:\/\/www.invicta.fr\/es\/produit\/chimenea-700-gran-angulo-aleta-2\/","title":{"rendered":"Chimenea 700 Gran \u00c1ngulo aleta"},"content":{"rendered":"","protected":false},"excerpt":{"rendered":"<p>Esta nueva generaci\u00f3n de chimeneas est\u00e1 a la vanguardia del dise\u00f1o y la eficiencia. Su confort estar\u00e1 asegurado y su disfrute renovado.<\/p>\n","protected":false},"featured_media":63244,"template":"","meta":{"_acf_changed":false},"product_brand":[],"product_cat":[2293,2288],"product_tag":[7108,2301,2303,2305,2306,2299,2295,7048,7049,6677],"plus_produit":[2278,2265,2284,6838,2269,2273,2263],"class_list":{"1":"product","4":"has-post-thumbnail","6":"product_cat-ayuda-en-la-eleccion","7":"product_cat-chimeneas-de-lena","8":"product_tag-en16510-es","9":"product_tag-flamme-verte-7","10":"product_tag-eco-design-2022-es","11":"product_tag-certificacion-ecolabel-a","12":"product_tag-hecho-en-francia","13":"product_tag-100-hierro-fundido","14":"product_tag-post-combustion-es","15":"product_tag-y-garantia-de-3-anos","16":"product_tag-y-garantie-extension-2ans-por","17":"product_tag-impuesto-de-credito-z-es","18":"pa_depart-des-fumees-parte-superior","19":"pa_diametre-de-buse-200-mm-es-2","20":"pa_indice-de-performance-100-es","21":"pa_puissance-95-kw-es","22":"pa_taux-de-co-012-es","23":"plus_produit-combustion-intermitente-y-prolongada-3-horas","24":"plus_produit-vidrio-limpio","25":"plus_produit-garantia-de-origen-frances","26":"plus_produit-garantia-extendida-3-anos","27":"plus_produit-gran-angular-de-vidrio-exterior","28":"plus_produit-registro","29":"plus_produit-sistema-de-post-combustion","31":"first","32":"instock","33":"purchasable","34":"product-type-simple"},"acf":[],"yoast_head":"<!-- This site is optimized with the Yoast SEO plugin v24.7 - https:\/\/yoast.com\/wordpress\/plugins\/seo\/ -->\n<title>Chimenea 700 Gran \u00c1ngulo aleta - Invicta<\/title>\n<meta name=\"description\" content=\"Esta nueva generaci\u00f3n de chimeneas est\u00e1 a la vanguardia del dise\u00f1o y la eficiencia. Su confort estar\u00e1 asegurado y su disfrute renovado.\" \/>\n<meta name=\"robots\" content=\"index, follow, max-snippet:-1, max-image-preview:large, max-video-preview:-1\" \/>\n<link rel=\"canonical\" href=\"https:\/\/www.invicta.fr\/es\/produit\/chimenea-700-gran-angulo-aleta-2\/\" \/>\n<meta property=\"og:locale\" content=\"es_ES\" \/>\n<meta property=\"og:type\" content=\"article\" \/>\n<meta property=\"og:title\" content=\"Chimenea 700 Gran \u00c1ngulo aleta - Invicta\" \/>\n<meta property=\"og:description\" content=\"Esta nueva generaci\u00f3n de chimeneas est\u00e1 a la vanguardia del dise\u00f1o y la eficiencia. Su confort estar\u00e1 asegurado y su disfrute renovado.\" \/>\n<meta property=\"og:url\" content=\"https:\/\/www.invicta.fr\/es\/produit\/chimenea-700-gran-angulo-aleta-2\/\" \/>\n<meta property=\"og:site_name\" content=\"Invicta\" \/>\n<meta property=\"article:modified_time\" content=\"2025-11-10T14:44:07+00:00\" \/>\n<meta name=\"twitter:card\" content=\"summary_large_image\" \/>\n<script type=\"application\/ld+json\" class=\"yoast-schema-graph\">{\"@context\":\"https:\/\/schema.org\",\"@graph\":[{\"@type\":\"WebPage\",\"@id\":\"https:\/\/www.invicta.fr\/es\/produit\/chimenea-700-gran-angulo-aleta-2\/\",\"url\":\"https:\/\/www.invicta.fr\/es\/produit\/chimenea-700-gran-angulo-aleta-2\/\",\"name\":\"Chimenea 700 Gran \u00c1ngulo aleta - Invicta\",\"isPartOf\":{\"@id\":\"https:\/\/www.invicta.fr\/es\/#website\"},\"primaryImageOfPage\":{\"@id\":\"https:\/\/www.invicta.fr\/es\/produit\/chimenea-700-gran-angulo-aleta-2\/#primaryimage\"},\"image\":{\"@id\":\"https:\/\/www.invicta.fr\/es\/produit\/chimenea-700-gran-angulo-aleta-2\/#primaryimage\"},\"thumbnailUrl\":\"https:\/\/www.invicta.fr\/wp-content\/uploads\/2019\/07\/P927073web.jpg\",\"datePublished\":\"2025-11-10T14:26:00+00:00\",\"dateModified\":\"2025-11-10T14:44:07+00:00\",\"description\":\"Esta nueva generaci\u00f3n de chimeneas est\u00e1 a la vanguardia del dise\u00f1o y la eficiencia. Su confort estar\u00e1 asegurado y su disfrute renovado.\",\"breadcrumb\":{\"@id\":\"https:\/\/www.invicta.fr\/es\/produit\/chimenea-700-gran-angulo-aleta-2\/#breadcrumb\"},\"inLanguage\":\"es\",\"potentialAction\":[{\"@type\":\"ReadAction\",\"target\":[\"https:\/\/www.invicta.fr\/es\/produit\/chimenea-700-gran-angulo-aleta-2\/\"]}]},{\"@type\":\"ImageObject\",\"inLanguage\":\"es\",\"@id\":\"https:\/\/www.invicta.fr\/es\/produit\/chimenea-700-gran-angulo-aleta-2\/#primaryimage\",\"url\":\"https:\/\/www.invicta.fr\/wp-content\/uploads\/2019\/07\/P927073web.jpg\",\"contentUrl\":\"https:\/\/www.invicta.fr\/wp-content\/uploads\/2019\/07\/P927073web.jpg\",\"width\":800,\"height\":851,\"caption\":\"Foyer pour chemin\u00e9es 700 grand angle Invicta\"},{\"@type\":\"BreadcrumbList\",\"@id\":\"https:\/\/www.invicta.fr\/es\/produit\/chimenea-700-gran-angulo-aleta-2\/#breadcrumb\",\"itemListElement\":[{\"@type\":\"ListItem\",\"position\":1,\"name\":\"Inicio\",\"item\":\"https:\/\/www.invicta.fr\/es\/\"},{\"@type\":\"ListItem\",\"position\":2,\"name\":\"Productos\",\"item\":\"https:\/\/www.invicta.fr\/es\/shop\/\"},{\"@type\":\"ListItem\",\"position\":3,\"name\":\"Chimeneas e insertos\",\"item\":\"https:\/\/www.invicta.fr\/es\/categorie-produit\/chemineas-insertos\/\"},{\"@type\":\"ListItem\",\"position\":4,\"name\":\"Chimeneas de le\u00f1a\",\"item\":\"https:\/\/www.invicta.fr\/es\/categorie-produit\/chemineas-insertos\/chimeneas-de-lena\/\"},{\"@type\":\"ListItem\",\"position\":5,\"name\":\"Chimenea 700 Gran \u00c1ngulo aleta\"}]},{\"@type\":\"WebSite\",\"@id\":\"https:\/\/www.invicta.fr\/es\/#website\",\"url\":\"https:\/\/www.invicta.fr\/es\/\",\"name\":\"Invicta\",\"description\":\"Fabricant fran\u00e7ais, sp\u00e9cialiste europ\u00e9en du chauffage au bois : po\u00eales \u00e0 bois et \u00e0 granul\u00e9s, chemin\u00e9es, foyers et inserts\",\"publisher\":{\"@id\":\"https:\/\/www.invicta.fr\/es\/#organization\"},\"potentialAction\":[{\"@type\":\"SearchAction\",\"target\":{\"@type\":\"EntryPoint\",\"urlTemplate\":\"https:\/\/www.invicta.fr\/es\/?s={search_term_string}\"},\"query-input\":{\"@type\":\"PropertyValueSpecification\",\"valueRequired\":true,\"valueName\":\"search_term_string\"}}],\"inLanguage\":\"es\"},{\"@type\":\"Organization\",\"@id\":\"https:\/\/www.invicta.fr\/es\/#organization\",\"name\":\"Invicta\",\"url\":\"https:\/\/www.invicta.fr\/es\/\",\"logo\":{\"@type\":\"ImageObject\",\"inLanguage\":\"es\",\"@id\":\"https:\/\/www.invicta.fr\/es\/#\/schema\/logo\/image\/\",\"url\":\"https:\/\/www.invicta.fr\/wp-content\/uploads\/2019\/06\/INVICTALOGO_RVB.png\",\"contentUrl\":\"https:\/\/www.invicta.fr\/wp-content\/uploads\/2019\/06\/INVICTALOGO_RVB.png\",\"width\":1810,\"height\":1280,\"caption\":\"Invicta\"},\"image\":{\"@id\":\"https:\/\/www.invicta.fr\/es\/#\/schema\/logo\/image\/\"}}]}<\/script>\n<!-- \/ Yoast SEO plugin. -->","yoast_head_json":{"title":"Chimenea 700 Gran \u00c1ngulo aleta - Invicta","description":"Esta nueva generaci\u00f3n de chimeneas est\u00e1 a la vanguardia del dise\u00f1o y la eficiencia. Su confort estar\u00e1 asegurado y su disfrute renovado.","robots":{"index":"index","follow":"follow","max-snippet":"max-snippet:-1","max-image-preview":"max-image-preview:large","max-video-preview":"max-video-preview:-1"},"canonical":"https:\/\/www.invicta.fr\/es\/produit\/chimenea-700-gran-angulo-aleta-2\/","og_locale":"es_ES","og_type":"article","og_title":"Chimenea 700 Gran \u00c1ngulo aleta - Invicta","og_description":"Esta nueva generaci\u00f3n de chimeneas est\u00e1 a la vanguardia del dise\u00f1o y la eficiencia. Su confort estar\u00e1 asegurado y su disfrute renovado.","og_url":"https:\/\/www.invicta.fr\/es\/produit\/chimenea-700-gran-angulo-aleta-2\/","og_site_name":"Invicta","article_modified_time":"2025-11-10T14:44:07+00:00","twitter_card":"summary_large_image","schema":{"@context":"https:\/\/schema.org","@graph":[{"@type":"WebPage","@id":"https:\/\/www.invicta.fr\/es\/produit\/chimenea-700-gran-angulo-aleta-2\/","url":"https:\/\/www.invicta.fr\/es\/produit\/chimenea-700-gran-angulo-aleta-2\/","name":"Chimenea 700 Gran \u00c1ngulo aleta - Invicta","isPartOf":{"@id":"https:\/\/www.invicta.fr\/es\/#website"},"primaryImageOfPage":{"@id":"https:\/\/www.invicta.fr\/es\/produit\/chimenea-700-gran-angulo-aleta-2\/#primaryimage"},"image":{"@id":"https:\/\/www.invicta.fr\/es\/produit\/chimenea-700-gran-angulo-aleta-2\/#primaryimage"},"thumbnailUrl":"https:\/\/www.invicta.fr\/wp-content\/uploads\/2019\/07\/P927073web.jpg","datePublished":"2025-11-10T14:26:00+00:00","dateModified":"2025-11-10T14:44:07+00:00","description":"Esta nueva generaci\u00f3n de chimeneas est\u00e1 a la vanguardia del dise\u00f1o y la eficiencia. Su confort estar\u00e1 asegurado y su disfrute renovado.","breadcrumb":{"@id":"https:\/\/www.invicta.fr\/es\/produit\/chimenea-700-gran-angulo-aleta-2\/#breadcrumb"},"inLanguage":"es","potentialAction":[{"@type":"ReadAction","target":["https:\/\/www.invicta.fr\/es\/produit\/chimenea-700-gran-angulo-aleta-2\/"]}]},{"@type":"ImageObject","inLanguage":"es","@id":"https:\/\/www.invicta.fr\/es\/produit\/chimenea-700-gran-angulo-aleta-2\/#primaryimage","url":"https:\/\/www.invicta.fr\/wp-content\/uploads\/2019\/07\/P927073web.jpg","contentUrl":"https:\/\/www.invicta.fr\/wp-content\/uploads\/2019\/07\/P927073web.jpg","width":800,"height":851,"caption":"Foyer pour chemin\u00e9es 700 grand angle Invicta"},{"@type":"BreadcrumbList","@id":"https:\/\/www.invicta.fr\/es\/produit\/chimenea-700-gran-angulo-aleta-2\/#breadcrumb","itemListElement":[{"@type":"ListItem","position":1,"name":"Inicio","item":"https:\/\/www.invicta.fr\/es\/"},{"@type":"ListItem","position":2,"name":"Productos","item":"https:\/\/www.invicta.fr\/es\/shop\/"},{"@type":"ListItem","position":3,"name":"Chimeneas e insertos","item":"https:\/\/www.invicta.fr\/es\/categorie-produit\/chemineas-insertos\/"},{"@type":"ListItem","position":4,"name":"Chimeneas de le\u00f1a","item":"https:\/\/www.invicta.fr\/es\/categorie-produit\/chemineas-insertos\/chimeneas-de-lena\/"},{"@type":"ListItem","position":5,"name":"Chimenea 700 Gran \u00c1ngulo aleta"}]},{"@type":"WebSite","@id":"https:\/\/www.invicta.fr\/es\/#website","url":"https:\/\/www.invicta.fr\/es\/","name":"Invicta","description":"Fabricant fran\u00e7ais, sp\u00e9cialiste europ\u00e9en du chauffage au bois : po\u00eales \u00e0 bois et \u00e0 granul\u00e9s, chemin\u00e9es, foyers et inserts","publisher":{"@id":"https:\/\/www.invicta.fr\/es\/#organization"},"potentialAction":[{"@type":"SearchAction","target":{"@type":"EntryPoint","urlTemplate":"https:\/\/www.invicta.fr\/es\/?s={search_term_string}"},"query-input":{"@type":"PropertyValueSpecification","valueRequired":true,"valueName":"search_term_string"}}],"inLanguage":"es"},{"@type":"Organization","@id":"https:\/\/www.invicta.fr\/es\/#organization","name":"Invicta","url":"https:\/\/www.invicta.fr\/es\/","logo":{"@type":"ImageObject","inLanguage":"es","@id":"https:\/\/www.invicta.fr\/es\/#\/schema\/logo\/image\/","url":"https:\/\/www.invicta.fr\/wp-content\/uploads\/2019\/06\/INVICTALOGO_RVB.png","contentUrl":"https:\/\/www.invicta.fr\/wp-content\/uploads\/2019\/06\/INVICTALOGO_RVB.png","width":1810,"height":1280,"caption":"Invicta"},"image":{"@id":"https:\/\/www.invicta.fr\/es\/#\/schema\/logo\/image\/"}}]}},"_links":{"self":[{"href":"https:\/\/www.invicta.fr\/es\/wp-json\/wp\/v2\/product\/69454","targetHints":{"allow":["GET"]}}],"collection":[{"href":"https:\/\/www.invicta.fr\/es\/wp-json\/wp\/v2\/product"}],"about":[{"href":"https:\/\/www.invicta.fr\/es\/wp-json\/wp\/v2\/types\/product"}],"wp:featuredmedia":[{"embeddable":true,"href":"https:\/\/www.invicta.fr\/es\/wp-json\/wp\/v2\/media\/63244"}],"wp:attachment":[{"href":"https:\/\/www.invicta.fr\/es\/wp-json\/wp\/v2\/media?parent=69454"}],"wp:term":[{"taxonomy":"product_brand","embeddable":true,"href":"https:\/\/www.invicta.fr\/es\/wp-json\/wp\/v2\/product_brand?post=69454"},{"taxonomy":"product_cat","embeddable":true,"href":"https:\/\/www.invicta.fr\/es\/wp-json\/wp\/v2\/product_cat?post=69454"},{"taxonomy":"product_tag","embeddable":true,"href":"https:\/\/www.invicta.fr\/es\/wp-json\/wp\/v2\/product_tag?post=69454"},{"taxonomy":"plus_produit","embeddable":true,"href":"https:\/\/www.invicta.fr\/es\/wp-json\/wp\/v2\/plus_produit?post=69454"}],"curies":[{"name":"wp","href":"https:\/\/api.w.org\/{rel}","templated":true}]}}